{"id":9736,"date":"2024-09-18T14:18:31","date_gmt":"2024-09-18T12:18:31","guid":{"rendered":"https:\/\/barnafrid.se\/kunskapsportal\/?page_id=9736"},"modified":"2025-06-25T13:53:12","modified_gmt":"2025-06-25T11:53:12","slug":"barn-och-unga-med-sexuella-beteendeproblem","status":"publish","type":"page","link":"https:\/\/barnafrid.se\/kunskapsportal\/barn-och-unga-med-sexuella-beteendeproblem\/","title":{"rendered":"Barn och unga med sexuella beteendeproblem"},"content":{"rendered":"<div class=\"Hero\">\n    <div class=\"Hero-outerContainer\">\n        <div class=\"Hero-innerContainer\">\n            <div class=\"HeroContent\">\n                <h1 class=\"Hero-title\">Barn och unga med sexuella beteendeproblem<\/h1>\n                <div class=\"Hero-intro\">\n                    V\u00e4lkommen till utbildningen som ger dig kunskap, f\u00e4rdigheter och processt\u00f6d <br>f\u00f6r att f\u00f6rst\u00e5 och agera vid sexuella beteendeproblem hos barn och ungdomar.<br><br>                <\/div>\n                <div class=\"HeroLinks\">\n                                                    <p class=\"HeroLinks-right\">\n                        <a href=\"https:\/\/barnafrid.se\/kunskapsportal\/wp-login.php?action=register&#038;redirect_to=https:\/\/barnafrid.se\/kunskapsportal\/kurs\/barn-och-unga-med-sexuella-beteendeproblem\/\" class=\"Button Button--alt\">G\u00e5 till utbildningen<\/a>\n                    <\/p>\n                                <\/div>\n            <\/div>\n\n                <div class=\"HeroIllustration\"  style=\"max-width: 300px\" >\n\n                <img loading=\"lazy\" decoding=\"async\" width=\"840\" height=\"909\" src=\"https:\/\/barnafrid.se\/kunskapsportal\/wp-content\/uploads\/2025\/03\/puffbild-spb.png\" class=\"HeroIllustration-image\" alt=\"Illustration av ton\u00e5rspojke i hatt, han tittar ned\u00e5t\" srcset=\"https:\/\/barnafrid.se\/kunskapsportal\/wp-content\/uploads\/2025\/03\/puffbild-spb.png 840w, https:\/\/barnafrid.se\/kunskapsportal\/wp-content\/uploads\/2025\/03\/puffbild-spb-277x300.png 277w, https:\/\/barnafrid.se\/kunskapsportal\/wp-content\/uploads\/2025\/03\/puffbild-spb-768x831.png 768w\" sizes=\"auto, (max-width: 840px) 100vw, 840px\" \/>            <\/div>\n        <\/div>\n\n    <\/div>\n<\/div>\n\n\n<section class=\"ArticleSection \">\n  \n\n<p><em>Just nu p\u00e5g\u00e5r en revidering av Barnafrids digitala webbutbildningar. I och med den nya socialtj\u00e4nstlagen som tr\u00e4der i kraft 1 juli 2025 kommer vissa lagh\u00e4nvisningar i utbildningarna peka mot den tidigare lagstiftningen.\u00a0<a href=\"https:\/\/barnafrid.se\/kunskapsportal\/wp-content\/uploads\/2025\/06\/jamforelse_nuvarande_nya_sol.pdf\" target=\"_blank\" rel=\"noreferrer noopener\">H\u00e4r kan du ladda ner en tabell med de nya lagh\u00e4nvisningarna j\u00e4mf\u00f6rt med de \u00e4ldre.<\/a><\/em><\/p>\n\n\n\n<h2 class=\"wp-block-heading\">V\u00e4lkommen!<\/h2>\n\n\n\n<p>V\u00e4lkommen till utbildningen <em>Barn och unga med sexuella beteendeproblem,<\/em> f\u00f6r dig som arbetar inom h\u00e4lso- och sjukv\u00e5rd, socialtj\u00e4nsten och barnahus. Utbildningen \u00e4r \u00e4ven till f\u00f6r dig som arbetar inom andra offentliga eller privata institutioner inklusive SiS (statens institutionsstyrelse) s\u00e4rskilda ungdomshem och elevh\u00e4lsa, f\u00f6rskola eller skola samt r\u00e4ttsv\u00e4sendet.&nbsp;&nbsp;<\/p>\n\n\n\n<p>Den h\u00e4r utbildningen syftar till att ge dig kunskap, f\u00e4rdigheter och processt\u00f6d f\u00f6r att f\u00f6rst\u00e5 och agera vid sexuella beteendeproblem hos barn och ungdomar. Inneh\u00e5llet bygger p\u00e5 forskningsbaserade kunskapsst\u00f6d, evidensbaserade metoder och rekommenderade arbetss\u00e4tt f\u00f6r att f\u00f6rebygga, samverka och handl\u00e4gga \u00e4renden som r\u00f6r sexuella beteendeproblem.&nbsp;&nbsp;<\/p>\n\n\n\n<p><\/p>\n\n<\/section>\n\n\n<section class=\"ArticleSection \">\n  \n<div class=\"Step\">\n    <div class=\"Step-illustration\">\n        <img loading=\"lazy\" decoding=\"async\" width=\"2014\" height=\"1650\" src=\"https:\/\/barnafrid.se\/kunskapsportal\/wp-content\/uploads\/2024\/09\/laptop.png\" class=\"Step-image\" alt=\"\" srcset=\"https:\/\/barnafrid.se\/kunskapsportal\/wp-content\/uploads\/2024\/09\/laptop.png 2014w, https:\/\/barnafrid.se\/kunskapsportal\/wp-content\/uploads\/2024\/09\/laptop-300x246.png 300w, https:\/\/barnafrid.se\/kunskapsportal\/wp-content\/uploads\/2024\/09\/laptop-1024x839.png 1024w, https:\/\/barnafrid.se\/kunskapsportal\/wp-content\/uploads\/2024\/09\/laptop-768x629.png 768w, https:\/\/barnafrid.se\/kunskapsportal\/wp-content\/uploads\/2024\/09\/laptop-1536x1258.png 1536w\" sizes=\"auto, (max-width: 2014px) 100vw, 2014px\" \/>    <\/div>\n    <div class=\"Step-content\">\n        <h3 class=\"Step-title\">1. Registrera dig som anv\u00e4ndare.<\/h3>\n        <p class=\"Step-text\">F\u00f6r att kunna ta del av utbildningen beh\u00f6ver du registrera dig och v\u00e4lja l\u00f6senord. Har du ett konto till n\u00e5gon av Barnafrids andra utbildningar, anv\u00e4nd det. D\u00e4refter kan du logga in n\u00e4r det passar dig och fr\u00e5n vilken dator, l\u00e4splatta eller mobiltelefon du vill.<\/p>\n    <\/div>\n<\/div>\n\n\n<div class=\"Step\">\n    <div class=\"Step-illustration\">\n        <img loading=\"lazy\" decoding=\"async\" width=\"3000\" height=\"3000\" src=\"https:\/\/barnafrid.se\/kunskapsportal\/wp-content\/uploads\/2024\/09\/kille_som_kollar_ner_i_telefonen.png\" class=\"Step-image\" alt=\"\" srcset=\"https:\/\/barnafrid.se\/kunskapsportal\/wp-content\/uploads\/2024\/09\/kille_som_kollar_ner_i_telefonen.png 3000w, https:\/\/barnafrid.se\/kunskapsportal\/wp-content\/uploads\/2024\/09\/kille_som_kollar_ner_i_telefonen-300x300.png 300w, https:\/\/barnafrid.se\/kunskapsportal\/wp-content\/uploads\/2024\/09\/kille_som_kollar_ner_i_telefonen-1024x1024.png 1024w, https:\/\/barnafrid.se\/kunskapsportal\/wp-content\/uploads\/2024\/09\/kille_som_kollar_ner_i_telefonen-150x150.png 150w, https:\/\/barnafrid.se\/kunskapsportal\/wp-content\/uploads\/2024\/09\/kille_som_kollar_ner_i_telefonen-768x768.png 768w, https:\/\/barnafrid.se\/kunskapsportal\/wp-content\/uploads\/2024\/09\/kille_som_kollar_ner_i_telefonen-1536x1536.png 1536w, https:\/\/barnafrid.se\/kunskapsportal\/wp-content\/uploads\/2024\/09\/kille_som_kollar_ner_i_telefonen-2048x2048.png 2048w\" sizes=\"auto, (max-width: 3000px) 100vw, 3000px\" \/>    <\/div>\n    <div class=\"Step-content\">\n        <h3 class=\"Step-title\">2. G\u00e5 utbildningen \u2013 i din egen takt.<\/h3>\n        <p class=\"Step-text\">Utbildningen \u00e4r uppdelad i tv\u00e5 delar. F\u00f6rst en gemensam grund, d\u00e4refter kan du v\u00e4lja f\u00f6rdjupningssp\u00e5r utifr\u00e5n den verksamhet du arbetar i. Du kan n\u00e4r som helst avsluta f\u00f6r att forts\u00e4tta d\u00e4r du slutade vid ett senare tillf\u00e4lle. <\/p>\n    <\/div>\n<\/div>\n\n<\/section>\n\n\n<section class=\"ArticleSection \">\n      <h2 class=\"ArticleSection-title\" id=\"om-barnafrid\">\n      Om Barnafrid    <\/h2>\n    \n\n<p>Barnafrid \u00e4r ett nationellt kunskapscentrum med uppdrag att samla och sprida kunskap om v\u00e5ld och andra \u00f6vergrepp mot barn. Det \u00e4r ett regeringsuppdrag som tilldelades Link\u00f6pings universitet under 2015 och finns placerat p\u00e5 Institutionen f\u00f6r klinisk och experimentell medicin p\u00e5 Campus US i Link\u00f6ping.<\/p>\n\n\n\n<p>Barnafrid riktar sig till yrkesverksamma eller andra som p\u00e5 olika s\u00e4tt m\u00f6ter barn och unga. Barnafrid vill ocks\u00e5 n\u00e5 beslutsfattare inom politiken eller myndigheter liksom andra som arbetar med fr\u00e5gor som r\u00f6r unga.<\/p>\n\n<\/section>\n\n\n\n<p><\/p>\n","protected":false},"excerpt":{"rendered":"","protected":false},"author":10518,"featured_media":0,"parent":0,"menu_order":0,"comment_status":"closed","ping_status":"closed","template":"page-course-start.php","meta":{"h5ap_radio_sources":[],"footnotes":""},"role":[],"class_list":["post-9736","page","type-page","status-publish","hentry"],"yoast_head":"<!-- This site is optimized with the Yoast SEO plugin v27.5 - https:\/\/yoast.com\/product\/yoast-seo-wordpress\/ -->\n<title>Barn och unga med sexuella beteendeproblem - Barnafrid<\/title>\n<meta name=\"robots\" content=\"index, follow, max-snippet:-1, max-image-preview:large, max-video-preview:-1\" \/>\n<link rel=\"canonical\" href=\"https:\/\/barnafrid.se\/kunskapsportal\/barn-och-unga-med-sexuella-beteendeproblem\/\" \/>\n<meta property=\"og:locale\" content=\"sv_SE\" \/>\n<meta property=\"og:type\" content=\"article\" \/>\n<meta property=\"og:title\" content=\"Barn och unga med sexuella beteendeproblem - Barnafrid\" \/>\n<meta property=\"og:url\" content=\"https:\/\/barnafrid.se\/kunskapsportal\/barn-och-unga-med-sexuella-beteendeproblem\/\" \/>\n<meta property=\"og:site_name\" content=\"Barnafrid\" \/>\n<meta property=\"article:modified_time\" content=\"2025-06-25T11:53:12+00:00\" \/>\n<meta name=\"twitter:card\" content=\"summary_large_image\" \/>\n<meta name=\"twitter:label1\" content=\"Ber\u00e4knad l\u00e4stid\" \/>\n\t<meta name=\"twitter:data1\" content=\"2 minuter\" \/>\n<script type=\"application\/ld+json\" class=\"yoast-schema-graph\">{\"@context\":\"https:\\\/\\\/schema.org\",\"@graph\":[{\"@type\":\"WebPage\",\"@id\":\"https:\\\/\\\/barnafrid.se\\\/kunskapsportal\\\/barn-och-unga-med-sexuella-beteendeproblem\\\/\",\"url\":\"https:\\\/\\\/barnafrid.se\\\/kunskapsportal\\\/barn-och-unga-med-sexuella-beteendeproblem\\\/\",\"name\":\"Barn och unga med sexuella beteendeproblem - Barnafrid\",\"isPartOf\":{\"@id\":\"https:\\\/\\\/barnafrid.se\\\/kunskapsportal\\\/#website\"},\"datePublished\":\"2024-09-18T12:18:31+00:00\",\"dateModified\":\"2025-06-25T11:53:12+00:00\",\"breadcrumb\":{\"@id\":\"https:\\\/\\\/barnafrid.se\\\/kunskapsportal\\\/barn-och-unga-med-sexuella-beteendeproblem\\\/#breadcrumb\"},\"inLanguage\":\"sv-SE\",\"potentialAction\":[{\"@type\":\"ReadAction\",\"target\":[\"https:\\\/\\\/barnafrid.se\\\/kunskapsportal\\\/barn-och-unga-med-sexuella-beteendeproblem\\\/\"]}]},{\"@type\":\"BreadcrumbList\",\"@id\":\"https:\\\/\\\/barnafrid.se\\\/kunskapsportal\\\/barn-och-unga-med-sexuella-beteendeproblem\\\/#breadcrumb\",\"itemListElement\":[{\"@type\":\"ListItem\",\"position\":1,\"name\":\"Home\",\"item\":\"https:\\\/\\\/barnafrid.se\\\/kunskapsportal\\\/\"},{\"@type\":\"ListItem\",\"position\":2,\"name\":\"Barn och unga med sexuella beteendeproblem\"}]},{\"@type\":\"WebSite\",\"@id\":\"https:\\\/\\\/barnafrid.se\\\/kunskapsportal\\\/#website\",\"url\":\"https:\\\/\\\/barnafrid.se\\\/kunskapsportal\\\/\",\"name\":\"Barnafrid\",\"description\":\"Kunskapsportal om v\u00e5ld mot barn\",\"potentialAction\":[{\"@type\":\"SearchAction\",\"target\":{\"@type\":\"EntryPoint\",\"urlTemplate\":\"https:\\\/\\\/barnafrid.se\\\/kunskapsportal\\\/?s={search_term_string}\"},\"query-input\":{\"@type\":\"PropertyValueSpecification\",\"valueRequired\":true,\"valueName\":\"search_term_string\"}}],\"inLanguage\":\"sv-SE\"}]}<\/script>\n<!-- \/ Yoast SEO plugin. -->","yoast_head_json":{"title":"Barn och unga med sexuella beteendeproblem - Barnafrid","robots":{"index":"index","follow":"follow","max-snippet":"max-snippet:-1","max-image-preview":"max-image-preview:large","max-video-preview":"max-video-preview:-1"},"canonical":"https:\/\/barnafrid.se\/kunskapsportal\/barn-och-unga-med-sexuella-beteendeproblem\/","og_locale":"sv_SE","og_type":"article","og_title":"Barn och unga med sexuella beteendeproblem - Barnafrid","og_url":"https:\/\/barnafrid.se\/kunskapsportal\/barn-och-unga-med-sexuella-beteendeproblem\/","og_site_name":"Barnafrid","article_modified_time":"2025-06-25T11:53:12+00:00","twitter_card":"summary_large_image","twitter_misc":{"Ber\u00e4knad l\u00e4stid":"2 minuter"},"schema":{"@context":"https:\/\/schema.org","@graph":[{"@type":"WebPage","@id":"https:\/\/barnafrid.se\/kunskapsportal\/barn-och-unga-med-sexuella-beteendeproblem\/","url":"https:\/\/barnafrid.se\/kunskapsportal\/barn-och-unga-med-sexuella-beteendeproblem\/","name":"Barn och unga med sexuella beteendeproblem - Barnafrid","isPartOf":{"@id":"https:\/\/barnafrid.se\/kunskapsportal\/#website"},"datePublished":"2024-09-18T12:18:31+00:00","dateModified":"2025-06-25T11:53:12+00:00","breadcrumb":{"@id":"https:\/\/barnafrid.se\/kunskapsportal\/barn-och-unga-med-sexuella-beteendeproblem\/#breadcrumb"},"inLanguage":"sv-SE","potentialAction":[{"@type":"ReadAction","target":["https:\/\/barnafrid.se\/kunskapsportal\/barn-och-unga-med-sexuella-beteendeproblem\/"]}]},{"@type":"BreadcrumbList","@id":"https:\/\/barnafrid.se\/kunskapsportal\/barn-och-unga-med-sexuella-beteendeproblem\/#breadcrumb","itemListElement":[{"@type":"ListItem","position":1,"name":"Home","item":"https:\/\/barnafrid.se\/kunskapsportal\/"},{"@type":"ListItem","position":2,"name":"Barn och unga med sexuella beteendeproblem"}]},{"@type":"WebSite","@id":"https:\/\/barnafrid.se\/kunskapsportal\/#website","url":"https:\/\/barnafrid.se\/kunskapsportal\/","name":"Barnafrid","description":"Kunskapsportal om v\u00e5ld mot barn","potentialAction":[{"@type":"SearchAction","target":{"@type":"EntryPoint","urlTemplate":"https:\/\/barnafrid.se\/kunskapsportal\/?s={search_term_string}"},"query-input":{"@type":"PropertyValueSpecification","valueRequired":true,"valueName":"search_term_string"}}],"inLanguage":"sv-SE"}]}},"_links":{"self":[{"href":"https:\/\/barnafrid.se\/kunskapsportal\/wp-json\/wp\/v2\/pages\/9736","targetHints":{"allow":["GET"]}}],"collection":[{"href":"https:\/\/barnafrid.se\/kunskapsportal\/wp-json\/wp\/v2\/pages"}],"about":[{"href":"https:\/\/barnafrid.se\/kunskapsportal\/wp-json\/wp\/v2\/types\/page"}],"author":[{"embeddable":true,"href":"https:\/\/barnafrid.se\/kunskapsportal\/wp-json\/wp\/v2\/users\/10518"}],"replies":[{"embeddable":true,"href":"https:\/\/barnafrid.se\/kunskapsportal\/wp-json\/wp\/v2\/comments?post=9736"}],"version-history":[{"count":15,"href":"https:\/\/barnafrid.se\/kunskapsportal\/wp-json\/wp\/v2\/pages\/9736\/revisions"}],"predecessor-version":[{"id":15849,"href":"https:\/\/barnafrid.se\/kunskapsportal\/wp-json\/wp\/v2\/pages\/9736\/revisions\/15849"}],"wp:attachment":[{"href":"https:\/\/barnafrid.se\/kunskapsportal\/wp-json\/wp\/v2\/media?parent=9736"}],"wp:term":[{"taxonomy":"role","embeddable":true,"href":"https:\/\/barnafrid.se\/kunskapsportal\/wp-json\/wp\/v2\/role?post=9736"}],"curies":[{"name":"wp","href":"https:\/\/api.w.org\/{rel}","templated":true}]}}