{"id":9322,"date":"2024-06-24T15:47:24","date_gmt":"2024-06-24T13:47:24","guid":{"rendered":"https:\/\/barnafrid.se\/kunskapsportal\/?page_id=9322"},"modified":"2025-05-23T10:28:20","modified_gmt":"2025-05-23T08:28:20","slug":"kodning-av-barnmisshandel-och-forsummelse-mot-barn","status":"publish","type":"page","link":"https:\/\/barnafrid.se\/kunskapsportal\/kodning-av-barnmisshandel-och-forsummelse-mot-barn\/","title":{"rendered":"Kodning av barnmisshandel och f\u00f6rsummelse mot barn"},"content":{"rendered":"<div class='Lead'>\n    <p>V\u00e4lkommen till kursen &#8221;Kodning av barnmisshandel och f\u00f6rsummelse mot barn&#8221;!<\/p><\/div>\n\n\n<section class=\"ArticleSection \">\n  \n\n<p>Den h\u00e4r kursen handlar om kodning av barnmisshandel och f\u00f6rsummelse inom h\u00e4lso- och sjukv\u00e5rden. Kursen t\u00e4cker nyanser i kodning f\u00f6r barnmisshandel, juridiska grunder och strategier f\u00f6r att involvera barn och f\u00f6r\u00e4ldrar i medicinska beslut. Du f\u00e5r ocks\u00e5 till\u00e4mpa dina nya kunskaper i en fallstudie.<\/p>\n\n\n\n<h2 class=\"wp-block-heading\">M\u00e5lgrupp<\/h2>\n\n\n\n<p>Kursen \u00e4r skr\u00e4ddarsydd f\u00f6r nyckelpersoner som arbetar med dokumentation och kodning inom barnsjukv\u00e5rden, s\u00e5som barnl\u00e4kare, akutl\u00e4kare, barnkirurger, barn- och ungdomspsykiatriker, barnsjuksk\u00f6terskor och v\u00e5rdadministrat\u00f6rer.<\/p>\n\n\n\n<h2 class=\"wp-block-heading\">Kom ig\u00e5ng<\/h2>\n\n\n\n<h3 class=\"wp-block-heading\">Skapa ett anv\u00e4ndarkonto p\u00e5 Kunskapsportalen<\/h3>\n\n\n\n<p>F\u00f6r att delta beh\u00f6ver du f\u00f6rst registrera ett kostnadsfritt konto p\u00e5 Barnafrids kunskapsportal. Det g\u00f6r du genom att klicka p\u00e5 knappen &#8221;Genomf\u00f6r kursen&#8221;. Har du ett anv\u00e4ndarkonto sedan tidigare loggar du i st\u00e4llet in med dina inloggningsuppgifter.<\/p>\n\n\n\n<figure class=\"Image alignleft size-medium\"><img loading=\"lazy\" decoding=\"async\" width=\"300\" height=\"246\" src=\"\/kunskapsportal\/wp-content\/uploads\/2024\/09\/laptop-300x246.png\" alt=\"\" class=\"Image-img wp-image-14440\" srcset=\"https:\/\/barnafrid.se\/kunskapsportal\/wp-content\/uploads\/2024\/09\/laptop-300x246.png 300w, https:\/\/barnafrid.se\/kunskapsportal\/wp-content\/uploads\/2024\/09\/laptop-1024x839.png 1024w, https:\/\/barnafrid.se\/kunskapsportal\/wp-content\/uploads\/2024\/09\/laptop-768x629.png 768w, https:\/\/barnafrid.se\/kunskapsportal\/wp-content\/uploads\/2024\/09\/laptop-1536x1258.png 1536w, https:\/\/barnafrid.se\/kunskapsportal\/wp-content\/uploads\/2024\/09\/laptop.png 2014w\" sizes=\"auto, (max-width: 300px) 100vw, 300px\" \/><\/figure>\n\n\n\n<h3 class=\"wp-block-heading\">Genomf\u00f6r kursen<\/h3>\n\n\n\n<p>Kursen omfattar fem kapitel, inklusive en fallstudie: <\/p>\n\n\n\n<ul class=\"List\">\n<li class=\"List-item\">Betydelse, validitet och tillf\u00f6rlitlighet f\u00f6r kodning av barnmisshandel inom h\u00e4lso-och sjukv\u00e5rdssektorn<\/li>\n\n\n\n<li class=\"List-item\">Kodning av \u00f6vergrepp mot barn enligt ICD-11 och skillnader j\u00e4mf\u00f6rt med ICD-10<\/li>\n\n\n\n<li class=\"List-item\">Utmaningar n\u00e4r det g\u00e4ller tillf\u00f6rlitlig kodning av \u00f6vergrepp och f\u00f6rsummelse mot barn<\/li>\n\n\n\n<li class=\"List-item\">Kvalitetsf\u00f6rb\u00e4ttring<\/li>\n\n\n\n<li class=\"List-item\">Fallstudie<\/li>\n<\/ul>\n\n\n\n<p>Tids\u00e5tg\u00e5ngen f\u00f6r kursen i sin helhet \u00e4r ber\u00e4knad till 2\u20133 timmar. \u00d6nskar du ett intyg efter genomf\u00f6rd kurs kan du ladda ned det genom att g\u00e5 in p\u00e5 ditt konto i den svarta topplisten och v\u00e4lja &#8221;Mina intyg&#8221;.<\/p>\n\n\n\n<h3 class=\"wp-block-heading\">Vi v\u00e4lkomnar din feedback!<\/h3>\n\n\n\n<p>N\u00e4r du har slutf\u00f6rt kursen f\u00e5r du ett mejl med en utv\u00e4rderingsenk\u00e4t till den e-postadress du har anv\u00e4nt vid registreringen. Vi v\u00e4rdes\u00e4tter dina tankar och synpunkter p\u00e5 kursen i v\u00e5rt f\u00f6rb\u00e4ttringsarbete!<\/p>\n\n\n\n<figure class=\"Image size-thumbnail\"><img loading=\"lazy\" decoding=\"async\" width=\"150\" height=\"150\" src=\"https:\/\/barnafrid.se\/kunskapsportal\/wp-content\/uploads\/2025\/01\/hjarta-plaster-1-150x150.png\" alt=\"Rosa hj\u00e4rta med tv\u00e5 pl\u00e5ster som bildar ett kors.\" class=\"Image-img wp-image-13256\"\/><\/figure>\n\n\n\n<p><\/p>\n\n\n\n<h2 class=\"wp-block-heading\">Finansiering<\/h2>\n\n\n\n<p>Kursen \u00e4r framtagen inom ett projektet finansierat av Europeiska unionens DAPHNE-program (CERV-2022-DAPHNE-projektet TICANDAC, projektnummer 101096768).<\/p>\n\n\n\n<figure class=\"Image size-medium\"><img loading=\"lazy\" decoding=\"async\" width=\"300\" height=\"67\" src=\"https:\/\/barnafrid.se\/kunskapsportal\/wp-content\/uploads\/2024\/06\/sv_fundedbytheeu_rgb_pos-1-300x67.png\" alt=\"\" class=\"Image-img wp-image-9353\" srcset=\"https:\/\/barnafrid.se\/kunskapsportal\/wp-content\/uploads\/2024\/06\/sv_fundedbytheeu_rgb_pos-1-300x67.png 300w, https:\/\/barnafrid.se\/kunskapsportal\/wp-content\/uploads\/2024\/06\/sv_fundedbytheeu_rgb_pos-1-1024x227.png 1024w, https:\/\/barnafrid.se\/kunskapsportal\/wp-content\/uploads\/2024\/06\/sv_fundedbytheeu_rgb_pos-1-768x170.png 768w, https:\/\/barnafrid.se\/kunskapsportal\/wp-content\/uploads\/2024\/06\/sv_fundedbytheeu_rgb_pos-1-1536x341.png 1536w, https:\/\/barnafrid.se\/kunskapsportal\/wp-content\/uploads\/2024\/06\/sv_fundedbytheeu_rgb_pos-1-2048x454.png 2048w\" sizes=\"auto, (max-width: 300px) 100vw, 300px\" \/><\/figure>\n\n<\/section>\n\n\n<div class=\"Hero\">\n    <div class=\"Hero-outerContainer\">\n        <div class=\"Hero-innerContainer\">\n            <div class=\"HeroContent\">\n                <h1 class=\"Hero-title\">Kodning av barnmisshandel och f\u00f6rsummelse mot barn<\/h1>\n                <div class=\"Hero-intro\">\n                    <p>Den h\u00e4r kursen \u00e4r framtagen f\u00f6r att st\u00f6dja v\u00e5rdpersonal i arbetet med att dokumentera och koda fall av barnmisshandel och f\u00f6rsummelse. Med den 11:e upplagan av International Classification of Diseases (ICD-11) blir det m\u00f6jligt att g\u00f6ra detta med \u00e4nnu st\u00f6rre precision och tydlighet.<\/p>                <\/div>\n                <div class=\"HeroLinks\">\n                                                    <p class=\"HeroLinks-right\">\n                        <a href=\"https:\/\/barnafrid.se\/kunskapsportal\/wp-login.php?action=register\" class=\"Button Button--alt\">Genomf\u00f6r kursen<\/a>\n                    <\/p>\n                                <\/div>\n            <\/div>\n\n                <div class=\"HeroIllustration\" >\n\n                <img loading=\"lazy\" decoding=\"async\" width=\"1024\" height=\"992\" src=\"https:\/\/barnafrid.se\/kunskapsportal\/wp-content\/uploads\/2025\/04\/barnlakare_ticandac-1024x992.png\" class=\"HeroIllustration-image\" alt=\"L\u00e4kare som unders\u00f6ker ett litet barn med ett stetoskop.\" srcset=\"https:\/\/barnafrid.se\/kunskapsportal\/wp-content\/uploads\/2025\/04\/barnlakare_ticandac-1024x992.png 1024w, https:\/\/barnafrid.se\/kunskapsportal\/wp-content\/uploads\/2025\/04\/barnlakare_ticandac-300x291.png 300w, https:\/\/barnafrid.se\/kunskapsportal\/wp-content\/uploads\/2025\/04\/barnlakare_ticandac-768x744.png 768w, https:\/\/barnafrid.se\/kunskapsportal\/wp-content\/uploads\/2025\/04\/barnlakare_ticandac.png 1112w\" sizes=\"auto, (max-width: 1024px) 100vw, 1024px\" \/>            <\/div>\n        <\/div>\n\n    <\/div>\n<\/div>\n","protected":false},"excerpt":{"rendered":"","protected":false},"author":26405,"featured_media":0,"parent":0,"menu_order":0,"comment_status":"closed","ping_status":"closed","template":"page-course-start.php","meta":{"h5ap_radio_sources":[],"footnotes":""},"role":[52],"class_list":["post-9322","page","type-page","status-publish","hentry","role-halso-och-sjukvard"],"yoast_head":"<!-- This site is optimized with the Yoast SEO plugin v27.3 - https:\/\/yoast.com\/product\/yoast-seo-wordpress\/ -->\n<title>Kodning av barnmisshandel och f\u00f6rsummelse mot barn - Barnafrid<\/title>\n<meta name=\"robots\" content=\"index, follow, max-snippet:-1, max-image-preview:large, max-video-preview:-1\" \/>\n<link rel=\"canonical\" href=\"https:\/\/barnafrid.se\/kunskapsportal\/kodning-av-barnmisshandel-och-forsummelse-mot-barn\/\" \/>\n<meta property=\"og:locale\" content=\"sv_SE\" \/>\n<meta property=\"og:type\" content=\"article\" \/>\n<meta property=\"og:title\" content=\"Kodning av barnmisshandel och f\u00f6rsummelse mot barn - Barnafrid\" \/>\n<meta property=\"og:url\" content=\"https:\/\/barnafrid.se\/kunskapsportal\/kodning-av-barnmisshandel-och-forsummelse-mot-barn\/\" \/>\n<meta property=\"og:site_name\" content=\"Barnafrid\" \/>\n<meta property=\"article:modified_time\" content=\"2025-05-23T08:28:20+00:00\" \/>\n<meta property=\"og:image\" content=\"https:\/\/barnafrid.se\/kunskapsportal\/wp-content\/uploads\/2025\/01\/hjarta-plaster-1-150x150.png\" \/>\n<meta name=\"twitter:card\" content=\"summary_large_image\" \/>\n<meta name=\"twitter:label1\" content=\"Ber\u00e4knad l\u00e4stid\" \/>\n\t<meta name=\"twitter:data1\" content=\"2 minuter\" \/>\n<script type=\"application\/ld+json\" class=\"yoast-schema-graph\">{\"@context\":\"https:\\\/\\\/schema.org\",\"@graph\":[{\"@type\":\"WebPage\",\"@id\":\"https:\\\/\\\/barnafrid.se\\\/kunskapsportal\\\/kodning-av-barnmisshandel-och-forsummelse-mot-barn\\\/\",\"url\":\"https:\\\/\\\/barnafrid.se\\\/kunskapsportal\\\/kodning-av-barnmisshandel-och-forsummelse-mot-barn\\\/\",\"name\":\"Kodning av barnmisshandel och f\u00f6rsummelse mot barn - Barnafrid\",\"isPartOf\":{\"@id\":\"https:\\\/\\\/barnafrid.se\\\/kunskapsportal\\\/#website\"},\"primaryImageOfPage\":{\"@id\":\"https:\\\/\\\/barnafrid.se\\\/kunskapsportal\\\/kodning-av-barnmisshandel-och-forsummelse-mot-barn\\\/#primaryimage\"},\"image\":{\"@id\":\"https:\\\/\\\/barnafrid.se\\\/kunskapsportal\\\/kodning-av-barnmisshandel-och-forsummelse-mot-barn\\\/#primaryimage\"},\"thumbnailUrl\":\"https:\\\/\\\/barnafrid.se\\\/kunskapsportal\\\/wp-content\\\/uploads\\\/2025\\\/01\\\/hjarta-plaster-1-150x150.png\",\"datePublished\":\"2024-06-24T13:47:24+00:00\",\"dateModified\":\"2025-05-23T08:28:20+00:00\",\"breadcrumb\":{\"@id\":\"https:\\\/\\\/barnafrid.se\\\/kunskapsportal\\\/kodning-av-barnmisshandel-och-forsummelse-mot-barn\\\/#breadcrumb\"},\"inLanguage\":\"sv-SE\",\"potentialAction\":[{\"@type\":\"ReadAction\",\"target\":[\"https:\\\/\\\/barnafrid.se\\\/kunskapsportal\\\/kodning-av-barnmisshandel-och-forsummelse-mot-barn\\\/\"]}]},{\"@type\":\"ImageObject\",\"inLanguage\":\"sv-SE\",\"@id\":\"https:\\\/\\\/barnafrid.se\\\/kunskapsportal\\\/kodning-av-barnmisshandel-och-forsummelse-mot-barn\\\/#primaryimage\",\"url\":\"https:\\\/\\\/barnafrid.se\\\/kunskapsportal\\\/wp-content\\\/uploads\\\/2025\\\/01\\\/hjarta-plaster-1.png\",\"contentUrl\":\"https:\\\/\\\/barnafrid.se\\\/kunskapsportal\\\/wp-content\\\/uploads\\\/2025\\\/01\\\/hjarta-plaster-1.png\",\"width\":5137,\"height\":4845,\"caption\":\"Rosa hj\u00e4rta med tv\u00e5 pl\u00e5ster som bildar ett kors.\"},{\"@type\":\"BreadcrumbList\",\"@id\":\"https:\\\/\\\/barnafrid.se\\\/kunskapsportal\\\/kodning-av-barnmisshandel-och-forsummelse-mot-barn\\\/#breadcrumb\",\"itemListElement\":[{\"@type\":\"ListItem\",\"position\":1,\"name\":\"Home\",\"item\":\"https:\\\/\\\/barnafrid.se\\\/kunskapsportal\\\/\"},{\"@type\":\"ListItem\",\"position\":2,\"name\":\"Kodning av barnmisshandel och f\u00f6rsummelse mot barn\"}]},{\"@type\":\"WebSite\",\"@id\":\"https:\\\/\\\/barnafrid.se\\\/kunskapsportal\\\/#website\",\"url\":\"https:\\\/\\\/barnafrid.se\\\/kunskapsportal\\\/\",\"name\":\"Barnafrid\",\"description\":\"Kunskapsportal om v\u00e5ld mot barn\",\"potentialAction\":[{\"@type\":\"SearchAction\",\"target\":{\"@type\":\"EntryPoint\",\"urlTemplate\":\"https:\\\/\\\/barnafrid.se\\\/kunskapsportal\\\/?s={search_term_string}\"},\"query-input\":{\"@type\":\"PropertyValueSpecification\",\"valueRequired\":true,\"valueName\":\"search_term_string\"}}],\"inLanguage\":\"sv-SE\"}]}<\/script>\n<!-- \/ Yoast SEO plugin. -->","yoast_head_json":{"title":"Kodning av barnmisshandel och f\u00f6rsummelse mot barn - Barnafrid","robots":{"index":"index","follow":"follow","max-snippet":"max-snippet:-1","max-image-preview":"max-image-preview:large","max-video-preview":"max-video-preview:-1"},"canonical":"https:\/\/barnafrid.se\/kunskapsportal\/kodning-av-barnmisshandel-och-forsummelse-mot-barn\/","og_locale":"sv_SE","og_type":"article","og_title":"Kodning av barnmisshandel och f\u00f6rsummelse mot barn - Barnafrid","og_url":"https:\/\/barnafrid.se\/kunskapsportal\/kodning-av-barnmisshandel-och-forsummelse-mot-barn\/","og_site_name":"Barnafrid","article_modified_time":"2025-05-23T08:28:20+00:00","og_image":[{"url":"https:\/\/barnafrid.se\/kunskapsportal\/wp-content\/uploads\/2025\/01\/hjarta-plaster-1-150x150.png","type":"","width":"","height":""}],"twitter_card":"summary_large_image","twitter_misc":{"Ber\u00e4knad l\u00e4stid":"2 minuter"},"schema":{"@context":"https:\/\/schema.org","@graph":[{"@type":"WebPage","@id":"https:\/\/barnafrid.se\/kunskapsportal\/kodning-av-barnmisshandel-och-forsummelse-mot-barn\/","url":"https:\/\/barnafrid.se\/kunskapsportal\/kodning-av-barnmisshandel-och-forsummelse-mot-barn\/","name":"Kodning av barnmisshandel och f\u00f6rsummelse mot barn - Barnafrid","isPartOf":{"@id":"https:\/\/barnafrid.se\/kunskapsportal\/#website"},"primaryImageOfPage":{"@id":"https:\/\/barnafrid.se\/kunskapsportal\/kodning-av-barnmisshandel-och-forsummelse-mot-barn\/#primaryimage"},"image":{"@id":"https:\/\/barnafrid.se\/kunskapsportal\/kodning-av-barnmisshandel-och-forsummelse-mot-barn\/#primaryimage"},"thumbnailUrl":"https:\/\/barnafrid.se\/kunskapsportal\/wp-content\/uploads\/2025\/01\/hjarta-plaster-1-150x150.png","datePublished":"2024-06-24T13:47:24+00:00","dateModified":"2025-05-23T08:28:20+00:00","breadcrumb":{"@id":"https:\/\/barnafrid.se\/kunskapsportal\/kodning-av-barnmisshandel-och-forsummelse-mot-barn\/#breadcrumb"},"inLanguage":"sv-SE","potentialAction":[{"@type":"ReadAction","target":["https:\/\/barnafrid.se\/kunskapsportal\/kodning-av-barnmisshandel-och-forsummelse-mot-barn\/"]}]},{"@type":"ImageObject","inLanguage":"sv-SE","@id":"https:\/\/barnafrid.se\/kunskapsportal\/kodning-av-barnmisshandel-och-forsummelse-mot-barn\/#primaryimage","url":"https:\/\/barnafrid.se\/kunskapsportal\/wp-content\/uploads\/2025\/01\/hjarta-plaster-1.png","contentUrl":"https:\/\/barnafrid.se\/kunskapsportal\/wp-content\/uploads\/2025\/01\/hjarta-plaster-1.png","width":5137,"height":4845,"caption":"Rosa hj\u00e4rta med tv\u00e5 pl\u00e5ster som bildar ett kors."},{"@type":"BreadcrumbList","@id":"https:\/\/barnafrid.se\/kunskapsportal\/kodning-av-barnmisshandel-och-forsummelse-mot-barn\/#breadcrumb","itemListElement":[{"@type":"ListItem","position":1,"name":"Home","item":"https:\/\/barnafrid.se\/kunskapsportal\/"},{"@type":"ListItem","position":2,"name":"Kodning av barnmisshandel och f\u00f6rsummelse mot barn"}]},{"@type":"WebSite","@id":"https:\/\/barnafrid.se\/kunskapsportal\/#website","url":"https:\/\/barnafrid.se\/kunskapsportal\/","name":"Barnafrid","description":"Kunskapsportal om v\u00e5ld mot barn","potentialAction":[{"@type":"SearchAction","target":{"@type":"EntryPoint","urlTemplate":"https:\/\/barnafrid.se\/kunskapsportal\/?s={search_term_string}"},"query-input":{"@type":"PropertyValueSpecification","valueRequired":true,"valueName":"search_term_string"}}],"inLanguage":"sv-SE"}]}},"_links":{"self":[{"href":"https:\/\/barnafrid.se\/kunskapsportal\/wp-json\/wp\/v2\/pages\/9322","targetHints":{"allow":["GET"]}}],"collection":[{"href":"https:\/\/barnafrid.se\/kunskapsportal\/wp-json\/wp\/v2\/pages"}],"about":[{"href":"https:\/\/barnafrid.se\/kunskapsportal\/wp-json\/wp\/v2\/types\/page"}],"author":[{"embeddable":true,"href":"https:\/\/barnafrid.se\/kunskapsportal\/wp-json\/wp\/v2\/users\/26405"}],"replies":[{"embeddable":true,"href":"https:\/\/barnafrid.se\/kunskapsportal\/wp-json\/wp\/v2\/comments?post=9322"}],"version-history":[{"count":51,"href":"https:\/\/barnafrid.se\/kunskapsportal\/wp-json\/wp\/v2\/pages\/9322\/revisions"}],"predecessor-version":[{"id":15744,"href":"https:\/\/barnafrid.se\/kunskapsportal\/wp-json\/wp\/v2\/pages\/9322\/revisions\/15744"}],"wp:attachment":[{"href":"https:\/\/barnafrid.se\/kunskapsportal\/wp-json\/wp\/v2\/media?parent=9322"}],"wp:term":[{"taxonomy":"role","embeddable":true,"href":"https:\/\/barnafrid.se\/kunskapsportal\/wp-json\/wp\/v2\/role?post=9322"}],"curies":[{"name":"wp","href":"https:\/\/api.w.org\/{rel}","templated":true}]}}