{"id":9197,"date":"2024-06-19T10:35:57","date_gmt":"2024-06-19T08:35:57","guid":{"rendered":"https:\/\/barnafrid.se\/kunskapsportal\/?page_id=9197"},"modified":"2025-11-21T11:00:02","modified_gmt":"2025-11-21T10:00:02","slug":"vart-att-veta-om-socialtjanstomradet","status":"publish","type":"page","link":"https:\/\/barnafrid.se\/kunskapsportal\/resurssidor\/vart-att-veta-om-socialtjanstomradet\/","title":{"rendered":"V\u00e4rt att veta om socialtj\u00e4nstomr\u00e5det"},"content":{"rendered":"<div class='Lead'>\n    <p>F\u00f6r dig som \u00e4r verksam eller intresserad av \u00e4mnen som r\u00f6r v\u00e5ld mot barn inom socialtj\u00e4nstomr\u00e5det.<\/p><\/div>\n\n\n\n\n<div class=\"Card-section Card-section--three two-thirds-card-section\">\n\n\n    <a class=\"Card-link-container\" target=\"_blank\" href=\"https:\/\/barnafrid.se\/kunskapsportal\/resurssidor\/vart-att-veta-om-socialtjanstomradet\/lagstiftning-socialtjanst\/\">\n        <div class=\"Card Card--blue Card--internal\">\n            <p class=\"Card-pretitle\"><\/p>\n            <h2 class=\"Card-title\">Lagstiftning<\/h2>\n            <p>H\u00e4r listas den lagstiftning och meddelandeblad som r\u00f6r socialtj\u00e4nstomr\u00e5det<\/p>            <div class=\"Card-footer\">\n                <span class=\"Card-footer-text\">G\u00e5 till sidan om lagstiftning<\/span>\n                            <\/div>\n        <\/div>\n    <\/a>\n    <a class=\"Card-link-container\" target=\"_blank\" href=\"https:\/\/barnafrid.se\/kunskapsportal\/wp-content\/uploads\/2025\/11\/broschyr-socialtjansten-2025.pdf\">\n        <div class=\"Card Card--blue Card--internal\">\n            <p class=\"Card-pretitle\"><\/p>\n            <h2 class=\"Card-title\">Utbildningar<\/h2>\n            <p>Ta del av de utbildningar som r\u00f6r v\u00e5ld mot barn och unga och som \u00e4r relevanta f\u00f6r yrkesverksamma inom socialtj\u00e4nstomr\u00e5det<\/p>            <div class=\"Card-footer\">\n                <span class=\"Card-footer-text\">Ta del av Barnafrids utbildningsutbud<\/span>\n                            <\/div>\n        <\/div>\n    <\/a>\n    <a class=\"Card-link-container\" target=\"_blank\" href=\"https:\/\/barnafrid.se\/kunskapsportal\/metodstod-2\/om-vald-mot-barn-hos-andra-myndigheter-och-organisationer\/\">\n        <div class=\"Card Card--blue Card--internal\">\n            <p class=\"Card-pretitle\"><\/p>\n            <h2 class=\"Card-title\">Om v\u00e5ld mot barn hos andra akt\u00f6rer<\/h2>\n            <p>H\u00e4r hittar du l\u00e4nkar till andra myndigheter och organisationer som arbetar med v\u00e5ld mot barn<\/p>            <div class=\"Card-footer\">\n                <span class=\"Card-footer-text\">G\u00e5 till sidan Om v\u00e5ld mot barn hos andra akt\u00f6rer<\/span>\n                            <\/div>\n        <\/div>\n    <\/a>\n    <a class=\"Card-link-container\" target=\"_blank\" href=\"https:\/\/barnafrid.se\/kunskapsportal\/nya-socialtjanstlagen\/\">\n        <div class=\"Card Card--blue Card--internal\">\n            <p class=\"Card-pretitle\"><\/p>\n            <h2 class=\"Card-title\">Nya socialtj\u00e4nstlagen<\/h2>\n            <p>H\u00e4r hittar du information om den nya socialtj\u00e4nstlagen och vanliga missf\u00f6rst\u00e5nd.<\/p>            <div class=\"Card-footer\">\n                <span class=\"Card-footer-text\">L\u00e4r dig om nya socialtj\u00e4nstlagen<\/span>\n                            <\/div>\n        <\/div>\n    <\/a>\n    <a class=\"Card-link-container\" target=\"_blank\" href=\"https:\/\/barnafrid.se\/kunskapsportal\/att-samtala-med-barn\/\">\n        <div class=\"Card Card--blue Card--internal\">\n            <p class=\"Card-pretitle\"><\/p>\n            <h2 class=\"Card-title\">Att samtala med barn<br><\/h2>\n                        <div class=\"Card-footer\">\n                <span class=\"Card-footer-text\">G\u00e5 till sidan Att samtala med barn<\/span>\n                            <\/div>\n        <\/div>\n    <\/a>\n<\/div>\n\n\n<section class=\"ArticleSection \">\n      <h2 class=\"ArticleSection-title\" id=\"om-sidan\">\n      Om sidan    <\/h2>\n    <\/section>\n\n\n\n<p>P\u00e5 den h\u00e4r sidan finns information, material och h\u00e4nvisningar till material inom omr\u00e5det v\u00e5ld mot barn ur ett socialtj\u00e4nstperspektiv. Sidan \u00e4r under kontinuerlig uppbyggnad. Har du synpunkter eller fr\u00e5gor, mejla till barnafrid(at)liu.se.<\/p>\n","protected":false},"excerpt":{"rendered":"<p>P\u00e5 den h\u00e4r sidan finns information, material och h\u00e4nvisningar till material inom omr\u00e5det v\u00e5ld mot barn ur ett socialtj\u00e4nstperspektiv. Sidan \u00e4r under kontinuerlig uppbyggnad. Har du synpunkter eller fr\u00e5gor, mejla till barnafrid(at)liu.se.<\/p>\n","protected":false},"author":10518,"featured_media":0,"parent":16677,"menu_order":0,"comment_status":"closed","ping_status":"closed","template":"page-centered.php","meta":{"h5ap_radio_sources":[],"footnotes":""},"role":[],"class_list":["post-9197","page","type-page","status-publish","hentry"],"yoast_head":"<!-- This site is optimized with the Yoast SEO plugin v27.3 - https:\/\/yoast.com\/product\/yoast-seo-wordpress\/ -->\n<title>V\u00e4rt att veta om socialtj\u00e4nstomr\u00e5det - Barnafrid<\/title>\n<meta name=\"robots\" content=\"index, follow, max-snippet:-1, max-image-preview:large, max-video-preview:-1\" \/>\n<link rel=\"canonical\" href=\"https:\/\/barnafrid.se\/kunskapsportal\/resurssidor\/vart-att-veta-om-socialtjanstomradet\/\" \/>\n<meta property=\"og:locale\" content=\"sv_SE\" \/>\n<meta property=\"og:type\" content=\"article\" \/>\n<meta property=\"og:title\" content=\"V\u00e4rt att veta om socialtj\u00e4nstomr\u00e5det - Barnafrid\" \/>\n<meta property=\"og:description\" content=\"P\u00e5 den h\u00e4r sidan finns information, material och h\u00e4nvisningar till material inom omr\u00e5det v\u00e5ld mot barn ur ett socialtj\u00e4nstperspektiv. Sidan \u00e4r under kontinuerlig uppbyggnad. Har du synpunkter eller fr\u00e5gor, mejla till barnafrid(at)liu.se.\" \/>\n<meta property=\"og:url\" content=\"https:\/\/barnafrid.se\/kunskapsportal\/resurssidor\/vart-att-veta-om-socialtjanstomradet\/\" \/>\n<meta property=\"og:site_name\" content=\"Barnafrid\" \/>\n<meta property=\"article:modified_time\" content=\"2025-11-21T10:00:02+00:00\" \/>\n<meta name=\"twitter:card\" content=\"summary_large_image\" \/>\n<meta name=\"twitter:label1\" content=\"Ber\u00e4knad l\u00e4stid\" \/>\n\t<meta name=\"twitter:data1\" content=\"1 minut\" \/>\n<script type=\"application\/ld+json\" class=\"yoast-schema-graph\">{\"@context\":\"https:\\\/\\\/schema.org\",\"@graph\":[{\"@type\":\"WebPage\",\"@id\":\"https:\\\/\\\/barnafrid.se\\\/kunskapsportal\\\/resurssidor\\\/vart-att-veta-om-socialtjanstomradet\\\/\",\"url\":\"https:\\\/\\\/barnafrid.se\\\/kunskapsportal\\\/resurssidor\\\/vart-att-veta-om-socialtjanstomradet\\\/\",\"name\":\"V\u00e4rt att veta om socialtj\u00e4nstomr\u00e5det - Barnafrid\",\"isPartOf\":{\"@id\":\"https:\\\/\\\/barnafrid.se\\\/kunskapsportal\\\/#website\"},\"datePublished\":\"2024-06-19T08:35:57+00:00\",\"dateModified\":\"2025-11-21T10:00:02+00:00\",\"breadcrumb\":{\"@id\":\"https:\\\/\\\/barnafrid.se\\\/kunskapsportal\\\/resurssidor\\\/vart-att-veta-om-socialtjanstomradet\\\/#breadcrumb\"},\"inLanguage\":\"sv-SE\",\"potentialAction\":[{\"@type\":\"ReadAction\",\"target\":[\"https:\\\/\\\/barnafrid.se\\\/kunskapsportal\\\/resurssidor\\\/vart-att-veta-om-socialtjanstomradet\\\/\"]}]},{\"@type\":\"BreadcrumbList\",\"@id\":\"https:\\\/\\\/barnafrid.se\\\/kunskapsportal\\\/resurssidor\\\/vart-att-veta-om-socialtjanstomradet\\\/#breadcrumb\",\"itemListElement\":[{\"@type\":\"ListItem\",\"position\":1,\"name\":\"Home\",\"item\":\"https:\\\/\\\/barnafrid.se\\\/kunskapsportal\\\/\"},{\"@type\":\"ListItem\",\"position\":2,\"name\":\"Resurssidor\",\"item\":\"https:\\\/\\\/barnafrid.se\\\/kunskapsportal\\\/resurssidor\\\/\"},{\"@type\":\"ListItem\",\"position\":3,\"name\":\"V\u00e4rt att veta om socialtj\u00e4nstomr\u00e5det\"}]},{\"@type\":\"WebSite\",\"@id\":\"https:\\\/\\\/barnafrid.se\\\/kunskapsportal\\\/#website\",\"url\":\"https:\\\/\\\/barnafrid.se\\\/kunskapsportal\\\/\",\"name\":\"Barnafrid\",\"description\":\"Kunskapsportal om v\u00e5ld mot barn\",\"potentialAction\":[{\"@type\":\"SearchAction\",\"target\":{\"@type\":\"EntryPoint\",\"urlTemplate\":\"https:\\\/\\\/barnafrid.se\\\/kunskapsportal\\\/?s={search_term_string}\"},\"query-input\":{\"@type\":\"PropertyValueSpecification\",\"valueRequired\":true,\"valueName\":\"search_term_string\"}}],\"inLanguage\":\"sv-SE\"}]}<\/script>\n<!-- \/ Yoast SEO plugin. -->","yoast_head_json":{"title":"V\u00e4rt att veta om socialtj\u00e4nstomr\u00e5det - Barnafrid","robots":{"index":"index","follow":"follow","max-snippet":"max-snippet:-1","max-image-preview":"max-image-preview:large","max-video-preview":"max-video-preview:-1"},"canonical":"https:\/\/barnafrid.se\/kunskapsportal\/resurssidor\/vart-att-veta-om-socialtjanstomradet\/","og_locale":"sv_SE","og_type":"article","og_title":"V\u00e4rt att veta om socialtj\u00e4nstomr\u00e5det - Barnafrid","og_description":"P\u00e5 den h\u00e4r sidan finns information, material och h\u00e4nvisningar till material inom omr\u00e5det v\u00e5ld mot barn ur ett socialtj\u00e4nstperspektiv. Sidan \u00e4r under kontinuerlig uppbyggnad. Har du synpunkter eller fr\u00e5gor, mejla till barnafrid(at)liu.se.","og_url":"https:\/\/barnafrid.se\/kunskapsportal\/resurssidor\/vart-att-veta-om-socialtjanstomradet\/","og_site_name":"Barnafrid","article_modified_time":"2025-11-21T10:00:02+00:00","twitter_card":"summary_large_image","twitter_misc":{"Ber\u00e4knad l\u00e4stid":"1 minut"},"schema":{"@context":"https:\/\/schema.org","@graph":[{"@type":"WebPage","@id":"https:\/\/barnafrid.se\/kunskapsportal\/resurssidor\/vart-att-veta-om-socialtjanstomradet\/","url":"https:\/\/barnafrid.se\/kunskapsportal\/resurssidor\/vart-att-veta-om-socialtjanstomradet\/","name":"V\u00e4rt att veta om socialtj\u00e4nstomr\u00e5det - Barnafrid","isPartOf":{"@id":"https:\/\/barnafrid.se\/kunskapsportal\/#website"},"datePublished":"2024-06-19T08:35:57+00:00","dateModified":"2025-11-21T10:00:02+00:00","breadcrumb":{"@id":"https:\/\/barnafrid.se\/kunskapsportal\/resurssidor\/vart-att-veta-om-socialtjanstomradet\/#breadcrumb"},"inLanguage":"sv-SE","potentialAction":[{"@type":"ReadAction","target":["https:\/\/barnafrid.se\/kunskapsportal\/resurssidor\/vart-att-veta-om-socialtjanstomradet\/"]}]},{"@type":"BreadcrumbList","@id":"https:\/\/barnafrid.se\/kunskapsportal\/resurssidor\/vart-att-veta-om-socialtjanstomradet\/#breadcrumb","itemListElement":[{"@type":"ListItem","position":1,"name":"Home","item":"https:\/\/barnafrid.se\/kunskapsportal\/"},{"@type":"ListItem","position":2,"name":"Resurssidor","item":"https:\/\/barnafrid.se\/kunskapsportal\/resurssidor\/"},{"@type":"ListItem","position":3,"name":"V\u00e4rt att veta om socialtj\u00e4nstomr\u00e5det"}]},{"@type":"WebSite","@id":"https:\/\/barnafrid.se\/kunskapsportal\/#website","url":"https:\/\/barnafrid.se\/kunskapsportal\/","name":"Barnafrid","description":"Kunskapsportal om v\u00e5ld mot barn","potentialAction":[{"@type":"SearchAction","target":{"@type":"EntryPoint","urlTemplate":"https:\/\/barnafrid.se\/kunskapsportal\/?s={search_term_string}"},"query-input":{"@type":"PropertyValueSpecification","valueRequired":true,"valueName":"search_term_string"}}],"inLanguage":"sv-SE"}]}},"_links":{"self":[{"href":"https:\/\/barnafrid.se\/kunskapsportal\/wp-json\/wp\/v2\/pages\/9197","targetHints":{"allow":["GET"]}}],"collection":[{"href":"https:\/\/barnafrid.se\/kunskapsportal\/wp-json\/wp\/v2\/pages"}],"about":[{"href":"https:\/\/barnafrid.se\/kunskapsportal\/wp-json\/wp\/v2\/types\/page"}],"author":[{"embeddable":true,"href":"https:\/\/barnafrid.se\/kunskapsportal\/wp-json\/wp\/v2\/users\/10518"}],"replies":[{"embeddable":true,"href":"https:\/\/barnafrid.se\/kunskapsportal\/wp-json\/wp\/v2\/comments?post=9197"}],"version-history":[{"count":47,"href":"https:\/\/barnafrid.se\/kunskapsportal\/wp-json\/wp\/v2\/pages\/9197\/revisions"}],"predecessor-version":[{"id":17610,"href":"https:\/\/barnafrid.se\/kunskapsportal\/wp-json\/wp\/v2\/pages\/9197\/revisions\/17610"}],"up":[{"embeddable":true,"href":"https:\/\/barnafrid.se\/kunskapsportal\/wp-json\/wp\/v2\/pages\/16677"}],"wp:attachment":[{"href":"https:\/\/barnafrid.se\/kunskapsportal\/wp-json\/wp\/v2\/media?parent=9197"}],"wp:term":[{"taxonomy":"role","embeddable":true,"href":"https:\/\/barnafrid.se\/kunskapsportal\/wp-json\/wp\/v2\/role?post=9197"}],"curies":[{"name":"wp","href":"https:\/\/api.w.org\/{rel}","templated":true}]}}