{"id":9150,"date":"2024-05-21T08:35:12","date_gmt":"2024-05-21T06:35:12","guid":{"rendered":"https:\/\/barnafrid.se\/kunskapsportal\/?page_id=9150"},"modified":"2026-03-09T13:38:33","modified_gmt":"2026-03-09T12:38:33","slug":"toolbox-for-traumascreening-inom-socialtjansten","status":"publish","type":"page","link":"https:\/\/barnafrid.se\/kunskapsportal\/metodstod-2\/toolbox-for-traumascreening-inom-socialtjansten\/","title":{"rendered":"Metodst\u00f6d f\u00f6r traumascreening inom socialtj\u00e4nsten"},"content":{"rendered":"<div class='Lead'>\n    <p>Barnafrid arbetar f\u00f6r att alla barn i Sverige ska ha en fredad uppv\u00e4xt fri fr\u00e5n v\u00e5ld. En av de viktigaste f\u00f6ruts\u00e4ttningarna f\u00f6r det \u00e4r att arbeta f\u00f6rebyggande och att barn som kan vara utsatta f\u00f6r v\u00e5ld uppt\u00e4cks och f\u00e5r det st\u00f6d som de har r\u00e4tt till.<\/p><\/div>\n\n\n\n<p>En f\u00f6ruts\u00e4ttning f\u00f6r att screena f\u00f6r trauma \u00e4r att ha kunskap kring trauma, traumasymtom och att en tydlig plan finns f\u00f6r att agera om ett barn uppvisar symtom. I metodst\u00f6det f\u00e5r du d\u00e4rf\u00f6r grundl\u00e4ggande kunskap kring trauma och vad du som yrkesverksam inom socialtj\u00e4nsten kan g\u00f6ra om du m\u00f6ter ett barn som kan ha upplevt en sv\u00e5r h\u00e4ndelse.<\/p>\n\n\n\n<p>\u200bTa del av informationen och kunskapen nedan genom text, filmer och f\u00f6rel\u00e4sningar!<\/p>\n\n\n\n<h2 class=\"wp-block-heading\">Nytt metodst\u00f6d f\u00f6r traumascreening<\/h2>\n\n\n\n<p>Maria Johansson, socionom och utredare p\u00e5 Barnafrid och Anna Nelsson, socionom, psykoterapeut och utredare p\u00e5 Barnafrid, introducerar metodst\u00f6det och pratar om varf\u00f6r det har tagits fram, vad som \u00e4r viktigt att t\u00e4nka p\u00e5 vid screening och vilka f\u00f6rhoppningar som finns med metodst\u00f6det.<\/p>\n\n\n<div class=\"Videos\">\n        <div class=\"Video Video--original Video--visible\">\n        \n        <figure class=\"VideoPlayer\">\n            <div class=\"VideoPlayer-video VideoPlayer-video--aspect16_9 VideoPlayer-video--hasAspectRatio\">\n                <iframe loading=\"lazy\"\n                    title=\"Video\"\n                    src=\"https:\/\/player.vimeo.com\/video\/1044952442?dnt=1&#038;app_id=122963\"\n                    width=\"500\"\n                    height=\"281\"\n                    frameborder=\"0\"\n                    allow=\"autoplay; fullscreen\"\n                    allowfullscreen\n                ><\/iframe>\n            <\/div>\n        <\/figure>\n            <\/div>\n    \n    \n    \n    <div class=\"VideosVersions\">\n        \n            <\/div>\n<\/div>\n\n\n\n<h2 class=\"wp-block-heading\">Traumakunskap<\/h2>\n\n\n\n<p>Poa Samuelberg, psykolog, psykoterapeut och utredare p\u00e5 Barnafrid, pratar om trauma, traumasymtom, insatser och krisst\u00f6d.<\/p>\n\n\n<div class=\"Videos\">\n        <div class=\"Video Video--original Video--visible\">\n        \n        <figure class=\"VideoPlayer\">\n            <div class=\"VideoPlayer-video VideoPlayer-video--aspect16_9 VideoPlayer-video--hasAspectRatio\">\n                <iframe loading=\"lazy\"\n                    title=\"Video\"\n                    src=\"https:\/\/player.vimeo.com\/video\/948291469?dnt=1&#038;app_id=122963\"\n                    width=\"500\"\n                    height=\"281\"\n                    frameborder=\"0\"\n                    allow=\"autoplay; fullscreen\"\n                    allowfullscreen\n                ><\/iframe>\n            <\/div>\n        <\/figure>\n            <\/div>\n    \n    \n    \n    <div class=\"VideosVersions\">\n        \n            <\/div>\n<\/div>\n\n\n\n<h2 class=\"wp-block-heading\">Hur man anv\u00e4nder traumascreening <strong>\u2013<\/strong> vad s\u00e4ger forskningen?<\/h2>\n\n\n\n<p>Brooks Keeshin, pediatriker och barnpsykiater vid University of Utah, pratar om hur man anv\u00e4nder traumascreening i praktiken och vad forskningen kring barn och unga visar.<\/p>\n\n\n<div class=\"Videos\">\n        <div class=\"Video Video--original Video--visible\">\n        \n        <figure class=\"VideoPlayer\">\n            <div class=\"VideoPlayer-video VideoPlayer-video--aspect16_9 VideoPlayer-video--hasAspectRatio\">\n                <iframe loading=\"lazy\"\n                    title=\"Video\"\n                    src=\"https:\/\/player.vimeo.com\/video\/969521734?dnt=1&#038;app_id=122963\"\n                    width=\"500\"\n                    height=\"281\"\n                    frameborder=\"0\"\n                    allow=\"autoplay; fullscreen\"\n                    allowfullscreen\n                ><\/iframe>\n            <\/div>\n        <\/figure>\n            <\/div>\n    \n    \n    \n    <div class=\"VideosVersions\">\n        \n            <\/div>\n<\/div>\n\n\n\n<h2 class=\"wp-block-heading\">Presentation av metodst\u00f6det och erfarenheter fr\u00e5n Barnahus Dalarna<\/h2>\n\n\n\n<p>Anna Nelsson fr\u00e5n Barnafrid och Helena Asplund Carlqvist, psykolog, pratar om framtagningen av metodst\u00f6det. Barnahus Dalarna delar med sig av sina erfarenheter av att anv\u00e4nda metodst\u00f6det. Filmen inneh\u00e5ller \u00e4ven en fr\u00e5gestund.<\/p>\n\n\n\n<p><strong><em>Obs! <\/em><\/strong><em>I filmen f\u00f6rekommer det information kring gamla socialtj\u00e4nstlagen. 11 kap 1\u00a7 motsvarar 14 kap 2 \u00a7 i nya SoL (2025:400).<\/em><\/p>\n\n\n<div class=\"Videos\">\n        <div class=\"Video Video--original Video--visible\">\n        \n        <figure class=\"VideoPlayer\">\n            <div class=\"VideoPlayer-video VideoPlayer-video--aspect16_9 VideoPlayer-video--hasAspectRatio\">\n                <iframe loading=\"lazy\"\n                    title=\"Video\"\n                    src=\"https:\/\/player.vimeo.com\/video\/969520370?dnt=1&#038;app_id=122963\"\n                    width=\"500\"\n                    height=\"281\"\n                    frameborder=\"0\"\n                    allow=\"autoplay; fullscreen\"\n                    allowfullscreen\n                ><\/iframe>\n            <\/div>\n        <\/figure>\n            <\/div>\n    \n    \n    \n    <div class=\"VideosVersions\">\n        \n            <\/div>\n<\/div>\n\n\n\n<h2 class=\"wp-block-heading\">Barnsamtal<\/h2>\n\n\n\n<p>Filmen demonstrerar hur du som yrkesverksam kan prata med ett barn som kan ha varit med om en traumatisk h\u00e4ndelse. <\/p>\n\n\n<div class=\"Videos\">\n        <div class=\"Video Video--original Video--visible\">\n        \n        <figure class=\"VideoPlayer\">\n            <div class=\"VideoPlayer-video VideoPlayer-video--aspect16_9 VideoPlayer-video--hasAspectRatio\">\n                <iframe loading=\"lazy\"\n                    title=\"Video\"\n                    src=\"https:\/\/player.vimeo.com\/video\/948290969?dnt=1&#038;app_id=122963\"\n                    width=\"500\"\n                    height=\"281\"\n                    frameborder=\"0\"\n                    allow=\"autoplay; fullscreen\"\n                    allowfullscreen\n                ><\/iframe>\n            <\/div>\n        <\/figure>\n            <\/div>\n    \n    \n    \n    <div class=\"VideosVersions\">\n        \n            <\/div>\n<\/div>\n\n\n\n<h2 class=\"wp-block-heading\">Metodst\u00f6det<\/h2>\n\n\n\n<p>Metodst\u00f6det \u00e4r ett st\u00f6d f\u00f6r dig n\u00e4r du m\u00f6ter barn som kan ha varit med om trauman. Den inneh\u00e5ller bland annat traumakunskap, screeningformul\u00e4r, samtalsguider och implementeringsst\u00f6d. <a href=\"https:\/\/barnafrid.se\/kunskapsportal\/wp-content\/uploads\/2025\/11\/metodstod-for-socialtjansten.pdf\" target=\"_blank\" rel=\"noreferrer noopener\">L\u00e4s den h\u00e4r<\/a><a href=\"https:\/\/barnafrid.se\/kunskapsportal\/wp-content\/uploads\/2025\/01\/metodstod-for-socialtjansten.pdf\" target=\"_blank\" rel=\"noreferrer noopener nofollow\">.<\/a><\/p>\n\n\n\n<figure class=\"Image size-large is-resized\"><a href=\"https:\/\/barnafrid.se\/kunskapsportal\/wp-content\/uploads\/2025\/11\/metodstod-for-socialtjansten.pdf\" target=\"_blank\" rel=\" noreferrer noopener\"><img loading=\"lazy\" decoding=\"async\" width=\"724\" height=\"1024\" src=\"\/kunskapsportal\/wp-content\/uploads\/2025\/01\/framsida-metodstod-724x1024.png\" alt=\"Framsida PDF metodst\u00f6d traumascreening inom socialtj\u00e4nsten.\" class=\"Image-img wp-image-12907\" style=\"width:626px;height:auto\" srcset=\"https:\/\/barnafrid.se\/kunskapsportal\/wp-content\/uploads\/2025\/01\/framsida-metodstod-724x1024.png 724w, https:\/\/barnafrid.se\/kunskapsportal\/wp-content\/uploads\/2025\/01\/framsida-metodstod-212x300.png 212w, https:\/\/barnafrid.se\/kunskapsportal\/wp-content\/uploads\/2025\/01\/framsida-metodstod-768x1086.png 768w, https:\/\/barnafrid.se\/kunskapsportal\/wp-content\/uploads\/2025\/01\/framsida-metodstod-1086x1536.png 1086w, https:\/\/barnafrid.se\/kunskapsportal\/wp-content\/uploads\/2025\/01\/framsida-metodstod-1448x2048.png 1448w\" sizes=\"auto, (max-width: 724px) 100vw, 724px\" \/><\/a><\/figure>\n\n\n\n<h2 class=\"wp-block-heading\">Slutrapport fr\u00e5n Barnahusprojektet<\/h2>\n\n\n\n<p>M\u00e5let f\u00f6r barnahusprojektet var att skapa en modell som \u00f6kar m\u00f6jligheten f\u00f6r barn som blivit utsatta f\u00f6r v\u00e5ld att f\u00e5 bed\u00f6mning, krisst\u00f6d och eventuell behandling. Modellen omfattar utbildningsinsatser kring v\u00e5ld mot barn, traumakunskap och krisst\u00f6d samt framtagande av ett metodst\u00f6d. Projektets m\u00e5lgrupper var personal inom socialtj\u00e4nsten samt F\u00f6rsta linjens psykiatri. <a href=\"https:\/\/barnafrid.se\/kunskapsportal\/wp-content\/uploads\/2024\/10\/rapport-barnahusprojektet-2023.pdf\">Ladda ned slutrapporten h\u00e4r.<\/a><\/p>\n\n\n\n<figure class=\"Image size-full is-resized\"><a href=\"https:\/\/barnafrid.se\/kunskapsportal\/wp-content\/uploads\/2024\/10\/rapport-barnahusprojektet-2023.pdf\"><img loading=\"lazy\" decoding=\"async\" width=\"731\" height=\"1024\" src=\"https:\/\/barnafrid.se\/kunskapsportal\/wp-content\/uploads\/2024\/10\/rapport-barnahusprojektet-2023-framsida.jpg\" alt=\"Framsida rapport f\u00f6r barnahusprojektet.\" class=\"Image-img wp-image-10193\" style=\"width:626px\" srcset=\"https:\/\/barnafrid.se\/kunskapsportal\/wp-content\/uploads\/2024\/10\/rapport-barnahusprojektet-2023-framsida.jpg 731w, https:\/\/barnafrid.se\/kunskapsportal\/wp-content\/uploads\/2024\/10\/rapport-barnahusprojektet-2023-framsida-214x300.jpg 214w\" sizes=\"auto, (max-width: 731px) 100vw, 731px\" \/><\/a><\/figure>\n\n\n\n<p><\/p>\n\n\n\n<p><\/p>\n","protected":false},"excerpt":{"rendered":"<p>En f\u00f6ruts\u00e4ttning f\u00f6r att screena f\u00f6r trauma \u00e4r att ha kunskap kring trauma, traumasymtom och att en tydlig plan finns f\u00f6r att agera om ett barn uppvisar symtom. I metodst\u00f6det f\u00e5r du d\u00e4rf\u00f6r grundl\u00e4ggande kunskap kring trauma och vad du som yrkesverksam inom socialtj\u00e4nsten kan g\u00f6ra om du m\u00f6ter ett barn som kan ha upplevt [&hellip;]<\/p>\n","protected":false},"author":10518,"featured_media":0,"parent":7680,"menu_order":0,"comment_status":"closed","ping_status":"closed","template":"page-centered.php","meta":{"h5ap_radio_sources":[],"footnotes":""},"role":[],"class_list":["post-9150","page","type-page","status-publish","hentry"],"yoast_head":"<!-- This site is optimized with the Yoast SEO plugin v27.5 - https:\/\/yoast.com\/product\/yoast-seo-wordpress\/ -->\n<title>Metodst\u00f6d f\u00f6r traumascreening inom socialtj\u00e4nsten - Barnafrid<\/title>\n<meta name=\"robots\" content=\"index, follow, max-snippet:-1, max-image-preview:large, max-video-preview:-1\" \/>\n<link rel=\"canonical\" href=\"https:\/\/barnafrid.se\/kunskapsportal\/metodstod-2\/toolbox-for-traumascreening-inom-socialtjansten\/\" \/>\n<meta property=\"og:locale\" content=\"sv_SE\" \/>\n<meta property=\"og:type\" content=\"article\" \/>\n<meta property=\"og:title\" content=\"Metodst\u00f6d f\u00f6r traumascreening inom socialtj\u00e4nsten - Barnafrid\" \/>\n<meta property=\"og:description\" content=\"En f\u00f6ruts\u00e4ttning f\u00f6r att screena f\u00f6r trauma \u00e4r att ha kunskap kring trauma, traumasymtom och att en tydlig plan finns f\u00f6r att agera om ett barn uppvisar symtom. I metodst\u00f6det f\u00e5r du d\u00e4rf\u00f6r grundl\u00e4ggande kunskap kring trauma och vad du som yrkesverksam inom socialtj\u00e4nsten kan g\u00f6ra om du m\u00f6ter ett barn som kan ha upplevt [&hellip;]\" \/>\n<meta property=\"og:url\" content=\"https:\/\/barnafrid.se\/kunskapsportal\/metodstod-2\/toolbox-for-traumascreening-inom-socialtjansten\/\" \/>\n<meta property=\"og:site_name\" content=\"Barnafrid\" \/>\n<meta property=\"article:modified_time\" content=\"2026-03-09T12:38:33+00:00\" \/>\n<meta property=\"og:image\" content=\"https:\/\/barnafrid.se\/kunskapsportal\/wp-content\/uploads\/2024\/10\/rapport-barnahusprojektet-2023-framsida.jpg\" \/>\n<meta name=\"twitter:card\" content=\"summary_large_image\" \/>\n<meta name=\"twitter:label1\" content=\"Ber\u00e4knad l\u00e4stid\" \/>\n\t<meta name=\"twitter:data1\" content=\"3 minuter\" \/>\n<script type=\"application\/ld+json\" class=\"yoast-schema-graph\">{\"@context\":\"https:\\\/\\\/schema.org\",\"@graph\":[{\"@type\":\"WebPage\",\"@id\":\"https:\\\/\\\/barnafrid.se\\\/kunskapsportal\\\/metodstod-2\\\/toolbox-for-traumascreening-inom-socialtjansten\\\/\",\"url\":\"https:\\\/\\\/barnafrid.se\\\/kunskapsportal\\\/metodstod-2\\\/toolbox-for-traumascreening-inom-socialtjansten\\\/\",\"name\":\"Metodst\u00f6d f\u00f6r traumascreening inom socialtj\u00e4nsten - Barnafrid\",\"isPartOf\":{\"@id\":\"https:\\\/\\\/barnafrid.se\\\/kunskapsportal\\\/#website\"},\"primaryImageOfPage\":{\"@id\":\"https:\\\/\\\/barnafrid.se\\\/kunskapsportal\\\/metodstod-2\\\/toolbox-for-traumascreening-inom-socialtjansten\\\/#primaryimage\"},\"image\":{\"@id\":\"https:\\\/\\\/barnafrid.se\\\/kunskapsportal\\\/metodstod-2\\\/toolbox-for-traumascreening-inom-socialtjansten\\\/#primaryimage\"},\"thumbnailUrl\":\"https:\\\/\\\/barnafrid.se\\\/kunskapsportal\\\/wp-content\\\/uploads\\\/2024\\\/10\\\/rapport-barnahusprojektet-2023-framsida.jpg\",\"datePublished\":\"2024-05-21T06:35:12+00:00\",\"dateModified\":\"2026-03-09T12:38:33+00:00\",\"breadcrumb\":{\"@id\":\"https:\\\/\\\/barnafrid.se\\\/kunskapsportal\\\/metodstod-2\\\/toolbox-for-traumascreening-inom-socialtjansten\\\/#breadcrumb\"},\"inLanguage\":\"sv-SE\",\"potentialAction\":[{\"@type\":\"ReadAction\",\"target\":[\"https:\\\/\\\/barnafrid.se\\\/kunskapsportal\\\/metodstod-2\\\/toolbox-for-traumascreening-inom-socialtjansten\\\/\"]}]},{\"@type\":\"ImageObject\",\"inLanguage\":\"sv-SE\",\"@id\":\"https:\\\/\\\/barnafrid.se\\\/kunskapsportal\\\/metodstod-2\\\/toolbox-for-traumascreening-inom-socialtjansten\\\/#primaryimage\",\"url\":\"https:\\\/\\\/barnafrid.se\\\/kunskapsportal\\\/wp-content\\\/uploads\\\/2024\\\/10\\\/rapport-barnahusprojektet-2023-framsida.jpg\",\"contentUrl\":\"https:\\\/\\\/barnafrid.se\\\/kunskapsportal\\\/wp-content\\\/uploads\\\/2024\\\/10\\\/rapport-barnahusprojektet-2023-framsida.jpg\",\"width\":731,\"height\":1024,\"caption\":\"Framsida p\u00e5 rapport med titeln \\\"Barnahusprojektet\\\". Tv\u00e5 h\u00e4nder som h\u00e5ller ett litet vitt hus i keramik.\"},{\"@type\":\"BreadcrumbList\",\"@id\":\"https:\\\/\\\/barnafrid.se\\\/kunskapsportal\\\/metodstod-2\\\/toolbox-for-traumascreening-inom-socialtjansten\\\/#breadcrumb\",\"itemListElement\":[{\"@type\":\"ListItem\",\"position\":1,\"name\":\"Home\",\"item\":\"https:\\\/\\\/barnafrid.se\\\/kunskapsportal\\\/\"},{\"@type\":\"ListItem\",\"position\":2,\"name\":\"Metodst\u00f6d\",\"item\":\"https:\\\/\\\/barnafrid.se\\\/kunskapsportal\\\/metodstod-2\\\/\"},{\"@type\":\"ListItem\",\"position\":3,\"name\":\"Metodst\u00f6d f\u00f6r traumascreening inom socialtj\u00e4nsten\"}]},{\"@type\":\"WebSite\",\"@id\":\"https:\\\/\\\/barnafrid.se\\\/kunskapsportal\\\/#website\",\"url\":\"https:\\\/\\\/barnafrid.se\\\/kunskapsportal\\\/\",\"name\":\"Barnafrid\",\"description\":\"Kunskapsportal om v\u00e5ld mot barn\",\"potentialAction\":[{\"@type\":\"SearchAction\",\"target\":{\"@type\":\"EntryPoint\",\"urlTemplate\":\"https:\\\/\\\/barnafrid.se\\\/kunskapsportal\\\/?s={search_term_string}\"},\"query-input\":{\"@type\":\"PropertyValueSpecification\",\"valueRequired\":true,\"valueName\":\"search_term_string\"}}],\"inLanguage\":\"sv-SE\"}]}<\/script>\n<!-- \/ Yoast SEO plugin. -->","yoast_head_json":{"title":"Metodst\u00f6d f\u00f6r traumascreening inom socialtj\u00e4nsten - Barnafrid","robots":{"index":"index","follow":"follow","max-snippet":"max-snippet:-1","max-image-preview":"max-image-preview:large","max-video-preview":"max-video-preview:-1"},"canonical":"https:\/\/barnafrid.se\/kunskapsportal\/metodstod-2\/toolbox-for-traumascreening-inom-socialtjansten\/","og_locale":"sv_SE","og_type":"article","og_title":"Metodst\u00f6d f\u00f6r traumascreening inom socialtj\u00e4nsten - Barnafrid","og_description":"En f\u00f6ruts\u00e4ttning f\u00f6r att screena f\u00f6r trauma \u00e4r att ha kunskap kring trauma, traumasymtom och att en tydlig plan finns f\u00f6r att agera om ett barn uppvisar symtom. I metodst\u00f6det f\u00e5r du d\u00e4rf\u00f6r grundl\u00e4ggande kunskap kring trauma och vad du som yrkesverksam inom socialtj\u00e4nsten kan g\u00f6ra om du m\u00f6ter ett barn som kan ha upplevt [&hellip;]","og_url":"https:\/\/barnafrid.se\/kunskapsportal\/metodstod-2\/toolbox-for-traumascreening-inom-socialtjansten\/","og_site_name":"Barnafrid","article_modified_time":"2026-03-09T12:38:33+00:00","og_image":[{"url":"https:\/\/barnafrid.se\/kunskapsportal\/wp-content\/uploads\/2024\/10\/rapport-barnahusprojektet-2023-framsida.jpg","type":"","width":"","height":""}],"twitter_card":"summary_large_image","twitter_misc":{"Ber\u00e4knad l\u00e4stid":"3 minuter"},"schema":{"@context":"https:\/\/schema.org","@graph":[{"@type":"WebPage","@id":"https:\/\/barnafrid.se\/kunskapsportal\/metodstod-2\/toolbox-for-traumascreening-inom-socialtjansten\/","url":"https:\/\/barnafrid.se\/kunskapsportal\/metodstod-2\/toolbox-for-traumascreening-inom-socialtjansten\/","name":"Metodst\u00f6d f\u00f6r traumascreening inom socialtj\u00e4nsten - Barnafrid","isPartOf":{"@id":"https:\/\/barnafrid.se\/kunskapsportal\/#website"},"primaryImageOfPage":{"@id":"https:\/\/barnafrid.se\/kunskapsportal\/metodstod-2\/toolbox-for-traumascreening-inom-socialtjansten\/#primaryimage"},"image":{"@id":"https:\/\/barnafrid.se\/kunskapsportal\/metodstod-2\/toolbox-for-traumascreening-inom-socialtjansten\/#primaryimage"},"thumbnailUrl":"https:\/\/barnafrid.se\/kunskapsportal\/wp-content\/uploads\/2024\/10\/rapport-barnahusprojektet-2023-framsida.jpg","datePublished":"2024-05-21T06:35:12+00:00","dateModified":"2026-03-09T12:38:33+00:00","breadcrumb":{"@id":"https:\/\/barnafrid.se\/kunskapsportal\/metodstod-2\/toolbox-for-traumascreening-inom-socialtjansten\/#breadcrumb"},"inLanguage":"sv-SE","potentialAction":[{"@type":"ReadAction","target":["https:\/\/barnafrid.se\/kunskapsportal\/metodstod-2\/toolbox-for-traumascreening-inom-socialtjansten\/"]}]},{"@type":"ImageObject","inLanguage":"sv-SE","@id":"https:\/\/barnafrid.se\/kunskapsportal\/metodstod-2\/toolbox-for-traumascreening-inom-socialtjansten\/#primaryimage","url":"https:\/\/barnafrid.se\/kunskapsportal\/wp-content\/uploads\/2024\/10\/rapport-barnahusprojektet-2023-framsida.jpg","contentUrl":"https:\/\/barnafrid.se\/kunskapsportal\/wp-content\/uploads\/2024\/10\/rapport-barnahusprojektet-2023-framsida.jpg","width":731,"height":1024,"caption":"Framsida p\u00e5 rapport med titeln \"Barnahusprojektet\". Tv\u00e5 h\u00e4nder som h\u00e5ller ett litet vitt hus i keramik."},{"@type":"BreadcrumbList","@id":"https:\/\/barnafrid.se\/kunskapsportal\/metodstod-2\/toolbox-for-traumascreening-inom-socialtjansten\/#breadcrumb","itemListElement":[{"@type":"ListItem","position":1,"name":"Home","item":"https:\/\/barnafrid.se\/kunskapsportal\/"},{"@type":"ListItem","position":2,"name":"Metodst\u00f6d","item":"https:\/\/barnafrid.se\/kunskapsportal\/metodstod-2\/"},{"@type":"ListItem","position":3,"name":"Metodst\u00f6d f\u00f6r traumascreening inom socialtj\u00e4nsten"}]},{"@type":"WebSite","@id":"https:\/\/barnafrid.se\/kunskapsportal\/#website","url":"https:\/\/barnafrid.se\/kunskapsportal\/","name":"Barnafrid","description":"Kunskapsportal om v\u00e5ld mot barn","potentialAction":[{"@type":"SearchAction","target":{"@type":"EntryPoint","urlTemplate":"https:\/\/barnafrid.se\/kunskapsportal\/?s={search_term_string}"},"query-input":{"@type":"PropertyValueSpecification","valueRequired":true,"valueName":"search_term_string"}}],"inLanguage":"sv-SE"}]}},"_links":{"self":[{"href":"https:\/\/barnafrid.se\/kunskapsportal\/wp-json\/wp\/v2\/pages\/9150","targetHints":{"allow":["GET"]}}],"collection":[{"href":"https:\/\/barnafrid.se\/kunskapsportal\/wp-json\/wp\/v2\/pages"}],"about":[{"href":"https:\/\/barnafrid.se\/kunskapsportal\/wp-json\/wp\/v2\/types\/page"}],"author":[{"embeddable":true,"href":"https:\/\/barnafrid.se\/kunskapsportal\/wp-json\/wp\/v2\/users\/10518"}],"replies":[{"embeddable":true,"href":"https:\/\/barnafrid.se\/kunskapsportal\/wp-json\/wp\/v2\/comments?post=9150"}],"version-history":[{"count":44,"href":"https:\/\/barnafrid.se\/kunskapsportal\/wp-json\/wp\/v2\/pages\/9150\/revisions"}],"predecessor-version":[{"id":17891,"href":"https:\/\/barnafrid.se\/kunskapsportal\/wp-json\/wp\/v2\/pages\/9150\/revisions\/17891"}],"up":[{"embeddable":true,"href":"https:\/\/barnafrid.se\/kunskapsportal\/wp-json\/wp\/v2\/pages\/7680"}],"wp:attachment":[{"href":"https:\/\/barnafrid.se\/kunskapsportal\/wp-json\/wp\/v2\/media?parent=9150"}],"wp:term":[{"taxonomy":"role","embeddable":true,"href":"https:\/\/barnafrid.se\/kunskapsportal\/wp-json\/wp\/v2\/role?post=9150"}],"curies":[{"name":"wp","href":"https:\/\/api.w.org\/{rel}","templated":true}]}}