{"id":8820,"date":"2024-03-25T09:55:58","date_gmt":"2024-03-25T08:55:58","guid":{"rendered":"https:\/\/barnafrid.se\/kunskapsportal\/?page_id=8820"},"modified":"2026-03-17T10:57:16","modified_gmt":"2026-03-17T09:57:16","slug":"fordjupningstema-scenarioovning-krankningar-och-mobbning","status":"publish","type":"page","link":"https:\/\/barnafrid.se\/kunskapsportal\/fordjupningstema-scenarioovning-krankningar-och-mobbning\/","title":{"rendered":"F\u00f6rdjupningstema: Scenario\u00f6vningar"},"content":{"rendered":"\n<figure class=\"Image aligncenter size-large is-resized\"><img loading=\"lazy\" decoding=\"async\" width=\"1024\" height=\"735\" src=\"\/kunskapsportal\/wp-content\/uploads\/2020\/06\/barnafrid_image_50-1024x735.png\" alt=\"Illustration kvinna och barn\" class=\"Image-img wp-image-1948\" style=\"width:488px;height:auto\" srcset=\"https:\/\/barnafrid.se\/kunskapsportal\/wp-content\/uploads\/2020\/06\/barnafrid_image_50-1024x735.png 1024w, https:\/\/barnafrid.se\/kunskapsportal\/wp-content\/uploads\/2020\/06\/barnafrid_image_50-300x215.png 300w, https:\/\/barnafrid.se\/kunskapsportal\/wp-content\/uploads\/2020\/06\/barnafrid_image_50-768x551.png 768w, https:\/\/barnafrid.se\/kunskapsportal\/wp-content\/uploads\/2020\/06\/barnafrid_image_50.png 1417w\" sizes=\"auto, (max-width: 1024px) 100vw, 1024px\" \/><\/figure>\n\n\n\n<h2 class=\"wp-block-heading\">Scenario Mika och Sara<\/h2>\n\n\n\n<ul class=\"List\">\n<li class=\"List-item\"><a href=\"\/kunskapsportal\/wp-content\/uploads\/2026\/03\/scenario-mika-och-sara-fordjupningstema-krankningar-och-mobbning.pdf\">Instruktion scenario\u00f6vning Mika och Sara<\/a> (pdf)<\/li>\n\n\n\n<li class=\"List-item\"><a href=\"https:\/\/vimeo.com\/932372643\/4b05d82d87?share=copy\" target=\"_blank\" rel=\"noreferrer noopener\">Film<\/a><\/li>\n<\/ul>\n\n\n\n<h2 class=\"wp-block-heading\">Scenario Axel<\/h2>\n\n\n\n<ul class=\"List\">\n<li class=\"List-item\"><a href=\"\/kunskapsportal\/wp-content\/uploads\/2026\/03\/scenario-alex-fordjupningstema-krankningar-och-mobbning.pdf\">Instruktion scenario\u00f6vning Alex<\/a> (pdf)<\/li>\n\n\n\n<li class=\"List-item\"><a href=\"https:\/\/barnafrid.se\/kunskapsportal\/wp-content\/uploads\/2026\/03\/scenario-alex-fordjupningstema-deltagare.pdf\">Scenario\u00f6vning att dela ut<\/a> (pdf)<\/li>\n<\/ul>\n\n\n\n<p class=\"has-text-align-right\"><a href=\"https:\/\/barnafrid.se\/kunskapsportal\/startsida\/barnafrids-utbildningar\/basprogram-om-vald-mot-barn-och-unga-gruppspar-forskola-2\/gruppspar-forskola\/fordjupningstema-krankningar-och-mobbning\/\">Tillbaka till f\u00f6rdjupningstemat &gt;&gt;<\/a><a href=\"https:\/\/barnafrid.se\/kunskapsportal\/startsida\/barnafrids-utbildningar\/basprogram-om-vald-mot-barn-och-unga-gruppspar-forskola-2\/gruppspar-forskola\/tema-5-tystnadskultur\/\"><br><\/a><a href=\"https:\/\/barnafrid.se\/kunskapsportal\/startsida\/barnafrids-utbildningar\/basprogram-om-vald-mot-barn-och-unga-gruppspar-forskola-2\/gruppspar-forskola\/\">Tillbaka till start &gt;&gt;<\/a><\/p>\n\n\n\n<p><\/p>\n","protected":false},"excerpt":{"rendered":"<p>Scenario Mika och Sara Scenario Axel Tillbaka till f\u00f6rdjupningstemat &gt;&gt;Tillbaka till start &gt;&gt;<\/p>\n","protected":false},"author":10518,"featured_media":0,"parent":0,"menu_order":0,"comment_status":"closed","ping_status":"closed","template":"page-centered.php","meta":{"h5ap_radio_sources":[],"footnotes":""},"role":[],"class_list":["post-8820","page","type-page","status-publish","hentry"],"yoast_head":"<!-- This site is optimized with the Yoast SEO plugin v27.5 - https:\/\/yoast.com\/product\/yoast-seo-wordpress\/ -->\n<title>F\u00f6rdjupningstema: Scenario\u00f6vningar - Barnafrid<\/title>\n<meta name=\"robots\" content=\"noindex, nofollow\" \/>\n<meta property=\"og:locale\" content=\"sv_SE\" \/>\n<meta property=\"og:type\" content=\"article\" \/>\n<meta property=\"og:title\" content=\"F\u00f6rdjupningstema: Scenario\u00f6vningar - Barnafrid\" \/>\n<meta property=\"og:description\" content=\"Scenario Mika och Sara Scenario Axel Tillbaka till f\u00f6rdjupningstemat &gt;&gt;Tillbaka till start &gt;&gt;\" \/>\n<meta property=\"og:url\" content=\"https:\/\/barnafrid.se\/kunskapsportal\/fordjupningstema-scenarioovning-krankningar-och-mobbning\/\" \/>\n<meta property=\"og:site_name\" content=\"Barnafrid\" \/>\n<meta property=\"article:modified_time\" content=\"2026-03-17T09:57:16+00:00\" \/>\n<meta name=\"twitter:card\" content=\"summary_large_image\" \/>\n<meta name=\"twitter:label1\" content=\"Ber\u00e4knad l\u00e4stid\" \/>\n\t<meta name=\"twitter:data1\" content=\"1 minut\" \/>\n<script type=\"application\/ld+json\" class=\"yoast-schema-graph\">{\"@context\":\"https:\\\/\\\/schema.org\",\"@graph\":[{\"@type\":\"WebPage\",\"@id\":\"https:\\\/\\\/barnafrid.se\\\/kunskapsportal\\\/fordjupningstema-scenarioovning-krankningar-och-mobbning\\\/\",\"url\":\"https:\\\/\\\/barnafrid.se\\\/kunskapsportal\\\/fordjupningstema-scenarioovning-krankningar-och-mobbning\\\/\",\"name\":\"F\u00f6rdjupningstema: Scenario\u00f6vningar - Barnafrid\",\"isPartOf\":{\"@id\":\"https:\\\/\\\/barnafrid.se\\\/kunskapsportal\\\/#website\"},\"datePublished\":\"2024-03-25T08:55:58+00:00\",\"dateModified\":\"2026-03-17T09:57:16+00:00\",\"breadcrumb\":{\"@id\":\"https:\\\/\\\/barnafrid.se\\\/kunskapsportal\\\/fordjupningstema-scenarioovning-krankningar-och-mobbning\\\/#breadcrumb\"},\"inLanguage\":\"sv-SE\",\"potentialAction\":[{\"@type\":\"ReadAction\",\"target\":[\"https:\\\/\\\/barnafrid.se\\\/kunskapsportal\\\/fordjupningstema-scenarioovning-krankningar-och-mobbning\\\/\"]}]},{\"@type\":\"BreadcrumbList\",\"@id\":\"https:\\\/\\\/barnafrid.se\\\/kunskapsportal\\\/fordjupningstema-scenarioovning-krankningar-och-mobbning\\\/#breadcrumb\",\"itemListElement\":[{\"@type\":\"ListItem\",\"position\":1,\"name\":\"Home\",\"item\":\"https:\\\/\\\/barnafrid.se\\\/kunskapsportal\\\/\"},{\"@type\":\"ListItem\",\"position\":2,\"name\":\"F\u00f6rdjupningstema: Scenario\u00f6vningar\"}]},{\"@type\":\"WebSite\",\"@id\":\"https:\\\/\\\/barnafrid.se\\\/kunskapsportal\\\/#website\",\"url\":\"https:\\\/\\\/barnafrid.se\\\/kunskapsportal\\\/\",\"name\":\"Barnafrid\",\"description\":\"Kunskapsportal om v\u00e5ld mot barn\",\"potentialAction\":[{\"@type\":\"SearchAction\",\"target\":{\"@type\":\"EntryPoint\",\"urlTemplate\":\"https:\\\/\\\/barnafrid.se\\\/kunskapsportal\\\/?s={search_term_string}\"},\"query-input\":{\"@type\":\"PropertyValueSpecification\",\"valueRequired\":true,\"valueName\":\"search_term_string\"}}],\"inLanguage\":\"sv-SE\"}]}<\/script>\n<!-- \/ Yoast SEO plugin. -->","yoast_head_json":{"title":"F\u00f6rdjupningstema: Scenario\u00f6vningar - Barnafrid","robots":{"index":"noindex","follow":"nofollow"},"og_locale":"sv_SE","og_type":"article","og_title":"F\u00f6rdjupningstema: Scenario\u00f6vningar - Barnafrid","og_description":"Scenario Mika och Sara Scenario Axel Tillbaka till f\u00f6rdjupningstemat &gt;&gt;Tillbaka till start &gt;&gt;","og_url":"https:\/\/barnafrid.se\/kunskapsportal\/fordjupningstema-scenarioovning-krankningar-och-mobbning\/","og_site_name":"Barnafrid","article_modified_time":"2026-03-17T09:57:16+00:00","twitter_card":"summary_large_image","twitter_misc":{"Ber\u00e4knad l\u00e4stid":"1 minut"},"schema":{"@context":"https:\/\/schema.org","@graph":[{"@type":"WebPage","@id":"https:\/\/barnafrid.se\/kunskapsportal\/fordjupningstema-scenarioovning-krankningar-och-mobbning\/","url":"https:\/\/barnafrid.se\/kunskapsportal\/fordjupningstema-scenarioovning-krankningar-och-mobbning\/","name":"F\u00f6rdjupningstema: Scenario\u00f6vningar - Barnafrid","isPartOf":{"@id":"https:\/\/barnafrid.se\/kunskapsportal\/#website"},"datePublished":"2024-03-25T08:55:58+00:00","dateModified":"2026-03-17T09:57:16+00:00","breadcrumb":{"@id":"https:\/\/barnafrid.se\/kunskapsportal\/fordjupningstema-scenarioovning-krankningar-och-mobbning\/#breadcrumb"},"inLanguage":"sv-SE","potentialAction":[{"@type":"ReadAction","target":["https:\/\/barnafrid.se\/kunskapsportal\/fordjupningstema-scenarioovning-krankningar-och-mobbning\/"]}]},{"@type":"BreadcrumbList","@id":"https:\/\/barnafrid.se\/kunskapsportal\/fordjupningstema-scenarioovning-krankningar-och-mobbning\/#breadcrumb","itemListElement":[{"@type":"ListItem","position":1,"name":"Home","item":"https:\/\/barnafrid.se\/kunskapsportal\/"},{"@type":"ListItem","position":2,"name":"F\u00f6rdjupningstema: Scenario\u00f6vningar"}]},{"@type":"WebSite","@id":"https:\/\/barnafrid.se\/kunskapsportal\/#website","url":"https:\/\/barnafrid.se\/kunskapsportal\/","name":"Barnafrid","description":"Kunskapsportal om v\u00e5ld mot barn","potentialAction":[{"@type":"SearchAction","target":{"@type":"EntryPoint","urlTemplate":"https:\/\/barnafrid.se\/kunskapsportal\/?s={search_term_string}"},"query-input":{"@type":"PropertyValueSpecification","valueRequired":true,"valueName":"search_term_string"}}],"inLanguage":"sv-SE"}]}},"_links":{"self":[{"href":"https:\/\/barnafrid.se\/kunskapsportal\/wp-json\/wp\/v2\/pages\/8820","targetHints":{"allow":["GET"]}}],"collection":[{"href":"https:\/\/barnafrid.se\/kunskapsportal\/wp-json\/wp\/v2\/pages"}],"about":[{"href":"https:\/\/barnafrid.se\/kunskapsportal\/wp-json\/wp\/v2\/types\/page"}],"author":[{"embeddable":true,"href":"https:\/\/barnafrid.se\/kunskapsportal\/wp-json\/wp\/v2\/users\/10518"}],"replies":[{"embeddable":true,"href":"https:\/\/barnafrid.se\/kunskapsportal\/wp-json\/wp\/v2\/comments?post=8820"}],"version-history":[{"count":14,"href":"https:\/\/barnafrid.se\/kunskapsportal\/wp-json\/wp\/v2\/pages\/8820\/revisions"}],"predecessor-version":[{"id":18022,"href":"https:\/\/barnafrid.se\/kunskapsportal\/wp-json\/wp\/v2\/pages\/8820\/revisions\/18022"}],"wp:attachment":[{"href":"https:\/\/barnafrid.se\/kunskapsportal\/wp-json\/wp\/v2\/media?parent=8820"}],"wp:term":[{"taxonomy":"role","embeddable":true,"href":"https:\/\/barnafrid.se\/kunskapsportal\/wp-json\/wp\/v2\/role?post=8820"}],"curies":[{"name":"wp","href":"https:\/\/api.w.org\/{rel}","templated":true}]}}