{"id":8573,"date":"2024-03-18T11:22:01","date_gmt":"2024-03-18T10:22:01","guid":{"rendered":"https:\/\/barnafrid.se\/kunskapsportal\/?page_id=8573"},"modified":"2024-04-12T08:13:03","modified_gmt":"2024-04-12T06:13:03","slug":"tema-2-hur-kan-ni-upptacka-att-ett-barn-ar-utsatt-for-vald","status":"publish","type":"page","link":"https:\/\/barnafrid.se\/kunskapsportal\/startsida\/barnafrids-utbildningar\/basprogram-om-vald-mot-barn-och-unga-gruppspar-forskola-2\/gruppspar-forskola\/tema-2-hur-kan-ni-upptacka-att-ett-barn-ar-utsatt-for-vald\/","title":{"rendered":"Tema 2: Hur kan ni uppt\u00e4cka att ett barn \u00e4r utsatt f\u00f6r v\u00e5ld?"},"content":{"rendered":"\n<figure class=\"Image size-full is-resized\"><img loading=\"lazy\" decoding=\"async\" width=\"628\" height=\"369\" src=\"\/kunskapsportal\/wp-content\/uploads\/2019\/12\/barnafrid_image_12-1.png\" alt=\"R\u00f6da st\u00f6vlar\" class=\"Image-img wp-image-1220\" style=\"width:385px;height:auto\" srcset=\"https:\/\/barnafrid.se\/kunskapsportal\/wp-content\/uploads\/2019\/12\/barnafrid_image_12-1.png 628w, https:\/\/barnafrid.se\/kunskapsportal\/wp-content\/uploads\/2019\/12\/barnafrid_image_12-1-300x176.png 300w\" sizes=\"auto, (max-width: 628px) 100vw, 628px\" \/><\/figure>\n\n\n\n<p>Syftet med tema 2 \u00e4r att dina kollegor ska f\u00e5 \u00f6kad kunskap och kompetens om hur v\u00e5ld mot barn kan uppt\u00e4ckas. I temat kommer dina kollegor f\u00e5 kunskap om vilka signaler och symtom som kan vara tecken p\u00e5 att ett barn kan vara f\u00f6r utsatt f\u00f6r v\u00e5ld. De kommer att f\u00e5 l\u00e4sa om och diskutera hur ett barn p\u00e5 olika s\u00e4tt kan uttrycka att hen \u00e4r v\u00e5ldsutsatt.<\/p>\n\n\n\n<p>M\u00e5let med det h\u00e4r temat \u00e4r att deltagarna ska f\u00e5 \u00f6kad kunskap om hur de kan uppt\u00e4cka v\u00e5ld genom att tolka och f\u00f6rst\u00e5 ett barns signaler och symtom.<\/p>\n\n\n\n\n<div class=\"Card-section Card-section--three \">\n\n\n    <a class=\"Card-link-container\" target=\"_blank\" href=\"https:\/\/barnafrid.se\/kunskapsportal\/tema-2-hur-kan-ni-upptacka-att-ett-barn-ar-utsatt-for-vald\/tema-2-handledningsmaterial\/\">\n        <div class=\"Card Card--purple Card--internal\">\n            <p class=\"Card-pretitle\"><\/p>\n            <h2 class=\"Card-title\">Handledningsmaterial<\/h2>\n                        <div class=\"Card-footer\">\n                <span class=\"Card-footer-text\">G\u00e5 till handledningsmaterial f\u00f6r tema 2<\/span>\n                            <\/div>\n        <\/div>\n    <\/a>\n    <a class=\"Card-link-container\" target=\"_blank\" href=\"https:\/\/barnafrid.se\/kunskapsportal\/startsida\/barnafrids-utbildningar\/basprogram-om-vald-mot-barn-och-unga-gruppspar-forskola-2\/gruppspar-forskola\/tema-2-hur-kan-ni-upptacka-att-ett-barn-ar-utsatt-for-vald\/tema-2-ovningsmaterial\/\">\n        <div class=\"Card Card--salmon Card--internal\">\n            <p class=\"Card-pretitle\"><\/p>\n            <h2 class=\"Card-title\">\u00d6vningsmaterial<\/h2>\n                        <div class=\"Card-footer\">\n                <span class=\"Card-footer-text\">G\u00e5 till \u00f6vningsmaterialet f\u00f6r tema 2<\/span>\n                            <\/div>\n        <\/div>\n    <\/a>\n    <a class=\"Card-link-container\" target=\"_blank\" href=\"https:\/\/barnafrid.se\/kunskapsportal\/startsida\/barnafrids-utbildningar\/basprogram-om-vald-mot-barn-och-unga-gruppspar-forskola-2\/gruppspar-forskola\/tema-2-hur-kan-ni-upptacka-att-ett-barn-ar-utsatt-for-vald\/tema-2-scenarioovning\/\">\n        <div class=\"Card Card--blue Card--internal\">\n            <p class=\"Card-pretitle\"><\/p>\n            <h2 class=\"Card-title\">Scenario\u00f6vning<\/h2>\n                        <div class=\"Card-footer\">\n                <span class=\"Card-footer-text\">G\u00e5 till scenario\u00f6vningen f\u00f6r tema 2<\/span>\n                            <\/div>\n        <\/div>\n    <\/a>\n<\/div>\n\n\n\n<p><a href=\"https:\/\/barnafrid.se\/kunskapsportal\/startsida\/barnafrids-utbildningar\/basprogram-om-vald-mot-barn-och-unga-gruppspar-forskola-2\/gruppspar-forskola\/\">Tillbaka till start &gt;&gt;<\/a><\/p>\n","protected":false},"excerpt":{"rendered":"<p>Syftet med tema 2 \u00e4r att dina kollegor ska f\u00e5 \u00f6kad kunskap och kompetens om hur v\u00e5ld mot barn kan uppt\u00e4ckas. I temat kommer dina kollegor f\u00e5 kunskap om vilka signaler och symtom som kan vara tecken p\u00e5 att ett barn kan vara f\u00f6r utsatt f\u00f6r v\u00e5ld. De kommer att f\u00e5 l\u00e4sa om och diskutera [&hellip;]<\/p>\n","protected":false},"author":10518,"featured_media":0,"parent":8406,"menu_order":0,"comment_status":"closed","ping_status":"closed","template":"page-centered.php","meta":{"h5ap_radio_sources":[],"footnotes":""},"role":[],"class_list":["post-8573","page","type-page","status-publish","hentry"],"yoast_head":"<!-- This site is optimized with the Yoast SEO plugin v27.5 - https:\/\/yoast.com\/product\/yoast-seo-wordpress\/ -->\n<title>Tema 2: Hur kan ni uppt\u00e4cka att ett barn \u00e4r utsatt f\u00f6r v\u00e5ld? - Barnafrid<\/title>\n<meta name=\"robots\" content=\"noindex, nofollow\" \/>\n<meta property=\"og:locale\" content=\"sv_SE\" \/>\n<meta property=\"og:type\" content=\"article\" \/>\n<meta property=\"og:title\" content=\"Tema 2: Hur kan ni uppt\u00e4cka att ett barn \u00e4r utsatt f\u00f6r v\u00e5ld? - Barnafrid\" \/>\n<meta property=\"og:description\" content=\"Syftet med tema 2 \u00e4r att dina kollegor ska f\u00e5 \u00f6kad kunskap och kompetens om hur v\u00e5ld mot barn kan uppt\u00e4ckas. I temat kommer dina kollegor f\u00e5 kunskap om vilka signaler och symtom som kan vara tecken p\u00e5 att ett barn kan vara f\u00f6r utsatt f\u00f6r v\u00e5ld. De kommer att f\u00e5 l\u00e4sa om och diskutera [&hellip;]\" \/>\n<meta property=\"og:url\" content=\"https:\/\/barnafrid.se\/kunskapsportal\/startsida\/barnafrids-utbildningar\/basprogram-om-vald-mot-barn-och-unga-gruppspar-forskola-2\/gruppspar-forskola\/tema-2-hur-kan-ni-upptacka-att-ett-barn-ar-utsatt-for-vald\/\" \/>\n<meta property=\"og:site_name\" content=\"Barnafrid\" \/>\n<meta property=\"article:modified_time\" content=\"2024-04-12T06:13:03+00:00\" \/>\n<meta name=\"twitter:card\" content=\"summary_large_image\" \/>\n<meta name=\"twitter:label1\" content=\"Ber\u00e4knad l\u00e4stid\" \/>\n\t<meta name=\"twitter:data1\" content=\"1 minut\" \/>\n<script type=\"application\/ld+json\" class=\"yoast-schema-graph\">{\"@context\":\"https:\\\/\\\/schema.org\",\"@graph\":[{\"@type\":\"WebPage\",\"@id\":\"https:\\\/\\\/barnafrid.se\\\/kunskapsportal\\\/startsida\\\/barnafrids-utbildningar\\\/basprogram-om-vald-mot-barn-och-unga-gruppspar-forskola-2\\\/gruppspar-forskola\\\/tema-2-hur-kan-ni-upptacka-att-ett-barn-ar-utsatt-for-vald\\\/\",\"url\":\"https:\\\/\\\/barnafrid.se\\\/kunskapsportal\\\/startsida\\\/barnafrids-utbildningar\\\/basprogram-om-vald-mot-barn-och-unga-gruppspar-forskola-2\\\/gruppspar-forskola\\\/tema-2-hur-kan-ni-upptacka-att-ett-barn-ar-utsatt-for-vald\\\/\",\"name\":\"Tema 2: Hur kan ni uppt\u00e4cka att ett barn \u00e4r utsatt f\u00f6r v\u00e5ld? - Barnafrid\",\"isPartOf\":{\"@id\":\"https:\\\/\\\/barnafrid.se\\\/kunskapsportal\\\/#website\"},\"datePublished\":\"2024-03-18T10:22:01+00:00\",\"dateModified\":\"2024-04-12T06:13:03+00:00\",\"breadcrumb\":{\"@id\":\"https:\\\/\\\/barnafrid.se\\\/kunskapsportal\\\/startsida\\\/barnafrids-utbildningar\\\/basprogram-om-vald-mot-barn-och-unga-gruppspar-forskola-2\\\/gruppspar-forskola\\\/tema-2-hur-kan-ni-upptacka-att-ett-barn-ar-utsatt-for-vald\\\/#breadcrumb\"},\"inLanguage\":\"sv-SE\",\"potentialAction\":[{\"@type\":\"ReadAction\",\"target\":[\"https:\\\/\\\/barnafrid.se\\\/kunskapsportal\\\/startsida\\\/barnafrids-utbildningar\\\/basprogram-om-vald-mot-barn-och-unga-gruppspar-forskola-2\\\/gruppspar-forskola\\\/tema-2-hur-kan-ni-upptacka-att-ett-barn-ar-utsatt-for-vald\\\/\"]}]},{\"@type\":\"BreadcrumbList\",\"@id\":\"https:\\\/\\\/barnafrid.se\\\/kunskapsportal\\\/startsida\\\/barnafrids-utbildningar\\\/basprogram-om-vald-mot-barn-och-unga-gruppspar-forskola-2\\\/gruppspar-forskola\\\/tema-2-hur-kan-ni-upptacka-att-ett-barn-ar-utsatt-for-vald\\\/#breadcrumb\",\"itemListElement\":[{\"@type\":\"ListItem\",\"position\":1,\"name\":\"Home\",\"item\":\"https:\\\/\\\/barnafrid.se\\\/kunskapsportal\\\/\"},{\"@type\":\"ListItem\",\"position\":2,\"name\":\"Startsida\",\"item\":\"https:\\\/\\\/barnafrid.se\\\/kunskapsportal\\\/\"},{\"@type\":\"ListItem\",\"position\":3,\"name\":\"Utbildningar\",\"item\":\"https:\\\/\\\/barnafrid.se\\\/kunskapsportal\\\/startsida\\\/barnafrids-utbildningar\\\/\"},{\"@type\":\"ListItem\",\"position\":4,\"name\":\"Basprogram om v\u00e5ld mot barn och unga Gruppsp\u00e5r f\u00f6r f\u00f6rskolan\",\"item\":\"https:\\\/\\\/barnafrid.se\\\/kunskapsportal\\\/startsida\\\/barnafrids-utbildningar\\\/basprogram-om-vald-mot-barn-och-unga-gruppspar-forskola-2\\\/\"},{\"@type\":\"ListItem\",\"position\":5,\"name\":\"V\u00e4lkommen till utbildningen Barnafrids basprogram om v\u00e5ld mot barn och unga \u2013 gruppsp\u00e5r f\u00f6r f\u00f6rskolan\",\"item\":\"https:\\\/\\\/barnafrid.se\\\/kunskapsportal\\\/startsida\\\/barnafrids-utbildningar\\\/basprogram-om-vald-mot-barn-och-unga-gruppspar-forskola-2\\\/gruppspar-forskola\\\/\"},{\"@type\":\"ListItem\",\"position\":6,\"name\":\"Tema 2: Hur kan ni uppt\u00e4cka att ett barn \u00e4r utsatt f\u00f6r v\u00e5ld?\"}]},{\"@type\":\"WebSite\",\"@id\":\"https:\\\/\\\/barnafrid.se\\\/kunskapsportal\\\/#website\",\"url\":\"https:\\\/\\\/barnafrid.se\\\/kunskapsportal\\\/\",\"name\":\"Barnafrid\",\"description\":\"Kunskapsportal om v\u00e5ld mot barn\",\"potentialAction\":[{\"@type\":\"SearchAction\",\"target\":{\"@type\":\"EntryPoint\",\"urlTemplate\":\"https:\\\/\\\/barnafrid.se\\\/kunskapsportal\\\/?s={search_term_string}\"},\"query-input\":{\"@type\":\"PropertyValueSpecification\",\"valueRequired\":true,\"valueName\":\"search_term_string\"}}],\"inLanguage\":\"sv-SE\"}]}<\/script>\n<!-- \/ Yoast SEO plugin. -->","yoast_head_json":{"title":"Tema 2: Hur kan ni uppt\u00e4cka att ett barn \u00e4r utsatt f\u00f6r v\u00e5ld? - Barnafrid","robots":{"index":"noindex","follow":"nofollow"},"og_locale":"sv_SE","og_type":"article","og_title":"Tema 2: Hur kan ni uppt\u00e4cka att ett barn \u00e4r utsatt f\u00f6r v\u00e5ld? - Barnafrid","og_description":"Syftet med tema 2 \u00e4r att dina kollegor ska f\u00e5 \u00f6kad kunskap och kompetens om hur v\u00e5ld mot barn kan uppt\u00e4ckas. I temat kommer dina kollegor f\u00e5 kunskap om vilka signaler och symtom som kan vara tecken p\u00e5 att ett barn kan vara f\u00f6r utsatt f\u00f6r v\u00e5ld. De kommer att f\u00e5 l\u00e4sa om och diskutera [&hellip;]","og_url":"https:\/\/barnafrid.se\/kunskapsportal\/startsida\/barnafrids-utbildningar\/basprogram-om-vald-mot-barn-och-unga-gruppspar-forskola-2\/gruppspar-forskola\/tema-2-hur-kan-ni-upptacka-att-ett-barn-ar-utsatt-for-vald\/","og_site_name":"Barnafrid","article_modified_time":"2024-04-12T06:13:03+00:00","twitter_card":"summary_large_image","twitter_misc":{"Ber\u00e4knad l\u00e4stid":"1 minut"},"schema":{"@context":"https:\/\/schema.org","@graph":[{"@type":"WebPage","@id":"https:\/\/barnafrid.se\/kunskapsportal\/startsida\/barnafrids-utbildningar\/basprogram-om-vald-mot-barn-och-unga-gruppspar-forskola-2\/gruppspar-forskola\/tema-2-hur-kan-ni-upptacka-att-ett-barn-ar-utsatt-for-vald\/","url":"https:\/\/barnafrid.se\/kunskapsportal\/startsida\/barnafrids-utbildningar\/basprogram-om-vald-mot-barn-och-unga-gruppspar-forskola-2\/gruppspar-forskola\/tema-2-hur-kan-ni-upptacka-att-ett-barn-ar-utsatt-for-vald\/","name":"Tema 2: Hur kan ni uppt\u00e4cka att ett barn \u00e4r utsatt f\u00f6r v\u00e5ld? - Barnafrid","isPartOf":{"@id":"https:\/\/barnafrid.se\/kunskapsportal\/#website"},"datePublished":"2024-03-18T10:22:01+00:00","dateModified":"2024-04-12T06:13:03+00:00","breadcrumb":{"@id":"https:\/\/barnafrid.se\/kunskapsportal\/startsida\/barnafrids-utbildningar\/basprogram-om-vald-mot-barn-och-unga-gruppspar-forskola-2\/gruppspar-forskola\/tema-2-hur-kan-ni-upptacka-att-ett-barn-ar-utsatt-for-vald\/#breadcrumb"},"inLanguage":"sv-SE","potentialAction":[{"@type":"ReadAction","target":["https:\/\/barnafrid.se\/kunskapsportal\/startsida\/barnafrids-utbildningar\/basprogram-om-vald-mot-barn-och-unga-gruppspar-forskola-2\/gruppspar-forskola\/tema-2-hur-kan-ni-upptacka-att-ett-barn-ar-utsatt-for-vald\/"]}]},{"@type":"BreadcrumbList","@id":"https:\/\/barnafrid.se\/kunskapsportal\/startsida\/barnafrids-utbildningar\/basprogram-om-vald-mot-barn-och-unga-gruppspar-forskola-2\/gruppspar-forskola\/tema-2-hur-kan-ni-upptacka-att-ett-barn-ar-utsatt-for-vald\/#breadcrumb","itemListElement":[{"@type":"ListItem","position":1,"name":"Home","item":"https:\/\/barnafrid.se\/kunskapsportal\/"},{"@type":"ListItem","position":2,"name":"Startsida","item":"https:\/\/barnafrid.se\/kunskapsportal\/"},{"@type":"ListItem","position":3,"name":"Utbildningar","item":"https:\/\/barnafrid.se\/kunskapsportal\/startsida\/barnafrids-utbildningar\/"},{"@type":"ListItem","position":4,"name":"Basprogram om v\u00e5ld mot barn och unga Gruppsp\u00e5r f\u00f6r f\u00f6rskolan","item":"https:\/\/barnafrid.se\/kunskapsportal\/startsida\/barnafrids-utbildningar\/basprogram-om-vald-mot-barn-och-unga-gruppspar-forskola-2\/"},{"@type":"ListItem","position":5,"name":"V\u00e4lkommen till utbildningen Barnafrids basprogram om v\u00e5ld mot barn och unga \u2013 gruppsp\u00e5r f\u00f6r f\u00f6rskolan","item":"https:\/\/barnafrid.se\/kunskapsportal\/startsida\/barnafrids-utbildningar\/basprogram-om-vald-mot-barn-och-unga-gruppspar-forskola-2\/gruppspar-forskola\/"},{"@type":"ListItem","position":6,"name":"Tema 2: Hur kan ni uppt\u00e4cka att ett barn \u00e4r utsatt f\u00f6r v\u00e5ld?"}]},{"@type":"WebSite","@id":"https:\/\/barnafrid.se\/kunskapsportal\/#website","url":"https:\/\/barnafrid.se\/kunskapsportal\/","name":"Barnafrid","description":"Kunskapsportal om v\u00e5ld mot barn","potentialAction":[{"@type":"SearchAction","target":{"@type":"EntryPoint","urlTemplate":"https:\/\/barnafrid.se\/kunskapsportal\/?s={search_term_string}"},"query-input":{"@type":"PropertyValueSpecification","valueRequired":true,"valueName":"search_term_string"}}],"inLanguage":"sv-SE"}]}},"_links":{"self":[{"href":"https:\/\/barnafrid.se\/kunskapsportal\/wp-json\/wp\/v2\/pages\/8573","targetHints":{"allow":["GET"]}}],"collection":[{"href":"https:\/\/barnafrid.se\/kunskapsportal\/wp-json\/wp\/v2\/pages"}],"about":[{"href":"https:\/\/barnafrid.se\/kunskapsportal\/wp-json\/wp\/v2\/types\/page"}],"author":[{"embeddable":true,"href":"https:\/\/barnafrid.se\/kunskapsportal\/wp-json\/wp\/v2\/users\/10518"}],"replies":[{"embeddable":true,"href":"https:\/\/barnafrid.se\/kunskapsportal\/wp-json\/wp\/v2\/comments?post=8573"}],"version-history":[{"count":9,"href":"https:\/\/barnafrid.se\/kunskapsportal\/wp-json\/wp\/v2\/pages\/8573\/revisions"}],"predecessor-version":[{"id":8988,"href":"https:\/\/barnafrid.se\/kunskapsportal\/wp-json\/wp\/v2\/pages\/8573\/revisions\/8988"}],"up":[{"embeddable":true,"href":"https:\/\/barnafrid.se\/kunskapsportal\/wp-json\/wp\/v2\/pages\/8406"}],"wp:attachment":[{"href":"https:\/\/barnafrid.se\/kunskapsportal\/wp-json\/wp\/v2\/media?parent=8573"}],"wp:term":[{"taxonomy":"role","embeddable":true,"href":"https:\/\/barnafrid.se\/kunskapsportal\/wp-json\/wp\/v2\/role?post=8573"}],"curies":[{"name":"wp","href":"https:\/\/api.w.org\/{rel}","templated":true}]}}