{"id":8566,"date":"2024-03-18T11:16:21","date_gmt":"2024-03-18T10:16:21","guid":{"rendered":"https:\/\/barnafrid.se\/kunskapsportal\/?page_id=8566"},"modified":"2025-09-18T10:16:23","modified_gmt":"2025-09-18T08:16:23","slug":"tema-1-ovningsmaterial","status":"publish","type":"page","link":"https:\/\/barnafrid.se\/kunskapsportal\/startsida\/barnafrids-utbildningar\/basprogram-om-vald-mot-barn-och-unga-gruppspar-forskola-2\/gruppspar-forskola\/tema-1-vad-ar-vald-mot-barn-och-barnmisshandel-2\/tema-1-ovningsmaterial\/","title":{"rendered":"Tema 1: \u00d6vningsmaterial"},"content":{"rendered":"\n<figure class=\"Image size-full is-resized\"><img loading=\"lazy\" decoding=\"async\" width=\"650\" height=\"344\" src=\"\/kunskapsportal\/wp-content\/uploads\/2019\/12\/barnafrid_image_7-1.png\" alt=\"Illustration av en dator, tablet och mobil med kaffekopp i bakgrunden\" class=\"Image-img wp-image-1098\" style=\"width:334px;height:auto\" srcset=\"https:\/\/barnafrid.se\/kunskapsportal\/wp-content\/uploads\/2019\/12\/barnafrid_image_7-1.png 650w, https:\/\/barnafrid.se\/kunskapsportal\/wp-content\/uploads\/2019\/12\/barnafrid_image_7-1-300x159.png 300w\" sizes=\"auto, (max-width: 650px) 100vw, 650px\" \/><\/figure>\n\n\n\n<ul class=\"List\">\n<li class=\"List-item\"><a href=\"https:\/\/barnafrid.se\/kunskapsportal\/wp-content\/uploads\/2025\/08\/faktablad-tema-1-250820.pdf\" target=\"_blank\" rel=\"noreferrer noopener nofollow\">Ett faktablad \u201dVad \u00e4r v\u00e5ld mot barn och barnmisshandel?<\/a>\u201d (pdf)<\/li>\n\n\n\n<li class=\"List-item\"><a rel=\"noreferrer noopener\" href=\"https:\/\/barnafrid.se\/kunskapsportal\/wp-content\/uploads\/2023\/01\/tematraff-1-.mp3\" target=\"_blank\">Inl\u00e4st faktablad \u201dVad \u00e4r v\u00e5ld mot barn och barnmisshandel?<\/a>\u201d (mp3)<\/li>\n\n\n\n<li class=\"List-item\"><a rel=\"noreferrer noopener\" href=\"https:\/\/barnafrid.se\/kunskapsportal\/wp-content\/uploads\/2023\/01\/tema-1-ovning-1.pdf\" target=\"_blank\">Instruktion till \u00f6vningen:<\/a>&nbsp;Rangordna hur allvarliga du tycker att olika former av v\u00e5ld \u00e4r<\/li>\n\n\n\n<li class=\"List-item\"><a href=\"https:\/\/barnafrid.se\/kunskapsportal\/wp-content\/uploads\/2025\/09\/ovning-rangording-tema-1.pdf\">Blankett till \u00f6vningen: Rangordna hur allvarliga du tycker att olika former av v\u00e5ld \u00e4r.<\/a><\/li>\n<\/ul>\n\n\n\n<p class=\"has-text-align-right\"><a href=\"https:\/\/barnafrid.se\/kunskapsportal\/gruppspar-forskola\/tema-1-vad-ar-vald-mot-barn-och-barnmisshandel-2\/\">Tillbaka till Tema 1 &gt;&gt;<\/a> <br><a href=\"https:\/\/barnafrid.se\/kunskapsportal\/startsida\/barnafrids-utbildningar\/basprogram-om-vald-mot-barn-och-unga-gruppspar-forskola-2\/gruppspar-forskola\/\">Tillbaka till start &gt;&gt;<\/a><\/p>\n","protected":false},"excerpt":{"rendered":"<p>Tillbaka till Tema 1 &gt;&gt; Tillbaka till start &gt;&gt;<\/p>\n","protected":false},"author":10518,"featured_media":0,"parent":8551,"menu_order":0,"comment_status":"closed","ping_status":"closed","template":"page-centered.php","meta":{"h5ap_radio_sources":[],"footnotes":""},"role":[],"class_list":["post-8566","page","type-page","status-publish","hentry"],"yoast_head":"<!-- This site is optimized with the Yoast SEO plugin v27.5 - https:\/\/yoast.com\/product\/yoast-seo-wordpress\/ -->\n<title>Tema 1: \u00d6vningsmaterial - Barnafrid<\/title>\n<meta name=\"robots\" content=\"noindex, nofollow\" \/>\n<meta property=\"og:locale\" content=\"sv_SE\" \/>\n<meta property=\"og:type\" content=\"article\" \/>\n<meta property=\"og:title\" content=\"Tema 1: \u00d6vningsmaterial - Barnafrid\" \/>\n<meta property=\"og:description\" content=\"Tillbaka till Tema 1 &gt;&gt; Tillbaka till start &gt;&gt;\" \/>\n<meta property=\"og:url\" content=\"https:\/\/barnafrid.se\/kunskapsportal\/startsida\/barnafrids-utbildningar\/basprogram-om-vald-mot-barn-och-unga-gruppspar-forskola-2\/gruppspar-forskola\/tema-1-vad-ar-vald-mot-barn-och-barnmisshandel-2\/tema-1-ovningsmaterial\/\" \/>\n<meta property=\"og:site_name\" content=\"Barnafrid\" \/>\n<meta property=\"article:modified_time\" content=\"2025-09-18T08:16:23+00:00\" \/>\n<meta name=\"twitter:card\" content=\"summary_large_image\" \/>\n<meta name=\"twitter:label1\" content=\"Ber\u00e4knad l\u00e4stid\" \/>\n\t<meta name=\"twitter:data1\" content=\"1 minut\" \/>\n<script type=\"application\/ld+json\" class=\"yoast-schema-graph\">{\"@context\":\"https:\\\/\\\/schema.org\",\"@graph\":[{\"@type\":\"WebPage\",\"@id\":\"https:\\\/\\\/barnafrid.se\\\/kunskapsportal\\\/startsida\\\/barnafrids-utbildningar\\\/basprogram-om-vald-mot-barn-och-unga-gruppspar-forskola-2\\\/gruppspar-forskola\\\/tema-1-vad-ar-vald-mot-barn-och-barnmisshandel-2\\\/tema-1-ovningsmaterial\\\/\",\"url\":\"https:\\\/\\\/barnafrid.se\\\/kunskapsportal\\\/startsida\\\/barnafrids-utbildningar\\\/basprogram-om-vald-mot-barn-och-unga-gruppspar-forskola-2\\\/gruppspar-forskola\\\/tema-1-vad-ar-vald-mot-barn-och-barnmisshandel-2\\\/tema-1-ovningsmaterial\\\/\",\"name\":\"Tema 1: \u00d6vningsmaterial - Barnafrid\",\"isPartOf\":{\"@id\":\"https:\\\/\\\/barnafrid.se\\\/kunskapsportal\\\/#website\"},\"datePublished\":\"2024-03-18T10:16:21+00:00\",\"dateModified\":\"2025-09-18T08:16:23+00:00\",\"breadcrumb\":{\"@id\":\"https:\\\/\\\/barnafrid.se\\\/kunskapsportal\\\/startsida\\\/barnafrids-utbildningar\\\/basprogram-om-vald-mot-barn-och-unga-gruppspar-forskola-2\\\/gruppspar-forskola\\\/tema-1-vad-ar-vald-mot-barn-och-barnmisshandel-2\\\/tema-1-ovningsmaterial\\\/#breadcrumb\"},\"inLanguage\":\"sv-SE\",\"potentialAction\":[{\"@type\":\"ReadAction\",\"target\":[\"https:\\\/\\\/barnafrid.se\\\/kunskapsportal\\\/startsida\\\/barnafrids-utbildningar\\\/basprogram-om-vald-mot-barn-och-unga-gruppspar-forskola-2\\\/gruppspar-forskola\\\/tema-1-vad-ar-vald-mot-barn-och-barnmisshandel-2\\\/tema-1-ovningsmaterial\\\/\"]}]},{\"@type\":\"BreadcrumbList\",\"@id\":\"https:\\\/\\\/barnafrid.se\\\/kunskapsportal\\\/startsida\\\/barnafrids-utbildningar\\\/basprogram-om-vald-mot-barn-och-unga-gruppspar-forskola-2\\\/gruppspar-forskola\\\/tema-1-vad-ar-vald-mot-barn-och-barnmisshandel-2\\\/tema-1-ovningsmaterial\\\/#breadcrumb\",\"itemListElement\":[{\"@type\":\"ListItem\",\"position\":1,\"name\":\"Home\",\"item\":\"https:\\\/\\\/barnafrid.se\\\/kunskapsportal\\\/\"},{\"@type\":\"ListItem\",\"position\":2,\"name\":\"Startsida\",\"item\":\"https:\\\/\\\/barnafrid.se\\\/kunskapsportal\\\/\"},{\"@type\":\"ListItem\",\"position\":3,\"name\":\"Utbildningar\",\"item\":\"https:\\\/\\\/barnafrid.se\\\/kunskapsportal\\\/startsida\\\/barnafrids-utbildningar\\\/\"},{\"@type\":\"ListItem\",\"position\":4,\"name\":\"Basprogram om v\u00e5ld mot barn och unga Gruppsp\u00e5r f\u00f6r f\u00f6rskolan\",\"item\":\"https:\\\/\\\/barnafrid.se\\\/kunskapsportal\\\/startsida\\\/barnafrids-utbildningar\\\/basprogram-om-vald-mot-barn-och-unga-gruppspar-forskola-2\\\/\"},{\"@type\":\"ListItem\",\"position\":5,\"name\":\"V\u00e4lkommen till utbildningen Barnafrids basprogram om v\u00e5ld mot barn och unga \u2013 gruppsp\u00e5r f\u00f6r f\u00f6rskolan\",\"item\":\"https:\\\/\\\/barnafrid.se\\\/kunskapsportal\\\/startsida\\\/barnafrids-utbildningar\\\/basprogram-om-vald-mot-barn-och-unga-gruppspar-forskola-2\\\/gruppspar-forskola\\\/\"},{\"@type\":\"ListItem\",\"position\":6,\"name\":\"Tema 1. Vad \u00e4r v\u00e5ld mot barn och barnmisshandel?\",\"item\":\"https:\\\/\\\/barnafrid.se\\\/kunskapsportal\\\/startsida\\\/barnafrids-utbildningar\\\/basprogram-om-vald-mot-barn-och-unga-gruppspar-forskola-2\\\/gruppspar-forskola\\\/tema-1-vad-ar-vald-mot-barn-och-barnmisshandel-2\\\/\"},{\"@type\":\"ListItem\",\"position\":7,\"name\":\"Tema 1: \u00d6vningsmaterial\"}]},{\"@type\":\"WebSite\",\"@id\":\"https:\\\/\\\/barnafrid.se\\\/kunskapsportal\\\/#website\",\"url\":\"https:\\\/\\\/barnafrid.se\\\/kunskapsportal\\\/\",\"name\":\"Barnafrid\",\"description\":\"Kunskapsportal om v\u00e5ld mot barn\",\"potentialAction\":[{\"@type\":\"SearchAction\",\"target\":{\"@type\":\"EntryPoint\",\"urlTemplate\":\"https:\\\/\\\/barnafrid.se\\\/kunskapsportal\\\/?s={search_term_string}\"},\"query-input\":{\"@type\":\"PropertyValueSpecification\",\"valueRequired\":true,\"valueName\":\"search_term_string\"}}],\"inLanguage\":\"sv-SE\"}]}<\/script>\n<!-- \/ Yoast SEO plugin. -->","yoast_head_json":{"title":"Tema 1: \u00d6vningsmaterial - Barnafrid","robots":{"index":"noindex","follow":"nofollow"},"og_locale":"sv_SE","og_type":"article","og_title":"Tema 1: \u00d6vningsmaterial - Barnafrid","og_description":"Tillbaka till Tema 1 &gt;&gt; Tillbaka till start &gt;&gt;","og_url":"https:\/\/barnafrid.se\/kunskapsportal\/startsida\/barnafrids-utbildningar\/basprogram-om-vald-mot-barn-och-unga-gruppspar-forskola-2\/gruppspar-forskola\/tema-1-vad-ar-vald-mot-barn-och-barnmisshandel-2\/tema-1-ovningsmaterial\/","og_site_name":"Barnafrid","article_modified_time":"2025-09-18T08:16:23+00:00","twitter_card":"summary_large_image","twitter_misc":{"Ber\u00e4knad l\u00e4stid":"1 minut"},"schema":{"@context":"https:\/\/schema.org","@graph":[{"@type":"WebPage","@id":"https:\/\/barnafrid.se\/kunskapsportal\/startsida\/barnafrids-utbildningar\/basprogram-om-vald-mot-barn-och-unga-gruppspar-forskola-2\/gruppspar-forskola\/tema-1-vad-ar-vald-mot-barn-och-barnmisshandel-2\/tema-1-ovningsmaterial\/","url":"https:\/\/barnafrid.se\/kunskapsportal\/startsida\/barnafrids-utbildningar\/basprogram-om-vald-mot-barn-och-unga-gruppspar-forskola-2\/gruppspar-forskola\/tema-1-vad-ar-vald-mot-barn-och-barnmisshandel-2\/tema-1-ovningsmaterial\/","name":"Tema 1: \u00d6vningsmaterial - Barnafrid","isPartOf":{"@id":"https:\/\/barnafrid.se\/kunskapsportal\/#website"},"datePublished":"2024-03-18T10:16:21+00:00","dateModified":"2025-09-18T08:16:23+00:00","breadcrumb":{"@id":"https:\/\/barnafrid.se\/kunskapsportal\/startsida\/barnafrids-utbildningar\/basprogram-om-vald-mot-barn-och-unga-gruppspar-forskola-2\/gruppspar-forskola\/tema-1-vad-ar-vald-mot-barn-och-barnmisshandel-2\/tema-1-ovningsmaterial\/#breadcrumb"},"inLanguage":"sv-SE","potentialAction":[{"@type":"ReadAction","target":["https:\/\/barnafrid.se\/kunskapsportal\/startsida\/barnafrids-utbildningar\/basprogram-om-vald-mot-barn-och-unga-gruppspar-forskola-2\/gruppspar-forskola\/tema-1-vad-ar-vald-mot-barn-och-barnmisshandel-2\/tema-1-ovningsmaterial\/"]}]},{"@type":"BreadcrumbList","@id":"https:\/\/barnafrid.se\/kunskapsportal\/startsida\/barnafrids-utbildningar\/basprogram-om-vald-mot-barn-och-unga-gruppspar-forskola-2\/gruppspar-forskola\/tema-1-vad-ar-vald-mot-barn-och-barnmisshandel-2\/tema-1-ovningsmaterial\/#breadcrumb","itemListElement":[{"@type":"ListItem","position":1,"name":"Home","item":"https:\/\/barnafrid.se\/kunskapsportal\/"},{"@type":"ListItem","position":2,"name":"Startsida","item":"https:\/\/barnafrid.se\/kunskapsportal\/"},{"@type":"ListItem","position":3,"name":"Utbildningar","item":"https:\/\/barnafrid.se\/kunskapsportal\/startsida\/barnafrids-utbildningar\/"},{"@type":"ListItem","position":4,"name":"Basprogram om v\u00e5ld mot barn och unga Gruppsp\u00e5r f\u00f6r f\u00f6rskolan","item":"https:\/\/barnafrid.se\/kunskapsportal\/startsida\/barnafrids-utbildningar\/basprogram-om-vald-mot-barn-och-unga-gruppspar-forskola-2\/"},{"@type":"ListItem","position":5,"name":"V\u00e4lkommen till utbildningen Barnafrids basprogram om v\u00e5ld mot barn och unga \u2013 gruppsp\u00e5r f\u00f6r f\u00f6rskolan","item":"https:\/\/barnafrid.se\/kunskapsportal\/startsida\/barnafrids-utbildningar\/basprogram-om-vald-mot-barn-och-unga-gruppspar-forskola-2\/gruppspar-forskola\/"},{"@type":"ListItem","position":6,"name":"Tema 1. Vad \u00e4r v\u00e5ld mot barn och barnmisshandel?","item":"https:\/\/barnafrid.se\/kunskapsportal\/startsida\/barnafrids-utbildningar\/basprogram-om-vald-mot-barn-och-unga-gruppspar-forskola-2\/gruppspar-forskola\/tema-1-vad-ar-vald-mot-barn-och-barnmisshandel-2\/"},{"@type":"ListItem","position":7,"name":"Tema 1: \u00d6vningsmaterial"}]},{"@type":"WebSite","@id":"https:\/\/barnafrid.se\/kunskapsportal\/#website","url":"https:\/\/barnafrid.se\/kunskapsportal\/","name":"Barnafrid","description":"Kunskapsportal om v\u00e5ld mot barn","potentialAction":[{"@type":"SearchAction","target":{"@type":"EntryPoint","urlTemplate":"https:\/\/barnafrid.se\/kunskapsportal\/?s={search_term_string}"},"query-input":{"@type":"PropertyValueSpecification","valueRequired":true,"valueName":"search_term_string"}}],"inLanguage":"sv-SE"}]}},"_links":{"self":[{"href":"https:\/\/barnafrid.se\/kunskapsportal\/wp-json\/wp\/v2\/pages\/8566","targetHints":{"allow":["GET"]}}],"collection":[{"href":"https:\/\/barnafrid.se\/kunskapsportal\/wp-json\/wp\/v2\/pages"}],"about":[{"href":"https:\/\/barnafrid.se\/kunskapsportal\/wp-json\/wp\/v2\/types\/page"}],"author":[{"embeddable":true,"href":"https:\/\/barnafrid.se\/kunskapsportal\/wp-json\/wp\/v2\/users\/10518"}],"replies":[{"embeddable":true,"href":"https:\/\/barnafrid.se\/kunskapsportal\/wp-json\/wp\/v2\/comments?post=8566"}],"version-history":[{"count":7,"href":"https:\/\/barnafrid.se\/kunskapsportal\/wp-json\/wp\/v2\/pages\/8566\/revisions"}],"predecessor-version":[{"id":16697,"href":"https:\/\/barnafrid.se\/kunskapsportal\/wp-json\/wp\/v2\/pages\/8566\/revisions\/16697"}],"up":[{"embeddable":true,"href":"https:\/\/barnafrid.se\/kunskapsportal\/wp-json\/wp\/v2\/pages\/8551"}],"wp:attachment":[{"href":"https:\/\/barnafrid.se\/kunskapsportal\/wp-json\/wp\/v2\/media?parent=8566"}],"wp:term":[{"taxonomy":"role","embeddable":true,"href":"https:\/\/barnafrid.se\/kunskapsportal\/wp-json\/wp\/v2\/role?post=8566"}],"curies":[{"name":"wp","href":"https:\/\/api.w.org\/{rel}","templated":true}]}}