{"id":8474,"date":"2024-03-12T10:12:38","date_gmt":"2024-03-12T09:12:38","guid":{"rendered":"https:\/\/barnafrid.se\/kunskapsportal\/?page_id=8474"},"modified":"2026-03-17T01:06:41","modified_gmt":"2026-03-17T00:06:41","slug":"basprogram-om-vald-mot-barn-och-unga-gruppspar-forskola-2","status":"publish","type":"page","link":"https:\/\/barnafrid.se\/kunskapsportal\/startsida\/barnafrids-utbildningar\/basprogram-om-vald-mot-barn-och-unga-gruppspar-forskola-2\/","title":{"rendered":"Basprogram om v\u00e5ld mot barn och unga Gruppsp\u00e5r f\u00f6r f\u00f6rskolan"},"content":{"rendered":"<div class=\"Hero\">\n    <div class=\"Hero-outerContainer\">\n        <div class=\"Hero-innerContainer\">\n            <div class=\"HeroContent\">\n                <h1 class=\"Hero-title\">Basprogram om v\u00e5ld mot<br>barn och unga <br>\u2013 gruppsp\u00e5r f\u00f6r f\u00f6rskolan<\/h1>\n                <div class=\"Hero-intro\">\n                    <p>Det h\u00e4r gruppsp\u00e5ret \u00e4r en arbetsplatsutbildning som riktar sig till arbetslag p\u00e5 f\u00f6rskolor som vill g\u00f6ra ett gemensamt kunskapslyft n\u00e4r det g\u00e4ller att uppt\u00e4cka, bem\u00f6ta och anm\u00e4la v\u00e5ld mot barn.<\/p><p> <\/p>                <\/div>\n                <div class=\"HeroLinks\">\n                                                    <p class=\"HeroLinks-right\">\n                        <a href=\"https:\/\/barnafrid.se\/kunskapsportal\/wp-login.php?redirect_to=gruppspar-forskola\" class=\"Button Button--alt\">G\u00e5 till gruppsp\u00e5r f\u00f6rskola<\/a>\n                    <\/p>\n                                <\/div>\n            <\/div>\n\n                <div class=\"HeroIllustration\"  style=\"max-width: 300px\" >\n\n                <img loading=\"lazy\" decoding=\"async\" width=\"650\" height=\"529\" src=\"https:\/\/barnafrid.se\/kunskapsportal\/wp-content\/uploads\/2019\/12\/barnafrid_image_53-1.png\" class=\"HeroIllustration-image\" alt=\"Barn leker sittande med leksaksbilar.\" srcset=\"https:\/\/barnafrid.se\/kunskapsportal\/wp-content\/uploads\/2019\/12\/barnafrid_image_53-1.png 650w, https:\/\/barnafrid.se\/kunskapsportal\/wp-content\/uploads\/2019\/12\/barnafrid_image_53-1-300x244.png 300w\" sizes=\"auto, (max-width: 650px) 100vw, 650px\" \/>            <\/div>\n        <\/div>\n\n    <\/div>\n<\/div>\n\n\n<section class=\"ArticleSection \">\n      <h2 class=\"ArticleSection-title\" id=\"nytt-fordjupningstema-i-gruppspar-forskola\">\n      Nytt f\u00f6rdjupningstema i gruppsp\u00e5r f\u00f6rskola!    <\/h2>\n    \n\n<p>Barnafrid presenterar ett nytt f\u00f6rdjupningstema <em>Uppt\u00e4ck och motverka hedersrelaterat v\u00e5ld och f\u00f6rtryck i f\u00f6rskolan<\/em> i samarbete med f\u00f6rskoleverksamheterna i Sk\u00e4rholmen, Stockholms stad och Ume\u00e5 kommun. Materialet \u00e4r f\u00e4rdigt att anv\u00e4nda och har ett uppl\u00e4gg som liknar \u00f6vriga teman i utbildningen.<\/p>\n\n\n\n<p>Gruppsp\u00e5r f\u00f6rskola kommer fram\u00f6ver att best\u00e5 av fyra grundteman tillsammans med f\u00f6rslag p\u00e5 f\u00f6rdjupningar. I och med denna f\u00f6r\u00e4ndring har tidigare tema 5 och 6 blivit f\u00f6rdjupningsteman, men med of\u00f6r\u00e4ndrat inneh\u00e5ll.<\/p>\n\n<\/section>\n\n\n<section class=\"ArticleSection \">\n      <h2 class=\"ArticleSection-title\" id=\"om-utbildningen\">\n      Om utbildningen    <\/h2>\n    \n\n<p>Gruppsp\u00e5r f\u00f6r f\u00f6rskolan \u00e4r en praktiskt orienterad version av Barnafrids Basprogram om v\u00e5ld mot barn och unga. Den best\u00e5r av ett kostnadsfritt utbildningsmaterial som \u00e4r inriktat p\u00e5 fr\u00e5gor som ber\u00f6r f\u00f6rskolan.<\/p>\n\n\n\n<p>Utbildningen g\u00e5r ut p\u00e5 att arbetslaget diskuterar och reflekterar kring olika teman. En medarbetare tar p\u00e5 sig rollen som utbildningsledare och f\u00e5r f\u00f6rbereda hur gruppen ska arbeta med varje tema. Utbildningsmaterialet best\u00e5r bland annat av korta faktatexter, filmer och \u00f6vningsuppgifter. Utbildningen g\u00e5r att l\u00e4gga upp p\u00e5 olika s\u00e4tt, till exempel genom att avs\u00e4tta tid f\u00f6r varje tema p\u00e5 arbetsplatstr\u00e4ffar, APT. Det \u00e4r varje f\u00f6rskoleverksamhets behov och f\u00f6ruts\u00e4ttningar som styr kursens uppl\u00e4gg.<\/p>\n\n<\/section>\n\n\n<section class=\"ArticleSection \">\n      <h2 class=\"ArticleSection-title\" id=\"fyra-steg-till-ny-kunskap\">\n      Fyra steg till ny kunskap    <\/h2>\n    \n<div class=\"Step\">\n    <div class=\"Step-illustration\">\n        <img loading=\"lazy\" decoding=\"async\" width=\"650\" height=\"344\" src=\"https:\/\/barnafrid.se\/kunskapsportal\/wp-content\/uploads\/2019\/12\/barnafrid_image_7-1.png\" class=\"Step-image\" alt=\"B\u00e4rbar dator med \u00f6ppen sk\u00e4rm intill en mugg, mobiltelefon och surfplatta.\" srcset=\"https:\/\/barnafrid.se\/kunskapsportal\/wp-content\/uploads\/2019\/12\/barnafrid_image_7-1.png 650w, https:\/\/barnafrid.se\/kunskapsportal\/wp-content\/uploads\/2019\/12\/barnafrid_image_7-1-300x159.png 300w\" sizes=\"auto, (max-width: 650px) 100vw, 650px\" \/>    <\/div>\n    <div class=\"Step-content\">\n        <h3 class=\"Step-title\">Registrera dig eller logga in<\/h3>\n        <p class=\"Step-text\">Klicka p\u00e5 knappen G\u00e5 till gruppsp\u00e5r f\u00f6rskola i ingressen. D\u00e4r kan du logga in med ditt anv\u00e4ndarkonto f\u00f6r Basprogrammet. Om du inte har n\u00e5got konto kan du registrera dig d\u00e4r. <\/p>\n    <\/div>\n<\/div>\n\n\n<div class=\"Step\">\n    <div class=\"Step-illustration\">\n        <img loading=\"lazy\" decoding=\"async\" width=\"650\" height=\"305\" src=\"https:\/\/barnafrid.se\/kunskapsportal\/wp-content\/uploads\/2019\/12\/barnafrid_image_32-1.png\" class=\"Step-image\" alt=\"Tv\u00e5 nallebj\u00f6rnar, en sitter och en ligger p\u00e5 rygg.\" srcset=\"https:\/\/barnafrid.se\/kunskapsportal\/wp-content\/uploads\/2019\/12\/barnafrid_image_32-1.png 650w, https:\/\/barnafrid.se\/kunskapsportal\/wp-content\/uploads\/2019\/12\/barnafrid_image_32-1-300x141.png 300w\" sizes=\"auto, (max-width: 650px) 100vw, 650px\" \/>    <\/div>\n    <div class=\"Step-content\">\n        <h3 class=\"Step-title\">Genomf\u00f6r arbetsplatsutbildningen<\/h3>\n        <p class=\"Step-text\">Ta del av v\u00e4gledningen och g\u00e5 igenom utbildningsmaterialet f\u00f6r att s\u00e4tta ihop en utbildning som passar din verksamhet<\/p>\n    <\/div>\n<\/div>\n\n\n<div class=\"Step\">\n    <div class=\"Step-illustration\">\n        <img loading=\"lazy\" decoding=\"async\" width=\"650\" height=\"640\" src=\"https:\/\/barnafrid.se\/kunskapsportal\/wp-content\/uploads\/2019\/12\/barnafrid_image_48.png\" class=\"Step-image\" alt=\"V\u00e4ggklocka intill en liten tavla och ovanf\u00f6r en hylla med b\u00f6cker.\" srcset=\"https:\/\/barnafrid.se\/kunskapsportal\/wp-content\/uploads\/2019\/12\/barnafrid_image_48.png 650w, https:\/\/barnafrid.se\/kunskapsportal\/wp-content\/uploads\/2019\/12\/barnafrid_image_48-300x295.png 300w\" sizes=\"auto, (max-width: 650px) 100vw, 650px\" \/>    <\/div>\n    <div class=\"Step-content\">\n        <h3 class=\"Step-title\">Hur l\u00e5ng tid tar utbildningen och vad kostar det?<\/h3>\n        <p class=\"Step-text\">Den h\u00e4r utbildningen tar sammanlagt cirka 10 timmar att genomf\u00f6ra i grupp. Barnafrids utbildningsmaterial \u00e4r kostnadsfritt.<\/p>\n    <\/div>\n<\/div>\n\n\n<div class=\"Step\">\n    <div class=\"Step-illustration\">\n        <img loading=\"lazy\" decoding=\"async\" width=\"650\" height=\"527\" src=\"https:\/\/barnafrid.se\/kunskapsportal\/wp-content\/uploads\/2019\/12\/barnafrid_image_49.png\" class=\"Step-image\" alt=\"M\u00e4rkessk\u00f6ld med medaljer som h\u00e4nger bredvid ett diplom.\" srcset=\"https:\/\/barnafrid.se\/kunskapsportal\/wp-content\/uploads\/2019\/12\/barnafrid_image_49.png 650w, https:\/\/barnafrid.se\/kunskapsportal\/wp-content\/uploads\/2019\/12\/barnafrid_image_49-300x243.png 300w\" sizes=\"auto, (max-width: 650px) 100vw, 650px\" \/>    <\/div>\n    <div class=\"Step-content\">\n        <h3 class=\"Step-title\">Intyg p\u00e5 era nya kunskaper<\/h3>\n        <p class=\"Step-text\">Efter avslutad utbildning, anv\u00e4nd mallen f\u00f6r diplom och dela ut till de som genomf\u00f6rt utbildningen.<\/p>\n    <\/div>\n<\/div>\n\n<\/section>\n","protected":false},"excerpt":{"rendered":"","protected":false},"author":10518,"featured_media":0,"parent":4771,"menu_order":0,"comment_status":"closed","ping_status":"closed","template":"page-course-start.php","meta":{"h5ap_radio_sources":[],"footnotes":""},"role":[],"class_list":["post-8474","page","type-page","status-publish","hentry"],"yoast_head":"<!-- This site is optimized with the Yoast SEO plugin v27.3 - https:\/\/yoast.com\/product\/yoast-seo-wordpress\/ -->\n<title>Basprogram om v\u00e5ld mot barn och unga Gruppsp\u00e5r f\u00f6r f\u00f6rskolan - Barnafrid<\/title>\n<meta name=\"robots\" content=\"index, follow, max-snippet:-1, max-image-preview:large, max-video-preview:-1\" \/>\n<link rel=\"canonical\" href=\"https:\/\/barnafrid.se\/kunskapsportal\/startsida\/barnafrids-utbildningar\/basprogram-om-vald-mot-barn-och-unga-gruppspar-forskola-2\/\" \/>\n<meta property=\"og:locale\" content=\"sv_SE\" \/>\n<meta property=\"og:type\" content=\"article\" \/>\n<meta property=\"og:title\" content=\"Basprogram om v\u00e5ld mot barn och unga Gruppsp\u00e5r f\u00f6r f\u00f6rskolan - Barnafrid\" \/>\n<meta property=\"og:url\" content=\"https:\/\/barnafrid.se\/kunskapsportal\/startsida\/barnafrids-utbildningar\/basprogram-om-vald-mot-barn-och-unga-gruppspar-forskola-2\/\" \/>\n<meta property=\"og:site_name\" content=\"Barnafrid\" \/>\n<meta property=\"article:modified_time\" content=\"2026-03-17T00:06:41+00:00\" \/>\n<meta name=\"twitter:card\" content=\"summary_large_image\" \/>\n<meta name=\"twitter:label1\" content=\"Ber\u00e4knad l\u00e4stid\" \/>\n\t<meta name=\"twitter:data1\" content=\"1 minut\" \/>\n<script type=\"application\/ld+json\" class=\"yoast-schema-graph\">{\"@context\":\"https:\\\/\\\/schema.org\",\"@graph\":[{\"@type\":\"WebPage\",\"@id\":\"https:\\\/\\\/barnafrid.se\\\/kunskapsportal\\\/startsida\\\/barnafrids-utbildningar\\\/basprogram-om-vald-mot-barn-och-unga-gruppspar-forskola-2\\\/\",\"url\":\"https:\\\/\\\/barnafrid.se\\\/kunskapsportal\\\/startsida\\\/barnafrids-utbildningar\\\/basprogram-om-vald-mot-barn-och-unga-gruppspar-forskola-2\\\/\",\"name\":\"Basprogram om v\u00e5ld mot barn och unga Gruppsp\u00e5r f\u00f6r f\u00f6rskolan - Barnafrid\",\"isPartOf\":{\"@id\":\"https:\\\/\\\/barnafrid.se\\\/kunskapsportal\\\/#website\"},\"datePublished\":\"2024-03-12T09:12:38+00:00\",\"dateModified\":\"2026-03-17T00:06:41+00:00\",\"breadcrumb\":{\"@id\":\"https:\\\/\\\/barnafrid.se\\\/kunskapsportal\\\/startsida\\\/barnafrids-utbildningar\\\/basprogram-om-vald-mot-barn-och-unga-gruppspar-forskola-2\\\/#breadcrumb\"},\"inLanguage\":\"sv-SE\",\"potentialAction\":[{\"@type\":\"ReadAction\",\"target\":[\"https:\\\/\\\/barnafrid.se\\\/kunskapsportal\\\/startsida\\\/barnafrids-utbildningar\\\/basprogram-om-vald-mot-barn-och-unga-gruppspar-forskola-2\\\/\"]}]},{\"@type\":\"BreadcrumbList\",\"@id\":\"https:\\\/\\\/barnafrid.se\\\/kunskapsportal\\\/startsida\\\/barnafrids-utbildningar\\\/basprogram-om-vald-mot-barn-och-unga-gruppspar-forskola-2\\\/#breadcrumb\",\"itemListElement\":[{\"@type\":\"ListItem\",\"position\":1,\"name\":\"Home\",\"item\":\"https:\\\/\\\/barnafrid.se\\\/kunskapsportal\\\/\"},{\"@type\":\"ListItem\",\"position\":2,\"name\":\"Startsida\",\"item\":\"https:\\\/\\\/barnafrid.se\\\/kunskapsportal\\\/\"},{\"@type\":\"ListItem\",\"position\":3,\"name\":\"Utbildningar\",\"item\":\"https:\\\/\\\/barnafrid.se\\\/kunskapsportal\\\/startsida\\\/barnafrids-utbildningar\\\/\"},{\"@type\":\"ListItem\",\"position\":4,\"name\":\"Basprogram om v\u00e5ld mot barn och unga Gruppsp\u00e5r f\u00f6r f\u00f6rskolan\"}]},{\"@type\":\"WebSite\",\"@id\":\"https:\\\/\\\/barnafrid.se\\\/kunskapsportal\\\/#website\",\"url\":\"https:\\\/\\\/barnafrid.se\\\/kunskapsportal\\\/\",\"name\":\"Barnafrid\",\"description\":\"Kunskapsportal om v\u00e5ld mot barn\",\"potentialAction\":[{\"@type\":\"SearchAction\",\"target\":{\"@type\":\"EntryPoint\",\"urlTemplate\":\"https:\\\/\\\/barnafrid.se\\\/kunskapsportal\\\/?s={search_term_string}\"},\"query-input\":{\"@type\":\"PropertyValueSpecification\",\"valueRequired\":true,\"valueName\":\"search_term_string\"}}],\"inLanguage\":\"sv-SE\"}]}<\/script>\n<!-- \/ Yoast SEO plugin. -->","yoast_head_json":{"title":"Basprogram om v\u00e5ld mot barn och unga Gruppsp\u00e5r f\u00f6r f\u00f6rskolan - Barnafrid","robots":{"index":"index","follow":"follow","max-snippet":"max-snippet:-1","max-image-preview":"max-image-preview:large","max-video-preview":"max-video-preview:-1"},"canonical":"https:\/\/barnafrid.se\/kunskapsportal\/startsida\/barnafrids-utbildningar\/basprogram-om-vald-mot-barn-och-unga-gruppspar-forskola-2\/","og_locale":"sv_SE","og_type":"article","og_title":"Basprogram om v\u00e5ld mot barn och unga Gruppsp\u00e5r f\u00f6r f\u00f6rskolan - Barnafrid","og_url":"https:\/\/barnafrid.se\/kunskapsportal\/startsida\/barnafrids-utbildningar\/basprogram-om-vald-mot-barn-och-unga-gruppspar-forskola-2\/","og_site_name":"Barnafrid","article_modified_time":"2026-03-17T00:06:41+00:00","twitter_card":"summary_large_image","twitter_misc":{"Ber\u00e4knad l\u00e4stid":"1 minut"},"schema":{"@context":"https:\/\/schema.org","@graph":[{"@type":"WebPage","@id":"https:\/\/barnafrid.se\/kunskapsportal\/startsida\/barnafrids-utbildningar\/basprogram-om-vald-mot-barn-och-unga-gruppspar-forskola-2\/","url":"https:\/\/barnafrid.se\/kunskapsportal\/startsida\/barnafrids-utbildningar\/basprogram-om-vald-mot-barn-och-unga-gruppspar-forskola-2\/","name":"Basprogram om v\u00e5ld mot barn och unga Gruppsp\u00e5r f\u00f6r f\u00f6rskolan - Barnafrid","isPartOf":{"@id":"https:\/\/barnafrid.se\/kunskapsportal\/#website"},"datePublished":"2024-03-12T09:12:38+00:00","dateModified":"2026-03-17T00:06:41+00:00","breadcrumb":{"@id":"https:\/\/barnafrid.se\/kunskapsportal\/startsida\/barnafrids-utbildningar\/basprogram-om-vald-mot-barn-och-unga-gruppspar-forskola-2\/#breadcrumb"},"inLanguage":"sv-SE","potentialAction":[{"@type":"ReadAction","target":["https:\/\/barnafrid.se\/kunskapsportal\/startsida\/barnafrids-utbildningar\/basprogram-om-vald-mot-barn-och-unga-gruppspar-forskola-2\/"]}]},{"@type":"BreadcrumbList","@id":"https:\/\/barnafrid.se\/kunskapsportal\/startsida\/barnafrids-utbildningar\/basprogram-om-vald-mot-barn-och-unga-gruppspar-forskola-2\/#breadcrumb","itemListElement":[{"@type":"ListItem","position":1,"name":"Home","item":"https:\/\/barnafrid.se\/kunskapsportal\/"},{"@type":"ListItem","position":2,"name":"Startsida","item":"https:\/\/barnafrid.se\/kunskapsportal\/"},{"@type":"ListItem","position":3,"name":"Utbildningar","item":"https:\/\/barnafrid.se\/kunskapsportal\/startsida\/barnafrids-utbildningar\/"},{"@type":"ListItem","position":4,"name":"Basprogram om v\u00e5ld mot barn och unga Gruppsp\u00e5r f\u00f6r f\u00f6rskolan"}]},{"@type":"WebSite","@id":"https:\/\/barnafrid.se\/kunskapsportal\/#website","url":"https:\/\/barnafrid.se\/kunskapsportal\/","name":"Barnafrid","description":"Kunskapsportal om v\u00e5ld mot barn","potentialAction":[{"@type":"SearchAction","target":{"@type":"EntryPoint","urlTemplate":"https:\/\/barnafrid.se\/kunskapsportal\/?s={search_term_string}"},"query-input":{"@type":"PropertyValueSpecification","valueRequired":true,"valueName":"search_term_string"}}],"inLanguage":"sv-SE"}]}},"_links":{"self":[{"href":"https:\/\/barnafrid.se\/kunskapsportal\/wp-json\/wp\/v2\/pages\/8474","targetHints":{"allow":["GET"]}}],"collection":[{"href":"https:\/\/barnafrid.se\/kunskapsportal\/wp-json\/wp\/v2\/pages"}],"about":[{"href":"https:\/\/barnafrid.se\/kunskapsportal\/wp-json\/wp\/v2\/types\/page"}],"author":[{"embeddable":true,"href":"https:\/\/barnafrid.se\/kunskapsportal\/wp-json\/wp\/v2\/users\/10518"}],"replies":[{"embeddable":true,"href":"https:\/\/barnafrid.se\/kunskapsportal\/wp-json\/wp\/v2\/comments?post=8474"}],"version-history":[{"count":63,"href":"https:\/\/barnafrid.se\/kunskapsportal\/wp-json\/wp\/v2\/pages\/8474\/revisions"}],"predecessor-version":[{"id":17982,"href":"https:\/\/barnafrid.se\/kunskapsportal\/wp-json\/wp\/v2\/pages\/8474\/revisions\/17982"}],"up":[{"embeddable":true,"href":"https:\/\/barnafrid.se\/kunskapsportal\/wp-json\/wp\/v2\/pages\/4771"}],"wp:attachment":[{"href":"https:\/\/barnafrid.se\/kunskapsportal\/wp-json\/wp\/v2\/media?parent=8474"}],"wp:term":[{"taxonomy":"role","embeddable":true,"href":"https:\/\/barnafrid.se\/kunskapsportal\/wp-json\/wp\/v2\/role?post=8474"}],"curies":[{"name":"wp","href":"https:\/\/api.w.org\/{rel}","templated":true}]}}