{"id":8342,"date":"2024-02-26T22:49:03","date_gmt":"2024-02-26T21:49:03","guid":{"rendered":"https:\/\/barnafrid.se\/kunskapsportal\/?page_id=8342"},"modified":"2025-09-02T11:55:01","modified_gmt":"2025-09-02T09:55:01","slug":"traumatisk-sorg","status":"publish","type":"page","link":"https:\/\/barnafrid.se\/kunskapsportal\/traumatisk-sorg\/","title":{"rendered":"Sorg och traumatisk sorg"},"content":{"rendered":"\n<p>Materialet om traumatisk sorg riktar sig till yrkesverksamma med grundl\u00e4ggande barnpsykiatrisk kompetens. Utg\u00e5ngspunkten \u00e4r att behandlare som anv\u00e4nder materialet beh\u00f6ver ha kunskap om potentiellt traumatiserande h\u00e4ndelser, sorg och traumatisk sorg samt hur barn kan p\u00e5verkas av dessa. <\/p>\n\n\n\n<p>Vidare beh\u00f6ver yrkesverksamma differentialdiagnostisk kompetens, kunskap om n\u00e4r materialet passar att anv\u00e4ndas och inte utifr\u00e5n barnets symtom, \u00e5lder och utvecklingsniv\u00e5. Detta kr\u00e4vs f\u00f6r att kunna g\u00f6ra de bed\u00f6mningar och kliniska avv\u00e4gningar som ing\u00e5r i arbetet med barn med traumarelaterade symtom d\u00e4r \u00e4ven sorg eller traumatisk sorg p\u00e5verkar. En viktig fr\u00e5ga vid anv\u00e4ndandet av material \u00e4r n\u00e4r och p\u00e5 vilket s\u00e4tt det kan anv\u00e4ndas i behandlingen.<\/p>\n\n\n\n<p>Det \u00e4r av stor vikt att behandlare som avser att anv\u00e4nda TF-KBT materialet f\u00f6rst tar del av Behandling av trauma och traumatisk sorg hos barn och ungdomar (Cohen et al., 2021)* f\u00f6r att f\u00e5 f\u00f6rst\u00e5else f\u00f6r hur Min Arbetsbok om sorg och Min minnesbok om kan t\u00e4nkas anv\u00e4ndas och n\u00e4r i behandlingen.<\/p>\n\n\n\n<p>* Cohen, J. A., Mannarino, A. P. &amp; Deblinger, E. (2021). Behandling av trauma och traumatisk sorg hos barn och ungdomar. Andra utg\u00e5van. (D. Kellerman, \u00d6vers.; f\u00f6rsta svenska upplagan). Natur &amp; Kultur. Stockholm. (Originalutg\u00e5van publicerad 2017)<\/p>\n\n\n\n<h2 class=\"wp-block-heading\">Min arbetsbok om sorg<\/h2>\n\n\n\n<figure class=\"Image size-medium\"><img loading=\"lazy\" decoding=\"async\" width=\"212\" height=\"300\" src=\"https:\/\/barnafrid.se\/kunskapsportal\/wp-content\/uploads\/2024\/02\/min_arbetsbok_om_sorg_sida_01-212x300.jpg\" alt=\"Omslag till &quot;Min arbetsbok om sorg&quot;.\" class=\"Image-img wp-image-8364\" srcset=\"https:\/\/barnafrid.se\/kunskapsportal\/wp-content\/uploads\/2024\/02\/min_arbetsbok_om_sorg_sida_01-212x300.jpg 212w, https:\/\/barnafrid.se\/kunskapsportal\/wp-content\/uploads\/2024\/02\/min_arbetsbok_om_sorg_sida_01-724x1024.jpg 724w, https:\/\/barnafrid.se\/kunskapsportal\/wp-content\/uploads\/2024\/02\/min_arbetsbok_om_sorg_sida_01-768x1086.jpg 768w, https:\/\/barnafrid.se\/kunskapsportal\/wp-content\/uploads\/2024\/02\/min_arbetsbok_om_sorg_sida_01-1087x1536.jpg 1087w, https:\/\/barnafrid.se\/kunskapsportal\/wp-content\/uploads\/2024\/02\/min_arbetsbok_om_sorg_sida_01-1449x2048.jpg 1449w, https:\/\/barnafrid.se\/kunskapsportal\/wp-content\/uploads\/2024\/02\/min_arbetsbok_om_sorg_sida_01-scaled.jpg 1811w\" sizes=\"auto, (max-width: 212px) 100vw, 212px\" \/><\/figure>\n\n\n\n<p><em>Min arbetsbok om sorg<\/em> \u00e4r ett metodst\u00f6d f\u00f6r att barnet ska kunna arbeta med sin sorg tillsammans med dig som behandlare. Du beh\u00f6ver anpassa utifr\u00e5n barnets behov och din kliniska kompetens vilka sidor ni ska anv\u00e4nda er av och om ni beh\u00f6ver anv\u00e4nda annat material som komplement exempelvis l\u00e4sa en bok eller se en kortare film.<\/p>\n\n\n\n<p>I n\u00e4sta steg har barnet m\u00f6jlighet att i<em> Min minnesbok<\/em> att skriva ned, s\u00e4tta in foton eller rita bilder f\u00f6r att sammanfatta och spara s\u00e4rskilda minnen som \u00e4r viktiga f\u00f6r barnet.<\/p>\n\n\n\n<p><strong><a href=\"https:\/\/barnafrid.se\/kunskapsportal\/kunskapsbibliotek\/min-arbetsbok-om-sorg\/\">L\u00e4nk till Min arbetsbok om sorg<\/a><\/strong><\/p>\n\n\n\n<h2 class=\"wp-block-heading\">Min minnesbok<\/h2>\n\n\n\n<figure class=\"Image size-medium\"><img loading=\"lazy\" decoding=\"async\" width=\"212\" height=\"300\" src=\"https:\/\/barnafrid.se\/kunskapsportal\/wp-content\/uploads\/2024\/02\/min_minnesbok_om_sida_1-212x300.jpg\" alt=\"Ej i fyllt arbetsblad i en minnesbok.\" class=\"Image-img wp-image-8365\" srcset=\"https:\/\/barnafrid.se\/kunskapsportal\/wp-content\/uploads\/2024\/02\/min_minnesbok_om_sida_1-212x300.jpg 212w, https:\/\/barnafrid.se\/kunskapsportal\/wp-content\/uploads\/2024\/02\/min_minnesbok_om_sida_1-724x1024.jpg 724w, https:\/\/barnafrid.se\/kunskapsportal\/wp-content\/uploads\/2024\/02\/min_minnesbok_om_sida_1-768x1087.jpg 768w, https:\/\/barnafrid.se\/kunskapsportal\/wp-content\/uploads\/2024\/02\/min_minnesbok_om_sida_1-1086x1536.jpg 1086w, https:\/\/barnafrid.se\/kunskapsportal\/wp-content\/uploads\/2024\/02\/min_minnesbok_om_sida_1-1447x2048.jpg 1447w, https:\/\/barnafrid.se\/kunskapsportal\/wp-content\/uploads\/2024\/02\/min_minnesbok_om_sida_1.jpg 1653w\" sizes=\"auto, (max-width: 212px) 100vw, 212px\" \/><\/figure>\n\n\n\n<p>Min minnesbok \u00e4r ett arbetsmaterial av Veronica Kirsch f\u00f6r barn ca 5- 12 \u00e5r och kan \u00e4ven passa en del ungdomar. Den \u00e4r \u00f6versatt till svenska och bearbetad av Pia Enderby och Poa Samuelberg, certifierade utbildare i TF-KBT vid Barnafrid.<\/p>\n\n\n\n<p><strong><a href=\"https:\/\/barnafrid.se\/kunskapsportal\/kunskapsbibliotek\/traumatisk-sorg-min-minnesbok\/\">L\u00e4nk till Min minnesbok<\/a><\/strong><\/p>\n\n\n\n<h2 class=\"wp-block-heading\">R\u00e5d till omsorgspersoner<\/h2>\n\n\n\n<p>Sammanst\u00e4llning \u00f6ver vanliga reaktioner hos barn vid traumatisk sorg och r\u00e5d om hur du som omsorgsperson kan hj\u00e4lpa till i dessa situationer.<\/p>\n\n\n\n<p><a href=\"https:\/\/barnafrid.se\/kunskapsportal\/wp-content\/uploads\/2024\/02\/rad_till_omsorgspersoner.pdf\">Ladda ned r\u00e5d till omsorgspersoner f\u00f6r barn h\u00e4r (PDF)<\/a><\/p>\n\n\n\n<p><a href=\"\/kunskapsportal\/wp-content\/uploads\/2024\/09\/rad-till-omsorgspersoner-tonaringar.pdf\">Ladda ner r\u00e5d till omsorgspersoner f\u00f6r ton\u00e5ringar h\u00e4r (PDF)<\/a><\/p>\n\n\n\n<h2 class=\"wp-block-heading\">Artikel: Traumatisk sorg hos barn och unga<\/h2>\n\n\n\n<figure class=\"Image size-medium\"><img loading=\"lazy\" decoding=\"async\" width=\"197\" height=\"300\" src=\"https:\/\/barnafrid.se\/kunskapsportal\/wp-content\/uploads\/2024\/02\/poa-s-2-197x300.jpg\" alt=\"Portr\u00e4ttbild Poa Samuleberg\" class=\"Image-img wp-image-8371\" srcset=\"https:\/\/barnafrid.se\/kunskapsportal\/wp-content\/uploads\/2024\/02\/poa-s-2-197x300.jpg 197w, https:\/\/barnafrid.se\/kunskapsportal\/wp-content\/uploads\/2024\/02\/poa-s-2-673x1024.jpg 673w, https:\/\/barnafrid.se\/kunskapsportal\/wp-content\/uploads\/2024\/02\/poa-s-2-768x1168.jpg 768w, https:\/\/barnafrid.se\/kunskapsportal\/wp-content\/uploads\/2024\/02\/poa-s-2-1010x1536.jpg 1010w, https:\/\/barnafrid.se\/kunskapsportal\/wp-content\/uploads\/2024\/02\/poa-s-2-1347x2048.jpg 1347w, https:\/\/barnafrid.se\/kunskapsportal\/wp-content\/uploads\/2024\/02\/poa-s-2-scaled.jpg 1683w\" sizes=\"auto, (max-width: 197px) 100vw, 197px\" \/><\/figure>\n\n\n\n<p>Intervju med Poa Samuelberg, utredare p\u00e5 Barnafrid<\/p>\n\n\n\n<p><a href=\"https:\/\/liu.se\/nyhet\/traumatisk-sorg\">L\u00e4s hela artikeln p\u00e5 Barnafrids webbplats<\/a><\/p>\n\n\n<section class=\"ArticleSection \">\n      <h2 class=\"ArticleSection-title\" id=\"kommande-material-om-sorg\">\n      Kommande material om sorg    <\/h2>\n    \n<aside class='Box Box--important '>\n            <h3 class=\"Box-title\">\n            Vad vet du-korten        <\/h3>\n        \n\n<p>Under slutet av v\u00e5ren 2024 planerar Barnafrid att lansera tre nya temaomr\u00e5den till korten <em>Vad vet du?<\/em>. Ett nytt tema \u00e4r <em>Traumatisk sorg<\/em>, ett annat <em>Barn p\u00e5 flykt<\/em> och det tredje <em>Barn i krig<\/em>. Om du vill veta mer om vad korten \u00e4r f\u00f6r n\u00e5got, vilka temaomr\u00e5den som redan finns , hur de kan anv\u00e4ndas och hur du kan f\u00e5 tillg\u00e5ng till dem hittar du mer information om dessa h\u00e4r: <a href=\"https:\/\/barnafrid.se\/kunskapsportal\/vad-vet-du-kort\/\">https:\/\/barnafrid.se\/kunskapsportal\/vad-vet-du-kort\/<\/a><\/p>\n\n<\/aside>\n\n<\/section>\n","protected":false},"excerpt":{"rendered":"<p>Materialet om traumatisk sorg riktar sig till yrkesverksamma med grundl\u00e4ggande barnpsykiatrisk kompetens. Utg\u00e5ngspunkten \u00e4r att behandlare som anv\u00e4nder materialet beh\u00f6ver ha kunskap om potentiellt traumatiserande h\u00e4ndelser, sorg och traumatisk sorg samt hur barn kan p\u00e5verkas av dessa. Vidare beh\u00f6ver yrkesverksamma differentialdiagnostisk kompetens, kunskap om n\u00e4r materialet passar att anv\u00e4ndas och inte utifr\u00e5n barnets symtom, \u00e5lder [&hellip;]<\/p>\n","protected":false},"author":10518,"featured_media":0,"parent":0,"menu_order":0,"comment_status":"closed","ping_status":"closed","template":"page-centered.php","meta":{"h5ap_radio_sources":[],"footnotes":""},"role":[53,54,52],"class_list":["post-8342","page","type-page","status-publish","hentry","role-barn-och-ungdomspsykiatri","role-forsta-linjen","role-halso-och-sjukvard"],"yoast_head":"<!-- This site is optimized with the Yoast SEO plugin v27.4 - https:\/\/yoast.com\/product\/yoast-seo-wordpress\/ -->\n<title>Sorg och traumatisk sorg - Barnafrid<\/title>\n<meta name=\"robots\" content=\"index, follow, max-snippet:-1, max-image-preview:large, max-video-preview:-1\" \/>\n<link rel=\"canonical\" href=\"https:\/\/barnafrid.se\/kunskapsportal\/traumatisk-sorg\/\" \/>\n<meta property=\"og:locale\" content=\"sv_SE\" \/>\n<meta property=\"og:type\" content=\"article\" \/>\n<meta property=\"og:title\" content=\"Sorg och traumatisk sorg - Barnafrid\" \/>\n<meta property=\"og:description\" content=\"Materialet om traumatisk sorg riktar sig till yrkesverksamma med grundl\u00e4ggande barnpsykiatrisk kompetens. Utg\u00e5ngspunkten \u00e4r att behandlare som anv\u00e4nder materialet beh\u00f6ver ha kunskap om potentiellt traumatiserande h\u00e4ndelser, sorg och traumatisk sorg samt hur barn kan p\u00e5verkas av dessa. Vidare beh\u00f6ver yrkesverksamma differentialdiagnostisk kompetens, kunskap om n\u00e4r materialet passar att anv\u00e4ndas och inte utifr\u00e5n barnets symtom, \u00e5lder [&hellip;]\" \/>\n<meta property=\"og:url\" content=\"https:\/\/barnafrid.se\/kunskapsportal\/traumatisk-sorg\/\" \/>\n<meta property=\"og:site_name\" content=\"Barnafrid\" \/>\n<meta property=\"article:modified_time\" content=\"2025-09-02T09:55:01+00:00\" \/>\n<meta property=\"og:image\" content=\"https:\/\/barnafrid.se\/kunskapsportal\/wp-content\/uploads\/2024\/02\/min_arbetsbok_om_sorg_sida_01-scaled.jpg\" \/>\n\t<meta property=\"og:image:width\" content=\"1811\" \/>\n\t<meta property=\"og:image:height\" content=\"2560\" \/>\n\t<meta property=\"og:image:type\" content=\"image\/jpeg\" \/>\n<meta name=\"twitter:card\" content=\"summary_large_image\" \/>\n<meta name=\"twitter:label1\" content=\"Ber\u00e4knad l\u00e4stid\" \/>\n\t<meta name=\"twitter:data1\" content=\"3 minuter\" \/>\n<script type=\"application\/ld+json\" class=\"yoast-schema-graph\">{\"@context\":\"https:\\\/\\\/schema.org\",\"@graph\":[{\"@type\":\"WebPage\",\"@id\":\"https:\\\/\\\/barnafrid.se\\\/kunskapsportal\\\/traumatisk-sorg\\\/\",\"url\":\"https:\\\/\\\/barnafrid.se\\\/kunskapsportal\\\/traumatisk-sorg\\\/\",\"name\":\"Sorg och traumatisk sorg - Barnafrid\",\"isPartOf\":{\"@id\":\"https:\\\/\\\/barnafrid.se\\\/kunskapsportal\\\/#website\"},\"primaryImageOfPage\":{\"@id\":\"https:\\\/\\\/barnafrid.se\\\/kunskapsportal\\\/traumatisk-sorg\\\/#primaryimage\"},\"image\":{\"@id\":\"https:\\\/\\\/barnafrid.se\\\/kunskapsportal\\\/traumatisk-sorg\\\/#primaryimage\"},\"thumbnailUrl\":\"https:\\\/\\\/barnafrid.se\\\/kunskapsportal\\\/wp-content\\\/uploads\\\/2024\\\/02\\\/min_arbetsbok_om_sorg_sida_01-212x300.jpg\",\"datePublished\":\"2024-02-26T21:49:03+00:00\",\"dateModified\":\"2025-09-02T09:55:01+00:00\",\"breadcrumb\":{\"@id\":\"https:\\\/\\\/barnafrid.se\\\/kunskapsportal\\\/traumatisk-sorg\\\/#breadcrumb\"},\"inLanguage\":\"sv-SE\",\"potentialAction\":[{\"@type\":\"ReadAction\",\"target\":[\"https:\\\/\\\/barnafrid.se\\\/kunskapsportal\\\/traumatisk-sorg\\\/\"]}]},{\"@type\":\"ImageObject\",\"inLanguage\":\"sv-SE\",\"@id\":\"https:\\\/\\\/barnafrid.se\\\/kunskapsportal\\\/traumatisk-sorg\\\/#primaryimage\",\"url\":\"https:\\\/\\\/barnafrid.se\\\/kunskapsportal\\\/wp-content\\\/uploads\\\/2024\\\/02\\\/min_arbetsbok_om_sorg_sida_01-scaled.jpg\",\"contentUrl\":\"https:\\\/\\\/barnafrid.se\\\/kunskapsportal\\\/wp-content\\\/uploads\\\/2024\\\/02\\\/min_arbetsbok_om_sorg_sida_01-scaled.jpg\",\"width\":1811,\"height\":2560,\"caption\":\"Omslag till \\\"Min arbetsbok om sorg\\\".\"},{\"@type\":\"BreadcrumbList\",\"@id\":\"https:\\\/\\\/barnafrid.se\\\/kunskapsportal\\\/traumatisk-sorg\\\/#breadcrumb\",\"itemListElement\":[{\"@type\":\"ListItem\",\"position\":1,\"name\":\"Home\",\"item\":\"https:\\\/\\\/barnafrid.se\\\/kunskapsportal\\\/\"},{\"@type\":\"ListItem\",\"position\":2,\"name\":\"Sorg och traumatisk sorg\"}]},{\"@type\":\"WebSite\",\"@id\":\"https:\\\/\\\/barnafrid.se\\\/kunskapsportal\\\/#website\",\"url\":\"https:\\\/\\\/barnafrid.se\\\/kunskapsportal\\\/\",\"name\":\"Barnafrid\",\"description\":\"Kunskapsportal om v\u00e5ld mot barn\",\"potentialAction\":[{\"@type\":\"SearchAction\",\"target\":{\"@type\":\"EntryPoint\",\"urlTemplate\":\"https:\\\/\\\/barnafrid.se\\\/kunskapsportal\\\/?s={search_term_string}\"},\"query-input\":{\"@type\":\"PropertyValueSpecification\",\"valueRequired\":true,\"valueName\":\"search_term_string\"}}],\"inLanguage\":\"sv-SE\"}]}<\/script>\n<!-- \/ Yoast SEO plugin. -->","yoast_head_json":{"title":"Sorg och traumatisk sorg - Barnafrid","robots":{"index":"index","follow":"follow","max-snippet":"max-snippet:-1","max-image-preview":"max-image-preview:large","max-video-preview":"max-video-preview:-1"},"canonical":"https:\/\/barnafrid.se\/kunskapsportal\/traumatisk-sorg\/","og_locale":"sv_SE","og_type":"article","og_title":"Sorg och traumatisk sorg - Barnafrid","og_description":"Materialet om traumatisk sorg riktar sig till yrkesverksamma med grundl\u00e4ggande barnpsykiatrisk kompetens. Utg\u00e5ngspunkten \u00e4r att behandlare som anv\u00e4nder materialet beh\u00f6ver ha kunskap om potentiellt traumatiserande h\u00e4ndelser, sorg och traumatisk sorg samt hur barn kan p\u00e5verkas av dessa. Vidare beh\u00f6ver yrkesverksamma differentialdiagnostisk kompetens, kunskap om n\u00e4r materialet passar att anv\u00e4ndas och inte utifr\u00e5n barnets symtom, \u00e5lder [&hellip;]","og_url":"https:\/\/barnafrid.se\/kunskapsportal\/traumatisk-sorg\/","og_site_name":"Barnafrid","article_modified_time":"2025-09-02T09:55:01+00:00","og_image":[{"width":1811,"height":2560,"url":"https:\/\/barnafrid.se\/kunskapsportal\/wp-content\/uploads\/2024\/02\/min_arbetsbok_om_sorg_sida_01-scaled.jpg","type":"image\/jpeg"}],"twitter_card":"summary_large_image","twitter_misc":{"Ber\u00e4knad l\u00e4stid":"3 minuter"},"schema":{"@context":"https:\/\/schema.org","@graph":[{"@type":"WebPage","@id":"https:\/\/barnafrid.se\/kunskapsportal\/traumatisk-sorg\/","url":"https:\/\/barnafrid.se\/kunskapsportal\/traumatisk-sorg\/","name":"Sorg och traumatisk sorg - Barnafrid","isPartOf":{"@id":"https:\/\/barnafrid.se\/kunskapsportal\/#website"},"primaryImageOfPage":{"@id":"https:\/\/barnafrid.se\/kunskapsportal\/traumatisk-sorg\/#primaryimage"},"image":{"@id":"https:\/\/barnafrid.se\/kunskapsportal\/traumatisk-sorg\/#primaryimage"},"thumbnailUrl":"https:\/\/barnafrid.se\/kunskapsportal\/wp-content\/uploads\/2024\/02\/min_arbetsbok_om_sorg_sida_01-212x300.jpg","datePublished":"2024-02-26T21:49:03+00:00","dateModified":"2025-09-02T09:55:01+00:00","breadcrumb":{"@id":"https:\/\/barnafrid.se\/kunskapsportal\/traumatisk-sorg\/#breadcrumb"},"inLanguage":"sv-SE","potentialAction":[{"@type":"ReadAction","target":["https:\/\/barnafrid.se\/kunskapsportal\/traumatisk-sorg\/"]}]},{"@type":"ImageObject","inLanguage":"sv-SE","@id":"https:\/\/barnafrid.se\/kunskapsportal\/traumatisk-sorg\/#primaryimage","url":"https:\/\/barnafrid.se\/kunskapsportal\/wp-content\/uploads\/2024\/02\/min_arbetsbok_om_sorg_sida_01-scaled.jpg","contentUrl":"https:\/\/barnafrid.se\/kunskapsportal\/wp-content\/uploads\/2024\/02\/min_arbetsbok_om_sorg_sida_01-scaled.jpg","width":1811,"height":2560,"caption":"Omslag till \"Min arbetsbok om sorg\"."},{"@type":"BreadcrumbList","@id":"https:\/\/barnafrid.se\/kunskapsportal\/traumatisk-sorg\/#breadcrumb","itemListElement":[{"@type":"ListItem","position":1,"name":"Home","item":"https:\/\/barnafrid.se\/kunskapsportal\/"},{"@type":"ListItem","position":2,"name":"Sorg och traumatisk sorg"}]},{"@type":"WebSite","@id":"https:\/\/barnafrid.se\/kunskapsportal\/#website","url":"https:\/\/barnafrid.se\/kunskapsportal\/","name":"Barnafrid","description":"Kunskapsportal om v\u00e5ld mot barn","potentialAction":[{"@type":"SearchAction","target":{"@type":"EntryPoint","urlTemplate":"https:\/\/barnafrid.se\/kunskapsportal\/?s={search_term_string}"},"query-input":{"@type":"PropertyValueSpecification","valueRequired":true,"valueName":"search_term_string"}}],"inLanguage":"sv-SE"}]}},"_links":{"self":[{"href":"https:\/\/barnafrid.se\/kunskapsportal\/wp-json\/wp\/v2\/pages\/8342","targetHints":{"allow":["GET"]}}],"collection":[{"href":"https:\/\/barnafrid.se\/kunskapsportal\/wp-json\/wp\/v2\/pages"}],"about":[{"href":"https:\/\/barnafrid.se\/kunskapsportal\/wp-json\/wp\/v2\/types\/page"}],"author":[{"embeddable":true,"href":"https:\/\/barnafrid.se\/kunskapsportal\/wp-json\/wp\/v2\/users\/10518"}],"replies":[{"embeddable":true,"href":"https:\/\/barnafrid.se\/kunskapsportal\/wp-json\/wp\/v2\/comments?post=8342"}],"version-history":[{"count":21,"href":"https:\/\/barnafrid.se\/kunskapsportal\/wp-json\/wp\/v2\/pages\/8342\/revisions"}],"predecessor-version":[{"id":16594,"href":"https:\/\/barnafrid.se\/kunskapsportal\/wp-json\/wp\/v2\/pages\/8342\/revisions\/16594"}],"wp:attachment":[{"href":"https:\/\/barnafrid.se\/kunskapsportal\/wp-json\/wp\/v2\/media?parent=8342"}],"wp:term":[{"taxonomy":"role","embeddable":true,"href":"https:\/\/barnafrid.se\/kunskapsportal\/wp-json\/wp\/v2\/role?post=8342"}],"curies":[{"name":"wp","href":"https:\/\/api.w.org\/{rel}","templated":true}]}}