{"id":8330,"date":"2024-02-20T13:55:40","date_gmt":"2024-02-20T12:55:40","guid":{"rendered":"https:\/\/barnafrid.se\/kunskapsportal\/?page_id=8330"},"modified":"2024-02-20T13:58:09","modified_gmt":"2024-02-20T12:58:09","slug":"tf-kbt","status":"publish","type":"page","link":"https:\/\/barnafrid.se\/kunskapsportal\/metodstod-2\/tf-kbt\/","title":{"rendered":"TF-KBT"},"content":{"rendered":"\n<p>Tidigare webbplats f\u00f6r tf-kbt \u00e4r under avveckling. Under 2024 kommer Barnafrid att lansera en toolbox f\u00f6r tf-kbt h\u00e4r p\u00e5 kunskapsportalen. <\/p>\n\n\n\n<p>Har du fr\u00e5gor kring material, v\u00e4nligen kontakta barnafrid(at)liu.se <\/p>\n","protected":false},"excerpt":{"rendered":"<p>Tidigare webbplats f\u00f6r tf-kbt \u00e4r under avveckling. Under 2024 kommer Barnafrid att lansera en toolbox f\u00f6r tf-kbt h\u00e4r p\u00e5 kunskapsportalen. Har du fr\u00e5gor kring material, v\u00e4nligen kontakta barnafrid(at)liu.se<\/p>\n","protected":false},"author":10518,"featured_media":0,"parent":7680,"menu_order":0,"comment_status":"closed","ping_status":"closed","template":"page-centered.php","meta":{"h5ap_radio_sources":[],"footnotes":""},"role":[],"class_list":["post-8330","page","type-page","status-publish","hentry"],"yoast_head":"<!-- This site is optimized with the Yoast SEO plugin v27.3 - https:\/\/yoast.com\/product\/yoast-seo-wordpress\/ -->\n<title>TF-KBT - Barnafrid<\/title>\n<meta name=\"robots\" content=\"index, follow, max-snippet:-1, max-image-preview:large, max-video-preview:-1\" \/>\n<link rel=\"canonical\" href=\"https:\/\/barnafrid.se\/kunskapsportal\/metodstod-2\/tf-kbt\/\" \/>\n<meta property=\"og:locale\" content=\"sv_SE\" \/>\n<meta property=\"og:type\" content=\"article\" \/>\n<meta property=\"og:title\" content=\"TF-KBT - Barnafrid\" \/>\n<meta property=\"og:description\" content=\"Tidigare webbplats f\u00f6r tf-kbt \u00e4r under avveckling. Under 2024 kommer Barnafrid att lansera en toolbox f\u00f6r tf-kbt h\u00e4r p\u00e5 kunskapsportalen. Har du fr\u00e5gor kring material, v\u00e4nligen kontakta barnafrid(at)liu.se\" \/>\n<meta property=\"og:url\" content=\"https:\/\/barnafrid.se\/kunskapsportal\/metodstod-2\/tf-kbt\/\" \/>\n<meta property=\"og:site_name\" content=\"Barnafrid\" \/>\n<meta property=\"article:modified_time\" content=\"2024-02-20T12:58:09+00:00\" \/>\n<meta name=\"twitter:card\" content=\"summary_large_image\" \/>\n<script type=\"application\/ld+json\" class=\"yoast-schema-graph\">{\"@context\":\"https:\\\/\\\/schema.org\",\"@graph\":[{\"@type\":\"WebPage\",\"@id\":\"https:\\\/\\\/barnafrid.se\\\/kunskapsportal\\\/metodstod-2\\\/tf-kbt\\\/\",\"url\":\"https:\\\/\\\/barnafrid.se\\\/kunskapsportal\\\/metodstod-2\\\/tf-kbt\\\/\",\"name\":\"TF-KBT - Barnafrid\",\"isPartOf\":{\"@id\":\"https:\\\/\\\/barnafrid.se\\\/kunskapsportal\\\/#website\"},\"datePublished\":\"2024-02-20T12:55:40+00:00\",\"dateModified\":\"2024-02-20T12:58:09+00:00\",\"breadcrumb\":{\"@id\":\"https:\\\/\\\/barnafrid.se\\\/kunskapsportal\\\/metodstod-2\\\/tf-kbt\\\/#breadcrumb\"},\"inLanguage\":\"sv-SE\",\"potentialAction\":[{\"@type\":\"ReadAction\",\"target\":[\"https:\\\/\\\/barnafrid.se\\\/kunskapsportal\\\/metodstod-2\\\/tf-kbt\\\/\"]}]},{\"@type\":\"BreadcrumbList\",\"@id\":\"https:\\\/\\\/barnafrid.se\\\/kunskapsportal\\\/metodstod-2\\\/tf-kbt\\\/#breadcrumb\",\"itemListElement\":[{\"@type\":\"ListItem\",\"position\":1,\"name\":\"Home\",\"item\":\"https:\\\/\\\/barnafrid.se\\\/kunskapsportal\\\/\"},{\"@type\":\"ListItem\",\"position\":2,\"name\":\"Metodst\u00f6d\",\"item\":\"https:\\\/\\\/barnafrid.se\\\/kunskapsportal\\\/metodstod-2\\\/\"},{\"@type\":\"ListItem\",\"position\":3,\"name\":\"TF-KBT\"}]},{\"@type\":\"WebSite\",\"@id\":\"https:\\\/\\\/barnafrid.se\\\/kunskapsportal\\\/#website\",\"url\":\"https:\\\/\\\/barnafrid.se\\\/kunskapsportal\\\/\",\"name\":\"Barnafrid\",\"description\":\"Kunskapsportal om v\u00e5ld mot barn\",\"potentialAction\":[{\"@type\":\"SearchAction\",\"target\":{\"@type\":\"EntryPoint\",\"urlTemplate\":\"https:\\\/\\\/barnafrid.se\\\/kunskapsportal\\\/?s={search_term_string}\"},\"query-input\":{\"@type\":\"PropertyValueSpecification\",\"valueRequired\":true,\"valueName\":\"search_term_string\"}}],\"inLanguage\":\"sv-SE\"}]}<\/script>\n<!-- \/ Yoast SEO plugin. -->","yoast_head_json":{"title":"TF-KBT - Barnafrid","robots":{"index":"index","follow":"follow","max-snippet":"max-snippet:-1","max-image-preview":"max-image-preview:large","max-video-preview":"max-video-preview:-1"},"canonical":"https:\/\/barnafrid.se\/kunskapsportal\/metodstod-2\/tf-kbt\/","og_locale":"sv_SE","og_type":"article","og_title":"TF-KBT - Barnafrid","og_description":"Tidigare webbplats f\u00f6r tf-kbt \u00e4r under avveckling. Under 2024 kommer Barnafrid att lansera en toolbox f\u00f6r tf-kbt h\u00e4r p\u00e5 kunskapsportalen. Har du fr\u00e5gor kring material, v\u00e4nligen kontakta barnafrid(at)liu.se","og_url":"https:\/\/barnafrid.se\/kunskapsportal\/metodstod-2\/tf-kbt\/","og_site_name":"Barnafrid","article_modified_time":"2024-02-20T12:58:09+00:00","twitter_card":"summary_large_image","schema":{"@context":"https:\/\/schema.org","@graph":[{"@type":"WebPage","@id":"https:\/\/barnafrid.se\/kunskapsportal\/metodstod-2\/tf-kbt\/","url":"https:\/\/barnafrid.se\/kunskapsportal\/metodstod-2\/tf-kbt\/","name":"TF-KBT - Barnafrid","isPartOf":{"@id":"https:\/\/barnafrid.se\/kunskapsportal\/#website"},"datePublished":"2024-02-20T12:55:40+00:00","dateModified":"2024-02-20T12:58:09+00:00","breadcrumb":{"@id":"https:\/\/barnafrid.se\/kunskapsportal\/metodstod-2\/tf-kbt\/#breadcrumb"},"inLanguage":"sv-SE","potentialAction":[{"@type":"ReadAction","target":["https:\/\/barnafrid.se\/kunskapsportal\/metodstod-2\/tf-kbt\/"]}]},{"@type":"BreadcrumbList","@id":"https:\/\/barnafrid.se\/kunskapsportal\/metodstod-2\/tf-kbt\/#breadcrumb","itemListElement":[{"@type":"ListItem","position":1,"name":"Home","item":"https:\/\/barnafrid.se\/kunskapsportal\/"},{"@type":"ListItem","position":2,"name":"Metodst\u00f6d","item":"https:\/\/barnafrid.se\/kunskapsportal\/metodstod-2\/"},{"@type":"ListItem","position":3,"name":"TF-KBT"}]},{"@type":"WebSite","@id":"https:\/\/barnafrid.se\/kunskapsportal\/#website","url":"https:\/\/barnafrid.se\/kunskapsportal\/","name":"Barnafrid","description":"Kunskapsportal om v\u00e5ld mot barn","potentialAction":[{"@type":"SearchAction","target":{"@type":"EntryPoint","urlTemplate":"https:\/\/barnafrid.se\/kunskapsportal\/?s={search_term_string}"},"query-input":{"@type":"PropertyValueSpecification","valueRequired":true,"valueName":"search_term_string"}}],"inLanguage":"sv-SE"}]}},"_links":{"self":[{"href":"https:\/\/barnafrid.se\/kunskapsportal\/wp-json\/wp\/v2\/pages\/8330","targetHints":{"allow":["GET"]}}],"collection":[{"href":"https:\/\/barnafrid.se\/kunskapsportal\/wp-json\/wp\/v2\/pages"}],"about":[{"href":"https:\/\/barnafrid.se\/kunskapsportal\/wp-json\/wp\/v2\/types\/page"}],"author":[{"embeddable":true,"href":"https:\/\/barnafrid.se\/kunskapsportal\/wp-json\/wp\/v2\/users\/10518"}],"replies":[{"embeddable":true,"href":"https:\/\/barnafrid.se\/kunskapsportal\/wp-json\/wp\/v2\/comments?post=8330"}],"version-history":[{"count":10,"href":"https:\/\/barnafrid.se\/kunskapsportal\/wp-json\/wp\/v2\/pages\/8330\/revisions"}],"predecessor-version":[{"id":8347,"href":"https:\/\/barnafrid.se\/kunskapsportal\/wp-json\/wp\/v2\/pages\/8330\/revisions\/8347"}],"up":[{"embeddable":true,"href":"https:\/\/barnafrid.se\/kunskapsportal\/wp-json\/wp\/v2\/pages\/7680"}],"wp:attachment":[{"href":"https:\/\/barnafrid.se\/kunskapsportal\/wp-json\/wp\/v2\/media?parent=8330"}],"wp:term":[{"taxonomy":"role","embeddable":true,"href":"https:\/\/barnafrid.se\/kunskapsportal\/wp-json\/wp\/v2\/role?post=8330"}],"curies":[{"name":"wp","href":"https:\/\/api.w.org\/{rel}","templated":true}]}}