{"id":8,"date":"2019-09-16T14:31:47","date_gmt":"2019-09-16T12:31:47","guid":{"rendered":"http:\/\/barnafrid.dev.earthpeople.se\/?page_id=8"},"modified":"2025-06-25T13:54:23","modified_gmt":"2025-06-25T11:54:23","slug":"basprogram","status":"publish","type":"page","link":"https:\/\/barnafrid.se\/kunskapsportal\/basprogram\/","title":{"rendered":"Basprogram om v\u00e5ld mot barn och unga"},"content":{"rendered":"<div class=\"Hero\">\n    <div class=\"Hero-outerContainer\">\n        <div class=\"Hero-innerContainer\">\n            <div class=\"HeroContent\">\n                <h1 class=\"Hero-title\">Basprogram <br>om v\u00e5ld mot barn och unga<\/h1>\n                <div class=\"Hero-intro\">\n                    <p>Den h\u00e4r utbildningen ger dig kunskap och verktyg f\u00f6r att uppt\u00e4cka, bem\u00f6ta och hj\u00e4lpa barn och unga som varit utsatta f\u00f6r v\u00e5ld och \u00f6vergrepp. De h\u00e4r barnen eller ungdomarna finns mitt ibland oss och med r\u00e4tt kunskap och kompetens kan vi g\u00f6ra skillnad.<\/p>                <\/div>\n                <div class=\"HeroLinks\">\n                                                    <p class=\"HeroLinks-right\">\n                        <a href=\"https:\/\/barnafrid.se\/kunskapsportal\/wp-login.php?action=register&#038;redirect_to=https:\/\/barnafrid.se\/kunskapsportal\/kurs\/kurs-barnvald\/\" class=\"Button Button--alt\">G\u00e5 utbildningen!<\/a>\n                    <\/p>\n                                <\/div>\n            <\/div>\n\n                <div class=\"HeroIllustration\" >\n\n                <img loading=\"lazy\" decoding=\"async\" width=\"1024\" height=\"805\" src=\"https:\/\/barnafrid.se\/kunskapsportal\/wp-content\/uploads\/2019\/12\/start-1024x805.png\" class=\"HeroIllustration-image\" alt=\"Barn som sitter vid ett bord och l\u00e4ser\" srcset=\"https:\/\/barnafrid.se\/kunskapsportal\/wp-content\/uploads\/2019\/12\/start-1024x805.png 1024w, https:\/\/barnafrid.se\/kunskapsportal\/wp-content\/uploads\/2019\/12\/start-300x236.png 300w, https:\/\/barnafrid.se\/kunskapsportal\/wp-content\/uploads\/2019\/12\/start-768x604.png 768w, https:\/\/barnafrid.se\/kunskapsportal\/wp-content\/uploads\/2019\/12\/start.png 1200w\" sizes=\"auto, (max-width: 1024px) 100vw, 1024px\" \/>            <\/div>\n        <\/div>\n\n    <\/div>\n<\/div>\n\n\n<section class=\"ArticleSection \">\n  \n\n<p><em>Just nu p\u00e5g\u00e5r en revidering av Barnafrids digitala webbutbildningar. I och med den nya socialtj\u00e4nstlagen som tr\u00e4der i kraft 1 juli 2025 kommer vissa lagh\u00e4nvisningar i utbildningarna peka mot den tidigare lagstiftningen.\u00a0<a href=\"https:\/\/barnafrid.se\/kunskapsportal\/wp-content\/uploads\/2025\/06\/jamforelse_nuvarande_nya_sol.pdf\" target=\"_blank\" rel=\"noreferrer noopener\">H\u00e4r kan du ladda ner en tabell med de nya lagh\u00e4nvisningarna j\u00e4mf\u00f6rt med de \u00e4ldre.<\/a><\/em><\/p>\n\n\n\n<h2 class=\"wp-block-heading\">Alla som m\u00f6ter barn ska ha samma kunskaper<\/h2>\n\n\n\n<p>Barn och unga som utsatts f\u00f6r v\u00e5ld och \u00f6vergrepp ska f\u00e5 ett tryggt och kunnigt bem\u00f6tande, var i Sverige de \u00e4n bor och vem de \u00e4n tr\u00e4ffar. Barnafrid har d\u00e4rf\u00f6r tagit fram ett kostnadsfritt basprogram som ger dig som yrkesverksam eller p\u00e5 n\u00e5got annat s\u00e4tt m\u00f6ter barn och unga en kunskapsbas, baserad p\u00e5 forskning och bepr\u00f6vad erfarenhet. Arbetet har skett inom ramen f\u00f6r regeringsuppdraget&nbsp;<a href=\"https:\/\/www.regeringen.se\/regeringsuppdrag\/2018\/04\/uppdrag-avseende-kompetensutveckling-i-psykiatrisk-traumavard-for-anstallda-i-barn--och-ungdomspsykiatrin\/\"><strong>Trauma p\u00e5 kartan<\/strong><\/a>.<\/p>\n\n\n\n<h2 class=\"wp-block-heading\" id=\"en-halv-dag-som-gor-stor-skillnad\">En dag som g\u00f6r stor skillnad<\/h2>\n\n\n\n<p>Basprogrammet \u00e4r kostnadsfritt, tar en dag att genomf\u00f6ra och ger m\u00f6jlighet till f\u00f6rdjupning inom flera omr\u00e5den. N\u00e4r som helst under utbildningen kan du ta en paus f\u00f6r att forts\u00e4tta vid ett senare tillf\u00e4lle. Du kan g\u00e5 utbildningen p\u00e5 egen hand eller tillsammans med andra i gruppsp\u00e5ret. Efter avklarad utbildning f\u00e5r du ett kursintyg som bevis p\u00e5 ditt deltagande.<\/p>\n\n<\/section>\n\n\n<section class=\"ArticleSection \">\n      <h2 class=\"ArticleSection-title\" id=\"tre-steg-till-ny-kunskap\">\n      Tre steg till ny kunskap    <\/h2>\n    \n<div class=\"Step\">\n    <div class=\"Step-illustration\">\n        <img loading=\"lazy\" decoding=\"async\" width=\"600\" height=\"410\" src=\"https:\/\/barnafrid.se\/kunskapsportal\/wp-content\/uploads\/2019\/12\/upplagg.png\" class=\"Step-image\" alt=\"\" srcset=\"https:\/\/barnafrid.se\/kunskapsportal\/wp-content\/uploads\/2019\/12\/upplagg.png 600w, https:\/\/barnafrid.se\/kunskapsportal\/wp-content\/uploads\/2019\/12\/upplagg-300x205.png 300w\" sizes=\"auto, (max-width: 600px) 100vw, 600px\" \/>    <\/div>\n    <div class=\"Step-content\">\n        <h3 class=\"Step-title\">1. Registrera dig som anv\u00e4ndare.<\/h3>\n        <p class=\"Step-text\">F\u00f6r att kunna ta del av utbildningen beh\u00f6ver du registrera dig och v\u00e4lja l\u00f6senord. D\u00e4refter kan du logga in n\u00e4r det passar dig och fr\u00e5n vilken dator, l\u00e4splatta eller mobiltelefon du vill.<\/p>\n    <\/div>\n<\/div>\n\n\n<div class=\"Step\">\n    <div class=\"Step-illustration\">\n        <img loading=\"lazy\" decoding=\"async\" width=\"600\" height=\"600\" src=\"https:\/\/barnafrid.se\/kunskapsportal\/wp-content\/uploads\/2019\/12\/tid.png\" class=\"Step-image\" alt=\"V\u00e4ggklocka ovanf\u00f6r en bokhylla och en liten tavla.\" srcset=\"https:\/\/barnafrid.se\/kunskapsportal\/wp-content\/uploads\/2019\/12\/tid.png 600w, https:\/\/barnafrid.se\/kunskapsportal\/wp-content\/uploads\/2019\/12\/tid-150x150.png 150w, https:\/\/barnafrid.se\/kunskapsportal\/wp-content\/uploads\/2019\/12\/tid-300x300.png 300w\" sizes=\"auto, (max-width: 600px) 100vw, 600px\" \/>    <\/div>\n    <div class=\"Step-content\">\n        <h3 class=\"Step-title\">2. G\u00e5 utbildningen \u2013 i din egen takt.<\/h3>\n        <p class=\"Step-text\">Utbildningen \u00e4r uppdelad i tio kapitel och tar cirka en dag att genomf\u00f6ra. Du kan n\u00e4r som helst avsluta f\u00f6r att forts\u00e4tta d\u00e4r du slutade vid ett senare tillf\u00e4lle. Under utbildningen kan du spara s\u00e4rskilt intressanta avsnitt och skapa din personliga kunskapsbank att \u00e5terkomma till.<\/p>\n    <\/div>\n<\/div>\n\n\n<div class=\"Step\">\n    <div class=\"Step-illustration\">\n        <img loading=\"lazy\" decoding=\"async\" width=\"600\" height=\"600\" src=\"https:\/\/barnafrid.se\/kunskapsportal\/wp-content\/uploads\/2019\/12\/intyg.png\" class=\"Step-image\" alt=\"\" srcset=\"https:\/\/barnafrid.se\/kunskapsportal\/wp-content\/uploads\/2019\/12\/intyg.png 600w, https:\/\/barnafrid.se\/kunskapsportal\/wp-content\/uploads\/2019\/12\/intyg-150x150.png 150w, https:\/\/barnafrid.se\/kunskapsportal\/wp-content\/uploads\/2019\/12\/intyg-300x300.png 300w\" sizes=\"auto, (max-width: 600px) 100vw, 600px\" \/>    <\/div>\n    <div class=\"Step-content\">\n        <h3 class=\"Step-title\">3. G\u00f6r ett avslutande test och f\u00e5 ett intyg.<\/h3>\n        <p class=\"Step-text\">Utbildningen avslutas med ett test och r\u00e4tt svar ger dig ett intyg som bevisar dina nya kunskaper. Om du skulle uppt\u00e4cka kunskapsluckor kan du g\u00e5 tillbaka till aktuellt kapitel f\u00f6r att l\u00e4ra dig mer, f\u00f6r sedan att g\u00f6ra testet p\u00e5 nytt.<\/p>\n    <\/div>\n<\/div>\n\n<\/section>\n\n\n<section class=\"ArticleSection \">\n      <h2 class=\"ArticleSection-title\" id=\"om-barnafrid\">\n      Om Barnafrid    <\/h2>\n    \n\n<p>Barnafrid \u00e4r ett nationellt kunskapscentrum med uppdrag att samla och sprida kunskap om v\u00e5ld och andra \u00f6vergrepp mot barn. Det \u00e4r ett regeringsuppdrag som tilldelades Link\u00f6pings universitet under 2015 och finns placerat p\u00e5 Institutionen f\u00f6r klinisk och experimentell medicin p\u00e5 Campus US i Link\u00f6ping.<\/p>\n\n\n\n<p>Barnafrid riktar sig till yrkesverksamma eller andra som p\u00e5 olika s\u00e4tt m\u00f6ter barn och unga. Barnafrid vill ocks\u00e5 n\u00e5 beslutsfattare inom politiken eller myndigheter liksom andra som arbetar med fr\u00e5gor som r\u00f6r unga. &nbsp;&nbsp;<\/p>\n\n\n\n<p>M\u00e5let f\u00f6r kunskapscentrumet \u00e4r att, genom att samla och sprida kunskap, bidra till ett f\u00f6rb\u00e4ttrat f\u00f6rebyggande arbete samt att utveckla effektiva insatser f\u00f6r att skydda och st\u00f6dja barn och unga som utsatts f\u00f6r v\u00e5ld och andra \u00f6vergrepp.<\/p>\n\n<\/section>\n","protected":false},"excerpt":{"rendered":"","protected":false},"author":1,"featured_media":0,"parent":0,"menu_order":0,"comment_status":"closed","ping_status":"closed","template":"page-course-start.php","meta":{"h5ap_radio_sources":[],"footnotes":""},"role":[],"class_list":["post-8","page","type-page","status-publish","hentry"],"yoast_head":"<!-- This site is optimized with the Yoast SEO plugin v27.4 - https:\/\/yoast.com\/product\/yoast-seo-wordpress\/ -->\n<title>Basprogram om v\u00e5ld mot barn och unga - Barnafrid<\/title>\n<meta name=\"robots\" content=\"index, follow, max-snippet:-1, max-image-preview:large, max-video-preview:-1\" \/>\n<link rel=\"canonical\" href=\"https:\/\/barnafrid.se\/kunskapsportal\/basprogram\/\" \/>\n<meta property=\"og:locale\" content=\"sv_SE\" \/>\n<meta property=\"og:type\" content=\"article\" \/>\n<meta property=\"og:title\" content=\"Basprogram om v\u00e5ld mot barn och unga - Barnafrid\" \/>\n<meta property=\"og:url\" content=\"https:\/\/barnafrid.se\/kunskapsportal\/basprogram\/\" \/>\n<meta property=\"og:site_name\" content=\"Barnafrid\" \/>\n<meta property=\"article:modified_time\" content=\"2025-06-25T11:54:23+00:00\" \/>\n<meta name=\"twitter:card\" content=\"summary_large_image\" \/>\n<meta name=\"twitter:label1\" content=\"Ber\u00e4knad l\u00e4stid\" \/>\n\t<meta name=\"twitter:data1\" content=\"2 minuter\" \/>\n<script type=\"application\/ld+json\" class=\"yoast-schema-graph\">{\"@context\":\"https:\\\/\\\/schema.org\",\"@graph\":[{\"@type\":\"WebPage\",\"@id\":\"https:\\\/\\\/barnafrid.se\\\/kunskapsportal\\\/basprogram\\\/\",\"url\":\"https:\\\/\\\/barnafrid.se\\\/kunskapsportal\\\/basprogram\\\/\",\"name\":\"Basprogram om v\u00e5ld mot barn och unga - Barnafrid\",\"isPartOf\":{\"@id\":\"https:\\\/\\\/barnafrid.se\\\/kunskapsportal\\\/#website\"},\"datePublished\":\"2019-09-16T12:31:47+00:00\",\"dateModified\":\"2025-06-25T11:54:23+00:00\",\"breadcrumb\":{\"@id\":\"https:\\\/\\\/barnafrid.se\\\/kunskapsportal\\\/basprogram\\\/#breadcrumb\"},\"inLanguage\":\"sv-SE\",\"potentialAction\":[{\"@type\":\"ReadAction\",\"target\":[\"https:\\\/\\\/barnafrid.se\\\/kunskapsportal\\\/basprogram\\\/\"]}]},{\"@type\":\"BreadcrumbList\",\"@id\":\"https:\\\/\\\/barnafrid.se\\\/kunskapsportal\\\/basprogram\\\/#breadcrumb\",\"itemListElement\":[{\"@type\":\"ListItem\",\"position\":1,\"name\":\"Home\",\"item\":\"https:\\\/\\\/barnafrid.se\\\/kunskapsportal\\\/\"},{\"@type\":\"ListItem\",\"position\":2,\"name\":\"Basprogram om v\u00e5ld mot barn och unga\"}]},{\"@type\":\"WebSite\",\"@id\":\"https:\\\/\\\/barnafrid.se\\\/kunskapsportal\\\/#website\",\"url\":\"https:\\\/\\\/barnafrid.se\\\/kunskapsportal\\\/\",\"name\":\"Barnafrid\",\"description\":\"Kunskapsportal om v\u00e5ld mot barn\",\"potentialAction\":[{\"@type\":\"SearchAction\",\"target\":{\"@type\":\"EntryPoint\",\"urlTemplate\":\"https:\\\/\\\/barnafrid.se\\\/kunskapsportal\\\/?s={search_term_string}\"},\"query-input\":{\"@type\":\"PropertyValueSpecification\",\"valueRequired\":true,\"valueName\":\"search_term_string\"}}],\"inLanguage\":\"sv-SE\"}]}<\/script>\n<!-- \/ Yoast SEO plugin. -->","yoast_head_json":{"title":"Basprogram om v\u00e5ld mot barn och unga - Barnafrid","robots":{"index":"index","follow":"follow","max-snippet":"max-snippet:-1","max-image-preview":"max-image-preview:large","max-video-preview":"max-video-preview:-1"},"canonical":"https:\/\/barnafrid.se\/kunskapsportal\/basprogram\/","og_locale":"sv_SE","og_type":"article","og_title":"Basprogram om v\u00e5ld mot barn och unga - Barnafrid","og_url":"https:\/\/barnafrid.se\/kunskapsportal\/basprogram\/","og_site_name":"Barnafrid","article_modified_time":"2025-06-25T11:54:23+00:00","twitter_card":"summary_large_image","twitter_misc":{"Ber\u00e4knad l\u00e4stid":"2 minuter"},"schema":{"@context":"https:\/\/schema.org","@graph":[{"@type":"WebPage","@id":"https:\/\/barnafrid.se\/kunskapsportal\/basprogram\/","url":"https:\/\/barnafrid.se\/kunskapsportal\/basprogram\/","name":"Basprogram om v\u00e5ld mot barn och unga - Barnafrid","isPartOf":{"@id":"https:\/\/barnafrid.se\/kunskapsportal\/#website"},"datePublished":"2019-09-16T12:31:47+00:00","dateModified":"2025-06-25T11:54:23+00:00","breadcrumb":{"@id":"https:\/\/barnafrid.se\/kunskapsportal\/basprogram\/#breadcrumb"},"inLanguage":"sv-SE","potentialAction":[{"@type":"ReadAction","target":["https:\/\/barnafrid.se\/kunskapsportal\/basprogram\/"]}]},{"@type":"BreadcrumbList","@id":"https:\/\/barnafrid.se\/kunskapsportal\/basprogram\/#breadcrumb","itemListElement":[{"@type":"ListItem","position":1,"name":"Home","item":"https:\/\/barnafrid.se\/kunskapsportal\/"},{"@type":"ListItem","position":2,"name":"Basprogram om v\u00e5ld mot barn och unga"}]},{"@type":"WebSite","@id":"https:\/\/barnafrid.se\/kunskapsportal\/#website","url":"https:\/\/barnafrid.se\/kunskapsportal\/","name":"Barnafrid","description":"Kunskapsportal om v\u00e5ld mot barn","potentialAction":[{"@type":"SearchAction","target":{"@type":"EntryPoint","urlTemplate":"https:\/\/barnafrid.se\/kunskapsportal\/?s={search_term_string}"},"query-input":{"@type":"PropertyValueSpecification","valueRequired":true,"valueName":"search_term_string"}}],"inLanguage":"sv-SE"}]}},"_links":{"self":[{"href":"https:\/\/barnafrid.se\/kunskapsportal\/wp-json\/wp\/v2\/pages\/8","targetHints":{"allow":["GET"]}}],"collection":[{"href":"https:\/\/barnafrid.se\/kunskapsportal\/wp-json\/wp\/v2\/pages"}],"about":[{"href":"https:\/\/barnafrid.se\/kunskapsportal\/wp-json\/wp\/v2\/types\/page"}],"author":[{"embeddable":true,"href":"https:\/\/barnafrid.se\/kunskapsportal\/wp-json\/wp\/v2\/users\/1"}],"replies":[{"embeddable":true,"href":"https:\/\/barnafrid.se\/kunskapsportal\/wp-json\/wp\/v2\/comments?post=8"}],"version-history":[{"count":60,"href":"https:\/\/barnafrid.se\/kunskapsportal\/wp-json\/wp\/v2\/pages\/8\/revisions"}],"predecessor-version":[{"id":18194,"href":"https:\/\/barnafrid.se\/kunskapsportal\/wp-json\/wp\/v2\/pages\/8\/revisions\/18194"}],"wp:attachment":[{"href":"https:\/\/barnafrid.se\/kunskapsportal\/wp-json\/wp\/v2\/media?parent=8"}],"wp:term":[{"taxonomy":"role","embeddable":true,"href":"https:\/\/barnafrid.se\/kunskapsportal\/wp-json\/wp\/v2\/role?post=8"}],"curies":[{"name":"wp","href":"https:\/\/api.w.org\/{rel}","templated":true}]}}