{"id":7922,"date":"2023-12-07T15:43:13","date_gmt":"2023-12-07T14:43:13","guid":{"rendered":"https:\/\/barnafrid.se\/kunskapsportal\/?page_id=7922"},"modified":"2025-04-25T14:40:27","modified_gmt":"2025-04-25T12:40:27","slug":"om-barnahusutbildningen","status":"publish","type":"page","link":"https:\/\/barnafrid.se\/kunskapsportal\/barnahusutbildningen\/om-barnahusutbildningen\/","title":{"rendered":"Om utbildningen"},"content":{"rendered":"\n<p>Barnafrid arbetar f\u00f6r att alla barn i Sverige ska ha tillg\u00e5ng till ett barnahus, f\u00f6r att kunna f\u00e5 ett likv\u00e4rdigt bem\u00f6tande och likv\u00e4rdiga insatser. Med den h\u00e4r utbildningen vill vi erbjuda en gemensam kunskapsgrund f\u00f6r barnahus i Sverige som \u00e4r baserad p\u00e5 forskning och bepr\u00f6vad erfarenhet.<\/p>\n\n\n\n<p>Utbildningen har sin utg\u00e5ngspunkt i ett barnanpassat utredningsf\u00f6rfarande n\u00e4r det g\u00e4ller brott, skydd och r\u00e4tten till st\u00f6d och behandling. Ett barn som har blivit utsatt f\u00f6r v\u00e5ld ska inte riskera att skadas ytterligare av utredningar. Barnahus verksamhet ska s\u00e4kerst\u00e4lla att situationen blir b\u00e4ttre f\u00f6r barnet. Barnet har ocks\u00e5 under hela processen r\u00e4tt till information och delaktighet.<\/p>\n\n\n\n<h2 class=\"wp-block-heading\">Utbildningen riktar sig till dig som arbetar eller ska arbeta i barnahus<\/h2>\n\n\n\n<p>Den h\u00e4r utbildningen v\u00e4nder sig i f\u00f6rsta hand till dig som \u00e4r eller h\u00e5ller p\u00e5 att bli samordnare p\u00e5 ett barnahus, och till dig som i ditt yrke arbetar med barnahus. Delar av utbildningen kan \u00e4ven vara intressant f\u00f6r dig som vill orientera dig om vad barnahus \u00e4r och arbetar inom en angr\u00e4nsande verksamhet, till exempel i f\u00f6rskola och skola eller som student. M\u00e5let \u00e4r att du ska kunna anv\u00e4nda dina nya kunskaper i ditt arbete.<\/p>\n\n\n\n<p>Till dig som vill veta mer om olika former av v\u00e5ld mot barn och v\u00e5ldets konsekvenser rekommenderar vi <a href=\"https:\/\/barnafrid.se\/kunskapsportal\/kurs\/kurs-barnvald\/\">Barnafrids basprogram om v\u00e5ld mot barn och unga<\/a>.<\/p>\n\n\n\n<figure class=\"Image size-medium\"><img loading=\"lazy\" decoding=\"async\" width=\"300\" height=\"246\" src=\"https:\/\/barnafrid.se\/kunskapsportal\/wp-content\/uploads\/2024\/11\/laptop-1-300x246.png\" alt=\"\" class=\"Image-img wp-image-11373\" srcset=\"https:\/\/barnafrid.se\/kunskapsportal\/wp-content\/uploads\/2024\/11\/laptop-1-300x246.png 300w, https:\/\/barnafrid.se\/kunskapsportal\/wp-content\/uploads\/2024\/11\/laptop-1-1024x839.png 1024w, https:\/\/barnafrid.se\/kunskapsportal\/wp-content\/uploads\/2024\/11\/laptop-1-768x629.png 768w, https:\/\/barnafrid.se\/kunskapsportal\/wp-content\/uploads\/2024\/11\/laptop-1-1536x1258.png 1536w, https:\/\/barnafrid.se\/kunskapsportal\/wp-content\/uploads\/2024\/11\/laptop-1.png 2014w\" sizes=\"auto, (max-width: 300px) 100vw, 300px\" \/><\/figure>\n\n\n\n<h2 class=\"wp-block-heading\">Utbildningens uppl\u00e4gg<\/h2>\n\n\n\n<p>I utbildningens f\u00f6rsta del f\u00e5r du en introduktion till det som kallas f\u00f6r en barnv\u00e4nlig r\u00e4ttsprocess (&#8221;child friendly justice&#8221;) och barns r\u00e4ttigheter. D\u00e4refter f\u00e5r du f\u00f6lja ett fiktivt fall som handlar om Hugos v\u00e4g till och genom ett barnahus. I varje kapitel finns beskrivningar av forskning, praxis och reflektionsfr\u00e5gor. F\u00f6r dig som vill l\u00e4sa och l\u00e4ra mer finns \u00e4ven referens- och f\u00f6rdjupningsdelar, liksom l\u00e4nkar till myndigheters resurssidor samt information om nationella riktlinjer och metodst\u00f6d med mera.<\/p>\n\n\n\n<p>I huvudsak definierar vi att barn \u00e4r man upp till 18 \u00e5r, utifr\u00e5n att det \u00e4r den m\u00e5lgrupp barnahus riktar sig till. Under vissa avsnitt som ber\u00f6r socialtj\u00e4nstens arbete och insatser samt den juridiska processen utg\u00e5r vi fr\u00e5n de \u00e5ldersindelningar avseende barn och unga som \u00e4r reglerade i dessa myndigheters respektive verksamhetsomr\u00e5den.<\/p>\n\n\n\n<p>Vi anv\u00e4nder v\u00e5rdnadshavare som ben\u00e4mning i de sammanhang d\u00e4r det blir viktigt att framh\u00e5lla och betona vem som har det juridiska ansvaret f\u00f6r ett barn. I andra sammanhang d\u00e4r det perspektivet inte \u00e4r det v\u00e4sentliga, anv\u00e4nder vi fr\u00e4mst f\u00f6r\u00e4lder och i n\u00e5got fall omsorgsperson.<\/p>\n\n\n\n<p>Vi uppskattar att utbildningen i sin helhet tar 4\u20135 timmar att genomf\u00f6ra. Tiden kan bli l\u00e4ngre beroende p\u00e5 hur m\u00e5nga f\u00f6rdjupningsdelar du tar dig igenom. N\u00e4r du arbetar kan du g\u00e5 fram och tillbaka mellan olika delar genom att klicka p\u00e5 pilarna l\u00e4ngst ned p\u00e5 varje sida, eller rubrikerna i den lodr\u00e4ta menyn p\u00e5 v\u00e4nster sida.<\/p>\n\n\n\n<p>Du kan g\u00f6ra utbildningen ensam eller tillsammans med andra p\u00e5 din arbetsplats. Vi uppmuntrar dig att reflektera \u00f6ver hur utbildningens inneh\u00e5ll kan till\u00e4mpas i din praktik.<\/p>\n\n\n\n<h2 class=\"wp-block-heading\">Anv\u00e4nd och sprid materialet, men ange Barnafrid som k\u00e4lla<\/h2>\n\n\n\n<p>Barnafrid har upphovsr\u00e4tt till allt material i denna utbildning, i enlighet med lagen om upphovsr\u00e4tt. Vi ser g\u00e4rna att du anv\u00e4nder och h\u00e4nvisar till inneh\u00e5llet. Ange d\u00e5 f\u00f6ljande k\u00e4lla: <a href=\"https:\/\/barnafrid.se\/kunskapsportal\/kurs\/barnahusutbildningen\/\" target=\"_blank\" rel=\"noreferrer noopener\">barnafrid.se\/kunskapsportal\/kurs\/barnahusutbildningen<\/a><\/p>\n\n\n\n<h2 class=\"wp-block-heading\">\u00c5terkoppla g\u00e4rna till oss<\/h2>\n\n\n\n<p>Efter avslutad utbildning skickar vi en utv\u00e4rderingsenk\u00e4t till dig via e-post som vi uppskattar om du fyller i. Det hj\u00e4lper oss att vidareutveckla utbildningens inneh\u00e5ll och det pedagogiska uppl\u00e4gget.<\/p>\n\n\n\n<p>Om du har fr\u00e5gor kring barnahusutbildningen eller vill ha st\u00f6d \u00e4r du v\u00e4lkommen att kontakta Barnafrid via e-post <a href=\"mailto:barnafrid@liu.se\" target=\"_blank\" rel=\"noreferrer noopener\">barnafrid@liu.se<\/a>.<\/p>\n\n\n\n<figure class=\"Image size-large\"><img loading=\"lazy\" decoding=\"async\" width=\"1024\" height=\"576\" src=\"\/kunskapsportal\/wp-content\/uploads\/2024\/12\/barnahus-hugo-16.9-transparent-01-1024x576.png\" alt=\"\" class=\"Image-img wp-image-11661\" srcset=\"https:\/\/barnafrid.se\/kunskapsportal\/wp-content\/uploads\/2024\/12\/barnahus-hugo-16.9-transparent-01-1024x576.png 1024w, https:\/\/barnafrid.se\/kunskapsportal\/wp-content\/uploads\/2024\/12\/barnahus-hugo-16.9-transparent-01-300x169.png 300w, https:\/\/barnafrid.se\/kunskapsportal\/wp-content\/uploads\/2024\/12\/barnahus-hugo-16.9-transparent-01-768x432.png 768w, https:\/\/barnafrid.se\/kunskapsportal\/wp-content\/uploads\/2024\/12\/barnahus-hugo-16.9-transparent-01-1536x864.png 1536w, https:\/\/barnafrid.se\/kunskapsportal\/wp-content\/uploads\/2024\/12\/barnahus-hugo-16.9-transparent-01-2048x1152.png 2048w\" sizes=\"auto, (max-width: 1024px) 100vw, 1024px\" \/><\/figure>\n","protected":false},"excerpt":{"rendered":"<p>Barnafrid arbetar f\u00f6r att alla barn i Sverige ska ha tillg\u00e5ng till ett barnahus, f\u00f6r att kunna f\u00e5 ett likv\u00e4rdigt bem\u00f6tande och likv\u00e4rdiga insatser. Med den h\u00e4r utbildningen vill vi erbjuda en gemensam kunskapsgrund f\u00f6r barnahus i Sverige som \u00e4r baserad p\u00e5 forskning och bepr\u00f6vad erfarenhet. Utbildningen har sin utg\u00e5ngspunkt i ett barnanpassat utredningsf\u00f6rfarande n\u00e4r [&hellip;]<\/p>\n","protected":false},"author":26405,"featured_media":0,"parent":6562,"menu_order":1,"comment_status":"closed","ping_status":"closed","template":"","meta":{"h5ap_radio_sources":[],"footnotes":""},"role":[],"class_list":["post-7922","page","type-page","status-publish","hentry"],"yoast_head":"<!-- This site is optimized with the Yoast SEO plugin v27.4 - https:\/\/yoast.com\/product\/yoast-seo-wordpress\/ -->\n<title>Om utbildningen - Barnafrid<\/title>\n<meta name=\"robots\" content=\"index, follow, max-snippet:-1, max-image-preview:large, max-video-preview:-1\" \/>\n<link rel=\"canonical\" href=\"https:\/\/barnafrid.se\/kunskapsportal\/barnahusutbildningen\/om-barnahusutbildningen\/\" \/>\n<meta property=\"og:locale\" content=\"sv_SE\" \/>\n<meta property=\"og:type\" content=\"article\" \/>\n<meta property=\"og:title\" content=\"Om utbildningen - Barnafrid\" \/>\n<meta property=\"og:description\" content=\"Barnafrid arbetar f\u00f6r att alla barn i Sverige ska ha tillg\u00e5ng till ett barnahus, f\u00f6r att kunna f\u00e5 ett likv\u00e4rdigt bem\u00f6tande och likv\u00e4rdiga insatser. Med den h\u00e4r utbildningen vill vi erbjuda en gemensam kunskapsgrund f\u00f6r barnahus i Sverige som \u00e4r baserad p\u00e5 forskning och bepr\u00f6vad erfarenhet. Utbildningen har sin utg\u00e5ngspunkt i ett barnanpassat utredningsf\u00f6rfarande n\u00e4r [&hellip;]\" \/>\n<meta property=\"og:url\" content=\"https:\/\/barnafrid.se\/kunskapsportal\/barnahusutbildningen\/om-barnahusutbildningen\/\" \/>\n<meta property=\"og:site_name\" content=\"Barnafrid\" \/>\n<meta property=\"article:modified_time\" content=\"2025-04-25T12:40:27+00:00\" \/>\n<meta property=\"og:image\" content=\"https:\/\/barnafrid.se\/kunskapsportal\/wp-content\/uploads\/2024\/11\/laptop-1.png\" \/>\n\t<meta property=\"og:image:width\" content=\"2014\" \/>\n\t<meta property=\"og:image:height\" content=\"1650\" \/>\n\t<meta property=\"og:image:type\" content=\"image\/png\" \/>\n<meta name=\"twitter:card\" content=\"summary_large_image\" \/>\n<meta name=\"twitter:label1\" content=\"Ber\u00e4knad l\u00e4stid\" \/>\n\t<meta name=\"twitter:data1\" content=\"4 minuter\" \/>\n<script type=\"application\/ld+json\" class=\"yoast-schema-graph\">{\"@context\":\"https:\\\/\\\/schema.org\",\"@graph\":[{\"@type\":\"WebPage\",\"@id\":\"https:\\\/\\\/barnafrid.se\\\/kunskapsportal\\\/barnahusutbildningen\\\/om-barnahusutbildningen\\\/\",\"url\":\"https:\\\/\\\/barnafrid.se\\\/kunskapsportal\\\/barnahusutbildningen\\\/om-barnahusutbildningen\\\/\",\"name\":\"Om utbildningen - Barnafrid\",\"isPartOf\":{\"@id\":\"https:\\\/\\\/barnafrid.se\\\/kunskapsportal\\\/#website\"},\"primaryImageOfPage\":{\"@id\":\"https:\\\/\\\/barnafrid.se\\\/kunskapsportal\\\/barnahusutbildningen\\\/om-barnahusutbildningen\\\/#primaryimage\"},\"image\":{\"@id\":\"https:\\\/\\\/barnafrid.se\\\/kunskapsportal\\\/barnahusutbildningen\\\/om-barnahusutbildningen\\\/#primaryimage\"},\"thumbnailUrl\":\"https:\\\/\\\/barnafrid.se\\\/kunskapsportal\\\/wp-content\\\/uploads\\\/2024\\\/11\\\/laptop-1-300x246.png\",\"datePublished\":\"2023-12-07T14:43:13+00:00\",\"dateModified\":\"2025-04-25T12:40:27+00:00\",\"breadcrumb\":{\"@id\":\"https:\\\/\\\/barnafrid.se\\\/kunskapsportal\\\/barnahusutbildningen\\\/om-barnahusutbildningen\\\/#breadcrumb\"},\"inLanguage\":\"sv-SE\",\"potentialAction\":[{\"@type\":\"ReadAction\",\"target\":[\"https:\\\/\\\/barnafrid.se\\\/kunskapsportal\\\/barnahusutbildningen\\\/om-barnahusutbildningen\\\/\"]}]},{\"@type\":\"ImageObject\",\"inLanguage\":\"sv-SE\",\"@id\":\"https:\\\/\\\/barnafrid.se\\\/kunskapsportal\\\/barnahusutbildningen\\\/om-barnahusutbildningen\\\/#primaryimage\",\"url\":\"https:\\\/\\\/barnafrid.se\\\/kunskapsportal\\\/wp-content\\\/uploads\\\/2024\\\/11\\\/laptop-1.png\",\"contentUrl\":\"https:\\\/\\\/barnafrid.se\\\/kunskapsportal\\\/wp-content\\\/uploads\\\/2024\\\/11\\\/laptop-1.png\",\"width\":2014,\"height\":1650},{\"@type\":\"BreadcrumbList\",\"@id\":\"https:\\\/\\\/barnafrid.se\\\/kunskapsportal\\\/barnahusutbildningen\\\/om-barnahusutbildningen\\\/#breadcrumb\",\"itemListElement\":[{\"@type\":\"ListItem\",\"position\":1,\"name\":\"Home\",\"item\":\"https:\\\/\\\/barnafrid.se\\\/kunskapsportal\\\/\"},{\"@type\":\"ListItem\",\"position\":2,\"name\":\"Barnahusutbildningen\",\"item\":\"https:\\\/\\\/barnafrid.se\\\/kunskapsportal\\\/barnahusutbildningen\\\/\"},{\"@type\":\"ListItem\",\"position\":3,\"name\":\"Om utbildningen\"}]},{\"@type\":\"WebSite\",\"@id\":\"https:\\\/\\\/barnafrid.se\\\/kunskapsportal\\\/#website\",\"url\":\"https:\\\/\\\/barnafrid.se\\\/kunskapsportal\\\/\",\"name\":\"Barnafrid\",\"description\":\"Kunskapsportal om v\u00e5ld mot barn\",\"potentialAction\":[{\"@type\":\"SearchAction\",\"target\":{\"@type\":\"EntryPoint\",\"urlTemplate\":\"https:\\\/\\\/barnafrid.se\\\/kunskapsportal\\\/?s={search_term_string}\"},\"query-input\":{\"@type\":\"PropertyValueSpecification\",\"valueRequired\":true,\"valueName\":\"search_term_string\"}}],\"inLanguage\":\"sv-SE\"}]}<\/script>\n<!-- \/ Yoast SEO plugin. -->","yoast_head_json":{"title":"Om utbildningen - Barnafrid","robots":{"index":"index","follow":"follow","max-snippet":"max-snippet:-1","max-image-preview":"max-image-preview:large","max-video-preview":"max-video-preview:-1"},"canonical":"https:\/\/barnafrid.se\/kunskapsportal\/barnahusutbildningen\/om-barnahusutbildningen\/","og_locale":"sv_SE","og_type":"article","og_title":"Om utbildningen - Barnafrid","og_description":"Barnafrid arbetar f\u00f6r att alla barn i Sverige ska ha tillg\u00e5ng till ett barnahus, f\u00f6r att kunna f\u00e5 ett likv\u00e4rdigt bem\u00f6tande och likv\u00e4rdiga insatser. Med den h\u00e4r utbildningen vill vi erbjuda en gemensam kunskapsgrund f\u00f6r barnahus i Sverige som \u00e4r baserad p\u00e5 forskning och bepr\u00f6vad erfarenhet. Utbildningen har sin utg\u00e5ngspunkt i ett barnanpassat utredningsf\u00f6rfarande n\u00e4r [&hellip;]","og_url":"https:\/\/barnafrid.se\/kunskapsportal\/barnahusutbildningen\/om-barnahusutbildningen\/","og_site_name":"Barnafrid","article_modified_time":"2025-04-25T12:40:27+00:00","og_image":[{"width":2014,"height":1650,"url":"https:\/\/barnafrid.se\/kunskapsportal\/wp-content\/uploads\/2024\/11\/laptop-1.png","type":"image\/png"}],"twitter_card":"summary_large_image","twitter_misc":{"Ber\u00e4knad l\u00e4stid":"4 minuter"},"schema":{"@context":"https:\/\/schema.org","@graph":[{"@type":"WebPage","@id":"https:\/\/barnafrid.se\/kunskapsportal\/barnahusutbildningen\/om-barnahusutbildningen\/","url":"https:\/\/barnafrid.se\/kunskapsportal\/barnahusutbildningen\/om-barnahusutbildningen\/","name":"Om utbildningen - Barnafrid","isPartOf":{"@id":"https:\/\/barnafrid.se\/kunskapsportal\/#website"},"primaryImageOfPage":{"@id":"https:\/\/barnafrid.se\/kunskapsportal\/barnahusutbildningen\/om-barnahusutbildningen\/#primaryimage"},"image":{"@id":"https:\/\/barnafrid.se\/kunskapsportal\/barnahusutbildningen\/om-barnahusutbildningen\/#primaryimage"},"thumbnailUrl":"https:\/\/barnafrid.se\/kunskapsportal\/wp-content\/uploads\/2024\/11\/laptop-1-300x246.png","datePublished":"2023-12-07T14:43:13+00:00","dateModified":"2025-04-25T12:40:27+00:00","breadcrumb":{"@id":"https:\/\/barnafrid.se\/kunskapsportal\/barnahusutbildningen\/om-barnahusutbildningen\/#breadcrumb"},"inLanguage":"sv-SE","potentialAction":[{"@type":"ReadAction","target":["https:\/\/barnafrid.se\/kunskapsportal\/barnahusutbildningen\/om-barnahusutbildningen\/"]}]},{"@type":"ImageObject","inLanguage":"sv-SE","@id":"https:\/\/barnafrid.se\/kunskapsportal\/barnahusutbildningen\/om-barnahusutbildningen\/#primaryimage","url":"https:\/\/barnafrid.se\/kunskapsportal\/wp-content\/uploads\/2024\/11\/laptop-1.png","contentUrl":"https:\/\/barnafrid.se\/kunskapsportal\/wp-content\/uploads\/2024\/11\/laptop-1.png","width":2014,"height":1650},{"@type":"BreadcrumbList","@id":"https:\/\/barnafrid.se\/kunskapsportal\/barnahusutbildningen\/om-barnahusutbildningen\/#breadcrumb","itemListElement":[{"@type":"ListItem","position":1,"name":"Home","item":"https:\/\/barnafrid.se\/kunskapsportal\/"},{"@type":"ListItem","position":2,"name":"Barnahusutbildningen","item":"https:\/\/barnafrid.se\/kunskapsportal\/barnahusutbildningen\/"},{"@type":"ListItem","position":3,"name":"Om utbildningen"}]},{"@type":"WebSite","@id":"https:\/\/barnafrid.se\/kunskapsportal\/#website","url":"https:\/\/barnafrid.se\/kunskapsportal\/","name":"Barnafrid","description":"Kunskapsportal om v\u00e5ld mot barn","potentialAction":[{"@type":"SearchAction","target":{"@type":"EntryPoint","urlTemplate":"https:\/\/barnafrid.se\/kunskapsportal\/?s={search_term_string}"},"query-input":{"@type":"PropertyValueSpecification","valueRequired":true,"valueName":"search_term_string"}}],"inLanguage":"sv-SE"}]}},"_links":{"self":[{"href":"https:\/\/barnafrid.se\/kunskapsportal\/wp-json\/wp\/v2\/pages\/7922","targetHints":{"allow":["GET"]}}],"collection":[{"href":"https:\/\/barnafrid.se\/kunskapsportal\/wp-json\/wp\/v2\/pages"}],"about":[{"href":"https:\/\/barnafrid.se\/kunskapsportal\/wp-json\/wp\/v2\/types\/page"}],"author":[{"embeddable":true,"href":"https:\/\/barnafrid.se\/kunskapsportal\/wp-json\/wp\/v2\/users\/26405"}],"replies":[{"embeddable":true,"href":"https:\/\/barnafrid.se\/kunskapsportal\/wp-json\/wp\/v2\/comments?post=7922"}],"version-history":[{"count":11,"href":"https:\/\/barnafrid.se\/kunskapsportal\/wp-json\/wp\/v2\/pages\/7922\/revisions"}],"predecessor-version":[{"id":15443,"href":"https:\/\/barnafrid.se\/kunskapsportal\/wp-json\/wp\/v2\/pages\/7922\/revisions\/15443"}],"up":[{"embeddable":true,"href":"https:\/\/barnafrid.se\/kunskapsportal\/wp-json\/wp\/v2\/pages\/6562"}],"wp:attachment":[{"href":"https:\/\/barnafrid.se\/kunskapsportal\/wp-json\/wp\/v2\/media?parent=7922"}],"wp:term":[{"taxonomy":"role","embeddable":true,"href":"https:\/\/barnafrid.se\/kunskapsportal\/wp-json\/wp\/v2\/role?post=7922"}],"curies":[{"name":"wp","href":"https:\/\/api.w.org\/{rel}","templated":true}]}}