{"id":7706,"date":"2023-09-25T09:34:32","date_gmt":"2023-09-25T07:34:32","guid":{"rendered":"https:\/\/barnafrid.se\/kunskapsportal\/?page_id=7706"},"modified":"2025-09-02T11:58:44","modified_gmt":"2025-09-02T09:58:44","slug":"krisstod","status":"publish","type":"page","link":"https:\/\/barnafrid.se\/kunskapsportal\/krisstod\/","title":{"rendered":"Krisst\u00f6dsb\u00f6cker"},"content":{"rendered":"\n<figure class=\"Image size-large\"><img loading=\"lazy\" decoding=\"async\" width=\"1024\" height=\"370\" src=\"https:\/\/barnafrid.se\/kunskapsportal\/wp-content\/uploads\/2023\/09\/krisstodsbocker-1024x370.jpg\" alt=\"\" class=\"Image-img wp-image-7708\" srcset=\"https:\/\/barnafrid.se\/kunskapsportal\/wp-content\/uploads\/2023\/09\/krisstodsbocker-1024x370.jpg 1024w, https:\/\/barnafrid.se\/kunskapsportal\/wp-content\/uploads\/2023\/09\/krisstodsbocker-300x108.jpg 300w, https:\/\/barnafrid.se\/kunskapsportal\/wp-content\/uploads\/2023\/09\/krisstodsbocker-768x278.jpg 768w, https:\/\/barnafrid.se\/kunskapsportal\/wp-content\/uploads\/2023\/09\/krisstodsbocker.jpg 1137w\" sizes=\"auto, (max-width: 1024px) 100vw, 1024px\" \/><\/figure>\n\n\n\n<p>BUP Barnahusteam, som \u00e4r en del av BUP Traumaenhet i Stockholm, har utvecklat ett arbetsmaterial att anv\u00e4nda vid barnpsykiatriskt krisst\u00f6d n\u00e4r barn och ungdomar har blivit utsatta f\u00f6r en potentiellt traumatiserande h\u00e4ndelse. Paketet best\u00e5r av en metodbok f\u00f6r behandlare och tre separata arbetsb\u00f6cker f\u00f6r barn, ungdomar&nbsp; och omsorgspersoner.<\/p>\n\n\n\n<p>Materialet \u00e4r framtaget f\u00f6r patienter d\u00e4r det nyligen har framkommit uppgifter om utsatthet f\u00f6r v\u00e5ld eller sexuella \u00f6vergrepp. Materialet g\u00e5r \u00e4ven att anv\u00e4nda f\u00f6r andra typer av kriser, \u00e4ven om delar av materialet handlar specifikt om v\u00e5ld och \u00f6vergrepp och myndighetssamverkan.<\/p>\n\n\n\n<p>Material riktar sig till yrkesverksamma med grundl\u00e4ggande barnpsykiatrisk kompetens. Utg\u00e5ngspunkten \u00e4r att behandlare som utf\u00f6r denna typ av krisst\u00f6d beh\u00f6ver ha vissa traumakunskaper samt differentialdiagnostisk kompetens. Det kr\u00e4vs f\u00f6r att kunna g\u00f6ra de bed\u00f6mningar och kliniska avv\u00e4gningar som ing\u00e5r i krisst\u00f6det. Det \u00e4r av stor vikt att behandlare som avser att anv\u00e4nda b\u00f6ckerna f\u00f6rst tar del av metodboken f\u00f6r att f\u00e5 f\u00f6rst\u00e5else f\u00f6r hur b\u00f6ckerna \u00e4r t\u00e4nka att anv\u00e4ndas, och att metodpaketet betraktas som en helhet.<\/p>\n\n\n\n<ul class=\"List\">\n<li class=\"List-item\"><a href=\"https:\/\/barnafrid.se\/kunskapsportal\/kunskapsbibliotek\/krisstod-arbetsbok-for-barn\/\">Arbetsbok f\u00f6r barn<\/a><\/li>\n\n\n\n<li class=\"List-item\"><a href=\"https:\/\/barnafrid.se\/kunskapsportal\/kunskapsbibliotek\/krisstod-arbetsbok-for-ungdomar\/\">Arbetsbok f\u00f6r ungdomar<\/a><\/li>\n\n\n\n<li class=\"List-item\"><a href=\"https:\/\/barnafrid.se\/kunskapsportal\/kunskapsbibliotek\/krisstod-arbetsbok-for-omsorgspersoner\/\">Arbetsbok f\u00f6r omsorgspersoner<\/a><\/li>\n\n\n\n<li class=\"List-item\"><a href=\"https:\/\/barnafrid.se\/kunskapsportal\/kunskapsbibliotek\/krisstod-metodbok\/\">Metodbok<\/a><\/li>\n<\/ul>\n\n\n<section class=\"ArticleSection \">\n      <h2 class=\"ArticleSection-title\" id=\"bestall-tryckta-exemplar\">\n      Best\u00e4ll tryckta exemplar    <\/h2>\n    \n\n<p>Formul\u00e4r alternativt adress f\u00f6r att best\u00e4llda tryckta exemplar av b\u00f6ckerna. Arbetsb\u00f6ckerna kostar 90 kr styck, exklusive moms. Metodboken kostar 75 kr, exklusive moms. Frakt tillkommer.  <\/p>\n\n<\/section>\n\n\n\n<div class=\"forminator-guttenberg\"><div class=\"forminator-ui forminator-custom-form forminator-custom-form-7707 forminator-design--basic  forminator_ajax\" data-forminator-render=\"0\" data-form=\"forminator-module-7707\" data-uid=\"69de272d994eb\"><br\/><\/div><form\n\t\t\t\tid=\"forminator-module-7707\"\n\t\t\t\tclass=\"forminator-ui forminator-custom-form forminator-custom-form-7707 forminator-design--basic  forminator_ajax\"\n\t\t\t\tmethod=\"post\"\n\t\t\t\tdata-forminator-render=\"0\"\n\t\t\t\tdata-form-id=\"7707\"\n\t\t\t\t data-color-option=\"theme\" data-design=\"basic\" data-grid=\"open\" style=\"display: none;\"\n\t\t\t\tdata-uid=\"69de272d994eb\"\n\t\t\t><div role=\"alert\" aria-live=\"polite\" class=\"forminator-response-message forminator-error\" aria-hidden=\"true\"><\/div><div class=\"forminator-row\"><div id=\"name-1\" class=\"forminator-field-name forminator-col forminator-col-12 \"><div class=\"forminator-field\"><label for=\"forminator-field-name-1_69de272d994eb\" id=\"forminator-field-name-1_69de272d994eb-label\" class=\"forminator-label\">Namn<\/label><input type=\"text\" name=\"name-1\" value=\"\" placeholder=\"F\u00f6r- och efternamn\" id=\"forminator-field-name-1_69de272d994eb\" class=\"forminator-input forminator-name--field\" aria-required=\"false\" autocomplete=\"name\" \/><\/div><\/div><\/div><div class=\"forminator-row\"><div id=\"text-1\" class=\"forminator-field-text forminator-col forminator-col-12 \"><div class=\"forminator-field\"><label for=\"forminator-field-text-1_69de272d994eb\" id=\"forminator-field-text-1_69de272d994eb-label\" class=\"forminator-label\">Organisation\/enhet<\/label><input type=\"text\" name=\"text-1\" value=\"\" placeholder=\"\" id=\"forminator-field-text-1_69de272d994eb\" class=\"forminator-input forminator-name--field\" data-required=\"\" \/><\/div><\/div><\/div><div class=\"forminator-row\"><div id=\"textarea-2\" class=\"forminator-field-textarea forminator-col forminator-col-12 \"><div class=\"forminator-field\"><label for=\"forminator-field-textarea-2_69de272d994eb\" id=\"forminator-field-textarea-2_69de272d994eb-label\" class=\"forminator-label\">Organisationsnummer <span class=\"forminator-required\">*<\/span><\/label><textarea name=\"textarea-2\" placeholder=\"Ange organisationsnummer f\u00f6r din organisation\" id=\"forminator-field-textarea-2_69de272d994eb\" class=\"forminator-textarea\" rows=\"6\" style=\"min-height:70px;\" maxlength=\"30\" ><\/textarea><span id=\"forminator-field-textarea-2_69de272d994eb-description\" class=\"forminator-description\"><span data-limit=\"30\" data-type=\"characters\" data-editor=\"\">0 \/ 30<\/span><\/span><\/div><\/div><\/div><div class=\"forminator-row\"><div id=\"email-1\" class=\"forminator-field-email forminator-col forminator-col-12 \"><div class=\"forminator-field\"><label for=\"forminator-field-email-1_69de272d994eb\" id=\"forminator-field-email-1_69de272d994eb-label\" class=\"forminator-label\">Email<\/label><input type=\"email\" name=\"email-1\" value=\"\" placeholder=\"example@xxx.xx\" id=\"forminator-field-email-1_69de272d994eb\" class=\"forminator-input forminator-email--field\" data-required=\"\" aria-required=\"false\" autocomplete=\"email\" \/><\/div><\/div><\/div><div class=\"forminator-row\"><div id=\"phone-1\" class=\"forminator-field-phone forminator-col forminator-col-12 \"><div class=\"forminator-field\"><label for=\"forminator-field-phone-1_69de272d994eb\" id=\"forminator-field-phone-1_69de272d994eb-label\" class=\"forminator-label\">Mobilnummer<\/label><input type=\"text\" name=\"phone-1\" value=\"\" placeholder=\"\" id=\"forminator-field-phone-1_69de272d994eb\" class=\"forminator-input forminator-field--phone\" data-required=\"\" aria-required=\"false\" autocomplete=\"off\" aria-describedby=\"forminator-field-phone-1_69de272d994eb-description\" \/><span id=\"forminator-field-phone-1_69de272d994eb-description\" class=\"forminator-description\" id=\"forminator-field-phone-1_69de272d994eb-description\">Ange mobilnummer f\u00f6r leverans<\/span><\/div><\/div><\/div><div class=\"forminator-row\"><div id=\"checkbox-1\" class=\"forminator-field-checkbox forminator-col forminator-col-12 \"><div role=\"group\" class=\"forminator-field\" aria-labelledby=\"forminator-checkbox-group-forminator-field-checkbox-1-69de272d994eb-label\"><span id=\"forminator-checkbox-group-forminator-field-checkbox-1-69de272d994eb-label\" class=\"forminator-label\">Vilken\/vilka b\u00f6cker \u00f6nskas best\u00e4llas?<\/span><label id=\"forminator-field-checkbox-1-1-69de272d994eb-label\" for=\"forminator-field-checkbox-1-1-69de272d994eb\" class=\"forminator-checkbox\" title=\"Barnbok\"><input type=\"checkbox\" name=\"checkbox-1[]\" value=\"one\" id=\"forminator-field-checkbox-1-1-69de272d994eb\" aria-labelledby=\"forminator-field-checkbox-1-1-69de272d994eb-label\" data-calculation=\"0\"   data-hidden-behavior=\"zero\"\/><span class=\"forminator-checkbox-box\" aria-hidden=\"true\"><\/span><span class=\"forminator-checkbox-label\">Barnbok<\/span><\/label><label id=\"forminator-field-checkbox-1-2-69de272d994eb-label\" for=\"forminator-field-checkbox-1-2-69de272d994eb\" class=\"forminator-checkbox\" title=\"Ungdomsbok\"><input type=\"checkbox\" name=\"checkbox-1[]\" value=\"Ungdomsbok\" id=\"forminator-field-checkbox-1-2-69de272d994eb\" aria-labelledby=\"forminator-field-checkbox-1-2-69de272d994eb-label\" data-calculation=\"0\"   data-hidden-behavior=\"zero\"\/><span class=\"forminator-checkbox-box\" aria-hidden=\"true\"><\/span><span class=\"forminator-checkbox-label\">Ungdomsbok<\/span><\/label><label id=\"forminator-field-checkbox-1-3-69de272d994eb-label\" for=\"forminator-field-checkbox-1-3-69de272d994eb\" class=\"forminator-checkbox\" title=\"Vuxenbok\"><input type=\"checkbox\" name=\"checkbox-1[]\" value=\"tqep\" id=\"forminator-field-checkbox-1-3-69de272d994eb\" aria-labelledby=\"forminator-field-checkbox-1-3-69de272d994eb-label\" data-calculation=\"0\"   data-hidden-behavior=\"zero\"\/><span class=\"forminator-checkbox-box\" aria-hidden=\"true\"><\/span><span class=\"forminator-checkbox-label\">Vuxenbok<\/span><\/label><label id=\"forminator-field-checkbox-1-4-69de272d994eb-label\" for=\"forminator-field-checkbox-1-4-69de272d994eb\" class=\"forminator-checkbox\" title=\"Metodbok\"><input type=\"checkbox\" name=\"checkbox-1[]\" value=\"2\" id=\"forminator-field-checkbox-1-4-69de272d994eb\" aria-labelledby=\"forminator-field-checkbox-1-4-69de272d994eb-label\" data-calculation=\"0\"   data-hidden-behavior=\"zero\"\/><span class=\"forminator-checkbox-box\" aria-hidden=\"true\"><\/span><span class=\"forminator-checkbox-label\">Metodbok<\/span><\/label><\/div><\/div><\/div><div class=\"forminator-row\"><div id=\"textarea-1\" class=\"forminator-field-textarea forminator-col forminator-col-12 \"><div class=\"forminator-field\"><label for=\"forminator-field-textarea-1_69de272d994eb\" id=\"forminator-field-textarea-1_69de272d994eb-label\" class=\"forminator-label\">Ange antal<\/label><textarea name=\"textarea-1\" placeholder=\"\" id=\"forminator-field-textarea-1_69de272d994eb\" class=\"forminator-textarea\" rows=\"6\" style=\"min-height:50px;\" aria-describedby=\"forminator-field-textarea-1_69de272d994eb-description\" ><\/textarea><span id=\"forminator-field-textarea-1_69de272d994eb-description\" class=\"forminator-description\">Vid olika b\u00f6cker, ange antal f\u00f6r varje<\/span><\/div><\/div><\/div><div class=\"forminator-row\"><div id=\"address-3\" class=\"forminator-field-address forminator-col forminator-col-12 \"><div class=\"forminator-row\"><div id=\"address-3-street_address\" class=\"forminator-col\"><div class=\"forminator-field\"><label for=\"forminator-field-address-3-street_address_69de272d994eb\" id=\"forminator-field-address-3-street_address_69de272d994eb-label\" class=\"forminator-label\">Adress<\/label><input type=\"text\" name=\"address-3-street_address\" placeholder=\"Ex Storgatan 1\" id=\"forminator-field-address-3-street_address_69de272d994eb\" class=\"forminator-input\" data-required=\"\" aria-required=\"false\" autocomplete=\"address-line1\" value=\"\" \/><\/div><\/div><\/div><div class=\"forminator-row\" data-multiple=\"false\"><div id=\"address-3-city\" class=\"forminator-col forminator-col-12\"><div class=\"forminator-field\"><label for=\"forminator-field-address-3-city_69de272d994eb\" id=\"forminator-field-address-3-city_69de272d994eb-label\" class=\"forminator-label\">Stad<\/label><input type=\"text\" name=\"address-3-city\" placeholder=\"Ex Link\u00f6ping\" id=\"forminator-field-address-3-city_69de272d994eb\" class=\"forminator-input\" data-required=\"\" aria-required=\"false\" autocomplete=\"address-level2\" value=\"\" \/><\/div><\/div><\/div><div class=\"forminator-row\" data-multiple=\"false\"><div id=\"address-3-zip\" class=\"forminator-col forminator-col-12\"><div class=\"forminator-field\"><label for=\"forminator-field-address-3-zip_69de272d994eb\" id=\"forminator-field-address-3-zip_69de272d994eb-label\" class=\"forminator-label\">Postnummer<\/label><input type=\"text\" name=\"address-3-zip\" placeholder=\"Ex 123 45\" id=\"forminator-field-address-3-zip_69de272d994eb\" class=\"forminator-input\" autocomplete=\"postal-code\" value=\"\" \/><\/div><\/div><\/div><\/div><\/div><div class=\"forminator-row\"><div id=\"address-2\" class=\"forminator-field-address forminator-col forminator-col-12 \"><div class=\"forminator-row\"><div id=\"address-2-street_address\" class=\"forminator-col\"><div class=\"forminator-field\"><label for=\"forminator-field-address-2-street_address_69de272d994eb\" id=\"forminator-field-address-2-street_address_69de272d994eb-label\" class=\"forminator-label\">Fakturaadress<\/label><input type=\"text\" name=\"address-2-street_address\" placeholder=\"\" id=\"forminator-field-address-2-street_address_69de272d994eb\" class=\"forminator-input\" data-required=\"\" aria-required=\"false\" autocomplete=\"address-line1\" value=\"\" aria-describedby=\"forminator-field-address-2-street_address_69de272d994eb-description\" \/><span id=\"forminator-field-address-2-street_address_69de272d994eb-description\" class=\"forminator-description\">Kom ih\u00e5g att skriva med eventuell fakturareferens<\/span><\/div><\/div><\/div><\/div><\/div><div class=\"forminator-row\"><div id=\"consent-1\" class=\"forminator-field-consent forminator-col forminator-col-12 \"><div class=\"forminator-field\"><label for=\"forminator-field-consent-1_69de272d994eb\" id=\"forminator-field-consent-1_69de272d994eb-label\" class=\"forminator-label\">Samtycke <span class=\"forminator-required\">*<\/span><\/label><div class=\"forminator-checkbox__wrapper\"><label id=\"forminator-field-consent-1_69de272d994eb__label\" class=\"forminator-checkbox forminator-consent\"><input type=\"checkbox\" name=\"consent-1\" id=\"forminator-field-consent-1_69de272d994eb\" value=\"checked\" aria-labelledby=\"forminator-field-consent-1_69de272d994eb-label\" aria-describedby=\"forminator-field-consent-1_69de272d994eb__description\" data-required=\"true\" aria-required=\"true\" \/><span class=\"forminator-checkbox-box\" aria-hidden=\"true\"><\/span><\/label><div id=\"forminator-field-consent-1_69de272d994eb__description\" class=\"forminator-checkbox__label forminator-consent__label\"><p>Genom att skicka in best\u00e4llning ger jag mitt samtycke att Link\u00f6pings universitet hanterar mina personuppgifter enligt <a href=\"https:\/\/liu.se\/artikel\/integritetspolicy-liu\">Integritetspolicy vid Link\u00f6pings universitet.<\/a><\/p><\/div><\/div><\/div><\/div><\/div><input type=\"hidden\" name=\"referer_url\" value=\"\" \/><div class=\"forminator-row forminator-row-last\"><div class=\"forminator-col\"><div class=\"forminator-field\"><button class=\"forminator-button forminator-button-submit\">Skicka<\/button><\/div><\/div><\/div><input type=\"hidden\" id=\"forminator_nonce\" name=\"forminator_nonce\" value=\"01a93a0831\" \/><input type=\"hidden\" name=\"_wp_http_referer\" value=\"\/kunskapsportal\/wp-json\/wp\/v2\/pages\/7706\" \/><input type=\"hidden\" name=\"form_id\" value=\"7707\"><input type=\"hidden\" name=\"page_id\" value=\"7706\"><input type=\"hidden\" name=\"form_type\" value=\"default\"><input type=\"hidden\" name=\"current_url\" value=\"https:\/\/barnafrid.se\/kunskapsportal\/krisstod\/\"><input type=\"hidden\" name=\"render_id\" value=\"0\"><input type=\"hidden\" name=\"action\" value=\"forminator_submit_form_custom-forms\"><label for=\"input_11\" class=\"forminator-hidden\" aria-hidden=\"true\">Please do not fill in this field. <input id=\"input_11\" type=\"text\" name=\"input_11\" value=\"\" autocomplete=\"off\"><\/label><\/form><\/div>\n\n\n<section class=\"ArticleSection \">\n      <h2 class=\"ArticleSection-title\" id=\"fa-tillgang-till-digitala-versioner\">\n      F\u00e5 tillg\u00e5ng till digitala versioner    <\/h2>\n    \n\n<p>F\u00f6r att f\u00e5 tillg\u00e5ng till kostnadsfria digitala versioner av krisst\u00f6dsb\u00f6ckerna kr\u00e4vs ett l\u00f6senord. Du f\u00e5r detta genom att mejla till barnafrid(at)liu.se. Ange vilken organisation och enhet du arbetar f\u00f6r.<\/p>\n\n<\/section>\n","protected":false},"excerpt":{"rendered":"<p>BUP Barnahusteam, som \u00e4r en del av BUP Traumaenhet i Stockholm, har utvecklat ett arbetsmaterial att anv\u00e4nda vid barnpsykiatriskt krisst\u00f6d n\u00e4r barn och ungdomar har blivit utsatta f\u00f6r en potentiellt traumatiserande h\u00e4ndelse. Paketet best\u00e5r av en metodbok f\u00f6r behandlare och tre separata arbetsb\u00f6cker f\u00f6r barn, ungdomar&nbsp; och omsorgspersoner. Materialet \u00e4r framtaget f\u00f6r patienter d\u00e4r det [&hellip;]<\/p>\n","protected":false},"author":10518,"featured_media":0,"parent":0,"menu_order":0,"comment_status":"closed","ping_status":"closed","template":"page-centered.php","meta":{"h5ap_radio_sources":[],"footnotes":""},"role":[],"class_list":["post-7706","page","type-page","status-publish","hentry"],"yoast_head":"<!-- This site is optimized with the Yoast SEO plugin v27.3 - https:\/\/yoast.com\/product\/yoast-seo-wordpress\/ -->\n<title>Krisst\u00f6dsb\u00f6cker - Barnafrid<\/title>\n<meta name=\"robots\" content=\"index, follow, max-snippet:-1, max-image-preview:large, max-video-preview:-1\" \/>\n<link rel=\"canonical\" href=\"https:\/\/barnafrid.se\/kunskapsportal\/krisstod\/\" \/>\n<meta property=\"og:locale\" content=\"sv_SE\" \/>\n<meta property=\"og:type\" content=\"article\" \/>\n<meta property=\"og:title\" content=\"Krisst\u00f6dsb\u00f6cker - Barnafrid\" \/>\n<meta property=\"og:description\" content=\"BUP Barnahusteam, som \u00e4r en del av BUP Traumaenhet i Stockholm, har utvecklat ett arbetsmaterial att anv\u00e4nda vid barnpsykiatriskt krisst\u00f6d n\u00e4r barn och ungdomar har blivit utsatta f\u00f6r en potentiellt traumatiserande h\u00e4ndelse. Paketet best\u00e5r av en metodbok f\u00f6r behandlare och tre separata arbetsb\u00f6cker f\u00f6r barn, ungdomar&nbsp; och omsorgspersoner. Materialet \u00e4r framtaget f\u00f6r patienter d\u00e4r det [&hellip;]\" \/>\n<meta property=\"og:url\" content=\"https:\/\/barnafrid.se\/kunskapsportal\/krisstod\/\" \/>\n<meta property=\"og:site_name\" content=\"Barnafrid\" \/>\n<meta property=\"article:modified_time\" content=\"2025-09-02T09:58:44+00:00\" \/>\n<meta property=\"og:image\" content=\"https:\/\/barnafrid.se\/kunskapsportal\/wp-content\/uploads\/2023\/09\/krisstodsbocker.jpg\" \/>\n\t<meta property=\"og:image:width\" content=\"1137\" \/>\n\t<meta property=\"og:image:height\" content=\"411\" \/>\n\t<meta property=\"og:image:type\" content=\"image\/jpeg\" \/>\n<meta name=\"twitter:card\" content=\"summary_large_image\" \/>\n<meta name=\"twitter:label1\" content=\"Ber\u00e4knad l\u00e4stid\" \/>\n\t<meta name=\"twitter:data1\" content=\"2 minuter\" \/>\n<script type=\"application\/ld+json\" class=\"yoast-schema-graph\">{\"@context\":\"https:\\\/\\\/schema.org\",\"@graph\":[{\"@type\":\"WebPage\",\"@id\":\"https:\\\/\\\/barnafrid.se\\\/kunskapsportal\\\/krisstod\\\/\",\"url\":\"https:\\\/\\\/barnafrid.se\\\/kunskapsportal\\\/krisstod\\\/\",\"name\":\"Krisst\u00f6dsb\u00f6cker - Barnafrid\",\"isPartOf\":{\"@id\":\"https:\\\/\\\/barnafrid.se\\\/kunskapsportal\\\/#website\"},\"primaryImageOfPage\":{\"@id\":\"https:\\\/\\\/barnafrid.se\\\/kunskapsportal\\\/krisstod\\\/#primaryimage\"},\"image\":{\"@id\":\"https:\\\/\\\/barnafrid.se\\\/kunskapsportal\\\/krisstod\\\/#primaryimage\"},\"thumbnailUrl\":\"https:\\\/\\\/barnafrid.se\\\/kunskapsportal\\\/wp-content\\\/uploads\\\/2023\\\/09\\\/krisstodsbocker-1024x370.jpg\",\"datePublished\":\"2023-09-25T07:34:32+00:00\",\"dateModified\":\"2025-09-02T09:58:44+00:00\",\"breadcrumb\":{\"@id\":\"https:\\\/\\\/barnafrid.se\\\/kunskapsportal\\\/krisstod\\\/#breadcrumb\"},\"inLanguage\":\"sv-SE\",\"potentialAction\":[{\"@type\":\"ReadAction\",\"target\":[\"https:\\\/\\\/barnafrid.se\\\/kunskapsportal\\\/krisstod\\\/\"]}]},{\"@type\":\"ImageObject\",\"inLanguage\":\"sv-SE\",\"@id\":\"https:\\\/\\\/barnafrid.se\\\/kunskapsportal\\\/krisstod\\\/#primaryimage\",\"url\":\"https:\\\/\\\/barnafrid.se\\\/kunskapsportal\\\/wp-content\\\/uploads\\\/2023\\\/09\\\/krisstodsbocker.jpg\",\"contentUrl\":\"https:\\\/\\\/barnafrid.se\\\/kunskapsportal\\\/wp-content\\\/uploads\\\/2023\\\/09\\\/krisstodsbocker.jpg\",\"width\":1137,\"height\":411,\"caption\":\"Fyra bilder p\u00e5 bokomslag f\u00f6r b\u00f6cker som handlar om krisst\u00f6d.\"},{\"@type\":\"BreadcrumbList\",\"@id\":\"https:\\\/\\\/barnafrid.se\\\/kunskapsportal\\\/krisstod\\\/#breadcrumb\",\"itemListElement\":[{\"@type\":\"ListItem\",\"position\":1,\"name\":\"Home\",\"item\":\"https:\\\/\\\/barnafrid.se\\\/kunskapsportal\\\/\"},{\"@type\":\"ListItem\",\"position\":2,\"name\":\"Krisst\u00f6dsb\u00f6cker\"}]},{\"@type\":\"WebSite\",\"@id\":\"https:\\\/\\\/barnafrid.se\\\/kunskapsportal\\\/#website\",\"url\":\"https:\\\/\\\/barnafrid.se\\\/kunskapsportal\\\/\",\"name\":\"Barnafrid\",\"description\":\"Kunskapsportal om v\u00e5ld mot barn\",\"potentialAction\":[{\"@type\":\"SearchAction\",\"target\":{\"@type\":\"EntryPoint\",\"urlTemplate\":\"https:\\\/\\\/barnafrid.se\\\/kunskapsportal\\\/?s={search_term_string}\"},\"query-input\":{\"@type\":\"PropertyValueSpecification\",\"valueRequired\":true,\"valueName\":\"search_term_string\"}}],\"inLanguage\":\"sv-SE\"}]}<\/script>\n<!-- \/ Yoast SEO plugin. -->","yoast_head_json":{"title":"Krisst\u00f6dsb\u00f6cker - Barnafrid","robots":{"index":"index","follow":"follow","max-snippet":"max-snippet:-1","max-image-preview":"max-image-preview:large","max-video-preview":"max-video-preview:-1"},"canonical":"https:\/\/barnafrid.se\/kunskapsportal\/krisstod\/","og_locale":"sv_SE","og_type":"article","og_title":"Krisst\u00f6dsb\u00f6cker - Barnafrid","og_description":"BUP Barnahusteam, som \u00e4r en del av BUP Traumaenhet i Stockholm, har utvecklat ett arbetsmaterial att anv\u00e4nda vid barnpsykiatriskt krisst\u00f6d n\u00e4r barn och ungdomar har blivit utsatta f\u00f6r en potentiellt traumatiserande h\u00e4ndelse. Paketet best\u00e5r av en metodbok f\u00f6r behandlare och tre separata arbetsb\u00f6cker f\u00f6r barn, ungdomar&nbsp; och omsorgspersoner. Materialet \u00e4r framtaget f\u00f6r patienter d\u00e4r det [&hellip;]","og_url":"https:\/\/barnafrid.se\/kunskapsportal\/krisstod\/","og_site_name":"Barnafrid","article_modified_time":"2025-09-02T09:58:44+00:00","og_image":[{"width":1137,"height":411,"url":"https:\/\/barnafrid.se\/kunskapsportal\/wp-content\/uploads\/2023\/09\/krisstodsbocker.jpg","type":"image\/jpeg"}],"twitter_card":"summary_large_image","twitter_misc":{"Ber\u00e4knad l\u00e4stid":"2 minuter"},"schema":{"@context":"https:\/\/schema.org","@graph":[{"@type":"WebPage","@id":"https:\/\/barnafrid.se\/kunskapsportal\/krisstod\/","url":"https:\/\/barnafrid.se\/kunskapsportal\/krisstod\/","name":"Krisst\u00f6dsb\u00f6cker - Barnafrid","isPartOf":{"@id":"https:\/\/barnafrid.se\/kunskapsportal\/#website"},"primaryImageOfPage":{"@id":"https:\/\/barnafrid.se\/kunskapsportal\/krisstod\/#primaryimage"},"image":{"@id":"https:\/\/barnafrid.se\/kunskapsportal\/krisstod\/#primaryimage"},"thumbnailUrl":"https:\/\/barnafrid.se\/kunskapsportal\/wp-content\/uploads\/2023\/09\/krisstodsbocker-1024x370.jpg","datePublished":"2023-09-25T07:34:32+00:00","dateModified":"2025-09-02T09:58:44+00:00","breadcrumb":{"@id":"https:\/\/barnafrid.se\/kunskapsportal\/krisstod\/#breadcrumb"},"inLanguage":"sv-SE","potentialAction":[{"@type":"ReadAction","target":["https:\/\/barnafrid.se\/kunskapsportal\/krisstod\/"]}]},{"@type":"ImageObject","inLanguage":"sv-SE","@id":"https:\/\/barnafrid.se\/kunskapsportal\/krisstod\/#primaryimage","url":"https:\/\/barnafrid.se\/kunskapsportal\/wp-content\/uploads\/2023\/09\/krisstodsbocker.jpg","contentUrl":"https:\/\/barnafrid.se\/kunskapsportal\/wp-content\/uploads\/2023\/09\/krisstodsbocker.jpg","width":1137,"height":411,"caption":"Fyra bilder p\u00e5 bokomslag f\u00f6r b\u00f6cker som handlar om krisst\u00f6d."},{"@type":"BreadcrumbList","@id":"https:\/\/barnafrid.se\/kunskapsportal\/krisstod\/#breadcrumb","itemListElement":[{"@type":"ListItem","position":1,"name":"Home","item":"https:\/\/barnafrid.se\/kunskapsportal\/"},{"@type":"ListItem","position":2,"name":"Krisst\u00f6dsb\u00f6cker"}]},{"@type":"WebSite","@id":"https:\/\/barnafrid.se\/kunskapsportal\/#website","url":"https:\/\/barnafrid.se\/kunskapsportal\/","name":"Barnafrid","description":"Kunskapsportal om v\u00e5ld mot barn","potentialAction":[{"@type":"SearchAction","target":{"@type":"EntryPoint","urlTemplate":"https:\/\/barnafrid.se\/kunskapsportal\/?s={search_term_string}"},"query-input":{"@type":"PropertyValueSpecification","valueRequired":true,"valueName":"search_term_string"}}],"inLanguage":"sv-SE"}]}},"_links":{"self":[{"href":"https:\/\/barnafrid.se\/kunskapsportal\/wp-json\/wp\/v2\/pages\/7706","targetHints":{"allow":["GET"]}}],"collection":[{"href":"https:\/\/barnafrid.se\/kunskapsportal\/wp-json\/wp\/v2\/pages"}],"about":[{"href":"https:\/\/barnafrid.se\/kunskapsportal\/wp-json\/wp\/v2\/types\/page"}],"author":[{"embeddable":true,"href":"https:\/\/barnafrid.se\/kunskapsportal\/wp-json\/wp\/v2\/users\/10518"}],"replies":[{"embeddable":true,"href":"https:\/\/barnafrid.se\/kunskapsportal\/wp-json\/wp\/v2\/comments?post=7706"}],"version-history":[{"count":16,"href":"https:\/\/barnafrid.se\/kunskapsportal\/wp-json\/wp\/v2\/pages\/7706\/revisions"}],"predecessor-version":[{"id":16597,"href":"https:\/\/barnafrid.se\/kunskapsportal\/wp-json\/wp\/v2\/pages\/7706\/revisions\/16597"}],"wp:attachment":[{"href":"https:\/\/barnafrid.se\/kunskapsportal\/wp-json\/wp\/v2\/media?parent=7706"}],"wp:term":[{"taxonomy":"role","embeddable":true,"href":"https:\/\/barnafrid.se\/kunskapsportal\/wp-json\/wp\/v2\/role?post=7706"}],"curies":[{"name":"wp","href":"https:\/\/api.w.org\/{rel}","templated":true}]}}