{"id":7692,"date":"2023-09-11T14:38:25","date_gmt":"2023-09-11T12:38:25","guid":{"rendered":"https:\/\/barnafrid.se\/kunskapsportal\/?page_id=7692"},"modified":"2026-03-13T09:57:11","modified_gmt":"2026-03-13T08:57:11","slug":"vad-vet-du-kort","status":"publish","type":"page","link":"https:\/\/barnafrid.se\/kunskapsportal\/vad-vet-du-kort\/","title":{"rendered":"Vad vet du?-kort (2025 Barnafrid)"},"content":{"rendered":"\n<figure class=\"Image size-large is-resized\"><img loading=\"lazy\" decoding=\"async\" width=\"1024\" height=\"683\" src=\"https:\/\/barnafrid.se\/kunskapsportal\/wp-content\/uploads\/2026\/02\/img_9304-2-1024x683.jpg\" alt=\"\" class=\"Image-img wp-image-17776\" style=\"width:600px\" srcset=\"https:\/\/barnafrid.se\/kunskapsportal\/wp-content\/uploads\/2026\/02\/img_9304-2-1024x683.jpg 1024w, https:\/\/barnafrid.se\/kunskapsportal\/wp-content\/uploads\/2026\/02\/img_9304-2-300x200.jpg 300w, https:\/\/barnafrid.se\/kunskapsportal\/wp-content\/uploads\/2026\/02\/img_9304-2-768x512.jpg 768w, https:\/\/barnafrid.se\/kunskapsportal\/wp-content\/uploads\/2026\/02\/img_9304-2-1536x1024.jpg 1536w, https:\/\/barnafrid.se\/kunskapsportal\/wp-content\/uploads\/2026\/02\/img_9304-2-2048x1365.jpg 2048w\" sizes=\"auto, (max-width: 1024px) 100vw, 1024px\" \/><\/figure>\n\n\n<section class=\"ArticleSection \">\n  \n\n<p>Samtalskorten <em>Vad vet du?<\/em> hj\u00e4lper behandlare att prata med barn och omsorgspersoner om traumatiska h\u00e4ndelser p\u00e5 ett tryggt och pedagogiskt s\u00e4tt. Korten anv\u00e4nds f\u00f6r psykoedukation och gradvis exponering i evidensbaserad traumafokuserad behandling.<\/p>\n\n\n\n<p>Samtalskorten kan anv\u00e4ndas av behandlare med kunskap om v\u00e5ld mot barn och bem\u00f6tande av barn och unga med traumarelaterade erfarenheter och symtom.<\/p>\n\n\n\n<p>Samtalskorten utvecklades ursprungligen vid Cares Institute (USA) 2006 f\u00f6r TF-KBT och anv\u00e4nds i dag inom flera evidensbaserade traumafokuserade behandlingsmetoder. <em>Vad vet du?<\/em> versionen fr\u00e5n 2025 \u00e4r en vidareutveckling av <em>What Do You Know? second edition 2019<\/em>, av Barnafrid i samarbete med Esther Deblinger och kollegor vid Cares Institute. Materialet inneh\u00e5ller nya omr\u00e5den s\u00e5som <strong>barn p\u00e5 flykt<\/strong>, <strong>barn i krig och hedersrelaterat v\u00e5ld och f\u00f6rtryck<\/strong> samt ut\u00f6kade fr\u00e5gor om <strong>sorg och traumatisk sorg<\/strong>.<\/p>\n\n\n\n<h2 class=\"wp-block-heading\">Korten <em>Vad vet du? <\/em>\u00e4r indelade i olika fr\u00e5geomr\u00e5den:<\/h2>\n\n\n\n<ul class=\"List\">\n<li class=\"List-item\">Allm\u00e4nna fr\u00e5gor<\/li>\n\n\n\n<li class=\"List-item\">Sexuella \u00f6vergrepp<\/li>\n\n\n\n<li class=\"List-item\">Fysiskt och psykiskt v\u00e5ld<\/li>\n\n\n\n<li class=\"List-item\">V\u00e5ld i n\u00e4ra relation<\/li>\n\n\n\n<li class=\"List-item\">Hedersrelaterat v\u00e5ld och f\u00f6rtryck<\/li>\n\n\n\n<li class=\"List-item\">Mobbning<\/li>\n\n\n\n<li class=\"List-item\">Barn i krig&nbsp;&nbsp;&nbsp;&nbsp;&nbsp;&nbsp;&nbsp;&nbsp;<\/li>\n\n\n\n<li class=\"List-item\">Barn p\u00e5 flykt<\/li>\n\n\n\n<li class=\"List-item\">Sorg och traumatisk sorg<\/li>\n\n\n\n<li class=\"List-item\">Sexualundervisning<\/li>\n\n\n\n<li class=\"List-item\">Sexuella beteendeproblem<\/li>\n\n\n\n<li class=\"List-item\">S\u00e4kerhet p\u00e5 n\u00e4tet<\/li>\n\n\n\n<li class=\"List-item\">Personlig s\u00e4kerhet<\/li>\n\n\n\n<li class=\"List-item\">Andra stressfaktorer&nbsp;&nbsp;&nbsp;&nbsp;&nbsp;&nbsp;&nbsp;&nbsp;&nbsp;&nbsp;&nbsp;&nbsp;&nbsp;&nbsp;&nbsp;&nbsp;&nbsp;&nbsp;&nbsp;&nbsp;&nbsp;&nbsp;&nbsp;&nbsp;&nbsp;&nbsp;&nbsp;&nbsp;&nbsp;&nbsp;&nbsp;&nbsp;<br><br><em>Version 2025<\/em><\/li>\n<\/ul>\n\n\n\n<figure class=\"Image size-large is-resized\"><img loading=\"lazy\" decoding=\"async\" width=\"1024\" height=\"683\" src=\"https:\/\/barnafrid.se\/kunskapsportal\/wp-content\/uploads\/2026\/02\/img_9314-1024x683.jpg\" alt=\"\" class=\"Image-img wp-image-17778\" style=\"width:600px\" srcset=\"https:\/\/barnafrid.se\/kunskapsportal\/wp-content\/uploads\/2026\/02\/img_9314-1024x683.jpg 1024w, https:\/\/barnafrid.se\/kunskapsportal\/wp-content\/uploads\/2026\/02\/img_9314-300x200.jpg 300w, https:\/\/barnafrid.se\/kunskapsportal\/wp-content\/uploads\/2026\/02\/img_9314-768x512.jpg 768w, https:\/\/barnafrid.se\/kunskapsportal\/wp-content\/uploads\/2026\/02\/img_9314-1536x1024.jpg 1536w, https:\/\/barnafrid.se\/kunskapsportal\/wp-content\/uploads\/2026\/02\/img_9314-2048x1365.jpg 2048w\" sizes=\"auto, (max-width: 1024px) 100vw, 1024px\" \/><\/figure>\n\n<\/section>\n\n\n\n<h2 class=\"wp-block-heading\">Best\u00e4ll samtalskorten<\/h2>\n\n\n\n<p>Fyll i best\u00e4llningsformul\u00e4ret f\u00f6r att best\u00e4lla Vad vet du?-korten. De kostar <strong>375 kr styck<\/strong>, inkl. moms. Fraktkostnad tillkommer. <\/p>\n\n\n\n<p>Som privatperson kan du inte best\u00e4lla mot faktura. I st\u00e4llet g\u00f6rs en bankinbetalning enligt instruktion som skickas per mejl till dig efter best\u00e4llningen.<br><\/p>\n\n\n\n<div class=\"forminator-guttenberg\"><div class=\"forminator-ui forminator-custom-form forminator-custom-form-17764 forminator-design--default  forminator_ajax\" data-forminator-render=\"0\" data-form=\"forminator-module-17764\" data-uid=\"69e18912c24ac\"><br\/><\/div><form\n\t\t\t\tid=\"forminator-module-17764\"\n\t\t\t\tclass=\"forminator-ui forminator-custom-form forminator-custom-form-17764 forminator-design--default  forminator_ajax\"\n\t\t\t\tmethod=\"post\"\n\t\t\t\tdata-forminator-render=\"0\"\n\t\t\t\tdata-form-id=\"17764\"\n\t\t\t\t data-color-option=\"theme\" data-design=\"default\" data-grid=\"open\" style=\"display: none;\"\n\t\t\t\tdata-uid=\"69e18912c24ac\"\n\t\t\t><div role=\"alert\" aria-live=\"polite\" class=\"forminator-response-message forminator-error\" aria-hidden=\"true\"><\/div><div class=\"forminator-row\"><div id=\"radio-1\" class=\"forminator-field-radio forminator-col forminator-col-12  custom-radio\"><div role=\"radiogroup\" class=\"forminator-field\" aria-labelledby=\"forminator-radiogroup-radio-1-69e18912c24ac-label\"><span id=\"forminator-radiogroup-radio-1-69e18912c24ac-label\" class=\"forminator-label\">Jag best\u00e4ller som<\/span><label id=\"forminator-field-radio-1-label-1\" for=\"forminator-field-radio-1-1-69e18912c24ac\" class=\"forminator-radio\" title=\"F\u00f6retag\/Organisation\"><input type=\"radio\" name=\"radio-1\" value=\"one\" id=\"forminator-field-radio-1-1-69e18912c24ac\" aria-labelledby=\"forminator-field-radio-1-label-1\" data-calculation=\"0\" checked=\"checked\"  data-hidden-behavior=\"zero\"\/><span class=\"forminator-radio-bullet\" aria-hidden=\"true\"><\/span><span class=\"forminator-radio-label\">F\u00f6retag\/Organisation<\/span><\/label><label id=\"forminator-field-radio-1-label-2\" for=\"forminator-field-radio-1-2-69e18912c24ac\" class=\"forminator-radio\" title=\"Privatperson\"><input type=\"radio\" name=\"radio-1\" value=\"two\" id=\"forminator-field-radio-1-2-69e18912c24ac\" aria-labelledby=\"forminator-field-radio-1-label-2\" data-calculation=\"0\"   data-hidden-behavior=\"zero\"\/><span class=\"forminator-radio-bullet\" aria-hidden=\"true\"><\/span><span class=\"forminator-radio-label\">Privatperson<\/span><\/label><\/div><\/div><\/div><div class=\"forminator-row\"><div id=\"name-1\" class=\"forminator-field-name forminator-col forminator-col-12 \"><div class=\"forminator-field\"><label for=\"forminator-field-name-1_69e18912c24ac\" id=\"forminator-field-name-1_69e18912c24ac-label\" class=\"forminator-label\">Namn <span class=\"forminator-required\">*<\/span><\/label><input type=\"text\" name=\"name-1\" value=\"\" placeholder=\"F\u00f6r- och efternamn\" id=\"forminator-field-name-1_69e18912c24ac\" class=\"forminator-input forminator-name--field\" aria-required=\"true\" autocomplete=\"name\" \/><\/div><\/div><\/div><div class=\"forminator-row\"><div id=\"email-1\" class=\"forminator-field-email forminator-col forminator-col-12 \"><div class=\"forminator-field\"><label for=\"forminator-field-email-1_69e18912c24ac\" id=\"forminator-field-email-1_69e18912c24ac-label\" class=\"forminator-label\">Mejladress <span class=\"forminator-required\">*<\/span><\/label><input type=\"email\" name=\"email-1\" value=\"\" placeholder=\"\" id=\"forminator-field-email-1_69e18912c24ac\" class=\"forminator-input forminator-email--field\" data-required=\"1\" aria-required=\"true\" autocomplete=\"email\" \/><\/div><\/div><\/div><div class=\"forminator-row\"><div id=\"phone-1\" class=\"forminator-field-phone forminator-col forminator-col-12 \"><div class=\"forminator-field\"><label for=\"forminator-field-phone-1_69e18912c24ac\" id=\"forminator-field-phone-1_69e18912c24ac-label\" class=\"forminator-label\">Telefonnummer <span class=\"forminator-required\">*<\/span><\/label><input type=\"text\" name=\"phone-1\" value=\"\" placeholder=\"\" id=\"forminator-field-phone-1_69e18912c24ac\" class=\"forminator-input forminator-field--phone\" data-required=\"1\" aria-required=\"true\" autocomplete=\"off\" \/><\/div><\/div><\/div><div class=\"forminator-row\"><div id=\"address-2\" class=\"forminator-field-address forminator-col forminator-col-12 \"><div class=\"forminator-row\"><div id=\"address-2-street_address\" class=\"forminator-col\"><div class=\"forminator-field\"><label for=\"forminator-field-address-2-street_address_69e18912c24ac\" id=\"forminator-field-address-2-street_address_69e18912c24ac-label\" class=\"forminator-label\">Leveransadress och postnummer <span class=\"forminator-required\">*<\/span><\/label><input type=\"text\" name=\"address-2-street_address\" placeholder=\"\" id=\"forminator-field-address-2-street_address_69e18912c24ac\" class=\"forminator-input\" data-required=\"1\" aria-required=\"true\" autocomplete=\"address-line1\" value=\"\" \/><\/div><\/div><\/div><\/div><\/div><div class=\"forminator-row\"><div id=\"address-1\" class=\"forminator-field-address forminator-col forminator-col-12 \"><div class=\"forminator-row\"><div id=\"address-1-street_address\" class=\"forminator-col\"><div class=\"forminator-field\"><label for=\"forminator-field-address-1-street_address_69e18912c24ac\" id=\"forminator-field-address-1-street_address_69e18912c24ac-label\" class=\"forminator-label\">Fakturaadress <span class=\"forminator-required\">*<\/span><\/label><input type=\"text\" name=\"address-1-street_address\" placeholder=\"\" id=\"forminator-field-address-1-street_address_69e18912c24ac\" class=\"forminator-input\" data-required=\"1\" aria-required=\"true\" autocomplete=\"address-line1\" value=\"\" \/><\/div><\/div><\/div><\/div><\/div><div class=\"forminator-row\"><div id=\"textarea-2\" class=\"forminator-field-textarea forminator-col forminator-col-12 \"><div class=\"forminator-field\"><label for=\"forminator-field-textarea-2_69e18912c24ac\" id=\"forminator-field-textarea-2_69e18912c24ac-label\" class=\"forminator-label\">Fakturareferens\/Kostnadsst\u00e4lle <span class=\"forminator-required\">*<\/span><\/label><textarea name=\"textarea-2\" placeholder=\"\" id=\"forminator-field-textarea-2_69e18912c24ac\" class=\"forminator-textarea\" rows=\"6\" style=\"min-height:140px;\" ><\/textarea><\/div><\/div><\/div><div class=\"forminator-row\"><div id=\"text-1\" class=\"forminator-field-text forminator-col forminator-col-12 \"><div class=\"forminator-field\"><label for=\"forminator-field-text-1_69e18912c24ac\" id=\"forminator-field-text-1_69e18912c24ac-label\" class=\"forminator-label\">Organisation\/Enhet <span class=\"forminator-required\">*<\/span><\/label><input type=\"text\" name=\"text-1\" value=\"\" placeholder=\"\" id=\"forminator-field-text-1_69e18912c24ac\" class=\"forminator-input forminator-name--field\" data-required=\"1\" \/><\/div><\/div><\/div><div class=\"forminator-row\"><div id=\"text-2\" class=\"forminator-field-text forminator-col forminator-col-12 \"><div class=\"forminator-field\"><label for=\"forminator-field-text-2_69e18912c24ac\" id=\"forminator-field-text-2_69e18912c24ac-label\" class=\"forminator-label\">Organisationsnummer <span class=\"forminator-required\">*<\/span><\/label><input type=\"text\" name=\"text-2\" value=\"\" placeholder=\"\" id=\"forminator-field-text-2_69e18912c24ac\" class=\"forminator-input forminator-name--field\" data-required=\"1\" \/><\/div><\/div><\/div><div class=\"forminator-row\"><div id=\"text-4\" class=\"forminator-field-text forminator-col forminator-col-12 \"><div class=\"forminator-field\"><label for=\"forminator-field-text-4_69e18912c24ac\" id=\"forminator-field-text-4_69e18912c24ac-label\" class=\"forminator-label\">Peppol-ID<\/label><input type=\"text\" name=\"text-4\" value=\"\" placeholder=\"\" id=\"forminator-field-text-4_69e18912c24ac\" class=\"forminator-input forminator-name--field\" data-required=\"\" \/><\/div><\/div><\/div><div class=\"forminator-row\"><div id=\"text-3\" class=\"forminator-field-text forminator-col forminator-col-12 \"><div class=\"forminator-field\"><label for=\"forminator-field-text-3_69e18912c24ac\" id=\"forminator-field-text-3_69e18912c24ac-label\" class=\"forminator-label\">Antal kortlekar <span class=\"forminator-required\">*<\/span><\/label><input type=\"text\" name=\"text-3\" value=\"\" placeholder=\"\" id=\"forminator-field-text-3_69e18912c24ac\" class=\"forminator-input forminator-name--field\" data-required=\"1\" \/><\/div><\/div><\/div><div class=\"forminator-row\"><div id=\"checkbox-1\" class=\"forminator-field-checkbox forminator-col forminator-col-12 \"><div role=\"group\" class=\"forminator-field required\" aria-labelledby=\"forminator-checkbox-group-forminator-field-checkbox-1-69e18912c24ac-label\"><span id=\"forminator-checkbox-group-forminator-field-checkbox-1-69e18912c24ac-label\" class=\"forminator-label\">Intygande <span class=\"forminator-required\">*<\/span><\/span><label id=\"forminator-field-checkbox-1-1-69e18912c24ac-label\" for=\"forminator-field-checkbox-1-1-69e18912c24ac\" class=\"forminator-checkbox\" title=\"Jag intygar att korten kommer att anv\u00e4ndas enbart i evidensbaserad traumafokuserad behandling.\"><input type=\"checkbox\" name=\"checkbox-1[]\" value=\"one\" id=\"forminator-field-checkbox-1-1-69e18912c24ac\" aria-labelledby=\"forminator-field-checkbox-1-1-69e18912c24ac-label\" data-calculation=\"0\"   data-hidden-behavior=\"zero\"\/><span class=\"forminator-checkbox-box\" aria-hidden=\"true\"><\/span><span class=\"forminator-checkbox-label\">Jag intygar att korten kommer att anv\u00e4ndas enbart i evidensbaserad traumafokuserad behandling.<\/span><\/label><\/div><\/div><\/div><div class=\"forminator-row\"><div id=\"consent-1\" class=\"forminator-field-consent forminator-col forminator-col-12 \"><div class=\"forminator-field\"><label for=\"forminator-field-consent-1_69e18912c24ac\" id=\"forminator-field-consent-1_69e18912c24ac-label\" class=\"forminator-label\">Samtycke <span class=\"forminator-required\">*<\/span><\/label><div class=\"forminator-checkbox__wrapper\"><label id=\"forminator-field-consent-1_69e18912c24ac__label\" class=\"forminator-checkbox forminator-consent\"><input type=\"checkbox\" name=\"consent-1\" id=\"forminator-field-consent-1_69e18912c24ac\" value=\"checked\" aria-labelledby=\"forminator-field-consent-1_69e18912c24ac-label\" aria-describedby=\"forminator-field-consent-1_69e18912c24ac__description\" data-required=\"true\" aria-required=\"true\" \/><span class=\"forminator-checkbox-box\" aria-hidden=\"true\"><\/span><\/label><div id=\"forminator-field-consent-1_69e18912c24ac__description\" class=\"forminator-checkbox__label forminator-consent__label\"><p>Genom att skicka in best\u00e4llning ger jag mitt samtycke att Link\u00f6pings universitet hanterar mina personuppgifter enligt <a href=\"https:\/\/liu.se\/artikel\/integritetspolicy-liu\">Integritetspolicy vid Link\u00f6pings universitet.<\/a><\/p><\/div><\/div><\/div><\/div><\/div><input type=\"hidden\" name=\"referer_url\" value=\"\" \/><div class=\"forminator-row forminator-row-last\"><div class=\"forminator-col\"><div class=\"forminator-field\"><button class=\"forminator-button forminator-button-submit\">Submit<\/button><\/div><\/div><\/div><input type=\"hidden\" id=\"forminator_nonce\" name=\"forminator_nonce\" value=\"c87967f85d\" \/><input type=\"hidden\" name=\"_wp_http_referer\" value=\"\/kunskapsportal\/wp-json\/wp\/v2\/pages\/7692\" \/><input type=\"hidden\" name=\"form_id\" value=\"17764\"><input type=\"hidden\" name=\"page_id\" value=\"7692\"><input type=\"hidden\" name=\"form_type\" value=\"default\"><input type=\"hidden\" name=\"current_url\" value=\"https:\/\/barnafrid.se\/kunskapsportal\/vad-vet-du-kort\/\"><input type=\"hidden\" name=\"render_id\" value=\"0\"><input type=\"hidden\" name=\"action\" value=\"forminator_submit_form_custom-forms\"><\/form><\/div>\n","protected":false},"excerpt":{"rendered":"<p>Best\u00e4ll samtalskorten Fyll i best\u00e4llningsformul\u00e4ret f\u00f6r att best\u00e4lla Vad vet du?-korten. De kostar 375 kr styck, inkl. moms. Fraktkostnad tillkommer. Som privatperson kan du inte best\u00e4lla mot faktura. I st\u00e4llet g\u00f6rs en bankinbetalning enligt instruktion som skickas per mejl till dig efter best\u00e4llningen.<\/p>\n","protected":false},"author":10518,"featured_media":0,"parent":0,"menu_order":0,"comment_status":"closed","ping_status":"closed","template":"page-centered.php","meta":{"h5ap_radio_sources":[],"footnotes":""},"role":[],"class_list":["post-7692","page","type-page","status-publish","hentry"],"yoast_head":"<!-- This site is optimized with the Yoast SEO plugin v27.4 - https:\/\/yoast.com\/product\/yoast-seo-wordpress\/ -->\n<title>Vad vet du?-kort (2025 Barnafrid) - Barnafrid<\/title>\n<meta name=\"robots\" content=\"index, follow, max-snippet:-1, max-image-preview:large, max-video-preview:-1\" \/>\n<link rel=\"canonical\" href=\"https:\/\/barnafrid.se\/kunskapsportal\/vad-vet-du-kort\/\" \/>\n<meta property=\"og:locale\" content=\"sv_SE\" \/>\n<meta property=\"og:type\" content=\"article\" \/>\n<meta property=\"og:title\" content=\"Vad vet du?-kort (2025 Barnafrid) - Barnafrid\" \/>\n<meta property=\"og:description\" content=\"Best\u00e4ll samtalskorten Fyll i best\u00e4llningsformul\u00e4ret f\u00f6r att best\u00e4lla Vad vet du?-korten. De kostar 375 kr styck, inkl. moms. Fraktkostnad tillkommer. Som privatperson kan du inte best\u00e4lla mot faktura. I st\u00e4llet g\u00f6rs en bankinbetalning enligt instruktion som skickas per mejl till dig efter best\u00e4llningen.\" \/>\n<meta property=\"og:url\" content=\"https:\/\/barnafrid.se\/kunskapsportal\/vad-vet-du-kort\/\" \/>\n<meta property=\"og:site_name\" content=\"Barnafrid\" \/>\n<meta property=\"article:modified_time\" content=\"2026-03-13T08:57:11+00:00\" \/>\n<meta property=\"og:image\" content=\"https:\/\/barnafrid.se\/kunskapsportal\/wp-content\/uploads\/2026\/02\/img_9304-2-scaled.jpg\" \/>\n\t<meta property=\"og:image:width\" content=\"2560\" \/>\n\t<meta property=\"og:image:height\" content=\"1707\" \/>\n\t<meta property=\"og:image:type\" content=\"image\/jpeg\" \/>\n<meta name=\"twitter:card\" content=\"summary_large_image\" \/>\n<meta name=\"twitter:label1\" content=\"Ber\u00e4knad l\u00e4stid\" \/>\n\t<meta name=\"twitter:data1\" content=\"2 minuter\" \/>\n<script type=\"application\/ld+json\" class=\"yoast-schema-graph\">{\"@context\":\"https:\\\/\\\/schema.org\",\"@graph\":[{\"@type\":\"WebPage\",\"@id\":\"https:\\\/\\\/barnafrid.se\\\/kunskapsportal\\\/vad-vet-du-kort\\\/\",\"url\":\"https:\\\/\\\/barnafrid.se\\\/kunskapsportal\\\/vad-vet-du-kort\\\/\",\"name\":\"Vad vet du?-kort (2025 Barnafrid) - Barnafrid\",\"isPartOf\":{\"@id\":\"https:\\\/\\\/barnafrid.se\\\/kunskapsportal\\\/#website\"},\"primaryImageOfPage\":{\"@id\":\"https:\\\/\\\/barnafrid.se\\\/kunskapsportal\\\/vad-vet-du-kort\\\/#primaryimage\"},\"image\":{\"@id\":\"https:\\\/\\\/barnafrid.se\\\/kunskapsportal\\\/vad-vet-du-kort\\\/#primaryimage\"},\"thumbnailUrl\":\"https:\\\/\\\/barnafrid.se\\\/kunskapsportal\\\/wp-content\\\/uploads\\\/2026\\\/02\\\/img_9304-2-1024x683.jpg\",\"datePublished\":\"2023-09-11T12:38:25+00:00\",\"dateModified\":\"2026-03-13T08:57:11+00:00\",\"breadcrumb\":{\"@id\":\"https:\\\/\\\/barnafrid.se\\\/kunskapsportal\\\/vad-vet-du-kort\\\/#breadcrumb\"},\"inLanguage\":\"sv-SE\",\"potentialAction\":[{\"@type\":\"ReadAction\",\"target\":[\"https:\\\/\\\/barnafrid.se\\\/kunskapsportal\\\/vad-vet-du-kort\\\/\"]}]},{\"@type\":\"ImageObject\",\"inLanguage\":\"sv-SE\",\"@id\":\"https:\\\/\\\/barnafrid.se\\\/kunskapsportal\\\/vad-vet-du-kort\\\/#primaryimage\",\"url\":\"https:\\\/\\\/barnafrid.se\\\/kunskapsportal\\\/wp-content\\\/uploads\\\/2026\\\/02\\\/img_9304-2-scaled.jpg\",\"contentUrl\":\"https:\\\/\\\/barnafrid.se\\\/kunskapsportal\\\/wp-content\\\/uploads\\\/2026\\\/02\\\/img_9304-2-scaled.jpg\",\"width\":2560,\"height\":1707},{\"@type\":\"BreadcrumbList\",\"@id\":\"https:\\\/\\\/barnafrid.se\\\/kunskapsportal\\\/vad-vet-du-kort\\\/#breadcrumb\",\"itemListElement\":[{\"@type\":\"ListItem\",\"position\":1,\"name\":\"Home\",\"item\":\"https:\\\/\\\/barnafrid.se\\\/kunskapsportal\\\/\"},{\"@type\":\"ListItem\",\"position\":2,\"name\":\"Vad vet du?-kort (2025 Barnafrid)\"}]},{\"@type\":\"WebSite\",\"@id\":\"https:\\\/\\\/barnafrid.se\\\/kunskapsportal\\\/#website\",\"url\":\"https:\\\/\\\/barnafrid.se\\\/kunskapsportal\\\/\",\"name\":\"Barnafrid\",\"description\":\"Kunskapsportal om v\u00e5ld mot barn\",\"potentialAction\":[{\"@type\":\"SearchAction\",\"target\":{\"@type\":\"EntryPoint\",\"urlTemplate\":\"https:\\\/\\\/barnafrid.se\\\/kunskapsportal\\\/?s={search_term_string}\"},\"query-input\":{\"@type\":\"PropertyValueSpecification\",\"valueRequired\":true,\"valueName\":\"search_term_string\"}}],\"inLanguage\":\"sv-SE\"}]}<\/script>\n<!-- \/ Yoast SEO plugin. -->","yoast_head_json":{"title":"Vad vet du?-kort (2025 Barnafrid) - Barnafrid","robots":{"index":"index","follow":"follow","max-snippet":"max-snippet:-1","max-image-preview":"max-image-preview:large","max-video-preview":"max-video-preview:-1"},"canonical":"https:\/\/barnafrid.se\/kunskapsportal\/vad-vet-du-kort\/","og_locale":"sv_SE","og_type":"article","og_title":"Vad vet du?-kort (2025 Barnafrid) - Barnafrid","og_description":"Best\u00e4ll samtalskorten Fyll i best\u00e4llningsformul\u00e4ret f\u00f6r att best\u00e4lla Vad vet du?-korten. De kostar 375 kr styck, inkl. moms. Fraktkostnad tillkommer. Som privatperson kan du inte best\u00e4lla mot faktura. I st\u00e4llet g\u00f6rs en bankinbetalning enligt instruktion som skickas per mejl till dig efter best\u00e4llningen.","og_url":"https:\/\/barnafrid.se\/kunskapsportal\/vad-vet-du-kort\/","og_site_name":"Barnafrid","article_modified_time":"2026-03-13T08:57:11+00:00","og_image":[{"width":2560,"height":1707,"url":"https:\/\/barnafrid.se\/kunskapsportal\/wp-content\/uploads\/2026\/02\/img_9304-2-scaled.jpg","type":"image\/jpeg"}],"twitter_card":"summary_large_image","twitter_misc":{"Ber\u00e4knad l\u00e4stid":"2 minuter"},"schema":{"@context":"https:\/\/schema.org","@graph":[{"@type":"WebPage","@id":"https:\/\/barnafrid.se\/kunskapsportal\/vad-vet-du-kort\/","url":"https:\/\/barnafrid.se\/kunskapsportal\/vad-vet-du-kort\/","name":"Vad vet du?-kort (2025 Barnafrid) - Barnafrid","isPartOf":{"@id":"https:\/\/barnafrid.se\/kunskapsportal\/#website"},"primaryImageOfPage":{"@id":"https:\/\/barnafrid.se\/kunskapsportal\/vad-vet-du-kort\/#primaryimage"},"image":{"@id":"https:\/\/barnafrid.se\/kunskapsportal\/vad-vet-du-kort\/#primaryimage"},"thumbnailUrl":"https:\/\/barnafrid.se\/kunskapsportal\/wp-content\/uploads\/2026\/02\/img_9304-2-1024x683.jpg","datePublished":"2023-09-11T12:38:25+00:00","dateModified":"2026-03-13T08:57:11+00:00","breadcrumb":{"@id":"https:\/\/barnafrid.se\/kunskapsportal\/vad-vet-du-kort\/#breadcrumb"},"inLanguage":"sv-SE","potentialAction":[{"@type":"ReadAction","target":["https:\/\/barnafrid.se\/kunskapsportal\/vad-vet-du-kort\/"]}]},{"@type":"ImageObject","inLanguage":"sv-SE","@id":"https:\/\/barnafrid.se\/kunskapsportal\/vad-vet-du-kort\/#primaryimage","url":"https:\/\/barnafrid.se\/kunskapsportal\/wp-content\/uploads\/2026\/02\/img_9304-2-scaled.jpg","contentUrl":"https:\/\/barnafrid.se\/kunskapsportal\/wp-content\/uploads\/2026\/02\/img_9304-2-scaled.jpg","width":2560,"height":1707},{"@type":"BreadcrumbList","@id":"https:\/\/barnafrid.se\/kunskapsportal\/vad-vet-du-kort\/#breadcrumb","itemListElement":[{"@type":"ListItem","position":1,"name":"Home","item":"https:\/\/barnafrid.se\/kunskapsportal\/"},{"@type":"ListItem","position":2,"name":"Vad vet du?-kort (2025 Barnafrid)"}]},{"@type":"WebSite","@id":"https:\/\/barnafrid.se\/kunskapsportal\/#website","url":"https:\/\/barnafrid.se\/kunskapsportal\/","name":"Barnafrid","description":"Kunskapsportal om v\u00e5ld mot barn","potentialAction":[{"@type":"SearchAction","target":{"@type":"EntryPoint","urlTemplate":"https:\/\/barnafrid.se\/kunskapsportal\/?s={search_term_string}"},"query-input":{"@type":"PropertyValueSpecification","valueRequired":true,"valueName":"search_term_string"}}],"inLanguage":"sv-SE"}]}},"_links":{"self":[{"href":"https:\/\/barnafrid.se\/kunskapsportal\/wp-json\/wp\/v2\/pages\/7692","targetHints":{"allow":["GET"]}}],"collection":[{"href":"https:\/\/barnafrid.se\/kunskapsportal\/wp-json\/wp\/v2\/pages"}],"about":[{"href":"https:\/\/barnafrid.se\/kunskapsportal\/wp-json\/wp\/v2\/types\/page"}],"author":[{"embeddable":true,"href":"https:\/\/barnafrid.se\/kunskapsportal\/wp-json\/wp\/v2\/users\/10518"}],"replies":[{"embeddable":true,"href":"https:\/\/barnafrid.se\/kunskapsportal\/wp-json\/wp\/v2\/comments?post=7692"}],"version-history":[{"count":27,"href":"https:\/\/barnafrid.se\/kunskapsportal\/wp-json\/wp\/v2\/pages\/7692\/revisions"}],"predecessor-version":[{"id":17916,"href":"https:\/\/barnafrid.se\/kunskapsportal\/wp-json\/wp\/v2\/pages\/7692\/revisions\/17916"}],"wp:attachment":[{"href":"https:\/\/barnafrid.se\/kunskapsportal\/wp-json\/wp\/v2\/media?parent=7692"}],"wp:term":[{"taxonomy":"role","embeddable":true,"href":"https:\/\/barnafrid.se\/kunskapsportal\/wp-json\/wp\/v2\/role?post=7692"}],"curies":[{"name":"wp","href":"https:\/\/api.w.org\/{rel}","templated":true}]}}