{"id":7685,"date":"2023-09-11T12:54:41","date_gmt":"2023-09-11T10:54:41","guid":{"rendered":"https:\/\/barnafrid.se\/kunskapsportal\/?page_id=7685"},"modified":"2025-08-14T14:15:33","modified_gmt":"2025-08-14T12:15:33","slug":"tf-kbt-ovningsbok","status":"publish","type":"page","link":"https:\/\/barnafrid.se\/kunskapsportal\/tf-kbt-ovningsbok\/","title":{"rendered":"TF-KBT \u00d6vningsbok"},"content":{"rendered":"\n<h2 class=\"wp-block-heading\">TF-KBT MIN \u00d6VNINGSBOK<\/h2>\n\n\n\n<figure class=\"Image\"><img loading=\"lazy\" decoding=\"async\" width=\"219\" height=\"300\" src=\"https:\/\/barnafrid.se\/kunskapsportal\/wp-content\/uploads\/2022\/01\/arbetsbok-219x300-1.jpg\" alt=\"Omslag till Min \u00f6vningsbok\" class=\"Image-img wp-image-3416\"\/><\/figure>\n\n\n\n<p>Barnafrid har i samarbete med R\u00e4dda Barnen och BUP Traumaenhet vid Stockholms l\u00e4ns landsting, tagit fram en \u00f6vningsbok som riktar sig till barn och ungdomar som g\u00e5r i behandling i traumafokuserad kognitiv beteendeterapi, TF-KBT.<\/p>\n\n\n\n<p>\u00d6vningsboken ska anv\u00e4ndas i behandlingsarbete med tf-kbt och det \u00e4r inte godk\u00e4nt att anv\u00e4nda \u00f6vningsboken eller delar av den i andra sammanhang. Som behandlare ska du ha genomf\u00f6rt en godk\u00e4nd utbildning i tf-kbt. \u00d6vningsboken ers\u00e4tter inte en manual och som behandlare beh\u00f6ver du planera och aktivt leda behandlingen och v\u00e4lja \u00f6vningar med omsorg utifr\u00e5n barnets behov och mognadsniv\u00e5. Traumabehandling sker inom ramen f\u00f6r h\u00e4lso- och sjukv\u00e5rd och det \u00e4r d\u00e4rf\u00f6r n\u00f6dv\u00e4ndigt att arbetet f\u00f6ljer h\u00e4lso- och sjukv\u00e5rdslagen och alla andra lagar som \u00e4r till f\u00f6r att garantera en god patients\u00e4kerhet. Om du som behandlare uppfyller ovan beskrivning \u00e4r det fritt att kopiera \u00f6vningsboken och anv\u00e4nda den med patienter.<\/p>\n\n\n\n<p><a href=\"https:\/\/barnafrid.se\/kunskapsportal\/kunskapsbibliotek\/tf-kbt-min-ovningsbok\/\">L\u00e4nk till Min \u00f6vningsbok<\/a><\/p>\n\n\n\n<h2 class=\"wp-block-heading\">TF-KBT \u00d6VNINGSBOK F\u00d6R F\u00d6R\u00c4LDRAR OCH OMSORGSPERSONER<\/h2>\n\n\n\n<figure class=\"Image\"><img loading=\"lazy\" decoding=\"async\" width=\"212\" height=\"300\" src=\"https:\/\/barnafrid.se\/kunskapsportal\/wp-content\/uploads\/2022\/01\/omslag-bok-212x300-1.png\" alt=\"Omslag handbok\" class=\"Image-img wp-image-3439\"\/><\/figure>\n\n\n\n<p>Barnafrid har tagit fram denna \u00f6vningsbok i samarbete med R\u00e4dda Barnens Centrum f\u00f6r st\u00f6d och behandling, och BUP Traumaenhet i Region Stockholm, samt med st\u00f6d av nordiska kollegor inom omr\u00e5det.<\/p>\n\n\n\n<p>\u00d6vningsboken \u00e4r till f\u00f6r f\u00f6r\u00e4ldrar och andra omsorgspersoner som deltar i barnets behandling med traumafokuserad kognitiv beteendeterapi, TF-KBT. \u00d6vningsboken ska anv\u00e4ndas just i behandlingsarbete med TF-KBT och det \u00e4r inte till\u00e5tet att anv\u00e4nda \u00f6vningsboken eller dess delar i andra sammanhang. Som behandlare ska du ha genomf\u00f6rt en godk\u00e4nd utbildning i TF-KBT. \u00d6vningsboken ers\u00e4tter inte en manual och som behandlare beh\u00f6ver du planera och aktivt leda behandlingen och v\u00e4lja \u00f6vningar med omsorg utifr\u00e5n bed\u00f6mning av behov. Traumabehandling sker inom ramen f\u00f6r h\u00e4lso- och sjukv\u00e5rd och det \u00e4r d\u00e4rf\u00f6r n\u00f6dv\u00e4ndigt att arbetet f\u00f6ljer h\u00e4lso- och sjukv\u00e5rdslagen och alla andra lagar som \u00e4r till f\u00f6r att garantera en god patients\u00e4kerhet. Om du som behandlare uppfyller ovan beskrivning s\u00e5 \u00e4r det fritt att kopiera \u00f6vningsboken och anv\u00e4nda den med patienter.<\/p>\n\n\n\n<p><a href=\"https:\/\/barnafrid.se\/kunskapsportal\/kunskapsbibliotek\/tf-kbt-ovningsbok-for-foraldrar-och-omsorgspersoner\/\">L\u00e4nk till \u00f6vningsboken<\/a><\/p>\n","protected":false},"excerpt":{"rendered":"<p>TF-KBT MIN \u00d6VNINGSBOK Barnafrid har i samarbete med R\u00e4dda Barnen och BUP Traumaenhet vid Stockholms l\u00e4ns landsting, tagit fram en \u00f6vningsbok som riktar sig till barn och ungdomar som g\u00e5r i behandling i traumafokuserad kognitiv beteendeterapi, TF-KBT. \u00d6vningsboken ska anv\u00e4ndas i behandlingsarbete med tf-kbt och det \u00e4r inte godk\u00e4nt att anv\u00e4nda \u00f6vningsboken eller delar av [&hellip;]<\/p>\n","protected":false},"author":10518,"featured_media":0,"parent":0,"menu_order":0,"comment_status":"closed","ping_status":"closed","template":"","meta":{"h5ap_radio_sources":[],"footnotes":""},"role":[],"class_list":["post-7685","page","type-page","status-publish","hentry"],"yoast_head":"<!-- This site is optimized with the Yoast SEO plugin v27.4 - https:\/\/yoast.com\/product\/yoast-seo-wordpress\/ -->\n<title>TF-KBT \u00d6vningsbok - Barnafrid<\/title>\n<meta name=\"robots\" content=\"index, follow, max-snippet:-1, max-image-preview:large, max-video-preview:-1\" \/>\n<link rel=\"canonical\" href=\"https:\/\/barnafrid.se\/kunskapsportal\/tf-kbt-ovningsbok\/\" \/>\n<meta property=\"og:locale\" content=\"sv_SE\" \/>\n<meta property=\"og:type\" content=\"article\" \/>\n<meta property=\"og:title\" content=\"TF-KBT \u00d6vningsbok - Barnafrid\" \/>\n<meta property=\"og:description\" content=\"TF-KBT MIN \u00d6VNINGSBOK Barnafrid har i samarbete med R\u00e4dda Barnen och BUP Traumaenhet vid Stockholms l\u00e4ns landsting, tagit fram en \u00f6vningsbok som riktar sig till barn och ungdomar som g\u00e5r i behandling i traumafokuserad kognitiv beteendeterapi, TF-KBT. \u00d6vningsboken ska anv\u00e4ndas i behandlingsarbete med tf-kbt och det \u00e4r inte godk\u00e4nt att anv\u00e4nda \u00f6vningsboken eller delar av [&hellip;]\" \/>\n<meta property=\"og:url\" content=\"https:\/\/barnafrid.se\/kunskapsportal\/tf-kbt-ovningsbok\/\" \/>\n<meta property=\"og:site_name\" content=\"Barnafrid\" \/>\n<meta property=\"article:modified_time\" content=\"2025-08-14T12:15:33+00:00\" \/>\n<meta property=\"og:image\" content=\"https:\/\/barnafrid.se\/kunskapsportal\/wp-content\/uploads\/2022\/01\/arbetsbok-219x300-1.jpg\" \/>\n\t<meta property=\"og:image:width\" content=\"219\" \/>\n\t<meta property=\"og:image:height\" content=\"300\" \/>\n\t<meta property=\"og:image:type\" content=\"image\/jpeg\" \/>\n<meta name=\"twitter:card\" content=\"summary_large_image\" \/>\n<meta name=\"twitter:label1\" content=\"Ber\u00e4knad l\u00e4stid\" \/>\n\t<meta name=\"twitter:data1\" content=\"2 minuter\" \/>\n<script type=\"application\/ld+json\" class=\"yoast-schema-graph\">{\"@context\":\"https:\\\/\\\/schema.org\",\"@graph\":[{\"@type\":\"WebPage\",\"@id\":\"https:\\\/\\\/barnafrid.se\\\/kunskapsportal\\\/tf-kbt-ovningsbok\\\/\",\"url\":\"https:\\\/\\\/barnafrid.se\\\/kunskapsportal\\\/tf-kbt-ovningsbok\\\/\",\"name\":\"TF-KBT \u00d6vningsbok - Barnafrid\",\"isPartOf\":{\"@id\":\"https:\\\/\\\/barnafrid.se\\\/kunskapsportal\\\/#website\"},\"primaryImageOfPage\":{\"@id\":\"https:\\\/\\\/barnafrid.se\\\/kunskapsportal\\\/tf-kbt-ovningsbok\\\/#primaryimage\"},\"image\":{\"@id\":\"https:\\\/\\\/barnafrid.se\\\/kunskapsportal\\\/tf-kbt-ovningsbok\\\/#primaryimage\"},\"thumbnailUrl\":\"https:\\\/\\\/barnafrid.se\\\/kunskapsportal\\\/wp-content\\\/uploads\\\/2022\\\/01\\\/arbetsbok-219x300-1.jpg\",\"datePublished\":\"2023-09-11T10:54:41+00:00\",\"dateModified\":\"2025-08-14T12:15:33+00:00\",\"breadcrumb\":{\"@id\":\"https:\\\/\\\/barnafrid.se\\\/kunskapsportal\\\/tf-kbt-ovningsbok\\\/#breadcrumb\"},\"inLanguage\":\"sv-SE\",\"potentialAction\":[{\"@type\":\"ReadAction\",\"target\":[\"https:\\\/\\\/barnafrid.se\\\/kunskapsportal\\\/tf-kbt-ovningsbok\\\/\"]}]},{\"@type\":\"ImageObject\",\"inLanguage\":\"sv-SE\",\"@id\":\"https:\\\/\\\/barnafrid.se\\\/kunskapsportal\\\/tf-kbt-ovningsbok\\\/#primaryimage\",\"url\":\"https:\\\/\\\/barnafrid.se\\\/kunskapsportal\\\/wp-content\\\/uploads\\\/2022\\\/01\\\/arbetsbok-219x300-1.jpg\",\"contentUrl\":\"https:\\\/\\\/barnafrid.se\\\/kunskapsportal\\\/wp-content\\\/uploads\\\/2022\\\/01\\\/arbetsbok-219x300-1.jpg\",\"width\":219,\"height\":300,\"caption\":\"Omslag till Min \u00f6vningsbok TF-KBT.\"},{\"@type\":\"BreadcrumbList\",\"@id\":\"https:\\\/\\\/barnafrid.se\\\/kunskapsportal\\\/tf-kbt-ovningsbok\\\/#breadcrumb\",\"itemListElement\":[{\"@type\":\"ListItem\",\"position\":1,\"name\":\"Home\",\"item\":\"https:\\\/\\\/barnafrid.se\\\/kunskapsportal\\\/\"},{\"@type\":\"ListItem\",\"position\":2,\"name\":\"TF-KBT \u00d6vningsbok\"}]},{\"@type\":\"WebSite\",\"@id\":\"https:\\\/\\\/barnafrid.se\\\/kunskapsportal\\\/#website\",\"url\":\"https:\\\/\\\/barnafrid.se\\\/kunskapsportal\\\/\",\"name\":\"Barnafrid\",\"description\":\"Kunskapsportal om v\u00e5ld mot barn\",\"potentialAction\":[{\"@type\":\"SearchAction\",\"target\":{\"@type\":\"EntryPoint\",\"urlTemplate\":\"https:\\\/\\\/barnafrid.se\\\/kunskapsportal\\\/?s={search_term_string}\"},\"query-input\":{\"@type\":\"PropertyValueSpecification\",\"valueRequired\":true,\"valueName\":\"search_term_string\"}}],\"inLanguage\":\"sv-SE\"}]}<\/script>\n<!-- \/ Yoast SEO plugin. -->","yoast_head_json":{"title":"TF-KBT \u00d6vningsbok - Barnafrid","robots":{"index":"index","follow":"follow","max-snippet":"max-snippet:-1","max-image-preview":"max-image-preview:large","max-video-preview":"max-video-preview:-1"},"canonical":"https:\/\/barnafrid.se\/kunskapsportal\/tf-kbt-ovningsbok\/","og_locale":"sv_SE","og_type":"article","og_title":"TF-KBT \u00d6vningsbok - Barnafrid","og_description":"TF-KBT MIN \u00d6VNINGSBOK Barnafrid har i samarbete med R\u00e4dda Barnen och BUP Traumaenhet vid Stockholms l\u00e4ns landsting, tagit fram en \u00f6vningsbok som riktar sig till barn och ungdomar som g\u00e5r i behandling i traumafokuserad kognitiv beteendeterapi, TF-KBT. \u00d6vningsboken ska anv\u00e4ndas i behandlingsarbete med tf-kbt och det \u00e4r inte godk\u00e4nt att anv\u00e4nda \u00f6vningsboken eller delar av [&hellip;]","og_url":"https:\/\/barnafrid.se\/kunskapsportal\/tf-kbt-ovningsbok\/","og_site_name":"Barnafrid","article_modified_time":"2025-08-14T12:15:33+00:00","og_image":[{"width":219,"height":300,"url":"https:\/\/barnafrid.se\/kunskapsportal\/wp-content\/uploads\/2022\/01\/arbetsbok-219x300-1.jpg","type":"image\/jpeg"}],"twitter_card":"summary_large_image","twitter_misc":{"Ber\u00e4knad l\u00e4stid":"2 minuter"},"schema":{"@context":"https:\/\/schema.org","@graph":[{"@type":"WebPage","@id":"https:\/\/barnafrid.se\/kunskapsportal\/tf-kbt-ovningsbok\/","url":"https:\/\/barnafrid.se\/kunskapsportal\/tf-kbt-ovningsbok\/","name":"TF-KBT \u00d6vningsbok - Barnafrid","isPartOf":{"@id":"https:\/\/barnafrid.se\/kunskapsportal\/#website"},"primaryImageOfPage":{"@id":"https:\/\/barnafrid.se\/kunskapsportal\/tf-kbt-ovningsbok\/#primaryimage"},"image":{"@id":"https:\/\/barnafrid.se\/kunskapsportal\/tf-kbt-ovningsbok\/#primaryimage"},"thumbnailUrl":"https:\/\/barnafrid.se\/kunskapsportal\/wp-content\/uploads\/2022\/01\/arbetsbok-219x300-1.jpg","datePublished":"2023-09-11T10:54:41+00:00","dateModified":"2025-08-14T12:15:33+00:00","breadcrumb":{"@id":"https:\/\/barnafrid.se\/kunskapsportal\/tf-kbt-ovningsbok\/#breadcrumb"},"inLanguage":"sv-SE","potentialAction":[{"@type":"ReadAction","target":["https:\/\/barnafrid.se\/kunskapsportal\/tf-kbt-ovningsbok\/"]}]},{"@type":"ImageObject","inLanguage":"sv-SE","@id":"https:\/\/barnafrid.se\/kunskapsportal\/tf-kbt-ovningsbok\/#primaryimage","url":"https:\/\/barnafrid.se\/kunskapsportal\/wp-content\/uploads\/2022\/01\/arbetsbok-219x300-1.jpg","contentUrl":"https:\/\/barnafrid.se\/kunskapsportal\/wp-content\/uploads\/2022\/01\/arbetsbok-219x300-1.jpg","width":219,"height":300,"caption":"Omslag till Min \u00f6vningsbok TF-KBT."},{"@type":"BreadcrumbList","@id":"https:\/\/barnafrid.se\/kunskapsportal\/tf-kbt-ovningsbok\/#breadcrumb","itemListElement":[{"@type":"ListItem","position":1,"name":"Home","item":"https:\/\/barnafrid.se\/kunskapsportal\/"},{"@type":"ListItem","position":2,"name":"TF-KBT \u00d6vningsbok"}]},{"@type":"WebSite","@id":"https:\/\/barnafrid.se\/kunskapsportal\/#website","url":"https:\/\/barnafrid.se\/kunskapsportal\/","name":"Barnafrid","description":"Kunskapsportal om v\u00e5ld mot barn","potentialAction":[{"@type":"SearchAction","target":{"@type":"EntryPoint","urlTemplate":"https:\/\/barnafrid.se\/kunskapsportal\/?s={search_term_string}"},"query-input":{"@type":"PropertyValueSpecification","valueRequired":true,"valueName":"search_term_string"}}],"inLanguage":"sv-SE"}]}},"_links":{"self":[{"href":"https:\/\/barnafrid.se\/kunskapsportal\/wp-json\/wp\/v2\/pages\/7685","targetHints":{"allow":["GET"]}}],"collection":[{"href":"https:\/\/barnafrid.se\/kunskapsportal\/wp-json\/wp\/v2\/pages"}],"about":[{"href":"https:\/\/barnafrid.se\/kunskapsportal\/wp-json\/wp\/v2\/types\/page"}],"author":[{"embeddable":true,"href":"https:\/\/barnafrid.se\/kunskapsportal\/wp-json\/wp\/v2\/users\/10518"}],"replies":[{"embeddable":true,"href":"https:\/\/barnafrid.se\/kunskapsportal\/wp-json\/wp\/v2\/comments?post=7685"}],"version-history":[{"count":3,"href":"https:\/\/barnafrid.se\/kunskapsportal\/wp-json\/wp\/v2\/pages\/7685\/revisions"}],"predecessor-version":[{"id":16507,"href":"https:\/\/barnafrid.se\/kunskapsportal\/wp-json\/wp\/v2\/pages\/7685\/revisions\/16507"}],"wp:attachment":[{"href":"https:\/\/barnafrid.se\/kunskapsportal\/wp-json\/wp\/v2\/media?parent=7685"}],"wp:term":[{"taxonomy":"role","embeddable":true,"href":"https:\/\/barnafrid.se\/kunskapsportal\/wp-json\/wp\/v2\/role?post=7685"}],"curies":[{"name":"wp","href":"https:\/\/api.w.org\/{rel}","templated":true}]}}