{"id":7680,"date":"2023-09-11T12:54:49","date_gmt":"2023-09-11T10:54:49","guid":{"rendered":"https:\/\/barnafrid.se\/kunskapsportal\/?page_id=7680"},"modified":"2026-02-10T14:10:47","modified_gmt":"2026-02-10T13:10:47","slug":"metodstod-2","status":"publish","type":"page","link":"https:\/\/barnafrid.se\/kunskapsportal\/metodstod-2\/","title":{"rendered":"Metodst\u00f6d"},"content":{"rendered":"\n\n<div class=\"Card-section Card-section--three \">\n\n\n    <a class=\"Card-link-container\" target=\"_blank\" href=\"https:\/\/barnafrid.se\/kunskapsportal\/tf-kbt-ovningsbok\/\">\n        <div class=\"Card Card--aquamarine Card--internal\">\n            <p class=\"Card-pretitle\"><\/p>\n            <h2 class=\"Card-title\">TF-KBT \u00d6vningsbok<\/h2>\n            <p>Barnafrid har i samarbete med R\u00e4dda Barnen och BUP Traumaenhet vid Stockholms l\u00e4ns landsting, tagit fram en \u00f6vningsbok som riktar sig till barn och ungdomar som g\u00e5r i behandling i traumafokuserad kognitiv beteendeterapi, TF-KBT.<\/p>            <div class=\"Card-footer\">\n                <span class=\"Card-footer-text\">G\u00e5 till TF-KBT \u00d6vningsbok<\/span>\n                            <\/div>\n        <\/div>\n    <\/a>\n    <a class=\"Card-link-container\" target=\"_blank\" href=\"https:\/\/barnafrid.se\/kunskapsportal\/vad-vet-du-kort\/\">\n        <div class=\"Card Card--blue Card--internal\">\n            <p class=\"Card-pretitle\"><\/p>\n            <h2 class=\"Card-title\">Vad vet du?-kort<\/h2>\n            <p>Psykoedukationskorten <em>Vad vet du? <\/em>\u00e4r till f\u00f6r dig som i ditt arbete m\u00f6ter barn och ungdomar som har erfarenhet av traumatiska h\u00e4ndelser eller som utsatt andra f\u00f6r sexuella \u00f6vergrepp.<\/p>            <div class=\"Card-footer\">\n                <span class=\"Card-footer-text\">G\u00e5 till korten Vad vet du?<\/span>\n                            <\/div>\n        <\/div>\n    <\/a>\n    <a class=\"Card-link-container\" target=\"_blank\" href=\"https:\/\/barnafrid.se\/kunskapsportal\/krisstod\/\">\n        <div class=\"Card Card--salmon Card--internal\">\n            <p class=\"Card-pretitle\"><\/p>\n            <h2 class=\"Card-title\">Krisst\u00f6dsb\u00f6cker<\/h2>\n            <p>BUP Barnahusteam, del av BUP Traumaenhet i Stockholm, har utvecklat ett arbetsmaterial att anv\u00e4nda vid barnpsykiatriskt krisst\u00f6d n\u00e4r barn och ungdomar har blivit utsatta f\u00f6r en potentiellt traumatiserande h\u00e4ndelse. Paketet best\u00e5r av en metodbok f\u00f6r behandlare och tre separata arbetsb\u00f6cker f\u00f6r barn, ungdomar\u00a0 och omsorgspersoner.<\/p>            <div class=\"Card-footer\">\n                <span class=\"Card-footer-text\">G\u00e5 till krisst\u00f6dsb\u00f6ckerna<\/span>\n                            <\/div>\n        <\/div>\n    <\/a>\n    <a class=\"Card-link-container\" target=\"_blank\" href=\"https:\/\/barnafrid.se\/kunskapsportal\/traumatisk-sorg\/\">\n        <div class=\"Card Card--purple Card--internal\">\n            <p class=\"Card-pretitle\"><\/p>\n            <h2 class=\"Card-title\">Sorg och traumatisk sorg<\/h2>\n            <p>Barnafrid har \u00f6versatt och bearbetat arbetsmaterial f\u00f6r yrkesverksamma som i sitt arbete m\u00f6ter barn som drabbats av v\u00e5ld och andra potentiellt traumatiserande h\u00e4ndelser tillsammans med en eller flera traumatiska f\u00f6rluster. Materialet riktar sig till yrkesverksamma med grundl\u00e4ggande barnpsykiatrisk kompetens.<\/p>            <div class=\"Card-footer\">\n                <span class=\"Card-footer-text\">G\u00e5 till Min arbetsbok om sorg<\/span>\n                            <\/div>\n        <\/div>\n    <\/a>\n    <a class=\"Card-link-container\" target=\"_blank\" href=\"https:\/\/barnafrid.se\/kunskapsportal\/metodstod-2\/toolbox-for-traumascreening-inom-socialtjansten\/\">\n        <div class=\"Card Card--aquamarine Card--internal\">\n            <p class=\"Card-pretitle\"><\/p>\n            <h2 class=\"Card-title\">Metodst\u00f6d f\u00f6r traumascreening inom socialtj\u00e4nsten<\/h2>\n            <p>I metodst\u00f6det f\u00e5r du grundl\u00e4ggande kunskap kring trauma och vad du som yrkesverksam inom socialtj\u00e4nsten kan g\u00f6ra om du m\u00f6ter ett barn som kan ha upplevt en sv\u00e5r h\u00e4ndelse.<\/p>            <div class=\"Card-footer\">\n                <span class=\"Card-footer-text\">G\u00e5 till metodst\u00f6det f\u00f6r traumascreening<\/span>\n                            <\/div>\n        <\/div>\n    <\/a>\n    <a class=\"Card-link-container\" target=\"_blank\" href=\"https:\/\/barnafrid.se\/kunskapsportal\/barn-och-ungas-roster-en-handbok-for-delaktighet-och-inkludering\/\">\n        <div class=\"Card Card--blue Card--internal\">\n            <p class=\"Card-pretitle\"><\/p>\n            <h2 class=\"Card-title\">Handbok om delaktighet och inkludering<\/h2>\n            <p>Handboken ger v\u00e4gledning och tips p\u00e5 hur du som arbetar med barn och unga kan inkludera dem i verksamheten.<\/p>            <div class=\"Card-footer\">\n                <span class=\"Card-footer-text\">G\u00e5 till handboken<\/span>\n                            <\/div>\n        <\/div>\n    <\/a>\n    <a class=\"Card-link-container\" target=\"_blank\" href=\"https:\/\/www.raddabarnen.se\/rad-och-kunskap\/vald-mot-barn\/snacka-tryggt-om-vald-mot-barn\/\">\n        <div class=\"Card Card--salmon Card--internal\">\n            <p class=\"Card-pretitle\"><\/p>\n            <h2 class=\"Card-title\">Snacka tryggt om v\u00e5ld mot barn<\/h2>\n            <p>M\u00e5nga barn som uts\u00e4tts f\u00f6r v\u00e5ld ber\u00e4ttar aldrig om det. F\u00f6r n\u00e5gon. Och om n\u00e5gon f\u00e5r veta, \u00e4r det oftast en kompis. Det beh\u00f6ver vi \u00e4ndra p\u00e5 och d\u00e4rf\u00f6r har Barnafrid tillsammans med R\u00e4dda barnen tagit fram Snacka tryggt f\u00f6r din skola.<\/p>            <div class=\"Card-footer\">\n                <span class=\"Card-footer-text\">G\u00e5 till Snacka tryggt om v\u00e5ld mot barn (raddabarnen.se)<\/span>\n                            <\/div>\n        <\/div>\n    <\/a>\n<\/div>\n\n\n\n<p><\/p>\n","protected":false},"excerpt":{"rendered":"","protected":false},"author":10518,"featured_media":0,"parent":0,"menu_order":0,"comment_status":"closed","ping_status":"closed","template":"","meta":{"h5ap_radio_sources":[],"footnotes":""},"role":[],"class_list":["post-7680","page","type-page","status-publish","hentry"],"yoast_head":"<!-- This site is optimized with the Yoast SEO plugin v27.4 - https:\/\/yoast.com\/product\/yoast-seo-wordpress\/ -->\n<title>Metodst\u00f6d - Barnafrid<\/title>\n<meta name=\"robots\" content=\"index, follow, max-snippet:-1, max-image-preview:large, max-video-preview:-1\" \/>\n<link rel=\"canonical\" href=\"https:\/\/barnafrid.se\/kunskapsportal\/metodstod-2\/\" \/>\n<meta property=\"og:locale\" content=\"sv_SE\" \/>\n<meta property=\"og:type\" content=\"article\" \/>\n<meta property=\"og:title\" content=\"Metodst\u00f6d - Barnafrid\" \/>\n<meta property=\"og:url\" content=\"https:\/\/barnafrid.se\/kunskapsportal\/metodstod-2\/\" \/>\n<meta property=\"og:site_name\" content=\"Barnafrid\" \/>\n<meta property=\"article:modified_time\" content=\"2026-02-10T13:10:47+00:00\" \/>\n<meta name=\"twitter:card\" content=\"summary_large_image\" \/>\n<script type=\"application\/ld+json\" class=\"yoast-schema-graph\">{\"@context\":\"https:\\\/\\\/schema.org\",\"@graph\":[{\"@type\":\"WebPage\",\"@id\":\"https:\\\/\\\/barnafrid.se\\\/kunskapsportal\\\/metodstod-2\\\/\",\"url\":\"https:\\\/\\\/barnafrid.se\\\/kunskapsportal\\\/metodstod-2\\\/\",\"name\":\"Metodst\u00f6d - Barnafrid\",\"isPartOf\":{\"@id\":\"https:\\\/\\\/barnafrid.se\\\/kunskapsportal\\\/#website\"},\"datePublished\":\"2023-09-11T10:54:49+00:00\",\"dateModified\":\"2026-02-10T13:10:47+00:00\",\"breadcrumb\":{\"@id\":\"https:\\\/\\\/barnafrid.se\\\/kunskapsportal\\\/metodstod-2\\\/#breadcrumb\"},\"inLanguage\":\"sv-SE\",\"potentialAction\":[{\"@type\":\"ReadAction\",\"target\":[\"https:\\\/\\\/barnafrid.se\\\/kunskapsportal\\\/metodstod-2\\\/\"]}]},{\"@type\":\"BreadcrumbList\",\"@id\":\"https:\\\/\\\/barnafrid.se\\\/kunskapsportal\\\/metodstod-2\\\/#breadcrumb\",\"itemListElement\":[{\"@type\":\"ListItem\",\"position\":1,\"name\":\"Home\",\"item\":\"https:\\\/\\\/barnafrid.se\\\/kunskapsportal\\\/\"},{\"@type\":\"ListItem\",\"position\":2,\"name\":\"Metodst\u00f6d\"}]},{\"@type\":\"WebSite\",\"@id\":\"https:\\\/\\\/barnafrid.se\\\/kunskapsportal\\\/#website\",\"url\":\"https:\\\/\\\/barnafrid.se\\\/kunskapsportal\\\/\",\"name\":\"Barnafrid\",\"description\":\"Kunskapsportal om v\u00e5ld mot barn\",\"potentialAction\":[{\"@type\":\"SearchAction\",\"target\":{\"@type\":\"EntryPoint\",\"urlTemplate\":\"https:\\\/\\\/barnafrid.se\\\/kunskapsportal\\\/?s={search_term_string}\"},\"query-input\":{\"@type\":\"PropertyValueSpecification\",\"valueRequired\":true,\"valueName\":\"search_term_string\"}}],\"inLanguage\":\"sv-SE\"}]}<\/script>\n<!-- \/ Yoast SEO plugin. -->","yoast_head_json":{"title":"Metodst\u00f6d - Barnafrid","robots":{"index":"index","follow":"follow","max-snippet":"max-snippet:-1","max-image-preview":"max-image-preview:large","max-video-preview":"max-video-preview:-1"},"canonical":"https:\/\/barnafrid.se\/kunskapsportal\/metodstod-2\/","og_locale":"sv_SE","og_type":"article","og_title":"Metodst\u00f6d - Barnafrid","og_url":"https:\/\/barnafrid.se\/kunskapsportal\/metodstod-2\/","og_site_name":"Barnafrid","article_modified_time":"2026-02-10T13:10:47+00:00","twitter_card":"summary_large_image","schema":{"@context":"https:\/\/schema.org","@graph":[{"@type":"WebPage","@id":"https:\/\/barnafrid.se\/kunskapsportal\/metodstod-2\/","url":"https:\/\/barnafrid.se\/kunskapsportal\/metodstod-2\/","name":"Metodst\u00f6d - Barnafrid","isPartOf":{"@id":"https:\/\/barnafrid.se\/kunskapsportal\/#website"},"datePublished":"2023-09-11T10:54:49+00:00","dateModified":"2026-02-10T13:10:47+00:00","breadcrumb":{"@id":"https:\/\/barnafrid.se\/kunskapsportal\/metodstod-2\/#breadcrumb"},"inLanguage":"sv-SE","potentialAction":[{"@type":"ReadAction","target":["https:\/\/barnafrid.se\/kunskapsportal\/metodstod-2\/"]}]},{"@type":"BreadcrumbList","@id":"https:\/\/barnafrid.se\/kunskapsportal\/metodstod-2\/#breadcrumb","itemListElement":[{"@type":"ListItem","position":1,"name":"Home","item":"https:\/\/barnafrid.se\/kunskapsportal\/"},{"@type":"ListItem","position":2,"name":"Metodst\u00f6d"}]},{"@type":"WebSite","@id":"https:\/\/barnafrid.se\/kunskapsportal\/#website","url":"https:\/\/barnafrid.se\/kunskapsportal\/","name":"Barnafrid","description":"Kunskapsportal om v\u00e5ld mot barn","potentialAction":[{"@type":"SearchAction","target":{"@type":"EntryPoint","urlTemplate":"https:\/\/barnafrid.se\/kunskapsportal\/?s={search_term_string}"},"query-input":{"@type":"PropertyValueSpecification","valueRequired":true,"valueName":"search_term_string"}}],"inLanguage":"sv-SE"}]}},"_links":{"self":[{"href":"https:\/\/barnafrid.se\/kunskapsportal\/wp-json\/wp\/v2\/pages\/7680","targetHints":{"allow":["GET"]}}],"collection":[{"href":"https:\/\/barnafrid.se\/kunskapsportal\/wp-json\/wp\/v2\/pages"}],"about":[{"href":"https:\/\/barnafrid.se\/kunskapsportal\/wp-json\/wp\/v2\/types\/page"}],"author":[{"embeddable":true,"href":"https:\/\/barnafrid.se\/kunskapsportal\/wp-json\/wp\/v2\/users\/10518"}],"replies":[{"embeddable":true,"href":"https:\/\/barnafrid.se\/kunskapsportal\/wp-json\/wp\/v2\/comments?post=7680"}],"version-history":[{"count":27,"href":"https:\/\/barnafrid.se\/kunskapsportal\/wp-json\/wp\/v2\/pages\/7680\/revisions"}],"predecessor-version":[{"id":17785,"href":"https:\/\/barnafrid.se\/kunskapsportal\/wp-json\/wp\/v2\/pages\/7680\/revisions\/17785"}],"wp:attachment":[{"href":"https:\/\/barnafrid.se\/kunskapsportal\/wp-json\/wp\/v2\/media?parent=7680"}],"wp:term":[{"taxonomy":"role","embeddable":true,"href":"https:\/\/barnafrid.se\/kunskapsportal\/wp-json\/wp\/v2\/role?post=7680"}],"curies":[{"name":"wp","href":"https:\/\/api.w.org\/{rel}","templated":true}]}}