{"id":7283,"date":"2023-02-10T08:11:52","date_gmt":"2023-02-10T07:11:52","guid":{"rendered":"https:\/\/barnafrid.se\/kunskapsportal\/?page_id=7283"},"modified":"2023-02-10T08:11:52","modified_gmt":"2023-02-10T07:11:52","slug":"lagstiftning-for-forskolan-som-omfattar-vald-mot-barn","status":"publish","type":"page","link":"https:\/\/barnafrid.se\/kunskapsportal\/lagstiftning-for-forskolan-som-omfattar-vald-mot-barn\/","title":{"rendered":"Lagstiftning f\u00f6r f\u00f6rskolan som omfattar v\u00e5ld mot barn"},"content":{"rendered":"\n<p>Det \u00e4r skollagen som reglerar f\u00f6rskolans verksamhet, men det finns flera andra lagar som omfattar v\u00e5ld mot barn och som \u00e4r viktiga att k\u00e4nna till f\u00f6r dig som \u00e4r anst\u00e4lld inom f\u00f6rskolan. F\u00f6rutom barnkonventionen \u00e4r det socialtj\u00e4nstlagen, brottsbalken, f\u00f6r\u00e4ldrabalken och offentlighets- och sekretesslagen som p\u00e5 olika s\u00e4tt kan kopplas till f\u00f6rskolans ansvar f\u00f6r barn som far illa.&nbsp;<\/p>\n\n\n<section class=\"ArticleSection \">\n      <h2 class=\"ArticleSection-title\" id=\"skollagen\">\n      Skollagen    <\/h2>\n    \n\n<p>Enligt <a href=\"https:\/\/www.riksdagen.se\/sv\/dokument-lagar\/dokument\/svensk-forfattningssamling\/skollag-2010800_sfs-2010-800\">skollagen<\/a> \u00e4r f\u00f6rskolans uppdrag att erbjuda trygg omsorg och stimulera barn till utveckling och l\u00e4rande. Det \u00e4r huvudmannens ansvar (kommunen eller en frist\u00e5ende akt\u00f6r) att f\u00f6rebygga och undanr\u00f6ja hinder f\u00f6r att barn i f\u00f6rskolan ska f\u00e5 god omsorg. Det inneb\u00e4r att f\u00f6rskolepersonal har skyldighet att g\u00f6ra en anm\u00e4lan till socialtj\u00e4nsten vid misstanke eller k\u00e4nnedom om att ett barn far illa. F\u00f6rskolan har ocks\u00e5 skyldighet att samverka med andra akt\u00f6rer n\u00e4r det g\u00e4ller barn som far illa i hemmet.<\/p>\n\n\n<aside class='Box Box--fact '>\n    \n\n<p>\u201dHuvudmannen f\u00f6r verksamhet som avses i denna lag och den som \u00e4r anst\u00e4lld i s\u00e5dan verksamhet, ska p\u00e5 socialn\u00e4mndens initiativ i fr\u00e5gor som r\u00f6r barn som far illa eller riskerar att fara illa samverka med samh\u00e4llsorgan, organisationer och andra som ber\u00f6rs.\u201d (Skollagen 29 kap. 13 \u00a7)<\/p>\n\n<\/aside>\n\n\n\n<h3 class=\"wp-block-heading\">Viktigt med dokumentation<\/h3>\n\n\n\n<p>Alla f\u00f6rskoleverksamheter ska f\u00f6lja, dokumentera och analysera varje barns utveckling och l\u00e4rande p\u00e5 ett systematiserat och kontinuerligt s\u00e4tt. Detta finns reglerat i <a href=\"https:\/\/www.skolverket.se\/download\/18.6bfaca41169863e6a65d5aa\/1553968116077\/pdf4001.pdf\">l\u00e4roplanen f\u00f6r f\u00f6rskolan (Lpf\u00f6 18)<\/a> och \u00e4r viktigt inte minst f\u00f6r att pedagoger ska kunna uppt\u00e4cka om ett barn far illa. Skolverket ger tydliga riktlinjer om <a href=\"https:\/\/www.skolverket.se\/skolutveckling\/inspiration-och-stod-i-arbetet\/stod-i-arbetet\/dokumentation-i-forskolan\">hur verksamheten ska dokumentera<\/a> varje barns utveckling och l\u00e4rande.<\/p>\n\n<\/section>\n\n\n<section class=\"ArticleSection \">\n      <h2 class=\"ArticleSection-title\" id=\"barnkonventionen\">\n      Barnkonventionen    <\/h2>\n    \n\n<p>Den 1 januari 2020 b\u00f6rjade <a href=\"https:\/\/unicef.se\/barnkonventionen\/las-texten\">barnkonventionen<\/a> g\u00e4lla som lag i Sverige. Lagen sl\u00e5r fast att barn \u00e4r individer med egna r\u00e4ttigheter och intressen, och att alla barn oavsett bakgrund ska behandlas med respekt och har r\u00e4tt att f\u00e5 komma till tals. Barnkonventionen g\u00e4ller alla barn i hela v\u00e4rlden vilket betyder att beslut ska tas och \u00e5tg\u00e4rder genomf\u00f6ras utifr\u00e5n barnets b\u00e4sta. Det \u00e4r statens ansvar att skydda barnet. Myndigheter, r\u00e4ttsv\u00e4sende och beslutsfattare m\u00e5ste arbeta r\u00e4ttighetsbaserat. Det inneb\u00e4r att de m\u00e5ste ha strategier i bed\u00f6mning, \u00e4rende och beslut f\u00f6r att genomf\u00f6ra FN:s konvention om barns r\u00e4ttigheter. Barns r\u00e4ttigheter ska ocks\u00e5 vara v\u00e4gledande i v\u00e5rt yrkesprofessionella f\u00f6rh\u00e5llningss\u00e4tt n\u00e4r vi m\u00f6ter och arbetar med barn.<\/p>\n\n\n\n<p>I Sverige \u00e4r barnkonventionens artiklar 1\u201342 inkorporerade i den svenska lagstiftningen och har samma status som andra lagar. Staten, regioner och kommuner har till uppgift att s\u00e4kerst\u00e4lla att barns r\u00e4ttigheter f\u00f6ljs enligt barnkonventionen.<\/p>\n\n<\/section>\n\n\n<section class=\"ArticleSection \">\n      <h2 class=\"ArticleSection-title\" id=\"foraldrabalken\">\n      F\u00f6r\u00e4ldrabalken    <\/h2>\n    \n\n<p><a rel=\"noreferrer noopener\" href=\"https:\/\/www.riksdagen.se\/sv\/dokument-lagar\/dokument\/svensk-forfattningssamling\/foraldrabalk-1949381_sfs-1949-381\" target=\"_blank\"><strong>F\u00f6r\u00e4ldrabalken<\/strong><\/a>\u00a0 handlar b\u00e5de om barns r\u00e4ttigheter och de skyldigheter som f\u00f6r\u00e4ldrar har mot sina barn. Sverige var f\u00f6rst i v\u00e4rlden med att \u00e5r 1979 f\u00f6rbjuda all fysisk bestraffning och annan kr\u00e4nkande behandling av barn. Detta lagstiftades i f\u00f6r\u00e4ldrabalken, d\u00e4r det st\u00e5r att barnet ska behandlas med aktning f\u00f6r sin egenart och person, och inte f\u00e5r uts\u00e4ttas f\u00f6r kroppslig bestraffning eller annan kr\u00e4nkande behandling. Agaf\u00f6rbudet understryker att f\u00f6r\u00e4ldrar aldrig f\u00e5r anv\u00e4nda v\u00e5ld i barnets fostran. F\u00f6r\u00e4ldrabalken \u00e4r inte straffr\u00e4ttslig, vilket betyder att en f\u00f6r\u00e4lder inte kan d\u00f6mas f\u00f6r att ha brutit mot agaf\u00f6rbudet. D\u00e4remot \u00e4r misshandel ett brott med en straffr\u00e4ttslig sanktion.<\/p>\n\n<\/section>\n\n\n<section class=\"ArticleSection \">\n      <h2 class=\"ArticleSection-title\" id=\"socialtjanstlagen-sol\">\n      Socialtj\u00e4nstlagen (SoL)    <\/h2>\n    \n\n<p>I <a href=\"https:\/\/www.riksdagen.se\/sv\/dokument-lagar\/dokument\/svensk-forfattningssamling\/socialtjanstlag-2001453_sfs-2001-453\">socialtj\u00e4nstlagen<\/a> regleras f\u00f6rskolans ansvar att uppt\u00e4cka och agera i samband med v\u00e5ld genom den s\u00e5 kallade anm\u00e4lningsplikten. Anm\u00e4lningsplikten inneb\u00e4r att du som \u00e4r anst\u00e4lld i f\u00f6rskolan eller skolan \u00e4r skyldig att anm\u00e4la oro till socialtj\u00e4nsten om du misst\u00e4nker eller f\u00e5r veta att ett barn far illa.<\/p>\n\n\n<aside class='Box Box--fact '>\n            <h3 class=\"Box-title\">\n            ur Socialtj\u00e4nstlagen (SoL):        <\/h3>\n        \n\n<p><strong>14 kap. Anm\u00e4lan om och avhj\u00e4lpande av missf\u00f6rh\u00e5llanden m.m.<\/strong><\/p>\n\n\n\n<p><strong>1 \u00a7<\/strong>&nbsp;&nbsp;&nbsp;F\u00f6ljande myndigheter och yrkesverksamma \u00e4r skyldiga att genast anm\u00e4la till socialn\u00e4mnden om de i sin verksamhet f\u00e5r k\u00e4nnedom om eller misst\u00e4nker att ett barn far illa:<br>&nbsp;&nbsp;&nbsp;1. myndigheter vars verksamhet ber\u00f6r barn och unga,<br>&nbsp;&nbsp;&nbsp;2. andra myndigheter inom h\u00e4lso- och sjukv\u00e5rden, annan r\u00e4ttspsykiatrisk unders\u00f6kningsverksamhet, socialtj\u00e4nsten, Kriminalv\u00e5rden, Polismyndigheten och S\u00e4kerhetspolisen,<br>&nbsp;&nbsp;&nbsp;3. anst\u00e4llda hos s\u00e5dana myndigheter som avses i 1 och 2, och<br>&nbsp;&nbsp;&nbsp;4. de som \u00e4r verksamma inom yrkesm\u00e4ssigt bedriven enskild verksamhet och fullg\u00f6r uppgifter som ber\u00f6r barn och unga eller inom annan s\u00e5dan verksamhet inom h\u00e4lso- och sjukv\u00e5rden eller p\u00e5 socialtj\u00e4nstens omr\u00e5de.<\/p>\n\n\n\n<p>\/&#8212;\/<\/p>\n\n\n\n<p>Myndigheter, befattningshavare och yrkesverksamma som anges i f\u00f6rsta stycket \u00e4r skyldiga att l\u00e4mna socialn\u00e4mnden alla uppgifter som kan vara av betydelse f\u00f6r utredning av ett barns behov av st\u00f6d och skydd.<\/p>\n\n\n\n<p><strong>1 a \u00a7<\/strong>&nbsp;&nbsp;&nbsp;Socialn\u00e4mnden b\u00f6r erbjuda barnet, v\u00e5rdnadshavaren och den som gjort anm\u00e4lan enligt 1 \u00a7 ett m\u00f6te om det med h\u00e4nsyn till barnets b\u00e4sta \u00e4r l\u00e4mpligt.&nbsp;<em>Lag (2012:776)<\/em>.<\/p>\n\n\n\n<p><strong>1 b \u00a7<\/strong>&nbsp;&nbsp;&nbsp;Socialn\u00e4mnden f\u00e5r informera den som gjort anm\u00e4lan enligt 1 \u00a7 om att utredning har inletts, inte har inletts eller redan p\u00e5g\u00e5r. S\u00e5dan information ska p\u00e5 beg\u00e4ran l\u00e4mnas till anm\u00e4laren om det med h\u00e4nsyn till omst\u00e4ndigheterna inte \u00e4r ol\u00e4mpligt att g\u00f6ra detta.&nbsp;<em>Lag (2012:776)<\/em>.<\/p>\n\n\n\n<p><strong>1 c \u00a7<\/strong>&nbsp;&nbsp;&nbsp;Var och en som f\u00e5r k\u00e4nnedom om eller misst\u00e4nker att ett barn far illa b\u00f6r anm\u00e4la detta till socialn\u00e4mnden.<br><em>Lag (2012:776)<\/em><\/p>\n\n<\/aside>\n\n\n\n<h3 class=\"wp-block-heading\">Samverkan runt ett barn som far illa<\/h3>\n\n\n\n<p>I socialtj\u00e4nstlagen st\u00e5r det ocks\u00e5 inskrivet att myndigheter har ansvar f\u00f6r att samverka n\u00e4r barn far illa. Samverkan \u00e4r viktig f\u00f6r att bygga upp ett skydd och en milj\u00f6 d\u00e4r barnet kan f\u00e5 trygghet och m\u00f6jlighet till rehabilitering. Ytterst \u00e4r det socialn\u00e4mndens ansvar att samverkan kommer till st\u00e5nd \u2013 de ska aktivt arbeta f\u00f6r samverkan enligt socialtj\u00e4nstlagen.\u00a0<\/p>\n\n<\/section>\n\n\n<section class=\"ArticleSection \">\n      <h2 class=\"ArticleSection-title\" id=\"halso-och-sjukvardslagen\">\n      H\u00e4lso- och sjukv\u00e5rdslagen    <\/h2>\n    \n\n<p>I\u00a0<a rel=\"noreferrer noopener\" href=\"https:\/\/www.riksdagen.se\/sv\/dokument-lagar\/dokument\/svensk-forfattningssamling\/halso--och-sjukvardslag_sfs-2017-30\" target=\"_blank\"><strong>h\u00e4lso- och sjukv\u00e5rdslagen<\/strong><\/a>\u00a0ing\u00e5r att f\u00f6rebygga, utreda och behandla sjukdomar och skador som uppst\u00e5tt i samband med att barn har blivit utsatta f\u00f6r v\u00e5ld och andra \u00f6vergrepp. Verksamheter som BVC och BUP regleras av HLS. \u00a0Hur h\u00e4lso- och sjukv\u00e5rdslagen ska till\u00e4mpas n\u00e4r det r\u00f6r fr\u00e5gor om v\u00e5ld mot barn och unga inom h\u00e4lso- och sjukv\u00e5rdens och tandv\u00e5rdens verksamheter regleras i\u00a0<em>Socialstyrelsens f\u00f6reskrifter och allm\u00e4nna r\u00e5d om v\u00e5ld i n\u00e4ra relationer<\/em>\u00a0(HSLF-FS 2022:39)<\/p>\n\n<\/section>\n\n\n<section class=\"ArticleSection \">\n      <h2 class=\"ArticleSection-title\" id=\"offentlighet-och-sekretesslagen\">\n      Offentlighet- och sekretesslagen    <\/h2>\n    \n\n<p>N\u00e4r det g\u00e4ller sekretess och tystnadsplikt handlar<a href=\"https:\/\/www.riksdagen.se\/sv\/dokument-lagar\/dokument\/svensk-forfattningssamling\/offentlighets--och-sekretesslag-2009400_sfs-2009-400\"> lagen<\/a> ytterst om att v\u00e4rna vissa intressen och att enskilda inte kommer till skada, till exempel den personliga integriteten. Alla som arbetar i f\u00f6rskolan har sekretess. Det inneb\u00e4r att pedagoger inte f\u00e5r f\u00f6ra vidare uppgifter om barnet och dess familj som kan vara k\u00e4nslig och personlig, och som kan leda till skada om de sprids.<\/p>\n\n\n\n<p>I f\u00f6rskolan omfattas olika yrkesgrupper av olika sekretessregler, exempelvis g\u00e4ller olika regler f\u00f6r pedagoger och exempelvis f\u00f6rskolepsykologer. F\u00f6r pedagoger r\u00e5der en l\u00e4gre sekretessniv\u00e5. De f\u00e5r f\u00f6ra diskussioner om ett barn och dela information som r\u00f6r ett barn inom den egna arbetsgruppen.&nbsp;<\/p>\n\n<\/section>\n\n\n<section class=\"ArticleSection \">\n      <h2 class=\"ArticleSection-title\" id=\"brottsbalken\">\n      Brottsbalken    <\/h2>\n    \n\n<p><a href=\"https:\/\/www.riksdagen.se\/sv\/dokument-lagar\/dokument\/svensk-forfattningssamling\/brottsbalk-1962700_sfs-1962-700\" target=\"_blank\" rel=\"noreferrer noopener\"><strong>Brottsbalken<\/strong><\/a>&nbsp;\u00e4r en central straffr\u00e4ttslig lag i Sverige som reglerar vad en brottslig handling \u00e4r och vilka p\u00e5f\u00f6ljder (straff) olika brottstyper kan f\u00e5. &nbsp;I brottsbalken definieras misshandel s\u00e5 h\u00e4r: \u201d\u2026som tillfogar en annan person kroppsskada, sjukdom eller sm\u00e4rta eller f\u00f6rs\u00e4tter honom eller henne i vanmakt eller n\u00e5got annat s\u00e5dant tillst\u00e5nd\u2026\u201d (3 kap. 5 \u00a7).<\/p>\n\n\n\n<p>V\u00e5ld mot barn ryms ocks\u00e5 inom andra brottskategorier s\u00e5som sexualbrott mot barn, hedersf\u00f6rtryck, k\u00f6nsstympning, fridsbrott och barnfridsbrott. \u00a0\u00a0\u00a0<\/p>\n\n\n\n<h3 class=\"wp-block-heading\">Barnfridsbrott<\/h3>\n\n\n\n<p>Den 1 juli 2021 inf\u00f6rdes\u00a0<a rel=\"noreferrer noopener\" href=\"https:\/\/www.riksdagen.se\/sv\/dokument-lagar\/dokument\/svensk-forfattningssamling\/brottsbalk-1962700_sfs-1962-700#K4\" target=\"_blank\"><strong>barnfridsbrott<\/strong><\/a>\u00a0som en egen del i brottsbalken. Syftet med den lagen \u00e4r att st\u00e4rka det straffr\u00e4ttsliga skyddet f\u00f6r barn som har bevittnat v\u00e5ld i n\u00e4ra relation.<\/p>\n\n<\/section>\n\n\n<section class=\"ArticleSection \">\n      <h2 class=\"ArticleSection-title\" id=\"skyddade-personuppgifter-och-skyddad-identitet\">\n      Skyddade personuppgifter och skyddad identitet    <\/h2>\n    \n\n<p>F\u00f6rskolan kan i vissa fall beh\u00f6va ta h\u00e4nsyn till att ett barn \u00e4r utsatt f\u00f6r personf\u00f6rf\u00f6ljelse eller hot, till exempel om en omsorgsperson ut\u00f6var v\u00e5ld mot den andra omsorgspersonen. Barn som lever under hot kan ha r\u00e4tt till att f\u00e5 <a href=\"https:\/\/www.skatteverket.se\/privat\/folkbokforing\/skyddadepersonuppgifter.4.18e1b10334ebe8bc80001711.html\">skyddade personuppgifter<\/a>, eller skyddad identitet som det ocks\u00e5 kallas. Det \u00e4r antingen Skatteverket eller polisen som tillhandh\u00e5ller skyddade personuppgifter men oftast \u00e4r \u00e4ven socialtj\u00e4nsten involverad i \u00e4rendet.<\/p>\n\n\n\n<p>P\u00e5 f\u00f6rskolan \u00e4r det rektorn som har r\u00e4tt att f\u00e5 information om barn som har skyddade personuppgifter. Det kan i vissa fall inneb\u00e4ra att pedagoger endast vet att barnet lever under skyddad identitet, men inte varf\u00f6r eller vem som hotar barnet. Det kan ocks\u00e5 handla om att den omsorgsperson som ut\u00f6var v\u00e5ld har kontaktf\u00f6rbud, det vill s\u00e4ga inte har till\u00e5telse att kontakta eller p\u00e5 n\u00e5got annat s\u00e4tt n\u00e4rma sig barnet och den v\u00e5ldsutsatta omsorgspersonen.<\/p>\n\n<\/section>\n","protected":false},"excerpt":{"rendered":"<p>Det \u00e4r skollagen som reglerar f\u00f6rskolans verksamhet, men det finns flera andra lagar som omfattar v\u00e5ld mot barn och som \u00e4r viktiga att k\u00e4nna till f\u00f6r dig som \u00e4r anst\u00e4lld inom f\u00f6rskolan. F\u00f6rutom barnkonventionen \u00e4r det socialtj\u00e4nstlagen, brottsbalken, f\u00f6r\u00e4ldrabalken och offentlighets- och sekretesslagen som p\u00e5 olika s\u00e4tt kan kopplas till f\u00f6rskolans ansvar f\u00f6r barn som [&hellip;]<\/p>\n","protected":false},"author":10518,"featured_media":0,"parent":0,"menu_order":0,"comment_status":"closed","ping_status":"closed","template":"page-centered.php","meta":{"h5ap_radio_sources":[],"footnotes":""},"role":[],"class_list":["post-7283","page","type-page","status-publish","hentry"],"yoast_head":"<!-- This site is optimized with the Yoast SEO plugin v27.4 - https:\/\/yoast.com\/product\/yoast-seo-wordpress\/ -->\n<title>Lagstiftning f\u00f6r f\u00f6rskolan som omfattar v\u00e5ld mot barn - Barnafrid<\/title>\n<meta name=\"robots\" content=\"index, follow, max-snippet:-1, max-image-preview:large, max-video-preview:-1\" \/>\n<link rel=\"canonical\" href=\"https:\/\/barnafrid.se\/kunskapsportal\/lagstiftning-for-forskolan-som-omfattar-vald-mot-barn\/\" \/>\n<meta property=\"og:locale\" content=\"sv_SE\" \/>\n<meta property=\"og:type\" content=\"article\" \/>\n<meta property=\"og:title\" content=\"Lagstiftning f\u00f6r f\u00f6rskolan som omfattar v\u00e5ld mot barn - Barnafrid\" \/>\n<meta property=\"og:description\" content=\"Det \u00e4r skollagen som reglerar f\u00f6rskolans verksamhet, men det finns flera andra lagar som omfattar v\u00e5ld mot barn och som \u00e4r viktiga att k\u00e4nna till f\u00f6r dig som \u00e4r anst\u00e4lld inom f\u00f6rskolan. F\u00f6rutom barnkonventionen \u00e4r det socialtj\u00e4nstlagen, brottsbalken, f\u00f6r\u00e4ldrabalken och offentlighets- och sekretesslagen som p\u00e5 olika s\u00e4tt kan kopplas till f\u00f6rskolans ansvar f\u00f6r barn som [&hellip;]\" \/>\n<meta property=\"og:url\" content=\"https:\/\/barnafrid.se\/kunskapsportal\/lagstiftning-for-forskolan-som-omfattar-vald-mot-barn\/\" \/>\n<meta property=\"og:site_name\" content=\"Barnafrid\" \/>\n<meta name=\"twitter:card\" content=\"summary_large_image\" \/>\n<meta name=\"twitter:label1\" content=\"Ber\u00e4knad l\u00e4stid\" \/>\n\t<meta name=\"twitter:data1\" content=\"8 minuter\" \/>\n<script type=\"application\/ld+json\" class=\"yoast-schema-graph\">{\"@context\":\"https:\\\/\\\/schema.org\",\"@graph\":[{\"@type\":\"WebPage\",\"@id\":\"https:\\\/\\\/barnafrid.se\\\/kunskapsportal\\\/lagstiftning-for-forskolan-som-omfattar-vald-mot-barn\\\/\",\"url\":\"https:\\\/\\\/barnafrid.se\\\/kunskapsportal\\\/lagstiftning-for-forskolan-som-omfattar-vald-mot-barn\\\/\",\"name\":\"Lagstiftning f\u00f6r f\u00f6rskolan som omfattar v\u00e5ld mot barn - Barnafrid\",\"isPartOf\":{\"@id\":\"https:\\\/\\\/barnafrid.se\\\/kunskapsportal\\\/#website\"},\"datePublished\":\"2023-02-10T07:11:52+00:00\",\"breadcrumb\":{\"@id\":\"https:\\\/\\\/barnafrid.se\\\/kunskapsportal\\\/lagstiftning-for-forskolan-som-omfattar-vald-mot-barn\\\/#breadcrumb\"},\"inLanguage\":\"sv-SE\",\"potentialAction\":[{\"@type\":\"ReadAction\",\"target\":[\"https:\\\/\\\/barnafrid.se\\\/kunskapsportal\\\/lagstiftning-for-forskolan-som-omfattar-vald-mot-barn\\\/\"]}]},{\"@type\":\"BreadcrumbList\",\"@id\":\"https:\\\/\\\/barnafrid.se\\\/kunskapsportal\\\/lagstiftning-for-forskolan-som-omfattar-vald-mot-barn\\\/#breadcrumb\",\"itemListElement\":[{\"@type\":\"ListItem\",\"position\":1,\"name\":\"Home\",\"item\":\"https:\\\/\\\/barnafrid.se\\\/kunskapsportal\\\/\"},{\"@type\":\"ListItem\",\"position\":2,\"name\":\"Lagstiftning f\u00f6r f\u00f6rskolan som omfattar v\u00e5ld mot barn\"}]},{\"@type\":\"WebSite\",\"@id\":\"https:\\\/\\\/barnafrid.se\\\/kunskapsportal\\\/#website\",\"url\":\"https:\\\/\\\/barnafrid.se\\\/kunskapsportal\\\/\",\"name\":\"Barnafrid\",\"description\":\"Kunskapsportal om v\u00e5ld mot barn\",\"potentialAction\":[{\"@type\":\"SearchAction\",\"target\":{\"@type\":\"EntryPoint\",\"urlTemplate\":\"https:\\\/\\\/barnafrid.se\\\/kunskapsportal\\\/?s={search_term_string}\"},\"query-input\":{\"@type\":\"PropertyValueSpecification\",\"valueRequired\":true,\"valueName\":\"search_term_string\"}}],\"inLanguage\":\"sv-SE\"}]}<\/script>\n<!-- \/ Yoast SEO plugin. -->","yoast_head_json":{"title":"Lagstiftning f\u00f6r f\u00f6rskolan som omfattar v\u00e5ld mot barn - Barnafrid","robots":{"index":"index","follow":"follow","max-snippet":"max-snippet:-1","max-image-preview":"max-image-preview:large","max-video-preview":"max-video-preview:-1"},"canonical":"https:\/\/barnafrid.se\/kunskapsportal\/lagstiftning-for-forskolan-som-omfattar-vald-mot-barn\/","og_locale":"sv_SE","og_type":"article","og_title":"Lagstiftning f\u00f6r f\u00f6rskolan som omfattar v\u00e5ld mot barn - Barnafrid","og_description":"Det \u00e4r skollagen som reglerar f\u00f6rskolans verksamhet, men det finns flera andra lagar som omfattar v\u00e5ld mot barn och som \u00e4r viktiga att k\u00e4nna till f\u00f6r dig som \u00e4r anst\u00e4lld inom f\u00f6rskolan. F\u00f6rutom barnkonventionen \u00e4r det socialtj\u00e4nstlagen, brottsbalken, f\u00f6r\u00e4ldrabalken och offentlighets- och sekretesslagen som p\u00e5 olika s\u00e4tt kan kopplas till f\u00f6rskolans ansvar f\u00f6r barn som [&hellip;]","og_url":"https:\/\/barnafrid.se\/kunskapsportal\/lagstiftning-for-forskolan-som-omfattar-vald-mot-barn\/","og_site_name":"Barnafrid","twitter_card":"summary_large_image","twitter_misc":{"Ber\u00e4knad l\u00e4stid":"8 minuter"},"schema":{"@context":"https:\/\/schema.org","@graph":[{"@type":"WebPage","@id":"https:\/\/barnafrid.se\/kunskapsportal\/lagstiftning-for-forskolan-som-omfattar-vald-mot-barn\/","url":"https:\/\/barnafrid.se\/kunskapsportal\/lagstiftning-for-forskolan-som-omfattar-vald-mot-barn\/","name":"Lagstiftning f\u00f6r f\u00f6rskolan som omfattar v\u00e5ld mot barn - Barnafrid","isPartOf":{"@id":"https:\/\/barnafrid.se\/kunskapsportal\/#website"},"datePublished":"2023-02-10T07:11:52+00:00","breadcrumb":{"@id":"https:\/\/barnafrid.se\/kunskapsportal\/lagstiftning-for-forskolan-som-omfattar-vald-mot-barn\/#breadcrumb"},"inLanguage":"sv-SE","potentialAction":[{"@type":"ReadAction","target":["https:\/\/barnafrid.se\/kunskapsportal\/lagstiftning-for-forskolan-som-omfattar-vald-mot-barn\/"]}]},{"@type":"BreadcrumbList","@id":"https:\/\/barnafrid.se\/kunskapsportal\/lagstiftning-for-forskolan-som-omfattar-vald-mot-barn\/#breadcrumb","itemListElement":[{"@type":"ListItem","position":1,"name":"Home","item":"https:\/\/barnafrid.se\/kunskapsportal\/"},{"@type":"ListItem","position":2,"name":"Lagstiftning f\u00f6r f\u00f6rskolan som omfattar v\u00e5ld mot barn"}]},{"@type":"WebSite","@id":"https:\/\/barnafrid.se\/kunskapsportal\/#website","url":"https:\/\/barnafrid.se\/kunskapsportal\/","name":"Barnafrid","description":"Kunskapsportal om v\u00e5ld mot barn","potentialAction":[{"@type":"SearchAction","target":{"@type":"EntryPoint","urlTemplate":"https:\/\/barnafrid.se\/kunskapsportal\/?s={search_term_string}"},"query-input":{"@type":"PropertyValueSpecification","valueRequired":true,"valueName":"search_term_string"}}],"inLanguage":"sv-SE"}]}},"_links":{"self":[{"href":"https:\/\/barnafrid.se\/kunskapsportal\/wp-json\/wp\/v2\/pages\/7283","targetHints":{"allow":["GET"]}}],"collection":[{"href":"https:\/\/barnafrid.se\/kunskapsportal\/wp-json\/wp\/v2\/pages"}],"about":[{"href":"https:\/\/barnafrid.se\/kunskapsportal\/wp-json\/wp\/v2\/types\/page"}],"author":[{"embeddable":true,"href":"https:\/\/barnafrid.se\/kunskapsportal\/wp-json\/wp\/v2\/users\/10518"}],"replies":[{"embeddable":true,"href":"https:\/\/barnafrid.se\/kunskapsportal\/wp-json\/wp\/v2\/comments?post=7283"}],"version-history":[{"count":3,"href":"https:\/\/barnafrid.se\/kunskapsportal\/wp-json\/wp\/v2\/pages\/7283\/revisions"}],"predecessor-version":[{"id":7286,"href":"https:\/\/barnafrid.se\/kunskapsportal\/wp-json\/wp\/v2\/pages\/7283\/revisions\/7286"}],"wp:attachment":[{"href":"https:\/\/barnafrid.se\/kunskapsportal\/wp-json\/wp\/v2\/media?parent=7283"}],"wp:term":[{"taxonomy":"role","embeddable":true,"href":"https:\/\/barnafrid.se\/kunskapsportal\/wp-json\/wp\/v2\/role?post=7283"}],"curies":[{"name":"wp","href":"https:\/\/api.w.org\/{rel}","templated":true}]}}