{"id":7204,"date":"2023-02-13T14:11:50","date_gmt":"2023-02-13T13:11:50","guid":{"rendered":"https:\/\/barnafrid.se\/kunskapsportal\/?page_id=7204"},"modified":"2025-10-03T15:48:46","modified_gmt":"2025-10-03T13:48:46","slug":"inlasningsmaterial","status":"publish","type":"page","link":"https:\/\/barnafrid.se\/kunskapsportal\/inlasningsmaterial\/","title":{"rendered":"Inl\u00e4sningsmaterial f\u00f6r Fallet Sara"},"content":{"rendered":"","protected":true},"excerpt":{"rendered":"","protected":true},"author":11588,"featured_media":0,"parent":0,"menu_order":0,"comment_status":"closed","ping_status":"closed","template":"","meta":{"h5ap_radio_sources":[],"footnotes":""},"role":[],"class_list":["post-7204","page","type-page","status-publish","post-password-required","hentry"],"yoast_head":"<!-- This site is optimized with the Yoast SEO plugin v27.5 - https:\/\/yoast.com\/product\/yoast-seo-wordpress\/ -->\n<title>Inl\u00e4sningsmaterial f\u00f6r Fallet Sara - Barnafrid<\/title>\n<meta name=\"robots\" content=\"index, follow, max-snippet:-1, max-image-preview:large, max-video-preview:-1\" \/>\n<link rel=\"canonical\" href=\"https:\/\/barnafrid.se\/kunskapsportal\/inlasningsmaterial\/\" \/>\n<meta property=\"og:locale\" content=\"sv_SE\" \/>\n<meta property=\"og:type\" content=\"article\" \/>\n<meta property=\"og:title\" content=\"Inl\u00e4sningsmaterial f\u00f6r Fallet Sara - Barnafrid\" \/>\n<meta property=\"og:description\" content=\"Det finns inget utdrag eftersom detta \u00e4r ett skyddat inl\u00e4gg.\" \/>\n<meta property=\"og:url\" content=\"https:\/\/barnafrid.se\/kunskapsportal\/inlasningsmaterial\/\" \/>\n<meta property=\"og:site_name\" content=\"Barnafrid\" \/>\n<meta property=\"article:modified_time\" content=\"2025-10-03T13:48:46+00:00\" \/>\n<meta name=\"twitter:card\" content=\"summary_large_image\" \/>\n<meta name=\"twitter:label1\" content=\"Ber\u00e4knad l\u00e4stid\" \/>\n\t<meta name=\"twitter:data1\" content=\"1 minut\" \/>\n<script type=\"application\/ld+json\" class=\"yoast-schema-graph\">{\"@context\":\"https:\\\/\\\/schema.org\",\"@graph\":[{\"@type\":\"WebPage\",\"@id\":\"https:\\\/\\\/barnafrid.se\\\/kunskapsportal\\\/inlasningsmaterial\\\/\",\"url\":\"https:\\\/\\\/barnafrid.se\\\/kunskapsportal\\\/inlasningsmaterial\\\/\",\"name\":\"Inl\u00e4sningsmaterial f\u00f6r Fallet Sara - Barnafrid\",\"isPartOf\":{\"@id\":\"https:\\\/\\\/barnafrid.se\\\/kunskapsportal\\\/#website\"},\"datePublished\":\"2023-02-13T13:11:50+00:00\",\"dateModified\":\"2025-10-03T13:48:46+00:00\",\"breadcrumb\":{\"@id\":\"https:\\\/\\\/barnafrid.se\\\/kunskapsportal\\\/inlasningsmaterial\\\/#breadcrumb\"},\"inLanguage\":\"sv-SE\"},{\"@type\":\"WebSite\",\"@id\":\"https:\\\/\\\/barnafrid.se\\\/kunskapsportal\\\/#website\",\"url\":\"https:\\\/\\\/barnafrid.se\\\/kunskapsportal\\\/\",\"name\":\"Barnafrid\",\"description\":\"Kunskapsportal om v\u00e5ld mot barn\",\"potentialAction\":[{\"@type\":\"SearchAction\",\"target\":{\"@type\":\"EntryPoint\",\"urlTemplate\":\"https:\\\/\\\/barnafrid.se\\\/kunskapsportal\\\/?s={search_term_string}\"},\"query-input\":{\"@type\":\"PropertyValueSpecification\",\"valueRequired\":true,\"valueName\":\"search_term_string\"}}],\"inLanguage\":\"sv-SE\"}]}<\/script>\n<!-- \/ Yoast SEO plugin. -->","yoast_head_json":{"title":"Inl\u00e4sningsmaterial f\u00f6r Fallet Sara - Barnafrid","robots":{"index":"index","follow":"follow","max-snippet":"max-snippet:-1","max-image-preview":"max-image-preview:large","max-video-preview":"max-video-preview:-1"},"canonical":"https:\/\/barnafrid.se\/kunskapsportal\/inlasningsmaterial\/","og_locale":"sv_SE","og_type":"article","og_title":"Inl\u00e4sningsmaterial f\u00f6r Fallet Sara - Barnafrid","og_description":"Det finns inget utdrag eftersom detta \u00e4r ett skyddat inl\u00e4gg.","og_url":"https:\/\/barnafrid.se\/kunskapsportal\/inlasningsmaterial\/","og_site_name":"Barnafrid","article_modified_time":"2025-10-03T13:48:46+00:00","twitter_card":"summary_large_image","twitter_misc":{"Ber\u00e4knad l\u00e4stid":"1 minut"},"schema":{"@context":"https:\/\/schema.org","@graph":[{"@type":"WebPage","@id":"https:\/\/barnafrid.se\/kunskapsportal\/inlasningsmaterial\/","url":"https:\/\/barnafrid.se\/kunskapsportal\/inlasningsmaterial\/","name":"Inl\u00e4sningsmaterial f\u00f6r Fallet Sara - Barnafrid","isPartOf":{"@id":"https:\/\/barnafrid.se\/kunskapsportal\/#website"},"datePublished":"2023-02-13T13:11:50+00:00","dateModified":"2025-10-03T13:48:46+00:00","breadcrumb":{"@id":"https:\/\/barnafrid.se\/kunskapsportal\/inlasningsmaterial\/#breadcrumb"},"inLanguage":"sv-SE"},{"@type":"WebSite","@id":"https:\/\/barnafrid.se\/kunskapsportal\/#website","url":"https:\/\/barnafrid.se\/kunskapsportal\/","name":"Barnafrid","description":"Kunskapsportal om v\u00e5ld mot barn","potentialAction":[{"@type":"SearchAction","target":{"@type":"EntryPoint","urlTemplate":"https:\/\/barnafrid.se\/kunskapsportal\/?s={search_term_string}"},"query-input":{"@type":"PropertyValueSpecification","valueRequired":true,"valueName":"search_term_string"}}],"inLanguage":"sv-SE"}]}},"_links":{"self":[{"href":"https:\/\/barnafrid.se\/kunskapsportal\/wp-json\/wp\/v2\/pages\/7204","targetHints":{"allow":["GET"]}}],"collection":[{"href":"https:\/\/barnafrid.se\/kunskapsportal\/wp-json\/wp\/v2\/pages"}],"about":[{"href":"https:\/\/barnafrid.se\/kunskapsportal\/wp-json\/wp\/v2\/types\/page"}],"author":[{"embeddable":true,"href":"https:\/\/barnafrid.se\/kunskapsportal\/wp-json\/wp\/v2\/users\/11588"}],"replies":[{"embeddable":true,"href":"https:\/\/barnafrid.se\/kunskapsportal\/wp-json\/wp\/v2\/comments?post=7204"}],"version-history":[{"count":113,"href":"https:\/\/barnafrid.se\/kunskapsportal\/wp-json\/wp\/v2\/pages\/7204\/revisions"}],"predecessor-version":[{"id":16915,"href":"https:\/\/barnafrid.se\/kunskapsportal\/wp-json\/wp\/v2\/pages\/7204\/revisions\/16915"}],"wp:attachment":[{"href":"https:\/\/barnafrid.se\/kunskapsportal\/wp-json\/wp\/v2\/media?parent=7204"}],"wp:term":[{"taxonomy":"role","embeddable":true,"href":"https:\/\/barnafrid.se\/kunskapsportal\/wp-json\/wp\/v2\/role?post=7204"}],"curies":[{"name":"wp","href":"https:\/\/api.w.org\/{rel}","templated":true}]}}