{"id":6615,"date":"2022-11-08T08:46:01","date_gmt":"2022-11-08T07:46:01","guid":{"rendered":"https:\/\/barnafrid.se\/kunskapsportal\/?page_id=6615"},"modified":"2022-11-08T08:46:01","modified_gmt":"2022-11-08T07:46:01","slug":"re-lansering-av-barnafrids-basprogram-om-vald-mot-barn","status":"publish","type":"page","link":"https:\/\/barnafrid.se\/kunskapsportal\/re-lansering-av-barnafrids-basprogram-om-vald-mot-barn\/","title":{"rendered":"Re-lansering av Barnafrids Basprogram om v\u00e5ld mot barn"},"content":{"rendered":"<div class='Lead'>\n    <p>Den 29 september lanserades en uppdatering av Barnafrids Basprogram om v\u00e5ld mot barn och unga. F\u00f6r att uppm\u00e4rksamma detta gav Barnafrid f\u00f6rel\u00e4sningar p\u00e5 temat v\u00e5ld mot barn utifr\u00e5n olika perspektiv. <\/p><\/div>\n\n\n<div class=\"Videos\">\n        <div class=\"Video Video--original Video--visible\">\n        \n        <figure class=\"VideoPlayer\">\n            <div class=\"VideoPlayer-video VideoPlayer-video--aspect16_9 VideoPlayer-video--hasAspectRatio\">\n                <iframe loading=\"lazy\"\n                    title=\"Video\"\n                    src=\"https:\/\/player.vimeo.com\/video\/768125106?dnt=1&#038;app_id=122963\"\n                    width=\"500\"\n                    height=\"281\"\n                    frameborder=\"0\"\n                    allow=\"autoplay; fullscreen\"\n                    allowfullscreen\n                ><\/iframe>\n            <\/div>\n        <\/figure>\n            <\/div>\n    \n    \n    \n    <div class=\"VideosVersions\">\n        \n            <\/div>\n<\/div>\n\n\n\n<h2 class=\"wp-block-heading\">Inneh\u00e5ll<\/h2>\n\n\n\n<p><strong>V\u00e4lkomna! Uppdaterat Basprogram om v\u00e5ld mot barn och unga<\/strong><br><em>Ann-Charlotte M\u00fcnger, Barnafrid<\/em><\/p>\n\n\n\n<p><strong>F\u00f6rskolan och skolan som arena f\u00f6r att uppt\u00e4cka barn och unga som \u00e4r utsatta f\u00f6r v\u00e5ld<\/strong><br><em>Hanna Antonsson och Maria Lindersson, Barnafrid<\/em><\/p>\n\n\n\n<p><strong>Krisreaktioner hos barn och unga efter trauma -vilka anpassningar av krisst\u00f6d beh\u00f6vs?<\/strong><br><em>Poa Samuelberg, Barnafrid<\/em><\/p>\n\n\n\n<p><strong>Vikten av ett barnr\u00e4ttsperspektiv i skyddat boende<\/strong><br><em>Natalie S\u00f6derlind, Barnafrid<\/em><\/p>\n\n\n\n<p><strong>Samverkan -utmaning i praktiken<\/strong><br><em>Maria Johansson, Barnafrid<\/em><\/p>\n\n\n\n<p><strong>\u00c5ret som g\u00e5tt -n\u00e4r barnfridsbrottet blev lag<\/strong><br><em>Sandra Skoog, Barnafrid<\/em><\/p>\n\n\n\n<p><strong>F\u00f6rel\u00e4sarna svarar p\u00e5 fr\u00e5gor och avslutning<\/strong><\/p>\n","protected":false},"excerpt":{"rendered":"<p>Inneh\u00e5ll V\u00e4lkomna! Uppdaterat Basprogram om v\u00e5ld mot barn och ungaAnn-Charlotte M\u00fcnger, Barnafrid F\u00f6rskolan och skolan som arena f\u00f6r att uppt\u00e4cka barn och unga som \u00e4r utsatta f\u00f6r v\u00e5ldHanna Antonsson och Maria Lindersson, Barnafrid Krisreaktioner hos barn och unga efter trauma -vilka anpassningar av krisst\u00f6d beh\u00f6vs?Poa Samuelberg, Barnafrid Vikten av ett barnr\u00e4ttsperspektiv i skyddat boendeNatalie S\u00f6derlind, [&hellip;]<\/p>\n","protected":false},"author":10518,"featured_media":0,"parent":0,"menu_order":0,"comment_status":"closed","ping_status":"closed","template":"page-centered.php","meta":{"h5ap_radio_sources":[],"footnotes":""},"role":[],"class_list":["post-6615","page","type-page","status-publish","hentry"],"yoast_head":"<!-- This site is optimized with the Yoast SEO plugin v27.4 - https:\/\/yoast.com\/product\/yoast-seo-wordpress\/ -->\n<title>Re-lansering av Barnafrids Basprogram om v\u00e5ld mot barn - Barnafrid<\/title>\n<meta name=\"robots\" content=\"index, follow, max-snippet:-1, max-image-preview:large, max-video-preview:-1\" \/>\n<link rel=\"canonical\" href=\"https:\/\/barnafrid.se\/kunskapsportal\/re-lansering-av-barnafrids-basprogram-om-vald-mot-barn\/\" \/>\n<meta property=\"og:locale\" content=\"sv_SE\" \/>\n<meta property=\"og:type\" content=\"article\" \/>\n<meta property=\"og:title\" content=\"Re-lansering av Barnafrids Basprogram om v\u00e5ld mot barn - Barnafrid\" \/>\n<meta property=\"og:description\" content=\"Inneh\u00e5ll V\u00e4lkomna! Uppdaterat Basprogram om v\u00e5ld mot barn och ungaAnn-Charlotte M\u00fcnger, Barnafrid F\u00f6rskolan och skolan som arena f\u00f6r att uppt\u00e4cka barn och unga som \u00e4r utsatta f\u00f6r v\u00e5ldHanna Antonsson och Maria Lindersson, Barnafrid Krisreaktioner hos barn och unga efter trauma -vilka anpassningar av krisst\u00f6d beh\u00f6vs?Poa Samuelberg, Barnafrid Vikten av ett barnr\u00e4ttsperspektiv i skyddat boendeNatalie S\u00f6derlind, [&hellip;]\" \/>\n<meta property=\"og:url\" content=\"https:\/\/barnafrid.se\/kunskapsportal\/re-lansering-av-barnafrids-basprogram-om-vald-mot-barn\/\" \/>\n<meta property=\"og:site_name\" content=\"Barnafrid\" \/>\n<meta name=\"twitter:card\" content=\"summary_large_image\" \/>\n<script type=\"application\/ld+json\" class=\"yoast-schema-graph\">{\"@context\":\"https:\\\/\\\/schema.org\",\"@graph\":[{\"@type\":\"WebPage\",\"@id\":\"https:\\\/\\\/barnafrid.se\\\/kunskapsportal\\\/re-lansering-av-barnafrids-basprogram-om-vald-mot-barn\\\/\",\"url\":\"https:\\\/\\\/barnafrid.se\\\/kunskapsportal\\\/re-lansering-av-barnafrids-basprogram-om-vald-mot-barn\\\/\",\"name\":\"Re-lansering av Barnafrids Basprogram om v\u00e5ld mot barn - Barnafrid\",\"isPartOf\":{\"@id\":\"https:\\\/\\\/barnafrid.se\\\/kunskapsportal\\\/#website\"},\"datePublished\":\"2022-11-08T07:46:01+00:00\",\"breadcrumb\":{\"@id\":\"https:\\\/\\\/barnafrid.se\\\/kunskapsportal\\\/re-lansering-av-barnafrids-basprogram-om-vald-mot-barn\\\/#breadcrumb\"},\"inLanguage\":\"sv-SE\",\"potentialAction\":[{\"@type\":\"ReadAction\",\"target\":[\"https:\\\/\\\/barnafrid.se\\\/kunskapsportal\\\/re-lansering-av-barnafrids-basprogram-om-vald-mot-barn\\\/\"]}]},{\"@type\":\"BreadcrumbList\",\"@id\":\"https:\\\/\\\/barnafrid.se\\\/kunskapsportal\\\/re-lansering-av-barnafrids-basprogram-om-vald-mot-barn\\\/#breadcrumb\",\"itemListElement\":[{\"@type\":\"ListItem\",\"position\":1,\"name\":\"Home\",\"item\":\"https:\\\/\\\/barnafrid.se\\\/kunskapsportal\\\/\"},{\"@type\":\"ListItem\",\"position\":2,\"name\":\"Re-lansering av Barnafrids Basprogram om v\u00e5ld mot barn\"}]},{\"@type\":\"WebSite\",\"@id\":\"https:\\\/\\\/barnafrid.se\\\/kunskapsportal\\\/#website\",\"url\":\"https:\\\/\\\/barnafrid.se\\\/kunskapsportal\\\/\",\"name\":\"Barnafrid\",\"description\":\"Kunskapsportal om v\u00e5ld mot barn\",\"potentialAction\":[{\"@type\":\"SearchAction\",\"target\":{\"@type\":\"EntryPoint\",\"urlTemplate\":\"https:\\\/\\\/barnafrid.se\\\/kunskapsportal\\\/?s={search_term_string}\"},\"query-input\":{\"@type\":\"PropertyValueSpecification\",\"valueRequired\":true,\"valueName\":\"search_term_string\"}}],\"inLanguage\":\"sv-SE\"}]}<\/script>\n<!-- \/ Yoast SEO plugin. -->","yoast_head_json":{"title":"Re-lansering av Barnafrids Basprogram om v\u00e5ld mot barn - Barnafrid","robots":{"index":"index","follow":"follow","max-snippet":"max-snippet:-1","max-image-preview":"max-image-preview:large","max-video-preview":"max-video-preview:-1"},"canonical":"https:\/\/barnafrid.se\/kunskapsportal\/re-lansering-av-barnafrids-basprogram-om-vald-mot-barn\/","og_locale":"sv_SE","og_type":"article","og_title":"Re-lansering av Barnafrids Basprogram om v\u00e5ld mot barn - Barnafrid","og_description":"Inneh\u00e5ll V\u00e4lkomna! Uppdaterat Basprogram om v\u00e5ld mot barn och ungaAnn-Charlotte M\u00fcnger, Barnafrid F\u00f6rskolan och skolan som arena f\u00f6r att uppt\u00e4cka barn och unga som \u00e4r utsatta f\u00f6r v\u00e5ldHanna Antonsson och Maria Lindersson, Barnafrid Krisreaktioner hos barn och unga efter trauma -vilka anpassningar av krisst\u00f6d beh\u00f6vs?Poa Samuelberg, Barnafrid Vikten av ett barnr\u00e4ttsperspektiv i skyddat boendeNatalie S\u00f6derlind, [&hellip;]","og_url":"https:\/\/barnafrid.se\/kunskapsportal\/re-lansering-av-barnafrids-basprogram-om-vald-mot-barn\/","og_site_name":"Barnafrid","twitter_card":"summary_large_image","schema":{"@context":"https:\/\/schema.org","@graph":[{"@type":"WebPage","@id":"https:\/\/barnafrid.se\/kunskapsportal\/re-lansering-av-barnafrids-basprogram-om-vald-mot-barn\/","url":"https:\/\/barnafrid.se\/kunskapsportal\/re-lansering-av-barnafrids-basprogram-om-vald-mot-barn\/","name":"Re-lansering av Barnafrids Basprogram om v\u00e5ld mot barn - Barnafrid","isPartOf":{"@id":"https:\/\/barnafrid.se\/kunskapsportal\/#website"},"datePublished":"2022-11-08T07:46:01+00:00","breadcrumb":{"@id":"https:\/\/barnafrid.se\/kunskapsportal\/re-lansering-av-barnafrids-basprogram-om-vald-mot-barn\/#breadcrumb"},"inLanguage":"sv-SE","potentialAction":[{"@type":"ReadAction","target":["https:\/\/barnafrid.se\/kunskapsportal\/re-lansering-av-barnafrids-basprogram-om-vald-mot-barn\/"]}]},{"@type":"BreadcrumbList","@id":"https:\/\/barnafrid.se\/kunskapsportal\/re-lansering-av-barnafrids-basprogram-om-vald-mot-barn\/#breadcrumb","itemListElement":[{"@type":"ListItem","position":1,"name":"Home","item":"https:\/\/barnafrid.se\/kunskapsportal\/"},{"@type":"ListItem","position":2,"name":"Re-lansering av Barnafrids Basprogram om v\u00e5ld mot barn"}]},{"@type":"WebSite","@id":"https:\/\/barnafrid.se\/kunskapsportal\/#website","url":"https:\/\/barnafrid.se\/kunskapsportal\/","name":"Barnafrid","description":"Kunskapsportal om v\u00e5ld mot barn","potentialAction":[{"@type":"SearchAction","target":{"@type":"EntryPoint","urlTemplate":"https:\/\/barnafrid.se\/kunskapsportal\/?s={search_term_string}"},"query-input":{"@type":"PropertyValueSpecification","valueRequired":true,"valueName":"search_term_string"}}],"inLanguage":"sv-SE"}]}},"_links":{"self":[{"href":"https:\/\/barnafrid.se\/kunskapsportal\/wp-json\/wp\/v2\/pages\/6615","targetHints":{"allow":["GET"]}}],"collection":[{"href":"https:\/\/barnafrid.se\/kunskapsportal\/wp-json\/wp\/v2\/pages"}],"about":[{"href":"https:\/\/barnafrid.se\/kunskapsportal\/wp-json\/wp\/v2\/types\/page"}],"author":[{"embeddable":true,"href":"https:\/\/barnafrid.se\/kunskapsportal\/wp-json\/wp\/v2\/users\/10518"}],"replies":[{"embeddable":true,"href":"https:\/\/barnafrid.se\/kunskapsportal\/wp-json\/wp\/v2\/comments?post=6615"}],"version-history":[{"count":5,"href":"https:\/\/barnafrid.se\/kunskapsportal\/wp-json\/wp\/v2\/pages\/6615\/revisions"}],"predecessor-version":[{"id":6622,"href":"https:\/\/barnafrid.se\/kunskapsportal\/wp-json\/wp\/v2\/pages\/6615\/revisions\/6622"}],"wp:attachment":[{"href":"https:\/\/barnafrid.se\/kunskapsportal\/wp-json\/wp\/v2\/media?parent=6615"}],"wp:term":[{"taxonomy":"role","embeddable":true,"href":"https:\/\/barnafrid.se\/kunskapsportal\/wp-json\/wp\/v2\/role?post=6615"}],"curies":[{"name":"wp","href":"https:\/\/api.w.org\/{rel}","templated":true}]}}