{"id":6574,"date":"2022-11-01T11:39:43","date_gmt":"2022-11-01T10:39:43","guid":{"rendered":"https:\/\/barnafrid.se\/kunskapsportal\/?page_id=6574"},"modified":"2025-08-14T13:37:31","modified_gmt":"2025-08-14T11:37:31","slug":"ett-forstarkt-skydd-mot-sexuella-krankningar-relevanta-forandringar-i-sexualbrottslagstiftningen","status":"publish","type":"page","link":"https:\/\/barnafrid.se\/kunskapsportal\/ett-forstarkt-skydd-mot-sexuella-krankningar-relevanta-forandringar-i-sexualbrottslagstiftningen\/","title":{"rendered":"Ett f\u00f6rst\u00e4rkt skydd mot sexuella kr\u00e4nkningar &#8211; relevanta f\u00f6r\u00e4ndringar i sexualbrottslagstiftningen"},"content":{"rendered":"<div class='Lead'>\n    <p>Den 1 augusti 2022 inf\u00f6rdes ny lagstiftning som sk\u00e4rper synen p\u00e5 v\u00e5ldt\u00e4kt och andra sexuella kr\u00e4nkningar. Barnafrid bj\u00f6d till f\u00f6rel\u00e4sning med Emelie K\u00e4llfelt, senior \u00e5klagare vid \u00c5klagarmyndighetens Utvecklingscentrum d\u00e4r hon ber\u00e4ttade mer om den nya lagstiftningen och vad den inneb\u00e4r.<\/p><\/div>\n\n\n\n<p>Emelie K\u00e4llfelts f\u00f6rel\u00e4sning fokuserade p\u00e5 de fem viktigaste f\u00f6r\u00e4ndringarna utifr\u00e5n ett barnperspektiv och sammanfattas nedan. L\u00e4ngst ner p\u00e5 sidan finner du en textad inspelning av f\u00f6rel\u00e4sningen.<\/p>\n\n\n\n<h2 class=\"wp-block-heading\">1. Samlagsbegreppet utvidgas &#8211; begreppet har neutraliserats med h\u00e4nsyn till k\u00f6n och sexuell l\u00e4ggning<\/h2>\n\n\n\n<ul class=\"List\">\n<li class=\"List-item\">Samlag f\u00f6ruts\u00e4tter ber\u00f6ring av eller med k\u00f6nsorgan.<\/li>\n\n\n\n<li class=\"List-item\">Vaginalt<ul class=\"List\"><li class=\"List-item\">Kontakt mellan penis och slida<\/li><\/ul>\n<ul class=\"List\">\n<li class=\"List-item\">Penetration ej krav<\/li>\n<\/ul>\n<\/li>\n\n\n\n<li class=\"List-item\">Analt<ul class=\"List\"><li class=\"List-item\">Kontakt mellan penis och anal\u00f6ppning<\/li><\/ul>\n<ul class=\"List\">\n<li class=\"List-item\">Penetration ej krav<\/li>\n<\/ul>\n<\/li>\n\n\n\n<li class=\"List-item\">Oralt<ul class=\"List\"><li class=\"List-item\">Kontakt mellan k\u00f6nsorgan och mun<\/li><\/ul>\n<ul class=\"List\">\n<li class=\"List-item\">Penetration ej krav<\/li>\n<\/ul>\n<\/li>\n<\/ul>\n\n\n\n<p>H\u00e4rut\u00f6ver finns \u00f6vriga sexuella handlingar som med h\u00e4nsyn kr\u00e4nkningens allvar \u00e4r <em>j\u00e4mf\u00f6rliga med samlag.<\/em> Det handlar om sexuella handlingar som f\u00f6ruts\u00e4tter att det g\u00f6rs en bed\u00f6mning av kr\u00e4nkningen i det enskilda fallet. \u00c4r den sexuella kr\u00e4nkningen motsvarande den som uppst\u00e5r vid ett samlag ska g\u00e4rningen rubriceras som v\u00e5ldt\u00e4kt mot barn.<br><br>Utg\u00e5ngspunkten \u00e4r att barn generellt \u00e4r att anse som mer utsatta \u00e4n vuxna, vilket medf\u00f6r att kr\u00e4nkningen av en viss typ av sexuell handling blir st\u00f6rre om den riktas mot en m\u00e5ls\u00e4gande som \u00e4r ett barn, j\u00e4mf\u00f6rt om den riktas mot en vuxen m\u00e5ls\u00e4gande.<br><br>\u2022 <strong>Vaginala och anala \u00f6vergrepp<\/strong><br>\u00c5klagarmyndighetens uppfattning \u00e4r att penetration med fingrar eller f\u00f6rem\u00e5l, vaginalt eller analt, fortsatt \u00e4r att bed\u00f6ma som en sexuell handling som med h\u00e4nsyn till kr\u00e4nkningens allvar \u00e4r j\u00e4mf\u00f6rlig med samlag. H\u00e4r visar praxis att domstolarna l\u00e4gger stor vikt vid penetration.<br>\u2022 <strong>Orala \u00f6vergrepp<\/strong><br>Det ges inga exempel i propositionen p\u00e5 orala sexuella handlingar som ska anses vara j\u00e4mf\u00f6rliga med oralt samlag.<br><br>Emelie K\u00e4llf\u00e4lt menar att hon inte ser n\u00e5got hinder i att \u00e5tala f\u00f6r v\u00e5ldt\u00e4kt om en m\u00e5ls\u00e4gande p\u00e5 ett sexuellt s\u00e4tt f\u00e5r stoppa in ett st\u00f6rre f\u00f6rem\u00e5l i munnen som till exempel en flaska, dildo eller liknande. Samma sak om m\u00e5ls\u00e4ganden f\u00f6rm\u00e5s stoppa in egna eller andras fingrar eller hela hand i munnen. Men det beror p\u00e5 en helhetsbed\u00f6mning i det enskilda fallet, till exempel hur gammalt \u00e4r barnet, hur l\u00e4nge den sexuella handlingen p\u00e5g\u00e5r, om det framkallat uppenbart obehag eller sm\u00e4rta och s\u00e5 vidare.<br><br>\u00c4ven om det prim\u00e4ra syftet inte \u00e4r att \u00e5stadkomma n\u00e5gon f\u00f6r\u00e4ndring i fr\u00e5ga om vilka sexuella handlingar som ska omfattas av v\u00e5ldt\u00e4ktsbegreppet, framg\u00e5r av propositionen att \u00e4ndringen kan inneb\u00e4ra att fler handlingar anses j\u00e4mf\u00f6rliga med samlag. Det anges dock inte n\u00e4rmare exempel p\u00e5 vilka handlingar som avses, annat \u00e4n att det ska g\u00f6ras en bed\u00f6mning i det enskilda fallet och att inarbetad praxis fortsatt kan till\u00e4mpas &#8211; men att det blir ytterst en fr\u00e5ga f\u00f6r r\u00e4ttstill\u00e4mpningen.<\/p>\n\n\n\n<h2 class=\"wp-block-heading\">2. Sexuella handlingar \u2013 kravet p\u00e5 att brottet ska ha skett i realtid f\u00f6rsvinner<\/h2>\n\n\n\n<ul class=\"List\">\n<li class=\"List-item\">Realtidskravet f\u00f6r sexuella handlingar tas bort<\/li>\n\n\n\n<li class=\"List-item\">Genomf\u00f6randerekvisitet* vid sexuella handlingar blir inte exklusivt utan kompletteras med ett alternativt stycke: \u201dden som p\u00e5 ett otillb\u00f6rligt s\u00e4tt <em>f\u00f6rm\u00e5r<\/em> barnet att <em>f\u00f6reta eller t\u00e5la<\/em> en s\u00e5dan handling\u201d.<\/li>\n<\/ul>\n\n\n\n<p>Stycket i lagtexten omfattar situationer d\u00e4r g\u00e4rningspersonen inte fysiskt har genomf\u00f6rt handlingen, och inte heller deltagit p\u00e5 distans genom att n\u00e4rvara under den del av h\u00e4ndelsef\u00f6rloppet som inneh\u00e5ller den sexuella handlingen.<\/p>\n\n\n\n<p>Fler situationer kommer att rubriceras som v\u00e5ldt\u00e4kt mot barn och sexuella \u00f6vergrepp mot barn:<\/p>\n\n\n\n<ul class=\"List\">\n<li class=\"List-item\">Barnet f\u00f6rm\u00e5s f\u00f6rgripa sig p\u00e5 sig sj\u00e4lv i sin ensamhet. Dokumentation beh\u00f6vs inte f\u00f6r att brottet ska vara fullbordat. Omst\u00e4ndigheterna beaktas dock vid bed\u00f6mningen av den sexuella kr\u00e4nkningens allvar\/straffv\u00e4rdet. Det kan f\u00e5 betydelse b\u00e5de f\u00f6r brottets rubricering, gradindelning och f\u00f6r p\u00e5f\u00f6ljden.<\/li>\n\n\n\n<li class=\"List-item\">\u201dF\u00f6rinspelade \u00f6vergrepp\u201d omfattas, det vill s\u00e4ga uppdelade h\u00e4ndelsef\u00f6rlopp d\u00e4r g\u00e4rningspersonen f\u00f6rm\u00e5r barnet att f\u00f6rgripa sig p\u00e5 sig sj\u00e4lv i sin ensamhet, dokumentera \u00f6vergreppet och sedan efter en tid skicka dokumentationen till g\u00e4rningspersonen.<\/li>\n\n\n\n<li class=\"List-item\">M\u00e5ls\u00e4gande f\u00f6rm\u00e5s att i g\u00e4rningspersonens fr\u00e5nvaro genomf\u00f6ra samlag med tredje person<\/li>\n\n\n\n<li class=\"List-item\">M\u00e5ls\u00e4gande f\u00f6rm\u00e5s att i g\u00e4rningspersonens fr\u00e5nvaro t\u00e5la att tredje person genomf\u00f6r samlag med m\u00e5ls\u00e4gande.<\/li>\n\n\n\n<li class=\"List-item\">G\u00e4rningspersonen f\u00f6rm\u00e5r tv\u00e5 m\u00e5ls\u00e4ganden att genomf\u00f6ra samlag med varandra utan att g\u00e4rningspersonen n\u00e4rvarar.<\/li>\n<\/ul>\n\n\n\n<p>Vad inneb\u00e4r det nya rekvisitet <em>f\u00f6rm\u00e5<\/em>?<\/p>\n\n\n\n<ul class=\"List\">\n<li class=\"List-item\">Det ska finnas ett orsakssamband (adekvat kausalitet) mellan g\u00e4rningspersonens aktiva agerande och den sexuella handlingen.<\/li>\n\n\n\n<li class=\"List-item\">Redan subtila p\u00e5tryckningar kan vara tillr\u00e4ckligt f\u00f6r att rekvisitet ska var uppfyllt.<\/li>\n\n\n\n<li class=\"List-item\">Offret beh\u00f6ver inte genomf\u00f6ra den sexuella handlingen direkt efter g\u00e4rningspersonens p\u00e5tryckningar utan viss tid kan passera. Bed\u00f6mning g\u00f6rs i det enskilda fallet av <em>hur<\/em> l\u00e5ng tid \u2013 h\u00e4nsyn tas till bland annat p\u00e5tryckningens allvar och offrets utsatthet.<\/li>\n<\/ul>\n\n\n\n<p>Vad inneb\u00e4r <em>otillb\u00f6rligt s\u00e4tt<\/em>?<\/p>\n\n\n\n<ul class=\"List\">\n<li class=\"List-item\">Kr\u00e4ver att g\u00e4rningspersonen f\u00f6rm\u00e5r barnet p\u00e5 ett otillb\u00f6rligt s\u00e4tt. Otillb\u00f6rligt s\u00e4tt ges en vid inneb\u00f6rd \u2013 fr\u00e5n relativt begr\u00e4nsad p\u00e5tryckning till olaga tv\u00e5ng.<\/li>\n<\/ul>\n\n\n\n<p>Exempel som n\u00e4mns i f\u00f6rarbetena:<\/p>\n\n\n\n<ul class=\"List\">\n<li class=\"List-item\">L\u00f6ften om ers\u00e4ttning eller f\u00f6rm\u00e5ner<ul class=\"List\"><li class=\"List-item\">Antydningar om avsl\u00f6jande f\u00f6r till exempel anh\u00f6riga eller att n\u00e5got annat obehagligt ska h\u00e4nda om barnet inte g\u00f6r som hen blivit tillsagd.<\/li><\/ul>\n<ul class=\"List\">\n<li class=\"List-item\">\u00c4ven den omst\u00e4ndigheten att g\u00e4rningspersonen utger sig f\u00f6r att vara n\u00e5gon annan, exempelvis en j\u00e4mn\u00e5rig, kan f\u00e5 betydelse f\u00f6r om agerandet ska anses otillb\u00f6rligt.<\/li>\n<\/ul>\n<\/li>\n<\/ul>\n\n\n\n<h2 class=\"wp-block-heading\">3. Sexuell posering \u2013 rubriceringen utvidgades till att omfatta \u00e4ven <em>passiva <\/em>offer<\/h2>\n\n\n\n<ul class=\"List\">\n<li class=\"List-item\">Kr\u00e4vs inte l\u00e4ngre att barnet <em>utf\u00f6r<\/em> eller <em>medverkar<\/em> i sexuell posering<\/li>\n\n\n\n<li class=\"List-item\">Kan ocks\u00e5 handla om att g\u00e4rningspersonen <em>f\u00f6rs\u00e4tter, eller utnyttjar att n\u00e5gon annan f\u00f6rs\u00e4tter barnet i en situation som inneb\u00e4r sexuell posering.<\/em><\/li>\n\n\n\n<li class=\"List-item\">Att g\u00e4rningspersonen utnyttjar passivt barn omfattas om barnet \u00e4r passivt p\u00e5 grund av exempelvis:<ul class=\"List\"><li class=\"List-item\">S\u00f6mn<\/li><\/ul><ul class=\"List\"><li class=\"List-item\">Berusning<\/li><\/ul><ul class=\"List\"><li class=\"List-item\">R\u00e4dsla<\/li><\/ul>\n<ul class=\"List\">\n<li class=\"List-item\">Funktionsneds\u00e4ttning<\/li>\n<\/ul>\n<\/li>\n<\/ul>\n\n\n\n<p>Fler situationer rubriceras som sexuell posering (passiva offer) men lag\u00e4ndringen f\u00f6ruts\u00e4tter fortfarande en <em>aktivitet<\/em> fr\u00e5n n\u00e5gon av parterna. H\u00e4r blir situationer d\u00e4r barnet smygfotograferas problematiska. I fall d\u00e4r barnet fotas n\u00e4r det till exempel genomf\u00f6r vardagliga sysslor och r\u00e5kar befinna sig i en sexuell pose, blir det inte fr\u00e5ga om utnyttjande av barn f\u00f6r sexuell posering. D\u00e4remot kan det rubriceras som kr\u00e4nkande fotografering, sexuellt ofredande, olaga integritetsintr\u00e5ng eller framst\u00e4llande av barnpornografi.<\/p>\n\n\n\n<h2 class=\"wp-block-heading\">4. Sexuellt ofredande \u2013 nya best\u00e4mmelser d\u00e4r bland annat sexuellt ofredande mot barn inf\u00f6rs<\/h2>\n\n\n\n<p><strong>Sexuellt ofredande mot barn<\/strong> &#8211; nytt brott. 6 kap. 10 \u00a7 1 st BrB. Innefattar samtliga handlingar mot barn under 15 \u00e5r.<\/p>\n\n\n\n<ul class=\"List\">\n<li class=\"List-item\">Sexuell ber\u00f6ring<\/li>\n\n\n\n<li class=\"List-item\">Blottning med mera<\/li>\n<\/ul>\n\n\n\n<p><strong>Grovt brott<\/strong> inf\u00f6rs \u2013 6 kap. 10 \u00a7 3 st BrB<br>Kvalificerande omst\u00e4ndigheter enligt lagtexten:<\/p>\n\n\n\n<ul class=\"List\">\n<li class=\"List-item\">Flera g\u00e4rningspersoner<ul class=\"List\"><li class=\"List-item\">Offrets l\u00e5ga \u00e5lder<\/li><\/ul>\n<ul class=\"List\">\n<li class=\"List-item\">Visat s\u00e4rskild h\u00e4nsynsl\u00f6shet:<ul class=\"List\"><li class=\"List-item\">Dokumentation<\/li><\/ul>\n<ul class=\"List\">\n<li class=\"List-item\">S\u00e4rskilt utsatt situation p\u00e5 grund av s\u00f6mn\/berusning\/r\u00e4dsla<\/li>\n<\/ul>\n<\/li>\n<\/ul>\n<\/li>\n<\/ul>\n\n\n\n<p>Enligt propositionen kan inf\u00f6randet av ett grovt brott leda till att domstolarna beaktar f\u00f6rsv\u00e5rande omst\u00e4ndigheter i \u00f6kad utstr\u00e4ckning, och till mer nyanserade bed\u00f6mningar av straffv\u00e4rdet.<\/p>\n\n\n\n<h2 class=\"wp-block-heading\">5.Straffminimum \u2013 h\u00f6js f\u00f6r flera brott<\/h2>\n\n\n\n<p>B\u00f6ter i straffskalan f\u00f6rsvinner i princip fr\u00e5n samtliga sexualbrott mot barn (undantag \u00e4r kontakt f\u00f6r att tr\u00e4ffa barn i sexuellt syfte).<\/p>\n\n\n\n<ul class=\"List\">\n<li class=\"List-item\">V\u00e5ldt\u00e4kt mot barn \u2013 h\u00f6js fr\u00e5n 2 \u00e5rs f\u00e4ngelse till 3 \u00e5r<\/li>\n\n\n\n<li class=\"List-item\">Sexuellt \u00f6vergrepp mot barn &#8211; straffminimum 6 m\u00e5naders f\u00e4ngelse<\/li>\n\n\n\n<li class=\"List-item\">Grovt sexuellt \u00f6vergrepp mot barn \u2013 h\u00f6js fr\u00e5n 1 \u00e5rs f\u00e4ngelse till 1 \u00bd \u00e5r<\/li>\n\n\n\n<li class=\"List-item\">Utnyttjande av barn f\u00f6r sexuell posering \u2013 h\u00f6js fr\u00e5n b\u00f6ter till f\u00e4ngelse<\/li>\n\n\n\n<li class=\"List-item\">Sexuellt ofredande mot barn \u2013 h\u00f6js fr\u00e5n b\u00f6ter till f\u00e4ngelse<\/li>\n\n\n\n<li class=\"List-item\">Grovt sexuellt ofredande mot barn \u2013 straffminimum 6 m\u00e5naders f\u00e4ngelse upp till 3 \u00e5r, samt anses vara ett artbrott**.<\/li>\n\n\n\n<li class=\"List-item\">Utnyttjande av barn f\u00f6r sexuell handling \u2013 straffminimum 6 m\u00e5naders f\u00e4ngelse, samt anses vara ett artbrott.<\/li>\n<\/ul>\n\n\n\n<h2 class=\"wp-block-heading\">Konsekvenser av f\u00f6r\u00e4ndringarna i lagstiftningen<\/h2>\n\n\n\n<p>Enligt Emelie K\u00e4llfelts bed\u00f6mning kommer f\u00f6r\u00e4ndringarna f\u00e5 konsekvenser f\u00f6r hur utredningarna bedrivs:<\/p>\n\n\n\n<ul class=\"List\">\n<li class=\"List-item\">St\u00f6rre incitament till frihetsber\u00f6vande<\/li>\n\n\n\n<li class=\"List-item\">St\u00f6rre behov av snabbare IT-st\u00f6d i utredningarna<\/li>\n<\/ul>\n\n\n\n<p>F\u00f6r \u00c5klagarmyndigheten inneb\u00e4r lag\u00e4ndringarna inga st\u00f6rre f\u00f6r\u00e4ndringar rent organisatoriskt. Det \u00e4r fortfarande samma situationer som ska utredas, men de rubriceras annorlunda och incitamentet till frihetsber\u00f6vande kommer att \u00f6ka.<\/p>\n\n\n\n<p>Dock medf\u00f6r lag\u00e4ndringarna att polisen m\u00e5ste fundera \u00f6ver vilka enheter som ska utreda vilka IT-relaterade barn\u00e4renden och barnpornografibrott \u2013 Regional Cybercrime Center, RC3, eller LUL\/BIN\/Barnahus***.<\/p>\n\n\n\n<p>De misstankar som f\u00f6re 1 augusti 2022 utretts av RC3 som poseringsbrott kan nu efter lag\u00e4ndringen utredas av BIN\/Barnahus\/LPO**** som v\u00e5ldt\u00e4kt mot barn eller sexuellt \u00f6vergrepp mot barn om det inte sker n\u00e5gon f\u00f6r\u00e4ndring av nuvarande organisatoriska ordning hos polisen.<\/p>\n\n\n\n<p><strong>Nuvarande f\u00f6rdelning<\/strong><br>F\u00f6rdelningen av de \u00e4renden som idag lottas p\u00e5 RC3 utg\u00e5r fr\u00e5n polisens definition av internetrelaterade sexuella \u00f6vergrepp mot barn, IS\u00d6B. \u00d6vriga barn\u00e4renden handl\u00e4ggs av BIN\/Barnahus\/LUL-grupper.<\/p>\n\n\n\n<p>I dagsl\u00e4get innefattar polisens definition av IS\u00d6B-brott rubriceringarna:<\/p>\n\n\n\n<ul class=\"List\">\n<li class=\"List-item\">Utnyttjande av barn f\u00f6r sexuell posering<\/li>\n\n\n\n<li class=\"List-item\">Kontakt med barn i sexuellt syfte<\/li>\n\n\n\n<li class=\"List-item\">Utnyttjande av barn f\u00f6r k\u00f6p av sexuell handling<\/li>\n\n\n\n<li class=\"List-item\">Barnpornografibrott<\/li>\n<\/ul>\n\n\n\n<p>* Rekvisit &#8211; Varje lag st\u00e4ller normalt upp ett antal <em>villkor<\/em>. F\u00f6r att en lag ska vara till\u00e4mplig kr\u00e4vs att n\u00e5got eller alla dessa villkor, rekvisit,&nbsp;\u00e4r uppfyllda.<\/p>\n\n\n\n<p>**Ett artbrott \u00e4r ett brott som man i regel d\u00f6ms till ett kortare f\u00e4ngelsestraff f\u00f6r, trots att varken straffv\u00e4rdet eller \u00e5terfallsfrekvensen talar f\u00f6r f\u00e4ngelse som p\u00e5f\u00f6ljd. Det handlar om brott som p\u00e5 grund av sin art\/karakt\u00e4r anses vara s\u00e4rskilt samh\u00e4llsfarliga och klanderv\u00e4rda, vilket anses motivera h\u00e5rdare straff och att fr\u00e5ng\u00e5 den straffr\u00e4ttsliga huvudregeln om att domstolarna b\u00f6r undvika att utd\u00f6ma f\u00e4ngelsestraff om m\u00f6jligt (presumtionen mot f\u00e4ngelse).<\/p>\n\n\n\n<p>*** BIN &#8211; brott i n\u00e4ra relation, LUL &#8211; Lag med s\u00e4rskilda best\u00e4mmelser om unga lag\u00f6vertr\u00e4dare<\/p>\n\n\n\n<p>****LPO &#8211; Lokalpolisomr\u00e5de<\/p>\n\n\n<div class=\"Videos\">\n        <div class=\"Video Video--original Video--visible\">\n        \n        <figure class=\"VideoPlayer\">\n            <div class=\"VideoPlayer-video VideoPlayer-video--aspect16_9 VideoPlayer-video--hasAspectRatio\">\n                <iframe loading=\"lazy\"\n                    title=\"Video\"\n                    src=\"https:\/\/player.vimeo.com\/video\/764538625?dnt=1&#038;app_id=122963\"\n                    width=\"500\"\n                    height=\"281\"\n                    frameborder=\"0\"\n                    allow=\"autoplay; fullscreen\"\n                    allowfullscreen\n                ><\/iframe>\n            <\/div>\n        <\/figure>\n            <\/div>\n    \n    \n    \n    <div class=\"VideosVersions\">\n        \n            <\/div>\n<\/div>\n","protected":false},"excerpt":{"rendered":"<p>Emelie K\u00e4llfelts f\u00f6rel\u00e4sning fokuserade p\u00e5 de fem viktigaste f\u00f6r\u00e4ndringarna utifr\u00e5n ett barnperspektiv och sammanfattas nedan. L\u00e4ngst ner p\u00e5 sidan finner du en textad inspelning av f\u00f6rel\u00e4sningen. 1. Samlagsbegreppet utvidgas &#8211; begreppet har neutraliserats med h\u00e4nsyn till k\u00f6n och sexuell l\u00e4ggning H\u00e4rut\u00f6ver finns \u00f6vriga sexuella handlingar som med h\u00e4nsyn kr\u00e4nkningens allvar \u00e4r j\u00e4mf\u00f6rliga med samlag. Det [&hellip;]<\/p>\n","protected":false},"author":9,"featured_media":0,"parent":0,"menu_order":0,"comment_status":"closed","ping_status":"closed","template":"","meta":{"h5ap_radio_sources":[],"footnotes":""},"role":[],"class_list":["post-6574","page","type-page","status-publish","hentry"],"yoast_head":"<!-- This site is optimized with the Yoast SEO plugin v27.4 - https:\/\/yoast.com\/product\/yoast-seo-wordpress\/ -->\n<title>Ett f\u00f6rst\u00e4rkt skydd mot sexuella kr\u00e4nkningar - relevanta f\u00f6r\u00e4ndringar i sexualbrottslagstiftningen - Barnafrid<\/title>\n<meta name=\"robots\" content=\"index, follow, max-snippet:-1, max-image-preview:large, max-video-preview:-1\" \/>\n<link rel=\"canonical\" href=\"https:\/\/barnafrid.se\/kunskapsportal\/ett-forstarkt-skydd-mot-sexuella-krankningar-relevanta-forandringar-i-sexualbrottslagstiftningen\/\" \/>\n<meta property=\"og:locale\" content=\"sv_SE\" \/>\n<meta property=\"og:type\" content=\"article\" \/>\n<meta property=\"og:title\" content=\"Ett f\u00f6rst\u00e4rkt skydd mot sexuella kr\u00e4nkningar - relevanta f\u00f6r\u00e4ndringar i sexualbrottslagstiftningen - Barnafrid\" \/>\n<meta property=\"og:description\" content=\"Emelie K\u00e4llfelts f\u00f6rel\u00e4sning fokuserade p\u00e5 de fem viktigaste f\u00f6r\u00e4ndringarna utifr\u00e5n ett barnperspektiv och sammanfattas nedan. L\u00e4ngst ner p\u00e5 sidan finner du en textad inspelning av f\u00f6rel\u00e4sningen. 1. Samlagsbegreppet utvidgas &#8211; begreppet har neutraliserats med h\u00e4nsyn till k\u00f6n och sexuell l\u00e4ggning H\u00e4rut\u00f6ver finns \u00f6vriga sexuella handlingar som med h\u00e4nsyn kr\u00e4nkningens allvar \u00e4r j\u00e4mf\u00f6rliga med samlag. Det [&hellip;]\" \/>\n<meta property=\"og:url\" content=\"https:\/\/barnafrid.se\/kunskapsportal\/ett-forstarkt-skydd-mot-sexuella-krankningar-relevanta-forandringar-i-sexualbrottslagstiftningen\/\" \/>\n<meta property=\"og:site_name\" content=\"Barnafrid\" \/>\n<meta property=\"article:modified_time\" content=\"2025-08-14T11:37:31+00:00\" \/>\n<meta name=\"twitter:card\" content=\"summary_large_image\" \/>\n<meta name=\"twitter:label1\" content=\"Ber\u00e4knad l\u00e4stid\" \/>\n\t<meta name=\"twitter:data1\" content=\"7 minuter\" \/>\n<script type=\"application\/ld+json\" class=\"yoast-schema-graph\">{\"@context\":\"https:\\\/\\\/schema.org\",\"@graph\":[{\"@type\":\"WebPage\",\"@id\":\"https:\\\/\\\/barnafrid.se\\\/kunskapsportal\\\/ett-forstarkt-skydd-mot-sexuella-krankningar-relevanta-forandringar-i-sexualbrottslagstiftningen\\\/\",\"url\":\"https:\\\/\\\/barnafrid.se\\\/kunskapsportal\\\/ett-forstarkt-skydd-mot-sexuella-krankningar-relevanta-forandringar-i-sexualbrottslagstiftningen\\\/\",\"name\":\"Ett f\u00f6rst\u00e4rkt skydd mot sexuella kr\u00e4nkningar - relevanta f\u00f6r\u00e4ndringar i sexualbrottslagstiftningen - Barnafrid\",\"isPartOf\":{\"@id\":\"https:\\\/\\\/barnafrid.se\\\/kunskapsportal\\\/#website\"},\"datePublished\":\"2022-11-01T10:39:43+00:00\",\"dateModified\":\"2025-08-14T11:37:31+00:00\",\"breadcrumb\":{\"@id\":\"https:\\\/\\\/barnafrid.se\\\/kunskapsportal\\\/ett-forstarkt-skydd-mot-sexuella-krankningar-relevanta-forandringar-i-sexualbrottslagstiftningen\\\/#breadcrumb\"},\"inLanguage\":\"sv-SE\",\"potentialAction\":[{\"@type\":\"ReadAction\",\"target\":[\"https:\\\/\\\/barnafrid.se\\\/kunskapsportal\\\/ett-forstarkt-skydd-mot-sexuella-krankningar-relevanta-forandringar-i-sexualbrottslagstiftningen\\\/\"]}]},{\"@type\":\"BreadcrumbList\",\"@id\":\"https:\\\/\\\/barnafrid.se\\\/kunskapsportal\\\/ett-forstarkt-skydd-mot-sexuella-krankningar-relevanta-forandringar-i-sexualbrottslagstiftningen\\\/#breadcrumb\",\"itemListElement\":[{\"@type\":\"ListItem\",\"position\":1,\"name\":\"Home\",\"item\":\"https:\\\/\\\/barnafrid.se\\\/kunskapsportal\\\/\"},{\"@type\":\"ListItem\",\"position\":2,\"name\":\"Ett f\u00f6rst\u00e4rkt skydd mot sexuella kr\u00e4nkningar &#8211; relevanta f\u00f6r\u00e4ndringar i sexualbrottslagstiftningen\"}]},{\"@type\":\"WebSite\",\"@id\":\"https:\\\/\\\/barnafrid.se\\\/kunskapsportal\\\/#website\",\"url\":\"https:\\\/\\\/barnafrid.se\\\/kunskapsportal\\\/\",\"name\":\"Barnafrid\",\"description\":\"Kunskapsportal om v\u00e5ld mot barn\",\"potentialAction\":[{\"@type\":\"SearchAction\",\"target\":{\"@type\":\"EntryPoint\",\"urlTemplate\":\"https:\\\/\\\/barnafrid.se\\\/kunskapsportal\\\/?s={search_term_string}\"},\"query-input\":{\"@type\":\"PropertyValueSpecification\",\"valueRequired\":true,\"valueName\":\"search_term_string\"}}],\"inLanguage\":\"sv-SE\"}]}<\/script>\n<!-- \/ Yoast SEO plugin. -->","yoast_head_json":{"title":"Ett f\u00f6rst\u00e4rkt skydd mot sexuella kr\u00e4nkningar - relevanta f\u00f6r\u00e4ndringar i sexualbrottslagstiftningen - Barnafrid","robots":{"index":"index","follow":"follow","max-snippet":"max-snippet:-1","max-image-preview":"max-image-preview:large","max-video-preview":"max-video-preview:-1"},"canonical":"https:\/\/barnafrid.se\/kunskapsportal\/ett-forstarkt-skydd-mot-sexuella-krankningar-relevanta-forandringar-i-sexualbrottslagstiftningen\/","og_locale":"sv_SE","og_type":"article","og_title":"Ett f\u00f6rst\u00e4rkt skydd mot sexuella kr\u00e4nkningar - relevanta f\u00f6r\u00e4ndringar i sexualbrottslagstiftningen - Barnafrid","og_description":"Emelie K\u00e4llfelts f\u00f6rel\u00e4sning fokuserade p\u00e5 de fem viktigaste f\u00f6r\u00e4ndringarna utifr\u00e5n ett barnperspektiv och sammanfattas nedan. L\u00e4ngst ner p\u00e5 sidan finner du en textad inspelning av f\u00f6rel\u00e4sningen. 1. Samlagsbegreppet utvidgas &#8211; begreppet har neutraliserats med h\u00e4nsyn till k\u00f6n och sexuell l\u00e4ggning H\u00e4rut\u00f6ver finns \u00f6vriga sexuella handlingar som med h\u00e4nsyn kr\u00e4nkningens allvar \u00e4r j\u00e4mf\u00f6rliga med samlag. Det [&hellip;]","og_url":"https:\/\/barnafrid.se\/kunskapsportal\/ett-forstarkt-skydd-mot-sexuella-krankningar-relevanta-forandringar-i-sexualbrottslagstiftningen\/","og_site_name":"Barnafrid","article_modified_time":"2025-08-14T11:37:31+00:00","twitter_card":"summary_large_image","twitter_misc":{"Ber\u00e4knad l\u00e4stid":"7 minuter"},"schema":{"@context":"https:\/\/schema.org","@graph":[{"@type":"WebPage","@id":"https:\/\/barnafrid.se\/kunskapsportal\/ett-forstarkt-skydd-mot-sexuella-krankningar-relevanta-forandringar-i-sexualbrottslagstiftningen\/","url":"https:\/\/barnafrid.se\/kunskapsportal\/ett-forstarkt-skydd-mot-sexuella-krankningar-relevanta-forandringar-i-sexualbrottslagstiftningen\/","name":"Ett f\u00f6rst\u00e4rkt skydd mot sexuella kr\u00e4nkningar - relevanta f\u00f6r\u00e4ndringar i sexualbrottslagstiftningen - Barnafrid","isPartOf":{"@id":"https:\/\/barnafrid.se\/kunskapsportal\/#website"},"datePublished":"2022-11-01T10:39:43+00:00","dateModified":"2025-08-14T11:37:31+00:00","breadcrumb":{"@id":"https:\/\/barnafrid.se\/kunskapsportal\/ett-forstarkt-skydd-mot-sexuella-krankningar-relevanta-forandringar-i-sexualbrottslagstiftningen\/#breadcrumb"},"inLanguage":"sv-SE","potentialAction":[{"@type":"ReadAction","target":["https:\/\/barnafrid.se\/kunskapsportal\/ett-forstarkt-skydd-mot-sexuella-krankningar-relevanta-forandringar-i-sexualbrottslagstiftningen\/"]}]},{"@type":"BreadcrumbList","@id":"https:\/\/barnafrid.se\/kunskapsportal\/ett-forstarkt-skydd-mot-sexuella-krankningar-relevanta-forandringar-i-sexualbrottslagstiftningen\/#breadcrumb","itemListElement":[{"@type":"ListItem","position":1,"name":"Home","item":"https:\/\/barnafrid.se\/kunskapsportal\/"},{"@type":"ListItem","position":2,"name":"Ett f\u00f6rst\u00e4rkt skydd mot sexuella kr\u00e4nkningar &#8211; relevanta f\u00f6r\u00e4ndringar i sexualbrottslagstiftningen"}]},{"@type":"WebSite","@id":"https:\/\/barnafrid.se\/kunskapsportal\/#website","url":"https:\/\/barnafrid.se\/kunskapsportal\/","name":"Barnafrid","description":"Kunskapsportal om v\u00e5ld mot barn","potentialAction":[{"@type":"SearchAction","target":{"@type":"EntryPoint","urlTemplate":"https:\/\/barnafrid.se\/kunskapsportal\/?s={search_term_string}"},"query-input":{"@type":"PropertyValueSpecification","valueRequired":true,"valueName":"search_term_string"}}],"inLanguage":"sv-SE"}]}},"_links":{"self":[{"href":"https:\/\/barnafrid.se\/kunskapsportal\/wp-json\/wp\/v2\/pages\/6574","targetHints":{"allow":["GET"]}}],"collection":[{"href":"https:\/\/barnafrid.se\/kunskapsportal\/wp-json\/wp\/v2\/pages"}],"about":[{"href":"https:\/\/barnafrid.se\/kunskapsportal\/wp-json\/wp\/v2\/types\/page"}],"author":[{"embeddable":true,"href":"https:\/\/barnafrid.se\/kunskapsportal\/wp-json\/wp\/v2\/users\/9"}],"replies":[{"embeddable":true,"href":"https:\/\/barnafrid.se\/kunskapsportal\/wp-json\/wp\/v2\/comments?post=6574"}],"version-history":[{"count":21,"href":"https:\/\/barnafrid.se\/kunskapsportal\/wp-json\/wp\/v2\/pages\/6574\/revisions"}],"predecessor-version":[{"id":16502,"href":"https:\/\/barnafrid.se\/kunskapsportal\/wp-json\/wp\/v2\/pages\/6574\/revisions\/16502"}],"wp:attachment":[{"href":"https:\/\/barnafrid.se\/kunskapsportal\/wp-json\/wp\/v2\/media?parent=6574"}],"wp:term":[{"taxonomy":"role","embeddable":true,"href":"https:\/\/barnafrid.se\/kunskapsportal\/wp-json\/wp\/v2\/role?post=6574"}],"curies":[{"name":"wp","href":"https:\/\/api.w.org\/{rel}","templated":true}]}}