{"id":6562,"date":"2023-10-24T09:42:57","date_gmt":"2023-10-24T07:42:57","guid":{"rendered":"https:\/\/barnafrid.se\/kunskapsportal\/?page_id=6562"},"modified":"2025-06-25T13:55:36","modified_gmt":"2025-06-25T11:55:36","slug":"barnahusutbildningen","status":"publish","type":"page","link":"https:\/\/barnafrid.se\/kunskapsportal\/barnahusutbildningen\/","title":{"rendered":"Barnahusutbildningen"},"content":{"rendered":"<div class=\"Hero\">\n    <div class=\"Hero-outerContainer\">\n        <div class=\"Hero-innerContainer\">\n            <div class=\"HeroContent\">\n                <h1 class=\"Hero-title\">Samverkan med fokus p\u00e5 barnet<\/h1>\n                <div class=\"Hero-intro\">\n                    <p>Barnafrid arbetar f\u00f6r att alla barn i Sverige ska ha tillg\u00e5ng till ett barnahus, f\u00f6r att kunna f\u00e5 likv\u00e4rdigt bem\u00f6tande och likv\u00e4rdiga insatser. Med den h\u00e4r utbildningen erbjuder vi ett gemensamt kunskapsst\u00f6d f\u00f6r alla yrkesverksamma som arbetar i eller samverkar med ett barnahus. Inneh\u00e5llet \u00e4r baserat p\u00e5 forskning och bepr\u00f6vad erfarenhet.<\/p>                <\/div>\n                <div class=\"HeroLinks\">\n                                                    <p class=\"HeroLinks-right\">\n                        <a href=\"https:\/\/barnafrid.se\/kunskapsportal\/wp-login.php?action=register&#038;redirect_to=https:\/\/barnafrid.se\/kunskapsportal\/kurs\/barnahusutbildningen\/\" class=\"Button Button--alt\">G\u00e5 utbildningen!<\/a>\n                    <\/p>\n                                <\/div>\n            <\/div>\n\n                <div class=\"HeroIllustration\"  style=\"max-width: 500px\" >\n\n                <img loading=\"lazy\" decoding=\"async\" width=\"600\" height=\"600\" src=\"https:\/\/barnafrid.se\/kunskapsportal\/wp-content\/uploads\/2024\/01\/hugo_portratt_halvfigur_600px.png\" class=\"HeroIllustration-image\" alt=\"Pojke med r\u00f6tt h\u00e5r och bl\u00e5 tr\u00f6ja.\" srcset=\"https:\/\/barnafrid.se\/kunskapsportal\/wp-content\/uploads\/2024\/01\/hugo_portratt_halvfigur_600px.png 600w, https:\/\/barnafrid.se\/kunskapsportal\/wp-content\/uploads\/2024\/01\/hugo_portratt_halvfigur_600px-300x300.png 300w, https:\/\/barnafrid.se\/kunskapsportal\/wp-content\/uploads\/2024\/01\/hugo_portratt_halvfigur_600px-150x150.png 150w\" sizes=\"auto, (max-width: 600px) 100vw, 600px\" \/>            <\/div>\n        <\/div>\n\n    <\/div>\n<\/div>\n\n\n\n<p><em>Just nu p\u00e5g\u00e5r en revidering av Barnafrids digitala webbutbildningar. I och med den nya socialtj\u00e4nstlagen som tr\u00e4der i kraft 1 juli 2025 kommer vissa lagh\u00e4nvisningar i utbildningarna peka mot den tidigare lagstiftningen.\u00a0<a href=\"https:\/\/barnafrid.se\/kunskapsportal\/wp-content\/uploads\/2025\/06\/jamforelse_nuvarande_nya_sol.pdf\" target=\"_blank\" rel=\"noreferrer noopener\">H\u00e4r kan du ladda ner en tabell med de nya lagh\u00e4nvisningarna j\u00e4mf\u00f6rt med de \u00e4ldre.<\/a><\/em><\/p>\n\n\n\n<p><strong>Hej du som ska g\u00e5 den h\u00e4r utbildningen!<\/strong><br><br>Jag heter Hugo och \u00e4r nio \u00e5r. Jag g\u00e5r i trean och gillar att spela fotboll. Jag har en mamma och pappa och en lillasyster som heter Ebba. Hon \u00e4r sex \u00e5r och helt okej.<\/p>\n\n\n\n<p>Jag \u00e4r en ganska vanlig kille, jag trodde det i alla fall tills jag fattade att min pappa ibland g\u00f6r saker mot mig som inte \u00e4r okej. N\u00e4r vi br\u00e5kar hemma eller om jag br\u00e5kar med n\u00e5gon i skolan blir b\u00e5de mamma och pappa superarga och skriker och h\u00e5ller p\u00e5. Pappa har ganska m\u00e5nga g\u00e5nger tagit mig j\u00e4tteh\u00e5rt i armen och dragit mig i \u00f6rat. Ibland har han slagit mig p\u00e5 kinden och en g\u00e5ng knuffade han mig s\u00e5 jag ramlade p\u00e5 en stol.<\/p>\n\n\n\n<p>Jag t\u00e4nkte att det \u00e4r v\u00e4l s\u00e5 pappor funkar n\u00e4r de blir arga p\u00e5 sina barn, men s\u00e5 kollade jag med n\u00e5gra kompisar och deras pappor slog dem inte. De kunde s\u00e5klart bli arga och gapa och ta telefonen och s\u00e5 men de slogs aldrig.<\/p>\n\n\n\n<p>Det som h\u00e4nder hemma g\u00f6r att jag ibland blir orolig och d\u00e5 blir det sv\u00e5rt att lyssna i skolan. Jag m\u00e5ste liksom hela tiden r\u00f6ra p\u00e5 mig och d\u00e5 blir fr\u00f6ken sur. Jag kan ocks\u00e5 bli j\u00e4ttearg p\u00e5 mina kompisar och s\u00e5 blir det br\u00e5k med dem. Jag \u00e4r hela tiden nerv\u00f6s och f\u00e5r ont i magen n\u00e4r skolan ska ringa hem och ber\u00e4tta om saker som h\u00e4nt f\u00f6r d\u00e5 vet jag att det blir br\u00e5k hemma. Ja, och s\u00e5 b\u00f6rjar allt om igen!<\/p>\n\n\n\n<p>En dag blev det f\u00f6r mycket n\u00e4r skolan skulle ringa hem, jag blev s\u00e5 himla r\u00e4dd och ledsen. Jag ber\u00e4ttade f\u00f6r min l\u00e4rare vad som h\u00e4nder hemma. Det k\u00e4ndes sk\u00f6nt att s\u00e4ga till n\u00e5gon hur det \u00e4r och hon lovade att inte ringa hem och det var bra.<\/p>\n\n\n\n<p>Men sen blev det v\u00e4rsta grejen!!! Jag fick \u00e5ka i v\u00e4g och prata med en polis och det blev kaos hemma. Det \u00e4r allt det h\u00e4r som ni ska f\u00e5 veta mer om nu.<\/p>\n\n\n\n<p>H\u00e4lsningar Hugo<\/p>\n","protected":false},"excerpt":{"rendered":"<p>Just nu p\u00e5g\u00e5r en revidering av Barnafrids digitala webbutbildningar. I och med den nya socialtj\u00e4nstlagen som tr\u00e4der i kraft 1 juli 2025 kommer vissa lagh\u00e4nvisningar i utbildningarna peka mot den tidigare lagstiftningen.\u00a0H\u00e4r kan du ladda ner en tabell med de nya lagh\u00e4nvisningarna j\u00e4mf\u00f6rt med de \u00e4ldre. Hej du som ska g\u00e5 den h\u00e4r utbildningen! Jag [&hellip;]<\/p>\n","protected":false},"author":26405,"featured_media":0,"parent":0,"menu_order":0,"comment_status":"closed","ping_status":"closed","template":"page-course-start.php","meta":{"h5ap_radio_sources":[],"footnotes":""},"role":[],"class_list":["post-6562","page","type-page","status-publish","hentry"],"yoast_head":"<!-- This site is optimized with the Yoast SEO plugin v27.4 - https:\/\/yoast.com\/product\/yoast-seo-wordpress\/ -->\n<title>Barnahusutbildningen - Barnafrid<\/title>\n<meta name=\"robots\" content=\"index, follow, max-snippet:-1, max-image-preview:large, max-video-preview:-1\" \/>\n<link rel=\"canonical\" href=\"https:\/\/barnafrid.se\/kunskapsportal\/barnahusutbildningen\/\" \/>\n<meta property=\"og:locale\" content=\"sv_SE\" \/>\n<meta property=\"og:type\" content=\"article\" \/>\n<meta property=\"og:title\" content=\"Barnahusutbildningen - Barnafrid\" \/>\n<meta property=\"og:description\" content=\"Just nu p\u00e5g\u00e5r en revidering av Barnafrids digitala webbutbildningar. I och med den nya socialtj\u00e4nstlagen som tr\u00e4der i kraft 1 juli 2025 kommer vissa lagh\u00e4nvisningar i utbildningarna peka mot den tidigare lagstiftningen.\u00a0H\u00e4r kan du ladda ner en tabell med de nya lagh\u00e4nvisningarna j\u00e4mf\u00f6rt med de \u00e4ldre. Hej du som ska g\u00e5 den h\u00e4r utbildningen! Jag [&hellip;]\" \/>\n<meta property=\"og:url\" content=\"https:\/\/barnafrid.se\/kunskapsportal\/barnahusutbildningen\/\" \/>\n<meta property=\"og:site_name\" content=\"Barnafrid\" \/>\n<meta property=\"article:modified_time\" content=\"2025-06-25T11:55:36+00:00\" \/>\n<meta name=\"twitter:card\" content=\"summary_large_image\" \/>\n<meta name=\"twitter:label1\" content=\"Ber\u00e4knad l\u00e4stid\" \/>\n\t<meta name=\"twitter:data1\" content=\"2 minuter\" \/>\n<script type=\"application\/ld+json\" class=\"yoast-schema-graph\">{\"@context\":\"https:\\\/\\\/schema.org\",\"@graph\":[{\"@type\":\"WebPage\",\"@id\":\"https:\\\/\\\/barnafrid.se\\\/kunskapsportal\\\/barnahusutbildningen\\\/\",\"url\":\"https:\\\/\\\/barnafrid.se\\\/kunskapsportal\\\/barnahusutbildningen\\\/\",\"name\":\"Barnahusutbildningen - Barnafrid\",\"isPartOf\":{\"@id\":\"https:\\\/\\\/barnafrid.se\\\/kunskapsportal\\\/#website\"},\"datePublished\":\"2023-10-24T07:42:57+00:00\",\"dateModified\":\"2025-06-25T11:55:36+00:00\",\"breadcrumb\":{\"@id\":\"https:\\\/\\\/barnafrid.se\\\/kunskapsportal\\\/barnahusutbildningen\\\/#breadcrumb\"},\"inLanguage\":\"sv-SE\",\"potentialAction\":[{\"@type\":\"ReadAction\",\"target\":[\"https:\\\/\\\/barnafrid.se\\\/kunskapsportal\\\/barnahusutbildningen\\\/\"]}]},{\"@type\":\"BreadcrumbList\",\"@id\":\"https:\\\/\\\/barnafrid.se\\\/kunskapsportal\\\/barnahusutbildningen\\\/#breadcrumb\",\"itemListElement\":[{\"@type\":\"ListItem\",\"position\":1,\"name\":\"Home\",\"item\":\"https:\\\/\\\/barnafrid.se\\\/kunskapsportal\\\/\"},{\"@type\":\"ListItem\",\"position\":2,\"name\":\"Barnahusutbildningen\"}]},{\"@type\":\"WebSite\",\"@id\":\"https:\\\/\\\/barnafrid.se\\\/kunskapsportal\\\/#website\",\"url\":\"https:\\\/\\\/barnafrid.se\\\/kunskapsportal\\\/\",\"name\":\"Barnafrid\",\"description\":\"Kunskapsportal om v\u00e5ld mot barn\",\"potentialAction\":[{\"@type\":\"SearchAction\",\"target\":{\"@type\":\"EntryPoint\",\"urlTemplate\":\"https:\\\/\\\/barnafrid.se\\\/kunskapsportal\\\/?s={search_term_string}\"},\"query-input\":{\"@type\":\"PropertyValueSpecification\",\"valueRequired\":true,\"valueName\":\"search_term_string\"}}],\"inLanguage\":\"sv-SE\"}]}<\/script>\n<!-- \/ Yoast SEO plugin. -->","yoast_head_json":{"title":"Barnahusutbildningen - Barnafrid","robots":{"index":"index","follow":"follow","max-snippet":"max-snippet:-1","max-image-preview":"max-image-preview:large","max-video-preview":"max-video-preview:-1"},"canonical":"https:\/\/barnafrid.se\/kunskapsportal\/barnahusutbildningen\/","og_locale":"sv_SE","og_type":"article","og_title":"Barnahusutbildningen - Barnafrid","og_description":"Just nu p\u00e5g\u00e5r en revidering av Barnafrids digitala webbutbildningar. I och med den nya socialtj\u00e4nstlagen som tr\u00e4der i kraft 1 juli 2025 kommer vissa lagh\u00e4nvisningar i utbildningarna peka mot den tidigare lagstiftningen.\u00a0H\u00e4r kan du ladda ner en tabell med de nya lagh\u00e4nvisningarna j\u00e4mf\u00f6rt med de \u00e4ldre. Hej du som ska g\u00e5 den h\u00e4r utbildningen! Jag [&hellip;]","og_url":"https:\/\/barnafrid.se\/kunskapsportal\/barnahusutbildningen\/","og_site_name":"Barnafrid","article_modified_time":"2025-06-25T11:55:36+00:00","twitter_card":"summary_large_image","twitter_misc":{"Ber\u00e4knad l\u00e4stid":"2 minuter"},"schema":{"@context":"https:\/\/schema.org","@graph":[{"@type":"WebPage","@id":"https:\/\/barnafrid.se\/kunskapsportal\/barnahusutbildningen\/","url":"https:\/\/barnafrid.se\/kunskapsportal\/barnahusutbildningen\/","name":"Barnahusutbildningen - Barnafrid","isPartOf":{"@id":"https:\/\/barnafrid.se\/kunskapsportal\/#website"},"datePublished":"2023-10-24T07:42:57+00:00","dateModified":"2025-06-25T11:55:36+00:00","breadcrumb":{"@id":"https:\/\/barnafrid.se\/kunskapsportal\/barnahusutbildningen\/#breadcrumb"},"inLanguage":"sv-SE","potentialAction":[{"@type":"ReadAction","target":["https:\/\/barnafrid.se\/kunskapsportal\/barnahusutbildningen\/"]}]},{"@type":"BreadcrumbList","@id":"https:\/\/barnafrid.se\/kunskapsportal\/barnahusutbildningen\/#breadcrumb","itemListElement":[{"@type":"ListItem","position":1,"name":"Home","item":"https:\/\/barnafrid.se\/kunskapsportal\/"},{"@type":"ListItem","position":2,"name":"Barnahusutbildningen"}]},{"@type":"WebSite","@id":"https:\/\/barnafrid.se\/kunskapsportal\/#website","url":"https:\/\/barnafrid.se\/kunskapsportal\/","name":"Barnafrid","description":"Kunskapsportal om v\u00e5ld mot barn","potentialAction":[{"@type":"SearchAction","target":{"@type":"EntryPoint","urlTemplate":"https:\/\/barnafrid.se\/kunskapsportal\/?s={search_term_string}"},"query-input":{"@type":"PropertyValueSpecification","valueRequired":true,"valueName":"search_term_string"}}],"inLanguage":"sv-SE"}]}},"_links":{"self":[{"href":"https:\/\/barnafrid.se\/kunskapsportal\/wp-json\/wp\/v2\/pages\/6562","targetHints":{"allow":["GET"]}}],"collection":[{"href":"https:\/\/barnafrid.se\/kunskapsportal\/wp-json\/wp\/v2\/pages"}],"about":[{"href":"https:\/\/barnafrid.se\/kunskapsportal\/wp-json\/wp\/v2\/types\/page"}],"author":[{"embeddable":true,"href":"https:\/\/barnafrid.se\/kunskapsportal\/wp-json\/wp\/v2\/users\/26405"}],"replies":[{"embeddable":true,"href":"https:\/\/barnafrid.se\/kunskapsportal\/wp-json\/wp\/v2\/comments?post=6562"}],"version-history":[{"count":41,"href":"https:\/\/barnafrid.se\/kunskapsportal\/wp-json\/wp\/v2\/pages\/6562\/revisions"}],"predecessor-version":[{"id":15851,"href":"https:\/\/barnafrid.se\/kunskapsportal\/wp-json\/wp\/v2\/pages\/6562\/revisions\/15851"}],"wp:attachment":[{"href":"https:\/\/barnafrid.se\/kunskapsportal\/wp-json\/wp\/v2\/media?parent=6562"}],"wp:term":[{"taxonomy":"role","embeddable":true,"href":"https:\/\/barnafrid.se\/kunskapsportal\/wp-json\/wp\/v2\/role?post=6562"}],"curies":[{"name":"wp","href":"https:\/\/api.w.org\/{rel}","templated":true}]}}