{"id":6500,"date":"2022-10-27T14:41:03","date_gmt":"2022-10-27T12:41:03","guid":{"rendered":"https:\/\/barnafrid.se\/kunskapsportal\/?page_id=6500"},"modified":"2025-08-07T14:18:02","modified_gmt":"2025-08-07T12:18:02","slug":"lex-lilla-hjartat-nya-bestammelser-for-att-starka-principen-om-barnets-basta-for-placerade-barn","status":"publish","type":"page","link":"https:\/\/barnafrid.se\/kunskapsportal\/lex-lilla-hjartat-nya-bestammelser-for-att-starka-principen-om-barnets-basta-for-placerade-barn\/","title":{"rendered":"Lex lilla hj\u00e4rtat \u2013 nya best\u00e4mmelser f\u00f6r att st\u00e4rka principen om barnets b\u00e4sta f\u00f6r placerade barn"},"content":{"rendered":"<div class='Lead'>\n    <p>I k\u00f6lvattnet efter fallet med lilla hj\u00e4rtat har en rad nya best\u00e4mmelser inf\u00f6rts och fler \u00e4r p\u00e5 g\u00e5ng. F\u00f6r den som arbetar inom till exempel socialtj\u00e4nsten och ska till\u00e4mpa de nya lagarna, kan det vara en utmaning att h\u00e4nga med i de snabba f\u00f6r\u00e4ndringarna. Vi bj\u00f6d d\u00e4rf\u00f6r in professor Pernilla Leviner som \u00e4r professor i offentlig r\u00e4tt och f\u00f6rest\u00e5ndare f\u00f6r Barnr\u00e4ttscentrum vid Stockholms universitet f\u00f6r att ber\u00e4tta om de r\u00e4ttsliga f\u00f6r\u00e4ndringarna och f\u00f6rskjutningarna i den svenska sociala barnav\u00e5rden.<\/p><\/div>\n\n\n\n<p>Drygt 400 personer hade b\u00e4nkat sig framf\u00f6r sina sk\u00e4rmar en dag i september f\u00f6r att ta del av Pernillas Leviners f\u00f6rel\u00e4sning. Pernilla bj\u00f6d \u00e5h\u00f6rarna p\u00e5 en f\u00f6rel\u00e4sning d\u00e4r hon presenterade socialtj\u00e4nsten ur ett historiskt och r\u00e4ttsligt perspektiv f\u00f6r att skapa en f\u00f6rst\u00e5else f\u00f6r det komplexa uppdrag socialtj\u00e4nsten har. Hon gav ocks\u00e5 en \u00f6vergripande bild av de r\u00e4ttsliga f\u00f6r\u00e4ndringarna efter fallet med lilla hj\u00e4rtat och hur det ser ut fram\u00e5t.&nbsp; &nbsp;<\/p>\n\n\n\n<figure class=\"Image size-large\"><img loading=\"lazy\" decoding=\"async\" width=\"1024\" height=\"582\" src=\"https:\/\/barnafrid.se\/kunskapsportal\/wp-content\/uploads\/2022\/10\/pernilla2-1024x582.jpg\" alt=\"\" class=\"Image-img wp-image-6541\" srcset=\"https:\/\/barnafrid.se\/kunskapsportal\/wp-content\/uploads\/2022\/10\/pernilla2-1024x582.jpg 1024w, https:\/\/barnafrid.se\/kunskapsportal\/wp-content\/uploads\/2022\/10\/pernilla2-300x170.jpg 300w, https:\/\/barnafrid.se\/kunskapsportal\/wp-content\/uploads\/2022\/10\/pernilla2-768x436.jpg 768w, https:\/\/barnafrid.se\/kunskapsportal\/wp-content\/uploads\/2022\/10\/pernilla2-1536x873.jpg 1536w, https:\/\/barnafrid.se\/kunskapsportal\/wp-content\/uploads\/2022\/10\/pernilla2-2048x1163.jpg 2048w\" sizes=\"auto, (max-width: 1024px) 100vw, 1024px\" \/><figcaption class=\"wp-element-caption\">Pernilla Leviner (till h\u00f6ger) svarar p\u00e5 fr\u00e5gor fr\u00e5n deltagarna tillsammans med Maria Johansson som \u00e4r ansvarig f\u00f6r program socialtj\u00e4nsten p\u00e5 Barnafrid.<\/figcaption><\/figure>\n\n\n\n<h2 class=\"wp-block-heading\"><strong>Social barnav\u00e5rd \u2013 en r\u00e4ttslig balansg\u00e5ng<\/strong><\/h2>\n\n\n\n<p>Enligt Pernilla Leviner inneb\u00e4r den svenska sociala barnav\u00e5rden att balansera samh\u00e4llets ansvar att identifiera och utreda barn och ungas behov och ingripa till deras st\u00f6d och skydd, med att respektera f\u00f6r\u00e4ldrars r\u00e4tt som v\u00e5rdnadshavare och r\u00e4tten till privat- och familjeliv. Det handlar om en r\u00e4ttslig balansering mellan olika intressen och m\u00e4nskliga r\u00e4ttigheter.<\/p>\n\n\n\n<p>Hittills har det svenska barnskyddssystemet vilat p\u00e5 f\u00f6ljande principer:<\/p>\n\n\n\n<ul class=\"List\">\n<li class=\"List-item\">Familjest\u00f6djande system (j\u00e4mf\u00f6r risk- och skydd).<\/li>\n\n\n\n<li class=\"List-item\">L\u00e5g \u201dtr\u00f6skel\u201d f\u00f6r anm\u00e4lan och inledande av utredning (som successivt breddats).<\/li>\n\n\n\n<li class=\"List-item\">Frivillighet \u00e4r absolut huvudregel:\n<ul class=\"List\">\n<li class=\"List-item\">Utredning ska i f\u00f6rsta hand genomf\u00f6ras i samf\u00f6rst\u00e5nd. <\/li>\n\n\n\n<li class=\"List-item\">Insatser i hemmet prioriteras. <\/li>\n\n\n\n<li class=\"List-item\">Placeringar sker oftast med samtycke enligt socialtj\u00e4nstlagen. <\/li>\n<\/ul>\n<\/li>\n\n\n\n<li class=\"List-item\">Tv\u00e5ng \u00e4r undantag men:\n<ul class=\"List\">\n<li class=\"List-item\">Finns vissa \u201dtv\u00e5ngsbefogenheter\u201d i utredningar enligt socialtj\u00e4nstlagen. <\/li>\n\n\n\n<li class=\"List-item\">Placeringar kan ske utan samtycke enligt i LVU angivna allvarliga situationer. <\/li>\n<\/ul>\n<\/li>\n\n\n\n<li class=\"List-item\">Placeringar ska upph\u00f6ra s\u00e5 fort som m\u00f6jligt.\n<ul class=\"List\">\n<li class=\"List-item\">\u00c5terf\u00f6rening betonas (i alla fall under en tid).<\/li>\n\n\n\n<li class=\"List-item\">Efter avslutad LVU-placering g\u00e4ller frivillighet \u2013 viss uppf\u00f6ljningsm\u00f6jlighet.<\/li>\n<\/ul>\n<\/li>\n<\/ul>\n\n\n\n<p><strong>Social barnav\u00e5rd i f\u00f6r\u00e4ndring<\/strong><\/p>\n\n\n\n<ul class=\"List\">\n<li class=\"List-item\">P\u00e5g\u00e5ende trend att st\u00e4rka barns r\u00e4tt och inf\u00f6ra fler befogenheter f\u00f6r socialtj\u00e4nsten.\n<ul class=\"List\">\n<li class=\"List-item\">Samtal med barn utan v\u00e5rdnadshavares samtycke.<\/li>\n\n\n\n<li class=\"List-item\">\u00d6kad kriminalisering och betoning p\u00e5 anm\u00e4lan och utredning.<\/li>\n\n\n\n<li class=\"List-item\">Utresef\u00f6rbud med mera.<\/li>\n<\/ul>\n<\/li>\n\n\n\n<li class=\"List-item\">Barnkonventionen blev svensk lag januari 2020.<\/li>\n\n\n\n<li class=\"List-item\">Lilla hj\u00e4rtat-reformer \u2013 v\u00e5ren 2020 och fram\u00e5t.<\/li>\n\n\n\n<li class=\"List-item\">Betoning och f\u00f6rv\u00e4ntningar p\u00e5 socialtj\u00e4nsten att bek\u00e4mpa g\u00e4ngkriminalitet, v\u00e5ldbejakande extremism och hedersrelaterad brottslighet.<\/li>\n\n\n\n<li class=\"List-item\">P\u00e5g\u00e5ende desinformationskampanj mot socialtj\u00e4nsten.<\/li>\n<\/ul>\n\n\n\n<h2 class=\"wp-block-heading\"><strong>Lilla hj\u00e4rtat och reformerna som f\u00f6ljde<\/strong><\/h2>\n\n\n\n<p>Omv\u00e4rldens reaktioner blev kraftiga n\u00e4r fallet med lilla hj\u00e4rtat uppm\u00e4rksammades i Dagens Nyheter i mars 2020. M\u00e5nga var fr\u00e5gorna som v\u00e4cktes: N\u00e4r och b\u00f6r barn som varit placerade flytta hem igen? Hur ska \u00e5terf\u00f6rening balanseras mot barns behov av stabilitet och kontinuitet? B\u00f6r man st\u00e4lla krav p\u00e5 drogfrihet hos f\u00f6r\u00e4ldrar inf\u00f6r umg\u00e4nge och hemflytt? Hur ska situationen f\u00f6r barn som flyttar hem f\u00f6ljas upp?<br>Fr\u00e5gorna och de d\u00e4rp\u00e5 f\u00f6ljande diskussionerna f\u00f6ranledde en intensiv aktivitet hos politiska partier, riksdag och regering. Redan under 2020 togs en rad initiativ till utredningar och uppdrag: <\/p>\n\n\n\n<ul class=\"List\">\n<li class=\"List-item\">April &#8211; regeringen tillsatte en utredare med uppdrag att utreda placerade barns r\u00e4ttigheter.\n<ul class=\"List\">\n<li class=\"List-item\">Genomf\u00f6rda \u00e4ndringar i lagstiftningen i mars 2021 och juli 2022.<\/li>\n<\/ul>\n<\/li>\n\n\n\n<li class=\"List-item\">Juni &#8211; regeringen gav Socialstyrelsen i uppdrag att genomf\u00f6ra kunskapsh\u00f6jande insatser inom familjehemsv\u00e5rden.<\/li>\n\n\n\n<li class=\"List-item\">Juni &#8211; riksdagens socialutskott &#8211; initiativ till lagstiftning.\n<ul class=\"List\">\n<li class=\"List-item\">Genomf\u00f6rda \u00e4ndringar mars 2021.<\/li>\n\n\n\n<li class=\"List-item\">Utredning klar mars 2022 (nu p\u00e5 remiss).<\/li>\n<\/ul>\n<\/li>\n\n\n\n<li class=\"List-item\">Oktober \u2013 IVO riktar allvarlig kritik mot Norrk\u00f6pings kommun.<\/li>\n\n\n\n<li class=\"List-item\">November \u2013 Regeringen gav IVO i uppdrag att f\u00f6rst\u00e4rka tillsynen av socialtj\u00e4nstens handl\u00e4ggning i barnskydds\u00e4renden.<\/li>\n<\/ul>\n\n\n\n<p>&#8211; Det \u00e4r sv\u00e5rt att ge en tydlig bild av de reformer, utredningar, uppdrag och f\u00f6rslag som har lagts fram sedan 2020. Fortfarande \u00e4r mycket p\u00e5g\u00e5ende arbete. Det g\u00f6r det utmanade att beskriva vad som g\u00e4ller och hur socialtj\u00e4nsten ska till\u00e4mpa de nya best\u00e4mmelserna menar Pernilla Leviner. <\/p>\n\n\n<section class=\"ArticleSection \">\n  \n<aside class='Box Box--discussion '>\n            <h3 class=\"Box-title\">\n            De reformer som redan har genomf\u00f6rts \u00e4r f\u00f6ljande:        <\/h3>\n        \n\n<ul class=\"List\">\n<li class=\"List-item\">Mars 2021 Prop. 2021\/21:35 och Socialutskottsbet\u00e4nkande 2020\/21: SoU5\n<ul class=\"List\">\n<li class=\"List-item\">Lista med vad som ska v\u00e4gas in vid v\u00e5rdnads\u00f6verflyttning (efter tre \u00e5r) \u2013(SoL 6:8 och LVU 13 \u00a7), samt regelbundna \u00f6verv\u00e4ganden av v\u00e5rdnads\u00f6verflyttning (varje \u00e5r efter tre \u00e5r)<\/li>\n\n\n\n<li class=\"List-item\">V\u00e5rdplan med l\u00e5ngsiktig planering efter tv\u00e5 \u00e5r (SoL 11:3)<\/li>\n\n\n\n<li class=\"List-item\">S\u00e4rskilda l\u00e4mplighetskrav f\u00f6r offentliga bitr\u00e4den (39 \u00a7 LVU)<br><\/li>\n<\/ul>\n<\/li>\n\n\n\n<li class=\"List-item\">Juli 2022 Prop. 2021\/22:178 (Regeringens f\u00f6rslag)\n<ul class=\"List\">\n<li class=\"List-item\">Till\u00e4gg 21 \u00a7 LVU \u2013 varaktiga och genomgripande f\u00f6r\u00e4ndringar kr\u00e4vs f\u00f6r upph\u00f6rande<\/li>\n\n\n\n<li class=\"List-item\">Obligatoriska \u00f6verv\u00e4ganden av flyttf\u00f6rbud vid upph\u00f6rande av LVU och avslut SoL-placering<\/li>\n\n\n\n<li class=\"List-item\">\u00d6verv\u00e4gande av v\u00e5rdnads\u00f6verflyttning efter tv\u00e5 \u00e5r<\/li>\n\n\n\n<li class=\"List-item\">Uppf\u00f6ljning under sex m\u00e5nader efter placering (tidigare tv\u00e5)<\/li>\n\n\n\n<li class=\"List-item\">Befogenhet att besluta om att v\u00e5rdnadshavare ska uppmanas att drogtestas inf\u00f6r umg\u00e4nge och hemflytt<\/li>\n<\/ul>\n<\/li>\n<\/ul>\n\n<\/aside>\n\n<\/section>\n\n\n\n<p>Ut\u00f6ver dessa redan inf\u00f6rda f\u00f6r\u00e4ndringar startades i maj 2021 en utredning som blev klar i mars 2022, och som d\u00e4refter har skickats ut p\u00e5 remiss. Den baseras p\u00e5 ett f\u00f6rslag fr\u00e5n riksdagens socialutskott, d\u00e4r utredningen p\u00e5gick samtidigt som den utredning som ledde fram till f\u00f6r\u00e4ndringarna som tr\u00e4dde i kraft i juli 2022. F\u00f6rslaget inneb\u00e4r bland annat att man vill inf\u00f6ra en ny grund f\u00f6r att kunna forts\u00e4tta tv\u00e5ngsv\u00e5rden trots att f\u00f6r\u00e4ldrarna har ordnat upp sin situation. Detta utifr\u00e5n att \u00e4ven v\u00e4ga in barnets b\u00e4sta som ett sj\u00e4lvst\u00e4ndigt rekvisit i bed\u00f6mningen. Fr\u00e5gorna h\u00e4nger t\u00e4tt samman men har utretts var f\u00f6r sig vilket g\u00f6r det sv\u00e5rt att just nu se helheten.<\/p>\n\n\n\n<h2 class=\"wp-block-heading\"><strong>P\u00e5g\u00e5ende utredningar<\/strong><\/h2>\n\n\n\n<p>Kopplat till lex lilla hj\u00e4rtat p\u00e5g\u00e5r ytterligare tv\u00e5 utredningar, en som har tillsatts av Justitiedepartementet (Dir. 2021:70) som ska redovisas i december 2022. Den utreder bland annat om f\u00f6ruts\u00e4ttningarna f\u00f6r v\u00e5rdnads\u00f6verflyttning och adoption b\u00f6r \u00e4ndras f\u00f6r att tillgodose familjehemsplacerade barns r\u00e4tt till trygghet och stabilitet, samt om behovet av \u00e5tg\u00e4rder f\u00f6r att underl\u00e4tta f\u00f6ruts\u00e4ttningarna f\u00f6r pr\u00f6vningen av fr\u00e5gor om v\u00e5rdnads\u00f6verflyttning f\u00f6r barn i familjehem. Den andra p\u00e5g\u00e5ende utredningen har tillsatts av Socialdepartementet (Dir. 2021:84) och ska redovisas i april 2023. Den handlar bland annat om hur kvaliteten i v\u00e5rden av barn och unga som placeras utanf\u00f6r det egna hemmet kan s\u00e4kerst\u00e4llas, hur st\u00f6det till barn och unga kan f\u00f6rb\u00e4ttras sedan v\u00e5rd utanf\u00f6r det egna hemmet har upph\u00f6rt, samt familjehemmens f\u00f6ruts\u00e4ttningar att ge god v\u00e5rd. Den ska ocks\u00e5 f\u00f6resl\u00e5 hur tillg\u00e5ngen till fler l\u00e4mpliga familjehem kan \u00f6ka.<br><br>Diskussionerna kring lex lilla hj\u00e4rtat kommer sannolikt att forts\u00e4tta, och k\u00e4rnan har hittills varit \u00f6kad betoning p\u00e5 stabilitet ist\u00e4llet f\u00f6r \u00e5terf\u00f6rening, och en f\u00f6rskjutning fr\u00e5n frivillighet till mer tv\u00e5ng, kontroll och insyn.<br>&#8211; Det h\u00e4r \u00e4r sv\u00e5ra fr\u00e5gor som inte har n\u00e5gra enkla l\u00f6sningar. Det handlar ocks\u00e5 om s\u00e5 mycket mer \u00e4n juridik, avslutar Pernilla.<br><\/p>\n\n\n<section class=\"ArticleSection \">\n  \n<aside class='Box Box--important '>\n            <h3 class=\"Box-title\">\n            L\u00e4s mer:        <\/h3>\n        \n\n<p><a href=\"https:\/\/www.socialstyrelsen.se\/contentassets\/3b336eefe2834cc9aa5589d2b5b9f976\/2022-6-8062.pdf\" target=\"_blank\" rel=\"noreferrer noopener\">Socialstyrelsens meddelandeblad: Nya best\u00e4mmelser om barnets b\u00e4sta n\u00e4r v\u00e5rd enligt LVU upph\u00f6r \u2013 lex lilla hj\u00e4rtat<\/a><\/p>\n\n\n\n<p><a rel=\"noreferrer noopener\" href=\"https:\/\/www.su.se\/stockholms-barnrattscentrum\/\" target=\"_blank\">Om Stockholms barnr\u00e4ttscentrum<\/a><\/p>\n\n<\/aside>\n\n<\/section>\n","protected":false},"excerpt":{"rendered":"<p>Drygt 400 personer hade b\u00e4nkat sig framf\u00f6r sina sk\u00e4rmar en dag i september f\u00f6r att ta del av Pernillas Leviners f\u00f6rel\u00e4sning. Pernilla bj\u00f6d \u00e5h\u00f6rarna p\u00e5 en f\u00f6rel\u00e4sning d\u00e4r hon presenterade socialtj\u00e4nsten ur ett historiskt och r\u00e4ttsligt perspektiv f\u00f6r att skapa en f\u00f6rst\u00e5else f\u00f6r det komplexa uppdrag socialtj\u00e4nsten har. Hon gav ocks\u00e5 en \u00f6vergripande bild av [&hellip;]<\/p>\n","protected":false},"author":9,"featured_media":0,"parent":0,"menu_order":0,"comment_status":"closed","ping_status":"closed","template":"","meta":{"h5ap_radio_sources":[],"footnotes":""},"role":[],"class_list":["post-6500","page","type-page","status-publish","hentry"],"yoast_head":"<!-- This site is optimized with the Yoast SEO plugin v27.3 - https:\/\/yoast.com\/product\/yoast-seo-wordpress\/ -->\n<title>Lex lilla hj\u00e4rtat \u2013 nya best\u00e4mmelser f\u00f6r att st\u00e4rka principen om barnets b\u00e4sta f\u00f6r placerade barn - Barnafrid<\/title>\n<meta name=\"robots\" content=\"index, follow, max-snippet:-1, max-image-preview:large, max-video-preview:-1\" \/>\n<link rel=\"canonical\" href=\"https:\/\/barnafrid.se\/kunskapsportal\/lex-lilla-hjartat-nya-bestammelser-for-att-starka-principen-om-barnets-basta-for-placerade-barn\/\" \/>\n<meta property=\"og:locale\" content=\"sv_SE\" \/>\n<meta property=\"og:type\" content=\"article\" \/>\n<meta property=\"og:title\" content=\"Lex lilla hj\u00e4rtat \u2013 nya best\u00e4mmelser f\u00f6r att st\u00e4rka principen om barnets b\u00e4sta f\u00f6r placerade barn - Barnafrid\" \/>\n<meta property=\"og:description\" content=\"Drygt 400 personer hade b\u00e4nkat sig framf\u00f6r sina sk\u00e4rmar en dag i september f\u00f6r att ta del av Pernillas Leviners f\u00f6rel\u00e4sning. Pernilla bj\u00f6d \u00e5h\u00f6rarna p\u00e5 en f\u00f6rel\u00e4sning d\u00e4r hon presenterade socialtj\u00e4nsten ur ett historiskt och r\u00e4ttsligt perspektiv f\u00f6r att skapa en f\u00f6rst\u00e5else f\u00f6r det komplexa uppdrag socialtj\u00e4nsten har. Hon gav ocks\u00e5 en \u00f6vergripande bild av [&hellip;]\" \/>\n<meta property=\"og:url\" content=\"https:\/\/barnafrid.se\/kunskapsportal\/lex-lilla-hjartat-nya-bestammelser-for-att-starka-principen-om-barnets-basta-for-placerade-barn\/\" \/>\n<meta property=\"og:site_name\" content=\"Barnafrid\" \/>\n<meta property=\"article:modified_time\" content=\"2025-08-07T12:18:02+00:00\" \/>\n<meta property=\"og:image\" content=\"https:\/\/barnafrid.se\/kunskapsportal\/wp-content\/uploads\/2022\/10\/pernilla2-scaled.jpg\" \/>\n\t<meta property=\"og:image:width\" content=\"2560\" \/>\n\t<meta property=\"og:image:height\" content=\"1454\" \/>\n\t<meta property=\"og:image:type\" content=\"image\/jpeg\" \/>\n<meta name=\"twitter:card\" content=\"summary_large_image\" \/>\n<meta name=\"twitter:label1\" content=\"Ber\u00e4knad l\u00e4stid\" \/>\n\t<meta name=\"twitter:data1\" content=\"5 minuter\" \/>\n<script type=\"application\/ld+json\" class=\"yoast-schema-graph\">{\"@context\":\"https:\\\/\\\/schema.org\",\"@graph\":[{\"@type\":\"WebPage\",\"@id\":\"https:\\\/\\\/barnafrid.se\\\/kunskapsportal\\\/lex-lilla-hjartat-nya-bestammelser-for-att-starka-principen-om-barnets-basta-for-placerade-barn\\\/\",\"url\":\"https:\\\/\\\/barnafrid.se\\\/kunskapsportal\\\/lex-lilla-hjartat-nya-bestammelser-for-att-starka-principen-om-barnets-basta-for-placerade-barn\\\/\",\"name\":\"Lex lilla hj\u00e4rtat \u2013 nya best\u00e4mmelser f\u00f6r att st\u00e4rka principen om barnets b\u00e4sta f\u00f6r placerade barn - Barnafrid\",\"isPartOf\":{\"@id\":\"https:\\\/\\\/barnafrid.se\\\/kunskapsportal\\\/#website\"},\"primaryImageOfPage\":{\"@id\":\"https:\\\/\\\/barnafrid.se\\\/kunskapsportal\\\/lex-lilla-hjartat-nya-bestammelser-for-att-starka-principen-om-barnets-basta-for-placerade-barn\\\/#primaryimage\"},\"image\":{\"@id\":\"https:\\\/\\\/barnafrid.se\\\/kunskapsportal\\\/lex-lilla-hjartat-nya-bestammelser-for-att-starka-principen-om-barnets-basta-for-placerade-barn\\\/#primaryimage\"},\"thumbnailUrl\":\"https:\\\/\\\/barnafrid.se\\\/kunskapsportal\\\/wp-content\\\/uploads\\\/2022\\\/10\\\/pernilla2-1024x582.jpg\",\"datePublished\":\"2022-10-27T12:41:03+00:00\",\"dateModified\":\"2025-08-07T12:18:02+00:00\",\"breadcrumb\":{\"@id\":\"https:\\\/\\\/barnafrid.se\\\/kunskapsportal\\\/lex-lilla-hjartat-nya-bestammelser-for-att-starka-principen-om-barnets-basta-for-placerade-barn\\\/#breadcrumb\"},\"inLanguage\":\"sv-SE\",\"potentialAction\":[{\"@type\":\"ReadAction\",\"target\":[\"https:\\\/\\\/barnafrid.se\\\/kunskapsportal\\\/lex-lilla-hjartat-nya-bestammelser-for-att-starka-principen-om-barnets-basta-for-placerade-barn\\\/\"]}]},{\"@type\":\"ImageObject\",\"inLanguage\":\"sv-SE\",\"@id\":\"https:\\\/\\\/barnafrid.se\\\/kunskapsportal\\\/lex-lilla-hjartat-nya-bestammelser-for-att-starka-principen-om-barnets-basta-for-placerade-barn\\\/#primaryimage\",\"url\":\"https:\\\/\\\/barnafrid.se\\\/kunskapsportal\\\/wp-content\\\/uploads\\\/2022\\\/10\\\/pernilla2-scaled.jpg\",\"contentUrl\":\"https:\\\/\\\/barnafrid.se\\\/kunskapsportal\\\/wp-content\\\/uploads\\\/2022\\\/10\\\/pernilla2-scaled.jpg\",\"width\":2560,\"height\":1454},{\"@type\":\"BreadcrumbList\",\"@id\":\"https:\\\/\\\/barnafrid.se\\\/kunskapsportal\\\/lex-lilla-hjartat-nya-bestammelser-for-att-starka-principen-om-barnets-basta-for-placerade-barn\\\/#breadcrumb\",\"itemListElement\":[{\"@type\":\"ListItem\",\"position\":1,\"name\":\"Home\",\"item\":\"https:\\\/\\\/barnafrid.se\\\/kunskapsportal\\\/\"},{\"@type\":\"ListItem\",\"position\":2,\"name\":\"Lex lilla hj\u00e4rtat \u2013 nya best\u00e4mmelser f\u00f6r att st\u00e4rka principen om barnets b\u00e4sta f\u00f6r placerade barn\"}]},{\"@type\":\"WebSite\",\"@id\":\"https:\\\/\\\/barnafrid.se\\\/kunskapsportal\\\/#website\",\"url\":\"https:\\\/\\\/barnafrid.se\\\/kunskapsportal\\\/\",\"name\":\"Barnafrid\",\"description\":\"Kunskapsportal om v\u00e5ld mot barn\",\"potentialAction\":[{\"@type\":\"SearchAction\",\"target\":{\"@type\":\"EntryPoint\",\"urlTemplate\":\"https:\\\/\\\/barnafrid.se\\\/kunskapsportal\\\/?s={search_term_string}\"},\"query-input\":{\"@type\":\"PropertyValueSpecification\",\"valueRequired\":true,\"valueName\":\"search_term_string\"}}],\"inLanguage\":\"sv-SE\"}]}<\/script>\n<!-- \/ Yoast SEO plugin. -->","yoast_head_json":{"title":"Lex lilla hj\u00e4rtat \u2013 nya best\u00e4mmelser f\u00f6r att st\u00e4rka principen om barnets b\u00e4sta f\u00f6r placerade barn - Barnafrid","robots":{"index":"index","follow":"follow","max-snippet":"max-snippet:-1","max-image-preview":"max-image-preview:large","max-video-preview":"max-video-preview:-1"},"canonical":"https:\/\/barnafrid.se\/kunskapsportal\/lex-lilla-hjartat-nya-bestammelser-for-att-starka-principen-om-barnets-basta-for-placerade-barn\/","og_locale":"sv_SE","og_type":"article","og_title":"Lex lilla hj\u00e4rtat \u2013 nya best\u00e4mmelser f\u00f6r att st\u00e4rka principen om barnets b\u00e4sta f\u00f6r placerade barn - Barnafrid","og_description":"Drygt 400 personer hade b\u00e4nkat sig framf\u00f6r sina sk\u00e4rmar en dag i september f\u00f6r att ta del av Pernillas Leviners f\u00f6rel\u00e4sning. Pernilla bj\u00f6d \u00e5h\u00f6rarna p\u00e5 en f\u00f6rel\u00e4sning d\u00e4r hon presenterade socialtj\u00e4nsten ur ett historiskt och r\u00e4ttsligt perspektiv f\u00f6r att skapa en f\u00f6rst\u00e5else f\u00f6r det komplexa uppdrag socialtj\u00e4nsten har. Hon gav ocks\u00e5 en \u00f6vergripande bild av [&hellip;]","og_url":"https:\/\/barnafrid.se\/kunskapsportal\/lex-lilla-hjartat-nya-bestammelser-for-att-starka-principen-om-barnets-basta-for-placerade-barn\/","og_site_name":"Barnafrid","article_modified_time":"2025-08-07T12:18:02+00:00","og_image":[{"width":2560,"height":1454,"url":"https:\/\/barnafrid.se\/kunskapsportal\/wp-content\/uploads\/2022\/10\/pernilla2-scaled.jpg","type":"image\/jpeg"}],"twitter_card":"summary_large_image","twitter_misc":{"Ber\u00e4knad l\u00e4stid":"5 minuter"},"schema":{"@context":"https:\/\/schema.org","@graph":[{"@type":"WebPage","@id":"https:\/\/barnafrid.se\/kunskapsportal\/lex-lilla-hjartat-nya-bestammelser-for-att-starka-principen-om-barnets-basta-for-placerade-barn\/","url":"https:\/\/barnafrid.se\/kunskapsportal\/lex-lilla-hjartat-nya-bestammelser-for-att-starka-principen-om-barnets-basta-for-placerade-barn\/","name":"Lex lilla hj\u00e4rtat \u2013 nya best\u00e4mmelser f\u00f6r att st\u00e4rka principen om barnets b\u00e4sta f\u00f6r placerade barn - Barnafrid","isPartOf":{"@id":"https:\/\/barnafrid.se\/kunskapsportal\/#website"},"primaryImageOfPage":{"@id":"https:\/\/barnafrid.se\/kunskapsportal\/lex-lilla-hjartat-nya-bestammelser-for-att-starka-principen-om-barnets-basta-for-placerade-barn\/#primaryimage"},"image":{"@id":"https:\/\/barnafrid.se\/kunskapsportal\/lex-lilla-hjartat-nya-bestammelser-for-att-starka-principen-om-barnets-basta-for-placerade-barn\/#primaryimage"},"thumbnailUrl":"https:\/\/barnafrid.se\/kunskapsportal\/wp-content\/uploads\/2022\/10\/pernilla2-1024x582.jpg","datePublished":"2022-10-27T12:41:03+00:00","dateModified":"2025-08-07T12:18:02+00:00","breadcrumb":{"@id":"https:\/\/barnafrid.se\/kunskapsportal\/lex-lilla-hjartat-nya-bestammelser-for-att-starka-principen-om-barnets-basta-for-placerade-barn\/#breadcrumb"},"inLanguage":"sv-SE","potentialAction":[{"@type":"ReadAction","target":["https:\/\/barnafrid.se\/kunskapsportal\/lex-lilla-hjartat-nya-bestammelser-for-att-starka-principen-om-barnets-basta-for-placerade-barn\/"]}]},{"@type":"ImageObject","inLanguage":"sv-SE","@id":"https:\/\/barnafrid.se\/kunskapsportal\/lex-lilla-hjartat-nya-bestammelser-for-att-starka-principen-om-barnets-basta-for-placerade-barn\/#primaryimage","url":"https:\/\/barnafrid.se\/kunskapsportal\/wp-content\/uploads\/2022\/10\/pernilla2-scaled.jpg","contentUrl":"https:\/\/barnafrid.se\/kunskapsportal\/wp-content\/uploads\/2022\/10\/pernilla2-scaled.jpg","width":2560,"height":1454},{"@type":"BreadcrumbList","@id":"https:\/\/barnafrid.se\/kunskapsportal\/lex-lilla-hjartat-nya-bestammelser-for-att-starka-principen-om-barnets-basta-for-placerade-barn\/#breadcrumb","itemListElement":[{"@type":"ListItem","position":1,"name":"Home","item":"https:\/\/barnafrid.se\/kunskapsportal\/"},{"@type":"ListItem","position":2,"name":"Lex lilla hj\u00e4rtat \u2013 nya best\u00e4mmelser f\u00f6r att st\u00e4rka principen om barnets b\u00e4sta f\u00f6r placerade barn"}]},{"@type":"WebSite","@id":"https:\/\/barnafrid.se\/kunskapsportal\/#website","url":"https:\/\/barnafrid.se\/kunskapsportal\/","name":"Barnafrid","description":"Kunskapsportal om v\u00e5ld mot barn","potentialAction":[{"@type":"SearchAction","target":{"@type":"EntryPoint","urlTemplate":"https:\/\/barnafrid.se\/kunskapsportal\/?s={search_term_string}"},"query-input":{"@type":"PropertyValueSpecification","valueRequired":true,"valueName":"search_term_string"}}],"inLanguage":"sv-SE"}]}},"_links":{"self":[{"href":"https:\/\/barnafrid.se\/kunskapsportal\/wp-json\/wp\/v2\/pages\/6500","targetHints":{"allow":["GET"]}}],"collection":[{"href":"https:\/\/barnafrid.se\/kunskapsportal\/wp-json\/wp\/v2\/pages"}],"about":[{"href":"https:\/\/barnafrid.se\/kunskapsportal\/wp-json\/wp\/v2\/types\/page"}],"author":[{"embeddable":true,"href":"https:\/\/barnafrid.se\/kunskapsportal\/wp-json\/wp\/v2\/users\/9"}],"replies":[{"embeddable":true,"href":"https:\/\/barnafrid.se\/kunskapsportal\/wp-json\/wp\/v2\/comments?post=6500"}],"version-history":[{"count":43,"href":"https:\/\/barnafrid.se\/kunskapsportal\/wp-json\/wp\/v2\/pages\/6500\/revisions"}],"predecessor-version":[{"id":16194,"href":"https:\/\/barnafrid.se\/kunskapsportal\/wp-json\/wp\/v2\/pages\/6500\/revisions\/16194"}],"wp:attachment":[{"href":"https:\/\/barnafrid.se\/kunskapsportal\/wp-json\/wp\/v2\/media?parent=6500"}],"wp:term":[{"taxonomy":"role","embeddable":true,"href":"https:\/\/barnafrid.se\/kunskapsportal\/wp-json\/wp\/v2\/role?post=6500"}],"curies":[{"name":"wp","href":"https:\/\/api.w.org\/{rel}","templated":true}]}}