{"id":4335,"date":"2022-04-20T08:40:59","date_gmt":"2022-04-20T06:40:59","guid":{"rendered":"https:\/\/barnafrid.se\/kunskapsportal\/?page_id=4335"},"modified":"2022-04-20T12:20:47","modified_gmt":"2022-04-20T10:20:47","slug":"socialstyrelsens-dodsfallsutredningar-2018-2021","status":"publish","type":"page","link":"https:\/\/barnafrid.se\/kunskapsportal\/socialstyrelsens-dodsfallsutredningar-2018-2021\/","title":{"rendered":"Socialstyrelsens d\u00f6dsfallsutredningar 2018-2021"},"content":{"rendered":"\n<p>I januari 2022 sl\u00e4pptes Socialstyrelsens rapport om utredningar av vissa fall n\u00e4r exempelvis ett barn har blivit grovt misshandlat eller d\u00f6dats av en n\u00e4rst\u00e5ende, eller n\u00e4r en vuxen person har d\u00f6dats av en n\u00e4rst\u00e5ende. Vi bj\u00f6d in Moa Mannheimer, utredare p\u00e5 myndigheten, f\u00f6r att i ett webbinarium ber\u00e4tta om slutsatserna i rapporten med fokus p\u00e5 barnutredningarna.<\/p>\n\n\n<div class=\"Videos\">\n        <div class=\"Video Video--original Video--visible\">\n        \n        <figure class=\"VideoPlayer\">\n            <div class=\"VideoPlayer-video VideoPlayer-video--aspect16_9 VideoPlayer-video--hasAspectRatio\">\n                <iframe loading=\"lazy\"\n                    title=\"Video\"\n                    src=\"https:\/\/player.vimeo.com\/video\/696916765?dnt=1&#038;app_id=122963\"\n                    width=\"500\"\n                    height=\"281\"\n                    frameborder=\"0\"\n                    allow=\"autoplay; fullscreen\"\n                    allowfullscreen\n                ><\/iframe>\n            <\/div>\n        <\/figure>\n            <\/div>\n    \n    \n    \n    <div class=\"VideosVersions\">\n        \n            <\/div>\n<\/div>\n\n\n\n<p><\/p>\n","protected":false},"excerpt":{"rendered":"<p>I januari 2022 sl\u00e4pptes Socialstyrelsens rapport om utredningar av vissa fall n\u00e4r exempelvis ett barn har blivit grovt misshandlat eller d\u00f6dats av en n\u00e4rst\u00e5ende, eller n\u00e4r en vuxen person har d\u00f6dats av en n\u00e4rst\u00e5ende. Vi bj\u00f6d in Moa Mannheimer, utredare p\u00e5 myndigheten, f\u00f6r att i ett webbinarium ber\u00e4tta om slutsatserna i rapporten med fokus p\u00e5 [&hellip;]<\/p>\n","protected":false},"author":9,"featured_media":0,"parent":0,"menu_order":0,"comment_status":"closed","ping_status":"closed","template":"","meta":{"h5ap_radio_sources":[],"footnotes":""},"role":[],"class_list":["post-4335","page","type-page","status-publish","hentry"],"yoast_head":"<!-- This site is optimized with the Yoast SEO plugin v27.4 - https:\/\/yoast.com\/product\/yoast-seo-wordpress\/ -->\n<title>Socialstyrelsens d\u00f6dsfallsutredningar 2018-2021 - Barnafrid<\/title>\n<meta name=\"robots\" content=\"index, follow, max-snippet:-1, max-image-preview:large, max-video-preview:-1\" \/>\n<link rel=\"canonical\" href=\"https:\/\/barnafrid.se\/kunskapsportal\/socialstyrelsens-dodsfallsutredningar-2018-2021\/\" \/>\n<meta property=\"og:locale\" content=\"sv_SE\" \/>\n<meta property=\"og:type\" content=\"article\" \/>\n<meta property=\"og:title\" content=\"Socialstyrelsens d\u00f6dsfallsutredningar 2018-2021 - Barnafrid\" \/>\n<meta property=\"og:description\" content=\"I januari 2022 sl\u00e4pptes Socialstyrelsens rapport om utredningar av vissa fall n\u00e4r exempelvis ett barn har blivit grovt misshandlat eller d\u00f6dats av en n\u00e4rst\u00e5ende, eller n\u00e4r en vuxen person har d\u00f6dats av en n\u00e4rst\u00e5ende. Vi bj\u00f6d in Moa Mannheimer, utredare p\u00e5 myndigheten, f\u00f6r att i ett webbinarium ber\u00e4tta om slutsatserna i rapporten med fokus p\u00e5 [&hellip;]\" \/>\n<meta property=\"og:url\" content=\"https:\/\/barnafrid.se\/kunskapsportal\/socialstyrelsens-dodsfallsutredningar-2018-2021\/\" \/>\n<meta property=\"og:site_name\" content=\"Barnafrid\" \/>\n<meta property=\"article:modified_time\" content=\"2022-04-20T10:20:47+00:00\" \/>\n<meta name=\"twitter:card\" content=\"summary_large_image\" \/>\n<script type=\"application\/ld+json\" class=\"yoast-schema-graph\">{\"@context\":\"https:\\\/\\\/schema.org\",\"@graph\":[{\"@type\":\"WebPage\",\"@id\":\"https:\\\/\\\/barnafrid.se\\\/kunskapsportal\\\/socialstyrelsens-dodsfallsutredningar-2018-2021\\\/\",\"url\":\"https:\\\/\\\/barnafrid.se\\\/kunskapsportal\\\/socialstyrelsens-dodsfallsutredningar-2018-2021\\\/\",\"name\":\"Socialstyrelsens d\u00f6dsfallsutredningar 2018-2021 - Barnafrid\",\"isPartOf\":{\"@id\":\"https:\\\/\\\/barnafrid.se\\\/kunskapsportal\\\/#website\"},\"datePublished\":\"2022-04-20T06:40:59+00:00\",\"dateModified\":\"2022-04-20T10:20:47+00:00\",\"breadcrumb\":{\"@id\":\"https:\\\/\\\/barnafrid.se\\\/kunskapsportal\\\/socialstyrelsens-dodsfallsutredningar-2018-2021\\\/#breadcrumb\"},\"inLanguage\":\"sv-SE\",\"potentialAction\":[{\"@type\":\"ReadAction\",\"target\":[\"https:\\\/\\\/barnafrid.se\\\/kunskapsportal\\\/socialstyrelsens-dodsfallsutredningar-2018-2021\\\/\"]}]},{\"@type\":\"BreadcrumbList\",\"@id\":\"https:\\\/\\\/barnafrid.se\\\/kunskapsportal\\\/socialstyrelsens-dodsfallsutredningar-2018-2021\\\/#breadcrumb\",\"itemListElement\":[{\"@type\":\"ListItem\",\"position\":1,\"name\":\"Home\",\"item\":\"https:\\\/\\\/barnafrid.se\\\/kunskapsportal\\\/\"},{\"@type\":\"ListItem\",\"position\":2,\"name\":\"Socialstyrelsens d\u00f6dsfallsutredningar 2018-2021\"}]},{\"@type\":\"WebSite\",\"@id\":\"https:\\\/\\\/barnafrid.se\\\/kunskapsportal\\\/#website\",\"url\":\"https:\\\/\\\/barnafrid.se\\\/kunskapsportal\\\/\",\"name\":\"Barnafrid\",\"description\":\"Kunskapsportal om v\u00e5ld mot barn\",\"potentialAction\":[{\"@type\":\"SearchAction\",\"target\":{\"@type\":\"EntryPoint\",\"urlTemplate\":\"https:\\\/\\\/barnafrid.se\\\/kunskapsportal\\\/?s={search_term_string}\"},\"query-input\":{\"@type\":\"PropertyValueSpecification\",\"valueRequired\":true,\"valueName\":\"search_term_string\"}}],\"inLanguage\":\"sv-SE\"}]}<\/script>\n<!-- \/ Yoast SEO plugin. -->","yoast_head_json":{"title":"Socialstyrelsens d\u00f6dsfallsutredningar 2018-2021 - Barnafrid","robots":{"index":"index","follow":"follow","max-snippet":"max-snippet:-1","max-image-preview":"max-image-preview:large","max-video-preview":"max-video-preview:-1"},"canonical":"https:\/\/barnafrid.se\/kunskapsportal\/socialstyrelsens-dodsfallsutredningar-2018-2021\/","og_locale":"sv_SE","og_type":"article","og_title":"Socialstyrelsens d\u00f6dsfallsutredningar 2018-2021 - Barnafrid","og_description":"I januari 2022 sl\u00e4pptes Socialstyrelsens rapport om utredningar av vissa fall n\u00e4r exempelvis ett barn har blivit grovt misshandlat eller d\u00f6dats av en n\u00e4rst\u00e5ende, eller n\u00e4r en vuxen person har d\u00f6dats av en n\u00e4rst\u00e5ende. Vi bj\u00f6d in Moa Mannheimer, utredare p\u00e5 myndigheten, f\u00f6r att i ett webbinarium ber\u00e4tta om slutsatserna i rapporten med fokus p\u00e5 [&hellip;]","og_url":"https:\/\/barnafrid.se\/kunskapsportal\/socialstyrelsens-dodsfallsutredningar-2018-2021\/","og_site_name":"Barnafrid","article_modified_time":"2022-04-20T10:20:47+00:00","twitter_card":"summary_large_image","schema":{"@context":"https:\/\/schema.org","@graph":[{"@type":"WebPage","@id":"https:\/\/barnafrid.se\/kunskapsportal\/socialstyrelsens-dodsfallsutredningar-2018-2021\/","url":"https:\/\/barnafrid.se\/kunskapsportal\/socialstyrelsens-dodsfallsutredningar-2018-2021\/","name":"Socialstyrelsens d\u00f6dsfallsutredningar 2018-2021 - Barnafrid","isPartOf":{"@id":"https:\/\/barnafrid.se\/kunskapsportal\/#website"},"datePublished":"2022-04-20T06:40:59+00:00","dateModified":"2022-04-20T10:20:47+00:00","breadcrumb":{"@id":"https:\/\/barnafrid.se\/kunskapsportal\/socialstyrelsens-dodsfallsutredningar-2018-2021\/#breadcrumb"},"inLanguage":"sv-SE","potentialAction":[{"@type":"ReadAction","target":["https:\/\/barnafrid.se\/kunskapsportal\/socialstyrelsens-dodsfallsutredningar-2018-2021\/"]}]},{"@type":"BreadcrumbList","@id":"https:\/\/barnafrid.se\/kunskapsportal\/socialstyrelsens-dodsfallsutredningar-2018-2021\/#breadcrumb","itemListElement":[{"@type":"ListItem","position":1,"name":"Home","item":"https:\/\/barnafrid.se\/kunskapsportal\/"},{"@type":"ListItem","position":2,"name":"Socialstyrelsens d\u00f6dsfallsutredningar 2018-2021"}]},{"@type":"WebSite","@id":"https:\/\/barnafrid.se\/kunskapsportal\/#website","url":"https:\/\/barnafrid.se\/kunskapsportal\/","name":"Barnafrid","description":"Kunskapsportal om v\u00e5ld mot barn","potentialAction":[{"@type":"SearchAction","target":{"@type":"EntryPoint","urlTemplate":"https:\/\/barnafrid.se\/kunskapsportal\/?s={search_term_string}"},"query-input":{"@type":"PropertyValueSpecification","valueRequired":true,"valueName":"search_term_string"}}],"inLanguage":"sv-SE"}]}},"_links":{"self":[{"href":"https:\/\/barnafrid.se\/kunskapsportal\/wp-json\/wp\/v2\/pages\/4335","targetHints":{"allow":["GET"]}}],"collection":[{"href":"https:\/\/barnafrid.se\/kunskapsportal\/wp-json\/wp\/v2\/pages"}],"about":[{"href":"https:\/\/barnafrid.se\/kunskapsportal\/wp-json\/wp\/v2\/types\/page"}],"author":[{"embeddable":true,"href":"https:\/\/barnafrid.se\/kunskapsportal\/wp-json\/wp\/v2\/users\/9"}],"replies":[{"embeddable":true,"href":"https:\/\/barnafrid.se\/kunskapsportal\/wp-json\/wp\/v2\/comments?post=4335"}],"version-history":[{"count":2,"href":"https:\/\/barnafrid.se\/kunskapsportal\/wp-json\/wp\/v2\/pages\/4335\/revisions"}],"predecessor-version":[{"id":4339,"href":"https:\/\/barnafrid.se\/kunskapsportal\/wp-json\/wp\/v2\/pages\/4335\/revisions\/4339"}],"wp:attachment":[{"href":"https:\/\/barnafrid.se\/kunskapsportal\/wp-json\/wp\/v2\/media?parent=4335"}],"wp:term":[{"taxonomy":"role","embeddable":true,"href":"https:\/\/barnafrid.se\/kunskapsportal\/wp-json\/wp\/v2\/role?post=4335"}],"curies":[{"name":"wp","href":"https:\/\/api.w.org\/{rel}","templated":true}]}}