{"id":3570,"date":"2022-03-15T08:43:10","date_gmt":"2022-03-15T07:43:10","guid":{"rendered":"https:\/\/barnafrid.se\/kunskapsportal\/?page_id=3570"},"modified":"2026-04-01T13:20:53","modified_gmt":"2026-04-01T11:20:53","slug":"forelasningar","status":"publish","type":"page","link":"https:\/\/barnafrid.se\/kunskapsportal\/forelasningar\/","title":{"rendered":"F\u00f6rel\u00e4sningar"},"content":{"rendered":"\n\n<div class=\"Card-section Card-section--three \">\n\n\n    <a class=\"Card-link-container\" target=\"_blank\" href=\"https:\/\/vimeo.com\/1179141737?share=copy&#038;fl=sv&#038;fe=ci\">\n        <div class=\"Card Card--white Card--internal\">\n            <p class=\"Card-pretitle\">F\u00f6rel\u00e4sning<\/p>\n            <h2 class=\"Card-title\">G\u00e4stfrihetsskapande arbete p\u00e5 familjecentral &#8211; En plats f\u00f6r samvaro och relationsbyggande<\/h2>\n            <p>Hur kan familjecentraler bli mer inbjudande och tillg\u00e4ngliga f\u00f6r fler familjer? I detta webbinarium introduceras g\u00e4stfrihetsskapande arbete, ett s\u00e4tt att skapa samh\u00f6righet och bygga resurser genom \u00f6ppna, l\u00e4ttillg\u00e4ngliga och flexibla milj\u00f6er. F\u00f6rel\u00e4sarna ger konkreta exempel p\u00e5 hur familjecentraler redan arbetar g\u00e4stfrihetsskapande och hur arbetet kan utvecklas vidare.<br><br>F\u00f6rel\u00e4sare: Linn\u00e9a \u00c5berg, universitetslektor, Anette Bolin, professor i socialt arbete vid H\u00f6gskolan V\u00e4st<em>.<\/em><\/p>            <div class=\"Card-footer\">\n                <span class=\"Card-footer-text\">Ta del av f\u00f6rel\u00e4sningen h\u00e4r<\/span>\n                            <\/div>\n        <\/div>\n    <\/a>\n    <a class=\"Card-link-container\" target=\"_blank\" href=\"https:\/\/vimeo.com\/1130954632?share=copy&#038;fl=sv&#038;fe=ci\">\n        <div class=\"Card Card--white Card--internal\">\n            <p class=\"Card-pretitle\">F\u00f6rel\u00e4sning<\/p>\n            <h2 class=\"Card-title\">Kontroll, intyg och ingrepp f\u00f6r bevarad oskuld \u2013 nya lagf\u00f6rslag f\u00f6r att st\u00e4rka personliga integriteten<\/h2>\n            <p>Senior \u00e5klagare Jessica Wenna g\u00e5r igenom f\u00f6reslagen p\u00e5 lag\u00e4ndringarna som syftar till att kriminalisera oskuldskontroller, oskuldsintyg och oskuldsingrepp. F\u00f6rel\u00e4sningen omfattar \u00e4ven en genomg\u00e5ng av f\u00f6rslaget att kriminalisera underl\u00e5tenhet att avsl\u00f6ja eller f\u00f6rhindra \u00e4ktenskapstv\u00e5ng och barn\u00e4ktenskapsbrott. Den nya lagstiftningen tr\u00e4der i kraft den 1 december 2025.<\/p>            <div class=\"Card-footer\">\n                <span class=\"Card-footer-text\">Ta del av f\u00f6rel\u00e4sningen h\u00e4r<\/span>\n                            <\/div>\n        <\/div>\n    <\/a>\n    <a class=\"Card-link-container\" target=\"_blank\" href=\"https:\/\/vimeo.com\/1130945393?share=copy&#038;fl=sv&#038;fe=ci\">\n        <div class=\"Card Card--white Card--internal\">\n            <p class=\"Card-pretitle\">F\u00f6rel\u00e4sning<\/p>\n            <h2 class=\"Card-title\">Hur g\u00f6r vi i praktiken? Nya socialtj\u00e4nstlagen och arbetet med barn, unga och v\u00e5ld<\/h2>\n            <p>Barnafrid har f\u00e5tt flera \u00f6nskem\u00e5l om att skapa ett forum f\u00f6r socialtj\u00e4nstens medarbetare f\u00f6r att f\u00e5 mer praktisk kunskap i omst\u00e4llningsarbetet och arbetet med barn, unga och v\u00e5ld. Den h\u00e4r f\u00f6rel\u00e4sningen bygger p\u00e5 fr\u00e5gor fr\u00e5n yrkesverksamma inom socialtj\u00e4nsten och \u00e4gde rum den 14 oktober 2025 i samverkan med Socialstyrelsen.<\/p>            <div class=\"Card-footer\">\n                <span class=\"Card-footer-text\">Ta del av f\u00f6rel\u00e4sningen h\u00e4r<\/span>\n                            <\/div>\n        <\/div>\n    <\/a>\n    <a class=\"Card-link-container\" target=\"_blank\" href=\"https:\/\/vimeo.com\/1129141529?share=copy&#038;fl=sv&#038;fe=ci\">\n        <div class=\"Card Card--white Card--internal\">\n            <p class=\"Card-pretitle\">N\u00e4tverkstr\u00e4ff<\/p>\n            <h2 class=\"Card-title\">Praxis av lagstiftning f\u00f6r skyddat boende \u2013 hur har det g\u00e5tt?<\/h2>\n            <p>Inspelad n\u00e4tverkstr\u00e4ff f\u00f6r skyddat boende 9 oktober 2025. Temat var &#8221;Praxis av lagstiftning f\u00f6r skyddat boende \u2013 hur har det g\u00e5tt?&#8221;.<\/p>            <div class=\"Card-footer\">\n                <span class=\"Card-footer-text\">Ta del av n\u00e4tverkstr\u00e4ffen h\u00e4r<\/span>\n                            <\/div>\n        <\/div>\n    <\/a>\n    <a class=\"Card-link-container\" target=\"_blank\" href=\"https:\/\/vimeo.com\/1097032886?share=copy&#038;fl=sv&#038;fe=ci\">\n        <div class=\"Card Card--white Card--internal\">\n            <p class=\"Card-pretitle\">F\u00f6rel\u00e4sning<\/p>\n            <h2 class=\"Card-title\">Barns delaktighet i socialtj\u00e4nstens utredningar och \u00f6ppna insatser<\/h2>\n            <p>Presentation under n\u00e4tverkstr\u00e4ff f\u00f6r yrkesverksamma inom socialtj\u00e4nsten den 14 maj 2025.<br><br>F\u00f6rel\u00e4sare: Karin Blomgren, Socialstyrelsen<\/p>            <div class=\"Card-footer\">\n                <span class=\"Card-footer-text\">Ta del av f\u00f6rel\u00e4sningen h\u00e4r<\/span>\n                            <\/div>\n        <\/div>\n    <\/a>\n    <a class=\"Card-link-container\" target=\"_blank\" href=\"https:\/\/vimeo.com\/1097036350?share=copy&#038;fl=sv&#038;fe=ci\">\n        <div class=\"Card Card--white Card--internal\">\n            <p class=\"Card-pretitle\"><\/p>\n            <h2 class=\"Card-title\">Hinder och m\u00f6jligheter f\u00f6r att n\u00e5 barn till socialtj\u00e4nstens st\u00f6dgrupper<\/h2>\n            <p>Presentation under n\u00e4tverkstr\u00e4ff f\u00f6r yrkesverksamma inom socialtj\u00e4nsten den 14 maj 2025.<br><br>F\u00f6rel\u00e4sare: Maria Svensson, Forskarskolan f\u00f6r yrkesverksamma i socialtj\u00e4nsten<\/p>            <div class=\"Card-footer\">\n                <span class=\"Card-footer-text\">Ta del av f\u00f6rel\u00e4sningen h\u00e4r<\/span>\n                            <\/div>\n        <\/div>\n    <\/a>\n    <a class=\"Card-link-container\" target=\"_blank\" href=\"https:\/\/vimeo.com\/1097044004\">\n        <div class=\"Card Card--white Card--internal\">\n            <p class=\"Card-pretitle\">F\u00f6rel\u00e4sning<\/p>\n            <h2 class=\"Card-title\">Den nya lagen och st\u00f6d till kommunerna i omst\u00e4llningsarbetet<\/h2>\n            <p>Presentation under n\u00e4tverkstr\u00e4ff f\u00f6r yrkesverksamma inom socialtj\u00e4nsten den 14 maj 2025.<br><br>F\u00f6rel\u00e4sare: Savran Khavati och Helena St\u00e5lhammar. Socialstyrelsen<\/p>            <div class=\"Card-footer\">\n                <span class=\"Card-footer-text\">Ta del av f\u00f6rel\u00e4sningen h\u00e4r<\/span>\n                            <\/div>\n        <\/div>\n    <\/a>\n    <a class=\"Card-link-container\" target=\"_blank\" href=\"https:\/\/barnafrid.se\/kunskapsportal\/tre-forelasningar-om-barnfridsbrottet\/\">\n        <div class=\"Card Card--white Card--internal\">\n            <p class=\"Card-pretitle\">F\u00f6rel\u00e4sning<\/p>\n            <h2 class=\"Card-title\">Tre f\u00f6rel\u00e4sningar om barnfridsbrottet (v\u00e5ren 2025)<\/h2>\n            <p>Barnfridsbrottet inf\u00f6rdes i svensk lagstiftning den 1 juli 2021. Avsikten var att st\u00e4rka det straffr\u00e4ttsliga skyddet f\u00f6r barn som bevittnar brott mellan n\u00e4rst\u00e5ende. Barnafrids \u00e5terkommande uppf\u00f6ljningar om barnfridsbrottet har framh\u00e5llit vikten av att f\u00f6rb\u00e4ttra samordningen mellan de akt\u00f6rer i samh\u00e4llet som ska s\u00e4kerst\u00e4lla att barn f\u00e5r det skydd och st\u00f6d de beh\u00f6ver. F\u00f6rel\u00e4sningarna \u00e4r inspelade vid en utbildningsdag om barnfridsbrottet f\u00f6r barnahusens samverkansparter den 6 maj 2025.<\/p>            <div class=\"Card-footer\">\n                <span class=\"Card-footer-text\">Ta del av f\u00f6rel\u00e4sningarna h\u00e4r<\/span>\n                            <\/div>\n        <\/div>\n    <\/a>\n    <a class=\"Card-link-container\" target=\"_blank\" href=\"https:\/\/vimeo.com\/1079814001\">\n        <div class=\"Card Card--white Card--internal\">\n            <p class=\"Card-pretitle\">F\u00f6rel\u00e4sning<\/p>\n            <h2 class=\"Card-title\">Sexualbrott mot barn i \u00e5ldern 15\u201317 \u00e5r \u2013 ett ut\u00f6kat straffr\u00e4ttsligt skydd<\/h2>\n            <p>Senior \u00e5klagare Lena Jansson f\u00f6rel\u00e4ser om utredningen om ett ut\u00f6kat straffr\u00e4ttsligt skydd f\u00f6r sexualbrott mot barn i \u00e5ldern 15\u201317 \u00e5r i 6 kap brottsbalken. Lagstiftningen tr\u00e4dde i kraft den 1 juli 2025. De nya best\u00e4mmelserna blir till\u00e4mpliga om genomf\u00f6randet av den sexuella handlingen har inneburit ett otillb\u00f6rligt utnyttjande av att barnet har en nedsatt f\u00f6rm\u00e5ga att v\u00e4rna sin sexuella integritet.<\/p>            <div class=\"Card-footer\">\n                <span class=\"Card-footer-text\">Ta del av f\u00f6rel\u00e4sningen h\u00e4r<\/span>\n                            <\/div>\n        <\/div>\n    <\/a>\n    <a class=\"Card-link-container\" target=\"_blank\" href=\"https:\/\/vimeo.com\/942034804?share=copy#t=0\">\n        <div class=\"Card Card--white Card--internal\">\n            <p class=\"Card-pretitle\">F\u00f6rel\u00e4sning<\/p>\n            <h2 class=\"Card-title\">Ett utvidgat utresef\u00f6rbud f\u00f6r barn<\/h2>\n            <p>Svenska myndigheter har begr\u00e4nsade m\u00f6jligheter att agera i andra l\u00e4nder om ett barn redan har f\u00f6rts utomlands. Det \u00e4r d\u00e4rf\u00f6r viktigt att svensk lag ger m\u00f6jlighet att ingripa medan barnet fortfarande befinner i Sverige. Lars Sj\u00f6str\u00f6m, s\u00e4rskild utredare och f.d. lagman, f\u00f6rel\u00e4ser om utredningen och den lagstiftning som tr\u00e4dde i kraft den 1 juni 2024.<\/p>            <div class=\"Card-footer\">\n                <span class=\"Card-footer-text\">Ta del av f\u00f6rel\u00e4sningen h\u00e4r<\/span>\n                            <\/div>\n        <\/div>\n    <\/a>\n    <a class=\"Card-link-container\" target=\"_blank\" href=\"https:\/\/barnafrid.se\/kunskapsportal\/ett-forstarkt-skydd-mot-sexuella-krankningar-relevanta-forandringar-i-sexualbrottslagstiftningen\/\">\n        <div class=\"Card Card--white Card--internal\">\n            <p class=\"Card-pretitle\">F\u00f6rel\u00e4sning<\/p>\n            <h2 class=\"Card-title\">Ett f\u00f6rst\u00e4rkt skydd mot sexuella kr\u00e4nkningar &#8211;<br>relevanta f\u00f6r\u00e4ndringar i<br>sexualbrottslagstiftningen<\/h2>\n            <p>Emelie K\u00e4llfelt, \u00c5klagarmyndigheten, ber\u00e4ttar om den nya (1 augusti 2022) sexualbrottslagstiftningen som sk\u00e4rper synen p\u00e5 v\u00e5ldt\u00e4kt och andra sexuella kr\u00e4nkningar. <\/p>            <div class=\"Card-footer\">\n                <span class=\"Card-footer-text\">Ta del av f\u00f6rel\u00e4sningen h\u00e4r<\/span>\n                            <\/div>\n        <\/div>\n    <\/a>\n    <a class=\"Card-link-container\" target=\"_blank\" href=\"https:\/\/barnafrid.se\/kunskapsportal\/?page_id=3700\">\n        <div class=\"Card Card--white Card--internal\">\n            <p class=\"Card-pretitle\">F\u00f6rel\u00e4sning<\/p>\n            <h2 class=\"Card-title\">Polisf\u00f6rh\u00f6r med f\u00f6rskolebarn<\/h2>\n            <p>F\u00f6rel\u00e4sningar som fr\u00e4mst riktar sig till barnf\u00f6rh\u00f6rsledare och \u00e5klagare som arbetar med att utreda brott mot barn.<\/p>            <div class=\"Card-footer\">\n                <span class=\"Card-footer-text\">Ta del av f\u00f6rel\u00e4sningen h\u00e4r<\/span>\n                            <\/div>\n        <\/div>\n    <\/a>\n    <a class=\"Card-link-container\" target=\"_blank\" href=\"https:\/\/barnafrid.se\/kunskapsportal\/amnesguider\/webbinarium-behandlingsmetoder-for-personer-som-utovar-hedersrelaterat-vald-och-fortryck-familjearbete-i-hederskontext\">\n        <div class=\"Card Card--white Card--external\">\n            <p class=\"Card-pretitle\">F\u00f6rel\u00e4sning<\/p>\n            <h2 class=\"Card-title\">Behandlingsmetoder f\u00f6r personer som ut\u00f6var hedersrelaterat v\u00e5ld och f\u00f6rtryck- Familjearbete i hederskontext<\/h2>\n                        <div class=\"Card-footer\">\n                <span class=\"Card-footer-text\">Ta del av f\u00f6rel\u00e4sningen h\u00e4r<\/span>\n                            <\/div>\n        <\/div>\n    <\/a>\n    <a class=\"Card-link-container\" target=\"_blank\" href=\"https:\/\/barnafrid.se\/kunskapsportal\/forelasningar-om-hedersrelaterat-vald-och-fortryck\/\">\n        <div class=\"Card Card--white Card--internal\">\n            <p class=\"Card-pretitle\">F\u00f6rel\u00e4sning<\/p>\n            <h2 class=\"Card-title\">Hedersrelaterat v\u00e5ld och f\u00f6rtryck<\/h2>\n            <p>Sedan 2018 har Barnafrid p\u00e5 uppdrag av regeringen arbetat med att st\u00e4rka kompetensen inom barnahus n\u00e4r det g\u00e4ller att utreda misstanke om hedersrelaterat v\u00e5ld och f\u00f6rtryck. Arbetet har omfattat uttrycksformerna barn\u00e4ktenskap, tv\u00e5ngs\u00e4ktenskap och k\u00f6nsstympning. Under de h\u00e4r \u00e5ren har vi genomf\u00f6rt insatser riktade till de akt\u00f6rer som samverkar inom barnahus, bland annat kunskapsh\u00f6jande f\u00f6rel\u00e4sningar. H\u00e4r hittar du ett urval av dem.<\/p>            <div class=\"Card-footer\">\n                <span class=\"Card-footer-text\">Ta del av f\u00f6rel\u00e4sningarna h\u00e4r<\/span>\n                            <\/div>\n        <\/div>\n    <\/a>\n    <a class=\"Card-link-container\" target=\"_blank\" href=\"https:\/\/barnafrid.se\/kunskapsportal\/modellen-pusslet\/\">\n        <div class=\"Card Card--white Card--internal\">\n            <p class=\"Card-pretitle\">F\u00f6rel\u00e4sning<\/p>\n            <h2 class=\"Card-title\">Modellen PUSSLET<\/h2>\n            <p>Mellan 2021\u20132022 arbetade Barnafrid, R\u00e4dda Barnen, Marie Cederschi\u00f6ld h\u00f6gskola, G\u00f6teborgs Stadsmission och Stiftelsen Allm\u00e4nna Barnhuset tillsammans i det EU-finansierade projektet &#8221;Efter v\u00e5ldet \u2013 r\u00e4ttigheter f\u00f6r barn i skyddat boende&#8221;. Efter v\u00e5ldet handlar om att st\u00e4rka r\u00e4tten till skydd, st\u00f6d och delaktighet f\u00f6r barn som upplevt v\u00e5ld i hemmet, under och efter deras tid i skyddat boende. Modellen PUSSLET riktar sig till personer som arbetar i skyddade boenden, socialsekreterare som handl\u00e4gger \u00e4renden samt till kommuner och regioner.<\/p>            <div class=\"Card-footer\">\n                <span class=\"Card-footer-text\">Ta del av f\u00f6rel\u00e4sningarna h\u00e4r<\/span>\n                            <\/div>\n        <\/div>\n    <\/a>\n    <a class=\"Card-link-container\" target=\"_blank\" href=\"https:\/\/barnafrid.se\/kunskapsportal\/barndomstrauma-och-hjarnan-vad-kan-vi-lara-fran-neurovetenskapen\/\">\n        <div class=\"Card Card--white Card--internal\">\n            <p class=\"Card-pretitle\">F\u00f6rel\u00e4sning<\/p>\n            <h2 class=\"Card-title\">Barndomstrauma och hj\u00e4rnan: Vad kan vi l\u00e4ra fr\u00e5n neurovetenskapen?<\/h2>\n            <p>Hur sv\u00e5ra h\u00e4ndelser i barndomen kan ha allvarliga effekter p\u00e5 psykisk och fysisk h\u00e4lsa genom hela livsloppet.<\/p>            <div class=\"Card-footer\">\n                <span class=\"Card-footer-text\">Ta del av f\u00f6rel\u00e4sningen h\u00e4r<\/span>\n                            <\/div>\n        <\/div>\n    <\/a>\n    <a class=\"Card-link-container\" target=\"_blank\" href=\"https:\/\/barnafrid.se\/kunskapsportal\/lex-lilla-hjartat-nya-bestammelser-for-att-starka-principen-om-barnets-basta-for-placerade-barn\/\">\n        <div class=\"Card Card--white Card--internal\">\n            <p class=\"Card-pretitle\">F\u00f6rel\u00e4sning &#8211; sammanfattande artikel<\/p>\n            <h2 class=\"Card-title\">Lex lilla hj\u00e4rtat \u2013 nya best\u00e4mmelser f\u00f6r att st\u00e4rka principen om barnets b\u00e4sta f\u00f6r placerade barn<\/h2>\n            <p>Professor Pernilla Leviner ber\u00e4ttar om de nya och kommande best\u00e4mmelserna som inf\u00f6rts i k\u00f6lvattnet efter fallet med Lex lilla hj\u00e4rtat.<\/p>            <div class=\"Card-footer\">\n                <span class=\"Card-footer-text\">L\u00e4s texten h\u00e4r<\/span>\n                            <\/div>\n        <\/div>\n    <\/a>\n    <a class=\"Card-link-container\" target=\"_blank\" href=\"https:\/\/barnafrid.se\/kunskapsportal\/re-lansering-av-barnafrids-basprogram-om-vald-mot-barn\/\">\n        <div class=\"Card Card--white Card--internal\">\n            <p class=\"Card-pretitle\">F\u00f6rel\u00e4sning<\/p>\n            <h2 class=\"Card-title\">Om v\u00e5ld mot barn<\/h2>\n            <p>P\u00e5 relanseringen av Barnafrids Basprogram om v\u00e5ld mot barn och unga f\u00f6rel\u00e4ste Barnafrid om olika perspektiv p\u00e5 v\u00e5ld mot barn. <\/p>            <div class=\"Card-footer\">\n                <span class=\"Card-footer-text\">Ta del av f\u00f6rel\u00e4sningarna h\u00e4r<\/span>\n                            <\/div>\n        <\/div>\n    <\/a>\n<\/div>\n\n\n\n<p><\/p>\n","protected":false},"excerpt":{"rendered":"","protected":false},"author":10518,"featured_media":0,"parent":0,"menu_order":0,"comment_status":"closed","ping_status":"closed","template":"","meta":{"h5ap_radio_sources":[],"footnotes":""},"role":[],"class_list":["post-3570","page","type-page","status-publish","hentry"],"yoast_head":"<!-- This site is optimized with the Yoast SEO plugin v27.4 - https:\/\/yoast.com\/product\/yoast-seo-wordpress\/ -->\n<title>F\u00f6rel\u00e4sningar - Barnafrid<\/title>\n<meta name=\"robots\" content=\"index, follow, max-snippet:-1, max-image-preview:large, max-video-preview:-1\" \/>\n<link rel=\"canonical\" href=\"https:\/\/barnafrid.se\/kunskapsportal\/forelasningar\/\" \/>\n<meta property=\"og:locale\" content=\"sv_SE\" \/>\n<meta property=\"og:type\" content=\"article\" \/>\n<meta property=\"og:title\" content=\"F\u00f6rel\u00e4sningar - Barnafrid\" \/>\n<meta property=\"og:url\" content=\"https:\/\/barnafrid.se\/kunskapsportal\/forelasningar\/\" \/>\n<meta property=\"og:site_name\" content=\"Barnafrid\" \/>\n<meta property=\"article:modified_time\" content=\"2026-04-01T11:20:53+00:00\" \/>\n<meta name=\"twitter:card\" content=\"summary_large_image\" \/>\n<script type=\"application\/ld+json\" class=\"yoast-schema-graph\">{\"@context\":\"https:\\\/\\\/schema.org\",\"@graph\":[{\"@type\":\"WebPage\",\"@id\":\"https:\\\/\\\/barnafrid.se\\\/kunskapsportal\\\/forelasningar\\\/\",\"url\":\"https:\\\/\\\/barnafrid.se\\\/kunskapsportal\\\/forelasningar\\\/\",\"name\":\"F\u00f6rel\u00e4sningar - Barnafrid\",\"isPartOf\":{\"@id\":\"https:\\\/\\\/barnafrid.se\\\/kunskapsportal\\\/#website\"},\"datePublished\":\"2022-03-15T07:43:10+00:00\",\"dateModified\":\"2026-04-01T11:20:53+00:00\",\"breadcrumb\":{\"@id\":\"https:\\\/\\\/barnafrid.se\\\/kunskapsportal\\\/forelasningar\\\/#breadcrumb\"},\"inLanguage\":\"sv-SE\",\"potentialAction\":[{\"@type\":\"ReadAction\",\"target\":[\"https:\\\/\\\/barnafrid.se\\\/kunskapsportal\\\/forelasningar\\\/\"]}]},{\"@type\":\"BreadcrumbList\",\"@id\":\"https:\\\/\\\/barnafrid.se\\\/kunskapsportal\\\/forelasningar\\\/#breadcrumb\",\"itemListElement\":[{\"@type\":\"ListItem\",\"position\":1,\"name\":\"Home\",\"item\":\"https:\\\/\\\/barnafrid.se\\\/kunskapsportal\\\/\"},{\"@type\":\"ListItem\",\"position\":2,\"name\":\"F\u00f6rel\u00e4sningar\"}]},{\"@type\":\"WebSite\",\"@id\":\"https:\\\/\\\/barnafrid.se\\\/kunskapsportal\\\/#website\",\"url\":\"https:\\\/\\\/barnafrid.se\\\/kunskapsportal\\\/\",\"name\":\"Barnafrid\",\"description\":\"Kunskapsportal om v\u00e5ld mot barn\",\"potentialAction\":[{\"@type\":\"SearchAction\",\"target\":{\"@type\":\"EntryPoint\",\"urlTemplate\":\"https:\\\/\\\/barnafrid.se\\\/kunskapsportal\\\/?s={search_term_string}\"},\"query-input\":{\"@type\":\"PropertyValueSpecification\",\"valueRequired\":true,\"valueName\":\"search_term_string\"}}],\"inLanguage\":\"sv-SE\"}]}<\/script>\n<!-- \/ Yoast SEO plugin. -->","yoast_head_json":{"title":"F\u00f6rel\u00e4sningar - Barnafrid","robots":{"index":"index","follow":"follow","max-snippet":"max-snippet:-1","max-image-preview":"max-image-preview:large","max-video-preview":"max-video-preview:-1"},"canonical":"https:\/\/barnafrid.se\/kunskapsportal\/forelasningar\/","og_locale":"sv_SE","og_type":"article","og_title":"F\u00f6rel\u00e4sningar - Barnafrid","og_url":"https:\/\/barnafrid.se\/kunskapsportal\/forelasningar\/","og_site_name":"Barnafrid","article_modified_time":"2026-04-01T11:20:53+00:00","twitter_card":"summary_large_image","schema":{"@context":"https:\/\/schema.org","@graph":[{"@type":"WebPage","@id":"https:\/\/barnafrid.se\/kunskapsportal\/forelasningar\/","url":"https:\/\/barnafrid.se\/kunskapsportal\/forelasningar\/","name":"F\u00f6rel\u00e4sningar - Barnafrid","isPartOf":{"@id":"https:\/\/barnafrid.se\/kunskapsportal\/#website"},"datePublished":"2022-03-15T07:43:10+00:00","dateModified":"2026-04-01T11:20:53+00:00","breadcrumb":{"@id":"https:\/\/barnafrid.se\/kunskapsportal\/forelasningar\/#breadcrumb"},"inLanguage":"sv-SE","potentialAction":[{"@type":"ReadAction","target":["https:\/\/barnafrid.se\/kunskapsportal\/forelasningar\/"]}]},{"@type":"BreadcrumbList","@id":"https:\/\/barnafrid.se\/kunskapsportal\/forelasningar\/#breadcrumb","itemListElement":[{"@type":"ListItem","position":1,"name":"Home","item":"https:\/\/barnafrid.se\/kunskapsportal\/"},{"@type":"ListItem","position":2,"name":"F\u00f6rel\u00e4sningar"}]},{"@type":"WebSite","@id":"https:\/\/barnafrid.se\/kunskapsportal\/#website","url":"https:\/\/barnafrid.se\/kunskapsportal\/","name":"Barnafrid","description":"Kunskapsportal om v\u00e5ld mot barn","potentialAction":[{"@type":"SearchAction","target":{"@type":"EntryPoint","urlTemplate":"https:\/\/barnafrid.se\/kunskapsportal\/?s={search_term_string}"},"query-input":{"@type":"PropertyValueSpecification","valueRequired":true,"valueName":"search_term_string"}}],"inLanguage":"sv-SE"}]}},"_links":{"self":[{"href":"https:\/\/barnafrid.se\/kunskapsportal\/wp-json\/wp\/v2\/pages\/3570","targetHints":{"allow":["GET"]}}],"collection":[{"href":"https:\/\/barnafrid.se\/kunskapsportal\/wp-json\/wp\/v2\/pages"}],"about":[{"href":"https:\/\/barnafrid.se\/kunskapsportal\/wp-json\/wp\/v2\/types\/page"}],"author":[{"embeddable":true,"href":"https:\/\/barnafrid.se\/kunskapsportal\/wp-json\/wp\/v2\/users\/10518"}],"replies":[{"embeddable":true,"href":"https:\/\/barnafrid.se\/kunskapsportal\/wp-json\/wp\/v2\/comments?post=3570"}],"version-history":[{"count":81,"href":"https:\/\/barnafrid.se\/kunskapsportal\/wp-json\/wp\/v2\/pages\/3570\/revisions"}],"predecessor-version":[{"id":18163,"href":"https:\/\/barnafrid.se\/kunskapsportal\/wp-json\/wp\/v2\/pages\/3570\/revisions\/18163"}],"wp:attachment":[{"href":"https:\/\/barnafrid.se\/kunskapsportal\/wp-json\/wp\/v2\/media?parent=3570"}],"wp:term":[{"taxonomy":"role","embeddable":true,"href":"https:\/\/barnafrid.se\/kunskapsportal\/wp-json\/wp\/v2\/role?post=3570"}],"curies":[{"name":"wp","href":"https:\/\/api.w.org\/{rel}","templated":true}]}}