{"id":3174,"date":"2022-01-23T21:29:36","date_gmt":"2022-01-23T20:29:36","guid":{"rendered":"https:\/\/barnafrid.se\/kunskapsportal\/?page_id=3174"},"modified":"2024-02-28T08:39:09","modified_gmt":"2024-02-28T07:39:09","slug":"om-webbplatsen","status":"publish","type":"page","link":"https:\/\/barnafrid.se\/kunskapsportal\/startsida\/om-webbplatsen\/","title":{"rendered":"Om webbplatsen"},"content":{"rendered":"\n<h2 class=\"wp-block-heading\">Kakor\/Cookies<\/h2>\n\n\n\n<p>P\u00e5 barnafrid.se\/kunskapsportal anv\u00e4nder vi kakor. En kaka (eller cookie) \u00e4r en liten textfil som lagras p\u00e5 din dator och som inneh\u00e5ller information. Huvudsyftet med anv\u00e4ndandet av kakor p\u00e5 denna webbplats \u00e4r att f\u00f6lja upp och f\u00f6rb\u00e4ttra webbplatsen inneh\u00e5ll.<\/p>\n\n\n\n<p>Webbplatsen anv\u00e4nder verktyget Matomo f\u00f6r att analysera webbstatistik. Verktyget samlar in anv\u00e4ndardata som \u00e4r n\u00f6dv\u00e4ndig f\u00f6r att vi ska kunna vidareutveckla webbplatsen. Anv\u00e4ndardatan som samlas in lagras i Sverige och \u00e4r anonymiserad och enskilda individer kan ej identifieras.<br><br>Om du inte accepterar att cookies anv\u00e4nds kan du st\u00e4nga av cookies i din webbl\u00e4sares s\u00e4kerhetsinst\u00e4llningar. Du kan \u00e4ven st\u00e4lla in webbl\u00e4saren s\u00e5 att du f\u00e5r en fr\u00e5ga varje g\u00e5ng webbplatsen f\u00f6rs\u00f6ker placera en cookie p\u00e5 din dator. Genom webbl\u00e4saren kan ocks\u00e5 tidigare lagrade cookies raderas.<\/p>\n\n\n\n<p>Post- och telestyrelsen, som \u00e4r tillsynsmyndighet p\u00e5 omr\u00e5det, l\u00e4mnar ytterligare information om Cookies p\u00e5 sin webbplats,&nbsp;<a rel=\"noreferrer noopener\" href=\"http:\/\/www.pts.se\/\" target=\"_blank\">www.pts.se<\/a>.<\/p>\n\n\n\n<p>Vill du veta mer om Link\u00f6pings universitets hantering av personuppgifter, l\u00e4s mer p\u00e5 universitetets webbplats,&nbsp;<a rel=\"noreferrer noopener\" href=\"https:\/\/liu.se\/artikel\/integritetspolicy-liu\" target=\"_blank\">https:\/\/liu.se\/artikel\/integritetspolicy-liu.<\/a><\/p>\n\n\n\n<p><\/p>\n\n\n\n<h2 class=\"wp-block-heading\">Tillg\u00e4nglighet<\/h2>\n\n\n\n<p> H\u00e4r kan du ta del av webbplatsens tillg\u00e4nglighetsredog\u00f6relse<\/p>\n\n\n\n<p><a href=\"https:\/\/barnafrid.se\/kunskapsportal\/tillganglighet\/\">Webbplatsens tillg\u00e4nglighetsredog\u00f6relse<\/a><\/p>\n\n\n\n<p><\/p>\n\n\n\n<h2 class=\"wp-block-heading\">Kontakt<\/h2>\n\n\n\n<p>Har du funderingar kring webbplatsen, v\u00e4nligen kontakta barnafrid@liu.se<\/p>\n","protected":false},"excerpt":{"rendered":"<p>Kakor\/Cookies P\u00e5 barnafrid.se\/kunskapsportal anv\u00e4nder vi kakor. En kaka (eller cookie) \u00e4r en liten textfil som lagras p\u00e5 din dator och som inneh\u00e5ller information. Huvudsyftet med anv\u00e4ndandet av kakor p\u00e5 denna webbplats \u00e4r att f\u00f6lja upp och f\u00f6rb\u00e4ttra webbplatsen inneh\u00e5ll. Webbplatsen anv\u00e4nder verktyget Matomo f\u00f6r att analysera webbstatistik. Verktyget samlar in anv\u00e4ndardata som \u00e4r n\u00f6dv\u00e4ndig f\u00f6r [&hellip;]<\/p>\n","protected":false},"author":10518,"featured_media":0,"parent":2922,"menu_order":2,"comment_status":"closed","ping_status":"closed","template":"","meta":{"h5ap_radio_sources":[],"footnotes":""},"role":[],"class_list":["post-3174","page","type-page","status-publish","hentry"],"yoast_head":"<!-- This site is optimized with the Yoast SEO plugin v27.3 - https:\/\/yoast.com\/product\/yoast-seo-wordpress\/ -->\n<title>Om webbplatsen - Barnafrid<\/title>\n<meta name=\"robots\" content=\"index, follow, max-snippet:-1, max-image-preview:large, max-video-preview:-1\" \/>\n<link rel=\"canonical\" href=\"https:\/\/barnafrid.se\/kunskapsportal\/startsida\/om-webbplatsen\/\" \/>\n<meta property=\"og:locale\" content=\"sv_SE\" \/>\n<meta property=\"og:type\" content=\"article\" \/>\n<meta property=\"og:title\" content=\"Om webbplatsen - Barnafrid\" \/>\n<meta property=\"og:description\" content=\"Kakor\/Cookies P\u00e5 barnafrid.se\/kunskapsportal anv\u00e4nder vi kakor. En kaka (eller cookie) \u00e4r en liten textfil som lagras p\u00e5 din dator och som inneh\u00e5ller information. Huvudsyftet med anv\u00e4ndandet av kakor p\u00e5 denna webbplats \u00e4r att f\u00f6lja upp och f\u00f6rb\u00e4ttra webbplatsen inneh\u00e5ll. Webbplatsen anv\u00e4nder verktyget Matomo f\u00f6r att analysera webbstatistik. Verktyget samlar in anv\u00e4ndardata som \u00e4r n\u00f6dv\u00e4ndig f\u00f6r [&hellip;]\" \/>\n<meta property=\"og:url\" content=\"https:\/\/barnafrid.se\/kunskapsportal\/startsida\/om-webbplatsen\/\" \/>\n<meta property=\"og:site_name\" content=\"Barnafrid\" \/>\n<meta property=\"article:modified_time\" content=\"2024-02-28T07:39:09+00:00\" \/>\n<meta name=\"twitter:card\" content=\"summary_large_image\" \/>\n<meta name=\"twitter:label1\" content=\"Ber\u00e4knad l\u00e4stid\" \/>\n\t<meta name=\"twitter:data1\" content=\"1 minut\" \/>\n<script type=\"application\/ld+json\" class=\"yoast-schema-graph\">{\"@context\":\"https:\\\/\\\/schema.org\",\"@graph\":[{\"@type\":\"WebPage\",\"@id\":\"https:\\\/\\\/barnafrid.se\\\/kunskapsportal\\\/startsida\\\/om-webbplatsen\\\/\",\"url\":\"https:\\\/\\\/barnafrid.se\\\/kunskapsportal\\\/startsida\\\/om-webbplatsen\\\/\",\"name\":\"Om webbplatsen - Barnafrid\",\"isPartOf\":{\"@id\":\"https:\\\/\\\/barnafrid.se\\\/kunskapsportal\\\/#website\"},\"datePublished\":\"2022-01-23T20:29:36+00:00\",\"dateModified\":\"2024-02-28T07:39:09+00:00\",\"breadcrumb\":{\"@id\":\"https:\\\/\\\/barnafrid.se\\\/kunskapsportal\\\/startsida\\\/om-webbplatsen\\\/#breadcrumb\"},\"inLanguage\":\"sv-SE\",\"potentialAction\":[{\"@type\":\"ReadAction\",\"target\":[\"https:\\\/\\\/barnafrid.se\\\/kunskapsportal\\\/startsida\\\/om-webbplatsen\\\/\"]}]},{\"@type\":\"BreadcrumbList\",\"@id\":\"https:\\\/\\\/barnafrid.se\\\/kunskapsportal\\\/startsida\\\/om-webbplatsen\\\/#breadcrumb\",\"itemListElement\":[{\"@type\":\"ListItem\",\"position\":1,\"name\":\"Home\",\"item\":\"https:\\\/\\\/barnafrid.se\\\/kunskapsportal\\\/\"},{\"@type\":\"ListItem\",\"position\":2,\"name\":\"Startsida\",\"item\":\"https:\\\/\\\/barnafrid.se\\\/kunskapsportal\\\/\"},{\"@type\":\"ListItem\",\"position\":3,\"name\":\"Om webbplatsen\"}]},{\"@type\":\"WebSite\",\"@id\":\"https:\\\/\\\/barnafrid.se\\\/kunskapsportal\\\/#website\",\"url\":\"https:\\\/\\\/barnafrid.se\\\/kunskapsportal\\\/\",\"name\":\"Barnafrid\",\"description\":\"Kunskapsportal om v\u00e5ld mot barn\",\"potentialAction\":[{\"@type\":\"SearchAction\",\"target\":{\"@type\":\"EntryPoint\",\"urlTemplate\":\"https:\\\/\\\/barnafrid.se\\\/kunskapsportal\\\/?s={search_term_string}\"},\"query-input\":{\"@type\":\"PropertyValueSpecification\",\"valueRequired\":true,\"valueName\":\"search_term_string\"}}],\"inLanguage\":\"sv-SE\"}]}<\/script>\n<!-- \/ Yoast SEO plugin. -->","yoast_head_json":{"title":"Om webbplatsen - Barnafrid","robots":{"index":"index","follow":"follow","max-snippet":"max-snippet:-1","max-image-preview":"max-image-preview:large","max-video-preview":"max-video-preview:-1"},"canonical":"https:\/\/barnafrid.se\/kunskapsportal\/startsida\/om-webbplatsen\/","og_locale":"sv_SE","og_type":"article","og_title":"Om webbplatsen - Barnafrid","og_description":"Kakor\/Cookies P\u00e5 barnafrid.se\/kunskapsportal anv\u00e4nder vi kakor. En kaka (eller cookie) \u00e4r en liten textfil som lagras p\u00e5 din dator och som inneh\u00e5ller information. Huvudsyftet med anv\u00e4ndandet av kakor p\u00e5 denna webbplats \u00e4r att f\u00f6lja upp och f\u00f6rb\u00e4ttra webbplatsen inneh\u00e5ll. Webbplatsen anv\u00e4nder verktyget Matomo f\u00f6r att analysera webbstatistik. Verktyget samlar in anv\u00e4ndardata som \u00e4r n\u00f6dv\u00e4ndig f\u00f6r [&hellip;]","og_url":"https:\/\/barnafrid.se\/kunskapsportal\/startsida\/om-webbplatsen\/","og_site_name":"Barnafrid","article_modified_time":"2024-02-28T07:39:09+00:00","twitter_card":"summary_large_image","twitter_misc":{"Ber\u00e4knad l\u00e4stid":"1 minut"},"schema":{"@context":"https:\/\/schema.org","@graph":[{"@type":"WebPage","@id":"https:\/\/barnafrid.se\/kunskapsportal\/startsida\/om-webbplatsen\/","url":"https:\/\/barnafrid.se\/kunskapsportal\/startsida\/om-webbplatsen\/","name":"Om webbplatsen - Barnafrid","isPartOf":{"@id":"https:\/\/barnafrid.se\/kunskapsportal\/#website"},"datePublished":"2022-01-23T20:29:36+00:00","dateModified":"2024-02-28T07:39:09+00:00","breadcrumb":{"@id":"https:\/\/barnafrid.se\/kunskapsportal\/startsida\/om-webbplatsen\/#breadcrumb"},"inLanguage":"sv-SE","potentialAction":[{"@type":"ReadAction","target":["https:\/\/barnafrid.se\/kunskapsportal\/startsida\/om-webbplatsen\/"]}]},{"@type":"BreadcrumbList","@id":"https:\/\/barnafrid.se\/kunskapsportal\/startsida\/om-webbplatsen\/#breadcrumb","itemListElement":[{"@type":"ListItem","position":1,"name":"Home","item":"https:\/\/barnafrid.se\/kunskapsportal\/"},{"@type":"ListItem","position":2,"name":"Startsida","item":"https:\/\/barnafrid.se\/kunskapsportal\/"},{"@type":"ListItem","position":3,"name":"Om webbplatsen"}]},{"@type":"WebSite","@id":"https:\/\/barnafrid.se\/kunskapsportal\/#website","url":"https:\/\/barnafrid.se\/kunskapsportal\/","name":"Barnafrid","description":"Kunskapsportal om v\u00e5ld mot barn","potentialAction":[{"@type":"SearchAction","target":{"@type":"EntryPoint","urlTemplate":"https:\/\/barnafrid.se\/kunskapsportal\/?s={search_term_string}"},"query-input":{"@type":"PropertyValueSpecification","valueRequired":true,"valueName":"search_term_string"}}],"inLanguage":"sv-SE"}]}},"_links":{"self":[{"href":"https:\/\/barnafrid.se\/kunskapsportal\/wp-json\/wp\/v2\/pages\/3174","targetHints":{"allow":["GET"]}}],"collection":[{"href":"https:\/\/barnafrid.se\/kunskapsportal\/wp-json\/wp\/v2\/pages"}],"about":[{"href":"https:\/\/barnafrid.se\/kunskapsportal\/wp-json\/wp\/v2\/types\/page"}],"author":[{"embeddable":true,"href":"https:\/\/barnafrid.se\/kunskapsportal\/wp-json\/wp\/v2\/users\/10518"}],"replies":[{"embeddable":true,"href":"https:\/\/barnafrid.se\/kunskapsportal\/wp-json\/wp\/v2\/comments?post=3174"}],"version-history":[{"count":4,"href":"https:\/\/barnafrid.se\/kunskapsportal\/wp-json\/wp\/v2\/pages\/3174\/revisions"}],"predecessor-version":[{"id":8440,"href":"https:\/\/barnafrid.se\/kunskapsportal\/wp-json\/wp\/v2\/pages\/3174\/revisions\/8440"}],"up":[{"embeddable":true,"href":"https:\/\/barnafrid.se\/kunskapsportal\/wp-json\/wp\/v2\/pages\/2922"}],"wp:attachment":[{"href":"https:\/\/barnafrid.se\/kunskapsportal\/wp-json\/wp\/v2\/media?parent=3174"}],"wp:term":[{"taxonomy":"role","embeddable":true,"href":"https:\/\/barnafrid.se\/kunskapsportal\/wp-json\/wp\/v2\/role?post=3174"}],"curies":[{"name":"wp","href":"https:\/\/api.w.org\/{rel}","templated":true}]}}