{"id":3045,"date":"2022-01-23T19:16:00","date_gmt":"2022-01-23T18:16:00","guid":{"rendered":"https:\/\/barnafrid.se\/kunskapsportal\/?page_id=3045"},"modified":"2026-04-07T19:00:55","modified_gmt":"2026-04-07T17:00:55","slug":"resursbanken","status":"publish","type":"page","link":"https:\/\/barnafrid.se\/kunskapsportal\/resursbanken\/","title":{"rendered":"Resursbanken"},"content":{"rendered":"<div class='Lead'>\n    <p>H\u00e4r har vi sammanst\u00e4llt en lista med fler resursbanker om v\u00e5ld mot barn och unga, som \u00e4r tillg\u00e4ngliga hos andra myndigheter och kunskapsbanker. <\/p><\/div>\n\n\n\n<h2 class=\"wp-block-heading\"><strong>Brottsf\u00f6rebyggande r\u00e5det<\/strong><\/h2>\n\n\n\n<p>Brottsf\u00f6rebyggande r\u00e5det&nbsp;(Br\u00e5) har till uppgift att bidra till kunskapsutvecklingen inom det&nbsp;kriminalpolitiska&nbsp;omr\u00e5det och fr\u00e4mja&nbsp;brottsf\u00f6rebyggande arbete.<br><br><a href=\"https:\/\/bra.se\/amnen\/brott-mot-barn\" target=\"_blank\" rel=\"noreferrer noopener\">G\u00e5 till Brottsf\u00f6rebyggande r\u00e5det<\/a><br><\/p>\n\n\n\n<h2 class=\"wp-block-heading\"><strong>Brottsoffermyndigheten<\/strong><\/h2>\n\n\n\n<p>Brottsoffermyndighetens \u00f6vergripande m\u00e5l \u00e4r att arbeta f\u00f6r att fr\u00e4mja brottsoffers r\u00e4ttigheter samt uppm\u00e4rksamma deras behov och intressen.<br><br><a href=\"https:\/\/www.brottsoffermyndigheten.se\/kunskap\/\" target=\"_blank\" rel=\"noreferrer noopener\">G\u00e5 till Brottsoffermyndigheten<\/a><br><\/p>\n\n\n\n<h2 class=\"wp-block-heading\"><strong>International Society for Prevention of Child Abuse and Neglect (Eng)<\/strong><\/h2>\n\n\n\n<p>International Society for Prevention of Child Abuse and Neglect (ISPCAN) \u00e4r en tv\u00e4rvetenskaplig internationell organisation vars m\u00e5ls\u00e4ttning \u00e4r att globalt f\u00f6rebygga och behandla barn utsatta f\u00f6r barnmisshandel, f\u00f6rsummelse och utnyttjande. De arrangerar den internationella kongressen om barnmisshandel och f\u00f6rsummelse, vilket \u00e4r v\u00e4rldens st\u00f6rsta konferens om barnmisshandel.<br><br><a href=\"https:\/\/www.ispcan.org\/learn\/\" target=\"_blank\" rel=\"noreferrer noopener\">G\u00e5 till ISPCAN<\/a><br><\/p>\n\n\n\n<h2 class=\"wp-block-heading\"><strong>J\u00e4mst\u00e4lldhetsmyndigheten<\/strong><\/h2>\n\n\n\n<p>J\u00e4mst\u00e4lldhetsmyndigheten arbetar med uppf\u00f6ljning, analys, samordning, kunskap och st\u00f6d i syfte att bidra till en strategisk, sammanh\u00e5llen och h\u00e5llbar styrning och ett effektivt genomf\u00f6rande av j\u00e4mst\u00e4lldhetspolitiken.<br><br><a href=\"https:\/\/www.jamstalldhetsmyndigheten.se\/aktuellt\/publikationer\" target=\"_blank\" rel=\"noreferrer noopener\">G\u00e5 till J\u00e4mst\u00e4lldhetsmyndigheten<\/a><br><\/p>\n\n\n\n<h2 class=\"wp-block-heading\"><strong>L\u00e4nsstyrelsen i \u00d6sterg\u00f6tland (Hedersf\u00f6rtryck)<\/strong><\/h2>\n\n\n\n<p>L\u00e4nsstyrelsen \u00d6sterg\u00f6tland har sedan 2005 haft uppdrag och regeringens f\u00f6rtroende att genom olika regionala och nationella regeringsuppdrag motverka hedersrelaterat v\u00e5ld och f\u00f6rtryck samt f\u00f6rhindra att unga blir gifta mot sin vilja s\u00e5v\u00e4l som att motverka k\u00f6nsstympning.<br><br><a href=\"https:\/\/www.hedersfortryck.se\/publikationer\/\" target=\"_blank\" rel=\"noreferrer noopener\">G\u00e5 till Nationella kompetensteamet mot hedersrelaterat v\u00e5ld och f\u00f6rtryck<\/a><br><\/p>\n\n\n\n<h2 class=\"wp-block-heading\"><strong>Myndigheten f\u00f6r familjer\u00e4tt och f\u00f6r\u00e4ldraskapsst\u00f6d<\/strong><\/h2>\n\n\n\n<p>Myndigheten f\u00f6r familjer\u00e4tt och f\u00f6r\u00e4ldraskapsst\u00f6d (MFoF) \u00e4r en statlig myndighet som erbjuder kunskap f\u00f6r att alla barn ska f\u00e5 en trygg uppv\u00e4xt och bra relationer till sina f\u00f6r\u00e4ldrar. Myndigheten tillhandah\u00e5ller bland annat en kunskapsbank n\u00e4r det g\u00e4ller f\u00f6r\u00e4ldraskapsst\u00f6d och v\u00e5ldsf\u00f6rebyggande arbete mot hedersrelaterat v\u00e5ld och f\u00f6rtryck.<\/p>\n\n\n\n<p><a href=\"https:\/\/mfof.se\/foraldraskapsstod\/foraldraskapsstod-i-en-hederskontext\/kunskapsbanken-hrv.html\">G\u00e5 till MFoF:s kunskapsbank F\u00f6r\u00e4ldraskapsst\u00f6d i en hederskontext<\/a> <br><\/p>\n\n\n\n<h2 class=\"wp-block-heading\"><strong>Nasjonalt kunnskapssenter om vold og traumatisk stress (No)<\/strong><\/h2>\n\n\n\n<p>Nasjonalt kunnskapssenter om vold og traumatisk stress (NKVTS) \u00e4r ett norskt kunskapscentrum som utvecklar och sprider kunskap och kompetens om v\u00e5ld och traumatisk stress. Syftet \u00e4r att bidra till att f\u00f6rebygga och minska de h\u00e4lsoproblem och sociala konsekvenser som v\u00e5ld och traumatisk stress kan orsaka.<br><br><a href=\"https:\/\/www.nkvts.no\/\" target=\"_blank\" rel=\"noreferrer noopener\">G\u00e5 till Nasjonalt kunnskapssenter om vold og traumatisk stress <\/a><br><\/p>\n\n\n\n<h2 class=\"wp-block-heading\"><strong>National Child Traumatic Stress Network (Eng)<\/strong><\/h2>\n\n\n\n<p>National Child Traumatic Stress Network (NCTSN) etablerades av amerikanska kongressen \u00e5r 2000 med fokus p\u00e5 trauman hos barn.<br><br><a href=\"http:\/\/www.nctsn.org\/resources\" target=\"_blank\" rel=\"noreferrer noopener\">G\u00e5 till National Child Traumatic Stress Network <\/a><br><\/p>\n\n\n\n<h2 class=\"wp-block-heading\"><strong>Nationellt kompetenscentrum anh\u00f6riga<\/strong><\/h2>\n\n\n\n<p>Nationellt kompetenscentrum anh\u00f6riga (NKA) \u00e4r en samarbetsresurs f\u00f6r att utveckla framtidens anh\u00f6rigst\u00f6d.<br><br><a href=\"https:\/\/www.anhoriga.se\/publicerat\/\" target=\"_blank\" rel=\"noreferrer noopener\">G\u00e5 till Nationellt kompetenscentrum anh\u00f6riga<\/a><br><\/p>\n\n\n\n<h2 class=\"wp-block-heading\"><strong>Nationellt kunskapscentrum f\u00f6r kvinnofrid<\/strong><\/h2>\n\n\n\n<p>Nationellt centrum f\u00f6r kvinnofrid (NCK) \u00e4r ett kunskaps- och resurscentrum vid Uppsala universitet. NCK arbetar p\u00e5 regeringens uppdrag med att h\u00f6ja kunskapen om m\u00e4ns v\u00e5ld mot kvinnor och utveckla metoder f\u00f6r omh\u00e4ndertagande av v\u00e5ldsutsatta kvinnor.<br><br><a href=\"http:\/\/www.nck.uu.se\/kunskapsbanken\/\" target=\"_blank\" rel=\"noreferrer noopener\">G\u00e5 till Nationellt kunskapscentrum f\u00f6r kvinnofrid<\/a><br><\/p>\n\n\n\n<h2 class=\"wp-block-heading\"><strong>R\u00e4dda Barnen (Eng)<\/strong><\/h2>\n\n\n\n<p>R\u00e4dda Barnen \u00e4r en barnr\u00e4ttsorganisation som arbetar f\u00f6r att alla barn ska f\u00e5 sina r\u00e4ttigheter tillgodosedda och vars verksamhet grundar sig p\u00e5 Barnkonventionen.<br><br><a href=\"https:\/\/resourcecentre.savethechildren.net\/\" target=\"_blank\" rel=\"noreferrer noopener\">G\u00e5 till R\u00e4dda Barnen<\/a><br><\/p>\n\n\n\n<h2 class=\"wp-block-heading\"><strong>Socialstyrelsen<\/strong><\/h2>\n\n\n\n<p>Socialstyrelsen \u00e4r en statlig myndighet under Socialdepartementet med en bred verksamhet som r\u00f6r socialtj\u00e4nst och h\u00e4lso- och sjukv\u00e5rd.<br><br><a href=\"https:\/\/kunskapsguiden.se\/\" target=\"_blank\" rel=\"noreferrer noopener\">G\u00e5 till Socialstyrelsen<\/a><br><\/p>\n\n\n\n<h2 class=\"wp-block-heading\"><strong>Stiftelsen Allm\u00e4nna Barnahuset<\/strong><\/h2>\n\n\n\n<p>Stiftelsen Allm\u00e4nna Barnhuset \u00e4r en statlig stiftelse som grundades 1633. Idag har vi i uppdrag att utveckla och st\u00f6dja metod- och kunskapsutveckling med syfte att st\u00e4rka barn och ungdomar i socialt utsatta situationer.<br><br><a href=\"https:\/\/www.allmannabarnhuset.se\/produkter\/bocker-rapporter\/\" target=\"_blank\" rel=\"noreferrer noopener\">G\u00e5 till Stiftelsen Allm\u00e4nna Barnahuset<\/a><br><\/p>\n\n\n\n<h2 class=\"wp-block-heading\"><strong>Sveriges Kommuner och Regioner (SKR)<\/strong><\/h2>\n\n\n\n<p>SKR \u00e4r en medlems- och arbetsgivarorganisation. Alla Sveriges kommuner och regioner \u00e4r medlemmar. SKR:s uppgift \u00e4r att st\u00f6dja och bidra till att utveckla kommuner och regioners verksamhet. Vi fungerar som ett n\u00e4tverk f\u00f6r kunskapsutbyte och samordning.<br><br><a href=\"https:\/\/extra.skr.se\/skr\/tjanster\/rapporterochskrifter\/publikationer\/barnsomupplevervald.64657.html\" target=\"_blank\" rel=\"noreferrer noopener\">G\u00e5 till Sveriges Kommuner och Regioner<\/a><br><\/p>\n\n\n\n<h2 class=\"wp-block-heading\"><strong>The Child Abuse Library Online (Eng)<\/strong><\/h2>\n\n\n\n<p>The Child Abuse Library Online (CALiO\u2122) \u00e4r en tj\u00e4nst fr\u00e5n National Children\u2019s Advocacy Center som utvecklats som en resurssamling f\u00f6r yrkesverksamma som arbetar inom omr\u00e5den som \u00e4r f\u00f6rknippade med barnmisshandel och andra \u00f6vergrepp mot barn.<br><br><a href=\"http:\/\/www.calio.org\/\" target=\"_blank\" rel=\"noreferrer noopener\">G\u00e5 till The Child Abuse Library Online<\/a><\/p>\n","protected":false},"excerpt":{"rendered":"<p>Brottsf\u00f6rebyggande r\u00e5det Brottsf\u00f6rebyggande r\u00e5det&nbsp;(Br\u00e5) har till uppgift att bidra till kunskapsutvecklingen inom det&nbsp;kriminalpolitiska&nbsp;omr\u00e5det och fr\u00e4mja&nbsp;brottsf\u00f6rebyggande arbete. G\u00e5 till Brottsf\u00f6rebyggande r\u00e5det Brottsoffermyndigheten Brottsoffermyndighetens \u00f6vergripande m\u00e5l \u00e4r att arbeta f\u00f6r att fr\u00e4mja brottsoffers r\u00e4ttigheter samt uppm\u00e4rksamma deras behov och intressen. G\u00e5 till Brottsoffermyndigheten International Society for Prevention of Child Abuse and Neglect (Eng) International Society for Prevention [&hellip;]<\/p>\n","protected":false},"author":10518,"featured_media":0,"parent":0,"menu_order":0,"comment_status":"closed","ping_status":"closed","template":"","meta":{"h5ap_radio_sources":[],"footnotes":""},"role":[],"class_list":["post-3045","page","type-page","status-publish","hentry"],"yoast_head":"<!-- This site is optimized with the Yoast SEO plugin v27.3 - https:\/\/yoast.com\/product\/yoast-seo-wordpress\/ -->\n<title>Resursbanken - Barnafrid<\/title>\n<meta name=\"robots\" content=\"index, follow, max-snippet:-1, max-image-preview:large, max-video-preview:-1\" \/>\n<link rel=\"canonical\" href=\"https:\/\/barnafrid.se\/kunskapsportal\/resursbanken\/\" \/>\n<meta property=\"og:locale\" content=\"sv_SE\" \/>\n<meta property=\"og:type\" content=\"article\" \/>\n<meta property=\"og:title\" content=\"Resursbanken - Barnafrid\" \/>\n<meta property=\"og:description\" content=\"Brottsf\u00f6rebyggande r\u00e5det Brottsf\u00f6rebyggande r\u00e5det&nbsp;(Br\u00e5) har till uppgift att bidra till kunskapsutvecklingen inom det&nbsp;kriminalpolitiska&nbsp;omr\u00e5det och fr\u00e4mja&nbsp;brottsf\u00f6rebyggande arbete. G\u00e5 till Brottsf\u00f6rebyggande r\u00e5det Brottsoffermyndigheten Brottsoffermyndighetens \u00f6vergripande m\u00e5l \u00e4r att arbeta f\u00f6r att fr\u00e4mja brottsoffers r\u00e4ttigheter samt uppm\u00e4rksamma deras behov och intressen. G\u00e5 till Brottsoffermyndigheten International Society for Prevention of Child Abuse and Neglect (Eng) International Society for Prevention [&hellip;]\" \/>\n<meta property=\"og:url\" content=\"https:\/\/barnafrid.se\/kunskapsportal\/resursbanken\/\" \/>\n<meta property=\"og:site_name\" content=\"Barnafrid\" \/>\n<meta property=\"article:modified_time\" content=\"2026-04-07T17:00:55+00:00\" \/>\n<meta name=\"twitter:card\" content=\"summary_large_image\" \/>\n<meta name=\"twitter:label1\" content=\"Ber\u00e4knad l\u00e4stid\" \/>\n\t<meta name=\"twitter:data1\" content=\"3 minuter\" \/>\n<script type=\"application\/ld+json\" class=\"yoast-schema-graph\">{\"@context\":\"https:\\\/\\\/schema.org\",\"@graph\":[{\"@type\":\"WebPage\",\"@id\":\"https:\\\/\\\/barnafrid.se\\\/kunskapsportal\\\/resursbanken\\\/\",\"url\":\"https:\\\/\\\/barnafrid.se\\\/kunskapsportal\\\/resursbanken\\\/\",\"name\":\"Resursbanken - Barnafrid\",\"isPartOf\":{\"@id\":\"https:\\\/\\\/barnafrid.se\\\/kunskapsportal\\\/#website\"},\"datePublished\":\"2022-01-23T18:16:00+00:00\",\"dateModified\":\"2026-04-07T17:00:55+00:00\",\"breadcrumb\":{\"@id\":\"https:\\\/\\\/barnafrid.se\\\/kunskapsportal\\\/resursbanken\\\/#breadcrumb\"},\"inLanguage\":\"sv-SE\",\"potentialAction\":[{\"@type\":\"ReadAction\",\"target\":[\"https:\\\/\\\/barnafrid.se\\\/kunskapsportal\\\/resursbanken\\\/\"]}]},{\"@type\":\"BreadcrumbList\",\"@id\":\"https:\\\/\\\/barnafrid.se\\\/kunskapsportal\\\/resursbanken\\\/#breadcrumb\",\"itemListElement\":[{\"@type\":\"ListItem\",\"position\":1,\"name\":\"Home\",\"item\":\"https:\\\/\\\/barnafrid.se\\\/kunskapsportal\\\/\"},{\"@type\":\"ListItem\",\"position\":2,\"name\":\"Resursbanken\"}]},{\"@type\":\"WebSite\",\"@id\":\"https:\\\/\\\/barnafrid.se\\\/kunskapsportal\\\/#website\",\"url\":\"https:\\\/\\\/barnafrid.se\\\/kunskapsportal\\\/\",\"name\":\"Barnafrid\",\"description\":\"Kunskapsportal om v\u00e5ld mot barn\",\"potentialAction\":[{\"@type\":\"SearchAction\",\"target\":{\"@type\":\"EntryPoint\",\"urlTemplate\":\"https:\\\/\\\/barnafrid.se\\\/kunskapsportal\\\/?s={search_term_string}\"},\"query-input\":{\"@type\":\"PropertyValueSpecification\",\"valueRequired\":true,\"valueName\":\"search_term_string\"}}],\"inLanguage\":\"sv-SE\"}]}<\/script>\n<!-- \/ Yoast SEO plugin. -->","yoast_head_json":{"title":"Resursbanken - Barnafrid","robots":{"index":"index","follow":"follow","max-snippet":"max-snippet:-1","max-image-preview":"max-image-preview:large","max-video-preview":"max-video-preview:-1"},"canonical":"https:\/\/barnafrid.se\/kunskapsportal\/resursbanken\/","og_locale":"sv_SE","og_type":"article","og_title":"Resursbanken - Barnafrid","og_description":"Brottsf\u00f6rebyggande r\u00e5det Brottsf\u00f6rebyggande r\u00e5det&nbsp;(Br\u00e5) har till uppgift att bidra till kunskapsutvecklingen inom det&nbsp;kriminalpolitiska&nbsp;omr\u00e5det och fr\u00e4mja&nbsp;brottsf\u00f6rebyggande arbete. G\u00e5 till Brottsf\u00f6rebyggande r\u00e5det Brottsoffermyndigheten Brottsoffermyndighetens \u00f6vergripande m\u00e5l \u00e4r att arbeta f\u00f6r att fr\u00e4mja brottsoffers r\u00e4ttigheter samt uppm\u00e4rksamma deras behov och intressen. G\u00e5 till Brottsoffermyndigheten International Society for Prevention of Child Abuse and Neglect (Eng) International Society for Prevention [&hellip;]","og_url":"https:\/\/barnafrid.se\/kunskapsportal\/resursbanken\/","og_site_name":"Barnafrid","article_modified_time":"2026-04-07T17:00:55+00:00","twitter_card":"summary_large_image","twitter_misc":{"Ber\u00e4knad l\u00e4stid":"3 minuter"},"schema":{"@context":"https:\/\/schema.org","@graph":[{"@type":"WebPage","@id":"https:\/\/barnafrid.se\/kunskapsportal\/resursbanken\/","url":"https:\/\/barnafrid.se\/kunskapsportal\/resursbanken\/","name":"Resursbanken - Barnafrid","isPartOf":{"@id":"https:\/\/barnafrid.se\/kunskapsportal\/#website"},"datePublished":"2022-01-23T18:16:00+00:00","dateModified":"2026-04-07T17:00:55+00:00","breadcrumb":{"@id":"https:\/\/barnafrid.se\/kunskapsportal\/resursbanken\/#breadcrumb"},"inLanguage":"sv-SE","potentialAction":[{"@type":"ReadAction","target":["https:\/\/barnafrid.se\/kunskapsportal\/resursbanken\/"]}]},{"@type":"BreadcrumbList","@id":"https:\/\/barnafrid.se\/kunskapsportal\/resursbanken\/#breadcrumb","itemListElement":[{"@type":"ListItem","position":1,"name":"Home","item":"https:\/\/barnafrid.se\/kunskapsportal\/"},{"@type":"ListItem","position":2,"name":"Resursbanken"}]},{"@type":"WebSite","@id":"https:\/\/barnafrid.se\/kunskapsportal\/#website","url":"https:\/\/barnafrid.se\/kunskapsportal\/","name":"Barnafrid","description":"Kunskapsportal om v\u00e5ld mot barn","potentialAction":[{"@type":"SearchAction","target":{"@type":"EntryPoint","urlTemplate":"https:\/\/barnafrid.se\/kunskapsportal\/?s={search_term_string}"},"query-input":{"@type":"PropertyValueSpecification","valueRequired":true,"valueName":"search_term_string"}}],"inLanguage":"sv-SE"}]}},"_links":{"self":[{"href":"https:\/\/barnafrid.se\/kunskapsportal\/wp-json\/wp\/v2\/pages\/3045","targetHints":{"allow":["GET"]}}],"collection":[{"href":"https:\/\/barnafrid.se\/kunskapsportal\/wp-json\/wp\/v2\/pages"}],"about":[{"href":"https:\/\/barnafrid.se\/kunskapsportal\/wp-json\/wp\/v2\/types\/page"}],"author":[{"embeddable":true,"href":"https:\/\/barnafrid.se\/kunskapsportal\/wp-json\/wp\/v2\/users\/10518"}],"replies":[{"embeddable":true,"href":"https:\/\/barnafrid.se\/kunskapsportal\/wp-json\/wp\/v2\/comments?post=3045"}],"version-history":[{"count":26,"href":"https:\/\/barnafrid.se\/kunskapsportal\/wp-json\/wp\/v2\/pages\/3045\/revisions"}],"predecessor-version":[{"id":18184,"href":"https:\/\/barnafrid.se\/kunskapsportal\/wp-json\/wp\/v2\/pages\/3045\/revisions\/18184"}],"wp:attachment":[{"href":"https:\/\/barnafrid.se\/kunskapsportal\/wp-json\/wp\/v2\/media?parent=3045"}],"wp:term":[{"taxonomy":"role","embeddable":true,"href":"https:\/\/barnafrid.se\/kunskapsportal\/wp-json\/wp\/v2\/role?post=3045"}],"curies":[{"name":"wp","href":"https:\/\/api.w.org\/{rel}","templated":true}]}}