{"id":3019,"date":"2021-06-17T14:15:50","date_gmt":"2021-06-17T12:15:50","guid":{"rendered":"https:\/\/barnafrid.se\/kunskapsportal\/?page_id=3019"},"modified":"2022-04-21T09:39:46","modified_gmt":"2022-04-21T07:39:46","slug":"om-fordjupningskursen","status":"publish","type":"page","link":"https:\/\/barnafrid.se\/kunskapsportal\/fordjupning-startsida\/om-fordjupningskursen\/","title":{"rendered":"Om F\u00f6rdjupningskursen"},"content":{"rendered":"\n<p>Den h\u00e4r kursen syftar till att ge dig kunskaper och f\u00e4rdigheter i barnpsykiatrisk traumav\u00e5rd f\u00f6r hur du bem\u00f6ter, identifierar, kartl\u00e4gger och diagnostiserar barns v\u00e5ldsutsatthet och dess psykiatriska konsekvenser. Du kommer ocks\u00e5 att f\u00e5 kunskap om evidensbaserat och rekommenderat krisst\u00f6d och traumafokuserad behandling med s\u00e4rskilt fokus p\u00e5 posttraumatiskt stressyndrom, PTSD. Kursen beskriver vidare hur det g\u00e5r till att g\u00f6ra orosanm\u00e4lan och polisanm\u00e4lan, samt hur barnahus utreder brott.<\/p>\n\n\n\n<p>Utbildningen riktar sig i f\u00f6rsta hand till dig som \u00e4r anst\u00e4lld i verksamhet med barn- och ungdomspsykiatriskt uppdrag s\u00e5som BUP och F\u00f6rsta linjens v\u00e5rd f\u00f6r barn och ungas psykiska h\u00e4lsa. F\u00f6r dig som arbetar med angr\u00e4nsande uppdrag inom h\u00e4lso- och sjukv\u00e5rd, socialtj\u00e4nst, r\u00e4ttsv\u00e4sende och f\u00f6rskola\/skola kan delar av utbildningen ocks\u00e5 vara intressant och ge m\u00f6jlighet att orientera sig i. F\u00f6r dig som vill veta mer om olika former av v\u00e5ld mot barn och v\u00e5ldets konsekvenser rekommenderas Barnafrids grundl\u00e4ggande digitala utbildning <a href=\"https:\/\/barnafrid.se\/kunskapsportal\/basprogram\"><em>Basprogram om v\u00e5ld mot barn<\/em>.<\/a>&nbsp;<\/p>\n\n\n\n<p>Du kan genomf\u00f6ra den h\u00e4r kursen i sin helhet eller dela upp den i flera delar. I varje del finns det kliniska vinjetter med tillh\u00f6rande diskussionsfr\u00e5gor som du kan reflektera kring sj\u00e4lv eller i grupp. Efter genomf\u00f6rd utbildning kan du anv\u00e4nda delar av kursinneh\u00e5llet som processt\u00f6d i ditt arbete.\u00a0\u00a0<\/p>\n\n\n\n<p>Har du fr\u00e5gor eller funderingar kring utbildningen, v\u00e4nligen kontakta Barnafrid p\u00e5 barnafrid(at)liu.se<\/p>\n","protected":false},"excerpt":{"rendered":"<p>Den h\u00e4r kursen syftar till att ge dig kunskaper och f\u00e4rdigheter i barnpsykiatrisk traumav\u00e5rd f\u00f6r hur du bem\u00f6ter, identifierar, kartl\u00e4gger och diagnostiserar barns v\u00e5ldsutsatthet och dess psykiatriska konsekvenser. Du kommer ocks\u00e5 att f\u00e5 kunskap om evidensbaserat och rekommenderat krisst\u00f6d och traumafokuserad behandling med s\u00e4rskilt fokus p\u00e5 posttraumatiskt stressyndrom, PTSD. Kursen beskriver vidare hur det g\u00e5r [&hellip;]<\/p>\n","protected":false},"author":6,"featured_media":0,"parent":3017,"menu_order":0,"comment_status":"closed","ping_status":"closed","template":"","meta":{"h5ap_radio_sources":[],"footnotes":""},"role":[],"class_list":["post-3019","page","type-page","status-publish","hentry"],"yoast_head":"<!-- This site is optimized with the Yoast SEO plugin v27.4 - https:\/\/yoast.com\/product\/yoast-seo-wordpress\/ -->\n<title>Om F\u00f6rdjupningskursen - Barnafrid<\/title>\n<meta name=\"robots\" content=\"index, follow, max-snippet:-1, max-image-preview:large, max-video-preview:-1\" \/>\n<link rel=\"canonical\" href=\"https:\/\/barnafrid.se\/kunskapsportal\/fordjupning-startsida\/om-fordjupningskursen\/\" \/>\n<meta property=\"og:locale\" content=\"sv_SE\" \/>\n<meta property=\"og:type\" content=\"article\" \/>\n<meta property=\"og:title\" content=\"Om F\u00f6rdjupningskursen - Barnafrid\" \/>\n<meta property=\"og:description\" content=\"Den h\u00e4r kursen syftar till att ge dig kunskaper och f\u00e4rdigheter i barnpsykiatrisk traumav\u00e5rd f\u00f6r hur du bem\u00f6ter, identifierar, kartl\u00e4gger och diagnostiserar barns v\u00e5ldsutsatthet och dess psykiatriska konsekvenser. Du kommer ocks\u00e5 att f\u00e5 kunskap om evidensbaserat och rekommenderat krisst\u00f6d och traumafokuserad behandling med s\u00e4rskilt fokus p\u00e5 posttraumatiskt stressyndrom, PTSD. Kursen beskriver vidare hur det g\u00e5r [&hellip;]\" \/>\n<meta property=\"og:url\" content=\"https:\/\/barnafrid.se\/kunskapsportal\/fordjupning-startsida\/om-fordjupningskursen\/\" \/>\n<meta property=\"og:site_name\" content=\"Barnafrid\" \/>\n<meta property=\"article:modified_time\" content=\"2022-04-21T07:39:46+00:00\" \/>\n<meta name=\"twitter:card\" content=\"summary_large_image\" \/>\n<meta name=\"twitter:label1\" content=\"Ber\u00e4knad l\u00e4stid\" \/>\n\t<meta name=\"twitter:data1\" content=\"1 minut\" \/>\n<script type=\"application\/ld+json\" class=\"yoast-schema-graph\">{\"@context\":\"https:\\\/\\\/schema.org\",\"@graph\":[{\"@type\":\"WebPage\",\"@id\":\"https:\\\/\\\/barnafrid.se\\\/kunskapsportal\\\/fordjupning-startsida\\\/om-fordjupningskursen\\\/\",\"url\":\"https:\\\/\\\/barnafrid.se\\\/kunskapsportal\\\/fordjupning-startsida\\\/om-fordjupningskursen\\\/\",\"name\":\"Om F\u00f6rdjupningskursen - Barnafrid\",\"isPartOf\":{\"@id\":\"https:\\\/\\\/barnafrid.se\\\/kunskapsportal\\\/#website\"},\"datePublished\":\"2021-06-17T12:15:50+00:00\",\"dateModified\":\"2022-04-21T07:39:46+00:00\",\"breadcrumb\":{\"@id\":\"https:\\\/\\\/barnafrid.se\\\/kunskapsportal\\\/fordjupning-startsida\\\/om-fordjupningskursen\\\/#breadcrumb\"},\"inLanguage\":\"sv-SE\",\"potentialAction\":[{\"@type\":\"ReadAction\",\"target\":[\"https:\\\/\\\/barnafrid.se\\\/kunskapsportal\\\/fordjupning-startsida\\\/om-fordjupningskursen\\\/\"]}]},{\"@type\":\"BreadcrumbList\",\"@id\":\"https:\\\/\\\/barnafrid.se\\\/kunskapsportal\\\/fordjupning-startsida\\\/om-fordjupningskursen\\\/#breadcrumb\",\"itemListElement\":[{\"@type\":\"ListItem\",\"position\":1,\"name\":\"Home\",\"item\":\"https:\\\/\\\/barnafrid.se\\\/kunskapsportal\\\/\"},{\"@type\":\"ListItem\",\"position\":2,\"name\":\"Kurs i barnpsykiatrisk traumav\u00e5rd\",\"item\":\"https:\\\/\\\/barnafrid.se\\\/kunskapsportal\\\/fordjupning-startsida\\\/\"},{\"@type\":\"ListItem\",\"position\":3,\"name\":\"Om F\u00f6rdjupningskursen\"}]},{\"@type\":\"WebSite\",\"@id\":\"https:\\\/\\\/barnafrid.se\\\/kunskapsportal\\\/#website\",\"url\":\"https:\\\/\\\/barnafrid.se\\\/kunskapsportal\\\/\",\"name\":\"Barnafrid\",\"description\":\"Kunskapsportal om v\u00e5ld mot barn\",\"potentialAction\":[{\"@type\":\"SearchAction\",\"target\":{\"@type\":\"EntryPoint\",\"urlTemplate\":\"https:\\\/\\\/barnafrid.se\\\/kunskapsportal\\\/?s={search_term_string}\"},\"query-input\":{\"@type\":\"PropertyValueSpecification\",\"valueRequired\":true,\"valueName\":\"search_term_string\"}}],\"inLanguage\":\"sv-SE\"}]}<\/script>\n<!-- \/ Yoast SEO plugin. -->","yoast_head_json":{"title":"Om F\u00f6rdjupningskursen - Barnafrid","robots":{"index":"index","follow":"follow","max-snippet":"max-snippet:-1","max-image-preview":"max-image-preview:large","max-video-preview":"max-video-preview:-1"},"canonical":"https:\/\/barnafrid.se\/kunskapsportal\/fordjupning-startsida\/om-fordjupningskursen\/","og_locale":"sv_SE","og_type":"article","og_title":"Om F\u00f6rdjupningskursen - Barnafrid","og_description":"Den h\u00e4r kursen syftar till att ge dig kunskaper och f\u00e4rdigheter i barnpsykiatrisk traumav\u00e5rd f\u00f6r hur du bem\u00f6ter, identifierar, kartl\u00e4gger och diagnostiserar barns v\u00e5ldsutsatthet och dess psykiatriska konsekvenser. Du kommer ocks\u00e5 att f\u00e5 kunskap om evidensbaserat och rekommenderat krisst\u00f6d och traumafokuserad behandling med s\u00e4rskilt fokus p\u00e5 posttraumatiskt stressyndrom, PTSD. Kursen beskriver vidare hur det g\u00e5r [&hellip;]","og_url":"https:\/\/barnafrid.se\/kunskapsportal\/fordjupning-startsida\/om-fordjupningskursen\/","og_site_name":"Barnafrid","article_modified_time":"2022-04-21T07:39:46+00:00","twitter_card":"summary_large_image","twitter_misc":{"Ber\u00e4knad l\u00e4stid":"1 minut"},"schema":{"@context":"https:\/\/schema.org","@graph":[{"@type":"WebPage","@id":"https:\/\/barnafrid.se\/kunskapsportal\/fordjupning-startsida\/om-fordjupningskursen\/","url":"https:\/\/barnafrid.se\/kunskapsportal\/fordjupning-startsida\/om-fordjupningskursen\/","name":"Om F\u00f6rdjupningskursen - Barnafrid","isPartOf":{"@id":"https:\/\/barnafrid.se\/kunskapsportal\/#website"},"datePublished":"2021-06-17T12:15:50+00:00","dateModified":"2022-04-21T07:39:46+00:00","breadcrumb":{"@id":"https:\/\/barnafrid.se\/kunskapsportal\/fordjupning-startsida\/om-fordjupningskursen\/#breadcrumb"},"inLanguage":"sv-SE","potentialAction":[{"@type":"ReadAction","target":["https:\/\/barnafrid.se\/kunskapsportal\/fordjupning-startsida\/om-fordjupningskursen\/"]}]},{"@type":"BreadcrumbList","@id":"https:\/\/barnafrid.se\/kunskapsportal\/fordjupning-startsida\/om-fordjupningskursen\/#breadcrumb","itemListElement":[{"@type":"ListItem","position":1,"name":"Home","item":"https:\/\/barnafrid.se\/kunskapsportal\/"},{"@type":"ListItem","position":2,"name":"Kurs i barnpsykiatrisk traumav\u00e5rd","item":"https:\/\/barnafrid.se\/kunskapsportal\/fordjupning-startsida\/"},{"@type":"ListItem","position":3,"name":"Om F\u00f6rdjupningskursen"}]},{"@type":"WebSite","@id":"https:\/\/barnafrid.se\/kunskapsportal\/#website","url":"https:\/\/barnafrid.se\/kunskapsportal\/","name":"Barnafrid","description":"Kunskapsportal om v\u00e5ld mot barn","potentialAction":[{"@type":"SearchAction","target":{"@type":"EntryPoint","urlTemplate":"https:\/\/barnafrid.se\/kunskapsportal\/?s={search_term_string}"},"query-input":{"@type":"PropertyValueSpecification","valueRequired":true,"valueName":"search_term_string"}}],"inLanguage":"sv-SE"}]}},"_links":{"self":[{"href":"https:\/\/barnafrid.se\/kunskapsportal\/wp-json\/wp\/v2\/pages\/3019","targetHints":{"allow":["GET"]}}],"collection":[{"href":"https:\/\/barnafrid.se\/kunskapsportal\/wp-json\/wp\/v2\/pages"}],"about":[{"href":"https:\/\/barnafrid.se\/kunskapsportal\/wp-json\/wp\/v2\/types\/page"}],"author":[{"embeddable":true,"href":"https:\/\/barnafrid.se\/kunskapsportal\/wp-json\/wp\/v2\/users\/6"}],"replies":[{"embeddable":true,"href":"https:\/\/barnafrid.se\/kunskapsportal\/wp-json\/wp\/v2\/comments?post=3019"}],"version-history":[{"count":3,"href":"https:\/\/barnafrid.se\/kunskapsportal\/wp-json\/wp\/v2\/pages\/3019\/revisions"}],"predecessor-version":[{"id":4752,"href":"https:\/\/barnafrid.se\/kunskapsportal\/wp-json\/wp\/v2\/pages\/3019\/revisions\/4752"}],"up":[{"embeddable":true,"href":"https:\/\/barnafrid.se\/kunskapsportal\/wp-json\/wp\/v2\/pages\/3017"}],"wp:attachment":[{"href":"https:\/\/barnafrid.se\/kunskapsportal\/wp-json\/wp\/v2\/media?parent=3019"}],"wp:term":[{"taxonomy":"role","embeddable":true,"href":"https:\/\/barnafrid.se\/kunskapsportal\/wp-json\/wp\/v2\/role?post=3019"}],"curies":[{"name":"wp","href":"https:\/\/api.w.org\/{rel}","templated":true}]}}