{"id":3017,"date":"2021-06-17T14:15:31","date_gmt":"2021-06-17T12:15:31","guid":{"rendered":"https:\/\/barnafrid.se\/kunskapsportal\/?page_id=3017"},"modified":"2022-04-25T09:33:58","modified_gmt":"2022-04-25T07:33:58","slug":"fordjupning-startsida","status":"publish","type":"page","link":"https:\/\/barnafrid.se\/kunskapsportal\/fordjupning-startsida\/","title":{"rendered":"Kurs i barnpsykiatrisk traumav\u00e5rd"},"content":{"rendered":"<div class=\"Hero\">\n    <div class=\"Hero-outerContainer\">\n        <div class=\"Hero-innerContainer\">\n            <div class=\"HeroContent\">\n                <h1 class=\"Hero-title\">Barnpsykiatrisk traumav\u00e5rd<\/h1>\n                <div class=\"Hero-intro\">\n                    <p>Den h\u00e4r kursen syftar till att ge dig kunskaper och f\u00e4rdigheter i barnpsykiatrisk traumav\u00e5rd f\u00f6r hur du bem\u00f6ter, identifierar, kartl\u00e4gger och diagnostiserar barns v\u00e5ldsutsatthet och dess psykiatriska konsekvenser.<\/p>                <\/div>\n                <div class=\"HeroLinks\">\n                                                    <p class=\"HeroLinks-right\">\n                        <a href=\"https:\/\/barnafrid.se\/kunskapsportal\/wp-login.php?action=register\" class=\"Button Button--alt\">G\u00e5 till utbildningen!<\/a>\n                    <\/p>\n                                <\/div>\n            <\/div>\n\n                <div class=\"HeroIllustration\" >\n\n                <img loading=\"lazy\" decoding=\"async\" width=\"1024\" height=\"741\" src=\"https:\/\/barnafrid.se\/kunskapsportal\/wp-content\/uploads\/2022\/04\/omslag1-1024x741.png\" class=\"HeroIllustration-image\" alt=\"Ansikte p\u00e5 flicka, akvarellf\u00e4rg i gr\u00f6nt framf\u00f6r ansikte\" srcset=\"https:\/\/barnafrid.se\/kunskapsportal\/wp-content\/uploads\/2022\/04\/omslag1-1024x741.png 1024w, https:\/\/barnafrid.se\/kunskapsportal\/wp-content\/uploads\/2022\/04\/omslag1-300x217.png 300w, https:\/\/barnafrid.se\/kunskapsportal\/wp-content\/uploads\/2022\/04\/omslag1-768x556.png 768w, https:\/\/barnafrid.se\/kunskapsportal\/wp-content\/uploads\/2022\/04\/omslag1-1536x1112.png 1536w, https:\/\/barnafrid.se\/kunskapsportal\/wp-content\/uploads\/2022\/04\/omslag1-2048x1482.png 2048w\" sizes=\"auto, (max-width: 1024px) 100vw, 1024px\" \/>            <\/div>\n        <\/div>\n\n    <\/div>\n<\/div>\n\n\n\n<p>Den h\u00e4r kursen syftar till att ge dig kunskaper och f\u00e4rdigheter i barnpsykiatrisk traumav\u00e5rd f\u00f6r hur du bem\u00f6ter, identifierar, kartl\u00e4gger och diagnostiserar barns v\u00e5ldsutsatthet och dess psykiatriska konsekvenser. Du kommer ocks\u00e5 att f\u00e5 kunskap om evidensbaserat och rekommenderat krisst\u00f6d och traumafokuserad behandling med s\u00e4rskilt fokus p\u00e5 posttraumatiskt stressyndrom, PTSD. Kursen beskriver vidare hur det g\u00e5r till att g\u00f6ra orosanm\u00e4lan och polisanm\u00e4lan, samt hur barnahus utreder brott.<\/p>\n\n\n\n<p>Utbildningen riktar sig i f\u00f6rsta hand till dig som \u00e4r anst\u00e4lld i verksamhet med barn- och ungdomspsykiatriskt uppdrag s\u00e5som BUP och F\u00f6rsta linjens v\u00e5rd f\u00f6r barn och ungas psykiska h\u00e4lsa. F\u00f6r dig som arbetar med angr\u00e4nsande uppdrag inom h\u00e4lso- och sjukv\u00e5rd, socialtj\u00e4nst, r\u00e4ttsv\u00e4sende och f\u00f6rskola\/skola kan delar av utbildningen ocks\u00e5 vara intressant och ge m\u00f6jlighet att orientera sig i. F\u00f6r dig som vill veta mer om olika former av v\u00e5ld mot barn och v\u00e5ldets konsekvenser rekommenderas Barnafrids grundl\u00e4ggande digitala utbildning <a href=\"https:\/\/barnafrid.se\/kunskapsportal\/basprogram\"><em>Basprogram om v\u00e5ld mot barn<\/em>.<\/a>&nbsp;<\/p>\n\n\n\n<p>Du kan genomf\u00f6ra den h\u00e4r kursen i sin helhet eller dela upp den i flera delar. I varje del finns det kliniska vinjetter med tillh\u00f6rande diskussionsfr\u00e5gor som du kan reflektera kring sj\u00e4lv eller i grupp. Efter genomf\u00f6rd utbildning kan du anv\u00e4nda delar av kursinneh\u00e5llet som processt\u00f6d i ditt arbete.&nbsp;&nbsp;<\/p>\n\n\n<section class=\"ArticleSection \">\n      <h2 class=\"ArticleSection-title\" id=\"sa-har-gar-det-till\">\n      S\u00e5 h\u00e4r g\u00e5r det till    <\/h2>\n    \n<div class=\"Step\">\n    <div class=\"Step-illustration\">\n        <img loading=\"lazy\" decoding=\"async\" width=\"650\" height=\"344\" src=\"https:\/\/barnafrid.se\/kunskapsportal\/wp-content\/uploads\/2019\/12\/barnafrid_image_7-1.png\" class=\"Step-image\" alt=\"B\u00e4rbar dator med \u00f6ppen sk\u00e4rm intill en mugg, mobiltelefon och surfplatta.\" srcset=\"https:\/\/barnafrid.se\/kunskapsportal\/wp-content\/uploads\/2019\/12\/barnafrid_image_7-1.png 650w, https:\/\/barnafrid.se\/kunskapsportal\/wp-content\/uploads\/2019\/12\/barnafrid_image_7-1-300x159.png 300w\" sizes=\"auto, (max-width: 650px) 100vw, 650px\" \/>    <\/div>\n    <div class=\"Step-content\">\n        <h3 class=\"Step-title\">1. Registrera dig som anv\u00e4ndare.<\/h3>\n        <p class=\"Step-text\">F\u00f6r att kunna ta del av utbildningen beh\u00f6ver du registrera dig och v\u00e4lja l\u00f6senord. D\u00e4refter kan du logga in n\u00e4r det passar dig och fr\u00e5n vilken dator, l\u00e4splatta eller mobiltelefon du vill..<\/p>\n    <\/div>\n<\/div>\n\n\n<div class=\"Step\">\n    <div class=\"Step-illustration\">\n        <img loading=\"lazy\" decoding=\"async\" width=\"650\" height=\"640\" src=\"https:\/\/barnafrid.se\/kunskapsportal\/wp-content\/uploads\/2019\/12\/barnafrid_image_48.png\" class=\"Step-image\" alt=\"V\u00e4ggklocka intill en liten tavla och ovanf\u00f6r en hylla med b\u00f6cker.\" srcset=\"https:\/\/barnafrid.se\/kunskapsportal\/wp-content\/uploads\/2019\/12\/barnafrid_image_48.png 650w, https:\/\/barnafrid.se\/kunskapsportal\/wp-content\/uploads\/2019\/12\/barnafrid_image_48-300x295.png 300w\" sizes=\"auto, (max-width: 650px) 100vw, 650px\" \/>    <\/div>\n    <div class=\"Step-content\">\n        <h3 class=\"Step-title\">2. G\u00e5 utbildningen \u2013 i din egen takt.<\/h3>\n        <p class=\"Step-text\">Utbildningen \u00e4r uppdelad i 8 kapitel med information och diskussionsfr\u00e5gor. Du kan n\u00e4r som helst avsluta f\u00f6r att forts\u00e4tta d\u00e4r du slutade vid ett senare tillf\u00e4lle. Under utbildningen kan du spara s\u00e4rskilt intressanta avsnitt och skapa din personliga kunskapsbank att \u00e5terkomma till.<\/p>\n    <\/div>\n<\/div>\n\n\n<div class=\"Step\">\n    <div class=\"Step-illustration\">\n        <img loading=\"lazy\" decoding=\"async\" width=\"628\" height=\"369\" src=\"https:\/\/barnafrid.se\/kunskapsportal\/wp-content\/uploads\/2019\/12\/barnafrid_image_12.png\" class=\"Step-image\" alt=\"R\u00f6da st\u00f6vlar\" srcset=\"https:\/\/barnafrid.se\/kunskapsportal\/wp-content\/uploads\/2019\/12\/barnafrid_image_12.png 628w, https:\/\/barnafrid.se\/kunskapsportal\/wp-content\/uploads\/2019\/12\/barnafrid_image_12-300x176.png 300w\" sizes=\"auto, (max-width: 628px) 100vw, 628px\" \/>    <\/div>\n    <div class=\"Step-content\">\n        <h3 class=\"Step-title\">3. Funderingar?<\/h3>\n        <p class=\"Step-text\">Om du har fr\u00e5gor eller funderingar kring v\u00e5r utbildning, v\u00e4nligen kontakta Barnafrid p\u00e5 barnafrid(at)liu.se<\/p>\n    <\/div>\n<\/div>\n\n<\/section>\n\n\n\n<h2 class=\"wp-block-heading\">Om Barnafrid<\/h2>\n\n\n\n<p>Barnafrid \u00e4r ett nationellt kunskapscentrum med uppdrag att samla och sprida kunskap om v\u00e5ld och andra \u00f6vergrepp mot barn. Det \u00e4r ett regeringsuppdrag som tilldelades Link\u00f6pings universitet under 2015 och finns placerat p\u00e5 Institutionen f\u00f6r klinisk och experimentell medicin p\u00e5 Campus US i Link\u00f6ping.<\/p>\n\n\n\n<p>Barnafrid riktar sig till yrkesverksamma som i sitt arbete m\u00f6ter barn och unga som utsatts v\u00e5ld och andra \u00f6vergrepp, men \u00e4ven till yrkesverksamma vid till exempel myndigheter. M\u00e5let f\u00f6r kunskapscentrumet \u00e4r att, genom att samla och sprida kunskap, bidra till ett f\u00f6rb\u00e4ttrat f\u00f6rebyggande arbete samt att utveckla effektiva insatser f\u00f6r att skydda och st\u00f6dja barn som utsatts f\u00f6r v\u00e5ld och andra \u00f6vergrepp.<\/p>\n","protected":false},"excerpt":{"rendered":"<p>Den h\u00e4r kursen syftar till att ge dig kunskaper och f\u00e4rdigheter i barnpsykiatrisk traumav\u00e5rd f\u00f6r hur du bem\u00f6ter, identifierar, kartl\u00e4gger och diagnostiserar barns v\u00e5ldsutsatthet och dess psykiatriska konsekvenser. Du kommer ocks\u00e5 att f\u00e5 kunskap om evidensbaserat och rekommenderat krisst\u00f6d och traumafokuserad behandling med s\u00e4rskilt fokus p\u00e5 posttraumatiskt stressyndrom, PTSD. Kursen beskriver vidare hur det g\u00e5r [&hellip;]<\/p>\n","protected":false},"author":6,"featured_media":0,"parent":0,"menu_order":0,"comment_status":"closed","ping_status":"closed","template":"page-course-start.php","meta":{"h5ap_radio_sources":[],"footnotes":""},"role":[53,54,52],"class_list":["post-3017","page","type-page","status-publish","hentry","role-barn-och-ungdomspsykiatri","role-forsta-linjen","role-halso-och-sjukvard"],"yoast_head":"<!-- This site is optimized with the Yoast SEO plugin v27.4 - https:\/\/yoast.com\/product\/yoast-seo-wordpress\/ -->\n<title>Kurs i barnpsykiatrisk traumav\u00e5rd - Barnafrid<\/title>\n<meta name=\"robots\" content=\"index, follow, max-snippet:-1, max-image-preview:large, max-video-preview:-1\" \/>\n<link rel=\"canonical\" href=\"https:\/\/barnafrid.se\/kunskapsportal\/fordjupning-startsida\/\" \/>\n<meta property=\"og:locale\" content=\"sv_SE\" \/>\n<meta property=\"og:type\" content=\"article\" \/>\n<meta property=\"og:title\" content=\"Kurs i barnpsykiatrisk traumav\u00e5rd - Barnafrid\" \/>\n<meta property=\"og:description\" content=\"Den h\u00e4r kursen syftar till att ge dig kunskaper och f\u00e4rdigheter i barnpsykiatrisk traumav\u00e5rd f\u00f6r hur du bem\u00f6ter, identifierar, kartl\u00e4gger och diagnostiserar barns v\u00e5ldsutsatthet och dess psykiatriska konsekvenser. Du kommer ocks\u00e5 att f\u00e5 kunskap om evidensbaserat och rekommenderat krisst\u00f6d och traumafokuserad behandling med s\u00e4rskilt fokus p\u00e5 posttraumatiskt stressyndrom, PTSD. Kursen beskriver vidare hur det g\u00e5r [&hellip;]\" \/>\n<meta property=\"og:url\" content=\"https:\/\/barnafrid.se\/kunskapsportal\/fordjupning-startsida\/\" \/>\n<meta property=\"og:site_name\" content=\"Barnafrid\" \/>\n<meta property=\"article:modified_time\" content=\"2022-04-25T07:33:58+00:00\" \/>\n<meta name=\"twitter:card\" content=\"summary_large_image\" \/>\n<meta name=\"twitter:label1\" content=\"Ber\u00e4knad l\u00e4stid\" \/>\n\t<meta name=\"twitter:data1\" content=\"2 minuter\" \/>\n<script type=\"application\/ld+json\" class=\"yoast-schema-graph\">{\"@context\":\"https:\\\/\\\/schema.org\",\"@graph\":[{\"@type\":\"WebPage\",\"@id\":\"https:\\\/\\\/barnafrid.se\\\/kunskapsportal\\\/fordjupning-startsida\\\/\",\"url\":\"https:\\\/\\\/barnafrid.se\\\/kunskapsportal\\\/fordjupning-startsida\\\/\",\"name\":\"Kurs i barnpsykiatrisk traumav\u00e5rd - Barnafrid\",\"isPartOf\":{\"@id\":\"https:\\\/\\\/barnafrid.se\\\/kunskapsportal\\\/#website\"},\"datePublished\":\"2021-06-17T12:15:31+00:00\",\"dateModified\":\"2022-04-25T07:33:58+00:00\",\"breadcrumb\":{\"@id\":\"https:\\\/\\\/barnafrid.se\\\/kunskapsportal\\\/fordjupning-startsida\\\/#breadcrumb\"},\"inLanguage\":\"sv-SE\",\"potentialAction\":[{\"@type\":\"ReadAction\",\"target\":[\"https:\\\/\\\/barnafrid.se\\\/kunskapsportal\\\/fordjupning-startsida\\\/\"]}]},{\"@type\":\"BreadcrumbList\",\"@id\":\"https:\\\/\\\/barnafrid.se\\\/kunskapsportal\\\/fordjupning-startsida\\\/#breadcrumb\",\"itemListElement\":[{\"@type\":\"ListItem\",\"position\":1,\"name\":\"Home\",\"item\":\"https:\\\/\\\/barnafrid.se\\\/kunskapsportal\\\/\"},{\"@type\":\"ListItem\",\"position\":2,\"name\":\"Kurs i barnpsykiatrisk traumav\u00e5rd\"}]},{\"@type\":\"WebSite\",\"@id\":\"https:\\\/\\\/barnafrid.se\\\/kunskapsportal\\\/#website\",\"url\":\"https:\\\/\\\/barnafrid.se\\\/kunskapsportal\\\/\",\"name\":\"Barnafrid\",\"description\":\"Kunskapsportal om v\u00e5ld mot barn\",\"potentialAction\":[{\"@type\":\"SearchAction\",\"target\":{\"@type\":\"EntryPoint\",\"urlTemplate\":\"https:\\\/\\\/barnafrid.se\\\/kunskapsportal\\\/?s={search_term_string}\"},\"query-input\":{\"@type\":\"PropertyValueSpecification\",\"valueRequired\":true,\"valueName\":\"search_term_string\"}}],\"inLanguage\":\"sv-SE\"}]}<\/script>\n<!-- \/ Yoast SEO plugin. -->","yoast_head_json":{"title":"Kurs i barnpsykiatrisk traumav\u00e5rd - Barnafrid","robots":{"index":"index","follow":"follow","max-snippet":"max-snippet:-1","max-image-preview":"max-image-preview:large","max-video-preview":"max-video-preview:-1"},"canonical":"https:\/\/barnafrid.se\/kunskapsportal\/fordjupning-startsida\/","og_locale":"sv_SE","og_type":"article","og_title":"Kurs i barnpsykiatrisk traumav\u00e5rd - Barnafrid","og_description":"Den h\u00e4r kursen syftar till att ge dig kunskaper och f\u00e4rdigheter i barnpsykiatrisk traumav\u00e5rd f\u00f6r hur du bem\u00f6ter, identifierar, kartl\u00e4gger och diagnostiserar barns v\u00e5ldsutsatthet och dess psykiatriska konsekvenser. Du kommer ocks\u00e5 att f\u00e5 kunskap om evidensbaserat och rekommenderat krisst\u00f6d och traumafokuserad behandling med s\u00e4rskilt fokus p\u00e5 posttraumatiskt stressyndrom, PTSD. Kursen beskriver vidare hur det g\u00e5r [&hellip;]","og_url":"https:\/\/barnafrid.se\/kunskapsportal\/fordjupning-startsida\/","og_site_name":"Barnafrid","article_modified_time":"2022-04-25T07:33:58+00:00","twitter_card":"summary_large_image","twitter_misc":{"Ber\u00e4knad l\u00e4stid":"2 minuter"},"schema":{"@context":"https:\/\/schema.org","@graph":[{"@type":"WebPage","@id":"https:\/\/barnafrid.se\/kunskapsportal\/fordjupning-startsida\/","url":"https:\/\/barnafrid.se\/kunskapsportal\/fordjupning-startsida\/","name":"Kurs i barnpsykiatrisk traumav\u00e5rd - Barnafrid","isPartOf":{"@id":"https:\/\/barnafrid.se\/kunskapsportal\/#website"},"datePublished":"2021-06-17T12:15:31+00:00","dateModified":"2022-04-25T07:33:58+00:00","breadcrumb":{"@id":"https:\/\/barnafrid.se\/kunskapsportal\/fordjupning-startsida\/#breadcrumb"},"inLanguage":"sv-SE","potentialAction":[{"@type":"ReadAction","target":["https:\/\/barnafrid.se\/kunskapsportal\/fordjupning-startsida\/"]}]},{"@type":"BreadcrumbList","@id":"https:\/\/barnafrid.se\/kunskapsportal\/fordjupning-startsida\/#breadcrumb","itemListElement":[{"@type":"ListItem","position":1,"name":"Home","item":"https:\/\/barnafrid.se\/kunskapsportal\/"},{"@type":"ListItem","position":2,"name":"Kurs i barnpsykiatrisk traumav\u00e5rd"}]},{"@type":"WebSite","@id":"https:\/\/barnafrid.se\/kunskapsportal\/#website","url":"https:\/\/barnafrid.se\/kunskapsportal\/","name":"Barnafrid","description":"Kunskapsportal om v\u00e5ld mot barn","potentialAction":[{"@type":"SearchAction","target":{"@type":"EntryPoint","urlTemplate":"https:\/\/barnafrid.se\/kunskapsportal\/?s={search_term_string}"},"query-input":{"@type":"PropertyValueSpecification","valueRequired":true,"valueName":"search_term_string"}}],"inLanguage":"sv-SE"}]}},"_links":{"self":[{"href":"https:\/\/barnafrid.se\/kunskapsportal\/wp-json\/wp\/v2\/pages\/3017","targetHints":{"allow":["GET"]}}],"collection":[{"href":"https:\/\/barnafrid.se\/kunskapsportal\/wp-json\/wp\/v2\/pages"}],"about":[{"href":"https:\/\/barnafrid.se\/kunskapsportal\/wp-json\/wp\/v2\/types\/page"}],"author":[{"embeddable":true,"href":"https:\/\/barnafrid.se\/kunskapsportal\/wp-json\/wp\/v2\/users\/6"}],"replies":[{"embeddable":true,"href":"https:\/\/barnafrid.se\/kunskapsportal\/wp-json\/wp\/v2\/comments?post=3017"}],"version-history":[{"count":25,"href":"https:\/\/barnafrid.se\/kunskapsportal\/wp-json\/wp\/v2\/pages\/3017\/revisions"}],"predecessor-version":[{"id":4769,"href":"https:\/\/barnafrid.se\/kunskapsportal\/wp-json\/wp\/v2\/pages\/3017\/revisions\/4769"}],"wp:attachment":[{"href":"https:\/\/barnafrid.se\/kunskapsportal\/wp-json\/wp\/v2\/media?parent=3017"}],"wp:term":[{"taxonomy":"role","embeddable":true,"href":"https:\/\/barnafrid.se\/kunskapsportal\/wp-json\/wp\/v2\/role?post=3017"}],"curies":[{"name":"wp","href":"https:\/\/api.w.org\/{rel}","templated":true}]}}