{"id":3,"date":"2019-09-16T13:52:27","date_gmt":"2019-09-16T11:52:27","guid":{"rendered":"http:\/\/localhost:8080\/?page_id=3"},"modified":"2025-08-08T13:03:40","modified_gmt":"2025-08-08T11:03:40","slug":"integritetspolicy","status":"publish","type":"page","link":"https:\/\/barnafrid.se\/kunskapsportal\/integritetspolicy\/","title":{"rendered":"Integritetspolicy"},"content":{"rendered":"<div class='Lead'>\n    <p>Nedan beskrivs hur LiU och Barnafrid sparar och anv\u00e4nder dina uppgifter n\u00e4r du registrerar dig p\u00e5 v\u00e5ra digitala utbildningar h\u00e4r p\u00e5 Kunskapsportalen.<\/p><\/div>\n\n\n\n<p>Jag samtycker till att mina personuppgifter i form av e-postadress f\u00e5r behandlas av Link\u00f6pings universitet f\u00f6r att vi ska kunna informera dig om v\u00e5r verksamhet.<\/p>\n\n\n\n<p>Personuppgifterna kommer att sparas digitalt p\u00e5 LiU:s servrar och endast hanteras av LiU:s personal, v\u00e5rt personuppgiftsbitr\u00e4de samt underleverant\u00f6ren av Kunskapsportalen. Ingen data kommer att l\u00e4mnas ut till andra externa mottagare.<\/p>\n\n\n\n<p>Uppgifterna kommer att anv\u00e4ndas f\u00f6r ovanst\u00e5ende \u00e4ndam\u00e5l och i enlighet med detta samtycke. Den r\u00e4ttsliga grunden f\u00f6r behandlingen av dina personuppgifter \u00e4r att du har gett ditt frivilliga samtycke. Vi delar inte dina personuppgifter med obeh\u00f6riga och dina uppgifter \u00e4r skyddade i enlighet med offentlighets- och sekretesslagen.<\/p>\n\n\n\n<p>Link\u00f6pings universitet, 581 83 Link\u00f6ping, med organisationsnummer 202100-3096 \u00e4r personuppgiftsansvarigt. Du hittar Link\u00f6pings universitets integritetspolicy p\u00e5 <a href=\"https:\/\/liu.se\/artikel\/integritetspolicy-liu\" target=\"_blank\" rel=\"noreferrer noopener\">liu.se\/artikel\/integritetspolicy-liu<\/a><\/p>\n\n\n\n<p>Samtycket \u00e4r giltigt tills vidare. Du har r\u00e4tt att n\u00e4r som helst ta tillbaka ditt samtycke. Detta g\u00f6r du genom att kontakta <a href=\"mailto:barnafrid@liu.se\" target=\"_blank\" rel=\"noreferrer noopener\">barnafrid@liu.se<\/a> eller <a href=\"mailto:registrator@liu.se\" target=\"_blank\" rel=\"noreferrer noopener\">registrator@liu.se<\/a>. Vi kommer i s\u00e5 fall upph\u00f6ra att behandla personuppgifter som vi har samlat in med st\u00f6d av detta samtycke. Uppgifter som ing\u00e5r i resultat som redan har \u00e5stadkommits kommer dock inte att p\u00e5verkas av att ditt samtycke \u00e5terkallas. Vissa uppgifter kan \u00e4ven komma att arkiveras i enlighet med svensk lag. Du har r\u00e4tt att f\u00e5 information om de personuppgifter vi behandlar om dig. Du har ocks\u00e5 r\u00e4tt att f\u00e5 felaktiga personuppgifter om dig sj\u00e4lv r\u00e4ttade. Om du har klagom\u00e5l p\u00e5 v\u00e5r behandling av dina personuppgifter kan du kontakta v\u00e5rt dataskyddsombud via <a href=\"mailto:dataskyddsombud@liu.se\" target=\"_blank\" rel=\"noreferrer noopener\">dataskyddsombud@liu.se<\/a>. Du har \u00e4ven r\u00e4tt att inge klagom\u00e5l till tillsynsmyndigheten (Datainspektionen) om du tycker att vi behandlar dina personuppgifter p\u00e5 ett felaktigt s\u00e4tt.<\/p>\n\n\n\n<p><\/p>\n","protected":false},"excerpt":{"rendered":"<p>Jag samtycker till att mina personuppgifter i form av e-postadress f\u00e5r behandlas av Link\u00f6pings universitet f\u00f6r att vi ska kunna informera dig om v\u00e5r verksamhet. Personuppgifterna kommer att sparas digitalt p\u00e5 LiU:s servrar och endast hanteras av LiU:s personal, v\u00e5rt personuppgiftsbitr\u00e4de samt underleverant\u00f6ren av Kunskapsportalen. Ingen data kommer att l\u00e4mnas ut till andra externa mottagare. [&hellip;]<\/p>\n","protected":false},"author":1,"featured_media":0,"parent":0,"menu_order":0,"comment_status":"closed","ping_status":"open","template":"","meta":{"h5ap_radio_sources":[],"footnotes":""},"role":[],"class_list":["post-3","page","type-page","status-publish","hentry"],"yoast_head":"<!-- This site is optimized with the Yoast SEO plugin v27.3 - https:\/\/yoast.com\/product\/yoast-seo-wordpress\/ -->\n<title>Integritetspolicy - Barnafrid<\/title>\n<meta name=\"robots\" content=\"index, follow, max-snippet:-1, max-image-preview:large, max-video-preview:-1\" \/>\n<link rel=\"canonical\" href=\"https:\/\/barnafrid.se\/kunskapsportal\/integritetspolicy\/\" \/>\n<meta property=\"og:locale\" content=\"sv_SE\" \/>\n<meta property=\"og:type\" content=\"article\" \/>\n<meta property=\"og:title\" content=\"Integritetspolicy - Barnafrid\" \/>\n<meta property=\"og:description\" content=\"Jag samtycker till att mina personuppgifter i form av e-postadress f\u00e5r behandlas av Link\u00f6pings universitet f\u00f6r att vi ska kunna informera dig om v\u00e5r verksamhet. Personuppgifterna kommer att sparas digitalt p\u00e5 LiU:s servrar och endast hanteras av LiU:s personal, v\u00e5rt personuppgiftsbitr\u00e4de samt underleverant\u00f6ren av Kunskapsportalen. Ingen data kommer att l\u00e4mnas ut till andra externa mottagare. [&hellip;]\" \/>\n<meta property=\"og:url\" content=\"https:\/\/barnafrid.se\/kunskapsportal\/integritetspolicy\/\" \/>\n<meta property=\"og:site_name\" content=\"Barnafrid\" \/>\n<meta property=\"article:modified_time\" content=\"2025-08-08T11:03:40+00:00\" \/>\n<meta name=\"twitter:card\" content=\"summary_large_image\" \/>\n<meta name=\"twitter:label1\" content=\"Ber\u00e4knad l\u00e4stid\" \/>\n\t<meta name=\"twitter:data1\" content=\"2 minuter\" \/>\n<script type=\"application\/ld+json\" class=\"yoast-schema-graph\">{\"@context\":\"https:\\\/\\\/schema.org\",\"@graph\":[{\"@type\":\"WebPage\",\"@id\":\"https:\\\/\\\/barnafrid.se\\\/kunskapsportal\\\/integritetspolicy\\\/\",\"url\":\"https:\\\/\\\/barnafrid.se\\\/kunskapsportal\\\/integritetspolicy\\\/\",\"name\":\"Integritetspolicy - Barnafrid\",\"isPartOf\":{\"@id\":\"https:\\\/\\\/barnafrid.se\\\/kunskapsportal\\\/#website\"},\"datePublished\":\"2019-09-16T11:52:27+00:00\",\"dateModified\":\"2025-08-08T11:03:40+00:00\",\"breadcrumb\":{\"@id\":\"https:\\\/\\\/barnafrid.se\\\/kunskapsportal\\\/integritetspolicy\\\/#breadcrumb\"},\"inLanguage\":\"sv-SE\",\"potentialAction\":[{\"@type\":\"ReadAction\",\"target\":[\"https:\\\/\\\/barnafrid.se\\\/kunskapsportal\\\/integritetspolicy\\\/\"]}]},{\"@type\":\"BreadcrumbList\",\"@id\":\"https:\\\/\\\/barnafrid.se\\\/kunskapsportal\\\/integritetspolicy\\\/#breadcrumb\",\"itemListElement\":[{\"@type\":\"ListItem\",\"position\":1,\"name\":\"Home\",\"item\":\"https:\\\/\\\/barnafrid.se\\\/kunskapsportal\\\/\"},{\"@type\":\"ListItem\",\"position\":2,\"name\":\"Integritetspolicy\"}]},{\"@type\":\"WebSite\",\"@id\":\"https:\\\/\\\/barnafrid.se\\\/kunskapsportal\\\/#website\",\"url\":\"https:\\\/\\\/barnafrid.se\\\/kunskapsportal\\\/\",\"name\":\"Barnafrid\",\"description\":\"Kunskapsportal om v\u00e5ld mot barn\",\"potentialAction\":[{\"@type\":\"SearchAction\",\"target\":{\"@type\":\"EntryPoint\",\"urlTemplate\":\"https:\\\/\\\/barnafrid.se\\\/kunskapsportal\\\/?s={search_term_string}\"},\"query-input\":{\"@type\":\"PropertyValueSpecification\",\"valueRequired\":true,\"valueName\":\"search_term_string\"}}],\"inLanguage\":\"sv-SE\"}]}<\/script>\n<!-- \/ Yoast SEO plugin. -->","yoast_head_json":{"title":"Integritetspolicy - Barnafrid","robots":{"index":"index","follow":"follow","max-snippet":"max-snippet:-1","max-image-preview":"max-image-preview:large","max-video-preview":"max-video-preview:-1"},"canonical":"https:\/\/barnafrid.se\/kunskapsportal\/integritetspolicy\/","og_locale":"sv_SE","og_type":"article","og_title":"Integritetspolicy - Barnafrid","og_description":"Jag samtycker till att mina personuppgifter i form av e-postadress f\u00e5r behandlas av Link\u00f6pings universitet f\u00f6r att vi ska kunna informera dig om v\u00e5r verksamhet. Personuppgifterna kommer att sparas digitalt p\u00e5 LiU:s servrar och endast hanteras av LiU:s personal, v\u00e5rt personuppgiftsbitr\u00e4de samt underleverant\u00f6ren av Kunskapsportalen. Ingen data kommer att l\u00e4mnas ut till andra externa mottagare. [&hellip;]","og_url":"https:\/\/barnafrid.se\/kunskapsportal\/integritetspolicy\/","og_site_name":"Barnafrid","article_modified_time":"2025-08-08T11:03:40+00:00","twitter_card":"summary_large_image","twitter_misc":{"Ber\u00e4knad l\u00e4stid":"2 minuter"},"schema":{"@context":"https:\/\/schema.org","@graph":[{"@type":"WebPage","@id":"https:\/\/barnafrid.se\/kunskapsportal\/integritetspolicy\/","url":"https:\/\/barnafrid.se\/kunskapsportal\/integritetspolicy\/","name":"Integritetspolicy - Barnafrid","isPartOf":{"@id":"https:\/\/barnafrid.se\/kunskapsportal\/#website"},"datePublished":"2019-09-16T11:52:27+00:00","dateModified":"2025-08-08T11:03:40+00:00","breadcrumb":{"@id":"https:\/\/barnafrid.se\/kunskapsportal\/integritetspolicy\/#breadcrumb"},"inLanguage":"sv-SE","potentialAction":[{"@type":"ReadAction","target":["https:\/\/barnafrid.se\/kunskapsportal\/integritetspolicy\/"]}]},{"@type":"BreadcrumbList","@id":"https:\/\/barnafrid.se\/kunskapsportal\/integritetspolicy\/#breadcrumb","itemListElement":[{"@type":"ListItem","position":1,"name":"Home","item":"https:\/\/barnafrid.se\/kunskapsportal\/"},{"@type":"ListItem","position":2,"name":"Integritetspolicy"}]},{"@type":"WebSite","@id":"https:\/\/barnafrid.se\/kunskapsportal\/#website","url":"https:\/\/barnafrid.se\/kunskapsportal\/","name":"Barnafrid","description":"Kunskapsportal om v\u00e5ld mot barn","potentialAction":[{"@type":"SearchAction","target":{"@type":"EntryPoint","urlTemplate":"https:\/\/barnafrid.se\/kunskapsportal\/?s={search_term_string}"},"query-input":{"@type":"PropertyValueSpecification","valueRequired":true,"valueName":"search_term_string"}}],"inLanguage":"sv-SE"}]}},"_links":{"self":[{"href":"https:\/\/barnafrid.se\/kunskapsportal\/wp-json\/wp\/v2\/pages\/3","targetHints":{"allow":["GET"]}}],"collection":[{"href":"https:\/\/barnafrid.se\/kunskapsportal\/wp-json\/wp\/v2\/pages"}],"about":[{"href":"https:\/\/barnafrid.se\/kunskapsportal\/wp-json\/wp\/v2\/types\/page"}],"author":[{"embeddable":true,"href":"https:\/\/barnafrid.se\/kunskapsportal\/wp-json\/wp\/v2\/users\/1"}],"replies":[{"embeddable":true,"href":"https:\/\/barnafrid.se\/kunskapsportal\/wp-json\/wp\/v2\/comments?post=3"}],"version-history":[{"count":20,"href":"https:\/\/barnafrid.se\/kunskapsportal\/wp-json\/wp\/v2\/pages\/3\/revisions"}],"predecessor-version":[{"id":16316,"href":"https:\/\/barnafrid.se\/kunskapsportal\/wp-json\/wp\/v2\/pages\/3\/revisions\/16316"}],"wp:attachment":[{"href":"https:\/\/barnafrid.se\/kunskapsportal\/wp-json\/wp\/v2\/media?parent=3"}],"wp:term":[{"taxonomy":"role","embeddable":true,"href":"https:\/\/barnafrid.se\/kunskapsportal\/wp-json\/wp\/v2\/role?post=3"}],"curies":[{"name":"wp","href":"https:\/\/api.w.org\/{rel}","templated":true}]}}