{"id":2931,"date":"2021-06-14T17:38:58","date_gmt":"2021-06-14T15:38:58","guid":{"rendered":"https:\/\/barnafrid.se\/kunskapsportal\/?page_id=2931"},"modified":"2025-07-08T09:24:08","modified_gmt":"2025-07-08T07:24:08","slug":"om-kunskapsportalen","status":"publish","type":"page","link":"https:\/\/barnafrid.se\/kunskapsportal\/om-kunskapsportalen\/","title":{"rendered":"Om Kunskapsportalen"},"content":{"rendered":"\n<p>Kunskapsportalen \u00e4r framtagen av Barnafrid \u2013 Nationellt centrum f\u00f6r kunskap om v\u00e5ld mot barn vid Link\u00f6pings universitet. Portalen \u00e4r en samlingsplats som inneh\u00e5ller sammanst\u00e4llningar av teoretisk kunskap, fortbildningskomponenter, digitaliserade distansutbildningar samt formul\u00e4r, metod- och processt\u00f6d. Portalen uppdateras l\u00f6pande med nytt kunskapsinneh\u00e5ll.<\/p>\n\n\n\n<p>Har du fr\u00e5gor kring Kunskapsportalen, mejla g\u00e4rna <a href=\"mailto:barnafrid@liu.se\" rel=\"nofollow\">barnafrid@liu.se<\/a><\/p>\n\n\n\n<p><\/p>\n","protected":false},"excerpt":{"rendered":"<p>Kunskapsportalen \u00e4r framtagen av Barnafrid \u2013 Nationellt centrum f\u00f6r kunskap om v\u00e5ld mot barn vid Link\u00f6pings universitet. Portalen \u00e4r en samlingsplats som inneh\u00e5ller sammanst\u00e4llningar av teoretisk kunskap, fortbildningskomponenter, digitaliserade distansutbildningar samt formul\u00e4r, metod- och processt\u00f6d. Portalen uppdateras l\u00f6pande med nytt kunskapsinneh\u00e5ll. Har du fr\u00e5gor kring Kunskapsportalen, mejla g\u00e4rna barnafrid@liu.se<\/p>\n","protected":false},"author":6,"featured_media":0,"parent":0,"menu_order":0,"comment_status":"closed","ping_status":"closed","template":"","meta":{"h5ap_radio_sources":[],"footnotes":""},"role":[],"class_list":["post-2931","page","type-page","status-publish","hentry"],"yoast_head":"<!-- This site is optimized with the Yoast SEO plugin v27.5 - https:\/\/yoast.com\/product\/yoast-seo-wordpress\/ -->\n<title>Om Kunskapsportalen - Barnafrid<\/title>\n<meta name=\"robots\" content=\"index, follow, max-snippet:-1, max-image-preview:large, max-video-preview:-1\" \/>\n<link rel=\"canonical\" href=\"https:\/\/barnafrid.se\/kunskapsportal\/om-kunskapsportalen\/\" \/>\n<meta property=\"og:locale\" content=\"sv_SE\" \/>\n<meta property=\"og:type\" content=\"article\" \/>\n<meta property=\"og:title\" content=\"Om Kunskapsportalen - Barnafrid\" \/>\n<meta property=\"og:description\" content=\"Kunskapsportalen \u00e4r framtagen av Barnafrid \u2013 Nationellt centrum f\u00f6r kunskap om v\u00e5ld mot barn vid Link\u00f6pings universitet. Portalen \u00e4r en samlingsplats som inneh\u00e5ller sammanst\u00e4llningar av teoretisk kunskap, fortbildningskomponenter, digitaliserade distansutbildningar samt formul\u00e4r, metod- och processt\u00f6d. Portalen uppdateras l\u00f6pande med nytt kunskapsinneh\u00e5ll. Har du fr\u00e5gor kring Kunskapsportalen, mejla g\u00e4rna barnafrid@liu.se\" \/>\n<meta property=\"og:url\" content=\"https:\/\/barnafrid.se\/kunskapsportal\/om-kunskapsportalen\/\" \/>\n<meta property=\"og:site_name\" content=\"Barnafrid\" \/>\n<meta property=\"article:modified_time\" content=\"2025-07-08T07:24:08+00:00\" \/>\n<meta name=\"twitter:card\" content=\"summary_large_image\" \/>\n<meta name=\"twitter:label1\" content=\"Ber\u00e4knad l\u00e4stid\" \/>\n\t<meta name=\"twitter:data1\" content=\"1 minut\" \/>\n<script type=\"application\/ld+json\" class=\"yoast-schema-graph\">{\"@context\":\"https:\\\/\\\/schema.org\",\"@graph\":[{\"@type\":\"WebPage\",\"@id\":\"https:\\\/\\\/barnafrid.se\\\/kunskapsportal\\\/om-kunskapsportalen\\\/\",\"url\":\"https:\\\/\\\/barnafrid.se\\\/kunskapsportal\\\/om-kunskapsportalen\\\/\",\"name\":\"Om Kunskapsportalen - Barnafrid\",\"isPartOf\":{\"@id\":\"https:\\\/\\\/barnafrid.se\\\/kunskapsportal\\\/#website\"},\"datePublished\":\"2021-06-14T15:38:58+00:00\",\"dateModified\":\"2025-07-08T07:24:08+00:00\",\"breadcrumb\":{\"@id\":\"https:\\\/\\\/barnafrid.se\\\/kunskapsportal\\\/om-kunskapsportalen\\\/#breadcrumb\"},\"inLanguage\":\"sv-SE\",\"potentialAction\":[{\"@type\":\"ReadAction\",\"target\":[\"https:\\\/\\\/barnafrid.se\\\/kunskapsportal\\\/om-kunskapsportalen\\\/\"]}]},{\"@type\":\"BreadcrumbList\",\"@id\":\"https:\\\/\\\/barnafrid.se\\\/kunskapsportal\\\/om-kunskapsportalen\\\/#breadcrumb\",\"itemListElement\":[{\"@type\":\"ListItem\",\"position\":1,\"name\":\"Home\",\"item\":\"https:\\\/\\\/barnafrid.se\\\/kunskapsportal\\\/\"},{\"@type\":\"ListItem\",\"position\":2,\"name\":\"Om Kunskapsportalen\"}]},{\"@type\":\"WebSite\",\"@id\":\"https:\\\/\\\/barnafrid.se\\\/kunskapsportal\\\/#website\",\"url\":\"https:\\\/\\\/barnafrid.se\\\/kunskapsportal\\\/\",\"name\":\"Barnafrid\",\"description\":\"Kunskapsportal om v\u00e5ld mot barn\",\"potentialAction\":[{\"@type\":\"SearchAction\",\"target\":{\"@type\":\"EntryPoint\",\"urlTemplate\":\"https:\\\/\\\/barnafrid.se\\\/kunskapsportal\\\/?s={search_term_string}\"},\"query-input\":{\"@type\":\"PropertyValueSpecification\",\"valueRequired\":true,\"valueName\":\"search_term_string\"}}],\"inLanguage\":\"sv-SE\"}]}<\/script>\n<!-- \/ Yoast SEO plugin. -->","yoast_head_json":{"title":"Om Kunskapsportalen - Barnafrid","robots":{"index":"index","follow":"follow","max-snippet":"max-snippet:-1","max-image-preview":"max-image-preview:large","max-video-preview":"max-video-preview:-1"},"canonical":"https:\/\/barnafrid.se\/kunskapsportal\/om-kunskapsportalen\/","og_locale":"sv_SE","og_type":"article","og_title":"Om Kunskapsportalen - Barnafrid","og_description":"Kunskapsportalen \u00e4r framtagen av Barnafrid \u2013 Nationellt centrum f\u00f6r kunskap om v\u00e5ld mot barn vid Link\u00f6pings universitet. Portalen \u00e4r en samlingsplats som inneh\u00e5ller sammanst\u00e4llningar av teoretisk kunskap, fortbildningskomponenter, digitaliserade distansutbildningar samt formul\u00e4r, metod- och processt\u00f6d. Portalen uppdateras l\u00f6pande med nytt kunskapsinneh\u00e5ll. Har du fr\u00e5gor kring Kunskapsportalen, mejla g\u00e4rna barnafrid@liu.se","og_url":"https:\/\/barnafrid.se\/kunskapsportal\/om-kunskapsportalen\/","og_site_name":"Barnafrid","article_modified_time":"2025-07-08T07:24:08+00:00","twitter_card":"summary_large_image","twitter_misc":{"Ber\u00e4knad l\u00e4stid":"1 minut"},"schema":{"@context":"https:\/\/schema.org","@graph":[{"@type":"WebPage","@id":"https:\/\/barnafrid.se\/kunskapsportal\/om-kunskapsportalen\/","url":"https:\/\/barnafrid.se\/kunskapsportal\/om-kunskapsportalen\/","name":"Om Kunskapsportalen - Barnafrid","isPartOf":{"@id":"https:\/\/barnafrid.se\/kunskapsportal\/#website"},"datePublished":"2021-06-14T15:38:58+00:00","dateModified":"2025-07-08T07:24:08+00:00","breadcrumb":{"@id":"https:\/\/barnafrid.se\/kunskapsportal\/om-kunskapsportalen\/#breadcrumb"},"inLanguage":"sv-SE","potentialAction":[{"@type":"ReadAction","target":["https:\/\/barnafrid.se\/kunskapsportal\/om-kunskapsportalen\/"]}]},{"@type":"BreadcrumbList","@id":"https:\/\/barnafrid.se\/kunskapsportal\/om-kunskapsportalen\/#breadcrumb","itemListElement":[{"@type":"ListItem","position":1,"name":"Home","item":"https:\/\/barnafrid.se\/kunskapsportal\/"},{"@type":"ListItem","position":2,"name":"Om Kunskapsportalen"}]},{"@type":"WebSite","@id":"https:\/\/barnafrid.se\/kunskapsportal\/#website","url":"https:\/\/barnafrid.se\/kunskapsportal\/","name":"Barnafrid","description":"Kunskapsportal om v\u00e5ld mot barn","potentialAction":[{"@type":"SearchAction","target":{"@type":"EntryPoint","urlTemplate":"https:\/\/barnafrid.se\/kunskapsportal\/?s={search_term_string}"},"query-input":{"@type":"PropertyValueSpecification","valueRequired":true,"valueName":"search_term_string"}}],"inLanguage":"sv-SE"}]}},"_links":{"self":[{"href":"https:\/\/barnafrid.se\/kunskapsportal\/wp-json\/wp\/v2\/pages\/2931","targetHints":{"allow":["GET"]}}],"collection":[{"href":"https:\/\/barnafrid.se\/kunskapsportal\/wp-json\/wp\/v2\/pages"}],"about":[{"href":"https:\/\/barnafrid.se\/kunskapsportal\/wp-json\/wp\/v2\/types\/page"}],"author":[{"embeddable":true,"href":"https:\/\/barnafrid.se\/kunskapsportal\/wp-json\/wp\/v2\/users\/6"}],"replies":[{"embeddable":true,"href":"https:\/\/barnafrid.se\/kunskapsportal\/wp-json\/wp\/v2\/comments?post=2931"}],"version-history":[{"count":11,"href":"https:\/\/barnafrid.se\/kunskapsportal\/wp-json\/wp\/v2\/pages\/2931\/revisions"}],"predecessor-version":[{"id":15975,"href":"https:\/\/barnafrid.se\/kunskapsportal\/wp-json\/wp\/v2\/pages\/2931\/revisions\/15975"}],"wp:attachment":[{"href":"https:\/\/barnafrid.se\/kunskapsportal\/wp-json\/wp\/v2\/media?parent=2931"}],"wp:term":[{"taxonomy":"role","embeddable":true,"href":"https:\/\/barnafrid.se\/kunskapsportal\/wp-json\/wp\/v2\/role?post=2931"}],"curies":[{"name":"wp","href":"https:\/\/api.w.org\/{rel}","templated":true}]}}