{"id":2922,"date":"2021-06-14T15:55:36","date_gmt":"2021-06-14T13:55:36","guid":{"rendered":"https:\/\/barnafrid.se\/kunskapsportal\/?page_id=2922"},"modified":"2025-11-12T13:28:56","modified_gmt":"2025-11-12T12:28:56","slug":"startsida","status":"publish","type":"page","link":"https:\/\/barnafrid.se\/kunskapsportal\/","title":{"rendered":"Startsida"},"content":{"rendered":"\n<h1 class=\"wp-block-heading\" id=\"valkommen-till-barnafrids-kunskapsportal\">V\u00e4lkommen till Barnafrids kunskapsportal! <\/h1>\n\n\n\n<p>Kunskapsportalen \u00e4r en samlingsplats f\u00f6r yrkesverksamma som m\u00f6ter barn och unga i sitt arbete. Med utg\u00e5ngspunkt i forskning och bepr\u00f6vad erfarenhet samlar portalen digitala utbildningar, publikationer, f\u00f6rel\u00e4sningar, formul\u00e4r och metodst\u00f6d om v\u00e5ld mot barn och unga.<\/p>\n\n\n\n\n<div class=\"Card-section Card-section--three \">\n\n\n    <a class=\"Card-link-container\" target=\"_blank\" href=\"https:\/\/barnafrid.se\/kunskapsportal\/startsida\/barnafrids-utbildningar\/\">\n        <div class=\"Card Card--aquamarine Card--internal\">\n            <p class=\"Card-pretitle\">Personlig kompetensutveckling<\/p>\n            <h2 class=\"Card-title\">Utbildningssp\u00e5r<\/h2>\n            <p>Barnafrids utbildningssp\u00e5r \u00e4r en sammanst\u00e4llning av utbildningar, verktyg och annat material om v\u00e5ld mot barn \u2013 anpassat efter din yrkesroll och ansvarsomr\u00e5den.<\/p>            <div class=\"Card-footer\">\n                <span class=\"Card-footer-text\">Se utbudet av utbildningar<\/span>\n                <div class=\"Card-image\"><img loading=\"lazy\" decoding=\"async\" width=\"261\" height=\"385\" src=\"https:\/\/barnafrid.se\/kunskapsportal\/wp-content\/uploads\/2021\/06\/arbetsplats.png\" class=\"attachment-full size-full\" alt=\"Skrivbord med dator, stol framf\u00f6r\" srcset=\"https:\/\/barnafrid.se\/kunskapsportal\/wp-content\/uploads\/2021\/06\/arbetsplats.png 261w, https:\/\/barnafrid.se\/kunskapsportal\/wp-content\/uploads\/2021\/06\/arbetsplats-203x300.png 203w\" sizes=\"auto, (max-width: 261px) 100vw, 261px\" \/><\/div>            <\/div>\n        <\/div>\n    <\/a>\n    <a class=\"Card-link-container\" target=\"_blank\" href=\"https:\/\/barnafrid.se\/kunskapsportal\/kunskapsbibliotek\/\">\n        <div class=\"Card Card--blue Card--internal\">\n            <p class=\"Card-pretitle\">Samlad kunskap och forskning<\/p>\n            <h2 class=\"Card-title\">Kunskapsbibliotek<\/h2>\n            <p>Barnafrids kunskapsbibliotek \u00e4r en samling av publikationer och annat material till dig som s\u00f6ker kunskap om barn som utsatts f\u00f6r v\u00e5ld och andra \u00f6vergrepp.<\/p>            <div class=\"Card-footer\">\n                <span class=\"Card-footer-text\">G\u00e5 till biblioteket<\/span>\n                <div class=\"Card-image\"><img loading=\"lazy\" decoding=\"async\" width=\"650\" height=\"640\" src=\"https:\/\/barnafrid.se\/kunskapsportal\/wp-content\/uploads\/2019\/12\/barnafrid_image_48.png\" class=\"attachment-full size-full\" alt=\"V\u00e4ggklocka intill en liten tavla och ovanf\u00f6r en hylla med b\u00f6cker.\" srcset=\"https:\/\/barnafrid.se\/kunskapsportal\/wp-content\/uploads\/2019\/12\/barnafrid_image_48.png 650w, https:\/\/barnafrid.se\/kunskapsportal\/wp-content\/uploads\/2019\/12\/barnafrid_image_48-300x295.png 300w\" sizes=\"auto, (max-width: 650px) 100vw, 650px\" \/><\/div>            <\/div>\n        <\/div>\n    <\/a>\n    <a class=\"Card-link-container\" target=\"_blank\" href=\"https:\/\/barnafrid.se\/kunskapsportal\/formular-och-metodstod-2\/\">\n        <div class=\"Card Card--salmon Card--internal\">\n            <p class=\"Card-pretitle\">St\u00f6d och verktyg<\/p>\n            <h2 class=\"Card-title\">Formul\u00e4r och metodst\u00f6d<\/h2>\n            <p>H\u00e4r hittar du formul\u00e4r p\u00e5 svenska och andra metodst\u00f6d som verktyg i ditt arbete. <\/p>            <div class=\"Card-footer\">\n                <span class=\"Card-footer-text\">Ta del av formul\u00e4r och metodst\u00f6d<\/span>\n                <div class=\"Card-image\"><img loading=\"lazy\" decoding=\"async\" width=\"260\" height=\"385\" src=\"https:\/\/barnafrid.se\/kunskapsportal\/wp-content\/uploads\/2021\/06\/kvinna-vid-dator.png\" class=\"attachment-full size-full\" alt=\"Kvinna sitter vid laptop\" srcset=\"https:\/\/barnafrid.se\/kunskapsportal\/wp-content\/uploads\/2021\/06\/kvinna-vid-dator.png 260w, https:\/\/barnafrid.se\/kunskapsportal\/wp-content\/uploads\/2021\/06\/kvinna-vid-dator-203x300.png 203w\" sizes=\"auto, (max-width: 260px) 100vw, 260px\" \/><\/div>            <\/div>\n        <\/div>\n    <\/a>\n<\/div>\n\n\n\n\n<div class=\"Card-section Card-section--three \">\n\n\n    <a class=\"Card-link-container\" target=\"_blank\" href=\"https:\/\/barnafrid.se\/kunskapsportal\/resursbanken\/\">\n        <div class=\"Card Card--purple Card--internal\">\n            <p class=\"Card-pretitle\">Andra myndigheter och kunskapsbanker<\/p>\n            <h2 class=\"Card-title\">Resursbanken<\/h2>\n            <p>I resursbanken finns en lista med l\u00e4nkar till andra resursbanker om v\u00e5ld mot barn och unga, som \u00e4r tillg\u00e4ngliga hos andra myndigheter och kunskapscentra.<\/p>            <div class=\"Card-footer\">\n                <span class=\"Card-footer-text\">Hitta andra resursbanker<\/span>\n                            <\/div>\n        <\/div>\n    <\/a>\n    <a class=\"Card-link-container\" target=\"_blank\" href=\"https:\/\/barnafrid.se\/kunskapsportal\/forelasningar\/\">\n        <div class=\"Card Card--white Card--internal\">\n            <p class=\"Card-pretitle\">Inspelade f\u00f6rel\u00e4sningar<\/p>\n            <h2 class=\"Card-title\">F\u00f6rel\u00e4sningar<\/h2>\n            <p>H\u00e4r samlar vi inspelade f\u00f6rel\u00e4sningar p\u00e5 temat v\u00e5ld mot barn och unga. <\/p>            <div class=\"Card-footer\">\n                <span class=\"Card-footer-text\">G\u00e5 till f\u00f6rel\u00e4sningar<\/span>\n                            <\/div>\n        <\/div>\n    <\/a>\n    <a class=\"Card-link-container\" target=\"_blank\" href=\"https:\/\/barnafrid.se\/kunskapsportal\/barnafrids-natverk\/\">\n        <div class=\"Card Card--aquamarine Card--internal\">\n            <p class=\"Card-pretitle\">Resurssidor f\u00f6r<\/p>\n            <h2 class=\"Card-title\">Barnafrids n\u00e4tverk<\/h2>\n            <p>H\u00e4r delar Barnafrids n\u00e4tverk kunskap, erfarenhet och resurser f\u00f6r att fr\u00e4mja kompetensutveckling om v\u00e5ld mot barn och unga inom sitt professionsomr\u00e5de. Sidan \u00e4r under uppbyggnad.<\/p>            <div class=\"Card-footer\">\n                <span class=\"Card-footer-text\">G\u00e5 till sidan f\u00f6r Barnafrids n\u00e4tverk<\/span>\n                            <\/div>\n        <\/div>\n    <\/a>\n<\/div>\n\n\n<div class=\"Column-section Column-section--wide Column-section--blue\">\n    <div class=\"Column-section-content\">\n        \n<div class=\"Column-section-column\">\n    \n\n<h2 class=\"wp-block-heading\" id=\"barnafrid\">Barnafrid<\/h2>\n\n\n\n<p>Barnafrid \u00e4r ett nationellt kunskapscentrum med uppdrag att samla och sprida kunskap om v\u00e5ld och andra \u00f6vergrepp mot barn och unga. Det \u00e4r ett uppdrag som regeringen tilldelade Link\u00f6pings universitet 2015. <br>Barnafrid riktar sig till yrkesverksamma som i sitt arbete m\u00f6ter barn och unga som utsatts v\u00e5ld och andra \u00f6vergrepp, men \u00e4ven till yrkesverksamma vid till exempel myndigheter. M\u00e5let f\u00f6r kunskapscentrumet \u00e4r att, genom att samla och sprida kunskap, bidra till ett f\u00f6rb\u00e4ttrat f\u00f6rebyggande arbete samt utveckla effektiva insatser f\u00f6r att skydda och st\u00f6dja barn och unga som utsatts f\u00f6r v\u00e5ld och andra \u00f6vergrepp.<\/p>\n\n<\/div>\n\n\n<div class=\"Column-section-column\">\n    \n\n\n<div class=\"External-link-wrapper\">\n    <ul class=\"External-link-list\">\n                    <li class=\"External-link-list-item\">\n                <a href=\"https:\/\/www.barnafrid.se\" target=\"_blank\"> Bes\u00f6k barnafrid.se  <\/a>\n            <\/li>\n                    <li class=\"External-link-list-item\">\n                <a href=\"https:\/\/form.apsis.one\/0QHVJIbHTs\" target=\"_blank\"> Prenumerera p\u00e5 Barnafrids nyhetsbrev <\/a>\n            <\/li>\n            <\/ul>\n<\/div>\n\n<\/div>\n\n    <\/div>\n<\/div>\n\n\n\n<p><\/p>\n","protected":false},"excerpt":{"rendered":"<p>V\u00e4lkommen till Barnafrids kunskapsportal! Kunskapsportalen \u00e4r en samlingsplats f\u00f6r yrkesverksamma som m\u00f6ter barn och unga i sitt arbete. Med utg\u00e5ngspunkt i forskning och bepr\u00f6vad erfarenhet samlar portalen digitala utbildningar, publikationer, f\u00f6rel\u00e4sningar, formul\u00e4r och metodst\u00f6d om v\u00e5ld mot barn och unga.<\/p>\n","protected":false},"author":4,"featured_media":0,"parent":0,"menu_order":0,"comment_status":"closed","ping_status":"closed","template":"","meta":{"h5ap_radio_sources":[],"footnotes":""},"role":[],"class_list":["post-2922","page","type-page","status-publish","hentry"],"yoast_head":"<!-- This site is optimized with the Yoast SEO plugin v27.3 - https:\/\/yoast.com\/product\/yoast-seo-wordpress\/ -->\n<title>Startsida - Barnafrid<\/title>\n<meta name=\"robots\" content=\"index, follow, max-snippet:-1, max-image-preview:large, max-video-preview:-1\" \/>\n<link rel=\"canonical\" href=\"https:\/\/barnafrid.se\/kunskapsportal\/\" \/>\n<meta property=\"og:locale\" content=\"sv_SE\" \/>\n<meta property=\"og:type\" content=\"article\" \/>\n<meta property=\"og:title\" content=\"Startsida - Barnafrid\" \/>\n<meta property=\"og:description\" content=\"V\u00e4lkommen till Barnafrids kunskapsportal! Kunskapsportalen \u00e4r en samlingsplats f\u00f6r yrkesverksamma som m\u00f6ter barn och unga i sitt arbete. Med utg\u00e5ngspunkt i forskning och bepr\u00f6vad erfarenhet samlar portalen digitala utbildningar, publikationer, f\u00f6rel\u00e4sningar, formul\u00e4r och metodst\u00f6d om v\u00e5ld mot barn och unga.\" \/>\n<meta property=\"og:url\" content=\"https:\/\/barnafrid.se\/kunskapsportal\/\" \/>\n<meta property=\"og:site_name\" content=\"Barnafrid\" \/>\n<meta property=\"article:modified_time\" content=\"2025-11-12T12:28:56+00:00\" \/>\n<meta name=\"twitter:card\" content=\"summary_large_image\" \/>\n<meta name=\"twitter:label1\" content=\"Ber\u00e4knad l\u00e4stid\" \/>\n\t<meta name=\"twitter:data1\" content=\"1 minut\" \/>\n<script type=\"application\/ld+json\" class=\"yoast-schema-graph\">{\"@context\":\"https:\\\/\\\/schema.org\",\"@graph\":[{\"@type\":\"WebPage\",\"@id\":\"https:\\\/\\\/barnafrid.se\\\/kunskapsportal\\\/\",\"url\":\"https:\\\/\\\/barnafrid.se\\\/kunskapsportal\\\/\",\"name\":\"Startsida - Barnafrid\",\"isPartOf\":{\"@id\":\"https:\\\/\\\/barnafrid.se\\\/kunskapsportal\\\/#website\"},\"datePublished\":\"2021-06-14T13:55:36+00:00\",\"dateModified\":\"2025-11-12T12:28:56+00:00\",\"breadcrumb\":{\"@id\":\"https:\\\/\\\/barnafrid.se\\\/kunskapsportal\\\/#breadcrumb\"},\"inLanguage\":\"sv-SE\",\"potentialAction\":[{\"@type\":\"ReadAction\",\"target\":[\"https:\\\/\\\/barnafrid.se\\\/kunskapsportal\\\/\"]}]},{\"@type\":\"BreadcrumbList\",\"@id\":\"https:\\\/\\\/barnafrid.se\\\/kunskapsportal\\\/#breadcrumb\",\"itemListElement\":[{\"@type\":\"ListItem\",\"position\":1,\"name\":\"Home\",\"item\":\"https:\\\/\\\/barnafrid.se\\\/kunskapsportal\\\/\"},{\"@type\":\"ListItem\",\"position\":2,\"name\":\"Startsida\"}]},{\"@type\":\"WebSite\",\"@id\":\"https:\\\/\\\/barnafrid.se\\\/kunskapsportal\\\/#website\",\"url\":\"https:\\\/\\\/barnafrid.se\\\/kunskapsportal\\\/\",\"name\":\"Barnafrid\",\"description\":\"Kunskapsportal om v\u00e5ld mot barn\",\"potentialAction\":[{\"@type\":\"SearchAction\",\"target\":{\"@type\":\"EntryPoint\",\"urlTemplate\":\"https:\\\/\\\/barnafrid.se\\\/kunskapsportal\\\/?s={search_term_string}\"},\"query-input\":{\"@type\":\"PropertyValueSpecification\",\"valueRequired\":true,\"valueName\":\"search_term_string\"}}],\"inLanguage\":\"sv-SE\"}]}<\/script>\n<!-- \/ Yoast SEO plugin. -->","yoast_head_json":{"title":"Startsida - Barnafrid","robots":{"index":"index","follow":"follow","max-snippet":"max-snippet:-1","max-image-preview":"max-image-preview:large","max-video-preview":"max-video-preview:-1"},"canonical":"https:\/\/barnafrid.se\/kunskapsportal\/","og_locale":"sv_SE","og_type":"article","og_title":"Startsida - Barnafrid","og_description":"V\u00e4lkommen till Barnafrids kunskapsportal! Kunskapsportalen \u00e4r en samlingsplats f\u00f6r yrkesverksamma som m\u00f6ter barn och unga i sitt arbete. Med utg\u00e5ngspunkt i forskning och bepr\u00f6vad erfarenhet samlar portalen digitala utbildningar, publikationer, f\u00f6rel\u00e4sningar, formul\u00e4r och metodst\u00f6d om v\u00e5ld mot barn och unga.","og_url":"https:\/\/barnafrid.se\/kunskapsportal\/","og_site_name":"Barnafrid","article_modified_time":"2025-11-12T12:28:56+00:00","twitter_card":"summary_large_image","twitter_misc":{"Ber\u00e4knad l\u00e4stid":"1 minut"},"schema":{"@context":"https:\/\/schema.org","@graph":[{"@type":"WebPage","@id":"https:\/\/barnafrid.se\/kunskapsportal\/","url":"https:\/\/barnafrid.se\/kunskapsportal\/","name":"Startsida - Barnafrid","isPartOf":{"@id":"https:\/\/barnafrid.se\/kunskapsportal\/#website"},"datePublished":"2021-06-14T13:55:36+00:00","dateModified":"2025-11-12T12:28:56+00:00","breadcrumb":{"@id":"https:\/\/barnafrid.se\/kunskapsportal\/#breadcrumb"},"inLanguage":"sv-SE","potentialAction":[{"@type":"ReadAction","target":["https:\/\/barnafrid.se\/kunskapsportal\/"]}]},{"@type":"BreadcrumbList","@id":"https:\/\/barnafrid.se\/kunskapsportal\/#breadcrumb","itemListElement":[{"@type":"ListItem","position":1,"name":"Home","item":"https:\/\/barnafrid.se\/kunskapsportal\/"},{"@type":"ListItem","position":2,"name":"Startsida"}]},{"@type":"WebSite","@id":"https:\/\/barnafrid.se\/kunskapsportal\/#website","url":"https:\/\/barnafrid.se\/kunskapsportal\/","name":"Barnafrid","description":"Kunskapsportal om v\u00e5ld mot barn","potentialAction":[{"@type":"SearchAction","target":{"@type":"EntryPoint","urlTemplate":"https:\/\/barnafrid.se\/kunskapsportal\/?s={search_term_string}"},"query-input":{"@type":"PropertyValueSpecification","valueRequired":true,"valueName":"search_term_string"}}],"inLanguage":"sv-SE"}]}},"_links":{"self":[{"href":"https:\/\/barnafrid.se\/kunskapsportal\/wp-json\/wp\/v2\/pages\/2922","targetHints":{"allow":["GET"]}}],"collection":[{"href":"https:\/\/barnafrid.se\/kunskapsportal\/wp-json\/wp\/v2\/pages"}],"about":[{"href":"https:\/\/barnafrid.se\/kunskapsportal\/wp-json\/wp\/v2\/types\/page"}],"author":[{"embeddable":true,"href":"https:\/\/barnafrid.se\/kunskapsportal\/wp-json\/wp\/v2\/users\/4"}],"replies":[{"embeddable":true,"href":"https:\/\/barnafrid.se\/kunskapsportal\/wp-json\/wp\/v2\/comments?post=2922"}],"version-history":[{"count":68,"href":"https:\/\/barnafrid.se\/kunskapsportal\/wp-json\/wp\/v2\/pages\/2922\/revisions"}],"predecessor-version":[{"id":17452,"href":"https:\/\/barnafrid.se\/kunskapsportal\/wp-json\/wp\/v2\/pages\/2922\/revisions\/17452"}],"wp:attachment":[{"href":"https:\/\/barnafrid.se\/kunskapsportal\/wp-json\/wp\/v2\/media?parent=2922"}],"wp:term":[{"taxonomy":"role","embeddable":true,"href":"https:\/\/barnafrid.se\/kunskapsportal\/wp-json\/wp\/v2\/role?post=2922"}],"curies":[{"name":"wp","href":"https:\/\/api.w.org\/{rel}","templated":true}]}}