{"id":2477,"date":"2020-09-06T08:27:23","date_gmt":"2020-09-06T06:27:23","guid":{"rendered":"https:\/\/barnafrid.se\/basprogram\/?page_id=2477"},"modified":"2025-11-21T10:25:14","modified_gmt":"2025-11-21T09:25:14","slug":"tillganglighet","status":"publish","type":"page","link":"https:\/\/barnafrid.se\/kunskapsportal\/tillganglighet\/","title":{"rendered":"Tillg\u00e4nglighetsredog\u00f6relse"},"content":{"rendered":"\n<p>P\u00e5 den h\u00e4r sidan beskriver vi hur Barnafrid uppfyller lagen om tillg\u00e4nglighet till digital offentlig service, eventuella k\u00e4nda tillg\u00e4nglighetsproblem och hur du kan rapportera brister till oss s\u00e5 att vi kan \u00e5tg\u00e4rda dem.<\/p>\n\n\n\n<h2 class=\"wp-block-heading\">Hur tillg\u00e4nglig \u00e4r webbplatsen?<\/h2>\n\n\n\n<p>Vi \u00e4r medvetna om att delar av webbplatsen inte \u00e4r helt tillg\u00e4ngliga. Se avsnittet om inneh\u00e5ll som inte \u00e4r tillg\u00e4ngligt nedan f\u00f6r mer information.<\/p>\n\n\n\n<h2 class=\"wp-block-heading\">Vad kan du g\u00f6ra om du inte kan anv\u00e4nda delar av webbplatsen?<\/h2>\n\n\n\n<p>Om du beh\u00f6ver inneh\u00e5ll fr\u00e5n Barnafrid som inte \u00e4r tillg\u00e4ngligt f\u00f6r dig, men som \u00e4r undantaget fr\u00e5n lagens till\u00e4mpningsomr\u00e5de enligt beskrivning nedan, kan du meddela oss p\u00e5 <a href=\"mailto:barnafrid@liu.se\">barnafrid@liu.se<\/a><\/p>\n\n\n\n<p>Svarstiden \u00e4r normalt 2 arbetsdagar<strong>.<\/strong><\/p>\n\n\n\n<p>Du kan ocks\u00e5 kontakta oss p\u00e5 telefon: 013-28 68 43<\/p>\n\n\n\n<h2 class=\"wp-block-heading\">Kontakta oss om du hittar fler brister<\/h2>\n\n\n\n<p>Meddela oss om du hittar fler brister \u00e4n de vi listar nedan och som hindrar dig fr\u00e5n att ta del av v\u00e5r webbplats, eller om du upplever att vi inte uppfyller lagen. Det \u00e4r viktig information som vi anv\u00e4nder i v\u00e5rt tillg\u00e4nglighetsarbete.<\/p>\n\n\n\n<p><strong><a href=\"mailto:barnafrid@liu.se?subject=Brister%20i%20tillg%C3%A4nglighet\">Anm\u00e4l brister p\u00e5 webbplatsen<\/a><\/strong><\/p>\n\n\n\n<h2 class=\"wp-block-heading\">Inneh\u00e5ll som inte \u00e4r tillg\u00e4ngligt<\/h2>\n\n\n\n<h3 class=\"wp-block-heading\">Navigering med tangentbord<\/h3>\n\n\n\n<p>Funktionen att bokm\u00e4rka avsnitt \u00e4r ej n\u00e5bar med hj\u00e4lp av endast tangentbord. Tabbordningen p\u00e5 vissa grupperingar av knappar fr\u00e5ng\u00e5r den visuella ordningen.<\/p>\n\n\n\n<h2 class=\"wp-block-heading\">Hur vi har testat webbplatsen<\/h2>\n\n\n\n<p>Vi har l\u00e5tit en extern konsult g\u00f6ra en oberoende granskning av webbplatsen. Senaste bed\u00f6mningen gjordes 10e juni 2021.<\/p>\n\n\n\n<p>Maskinell testning sker kontinuerligt sedan 2024 med hj\u00e4lp av en oberoende extern tj\u00e4nst.<\/p>\n\n\n\n<p>Vi har arbetat med att l\u00f6sa de kvarvarande problem som fanns och hittas efterhand och redog\u00f6relsen uppdaterades den 21 november 2025.<\/p>\n","protected":false},"excerpt":{"rendered":"<p>P\u00e5 den h\u00e4r sidan beskriver vi hur Barnafrid uppfyller lagen om tillg\u00e4nglighet till digital offentlig service, eventuella k\u00e4nda tillg\u00e4nglighetsproblem och hur du kan rapportera brister till oss s\u00e5 att vi kan \u00e5tg\u00e4rda dem. Hur tillg\u00e4nglig \u00e4r webbplatsen? Vi \u00e4r medvetna om att delar av webbplatsen inte \u00e4r helt tillg\u00e4ngliga. Se avsnittet om inneh\u00e5ll som inte [&hellip;]<\/p>\n","protected":false},"author":6,"featured_media":0,"parent":0,"menu_order":0,"comment_status":"closed","ping_status":"closed","template":"","meta":{"h5ap_radio_sources":[],"footnotes":""},"role":[],"class_list":["post-2477","page","type-page","status-publish","hentry"],"yoast_head":"<!-- This site is optimized with the Yoast SEO plugin v27.3 - https:\/\/yoast.com\/product\/yoast-seo-wordpress\/ -->\n<title>Tillg\u00e4nglighetsredog\u00f6relse - Barnafrid<\/title>\n<meta name=\"robots\" content=\"index, follow, max-snippet:-1, max-image-preview:large, max-video-preview:-1\" \/>\n<link rel=\"canonical\" href=\"https:\/\/barnafrid.se\/kunskapsportal\/tillganglighet\/\" \/>\n<meta property=\"og:locale\" content=\"sv_SE\" \/>\n<meta property=\"og:type\" content=\"article\" \/>\n<meta property=\"og:title\" content=\"Tillg\u00e4nglighetsredog\u00f6relse - Barnafrid\" \/>\n<meta property=\"og:description\" content=\"P\u00e5 den h\u00e4r sidan beskriver vi hur Barnafrid uppfyller lagen om tillg\u00e4nglighet till digital offentlig service, eventuella k\u00e4nda tillg\u00e4nglighetsproblem och hur du kan rapportera brister till oss s\u00e5 att vi kan \u00e5tg\u00e4rda dem. Hur tillg\u00e4nglig \u00e4r webbplatsen? Vi \u00e4r medvetna om att delar av webbplatsen inte \u00e4r helt tillg\u00e4ngliga. Se avsnittet om inneh\u00e5ll som inte [&hellip;]\" \/>\n<meta property=\"og:url\" content=\"https:\/\/barnafrid.se\/kunskapsportal\/tillganglighet\/\" \/>\n<meta property=\"og:site_name\" content=\"Barnafrid\" \/>\n<meta property=\"article:modified_time\" content=\"2025-11-21T09:25:14+00:00\" \/>\n<meta name=\"twitter:card\" content=\"summary_large_image\" \/>\n<meta name=\"twitter:label1\" content=\"Ber\u00e4knad l\u00e4stid\" \/>\n\t<meta name=\"twitter:data1\" content=\"2 minuter\" \/>\n<script type=\"application\/ld+json\" class=\"yoast-schema-graph\">{\"@context\":\"https:\\\/\\\/schema.org\",\"@graph\":[{\"@type\":\"WebPage\",\"@id\":\"https:\\\/\\\/barnafrid.se\\\/kunskapsportal\\\/tillganglighet\\\/\",\"url\":\"https:\\\/\\\/barnafrid.se\\\/kunskapsportal\\\/tillganglighet\\\/\",\"name\":\"Tillg\u00e4nglighetsredog\u00f6relse - Barnafrid\",\"isPartOf\":{\"@id\":\"https:\\\/\\\/barnafrid.se\\\/kunskapsportal\\\/#website\"},\"datePublished\":\"2020-09-06T06:27:23+00:00\",\"dateModified\":\"2025-11-21T09:25:14+00:00\",\"breadcrumb\":{\"@id\":\"https:\\\/\\\/barnafrid.se\\\/kunskapsportal\\\/tillganglighet\\\/#breadcrumb\"},\"inLanguage\":\"sv-SE\",\"potentialAction\":[{\"@type\":\"ReadAction\",\"target\":[\"https:\\\/\\\/barnafrid.se\\\/kunskapsportal\\\/tillganglighet\\\/\"]}]},{\"@type\":\"BreadcrumbList\",\"@id\":\"https:\\\/\\\/barnafrid.se\\\/kunskapsportal\\\/tillganglighet\\\/#breadcrumb\",\"itemListElement\":[{\"@type\":\"ListItem\",\"position\":1,\"name\":\"Home\",\"item\":\"https:\\\/\\\/barnafrid.se\\\/kunskapsportal\\\/\"},{\"@type\":\"ListItem\",\"position\":2,\"name\":\"Tillg\u00e4nglighetsredog\u00f6relse\"}]},{\"@type\":\"WebSite\",\"@id\":\"https:\\\/\\\/barnafrid.se\\\/kunskapsportal\\\/#website\",\"url\":\"https:\\\/\\\/barnafrid.se\\\/kunskapsportal\\\/\",\"name\":\"Barnafrid\",\"description\":\"Kunskapsportal om v\u00e5ld mot barn\",\"potentialAction\":[{\"@type\":\"SearchAction\",\"target\":{\"@type\":\"EntryPoint\",\"urlTemplate\":\"https:\\\/\\\/barnafrid.se\\\/kunskapsportal\\\/?s={search_term_string}\"},\"query-input\":{\"@type\":\"PropertyValueSpecification\",\"valueRequired\":true,\"valueName\":\"search_term_string\"}}],\"inLanguage\":\"sv-SE\"}]}<\/script>\n<!-- \/ Yoast SEO plugin. -->","yoast_head_json":{"title":"Tillg\u00e4nglighetsredog\u00f6relse - Barnafrid","robots":{"index":"index","follow":"follow","max-snippet":"max-snippet:-1","max-image-preview":"max-image-preview:large","max-video-preview":"max-video-preview:-1"},"canonical":"https:\/\/barnafrid.se\/kunskapsportal\/tillganglighet\/","og_locale":"sv_SE","og_type":"article","og_title":"Tillg\u00e4nglighetsredog\u00f6relse - Barnafrid","og_description":"P\u00e5 den h\u00e4r sidan beskriver vi hur Barnafrid uppfyller lagen om tillg\u00e4nglighet till digital offentlig service, eventuella k\u00e4nda tillg\u00e4nglighetsproblem och hur du kan rapportera brister till oss s\u00e5 att vi kan \u00e5tg\u00e4rda dem. Hur tillg\u00e4nglig \u00e4r webbplatsen? Vi \u00e4r medvetna om att delar av webbplatsen inte \u00e4r helt tillg\u00e4ngliga. Se avsnittet om inneh\u00e5ll som inte [&hellip;]","og_url":"https:\/\/barnafrid.se\/kunskapsportal\/tillganglighet\/","og_site_name":"Barnafrid","article_modified_time":"2025-11-21T09:25:14+00:00","twitter_card":"summary_large_image","twitter_misc":{"Ber\u00e4knad l\u00e4stid":"2 minuter"},"schema":{"@context":"https:\/\/schema.org","@graph":[{"@type":"WebPage","@id":"https:\/\/barnafrid.se\/kunskapsportal\/tillganglighet\/","url":"https:\/\/barnafrid.se\/kunskapsportal\/tillganglighet\/","name":"Tillg\u00e4nglighetsredog\u00f6relse - Barnafrid","isPartOf":{"@id":"https:\/\/barnafrid.se\/kunskapsportal\/#website"},"datePublished":"2020-09-06T06:27:23+00:00","dateModified":"2025-11-21T09:25:14+00:00","breadcrumb":{"@id":"https:\/\/barnafrid.se\/kunskapsportal\/tillganglighet\/#breadcrumb"},"inLanguage":"sv-SE","potentialAction":[{"@type":"ReadAction","target":["https:\/\/barnafrid.se\/kunskapsportal\/tillganglighet\/"]}]},{"@type":"BreadcrumbList","@id":"https:\/\/barnafrid.se\/kunskapsportal\/tillganglighet\/#breadcrumb","itemListElement":[{"@type":"ListItem","position":1,"name":"Home","item":"https:\/\/barnafrid.se\/kunskapsportal\/"},{"@type":"ListItem","position":2,"name":"Tillg\u00e4nglighetsredog\u00f6relse"}]},{"@type":"WebSite","@id":"https:\/\/barnafrid.se\/kunskapsportal\/#website","url":"https:\/\/barnafrid.se\/kunskapsportal\/","name":"Barnafrid","description":"Kunskapsportal om v\u00e5ld mot barn","potentialAction":[{"@type":"SearchAction","target":{"@type":"EntryPoint","urlTemplate":"https:\/\/barnafrid.se\/kunskapsportal\/?s={search_term_string}"},"query-input":{"@type":"PropertyValueSpecification","valueRequired":true,"valueName":"search_term_string"}}],"inLanguage":"sv-SE"}]}},"_links":{"self":[{"href":"https:\/\/barnafrid.se\/kunskapsportal\/wp-json\/wp\/v2\/pages\/2477","targetHints":{"allow":["GET"]}}],"collection":[{"href":"https:\/\/barnafrid.se\/kunskapsportal\/wp-json\/wp\/v2\/pages"}],"about":[{"href":"https:\/\/barnafrid.se\/kunskapsportal\/wp-json\/wp\/v2\/types\/page"}],"author":[{"embeddable":true,"href":"https:\/\/barnafrid.se\/kunskapsportal\/wp-json\/wp\/v2\/users\/6"}],"replies":[{"embeddable":true,"href":"https:\/\/barnafrid.se\/kunskapsportal\/wp-json\/wp\/v2\/comments?post=2477"}],"version-history":[{"count":25,"href":"https:\/\/barnafrid.se\/kunskapsportal\/wp-json\/wp\/v2\/pages\/2477\/revisions"}],"predecessor-version":[{"id":17555,"href":"https:\/\/barnafrid.se\/kunskapsportal\/wp-json\/wp\/v2\/pages\/2477\/revisions\/17555"}],"wp:attachment":[{"href":"https:\/\/barnafrid.se\/kunskapsportal\/wp-json\/wp\/v2\/media?parent=2477"}],"wp:term":[{"taxonomy":"role","embeddable":true,"href":"https:\/\/barnafrid.se\/kunskapsportal\/wp-json\/wp\/v2\/role?post=2477"}],"curies":[{"name":"wp","href":"https:\/\/api.w.org\/{rel}","templated":true}]}}