{"id":2317,"date":"2020-08-25T11:13:13","date_gmt":"2020-08-25T09:13:13","guid":{"rendered":"https:\/\/barnafrid.se\/basprogram\/?page_id=2317"},"modified":"2022-02-11T08:38:04","modified_gmt":"2022-02-11T07:38:04","slug":"myndighetsfordjupning","status":"publish","type":"page","link":"https:\/\/barnafrid.se\/kunskapsportal\/myndighetsfordjupning\/","title":{"rendered":"Myndighetsf\u00f6rdjupning"},"content":{"rendered":"<div class='Lead'>\n    <p>&nbsp;<\/p><\/div>\n\n\n\n<p><\/p>\n\n\n<section class=\"ArticleSection \">\n      <h2 class=\"ArticleSection-title\" id=\"myndigheter\">\n      Myndigheter    <\/h2>\n    \n\n<p><a href=\"file:\/\/\/C:\/Users\/marsc27\/AppData\/Local\/Microsoft\/Windows\/INetCache\/Content.Outlook\/5MW9N7AS\/V\u00e5rdguiden%201177\"><strong>V\u00e5rdguiden\n1177<\/strong><\/a><strong> <\/strong>H\u00e4r\nkan du l\u00e4sa om h\u00e4lsa och sjukdomar och var du kan hitta v\u00e5rd.<\/p>\n\n\n\n<p><a href=\"https:\/\/www.barnombudsmannen.se\/\"><strong>Barnombudsmannen<\/strong><\/a><strong>,<\/strong> information om barns r\u00e4ttigheter.<\/p>\n\n\n\n<p><a href=\"https:\/\/www.bra.se\/\"><strong>Brottsf\u00f6rebyggander\u00e5det<\/strong><\/a><strong>, <\/strong>statistik och f\u00f6rdjupande information om brott och f\u00f6rebyggande av brott.<\/p>\n\n\n\n<p><a href=\"https:\/\/www.brottsoffermyndigheten.se\/\"><strong>Brottsoffermyndigheten<\/strong><\/a><strong>, <\/strong>information om brottskadeers\u00e4ttning och information till brottsoffer, vittnen och anh\u00f6riga.<\/p>\n\n\n\n<p><a href=\"https:\/\/www.do.se\/\"><strong>Diskrimineringsombudsmannen<\/strong><\/a>, information om f\u00f6rebyggandet av trakasserier och diskriminering. <\/p>\n\n\n\n<p><a href=\"https:\/\/www.folkhalsomyndigheten.se\/\"><strong>Folkh\u00e4lsomyndigheten<\/strong><\/a><strong>, <\/strong>statistik och kartl\u00e4ggningar om folkh\u00e4lsa inklusive psykisk h\u00e4lsa och v\u00e5ld.<\/p>\n\n\n\n<p><a href=\"https:\/\/ivo.se\/\"><strong>Inspektion f\u00f6r v\u00e5rd och omsorg<\/strong><\/a>, rapporter om sociala barn- och ungdomsv\u00e5rden samt information om v\u00e5rd och omsorgs tillsyn.&nbsp;<\/p>\n\n\n\n<p><a href=\"https:\/\/ivo.se\/\"><strong>Inspektion f\u00f6r v\u00e5ld och omsorg<\/strong><\/a>, rapporter om sociala barn- och ungdomsv\u00e5rden samt information om v\u00e5rd och omsorgs tillsyn. <\/p>\n\n\n\n<p><a href=\"https:\/\/www.jamstalldhetsmyndigheten.se\/\"><strong>J\u00e4mst\u00e4lldhetsmyndigheten<\/strong><\/a><strong>,<\/strong> information om j\u00e4mst\u00e4lldhet, m\u00e4ns v\u00e5ld mot kvinnor samt nationell strategi f\u00f6r att f\u00f6rebygga och bek\u00e4mpa m\u00e4ns v\u00e5ld mot kvinnor.<\/p>\n\n\n\n<p><a href=\"https:\/\/www.kriminalvarden.se\/\"><strong>Kriminalv\u00e5rden<\/strong><\/a><strong>, <\/strong>allm\u00e4n information, statistik och st\u00f6d till anh\u00f6riga.<\/p>\n\n\n\n<p><a href=\"file:\/\/\/C:\/Users\/marsc27\/AppData\/Local\/Microsoft\/Windows\/INetCache\/Content.Outlook\/5MW9N7AS\/Myndigheten%20f\u00f6r%20delaktighet\"><strong>Myndigheten f\u00f6r delaktighet<\/strong><\/a><strong> <\/strong>(MFD)<strong>, <\/strong>information som r\u00f6r ett samh\u00e4lle som ska vara anv\u00e4ndbart och tillg\u00e4ngligt f\u00f6r alla.<\/p>\n\n\n\n<p><a href=\"https:\/\/www.mucf.se\/\"><strong>Myndigheten f\u00f6r ungdoms- och civilsamh\u00e4llesfr\u00e5gor,<\/strong><\/a><strong> <\/strong>information om h\u00e4lsa och utsatthet inklusive ungas r\u00e4ttigheter, v\u00e5ldsf\u00f6rebyggande arbete, HBTQ-fr\u00e5gor, arbete mot extremism och hat p\u00e5 n\u00e4tet. <\/p>\n\n\n\n<p><a href=\"https:\/\/www.msb.se\/\"><strong>Myndigheten f\u00f6r samh\u00e4llsskydd och beredskap (MSB<\/strong><\/a><strong>)<\/strong>, information om skydd mot olyckor, krisberedskap och civilt f\u00f6rsvar. <\/p>\n\n\n\n<p><a href=\"https:\/\/polisen.se\/\"><strong>Polismyndigheten<\/strong><\/a><strong>,<\/strong> information om de som blivit utsatta f\u00f6r brott, lagar och regler.<\/p>\n\n\n\n<p><a href=\"http:\/\/www.regeringen.se\/\"><strong>Regeringskansliet<\/strong><\/a>, information om p\u00e5g\u00e5ende regeringsuppdrag och utredningar.<\/p>\n\n\n\n<p><a href=\"https:\/\/www.rmv.se\/publikationer\/page\/2\/\"><strong>R\u00e4ttsmedicinalverket<\/strong><\/a>, information och rapporter.<\/p>\n\n\n\n<p><a href=\"https:\/\/www.sida.se\/Svenska\/\"><strong>SIDA<\/strong><\/a>, information om internationellt\nutvecklingsarbete bland annat i omr\u00e5den fredliga samh\u00e4llen, r\u00e4ttigheter och\nh\u00e4lsa. <\/p>\n\n\n\n<p><a href=\"https:\/\/www.socialstyrelsen.se\/\"><strong>Socialstyrelsen<\/strong><\/a><strong>, <\/strong>nationella riktlinjer och kunskapsst\u00f6d i omr\u00e5det v\u00e5ld mot barn.<\/p>\n\n\n\n<p><a href=\"https:\/\/www.sbu.se\/sv\/publikationer\/tema-vald\/\"><strong>Statens beredning f\u00f6r medicinsk och social utv\u00e4rdering<\/strong><\/a><strong>,<\/strong> sammanst\u00e4lld kunskap om v\u00e5ld.<\/p>\n\n\n\n<p><a href=\"http:\/\/www.stat-inst.se\/\"><strong>Statens institutionsstyrelse<\/strong><\/a><strong>,<\/strong> information SIS-hem och rapporter om institutionsv\u00e5rd. <\/p>\n\n\n\n<p><a href=\"https:\/\/www.skolverket.se\/\"><strong>Statens skolverk,<\/strong><\/a> information om l\u00e4roplan inklusive sex och samlevnadsundervisningen samt skolans arbete mot v\u00e5ld.<\/p>\n\n\n\n<p><a href=\"https:\/\/skr.se\/\"><strong>Sveriges Kommuner och Regioner,<\/strong><\/a> rapporter, kunskapsst\u00f6d och information om kommuner och regioner.<\/p>\n\n\n\n<p><a href=\"https:\/\/www.aklagare.se\/\"><strong>\u00c5klagarmyndigheten<\/strong><\/a><strong>, <\/strong>information om brottslighet och r\u00e4ttsprocessen.<\/p>\n\n<\/section>\n\n\n<section class=\"ArticleSection \">\n      <h2 class=\"ArticleSection-title\" id=\"nationella-kunskapscentra-och-kompetensteam\">\n      Nationella kunskapscentra och kompetensteam    <\/h2>\n    \n\n<p><a href=\"http:\/\/www.barnafrid.se\/\"><strong>Nationellt\nkunskapscentrum Barnafrid<\/strong><\/a><strong>, <\/strong>Link\u00f6pings\nuniversitet<strong><\/strong><\/p>\n\n\n\n<p><a href=\"https:\/\/www.nck.uu.se\/\"><strong>Nationellt centrum f\u00f6r kvinnofrid<\/strong><\/a><strong>, <\/strong>Uppsala universitet<strong><\/strong><\/p>\n\n\n\n<p><a href=\"https:\/\/www.anhoriga.se\/stod-och-kunskap\/lankar\/nationella-kompetenscentra\/\"><strong>Nationellt\nkompetenscentrum anh\u00f6riga<\/strong><\/a><strong>, <\/strong>Linn\u00e9universitetet<strong><\/strong><\/p>\n\n\n\n<p><a href=\"http:\/\/www.hedersfortryck.se\/\"><strong>Nationellt\nkompetensteam f\u00f6r hedersrelaterat v\u00e5ld och f\u00f6rtryck<\/strong><\/a>, L\u00e4nsstyrelsen \u00d6sterg\u00f6tland<\/p>\n\n<\/section>\n\n\n<section class=\"ArticleSection \">\n      <h2 class=\"ArticleSection-title\" id=\"andra-nationella-resurser\">\n      Andra nationella resurser    <\/h2>\n    \n\n<p><a href=\"http:\/\/preventell.se\/vad-kan-vi-hjalpa-till-med\/\"><strong>PrevenTell<\/strong><\/a><strong> <\/strong>och<strong> <\/strong><a href=\"http:\/\/anova.se\/index.html\"><strong>ANOVA<\/strong><\/a><strong> <\/strong>mottagning, information och st\u00f6d vid o\u00f6nskad sexualitet<\/p>\n\n\n\n<p><a href=\"file:\/\/\/C:\/Users\/marsc27\/AppData\/Local\/Microsoft\/Windows\/INetCache\/Content.Outlook\/5MW9N7AS\/Save%20the%20Children%20Resource%20Centre\"><strong>Save the\nChildren Resource Centre<\/strong><\/a><strong> <\/strong>R\u00e4dda Barnens nationella och\ninternationella kunskapsbank <\/p>\n\n\n\n<p><a href=\"https:\/\/www.sbu.se\/sv\/\"><strong>Statens beredning f\u00f6r medicinsk och\nsocial utv\u00e4rdering (SBU)<\/strong><\/a>,\nrapporter och utredningar <\/p>\n\n\n\n<p><a href=\"http:\/\/www.allmannabarnhuset.se\/\"><strong>Stiftelsen Allm\u00e4nna\nBarnhuset<\/strong><\/a><strong>,<\/strong> rapporter och information om v\u00e5ld mot\nbarn<\/p>\n\n\n\n<p><a href=\"https:\/\/www.umo.se\/\"><strong>Ungdomsh\u00e4lsan<\/strong><\/a><strong>,<\/strong> bland annat information om st\u00f6dlinjer och chat<\/p>\n\n\n\n<p><a href=\"https:\/\/www.umo.se\/\">Ungdomsmottagningen (UMO)<\/a>, bland annat information om st\u00f6dlinjer och chat<\/p>\n\n<\/section>\n\n\n<section class=\"ArticleSection \">\n      <h2 class=\"ArticleSection-title\" id=\"internationella-resurser\">\n      Internationella resurser    <\/h2>\n    \n\n<p><a href=\"https:\/\/www.nctsn.org\/resources\"><strong>NCTSN<\/strong><\/a> &#8211; National Children Trauma Stress Network<\/p>\n\n\n\n<p><a href=\"https:\/\/www.nkvts.no\/tf-cbt\/\"><strong>NKVTS<\/strong><\/a> &#8211; Nasjonalt kunnskapssenter om vold og traumatisk stress, ett statligt forskningsinstitut i Norge, som bedriver forskning inom v\u00e5ld och sexuella \u00f6vergrepp, katastrofhantering, terrorism, v\u00e4pnade konflikter och psykiskt trauma, och p\u00e5tvingad migration och flyktingh\u00e4lsa<\/p>\n\n\n\n<p><a href=\"FN:s%20s\u00e4rskilda%20s\u00e4ndebud%20om%20fr\u00e5gor%20som%20r\u00f6r%20v\u00e5ld%20mot%20barn\"><strong>FN:s\ns\u00e4rskilda s\u00e4ndebud om fr\u00e5gor som r\u00f6r v\u00e5ld mot barn<\/strong><\/a><strong>, <\/strong>h\u00e4r hittar du kunskap om\nFNs arbete mot v\u00e5ld mot barn i v\u00e4rlden, <\/p>\n\n\n\n<p><a href=\"https:\/\/www.globalamalen.se\/\"><strong>United Nations\nDevelopment Programme (UNDP),<\/strong><\/a><strong> <\/strong>information\nom Agenda 2030 och de globala m\u00e5len<\/p>\n\n\n\n<p><a href=\"file:\/\/\/C:\/Users\/marsc27\/AppData\/Local\/Microsoft\/Windows\/INetCache\/Content.Outlook\/5MW9N7AS\/Det%20globala%20partnerskapet%20mot%20v\u00e5ld%20mot%20barn\"><strong>Globala\npartnerskapet mot v\u00e5ld mot barn<\/strong><\/a><strong>, <\/strong>h\u00e4r hittar du evidensbaserad kunskap om v\u00e5ld mot barn.<\/p>\n\n\n\n<p><strong><a href=\"https:\/\/www.unicef-irc.org\/\">UNICEFs forskningscenter,<\/a> <\/strong>h\u00e4r hittar du UNICEFs forskningsbas.<\/p>\n\n\n\n<p><strong><a href=\"https:\/\/www.who.int\/publications\/i\/item\/inspire-seven-strategies-for-ending-violence-against-children\">WHO\/INSPIRE<\/a>, <\/strong>h\u00e4r hittar du information om WHO och arbetet med INSPIRE &#8211; 7 strategier f\u00f6r att bek\u00e4mpa v\u00e5ld mot barn.<\/p>\n\n<\/section>\n","protected":false},"excerpt":{"rendered":"","protected":false},"author":6,"featured_media":0,"parent":0,"menu_order":0,"comment_status":"closed","ping_status":"closed","template":"","meta":{"h5ap_radio_sources":[],"footnotes":""},"role":[],"class_list":["post-2317","page","type-page","status-publish","hentry"],"yoast_head":"<!-- This site is optimized with the Yoast SEO plugin v27.4 - https:\/\/yoast.com\/product\/yoast-seo-wordpress\/ -->\n<title>Myndighetsf\u00f6rdjupning - Barnafrid<\/title>\n<meta name=\"robots\" content=\"index, follow, max-snippet:-1, max-image-preview:large, max-video-preview:-1\" \/>\n<link rel=\"canonical\" href=\"https:\/\/barnafrid.se\/kunskapsportal\/myndighetsfordjupning\/\" \/>\n<meta property=\"og:locale\" content=\"sv_SE\" \/>\n<meta property=\"og:type\" content=\"article\" \/>\n<meta property=\"og:title\" content=\"Myndighetsf\u00f6rdjupning - Barnafrid\" \/>\n<meta property=\"og:url\" content=\"https:\/\/barnafrid.se\/kunskapsportal\/myndighetsfordjupning\/\" \/>\n<meta property=\"og:site_name\" content=\"Barnafrid\" \/>\n<meta property=\"article:modified_time\" content=\"2022-02-11T07:38:04+00:00\" \/>\n<meta name=\"twitter:card\" content=\"summary_large_image\" \/>\n<meta name=\"twitter:label1\" content=\"Ber\u00e4knad l\u00e4stid\" \/>\n\t<meta name=\"twitter:data1\" content=\"3 minuter\" \/>\n<script type=\"application\/ld+json\" class=\"yoast-schema-graph\">{\"@context\":\"https:\\\/\\\/schema.org\",\"@graph\":[{\"@type\":\"WebPage\",\"@id\":\"https:\\\/\\\/barnafrid.se\\\/kunskapsportal\\\/myndighetsfordjupning\\\/\",\"url\":\"https:\\\/\\\/barnafrid.se\\\/kunskapsportal\\\/myndighetsfordjupning\\\/\",\"name\":\"Myndighetsf\u00f6rdjupning - Barnafrid\",\"isPartOf\":{\"@id\":\"https:\\\/\\\/barnafrid.se\\\/kunskapsportal\\\/#website\"},\"datePublished\":\"2020-08-25T09:13:13+00:00\",\"dateModified\":\"2022-02-11T07:38:04+00:00\",\"breadcrumb\":{\"@id\":\"https:\\\/\\\/barnafrid.se\\\/kunskapsportal\\\/myndighetsfordjupning\\\/#breadcrumb\"},\"inLanguage\":\"sv-SE\",\"potentialAction\":[{\"@type\":\"ReadAction\",\"target\":[\"https:\\\/\\\/barnafrid.se\\\/kunskapsportal\\\/myndighetsfordjupning\\\/\"]}]},{\"@type\":\"BreadcrumbList\",\"@id\":\"https:\\\/\\\/barnafrid.se\\\/kunskapsportal\\\/myndighetsfordjupning\\\/#breadcrumb\",\"itemListElement\":[{\"@type\":\"ListItem\",\"position\":1,\"name\":\"Home\",\"item\":\"https:\\\/\\\/barnafrid.se\\\/kunskapsportal\\\/\"},{\"@type\":\"ListItem\",\"position\":2,\"name\":\"Myndighetsf\u00f6rdjupning\"}]},{\"@type\":\"WebSite\",\"@id\":\"https:\\\/\\\/barnafrid.se\\\/kunskapsportal\\\/#website\",\"url\":\"https:\\\/\\\/barnafrid.se\\\/kunskapsportal\\\/\",\"name\":\"Barnafrid\",\"description\":\"Kunskapsportal om v\u00e5ld mot barn\",\"potentialAction\":[{\"@type\":\"SearchAction\",\"target\":{\"@type\":\"EntryPoint\",\"urlTemplate\":\"https:\\\/\\\/barnafrid.se\\\/kunskapsportal\\\/?s={search_term_string}\"},\"query-input\":{\"@type\":\"PropertyValueSpecification\",\"valueRequired\":true,\"valueName\":\"search_term_string\"}}],\"inLanguage\":\"sv-SE\"}]}<\/script>\n<!-- \/ Yoast SEO plugin. -->","yoast_head_json":{"title":"Myndighetsf\u00f6rdjupning - Barnafrid","robots":{"index":"index","follow":"follow","max-snippet":"max-snippet:-1","max-image-preview":"max-image-preview:large","max-video-preview":"max-video-preview:-1"},"canonical":"https:\/\/barnafrid.se\/kunskapsportal\/myndighetsfordjupning\/","og_locale":"sv_SE","og_type":"article","og_title":"Myndighetsf\u00f6rdjupning - Barnafrid","og_url":"https:\/\/barnafrid.se\/kunskapsportal\/myndighetsfordjupning\/","og_site_name":"Barnafrid","article_modified_time":"2022-02-11T07:38:04+00:00","twitter_card":"summary_large_image","twitter_misc":{"Ber\u00e4knad l\u00e4stid":"3 minuter"},"schema":{"@context":"https:\/\/schema.org","@graph":[{"@type":"WebPage","@id":"https:\/\/barnafrid.se\/kunskapsportal\/myndighetsfordjupning\/","url":"https:\/\/barnafrid.se\/kunskapsportal\/myndighetsfordjupning\/","name":"Myndighetsf\u00f6rdjupning - Barnafrid","isPartOf":{"@id":"https:\/\/barnafrid.se\/kunskapsportal\/#website"},"datePublished":"2020-08-25T09:13:13+00:00","dateModified":"2022-02-11T07:38:04+00:00","breadcrumb":{"@id":"https:\/\/barnafrid.se\/kunskapsportal\/myndighetsfordjupning\/#breadcrumb"},"inLanguage":"sv-SE","potentialAction":[{"@type":"ReadAction","target":["https:\/\/barnafrid.se\/kunskapsportal\/myndighetsfordjupning\/"]}]},{"@type":"BreadcrumbList","@id":"https:\/\/barnafrid.se\/kunskapsportal\/myndighetsfordjupning\/#breadcrumb","itemListElement":[{"@type":"ListItem","position":1,"name":"Home","item":"https:\/\/barnafrid.se\/kunskapsportal\/"},{"@type":"ListItem","position":2,"name":"Myndighetsf\u00f6rdjupning"}]},{"@type":"WebSite","@id":"https:\/\/barnafrid.se\/kunskapsportal\/#website","url":"https:\/\/barnafrid.se\/kunskapsportal\/","name":"Barnafrid","description":"Kunskapsportal om v\u00e5ld mot barn","potentialAction":[{"@type":"SearchAction","target":{"@type":"EntryPoint","urlTemplate":"https:\/\/barnafrid.se\/kunskapsportal\/?s={search_term_string}"},"query-input":{"@type":"PropertyValueSpecification","valueRequired":true,"valueName":"search_term_string"}}],"inLanguage":"sv-SE"}]}},"_links":{"self":[{"href":"https:\/\/barnafrid.se\/kunskapsportal\/wp-json\/wp\/v2\/pages\/2317","targetHints":{"allow":["GET"]}}],"collection":[{"href":"https:\/\/barnafrid.se\/kunskapsportal\/wp-json\/wp\/v2\/pages"}],"about":[{"href":"https:\/\/barnafrid.se\/kunskapsportal\/wp-json\/wp\/v2\/types\/page"}],"author":[{"embeddable":true,"href":"https:\/\/barnafrid.se\/kunskapsportal\/wp-json\/wp\/v2\/users\/6"}],"replies":[{"embeddable":true,"href":"https:\/\/barnafrid.se\/kunskapsportal\/wp-json\/wp\/v2\/comments?post=2317"}],"version-history":[{"count":10,"href":"https:\/\/barnafrid.se\/kunskapsportal\/wp-json\/wp\/v2\/pages\/2317\/revisions"}],"predecessor-version":[{"id":3532,"href":"https:\/\/barnafrid.se\/kunskapsportal\/wp-json\/wp\/v2\/pages\/2317\/revisions\/3532"}],"wp:attachment":[{"href":"https:\/\/barnafrid.se\/kunskapsportal\/wp-json\/wp\/v2\/media?parent=2317"}],"wp:term":[{"taxonomy":"role","embeddable":true,"href":"https:\/\/barnafrid.se\/kunskapsportal\/wp-json\/wp\/v2\/role?post=2317"}],"curies":[{"name":"wp","href":"https:\/\/api.w.org\/{rel}","templated":true}]}}