{"id":2299,"date":"2020-08-24T12:07:04","date_gmt":"2020-08-24T10:07:04","guid":{"rendered":"https:\/\/barnafrid.se\/basprogram\/?page_id=2299"},"modified":"2022-11-03T09:49:23","modified_gmt":"2022-11-03T08:49:23","slug":"tack-till-medverkande","status":"publish","type":"page","link":"https:\/\/barnafrid.se\/kunskapsportal\/tack-till-medverkande\/","title":{"rendered":"Tack till medverkande organisationer"},"content":{"rendered":"<div class='Lead'>\n    <p>Ett hundratal personer inom regioner, kommuner, universitet, myndigheter och ideell sektor har p\u00e5 ett ov\u00e4rderligt s\u00e4tt bidragit med synpunkter och f\u00f6rslag under uppbyggnaden av basprogrammet. Spr\u00e5k- och textbearbetning har genomf\u00f6rts av Spr\u00e5kkonsulterna. <\/p><\/div>\n\n\n<section class=\"ArticleSection \">\n  \n\n<p>Vi vill rikta v\u00e5rt varmaste tack till var och en som sk\u00e4nkt oss tid, kunskap, tankar och erfarenheter.<\/p>\n\n\n\n<p>Tack till J\u00e4mst\u00e4lldhetsmyndigheten f\u00f6r kunskap och synpunkter kring j\u00e4mst\u00e4lldhetsperspektivet, samt v\u00e4rdefulla bidrag till att inneh\u00e5llet blivit tillg\u00e4nglighetsanpassat, textat, syn- och teckentolkat.<\/p>\n\n\n\n<p>Ett s\u00e4rskilt tack \u00e4ven till Nationellt centrum f\u00f6r kvinnofrid p\u00e5 Uppsala universitet f\u00f6r det digitala pionj\u00e4rarbetet med Webbkurs om v\u00e5ld, liksom f\u00f6r ett gener\u00f6st samarbete och m\u00e5nga goda r\u00e5d under f\u00f6rverkligandet av Barnafrids basprogram om v\u00e5ld mot barn.<\/p>\n\n\n\n<p><\/p>\n\n\n\n<figure class=\"Image size-full desk\"><img loading=\"lazy\" decoding=\"async\" width=\"946\" height=\"1024\" src=\"https:\/\/barnafrid.se\/basprogram\/wp-content\/uploads\/2020\/09\/desk_12-1-946x1024.jpg\" alt=\"\" class=\"Image-img wp-image-2688\" srcset=\"https:\/\/barnafrid.se\/kunskapsportal\/wp-content\/uploads\/2020\/09\/desk_12-1-946x1024.jpg 946w, https:\/\/barnafrid.se\/kunskapsportal\/wp-content\/uploads\/2020\/09\/desk_12-1-277x300.jpg 277w, https:\/\/barnafrid.se\/kunskapsportal\/wp-content\/uploads\/2020\/09\/desk_12-1-768x831.jpg 768w, https:\/\/barnafrid.se\/kunskapsportal\/wp-content\/uploads\/2020\/09\/desk_12-1.jpg 1955w\" sizes=\"auto, (max-width: 946px) 100vw, 946px\" \/><\/figure>\n\n\n\n<p><\/p>\n\n<\/section>\n\n\n\n<figure class=\"Image size-full mobil\"><img loading=\"lazy\" decoding=\"async\" width=\"1026\" height=\"4366\" src=\"https:\/\/barnafrid.se\/basprogram\/wp-content\/uploads\/2020\/09\/mobile_12.jpg\" alt=\"\" class=\"Image-img wp-image-2672\" srcset=\"https:\/\/barnafrid.se\/kunskapsportal\/wp-content\/uploads\/2020\/09\/mobile_12.jpg 1026w, https:\/\/barnafrid.se\/kunskapsportal\/wp-content\/uploads\/2020\/09\/mobile_12-768x3268.jpg 768w\" sizes=\"auto, (max-width: 1026px) 100vw, 1026px\" \/><\/figure>\n","protected":false},"excerpt":{"rendered":"","protected":false},"author":6,"featured_media":0,"parent":0,"menu_order":0,"comment_status":"closed","ping_status":"closed","template":"","meta":{"h5ap_radio_sources":[],"footnotes":""},"role":[],"class_list":["post-2299","page","type-page","status-publish","hentry"],"yoast_head":"<!-- This site is optimized with the Yoast SEO plugin v27.4 - https:\/\/yoast.com\/product\/yoast-seo-wordpress\/ -->\n<title>Tack till medverkande organisationer - Barnafrid<\/title>\n<meta name=\"robots\" content=\"index, follow, max-snippet:-1, max-image-preview:large, max-video-preview:-1\" \/>\n<link rel=\"canonical\" href=\"https:\/\/barnafrid.se\/kunskapsportal\/tack-till-medverkande\/\" \/>\n<meta property=\"og:locale\" content=\"sv_SE\" \/>\n<meta property=\"og:type\" content=\"article\" \/>\n<meta property=\"og:title\" content=\"Tack till medverkande organisationer - Barnafrid\" \/>\n<meta property=\"og:url\" content=\"https:\/\/barnafrid.se\/kunskapsportal\/tack-till-medverkande\/\" \/>\n<meta property=\"og:site_name\" content=\"Barnafrid\" \/>\n<meta property=\"article:modified_time\" content=\"2022-11-03T08:49:23+00:00\" \/>\n<meta property=\"og:image\" content=\"https:\/\/barnafrid.se\/basprogram\/wp-content\/uploads\/2020\/09\/desk_12-1-946x1024.jpg\" \/>\n<meta name=\"twitter:card\" content=\"summary_large_image\" \/>\n<script type=\"application\/ld+json\" class=\"yoast-schema-graph\">{\"@context\":\"https:\\\/\\\/schema.org\",\"@graph\":[{\"@type\":\"WebPage\",\"@id\":\"https:\\\/\\\/barnafrid.se\\\/kunskapsportal\\\/tack-till-medverkande\\\/\",\"url\":\"https:\\\/\\\/barnafrid.se\\\/kunskapsportal\\\/tack-till-medverkande\\\/\",\"name\":\"Tack till medverkande organisationer - Barnafrid\",\"isPartOf\":{\"@id\":\"https:\\\/\\\/barnafrid.se\\\/kunskapsportal\\\/#website\"},\"primaryImageOfPage\":{\"@id\":\"https:\\\/\\\/barnafrid.se\\\/kunskapsportal\\\/tack-till-medverkande\\\/#primaryimage\"},\"image\":{\"@id\":\"https:\\\/\\\/barnafrid.se\\\/kunskapsportal\\\/tack-till-medverkande\\\/#primaryimage\"},\"thumbnailUrl\":\"https:\\\/\\\/barnafrid.se\\\/basprogram\\\/wp-content\\\/uploads\\\/2020\\\/09\\\/desk_12-1-946x1024.jpg\",\"datePublished\":\"2020-08-24T10:07:04+00:00\",\"dateModified\":\"2022-11-03T08:49:23+00:00\",\"breadcrumb\":{\"@id\":\"https:\\\/\\\/barnafrid.se\\\/kunskapsportal\\\/tack-till-medverkande\\\/#breadcrumb\"},\"inLanguage\":\"sv-SE\",\"potentialAction\":[{\"@type\":\"ReadAction\",\"target\":[\"https:\\\/\\\/barnafrid.se\\\/kunskapsportal\\\/tack-till-medverkande\\\/\"]}]},{\"@type\":\"ImageObject\",\"inLanguage\":\"sv-SE\",\"@id\":\"https:\\\/\\\/barnafrid.se\\\/kunskapsportal\\\/tack-till-medverkande\\\/#primaryimage\",\"url\":\"https:\\\/\\\/barnafrid.se\\\/basprogram\\\/wp-content\\\/uploads\\\/2020\\\/09\\\/desk_12-1-946x1024.jpg\",\"contentUrl\":\"https:\\\/\\\/barnafrid.se\\\/basprogram\\\/wp-content\\\/uploads\\\/2020\\\/09\\\/desk_12-1-946x1024.jpg\"},{\"@type\":\"BreadcrumbList\",\"@id\":\"https:\\\/\\\/barnafrid.se\\\/kunskapsportal\\\/tack-till-medverkande\\\/#breadcrumb\",\"itemListElement\":[{\"@type\":\"ListItem\",\"position\":1,\"name\":\"Home\",\"item\":\"https:\\\/\\\/barnafrid.se\\\/kunskapsportal\\\/\"},{\"@type\":\"ListItem\",\"position\":2,\"name\":\"Tack till medverkande organisationer\"}]},{\"@type\":\"WebSite\",\"@id\":\"https:\\\/\\\/barnafrid.se\\\/kunskapsportal\\\/#website\",\"url\":\"https:\\\/\\\/barnafrid.se\\\/kunskapsportal\\\/\",\"name\":\"Barnafrid\",\"description\":\"Kunskapsportal om v\u00e5ld mot barn\",\"potentialAction\":[{\"@type\":\"SearchAction\",\"target\":{\"@type\":\"EntryPoint\",\"urlTemplate\":\"https:\\\/\\\/barnafrid.se\\\/kunskapsportal\\\/?s={search_term_string}\"},\"query-input\":{\"@type\":\"PropertyValueSpecification\",\"valueRequired\":true,\"valueName\":\"search_term_string\"}}],\"inLanguage\":\"sv-SE\"}]}<\/script>\n<!-- \/ Yoast SEO plugin. -->","yoast_head_json":{"title":"Tack till medverkande organisationer - Barnafrid","robots":{"index":"index","follow":"follow","max-snippet":"max-snippet:-1","max-image-preview":"max-image-preview:large","max-video-preview":"max-video-preview:-1"},"canonical":"https:\/\/barnafrid.se\/kunskapsportal\/tack-till-medverkande\/","og_locale":"sv_SE","og_type":"article","og_title":"Tack till medverkande organisationer - Barnafrid","og_url":"https:\/\/barnafrid.se\/kunskapsportal\/tack-till-medverkande\/","og_site_name":"Barnafrid","article_modified_time":"2022-11-03T08:49:23+00:00","og_image":[{"url":"https:\/\/barnafrid.se\/basprogram\/wp-content\/uploads\/2020\/09\/desk_12-1-946x1024.jpg","type":"","width":"","height":""}],"twitter_card":"summary_large_image","schema":{"@context":"https:\/\/schema.org","@graph":[{"@type":"WebPage","@id":"https:\/\/barnafrid.se\/kunskapsportal\/tack-till-medverkande\/","url":"https:\/\/barnafrid.se\/kunskapsportal\/tack-till-medverkande\/","name":"Tack till medverkande organisationer - Barnafrid","isPartOf":{"@id":"https:\/\/barnafrid.se\/kunskapsportal\/#website"},"primaryImageOfPage":{"@id":"https:\/\/barnafrid.se\/kunskapsportal\/tack-till-medverkande\/#primaryimage"},"image":{"@id":"https:\/\/barnafrid.se\/kunskapsportal\/tack-till-medverkande\/#primaryimage"},"thumbnailUrl":"https:\/\/barnafrid.se\/basprogram\/wp-content\/uploads\/2020\/09\/desk_12-1-946x1024.jpg","datePublished":"2020-08-24T10:07:04+00:00","dateModified":"2022-11-03T08:49:23+00:00","breadcrumb":{"@id":"https:\/\/barnafrid.se\/kunskapsportal\/tack-till-medverkande\/#breadcrumb"},"inLanguage":"sv-SE","potentialAction":[{"@type":"ReadAction","target":["https:\/\/barnafrid.se\/kunskapsportal\/tack-till-medverkande\/"]}]},{"@type":"ImageObject","inLanguage":"sv-SE","@id":"https:\/\/barnafrid.se\/kunskapsportal\/tack-till-medverkande\/#primaryimage","url":"https:\/\/barnafrid.se\/basprogram\/wp-content\/uploads\/2020\/09\/desk_12-1-946x1024.jpg","contentUrl":"https:\/\/barnafrid.se\/basprogram\/wp-content\/uploads\/2020\/09\/desk_12-1-946x1024.jpg"},{"@type":"BreadcrumbList","@id":"https:\/\/barnafrid.se\/kunskapsportal\/tack-till-medverkande\/#breadcrumb","itemListElement":[{"@type":"ListItem","position":1,"name":"Home","item":"https:\/\/barnafrid.se\/kunskapsportal\/"},{"@type":"ListItem","position":2,"name":"Tack till medverkande organisationer"}]},{"@type":"WebSite","@id":"https:\/\/barnafrid.se\/kunskapsportal\/#website","url":"https:\/\/barnafrid.se\/kunskapsportal\/","name":"Barnafrid","description":"Kunskapsportal om v\u00e5ld mot barn","potentialAction":[{"@type":"SearchAction","target":{"@type":"EntryPoint","urlTemplate":"https:\/\/barnafrid.se\/kunskapsportal\/?s={search_term_string}"},"query-input":{"@type":"PropertyValueSpecification","valueRequired":true,"valueName":"search_term_string"}}],"inLanguage":"sv-SE"}]}},"_links":{"self":[{"href":"https:\/\/barnafrid.se\/kunskapsportal\/wp-json\/wp\/v2\/pages\/2299","targetHints":{"allow":["GET"]}}],"collection":[{"href":"https:\/\/barnafrid.se\/kunskapsportal\/wp-json\/wp\/v2\/pages"}],"about":[{"href":"https:\/\/barnafrid.se\/kunskapsportal\/wp-json\/wp\/v2\/types\/page"}],"author":[{"embeddable":true,"href":"https:\/\/barnafrid.se\/kunskapsportal\/wp-json\/wp\/v2\/users\/6"}],"replies":[{"embeddable":true,"href":"https:\/\/barnafrid.se\/kunskapsportal\/wp-json\/wp\/v2\/comments?post=2299"}],"version-history":[{"count":51,"href":"https:\/\/barnafrid.se\/kunskapsportal\/wp-json\/wp\/v2\/pages\/2299\/revisions"}],"predecessor-version":[{"id":6610,"href":"https:\/\/barnafrid.se\/kunskapsportal\/wp-json\/wp\/v2\/pages\/2299\/revisions\/6610"}],"wp:attachment":[{"href":"https:\/\/barnafrid.se\/kunskapsportal\/wp-json\/wp\/v2\/media?parent=2299"}],"wp:term":[{"taxonomy":"role","embeddable":true,"href":"https:\/\/barnafrid.se\/kunskapsportal\/wp-json\/wp\/v2\/role?post=2299"}],"curies":[{"name":"wp","href":"https:\/\/api.w.org\/{rel}","templated":true}]}}