{"id":2,"date":"2019-09-16T13:52:27","date_gmt":"2019-09-16T11:52:27","guid":{"rendered":"http:\/\/localhost:8080\/?page_id=2"},"modified":"2025-08-14T14:24:28","modified_gmt":"2025-08-14T12:24:28","slug":"om-kursen","status":"publish","type":"page","link":"https:\/\/barnafrid.se\/kunskapsportal\/basprogram\/om-kursen\/","title":{"rendered":"Om basprogrammet"},"content":{"rendered":"<div class='Lead'>\n    <p>Den h\u00e4r digitala utbildningen v\u00e4nder sig till dig som m\u00f6ter barn och unga i ditt yrke eller p\u00e5 andra s\u00e4tt. H\u00e4r f\u00e5r du grundl\u00e4ggande kunskaper om hur v\u00e5ld kan drabba barn och unga och hur du ska agera n\u00e4r du uppt\u00e4cker v\u00e5ld.<\/p><\/div>\n\n\n<section class=\"ArticleSection \">\n  \n\n<p>Basprogrammet v\u00e5ld mot barn och unga ger dig kunskap om v\u00e5ld som barn och unga kan uts\u00e4ttas f\u00f6r, men ocks\u00e5 sj\u00e4lva uts\u00e4tta andra f\u00f6r. Du f\u00e5r veta vilka olika former av v\u00e5ld som f\u00f6rekommer och hur vanliga de \u00e4r, men framf\u00f6r allt f\u00e5r du l\u00e4ra dig att uppt\u00e4cka, bem\u00f6ta, informera och agera n\u00e4r du misst\u00e4nker att ett barn eller en ungdom far illa.<\/p>\n\n\n\n<p>Utbildningen riktar sig till dig som i ditt arbete eller p\u00e5 annat s\u00e4tt m\u00f6ter barn och ungdomar. Det \u00e4r ocks\u00e5 en bra grund f\u00f6r dig som \u00e4r politiker eller arbetar inom myndigheter som ska fatta beslut som r\u00f6r unga. Utbildningen kan ocks\u00e5 anv\u00e4ndas p\u00e5 olika s\u00e4tt inom universitets- och yrkesutbildning.<\/p>\n\n\n\n<p>Basprogrammet \u00e4r en baskurs som ger grundl\u00e4ggande kunskap. F\u00f6r dig eller er verksamhet som redan har erfarenhet och kompetens om barn, unga och v\u00e5ld finns ett omfattande f\u00f6rdjupningsmaterial med bland annat relevanta vetenskapliga artiklar inom varje kunskapsomr\u00e5de.<\/p>\n\n\n\n<h2 class=\"wp-block-heading\">Basprogrammet best\u00e5r av tre delar<\/h2>\n\n\n\n<h3 class=\"wp-block-heading\">Del 1 Vad barnkonventionen inneb\u00e4r, vad v\u00e5ld \u00e4r och hur vanligt det \u00e4r<\/h3>\n\n\n\n<p>Del 1 inneh\u00e5ller tre kapitel som inleds med ett kapitel som handlar om barnkonventionen och barn och ungas r\u00e4tt till skydd, st\u00f6d och delaktighet. I kapitel tv\u00e5 f\u00e5 du veta mer om vad v\u00e5ld \u00e4r, hur det kan ta sig uttryck och vilka konsekvenser v\u00e5ld kan f\u00e5 f\u00f6r unga. Kapitel tre handlar om hur m\u00e5nga barn som p\u00e5 olika s\u00e4tt uppskattas leva med v\u00e5ld.<\/p>\n\n\n\n<h3 class=\"wp-block-heading\">Del 2 Olika former av v\u00e5ld<\/h3>\n\n\n\n<p>Barn och unga blir utsatta f\u00f6r olika former av v\u00e5ld. I del 2 f\u00e5r du l\u00e4ra dig mer om<\/p>\n\n\n\n<ul class=\"List\">\n<li class=\"List-item\">fysiskt v\u00e5ld (kapitel 4)<\/li>\n\n\n\n<li class=\"List-item\">psykiskt v\u00e5ld och f\u00f6rsummelse (kapitel 5)<\/li>\n\n\n\n<li class=\"List-item\">sexuella \u00f6vergrepp (kapitel 6).<\/li>\n<\/ul>\n\n\n\n<p>I den h\u00e4r delen kommer du ocks\u00e5 att f\u00e5 kunskap om tv\u00e5 former av v\u00e5ld och utsatthet som ofta inneb\u00e4r flera olika v\u00e5ldshandlingar:<\/p>\n\n\n\n<ul class=\"List\">\n<li class=\"List-item\">v\u00e5ld i n\u00e4ra relationer (kapitel 7) med v\u00e5ldshandlingar och beteende som sker inom familjen<\/li>\n\n\n\n<li class=\"List-item\">hedersrelaterat v\u00e5ld och f\u00f6rtryck (kapitel 8) d\u00e4r den unga kan uts\u00e4ttas f\u00f6r alla former av v\u00e5ldshandlingar.<\/li>\n<\/ul>\n\n\n\n<p>I kapitel 9 kan du l\u00e4sa om barn och unga p\u00e5 flykt och f\u00e5 kunskap om unga med erfarenheter av en s\u00e4rskild form av utsatthet.<\/p>\n\n\n\n<h3 class=\"wp-block-heading\">Del 3 Skydd, st\u00f6d och behandling<\/h3>\n\n\n\n<p>Kapitel 10 ger dig kunskap om hur verksamheter kan arbeta f\u00f6rebyggande och uppt\u00e4cka v\u00e5ld mot barn och unga. Du f\u00e5r till exempel l\u00e4ra dig hur och n\u00e4r du ska g\u00f6ra en anm\u00e4lan om oro till socialtj\u00e4nsten och vad som h\u00e4nder med din anm\u00e4lan. &nbsp;Kapitlet g\u00e5r ocks\u00e5 igenom vilka st\u00f6d, skydd och behandlingar som finns f\u00f6r barn och unga som \u00e4r utsatta f\u00f6r v\u00e5ld. &nbsp;<\/p>\n\n\n\n<h2 class=\"wp-block-heading\">G\u00e5 utbildningen sj\u00e4lv eller i grupp<\/h2>\n\n\n\n<p>Hela utbildningen tar cirka en dag att genomf\u00f6ra och kapitlen kan l\u00e4sas i valfri ordning. Du kan givetvis dela upp utbildningen i flera delar s\u00e5 att den passar dina behov och f\u00f6ruts\u00e4ttningar.<\/p>\n\n\n\n<p>Du kan g\u00e5 utbildningen p\u00e5 egen hand eller i grupp. Gruppsp\u00e5ret inneh\u00e5ller en handledning och underlag f\u00f6r f\u00f6rdjupande diskussioner och praktiska \u00f6vningar. Diskussionsfr\u00e5gorna kan vara v\u00e4rdefulla att fundera \u00f6ver \u00e4ven om du g\u00e5r utbildningen sj\u00e4lv. Du kan ocks\u00e5 f\u00f6rdjupa dig i de resursbanker som finns hos andra&nbsp;<a href=\"https:\/\/barnafrid.se\/basprogram\/myndighetsfordjupning\"><strong>myndigheter och kunskapscentra<\/strong><\/a>.<\/p>\n\n\n\n<p>Barnafrid h\u00e5ller ocks\u00e5 p\u00e5 att ta fram handledarst\u00f6d som ska vara s\u00e4rskilt anpassade till olika verksamheters behov och f\u00f6ruts\u00e4ttningar. Under h\u00f6sten 2022 arbetar vi med att ta fram handledarst\u00f6d till f\u00f6rskoleverksamheter och socialtj\u00e4nst.<\/p>\n\n\n\n<p>Den h\u00e4r utbildningen f\u00f6ruts\u00e4tter inga f\u00f6rkunskaper, kostar inget och \u00e4r tillg\u00e4nglighetsanpassad i form av tecken- och syntolkning.<\/p>\n\n\n\n<p>I varje kapitel ing\u00e5r referens- och f\u00f6rdjupningsdelar, liksom l\u00e4nkar till myndigheters resurssidor och information om bland annat nationella riktlinjer och metodst\u00f6d. Varje kapitel f\u00f6ljs av en kunskapsfr\u00e5ga och efter hela utbildningen f\u00f6ljer ett sluttest som ger dig ett intyg p\u00e5 att du har genomg\u00e5tt utbildningen.<\/p>\n\n\n\n<h2 class=\"wp-block-heading\">Anv\u00e4nd och sprid materialet, men ange k\u00e4lla<\/h2>\n\n\n\n<p>Barnafrid har upphovsr\u00e4tt till allt material i basprogrammet, i enlighet med lagen om upphovsr\u00e4tt. Vi ser g\u00e4rna att du anv\u00e4nder och h\u00e4nvisar till inneh\u00e5llet i programmet, och att du d\u00e5 anger f\u00f6ljande k\u00e4lla: barnafrid.se\/kunskapsportal\/basprogram<\/p>\n\n\n\n<p>Du kan anv\u00e4nda filmerna i basprogrammet frist\u00e5ende genom att trycka p\u00e5 \u201dKopiera video-l\u00e4nk\u201d under filmen. Klistra sedan in den i din webbl\u00e4sare.<\/p>\n\n\n\n<h2 class=\"wp-block-heading\">\u00c5terkoppla g\u00e4rna till oss<\/h2>\n\n\n\n<p>Efter avslutad utbildning skickar vi en utv\u00e4rderingsenk\u00e4t till dig via e-post som vi uppskattar om du fyller i. Det hj\u00e4lper oss att vidareutveckla utbildningens inneh\u00e5ll och det pedagogiska uppl\u00e4gget.<\/p>\n\n\n\n<p>Om du har fr\u00e5gor kring basprogrammet eller vill ha st\u00f6d \u00e4r du v\u00e4lkommen att kontakta Barnafrid via e-post&nbsp;<a href=\"mailto:barnafrid@liu.se\"><strong>barnafrid@liu.se<\/strong><\/a>.<\/p>\n\n\n\n<h2 class=\"wp-block-heading\">Tack till medverkande organisationer<\/h2>\n\n\n\n<p>Vi vill&nbsp;<a href=\"https:\/\/barnafrid.se\/basprogram\/tack-till-medverkande\"><strong>rikta ett stort tack till de hundratals personer<\/strong><\/a>&nbsp;inom regioner, kommuner, universitet, myndigheter och civilsamh\u00e4lle som p\u00e5 ett ov\u00e4rderligt s\u00e4tt har bidragit med synpunkter och f\u00f6rslag under uppbyggnaden av basprogrammet.<\/p>\n\n\n\n<h2 class=\"wp-block-heading\">Om Barnafrid<\/h2>\n\n\n\n<p>Barnafrid \u00e4r ett nationellt centrum f\u00f6r kunskap om v\u00e5ld mot barn och unga vid Link\u00f6pings universitet med regeringsuppdrag att samla och sprida kunskap om v\u00e5ld och andra \u00f6vergrepp mot barn.&nbsp;<a href=\"https:\/\/www.barnafrid.se\/\"><strong>H\u00e4r kan du kan l\u00e4sa mera om Barnafrids arbete<\/strong><\/a>.<\/p>\n\n<\/section>\n","protected":false},"excerpt":{"rendered":"","protected":false},"author":1,"featured_media":0,"parent":8,"menu_order":0,"comment_status":"closed","ping_status":"closed","template":"","meta":{"h5ap_radio_sources":[],"footnotes":""},"role":[],"class_list":["post-2","page","type-page","status-publish","hentry"],"yoast_head":"<!-- This site is optimized with the Yoast SEO plugin v27.4 - https:\/\/yoast.com\/product\/yoast-seo-wordpress\/ -->\n<title>Om basprogrammet - Barnafrid<\/title>\n<meta name=\"robots\" content=\"index, follow, max-snippet:-1, max-image-preview:large, max-video-preview:-1\" \/>\n<link rel=\"canonical\" href=\"https:\/\/barnafrid.se\/kunskapsportal\/basprogram\/om-kursen\/\" \/>\n<meta property=\"og:locale\" content=\"sv_SE\" \/>\n<meta property=\"og:type\" content=\"article\" \/>\n<meta property=\"og:title\" content=\"Om basprogrammet - Barnafrid\" \/>\n<meta property=\"og:url\" content=\"https:\/\/barnafrid.se\/kunskapsportal\/basprogram\/om-kursen\/\" \/>\n<meta property=\"og:site_name\" content=\"Barnafrid\" \/>\n<meta property=\"article:modified_time\" content=\"2025-08-14T12:24:28+00:00\" \/>\n<meta name=\"twitter:card\" content=\"summary_large_image\" \/>\n<meta name=\"twitter:label1\" content=\"Ber\u00e4knad l\u00e4stid\" \/>\n\t<meta name=\"twitter:data1\" content=\"4 minuter\" \/>\n<script type=\"application\/ld+json\" class=\"yoast-schema-graph\">{\"@context\":\"https:\\\/\\\/schema.org\",\"@graph\":[{\"@type\":\"WebPage\",\"@id\":\"https:\\\/\\\/barnafrid.se\\\/kunskapsportal\\\/basprogram\\\/om-kursen\\\/\",\"url\":\"https:\\\/\\\/barnafrid.se\\\/kunskapsportal\\\/basprogram\\\/om-kursen\\\/\",\"name\":\"Om basprogrammet - Barnafrid\",\"isPartOf\":{\"@id\":\"https:\\\/\\\/barnafrid.se\\\/kunskapsportal\\\/#website\"},\"datePublished\":\"2019-09-16T11:52:27+00:00\",\"dateModified\":\"2025-08-14T12:24:28+00:00\",\"breadcrumb\":{\"@id\":\"https:\\\/\\\/barnafrid.se\\\/kunskapsportal\\\/basprogram\\\/om-kursen\\\/#breadcrumb\"},\"inLanguage\":\"sv-SE\",\"potentialAction\":[{\"@type\":\"ReadAction\",\"target\":[\"https:\\\/\\\/barnafrid.se\\\/kunskapsportal\\\/basprogram\\\/om-kursen\\\/\"]}]},{\"@type\":\"BreadcrumbList\",\"@id\":\"https:\\\/\\\/barnafrid.se\\\/kunskapsportal\\\/basprogram\\\/om-kursen\\\/#breadcrumb\",\"itemListElement\":[{\"@type\":\"ListItem\",\"position\":1,\"name\":\"Home\",\"item\":\"https:\\\/\\\/barnafrid.se\\\/kunskapsportal\\\/\"},{\"@type\":\"ListItem\",\"position\":2,\"name\":\"Basprogram om v\u00e5ld mot barn och unga\",\"item\":\"https:\\\/\\\/barnafrid.se\\\/kunskapsportal\\\/basprogram\\\/\"},{\"@type\":\"ListItem\",\"position\":3,\"name\":\"Om basprogrammet\"}]},{\"@type\":\"WebSite\",\"@id\":\"https:\\\/\\\/barnafrid.se\\\/kunskapsportal\\\/#website\",\"url\":\"https:\\\/\\\/barnafrid.se\\\/kunskapsportal\\\/\",\"name\":\"Barnafrid\",\"description\":\"Kunskapsportal om v\u00e5ld mot barn\",\"potentialAction\":[{\"@type\":\"SearchAction\",\"target\":{\"@type\":\"EntryPoint\",\"urlTemplate\":\"https:\\\/\\\/barnafrid.se\\\/kunskapsportal\\\/?s={search_term_string}\"},\"query-input\":{\"@type\":\"PropertyValueSpecification\",\"valueRequired\":true,\"valueName\":\"search_term_string\"}}],\"inLanguage\":\"sv-SE\"}]}<\/script>\n<!-- \/ Yoast SEO plugin. -->","yoast_head_json":{"title":"Om basprogrammet - Barnafrid","robots":{"index":"index","follow":"follow","max-snippet":"max-snippet:-1","max-image-preview":"max-image-preview:large","max-video-preview":"max-video-preview:-1"},"canonical":"https:\/\/barnafrid.se\/kunskapsportal\/basprogram\/om-kursen\/","og_locale":"sv_SE","og_type":"article","og_title":"Om basprogrammet - Barnafrid","og_url":"https:\/\/barnafrid.se\/kunskapsportal\/basprogram\/om-kursen\/","og_site_name":"Barnafrid","article_modified_time":"2025-08-14T12:24:28+00:00","twitter_card":"summary_large_image","twitter_misc":{"Ber\u00e4knad l\u00e4stid":"4 minuter"},"schema":{"@context":"https:\/\/schema.org","@graph":[{"@type":"WebPage","@id":"https:\/\/barnafrid.se\/kunskapsportal\/basprogram\/om-kursen\/","url":"https:\/\/barnafrid.se\/kunskapsportal\/basprogram\/om-kursen\/","name":"Om basprogrammet - Barnafrid","isPartOf":{"@id":"https:\/\/barnafrid.se\/kunskapsportal\/#website"},"datePublished":"2019-09-16T11:52:27+00:00","dateModified":"2025-08-14T12:24:28+00:00","breadcrumb":{"@id":"https:\/\/barnafrid.se\/kunskapsportal\/basprogram\/om-kursen\/#breadcrumb"},"inLanguage":"sv-SE","potentialAction":[{"@type":"ReadAction","target":["https:\/\/barnafrid.se\/kunskapsportal\/basprogram\/om-kursen\/"]}]},{"@type":"BreadcrumbList","@id":"https:\/\/barnafrid.se\/kunskapsportal\/basprogram\/om-kursen\/#breadcrumb","itemListElement":[{"@type":"ListItem","position":1,"name":"Home","item":"https:\/\/barnafrid.se\/kunskapsportal\/"},{"@type":"ListItem","position":2,"name":"Basprogram om v\u00e5ld mot barn och unga","item":"https:\/\/barnafrid.se\/kunskapsportal\/basprogram\/"},{"@type":"ListItem","position":3,"name":"Om basprogrammet"}]},{"@type":"WebSite","@id":"https:\/\/barnafrid.se\/kunskapsportal\/#website","url":"https:\/\/barnafrid.se\/kunskapsportal\/","name":"Barnafrid","description":"Kunskapsportal om v\u00e5ld mot barn","potentialAction":[{"@type":"SearchAction","target":{"@type":"EntryPoint","urlTemplate":"https:\/\/barnafrid.se\/kunskapsportal\/?s={search_term_string}"},"query-input":{"@type":"PropertyValueSpecification","valueRequired":true,"valueName":"search_term_string"}}],"inLanguage":"sv-SE"}]}},"_links":{"self":[{"href":"https:\/\/barnafrid.se\/kunskapsportal\/wp-json\/wp\/v2\/pages\/2","targetHints":{"allow":["GET"]}}],"collection":[{"href":"https:\/\/barnafrid.se\/kunskapsportal\/wp-json\/wp\/v2\/pages"}],"about":[{"href":"https:\/\/barnafrid.se\/kunskapsportal\/wp-json\/wp\/v2\/types\/page"}],"author":[{"embeddable":true,"href":"https:\/\/barnafrid.se\/kunskapsportal\/wp-json\/wp\/v2\/users\/1"}],"replies":[{"embeddable":true,"href":"https:\/\/barnafrid.se\/kunskapsportal\/wp-json\/wp\/v2\/comments?post=2"}],"version-history":[{"count":56,"href":"https:\/\/barnafrid.se\/kunskapsportal\/wp-json\/wp\/v2\/pages\/2\/revisions"}],"predecessor-version":[{"id":16511,"href":"https:\/\/barnafrid.se\/kunskapsportal\/wp-json\/wp\/v2\/pages\/2\/revisions\/16511"}],"up":[{"embeddable":true,"href":"https:\/\/barnafrid.se\/kunskapsportal\/wp-json\/wp\/v2\/pages\/8"}],"wp:attachment":[{"href":"https:\/\/barnafrid.se\/kunskapsportal\/wp-json\/wp\/v2\/media?parent=2"}],"wp:term":[{"taxonomy":"role","embeddable":true,"href":"https:\/\/barnafrid.se\/kunskapsportal\/wp-json\/wp\/v2\/role?post=2"}],"curies":[{"name":"wp","href":"https:\/\/api.w.org\/{rel}","templated":true}]}}