{"id":18085,"date":"2026-03-24T08:56:55","date_gmt":"2026-03-24T07:56:55","guid":{"rendered":"https:\/\/barnafrid.se\/kunskapsportal\/?page_id=18085"},"modified":"2026-03-24T10:35:07","modified_gmt":"2026-03-24T09:35:07","slug":"kunskap-i-kortformat","status":"publish","type":"page","link":"https:\/\/barnafrid.se\/kunskapsportal\/barnafrids-natverk\/resurser-for-dig-som-arbetar-i-barnahus\/kunskap-i-kortformat\/","title":{"rendered":"Kunskap i kortformat"},"content":{"rendered":"<div class='Lead'>\n    H\u00e4r hittar du sammanst\u00e4lld fakta om fr\u00e5gor som ber\u00f6r barnahusens verksamhet.<\/div>\n\n\n\n<h2 class=\"wp-block-heading\">V\u00e4rt att veta om&#8230;<\/h2>\n\n\n\n<p><a href=\"https:\/\/barnafrid.se\/kunskapsportal\/kunskapsbibliotek\/vart-att-veta-om-vald-mot-barn\/\" target=\"_blank\" rel=\"noreferrer noopener\">V\u00e4rt att veta om v\u00e5ld mot barn<\/a><\/p>\n\n\n\n<p><a href=\"https:\/\/barnafrid.se\/kunskapsportal\/kunskapsbibliotek\/vart-att-veta-om-vald-mot-barn-och-unga-med-funktionsnedsattning\/\" target=\"_blank\" rel=\"noreferrer noopener\">V\u00e4rt att veta om v\u00e5ld mot barn med funktionsneds\u00e4ttning<\/a><\/p>\n\n\n\n<p><a href=\"https:\/\/barnafrid.se\/kunskapsportal\/kunskapsbibliotek\/barnfridsbrottet\/\" target=\"_blank\" rel=\"noreferrer noopener\">V\u00e4rt att veta om barnfridsbrottet<\/a><\/p>\n\n\n\n<p><a href=\"https:\/\/barnafrid.se\/kunskapsportal\/kunskapsbibliotek\/vart-att-veta-om-sexuella-overgrepp\/\" target=\"_blank\" rel=\"noreferrer noopener\">V\u00e4rt att veta om sexuella \u00f6vergrepp<\/a><\/p>\n\n\n\n<p><a href=\"https:\/\/barnafrid.se\/kunskapsportal\/kunskapsbibliotek\/vart-att-veta-om-barn-och-unga-med-sexuella-beteendeproblem\/\" target=\"_blank\" rel=\"noreferrer noopener\">V\u00e4rt att veta om barn med sexuella beteendeproblem<\/a><\/p>\n\n\n\n<p><a href=\"https:\/\/barnafrid.se\/kunskapsportal\/kunskapsbibliotek\/vart-att-veta-om-hedersfortryck\/\" target=\"_blank\" rel=\"noreferrer noopener\">V\u00e4rt att veta om hedersf\u00f6rtryck<\/a><\/p>\n\n\n\n<figure class=\"Image size-large is-resized\"><img loading=\"lazy\" decoding=\"async\" width=\"1024\" height=\"788\" src=\"\/kunskapsportal\/wp-content\/uploads\/2025\/02\/skor-1024x788.png\" alt=\"Tv\u00e5 bl\u00e5 basketbollskor med vita skosn\u00f6ren.\" class=\"Image-img wp-image-14635\" style=\"width:200px\" srcset=\"https:\/\/barnafrid.se\/kunskapsportal\/wp-content\/uploads\/2025\/02\/skor-1024x788.png 1024w, https:\/\/barnafrid.se\/kunskapsportal\/wp-content\/uploads\/2025\/02\/skor-300x231.png 300w, https:\/\/barnafrid.se\/kunskapsportal\/wp-content\/uploads\/2025\/02\/skor-768x591.png 768w, https:\/\/barnafrid.se\/kunskapsportal\/wp-content\/uploads\/2025\/02\/skor-1536x1183.png 1536w, https:\/\/barnafrid.se\/kunskapsportal\/wp-content\/uploads\/2025\/02\/skor-2048x1577.png 2048w\" sizes=\"auto, (max-width: 1024px) 100vw, 1024px\" \/><\/figure>\n\n\n\n<h2 class=\"wp-block-heading\">Vanliga missf\u00f6rst\u00e5nd<\/h2>\n\n\n\n<p><a href=\"https:\/\/barnafrid.se\/kunskapsportal\/kunskapsbibliotek\/vanliga-missforstand-om-barnfridsbrottet\/\" target=\"_blank\" rel=\"noreferrer noopener\">Vanliga missf\u00f6rst\u00e5nd om barnfridsbrottet<\/a><\/p>\n\n\n\n<p><a href=\"https:\/\/barnafrid.se\/kunskapsportal\/kunskapsbibliotek\/15455-2\/\" target=\"_blank\" rel=\"noreferrer noopener\">Vanliga missf\u00f6rst\u00e5nd vid utredningar om hedersmotiv<\/a> <\/p>\n\n\n\n<p><a href=\"https:\/\/barnafrid.se\/kunskapsportal\/kunskapsbibliotek\/17543-2\/\" target=\"_blank\" rel=\"noreferrer noopener\">Vanliga missf\u00f6rst\u00e5nd om nya socialtj\u00e4nstlagen<\/a><\/p>\n\n\n\n<p><\/p>\n\n\n\n<h2 class=\"wp-block-heading\">Affisch<\/h2>\n\n\n\n<figure class=\"Image size-full is-resized\"><img loading=\"lazy\" decoding=\"async\" width=\"651\" height=\"929\" src=\"\/kunskapsportal\/wp-content\/uploads\/2025\/12\/affisch_barnvanlig_rattsprocess_2025.png\" alt=\"Affisch med barnets r\u00e4ttigheter under en r\u00e4ttsprocess.\" class=\"Image-img wp-image-17587\" style=\"width:150px\" srcset=\"https:\/\/barnafrid.se\/kunskapsportal\/wp-content\/uploads\/2025\/12\/affisch_barnvanlig_rattsprocess_2025.png 651w, https:\/\/barnafrid.se\/kunskapsportal\/wp-content\/uploads\/2025\/12\/affisch_barnvanlig_rattsprocess_2025-210x300.png 210w\" sizes=\"auto, (max-width: 651px) 100vw, 651px\" \/><\/figure>\n\n\n\n<p class=\"has-text-align-center\"><a href=\"https:\/\/barnafrid.se\/kunskapsportal\/kunskapsbibliotek\/barnvanlig-rattsprocess\/\" target=\"_blank\" rel=\"noreferrer noopener\">Barnv\u00e4nligt r\u00e4ttsv\u00e4sende (A3)<\/a><\/p>\n\n\n\n<figure class=\"Image size-large is-resized\"><img loading=\"lazy\" decoding=\"async\" width=\"724\" height=\"1024\" src=\"\/kunskapsportal\/wp-content\/uploads\/2025\/05\/barnafrids-stodlinjeposter-724x1024.png\" alt=\"Barnafrids affisch med kontaktuppgifter till st\u00f6dlinjer.\" class=\"Image-img wp-image-15730\" style=\"width:150px\" srcset=\"https:\/\/barnafrid.se\/kunskapsportal\/wp-content\/uploads\/2025\/05\/barnafrids-stodlinjeposter-724x1024.png 724w, https:\/\/barnafrid.se\/kunskapsportal\/wp-content\/uploads\/2025\/05\/barnafrids-stodlinjeposter-212x300.png 212w, https:\/\/barnafrid.se\/kunskapsportal\/wp-content\/uploads\/2025\/05\/barnafrids-stodlinjeposter-768x1086.png 768w, https:\/\/barnafrid.se\/kunskapsportal\/wp-content\/uploads\/2025\/05\/barnafrids-stodlinjeposter-1086x1536.png 1086w, https:\/\/barnafrid.se\/kunskapsportal\/wp-content\/uploads\/2025\/05\/barnafrids-stodlinjeposter-1448x2048.png 1448w, https:\/\/barnafrid.se\/kunskapsportal\/wp-content\/uploads\/2025\/05\/barnafrids-stodlinjeposter-scaled.png 1810w\" sizes=\"auto, (max-width: 724px) 100vw, 724px\" \/><\/figure>\n\n\n\n<p class=\"has-text-align-center\"><a href=\"https:\/\/barnafrid.se\/kunskapsportal\/kunskapsbibliotek\/barnafrids-stodlinjeposter\/\" target=\"_blank\" rel=\"noreferrer noopener\">St\u00f6dlinjer (A3)<\/a><\/p>\n\n\n\n<p><\/p>\n\n\n\n<p><a href=\"https:\/\/barnafrid.se\/kunskapsportal\/barnafrids-natverk\/resurser-for-dig-som-arbetar-i-barnahus\/\"><strong>Tillbaka till start &gt;&gt;<\/strong><\/a><\/p>\n","protected":false},"excerpt":{"rendered":"<p>V\u00e4rt att veta om&#8230; V\u00e4rt att veta om v\u00e5ld mot barn V\u00e4rt att veta om v\u00e5ld mot barn med funktionsneds\u00e4ttning V\u00e4rt att veta om barnfridsbrottet V\u00e4rt att veta om sexuella \u00f6vergrepp V\u00e4rt att veta om barn med sexuella beteendeproblem V\u00e4rt att veta om hedersf\u00f6rtryck Vanliga missf\u00f6rst\u00e5nd Vanliga missf\u00f6rst\u00e5nd om barnfridsbrottet Vanliga missf\u00f6rst\u00e5nd vid utredningar om [&hellip;]<\/p>\n","protected":false},"author":26405,"featured_media":0,"parent":18025,"menu_order":0,"comment_status":"closed","ping_status":"closed","template":"page-centered.php","meta":{"h5ap_radio_sources":[],"footnotes":""},"role":[49,52,45,48,50],"class_list":["post-18085","page","type-page","status-publish","hentry","role-elevhalsa","role-halso-och-sjukvard","role-rattsvasende","role-skola-och-forskola","role-socialtjanst"],"yoast_head":"<!-- This site is optimized with the Yoast SEO plugin v27.3 - https:\/\/yoast.com\/product\/yoast-seo-wordpress\/ -->\n<title>Kunskap i kortformat - Barnafrid<\/title>\n<meta name=\"robots\" content=\"index, follow, max-snippet:-1, max-image-preview:large, max-video-preview:-1\" \/>\n<link rel=\"canonical\" href=\"https:\/\/barnafrid.se\/kunskapsportal\/barnafrids-natverk\/resurser-for-dig-som-arbetar-i-barnahus\/kunskap-i-kortformat\/\" \/>\n<meta property=\"og:locale\" content=\"sv_SE\" \/>\n<meta property=\"og:type\" content=\"article\" \/>\n<meta property=\"og:title\" content=\"Kunskap i kortformat - Barnafrid\" \/>\n<meta property=\"og:description\" content=\"V\u00e4rt att veta om&#8230; V\u00e4rt att veta om v\u00e5ld mot barn V\u00e4rt att veta om v\u00e5ld mot barn med funktionsneds\u00e4ttning V\u00e4rt att veta om barnfridsbrottet V\u00e4rt att veta om sexuella \u00f6vergrepp V\u00e4rt att veta om barn med sexuella beteendeproblem V\u00e4rt att veta om hedersf\u00f6rtryck Vanliga missf\u00f6rst\u00e5nd Vanliga missf\u00f6rst\u00e5nd om barnfridsbrottet Vanliga missf\u00f6rst\u00e5nd vid utredningar om [&hellip;]\" \/>\n<meta property=\"og:url\" content=\"https:\/\/barnafrid.se\/kunskapsportal\/barnafrids-natverk\/resurser-for-dig-som-arbetar-i-barnahus\/kunskap-i-kortformat\/\" \/>\n<meta property=\"og:site_name\" content=\"Barnafrid\" \/>\n<meta property=\"article:modified_time\" content=\"2026-03-24T09:35:07+00:00\" \/>\n<meta name=\"twitter:card\" content=\"summary_large_image\" \/>\n<meta name=\"twitter:label1\" content=\"Ber\u00e4knad l\u00e4stid\" \/>\n\t<meta name=\"twitter:data1\" content=\"1 minut\" \/>\n<script type=\"application\/ld+json\" class=\"yoast-schema-graph\">{\"@context\":\"https:\\\/\\\/schema.org\",\"@graph\":[{\"@type\":\"WebPage\",\"@id\":\"https:\\\/\\\/barnafrid.se\\\/kunskapsportal\\\/barnafrids-natverk\\\/resurser-for-dig-som-arbetar-i-barnahus\\\/kunskap-i-kortformat\\\/\",\"url\":\"https:\\\/\\\/barnafrid.se\\\/kunskapsportal\\\/barnafrids-natverk\\\/resurser-for-dig-som-arbetar-i-barnahus\\\/kunskap-i-kortformat\\\/\",\"name\":\"Kunskap i kortformat - Barnafrid\",\"isPartOf\":{\"@id\":\"https:\\\/\\\/barnafrid.se\\\/kunskapsportal\\\/#website\"},\"datePublished\":\"2026-03-24T07:56:55+00:00\",\"dateModified\":\"2026-03-24T09:35:07+00:00\",\"breadcrumb\":{\"@id\":\"https:\\\/\\\/barnafrid.se\\\/kunskapsportal\\\/barnafrids-natverk\\\/resurser-for-dig-som-arbetar-i-barnahus\\\/kunskap-i-kortformat\\\/#breadcrumb\"},\"inLanguage\":\"sv-SE\",\"potentialAction\":[{\"@type\":\"ReadAction\",\"target\":[\"https:\\\/\\\/barnafrid.se\\\/kunskapsportal\\\/barnafrids-natverk\\\/resurser-for-dig-som-arbetar-i-barnahus\\\/kunskap-i-kortformat\\\/\"]}]},{\"@type\":\"BreadcrumbList\",\"@id\":\"https:\\\/\\\/barnafrid.se\\\/kunskapsportal\\\/barnafrids-natverk\\\/resurser-for-dig-som-arbetar-i-barnahus\\\/kunskap-i-kortformat\\\/#breadcrumb\",\"itemListElement\":[{\"@type\":\"ListItem\",\"position\":1,\"name\":\"Home\",\"item\":\"https:\\\/\\\/barnafrid.se\\\/kunskapsportal\\\/\"},{\"@type\":\"ListItem\",\"position\":2,\"name\":\"Barnafrids resurssidor n\u00e4tverk\",\"item\":\"https:\\\/\\\/barnafrid.se\\\/kunskapsportal\\\/barnafrids-natverk\\\/\"},{\"@type\":\"ListItem\",\"position\":3,\"name\":\"Resurser f\u00f6r dig som arbetar i barnahus\",\"item\":\"https:\\\/\\\/barnafrid.se\\\/kunskapsportal\\\/barnafrids-natverk\\\/resurser-for-dig-som-arbetar-i-barnahus\\\/\"},{\"@type\":\"ListItem\",\"position\":4,\"name\":\"Kunskap i kortformat\"}]},{\"@type\":\"WebSite\",\"@id\":\"https:\\\/\\\/barnafrid.se\\\/kunskapsportal\\\/#website\",\"url\":\"https:\\\/\\\/barnafrid.se\\\/kunskapsportal\\\/\",\"name\":\"Barnafrid\",\"description\":\"Kunskapsportal om v\u00e5ld mot barn\",\"potentialAction\":[{\"@type\":\"SearchAction\",\"target\":{\"@type\":\"EntryPoint\",\"urlTemplate\":\"https:\\\/\\\/barnafrid.se\\\/kunskapsportal\\\/?s={search_term_string}\"},\"query-input\":{\"@type\":\"PropertyValueSpecification\",\"valueRequired\":true,\"valueName\":\"search_term_string\"}}],\"inLanguage\":\"sv-SE\"}]}<\/script>\n<!-- \/ Yoast SEO plugin. -->","yoast_head_json":{"title":"Kunskap i kortformat - Barnafrid","robots":{"index":"index","follow":"follow","max-snippet":"max-snippet:-1","max-image-preview":"max-image-preview:large","max-video-preview":"max-video-preview:-1"},"canonical":"https:\/\/barnafrid.se\/kunskapsportal\/barnafrids-natverk\/resurser-for-dig-som-arbetar-i-barnahus\/kunskap-i-kortformat\/","og_locale":"sv_SE","og_type":"article","og_title":"Kunskap i kortformat - Barnafrid","og_description":"V\u00e4rt att veta om&#8230; V\u00e4rt att veta om v\u00e5ld mot barn V\u00e4rt att veta om v\u00e5ld mot barn med funktionsneds\u00e4ttning V\u00e4rt att veta om barnfridsbrottet V\u00e4rt att veta om sexuella \u00f6vergrepp V\u00e4rt att veta om barn med sexuella beteendeproblem V\u00e4rt att veta om hedersf\u00f6rtryck Vanliga missf\u00f6rst\u00e5nd Vanliga missf\u00f6rst\u00e5nd om barnfridsbrottet Vanliga missf\u00f6rst\u00e5nd vid utredningar om [&hellip;]","og_url":"https:\/\/barnafrid.se\/kunskapsportal\/barnafrids-natverk\/resurser-for-dig-som-arbetar-i-barnahus\/kunskap-i-kortformat\/","og_site_name":"Barnafrid","article_modified_time":"2026-03-24T09:35:07+00:00","twitter_card":"summary_large_image","twitter_misc":{"Ber\u00e4knad l\u00e4stid":"1 minut"},"schema":{"@context":"https:\/\/schema.org","@graph":[{"@type":"WebPage","@id":"https:\/\/barnafrid.se\/kunskapsportal\/barnafrids-natverk\/resurser-for-dig-som-arbetar-i-barnahus\/kunskap-i-kortformat\/","url":"https:\/\/barnafrid.se\/kunskapsportal\/barnafrids-natverk\/resurser-for-dig-som-arbetar-i-barnahus\/kunskap-i-kortformat\/","name":"Kunskap i kortformat - Barnafrid","isPartOf":{"@id":"https:\/\/barnafrid.se\/kunskapsportal\/#website"},"datePublished":"2026-03-24T07:56:55+00:00","dateModified":"2026-03-24T09:35:07+00:00","breadcrumb":{"@id":"https:\/\/barnafrid.se\/kunskapsportal\/barnafrids-natverk\/resurser-for-dig-som-arbetar-i-barnahus\/kunskap-i-kortformat\/#breadcrumb"},"inLanguage":"sv-SE","potentialAction":[{"@type":"ReadAction","target":["https:\/\/barnafrid.se\/kunskapsportal\/barnafrids-natverk\/resurser-for-dig-som-arbetar-i-barnahus\/kunskap-i-kortformat\/"]}]},{"@type":"BreadcrumbList","@id":"https:\/\/barnafrid.se\/kunskapsportal\/barnafrids-natverk\/resurser-for-dig-som-arbetar-i-barnahus\/kunskap-i-kortformat\/#breadcrumb","itemListElement":[{"@type":"ListItem","position":1,"name":"Home","item":"https:\/\/barnafrid.se\/kunskapsportal\/"},{"@type":"ListItem","position":2,"name":"Barnafrids resurssidor n\u00e4tverk","item":"https:\/\/barnafrid.se\/kunskapsportal\/barnafrids-natverk\/"},{"@type":"ListItem","position":3,"name":"Resurser f\u00f6r dig som arbetar i barnahus","item":"https:\/\/barnafrid.se\/kunskapsportal\/barnafrids-natverk\/resurser-for-dig-som-arbetar-i-barnahus\/"},{"@type":"ListItem","position":4,"name":"Kunskap i kortformat"}]},{"@type":"WebSite","@id":"https:\/\/barnafrid.se\/kunskapsportal\/#website","url":"https:\/\/barnafrid.se\/kunskapsportal\/","name":"Barnafrid","description":"Kunskapsportal om v\u00e5ld mot barn","potentialAction":[{"@type":"SearchAction","target":{"@type":"EntryPoint","urlTemplate":"https:\/\/barnafrid.se\/kunskapsportal\/?s={search_term_string}"},"query-input":{"@type":"PropertyValueSpecification","valueRequired":true,"valueName":"search_term_string"}}],"inLanguage":"sv-SE"}]}},"_links":{"self":[{"href":"https:\/\/barnafrid.se\/kunskapsportal\/wp-json\/wp\/v2\/pages\/18085","targetHints":{"allow":["GET"]}}],"collection":[{"href":"https:\/\/barnafrid.se\/kunskapsportal\/wp-json\/wp\/v2\/pages"}],"about":[{"href":"https:\/\/barnafrid.se\/kunskapsportal\/wp-json\/wp\/v2\/types\/page"}],"author":[{"embeddable":true,"href":"https:\/\/barnafrid.se\/kunskapsportal\/wp-json\/wp\/v2\/users\/26405"}],"replies":[{"embeddable":true,"href":"https:\/\/barnafrid.se\/kunskapsportal\/wp-json\/wp\/v2\/comments?post=18085"}],"version-history":[{"count":14,"href":"https:\/\/barnafrid.se\/kunskapsportal\/wp-json\/wp\/v2\/pages\/18085\/revisions"}],"predecessor-version":[{"id":18130,"href":"https:\/\/barnafrid.se\/kunskapsportal\/wp-json\/wp\/v2\/pages\/18085\/revisions\/18130"}],"up":[{"embeddable":true,"href":"https:\/\/barnafrid.se\/kunskapsportal\/wp-json\/wp\/v2\/pages\/18025"}],"wp:attachment":[{"href":"https:\/\/barnafrid.se\/kunskapsportal\/wp-json\/wp\/v2\/media?parent=18085"}],"wp:term":[{"taxonomy":"role","embeddable":true,"href":"https:\/\/barnafrid.se\/kunskapsportal\/wp-json\/wp\/v2\/role?post=18085"}],"curies":[{"name":"wp","href":"https:\/\/api.w.org\/{rel}","templated":true}]}}