{"id":18081,"date":"2026-03-24T09:42:18","date_gmt":"2026-03-24T08:42:18","guid":{"rendered":"https:\/\/barnafrid.se\/kunskapsportal\/?page_id=18081"},"modified":"2026-03-24T10:33:05","modified_gmt":"2026-03-24T09:33:05","slug":"rapporter-och-kartlaggningar","status":"publish","type":"page","link":"https:\/\/barnafrid.se\/kunskapsportal\/barnafrids-natverk\/resurser-for-dig-som-arbetar-i-barnahus\/rapporter-och-kartlaggningar\/","title":{"rendered":"Rapporter och kartl\u00e4ggningar"},"content":{"rendered":"<div class='Lead'>\n    H\u00e4r hittar du rapporter och kartl\u00e4ggningar fr\u00e5n Barnafrid som handlar om barnahus eller fr\u00e5gor som direkt ber\u00f6r verksamheten p\u00e5 svenska barnahus.<\/div>\n\n\n\n<h2 class=\"wp-block-heading\">Barnahus<\/h2>\n\n\n\n<p><a href=\"https:\/\/barnafrid.se\/kunskapsportal\/kunskapsbibliotek\/tredje-rummet-barnahus-barnets-fysiska-halsa\/\" target=\"_blank\" rel=\"noreferrer noopener\">Tredje rummet barnahus \u2013 Barnets fysiska h\u00e4lsa<\/a><\/p>\n\n\n\n<p><a href=\"https:\/\/barnafrid.se\/kunskapsportal\/kunskapsbibliotek\/kartlaggning-kommuner-och-polisomraden-utan-barnahus\/\" target=\"_blank\" rel=\"noreferrer noopener\">Kartl\u00e4ggning kommuner och polisomr\u00e5den utan barnahus<\/a><\/p>\n\n\n\n<p><a href=\"https:\/\/barnafrid.se\/kunskapsportal\/kunskapsbibliotek\/18105-2\/\" target=\"_blank\" rel=\"noreferrer noopener\">Barnahusprojektet \u2013 Varje barn som varit p\u00e5 barnahus har r\u00e4tt att bli sedd utifr\u00e5n sina behov f\u00f6r att kunna f\u00e5 r\u00e4tt insats<\/a><\/p>\n\n\n\n<p><a href=\"https:\/\/barnafrid.se\/kunskapsportal\/kunskapsbibliotek\/slutrapport-utvardering-av-barnahus-2019\/\" target=\"_blank\" rel=\"noreferrer noopener\">Slutrapport \u2013 Utv\u00e4rdering av Barnahus 2019<\/a><\/p>\n\n\n\n<figure class=\"Image size-large is-resized\"><img loading=\"lazy\" decoding=\"async\" width=\"1024\" height=\"956\" src=\"\/kunskapsportal\/wp-content\/uploads\/2024\/12\/barnahus-4-rum-ny-1-1024x956.png\" alt=\"Turkosf\u00e4rgat hus med tak och fyra f\u00f6nster som beskriver verksamheten p\u00e5 ett barnahus.\" class=\"Image-img wp-image-12546\" style=\"width:300px\" srcset=\"https:\/\/barnafrid.se\/kunskapsportal\/wp-content\/uploads\/2024\/12\/barnahus-4-rum-ny-1-1024x956.png 1024w, https:\/\/barnafrid.se\/kunskapsportal\/wp-content\/uploads\/2024\/12\/barnahus-4-rum-ny-1-300x280.png 300w, https:\/\/barnafrid.se\/kunskapsportal\/wp-content\/uploads\/2024\/12\/barnahus-4-rum-ny-1-768x717.png 768w, https:\/\/barnafrid.se\/kunskapsportal\/wp-content\/uploads\/2024\/12\/barnahus-4-rum-ny-1-1536x1434.png 1536w, https:\/\/barnafrid.se\/kunskapsportal\/wp-content\/uploads\/2024\/12\/barnahus-4-rum-ny-1-2048x1912.png 2048w\" sizes=\"auto, (max-width: 1024px) 100vw, 1024px\" \/><\/figure>\n\n\n\n<h2 class=\"wp-block-heading\">Barnfridsbrottet <\/h2>\n\n\n\n<p><a href=\"https:\/\/barnafrid.se\/kunskapsportal\/kunskapsbibliotek\/barnfridsbrottet-uppfoljande-enkat-om-tillampningen-av-barnfridsbrottet-pa-barnahus-varen-2025\/\" target=\"_blank\" rel=\"noreferrer noopener\">Barnfridsbrottet: Uppf\u00f6ljande enk\u00e4t om till\u00e4mpningen av barnfridsbrottet p\u00e5 barnahus v\u00e5ren 2025<\/a> (pdf)<\/p>\n\n\n\n<p><a href=\"https:\/\/barnafrid.se\/kunskapsportal\/kunskapsbibliotek\/barnfridsbrottet-uppfoljande-enkat-om-tillampningen-pa-barnahus-hosten-2023\/\" target=\"_blank\" rel=\"noreferrer noopener\">Barnfridsbrottet: Uppf\u00f6ljande enk\u00e4t om till\u00e4mpningen p\u00e5 barnahus h\u00f6sten 2023<\/a> (pdf)<\/p>\n\n\n\n<p><a href=\"https:\/\/barnafrid.se\/kunskapsportal\/kunskapsbibliotek\/barnfridsbrottet-uppfoljande-enkat-om-barnahusens-arbete-varen-2022\/\" target=\"_blank\" rel=\"noreferrer noopener\">Barnfridsbrottet: Uppf\u00f6ljande enk\u00e4t om barnahusens arbete v\u00e5ren 2022<\/a> (pdf)<\/p>\n\n\n\n<p><\/p>\n\n\n\n<p><a href=\"https:\/\/barnafrid.se\/kunskapsportal\/barnafrids-natverk\/resurser-for-dig-som-arbetar-i-barnahus\/\"><strong>Tillbaka till start &gt;&gt;<\/strong><\/a><\/p>\n","protected":false},"excerpt":{"rendered":"<p>Barnahus Tredje rummet barnahus \u2013 Barnets fysiska h\u00e4lsa Kartl\u00e4ggning kommuner och polisomr\u00e5den utan barnahus Barnahusprojektet \u2013 Varje barn som varit p\u00e5 barnahus har r\u00e4tt att bli sedd utifr\u00e5n sina behov f\u00f6r att kunna f\u00e5 r\u00e4tt insats Slutrapport \u2013 Utv\u00e4rdering av Barnahus 2019 Barnfridsbrottet Barnfridsbrottet: Uppf\u00f6ljande enk\u00e4t om till\u00e4mpningen av barnfridsbrottet p\u00e5 barnahus v\u00e5ren 2025 (pdf) [&hellip;]<\/p>\n","protected":false},"author":26405,"featured_media":0,"parent":18025,"menu_order":0,"comment_status":"closed","ping_status":"closed","template":"page-centered.php","meta":{"h5ap_radio_sources":[],"footnotes":""},"role":[],"class_list":["post-18081","page","type-page","status-publish","hentry"],"yoast_head":"<!-- This site is optimized with the Yoast SEO plugin v27.3 - https:\/\/yoast.com\/product\/yoast-seo-wordpress\/ -->\n<title>Rapporter och kartl\u00e4ggningar - Barnafrid<\/title>\n<meta name=\"robots\" content=\"index, follow, max-snippet:-1, max-image-preview:large, max-video-preview:-1\" \/>\n<link rel=\"canonical\" href=\"https:\/\/barnafrid.se\/kunskapsportal\/barnafrids-natverk\/resurser-for-dig-som-arbetar-i-barnahus\/rapporter-och-kartlaggningar\/\" \/>\n<meta property=\"og:locale\" content=\"sv_SE\" \/>\n<meta property=\"og:type\" content=\"article\" \/>\n<meta property=\"og:title\" content=\"Rapporter och kartl\u00e4ggningar - Barnafrid\" \/>\n<meta property=\"og:description\" content=\"Barnahus Tredje rummet barnahus \u2013 Barnets fysiska h\u00e4lsa Kartl\u00e4ggning kommuner och polisomr\u00e5den utan barnahus Barnahusprojektet \u2013 Varje barn som varit p\u00e5 barnahus har r\u00e4tt att bli sedd utifr\u00e5n sina behov f\u00f6r att kunna f\u00e5 r\u00e4tt insats Slutrapport \u2013 Utv\u00e4rdering av Barnahus 2019 Barnfridsbrottet Barnfridsbrottet: Uppf\u00f6ljande enk\u00e4t om till\u00e4mpningen av barnfridsbrottet p\u00e5 barnahus v\u00e5ren 2025 (pdf) [&hellip;]\" \/>\n<meta property=\"og:url\" content=\"https:\/\/barnafrid.se\/kunskapsportal\/barnafrids-natverk\/resurser-for-dig-som-arbetar-i-barnahus\/rapporter-och-kartlaggningar\/\" \/>\n<meta property=\"og:site_name\" content=\"Barnafrid\" \/>\n<meta property=\"article:modified_time\" content=\"2026-03-24T09:33:05+00:00\" \/>\n<meta name=\"twitter:card\" content=\"summary_large_image\" \/>\n<meta name=\"twitter:label1\" content=\"Ber\u00e4knad l\u00e4stid\" \/>\n\t<meta name=\"twitter:data1\" content=\"1 minut\" \/>\n<script type=\"application\/ld+json\" class=\"yoast-schema-graph\">{\"@context\":\"https:\\\/\\\/schema.org\",\"@graph\":[{\"@type\":\"WebPage\",\"@id\":\"https:\\\/\\\/barnafrid.se\\\/kunskapsportal\\\/barnafrids-natverk\\\/resurser-for-dig-som-arbetar-i-barnahus\\\/rapporter-och-kartlaggningar\\\/\",\"url\":\"https:\\\/\\\/barnafrid.se\\\/kunskapsportal\\\/barnafrids-natverk\\\/resurser-for-dig-som-arbetar-i-barnahus\\\/rapporter-och-kartlaggningar\\\/\",\"name\":\"Rapporter och kartl\u00e4ggningar - Barnafrid\",\"isPartOf\":{\"@id\":\"https:\\\/\\\/barnafrid.se\\\/kunskapsportal\\\/#website\"},\"datePublished\":\"2026-03-24T08:42:18+00:00\",\"dateModified\":\"2026-03-24T09:33:05+00:00\",\"breadcrumb\":{\"@id\":\"https:\\\/\\\/barnafrid.se\\\/kunskapsportal\\\/barnafrids-natverk\\\/resurser-for-dig-som-arbetar-i-barnahus\\\/rapporter-och-kartlaggningar\\\/#breadcrumb\"},\"inLanguage\":\"sv-SE\",\"potentialAction\":[{\"@type\":\"ReadAction\",\"target\":[\"https:\\\/\\\/barnafrid.se\\\/kunskapsportal\\\/barnafrids-natverk\\\/resurser-for-dig-som-arbetar-i-barnahus\\\/rapporter-och-kartlaggningar\\\/\"]}]},{\"@type\":\"BreadcrumbList\",\"@id\":\"https:\\\/\\\/barnafrid.se\\\/kunskapsportal\\\/barnafrids-natverk\\\/resurser-for-dig-som-arbetar-i-barnahus\\\/rapporter-och-kartlaggningar\\\/#breadcrumb\",\"itemListElement\":[{\"@type\":\"ListItem\",\"position\":1,\"name\":\"Home\",\"item\":\"https:\\\/\\\/barnafrid.se\\\/kunskapsportal\\\/\"},{\"@type\":\"ListItem\",\"position\":2,\"name\":\"Barnafrids resurssidor n\u00e4tverk\",\"item\":\"https:\\\/\\\/barnafrid.se\\\/kunskapsportal\\\/barnafrids-natverk\\\/\"},{\"@type\":\"ListItem\",\"position\":3,\"name\":\"Resurser f\u00f6r dig som arbetar i barnahus\",\"item\":\"https:\\\/\\\/barnafrid.se\\\/kunskapsportal\\\/barnafrids-natverk\\\/resurser-for-dig-som-arbetar-i-barnahus\\\/\"},{\"@type\":\"ListItem\",\"position\":4,\"name\":\"Rapporter och kartl\u00e4ggningar\"}]},{\"@type\":\"WebSite\",\"@id\":\"https:\\\/\\\/barnafrid.se\\\/kunskapsportal\\\/#website\",\"url\":\"https:\\\/\\\/barnafrid.se\\\/kunskapsportal\\\/\",\"name\":\"Barnafrid\",\"description\":\"Kunskapsportal om v\u00e5ld mot barn\",\"potentialAction\":[{\"@type\":\"SearchAction\",\"target\":{\"@type\":\"EntryPoint\",\"urlTemplate\":\"https:\\\/\\\/barnafrid.se\\\/kunskapsportal\\\/?s={search_term_string}\"},\"query-input\":{\"@type\":\"PropertyValueSpecification\",\"valueRequired\":true,\"valueName\":\"search_term_string\"}}],\"inLanguage\":\"sv-SE\"}]}<\/script>\n<!-- \/ Yoast SEO plugin. -->","yoast_head_json":{"title":"Rapporter och kartl\u00e4ggningar - Barnafrid","robots":{"index":"index","follow":"follow","max-snippet":"max-snippet:-1","max-image-preview":"max-image-preview:large","max-video-preview":"max-video-preview:-1"},"canonical":"https:\/\/barnafrid.se\/kunskapsportal\/barnafrids-natverk\/resurser-for-dig-som-arbetar-i-barnahus\/rapporter-och-kartlaggningar\/","og_locale":"sv_SE","og_type":"article","og_title":"Rapporter och kartl\u00e4ggningar - Barnafrid","og_description":"Barnahus Tredje rummet barnahus \u2013 Barnets fysiska h\u00e4lsa Kartl\u00e4ggning kommuner och polisomr\u00e5den utan barnahus Barnahusprojektet \u2013 Varje barn som varit p\u00e5 barnahus har r\u00e4tt att bli sedd utifr\u00e5n sina behov f\u00f6r att kunna f\u00e5 r\u00e4tt insats Slutrapport \u2013 Utv\u00e4rdering av Barnahus 2019 Barnfridsbrottet Barnfridsbrottet: Uppf\u00f6ljande enk\u00e4t om till\u00e4mpningen av barnfridsbrottet p\u00e5 barnahus v\u00e5ren 2025 (pdf) [&hellip;]","og_url":"https:\/\/barnafrid.se\/kunskapsportal\/barnafrids-natverk\/resurser-for-dig-som-arbetar-i-barnahus\/rapporter-och-kartlaggningar\/","og_site_name":"Barnafrid","article_modified_time":"2026-03-24T09:33:05+00:00","twitter_card":"summary_large_image","twitter_misc":{"Ber\u00e4knad l\u00e4stid":"1 minut"},"schema":{"@context":"https:\/\/schema.org","@graph":[{"@type":"WebPage","@id":"https:\/\/barnafrid.se\/kunskapsportal\/barnafrids-natverk\/resurser-for-dig-som-arbetar-i-barnahus\/rapporter-och-kartlaggningar\/","url":"https:\/\/barnafrid.se\/kunskapsportal\/barnafrids-natverk\/resurser-for-dig-som-arbetar-i-barnahus\/rapporter-och-kartlaggningar\/","name":"Rapporter och kartl\u00e4ggningar - Barnafrid","isPartOf":{"@id":"https:\/\/barnafrid.se\/kunskapsportal\/#website"},"datePublished":"2026-03-24T08:42:18+00:00","dateModified":"2026-03-24T09:33:05+00:00","breadcrumb":{"@id":"https:\/\/barnafrid.se\/kunskapsportal\/barnafrids-natverk\/resurser-for-dig-som-arbetar-i-barnahus\/rapporter-och-kartlaggningar\/#breadcrumb"},"inLanguage":"sv-SE","potentialAction":[{"@type":"ReadAction","target":["https:\/\/barnafrid.se\/kunskapsportal\/barnafrids-natverk\/resurser-for-dig-som-arbetar-i-barnahus\/rapporter-och-kartlaggningar\/"]}]},{"@type":"BreadcrumbList","@id":"https:\/\/barnafrid.se\/kunskapsportal\/barnafrids-natverk\/resurser-for-dig-som-arbetar-i-barnahus\/rapporter-och-kartlaggningar\/#breadcrumb","itemListElement":[{"@type":"ListItem","position":1,"name":"Home","item":"https:\/\/barnafrid.se\/kunskapsportal\/"},{"@type":"ListItem","position":2,"name":"Barnafrids resurssidor n\u00e4tverk","item":"https:\/\/barnafrid.se\/kunskapsportal\/barnafrids-natverk\/"},{"@type":"ListItem","position":3,"name":"Resurser f\u00f6r dig som arbetar i barnahus","item":"https:\/\/barnafrid.se\/kunskapsportal\/barnafrids-natverk\/resurser-for-dig-som-arbetar-i-barnahus\/"},{"@type":"ListItem","position":4,"name":"Rapporter och kartl\u00e4ggningar"}]},{"@type":"WebSite","@id":"https:\/\/barnafrid.se\/kunskapsportal\/#website","url":"https:\/\/barnafrid.se\/kunskapsportal\/","name":"Barnafrid","description":"Kunskapsportal om v\u00e5ld mot barn","potentialAction":[{"@type":"SearchAction","target":{"@type":"EntryPoint","urlTemplate":"https:\/\/barnafrid.se\/kunskapsportal\/?s={search_term_string}"},"query-input":{"@type":"PropertyValueSpecification","valueRequired":true,"valueName":"search_term_string"}}],"inLanguage":"sv-SE"}]}},"_links":{"self":[{"href":"https:\/\/barnafrid.se\/kunskapsportal\/wp-json\/wp\/v2\/pages\/18081","targetHints":{"allow":["GET"]}}],"collection":[{"href":"https:\/\/barnafrid.se\/kunskapsportal\/wp-json\/wp\/v2\/pages"}],"about":[{"href":"https:\/\/barnafrid.se\/kunskapsportal\/wp-json\/wp\/v2\/types\/page"}],"author":[{"embeddable":true,"href":"https:\/\/barnafrid.se\/kunskapsportal\/wp-json\/wp\/v2\/users\/26405"}],"replies":[{"embeddable":true,"href":"https:\/\/barnafrid.se\/kunskapsportal\/wp-json\/wp\/v2\/comments?post=18081"}],"version-history":[{"count":7,"href":"https:\/\/barnafrid.se\/kunskapsportal\/wp-json\/wp\/v2\/pages\/18081\/revisions"}],"predecessor-version":[{"id":18126,"href":"https:\/\/barnafrid.se\/kunskapsportal\/wp-json\/wp\/v2\/pages\/18081\/revisions\/18126"}],"up":[{"embeddable":true,"href":"https:\/\/barnafrid.se\/kunskapsportal\/wp-json\/wp\/v2\/pages\/18025"}],"wp:attachment":[{"href":"https:\/\/barnafrid.se\/kunskapsportal\/wp-json\/wp\/v2\/media?parent=18081"}],"wp:term":[{"taxonomy":"role","embeddable":true,"href":"https:\/\/barnafrid.se\/kunskapsportal\/wp-json\/wp\/v2\/role?post=18081"}],"curies":[{"name":"wp","href":"https:\/\/api.w.org\/{rel}","templated":true}]}}