{"id":18078,"date":"2026-03-23T14:53:29","date_gmt":"2026-03-23T13:53:29","guid":{"rendered":"https:\/\/barnafrid.se\/kunskapsportal\/?page_id=18078"},"modified":"2026-03-24T10:32:29","modified_gmt":"2026-03-24T09:32:29","slug":"metodstod-och-checklistor","status":"publish","type":"page","link":"https:\/\/barnafrid.se\/kunskapsportal\/barnafrids-natverk\/resurser-for-dig-som-arbetar-i-barnahus\/metodstod-och-checklistor\/","title":{"rendered":"Metodst\u00f6d och checklistor"},"content":{"rendered":"<div class='Lead'>\n    H\u00e4r samlar vi resurser f\u00f6r att st\u00f6dja verksamheten p\u00e5 barnahus.<\/div>\n\n\n\n<h2 class=\"wp-block-heading\">Metodst\u00f6d<\/h2>\n\n\n\n<p><a href=\"\/kunskapsportal\/wp-content\/uploads\/2025\/11\/metodstod-for-socialtjansten.pdf\" target=\"_blank\" rel=\"noreferrer noopener\">Metodst\u00f6d f\u00f6r traumascreening inom socialtj\u00e4nsten<\/a> (pdf)<\/p>\n\n\n\n<p><\/p>\n\n\n\n<h2 class=\"wp-block-heading\">Krisst\u00f6d<\/h2>\n\n\n\n<figure class=\"Image size-large\"><img loading=\"lazy\" decoding=\"async\" width=\"1024\" height=\"370\" src=\"\/kunskapsportal\/wp-content\/uploads\/2023\/09\/krisstodsbocker-1024x370.jpg\" alt=\"Fyra bilder p\u00e5 bokomslag f\u00f6r b\u00f6cker som handlar om krisst\u00f6d.\" class=\"Image-img wp-image-7708\" srcset=\"https:\/\/barnafrid.se\/kunskapsportal\/wp-content\/uploads\/2023\/09\/krisstodsbocker-1024x370.jpg 1024w, https:\/\/barnafrid.se\/kunskapsportal\/wp-content\/uploads\/2023\/09\/krisstodsbocker-300x108.jpg 300w, https:\/\/barnafrid.se\/kunskapsportal\/wp-content\/uploads\/2023\/09\/krisstodsbocker-768x278.jpg 768w, https:\/\/barnafrid.se\/kunskapsportal\/wp-content\/uploads\/2023\/09\/krisstodsbocker.jpg 1137w\" sizes=\"auto, (max-width: 1024px) 100vw, 1024px\" \/><\/figure>\n\n\n\n<p><a href=\"https:\/\/barnafrid.se\/kunskapsportal\/kunskapsbibliotek\/krisstod-metodbok\/\" target=\"_blank\" rel=\"noreferrer noopener\">Metodbok, BUP Barnahusteam Stockholm (2023)<\/a><\/p>\n\n\n\n<p><a href=\"https:\/\/barnafrid.se\/kunskapsportal\/kunskapsbibliotek\/krisstod-arbetsbok-for-omsorgspersoner\/\" target=\"_blank\" rel=\"noreferrer noopener\">Arbetsbok f\u00f6r omsorgspersoner, BUP Barnahusteam Stockholm (2023)<\/a><\/p>\n\n\n\n<p><a href=\"https:\/\/barnafrid.se\/kunskapsportal\/kunskapsbibliotek\/krisstod-arbetsbok-for-ungdomar\/\" target=\"_blank\" rel=\"noreferrer noopener\">Arbetsbok f\u00f6r ungdomar, BUP Barnahusteam Stockholm (2023)<\/a><\/p>\n\n\n\n<p><a href=\"https:\/\/barnafrid.se\/kunskapsportal\/kunskapsbibliotek\/krisstod-arbetsbok-for-barn\/\" target=\"_blank\" rel=\"noreferrer noopener\">Arbetsbok f\u00f6r barn, BUP Barnahusteam Stockholm (2023)<\/a><\/p>\n\n\n\n<p><\/p>\n\n\n\n<h2 class=\"wp-block-heading\">Checklistor barnahus<\/h2>\n\n\n\n<p><a href=\"https:\/\/barnafrid.se\/kunskapsportal\/kunskapsbibliotek\/checklista-for-sarskild-foretradare-vid-barnforhor-pa-barnahus\/\" target=\"_blank\" rel=\"noreferrer noopener\">Checklista f\u00f6r s\u00e4rskild f\u00f6retr\u00e4dare vid barnf\u00f6rh\u00f6r p\u00e5 barnahus<\/a><\/p>\n\n\n\n<p><\/p>\n\n\n\n<h2 class=\"wp-block-heading\">Handb\u00f6cker<\/h2>\n\n\n\n<p><a href=\"https:\/\/barnafrid.se\/kunskapsportal\/kunskapsbibliotek\/handbok-om-hedersrelaterat-vald-och-fortryck-for-dig-inom-barnahusen\/\" target=\"_blank\" rel=\"noreferrer noopener\">En handbok om hedersrelaterat v\u00e5ld och f\u00f6rtryck f\u00f6r dig inom barnahus<\/a><\/p>\n\n\n\n<p><\/p>\n\n\n\n<p><a href=\"https:\/\/barnafrid.se\/kunskapsportal\/barnafrids-natverk\/resurser-for-dig-som-arbetar-i-barnahus\/\"><strong>Tillbaka till start &gt;&gt;<\/strong><\/a><\/p>\n","protected":false},"excerpt":{"rendered":"<p>Metodst\u00f6d Metodst\u00f6d f\u00f6r traumascreening inom socialtj\u00e4nsten (pdf) Krisst\u00f6d Metodbok, BUP Barnahusteam Stockholm (2023) Arbetsbok f\u00f6r omsorgspersoner, BUP Barnahusteam Stockholm (2023) Arbetsbok f\u00f6r ungdomar, BUP Barnahusteam Stockholm (2023) Arbetsbok f\u00f6r barn, BUP Barnahusteam Stockholm (2023) Checklistor barnahus Checklista f\u00f6r s\u00e4rskild f\u00f6retr\u00e4dare vid barnf\u00f6rh\u00f6r p\u00e5 barnahus Handb\u00f6cker En handbok om hedersrelaterat v\u00e5ld och f\u00f6rtryck f\u00f6r dig inom [&hellip;]<\/p>\n","protected":false},"author":26405,"featured_media":0,"parent":18025,"menu_order":0,"comment_status":"closed","ping_status":"closed","template":"page-centered.php","meta":{"h5ap_radio_sources":[],"footnotes":""},"role":[],"class_list":["post-18078","page","type-page","status-publish","hentry"],"yoast_head":"<!-- This site is optimized with the Yoast SEO plugin v27.3 - https:\/\/yoast.com\/product\/yoast-seo-wordpress\/ -->\n<title>Metodst\u00f6d och checklistor - Barnafrid<\/title>\n<meta name=\"robots\" content=\"index, follow, max-snippet:-1, max-image-preview:large, max-video-preview:-1\" \/>\n<link rel=\"canonical\" href=\"https:\/\/barnafrid.se\/kunskapsportal\/barnafrids-natverk\/resurser-for-dig-som-arbetar-i-barnahus\/metodstod-och-checklistor\/\" \/>\n<meta property=\"og:locale\" content=\"sv_SE\" \/>\n<meta property=\"og:type\" content=\"article\" \/>\n<meta property=\"og:title\" content=\"Metodst\u00f6d och checklistor - Barnafrid\" \/>\n<meta property=\"og:description\" content=\"Metodst\u00f6d Metodst\u00f6d f\u00f6r traumascreening inom socialtj\u00e4nsten (pdf) Krisst\u00f6d Metodbok, BUP Barnahusteam Stockholm (2023) Arbetsbok f\u00f6r omsorgspersoner, BUP Barnahusteam Stockholm (2023) Arbetsbok f\u00f6r ungdomar, BUP Barnahusteam Stockholm (2023) Arbetsbok f\u00f6r barn, BUP Barnahusteam Stockholm (2023) Checklistor barnahus Checklista f\u00f6r s\u00e4rskild f\u00f6retr\u00e4dare vid barnf\u00f6rh\u00f6r p\u00e5 barnahus Handb\u00f6cker En handbok om hedersrelaterat v\u00e5ld och f\u00f6rtryck f\u00f6r dig inom [&hellip;]\" \/>\n<meta property=\"og:url\" content=\"https:\/\/barnafrid.se\/kunskapsportal\/barnafrids-natverk\/resurser-for-dig-som-arbetar-i-barnahus\/metodstod-och-checklistor\/\" \/>\n<meta property=\"og:site_name\" content=\"Barnafrid\" \/>\n<meta property=\"article:modified_time\" content=\"2026-03-24T09:32:29+00:00\" \/>\n<meta name=\"twitter:card\" content=\"summary_large_image\" \/>\n<meta name=\"twitter:label1\" content=\"Ber\u00e4knad l\u00e4stid\" \/>\n\t<meta name=\"twitter:data1\" content=\"1 minut\" \/>\n<script type=\"application\/ld+json\" class=\"yoast-schema-graph\">{\"@context\":\"https:\\\/\\\/schema.org\",\"@graph\":[{\"@type\":\"WebPage\",\"@id\":\"https:\\\/\\\/barnafrid.se\\\/kunskapsportal\\\/barnafrids-natverk\\\/resurser-for-dig-som-arbetar-i-barnahus\\\/metodstod-och-checklistor\\\/\",\"url\":\"https:\\\/\\\/barnafrid.se\\\/kunskapsportal\\\/barnafrids-natverk\\\/resurser-for-dig-som-arbetar-i-barnahus\\\/metodstod-och-checklistor\\\/\",\"name\":\"Metodst\u00f6d och checklistor - Barnafrid\",\"isPartOf\":{\"@id\":\"https:\\\/\\\/barnafrid.se\\\/kunskapsportal\\\/#website\"},\"datePublished\":\"2026-03-23T13:53:29+00:00\",\"dateModified\":\"2026-03-24T09:32:29+00:00\",\"breadcrumb\":{\"@id\":\"https:\\\/\\\/barnafrid.se\\\/kunskapsportal\\\/barnafrids-natverk\\\/resurser-for-dig-som-arbetar-i-barnahus\\\/metodstod-och-checklistor\\\/#breadcrumb\"},\"inLanguage\":\"sv-SE\",\"potentialAction\":[{\"@type\":\"ReadAction\",\"target\":[\"https:\\\/\\\/barnafrid.se\\\/kunskapsportal\\\/barnafrids-natverk\\\/resurser-for-dig-som-arbetar-i-barnahus\\\/metodstod-och-checklistor\\\/\"]}]},{\"@type\":\"BreadcrumbList\",\"@id\":\"https:\\\/\\\/barnafrid.se\\\/kunskapsportal\\\/barnafrids-natverk\\\/resurser-for-dig-som-arbetar-i-barnahus\\\/metodstod-och-checklistor\\\/#breadcrumb\",\"itemListElement\":[{\"@type\":\"ListItem\",\"position\":1,\"name\":\"Home\",\"item\":\"https:\\\/\\\/barnafrid.se\\\/kunskapsportal\\\/\"},{\"@type\":\"ListItem\",\"position\":2,\"name\":\"Barnafrids resurssidor n\u00e4tverk\",\"item\":\"https:\\\/\\\/barnafrid.se\\\/kunskapsportal\\\/barnafrids-natverk\\\/\"},{\"@type\":\"ListItem\",\"position\":3,\"name\":\"Resurser f\u00f6r dig som arbetar i barnahus\",\"item\":\"https:\\\/\\\/barnafrid.se\\\/kunskapsportal\\\/barnafrids-natverk\\\/resurser-for-dig-som-arbetar-i-barnahus\\\/\"},{\"@type\":\"ListItem\",\"position\":4,\"name\":\"Metodst\u00f6d och checklistor\"}]},{\"@type\":\"WebSite\",\"@id\":\"https:\\\/\\\/barnafrid.se\\\/kunskapsportal\\\/#website\",\"url\":\"https:\\\/\\\/barnafrid.se\\\/kunskapsportal\\\/\",\"name\":\"Barnafrid\",\"description\":\"Kunskapsportal om v\u00e5ld mot barn\",\"potentialAction\":[{\"@type\":\"SearchAction\",\"target\":{\"@type\":\"EntryPoint\",\"urlTemplate\":\"https:\\\/\\\/barnafrid.se\\\/kunskapsportal\\\/?s={search_term_string}\"},\"query-input\":{\"@type\":\"PropertyValueSpecification\",\"valueRequired\":true,\"valueName\":\"search_term_string\"}}],\"inLanguage\":\"sv-SE\"}]}<\/script>\n<!-- \/ Yoast SEO plugin. -->","yoast_head_json":{"title":"Metodst\u00f6d och checklistor - Barnafrid","robots":{"index":"index","follow":"follow","max-snippet":"max-snippet:-1","max-image-preview":"max-image-preview:large","max-video-preview":"max-video-preview:-1"},"canonical":"https:\/\/barnafrid.se\/kunskapsportal\/barnafrids-natverk\/resurser-for-dig-som-arbetar-i-barnahus\/metodstod-och-checklistor\/","og_locale":"sv_SE","og_type":"article","og_title":"Metodst\u00f6d och checklistor - Barnafrid","og_description":"Metodst\u00f6d Metodst\u00f6d f\u00f6r traumascreening inom socialtj\u00e4nsten (pdf) Krisst\u00f6d Metodbok, BUP Barnahusteam Stockholm (2023) Arbetsbok f\u00f6r omsorgspersoner, BUP Barnahusteam Stockholm (2023) Arbetsbok f\u00f6r ungdomar, BUP Barnahusteam Stockholm (2023) Arbetsbok f\u00f6r barn, BUP Barnahusteam Stockholm (2023) Checklistor barnahus Checklista f\u00f6r s\u00e4rskild f\u00f6retr\u00e4dare vid barnf\u00f6rh\u00f6r p\u00e5 barnahus Handb\u00f6cker En handbok om hedersrelaterat v\u00e5ld och f\u00f6rtryck f\u00f6r dig inom [&hellip;]","og_url":"https:\/\/barnafrid.se\/kunskapsportal\/barnafrids-natverk\/resurser-for-dig-som-arbetar-i-barnahus\/metodstod-och-checklistor\/","og_site_name":"Barnafrid","article_modified_time":"2026-03-24T09:32:29+00:00","twitter_card":"summary_large_image","twitter_misc":{"Ber\u00e4knad l\u00e4stid":"1 minut"},"schema":{"@context":"https:\/\/schema.org","@graph":[{"@type":"WebPage","@id":"https:\/\/barnafrid.se\/kunskapsportal\/barnafrids-natverk\/resurser-for-dig-som-arbetar-i-barnahus\/metodstod-och-checklistor\/","url":"https:\/\/barnafrid.se\/kunskapsportal\/barnafrids-natverk\/resurser-for-dig-som-arbetar-i-barnahus\/metodstod-och-checklistor\/","name":"Metodst\u00f6d och checklistor - Barnafrid","isPartOf":{"@id":"https:\/\/barnafrid.se\/kunskapsportal\/#website"},"datePublished":"2026-03-23T13:53:29+00:00","dateModified":"2026-03-24T09:32:29+00:00","breadcrumb":{"@id":"https:\/\/barnafrid.se\/kunskapsportal\/barnafrids-natverk\/resurser-for-dig-som-arbetar-i-barnahus\/metodstod-och-checklistor\/#breadcrumb"},"inLanguage":"sv-SE","potentialAction":[{"@type":"ReadAction","target":["https:\/\/barnafrid.se\/kunskapsportal\/barnafrids-natverk\/resurser-for-dig-som-arbetar-i-barnahus\/metodstod-och-checklistor\/"]}]},{"@type":"BreadcrumbList","@id":"https:\/\/barnafrid.se\/kunskapsportal\/barnafrids-natverk\/resurser-for-dig-som-arbetar-i-barnahus\/metodstod-och-checklistor\/#breadcrumb","itemListElement":[{"@type":"ListItem","position":1,"name":"Home","item":"https:\/\/barnafrid.se\/kunskapsportal\/"},{"@type":"ListItem","position":2,"name":"Barnafrids resurssidor n\u00e4tverk","item":"https:\/\/barnafrid.se\/kunskapsportal\/barnafrids-natverk\/"},{"@type":"ListItem","position":3,"name":"Resurser f\u00f6r dig som arbetar i barnahus","item":"https:\/\/barnafrid.se\/kunskapsportal\/barnafrids-natverk\/resurser-for-dig-som-arbetar-i-barnahus\/"},{"@type":"ListItem","position":4,"name":"Metodst\u00f6d och checklistor"}]},{"@type":"WebSite","@id":"https:\/\/barnafrid.se\/kunskapsportal\/#website","url":"https:\/\/barnafrid.se\/kunskapsportal\/","name":"Barnafrid","description":"Kunskapsportal om v\u00e5ld mot barn","potentialAction":[{"@type":"SearchAction","target":{"@type":"EntryPoint","urlTemplate":"https:\/\/barnafrid.se\/kunskapsportal\/?s={search_term_string}"},"query-input":{"@type":"PropertyValueSpecification","valueRequired":true,"valueName":"search_term_string"}}],"inLanguage":"sv-SE"}]}},"_links":{"self":[{"href":"https:\/\/barnafrid.se\/kunskapsportal\/wp-json\/wp\/v2\/pages\/18078","targetHints":{"allow":["GET"]}}],"collection":[{"href":"https:\/\/barnafrid.se\/kunskapsportal\/wp-json\/wp\/v2\/pages"}],"about":[{"href":"https:\/\/barnafrid.se\/kunskapsportal\/wp-json\/wp\/v2\/types\/page"}],"author":[{"embeddable":true,"href":"https:\/\/barnafrid.se\/kunskapsportal\/wp-json\/wp\/v2\/users\/26405"}],"replies":[{"embeddable":true,"href":"https:\/\/barnafrid.se\/kunskapsportal\/wp-json\/wp\/v2\/comments?post=18078"}],"version-history":[{"count":3,"href":"https:\/\/barnafrid.se\/kunskapsportal\/wp-json\/wp\/v2\/pages\/18078\/revisions"}],"predecessor-version":[{"id":18125,"href":"https:\/\/barnafrid.se\/kunskapsportal\/wp-json\/wp\/v2\/pages\/18078\/revisions\/18125"}],"up":[{"embeddable":true,"href":"https:\/\/barnafrid.se\/kunskapsportal\/wp-json\/wp\/v2\/pages\/18025"}],"wp:attachment":[{"href":"https:\/\/barnafrid.se\/kunskapsportal\/wp-json\/wp\/v2\/media?parent=18078"}],"wp:term":[{"taxonomy":"role","embeddable":true,"href":"https:\/\/barnafrid.se\/kunskapsportal\/wp-json\/wp\/v2\/role?post=18078"}],"curies":[{"name":"wp","href":"https:\/\/api.w.org\/{rel}","templated":true}]}}