{"id":18069,"date":"2026-03-23T14:09:31","date_gmt":"2026-03-23T13:09:31","guid":{"rendered":"https:\/\/barnafrid.se\/kunskapsportal\/?page_id=18069"},"modified":"2026-03-24T10:31:59","modified_gmt":"2026-03-24T09:31:59","slug":"fortbildning-for-dig-pa-barnahus","status":"publish","type":"page","link":"https:\/\/barnafrid.se\/kunskapsportal\/barnafrids-natverk\/resurser-for-dig-som-arbetar-i-barnahus\/fortbildning-for-dig-pa-barnahus\/","title":{"rendered":"Fortbildning f\u00f6r dig p\u00e5 barnahus"},"content":{"rendered":"<div class='Lead'>\n    H\u00e4r hittar du utvalda webbutbildningar f\u00f6r dig som arbetar p\u00e5 eller samverkar med barnahus.<\/div>\n\n\n\n<h2 class=\"wp-block-heading\">Barnahusutbildningen<\/h2>\n\n\n\n<p>En utbildning f\u00f6r dig som s\u00f6ker kunskap om vad en barnv\u00e4nlig r\u00e4ttsprocess inneb\u00e4r och hur samverkan f\u00f6r barnets b\u00e4sta kan fungera p\u00e5 ett barnahus, f\u00f6r dig som arbetar p\u00e5 eller samverkar med barnahus. Barnahusutbildningen har sin utg\u00e5ngspunkt i ett barnanpassat utredningsf\u00f6rfarande n\u00e4r det g\u00e4ller brott, skydd och r\u00e4tten till st\u00f6d och behandling.<\/p>\n\n\n\n<p><a href=\"https:\/\/barnafrid.se\/kunskapsportal\/kurs\/barnahusutbildningen\/\" target=\"_blank\" rel=\"noreferrer noopener\"><strong>Starta utbildningen h\u00e4r<\/strong><\/a><\/p>\n\n\n\n<h2 class=\"wp-block-heading\">Barn med sexuella beteendeproblem<\/h2>\n\n\n\n<p>Utbildningen ger dig kunskap, f\u00e4rdigheter och processt\u00f6d f\u00f6r att f\u00f6rst\u00e5 och agera vid sexuella beteendeproblem hos barn och ungdomar. Du f\u00e5r kunskap f\u00f6r att kunna uppm\u00e4rksamma, identifiera och utreda sexuella beteendeproblem hos barn och ungdomar samt erbjuda anpassade st\u00f6d- och behandlingsinsatser.<\/p>\n\n\n\n<p><a href=\"https:\/\/barnafrid.se\/kunskapsportal\/kurs\/barn-och-unga-med-sexuella-beteendeproblem\/\" target=\"_blank\" rel=\"noreferrer noopener\"><strong>Starta utbildningen h\u00e4r<\/strong><\/a><\/p>\n\n\n\n<h2 class=\"wp-block-heading\">Basprogram om v\u00e5ld mot barn och unga<\/h2>\n\n\n\n<p>Basprogrammet v\u00e5ld mot barn och unga ger dig kunskap om v\u00e5ld som barn och unga kan uts\u00e4ttas f\u00f6r, men ocks\u00e5 sj\u00e4lva uts\u00e4tta andra f\u00f6r. Du f\u00e5r veta vilka olika former av v\u00e5ld som f\u00f6rekommer och hur vanliga de \u00e4r, men framf\u00f6r allt f\u00e5r du l\u00e4ra dig att uppt\u00e4cka, bem\u00f6ta, informera och agera n\u00e4r du misst\u00e4nker att ett barn eller en ungdom far illa.<\/p>\n\n\n\n<p><a href=\"https:\/\/barnafrid.se\/kunskapsportal\/kurs\/kurs-barnvald\/\" target=\"_blank\" rel=\"noreferrer noopener\"><strong>Starta utbildningen h\u00e4r<\/strong><\/a><\/p>\n\n\n\n<h2 class=\"wp-block-heading\">Gruppsp\u00e5r barn och unga med funktionsneds\u00e4ttning<\/h2>\n\n\n\n<p>Gruppsp\u00e5ret \u00e4r en praktiskt orienterad version av Barnafrids basprogram om v\u00e5ld mot barn och unga. Utbildningen riktar sig till alla verksamheter som m\u00f6ter barn och unga. Den har ett s\u00e4rskilt fokus p\u00e5 barn och unga med funktionsneds\u00e4ttning d\u00e5 de har en h\u00f6gre risk att uts\u00e4ttas f\u00f6r alla typer av v\u00e5ld, samt f\u00f6r fler och allvarligare former av v\u00e5ld \u00e4n andra barn.<\/p>\n\n\n\n<p><strong><a href=\"https:\/\/barnafrid.se\/kunskapsportal\/basprogram-om-vald-mot-barn-och-unga-gruppspar-barn-och-unga-med-funktionsnedsattning\/\" target=\"_blank\" rel=\"noreferrer noopener\">Starta gruppsp\u00e5ret h\u00e4r<\/a><\/strong><\/p>\n\n\n\n<figure class=\"Image size-large\"><img loading=\"lazy\" decoding=\"async\" width=\"1024\" height=\"919\" src=\"\/kunskapsportal\/wp-content\/uploads\/2024\/09\/myndighetsgemensamt-ansvar-1024x919.png\" alt=\"\" class=\"Image-img wp-image-10397\" srcset=\"https:\/\/barnafrid.se\/kunskapsportal\/wp-content\/uploads\/2024\/09\/myndighetsgemensamt-ansvar-1024x919.png 1024w, https:\/\/barnafrid.se\/kunskapsportal\/wp-content\/uploads\/2024\/09\/myndighetsgemensamt-ansvar-300x269.png 300w, https:\/\/barnafrid.se\/kunskapsportal\/wp-content\/uploads\/2024\/09\/myndighetsgemensamt-ansvar-768x689.png 768w, https:\/\/barnafrid.se\/kunskapsportal\/wp-content\/uploads\/2024\/09\/myndighetsgemensamt-ansvar-1536x1378.png 1536w, https:\/\/barnafrid.se\/kunskapsportal\/wp-content\/uploads\/2024\/09\/myndighetsgemensamt-ansvar-2048x1838.png 2048w\" sizes=\"auto, (max-width: 1024px) 100vw, 1024px\" \/><\/figure>\n\n\n\n<p><a href=\"https:\/\/barnafrid.se\/kunskapsportal\/barnafrids-natverk\/resurser-for-dig-som-arbetar-i-barnahus\/\"><strong>Tillbaka till start &gt;&gt;<\/strong><\/a><\/p>\n","protected":false},"excerpt":{"rendered":"<p>Barnahusutbildningen En utbildning f\u00f6r dig som s\u00f6ker kunskap om vad en barnv\u00e4nlig r\u00e4ttsprocess inneb\u00e4r och hur samverkan f\u00f6r barnets b\u00e4sta kan fungera p\u00e5 ett barnahus, f\u00f6r dig som arbetar p\u00e5 eller samverkar med barnahus. Barnahusutbildningen har sin utg\u00e5ngspunkt i ett barnanpassat utredningsf\u00f6rfarande n\u00e4r det g\u00e4ller brott, skydd och r\u00e4tten till st\u00f6d och behandling. Starta utbildningen [&hellip;]<\/p>\n","protected":false},"author":26405,"featured_media":0,"parent":18025,"menu_order":0,"comment_status":"closed","ping_status":"closed","template":"page-centered.php","meta":{"h5ap_radio_sources":[],"footnotes":""},"role":[],"class_list":["post-18069","page","type-page","status-publish","hentry"],"yoast_head":"<!-- This site is optimized with the Yoast SEO plugin v27.3 - https:\/\/yoast.com\/product\/yoast-seo-wordpress\/ -->\n<title>Fortbildning f\u00f6r dig p\u00e5 barnahus - Barnafrid<\/title>\n<meta name=\"robots\" content=\"index, follow, max-snippet:-1, max-image-preview:large, max-video-preview:-1\" \/>\n<link rel=\"canonical\" href=\"https:\/\/barnafrid.se\/kunskapsportal\/barnafrids-natverk\/resurser-for-dig-som-arbetar-i-barnahus\/fortbildning-for-dig-pa-barnahus\/\" \/>\n<meta property=\"og:locale\" content=\"sv_SE\" \/>\n<meta property=\"og:type\" content=\"article\" \/>\n<meta property=\"og:title\" content=\"Fortbildning f\u00f6r dig p\u00e5 barnahus - Barnafrid\" \/>\n<meta property=\"og:description\" content=\"Barnahusutbildningen En utbildning f\u00f6r dig som s\u00f6ker kunskap om vad en barnv\u00e4nlig r\u00e4ttsprocess inneb\u00e4r och hur samverkan f\u00f6r barnets b\u00e4sta kan fungera p\u00e5 ett barnahus, f\u00f6r dig som arbetar p\u00e5 eller samverkar med barnahus. Barnahusutbildningen har sin utg\u00e5ngspunkt i ett barnanpassat utredningsf\u00f6rfarande n\u00e4r det g\u00e4ller brott, skydd och r\u00e4tten till st\u00f6d och behandling. Starta utbildningen [&hellip;]\" \/>\n<meta property=\"og:url\" content=\"https:\/\/barnafrid.se\/kunskapsportal\/barnafrids-natverk\/resurser-for-dig-som-arbetar-i-barnahus\/fortbildning-for-dig-pa-barnahus\/\" \/>\n<meta property=\"og:site_name\" content=\"Barnafrid\" \/>\n<meta property=\"article:modified_time\" content=\"2026-03-24T09:31:59+00:00\" \/>\n<meta name=\"twitter:card\" content=\"summary_large_image\" \/>\n<meta name=\"twitter:label1\" content=\"Ber\u00e4knad l\u00e4stid\" \/>\n\t<meta name=\"twitter:data1\" content=\"2 minuter\" \/>\n<script type=\"application\/ld+json\" class=\"yoast-schema-graph\">{\"@context\":\"https:\\\/\\\/schema.org\",\"@graph\":[{\"@type\":\"WebPage\",\"@id\":\"https:\\\/\\\/barnafrid.se\\\/kunskapsportal\\\/barnafrids-natverk\\\/resurser-for-dig-som-arbetar-i-barnahus\\\/fortbildning-for-dig-pa-barnahus\\\/\",\"url\":\"https:\\\/\\\/barnafrid.se\\\/kunskapsportal\\\/barnafrids-natverk\\\/resurser-for-dig-som-arbetar-i-barnahus\\\/fortbildning-for-dig-pa-barnahus\\\/\",\"name\":\"Fortbildning f\u00f6r dig p\u00e5 barnahus - Barnafrid\",\"isPartOf\":{\"@id\":\"https:\\\/\\\/barnafrid.se\\\/kunskapsportal\\\/#website\"},\"datePublished\":\"2026-03-23T13:09:31+00:00\",\"dateModified\":\"2026-03-24T09:31:59+00:00\",\"breadcrumb\":{\"@id\":\"https:\\\/\\\/barnafrid.se\\\/kunskapsportal\\\/barnafrids-natverk\\\/resurser-for-dig-som-arbetar-i-barnahus\\\/fortbildning-for-dig-pa-barnahus\\\/#breadcrumb\"},\"inLanguage\":\"sv-SE\",\"potentialAction\":[{\"@type\":\"ReadAction\",\"target\":[\"https:\\\/\\\/barnafrid.se\\\/kunskapsportal\\\/barnafrids-natverk\\\/resurser-for-dig-som-arbetar-i-barnahus\\\/fortbildning-for-dig-pa-barnahus\\\/\"]}]},{\"@type\":\"BreadcrumbList\",\"@id\":\"https:\\\/\\\/barnafrid.se\\\/kunskapsportal\\\/barnafrids-natverk\\\/resurser-for-dig-som-arbetar-i-barnahus\\\/fortbildning-for-dig-pa-barnahus\\\/#breadcrumb\",\"itemListElement\":[{\"@type\":\"ListItem\",\"position\":1,\"name\":\"Home\",\"item\":\"https:\\\/\\\/barnafrid.se\\\/kunskapsportal\\\/\"},{\"@type\":\"ListItem\",\"position\":2,\"name\":\"Barnafrids resurssidor n\u00e4tverk\",\"item\":\"https:\\\/\\\/barnafrid.se\\\/kunskapsportal\\\/barnafrids-natverk\\\/\"},{\"@type\":\"ListItem\",\"position\":3,\"name\":\"Resurser f\u00f6r dig som arbetar i barnahus\",\"item\":\"https:\\\/\\\/barnafrid.se\\\/kunskapsportal\\\/barnafrids-natverk\\\/resurser-for-dig-som-arbetar-i-barnahus\\\/\"},{\"@type\":\"ListItem\",\"position\":4,\"name\":\"Fortbildning f\u00f6r dig p\u00e5 barnahus\"}]},{\"@type\":\"WebSite\",\"@id\":\"https:\\\/\\\/barnafrid.se\\\/kunskapsportal\\\/#website\",\"url\":\"https:\\\/\\\/barnafrid.se\\\/kunskapsportal\\\/\",\"name\":\"Barnafrid\",\"description\":\"Kunskapsportal om v\u00e5ld mot barn\",\"potentialAction\":[{\"@type\":\"SearchAction\",\"target\":{\"@type\":\"EntryPoint\",\"urlTemplate\":\"https:\\\/\\\/barnafrid.se\\\/kunskapsportal\\\/?s={search_term_string}\"},\"query-input\":{\"@type\":\"PropertyValueSpecification\",\"valueRequired\":true,\"valueName\":\"search_term_string\"}}],\"inLanguage\":\"sv-SE\"}]}<\/script>\n<!-- \/ Yoast SEO plugin. -->","yoast_head_json":{"title":"Fortbildning f\u00f6r dig p\u00e5 barnahus - Barnafrid","robots":{"index":"index","follow":"follow","max-snippet":"max-snippet:-1","max-image-preview":"max-image-preview:large","max-video-preview":"max-video-preview:-1"},"canonical":"https:\/\/barnafrid.se\/kunskapsportal\/barnafrids-natverk\/resurser-for-dig-som-arbetar-i-barnahus\/fortbildning-for-dig-pa-barnahus\/","og_locale":"sv_SE","og_type":"article","og_title":"Fortbildning f\u00f6r dig p\u00e5 barnahus - Barnafrid","og_description":"Barnahusutbildningen En utbildning f\u00f6r dig som s\u00f6ker kunskap om vad en barnv\u00e4nlig r\u00e4ttsprocess inneb\u00e4r och hur samverkan f\u00f6r barnets b\u00e4sta kan fungera p\u00e5 ett barnahus, f\u00f6r dig som arbetar p\u00e5 eller samverkar med barnahus. Barnahusutbildningen har sin utg\u00e5ngspunkt i ett barnanpassat utredningsf\u00f6rfarande n\u00e4r det g\u00e4ller brott, skydd och r\u00e4tten till st\u00f6d och behandling. Starta utbildningen [&hellip;]","og_url":"https:\/\/barnafrid.se\/kunskapsportal\/barnafrids-natverk\/resurser-for-dig-som-arbetar-i-barnahus\/fortbildning-for-dig-pa-barnahus\/","og_site_name":"Barnafrid","article_modified_time":"2026-03-24T09:31:59+00:00","twitter_card":"summary_large_image","twitter_misc":{"Ber\u00e4knad l\u00e4stid":"2 minuter"},"schema":{"@context":"https:\/\/schema.org","@graph":[{"@type":"WebPage","@id":"https:\/\/barnafrid.se\/kunskapsportal\/barnafrids-natverk\/resurser-for-dig-som-arbetar-i-barnahus\/fortbildning-for-dig-pa-barnahus\/","url":"https:\/\/barnafrid.se\/kunskapsportal\/barnafrids-natverk\/resurser-for-dig-som-arbetar-i-barnahus\/fortbildning-for-dig-pa-barnahus\/","name":"Fortbildning f\u00f6r dig p\u00e5 barnahus - Barnafrid","isPartOf":{"@id":"https:\/\/barnafrid.se\/kunskapsportal\/#website"},"datePublished":"2026-03-23T13:09:31+00:00","dateModified":"2026-03-24T09:31:59+00:00","breadcrumb":{"@id":"https:\/\/barnafrid.se\/kunskapsportal\/barnafrids-natverk\/resurser-for-dig-som-arbetar-i-barnahus\/fortbildning-for-dig-pa-barnahus\/#breadcrumb"},"inLanguage":"sv-SE","potentialAction":[{"@type":"ReadAction","target":["https:\/\/barnafrid.se\/kunskapsportal\/barnafrids-natverk\/resurser-for-dig-som-arbetar-i-barnahus\/fortbildning-for-dig-pa-barnahus\/"]}]},{"@type":"BreadcrumbList","@id":"https:\/\/barnafrid.se\/kunskapsportal\/barnafrids-natverk\/resurser-for-dig-som-arbetar-i-barnahus\/fortbildning-for-dig-pa-barnahus\/#breadcrumb","itemListElement":[{"@type":"ListItem","position":1,"name":"Home","item":"https:\/\/barnafrid.se\/kunskapsportal\/"},{"@type":"ListItem","position":2,"name":"Barnafrids resurssidor n\u00e4tverk","item":"https:\/\/barnafrid.se\/kunskapsportal\/barnafrids-natverk\/"},{"@type":"ListItem","position":3,"name":"Resurser f\u00f6r dig som arbetar i barnahus","item":"https:\/\/barnafrid.se\/kunskapsportal\/barnafrids-natverk\/resurser-for-dig-som-arbetar-i-barnahus\/"},{"@type":"ListItem","position":4,"name":"Fortbildning f\u00f6r dig p\u00e5 barnahus"}]},{"@type":"WebSite","@id":"https:\/\/barnafrid.se\/kunskapsportal\/#website","url":"https:\/\/barnafrid.se\/kunskapsportal\/","name":"Barnafrid","description":"Kunskapsportal om v\u00e5ld mot barn","potentialAction":[{"@type":"SearchAction","target":{"@type":"EntryPoint","urlTemplate":"https:\/\/barnafrid.se\/kunskapsportal\/?s={search_term_string}"},"query-input":{"@type":"PropertyValueSpecification","valueRequired":true,"valueName":"search_term_string"}}],"inLanguage":"sv-SE"}]}},"_links":{"self":[{"href":"https:\/\/barnafrid.se\/kunskapsportal\/wp-json\/wp\/v2\/pages\/18069","targetHints":{"allow":["GET"]}}],"collection":[{"href":"https:\/\/barnafrid.se\/kunskapsportal\/wp-json\/wp\/v2\/pages"}],"about":[{"href":"https:\/\/barnafrid.se\/kunskapsportal\/wp-json\/wp\/v2\/types\/page"}],"author":[{"embeddable":true,"href":"https:\/\/barnafrid.se\/kunskapsportal\/wp-json\/wp\/v2\/users\/26405"}],"replies":[{"embeddable":true,"href":"https:\/\/barnafrid.se\/kunskapsportal\/wp-json\/wp\/v2\/comments?post=18069"}],"version-history":[{"count":5,"href":"https:\/\/barnafrid.se\/kunskapsportal\/wp-json\/wp\/v2\/pages\/18069\/revisions"}],"predecessor-version":[{"id":18124,"href":"https:\/\/barnafrid.se\/kunskapsportal\/wp-json\/wp\/v2\/pages\/18069\/revisions\/18124"}],"up":[{"embeddable":true,"href":"https:\/\/barnafrid.se\/kunskapsportal\/wp-json\/wp\/v2\/pages\/18025"}],"wp:attachment":[{"href":"https:\/\/barnafrid.se\/kunskapsportal\/wp-json\/wp\/v2\/media?parent=18069"}],"wp:term":[{"taxonomy":"role","embeddable":true,"href":"https:\/\/barnafrid.se\/kunskapsportal\/wp-json\/wp\/v2\/role?post=18069"}],"curies":[{"name":"wp","href":"https:\/\/api.w.org\/{rel}","templated":true}]}}