{"id":18065,"date":"2026-03-23T13:20:57","date_gmt":"2026-03-23T12:20:57","guid":{"rendered":"https:\/\/barnafrid.se\/kunskapsportal\/?page_id=18065"},"modified":"2026-03-24T14:34:03","modified_gmt":"2026-03-24T13:34:03","slug":"hedersrelaterat-vald-och-fortryck","status":"publish","type":"page","link":"https:\/\/barnafrid.se\/kunskapsportal\/barnafrids-natverk\/resurser-for-dig-som-arbetar-i-barnahus\/lagstiftning-inspelade-forelasningar\/hedersrelaterat-vald-och-fortryck\/","title":{"rendered":"Hedersrelaterat v\u00e5ld och f\u00f6rtryck"},"content":{"rendered":"\n<h2 class=\"wp-block-heading\">Kriminalisering av oskuldskontroller med mera (2025)<\/h2>\n\n\n\n<p>F\u00f6rel\u00e4sare: Jessica Wenna, senior \u00e5klagare, \u00c5klagarmyndigheten (2025-10-16).<\/p>\n\n\n<div class=\"Videos\">\n        <div class=\"Video Video--original Video--visible\">\n        \n        <figure class=\"VideoPlayer\">\n            <div class=\"VideoPlayer-video VideoPlayer-video--aspect16_9 VideoPlayer-video--hasAspectRatio\">\n                <iframe loading=\"lazy\"\n                    title=\"I juni 2025 lade regeringen fram en proposition om att inf\u00f6ra ny lagstiftning som kriminaliserar oskuldskontroller, oskuldsintyg och oskuldsingrepp. Lag\u00e4ndringarna f\u00f6resl\u00e5s tr\u00e4da i kraft 1 december 2025. F\u00f6rel\u00e4sningen ger en juridisk och praktisk genomg\u00e5ng av lagf\u00f6rslagen, deras till\u00e4mpning och betydelse f\u00f6r r\u00e4ttsv\u00e4sendet och samh\u00e4llet i stort.\"\n                    src=\"https:\/\/player.vimeo.com\/video\/1130954632?dnt=1&#038;app_id=122963\"\n                    width=\"500\"\n                    height=\"281\"\n                    frameborder=\"0\"\n                    allow=\"autoplay; fullscreen\"\n                    allowfullscreen\n                ><\/iframe>\n            <\/div>\n        <\/figure>\n            <\/div>\n    \n    \n    \n    <div class=\"VideosVersions\">\n        \n            <\/div>\n<\/div>\n\n\n\n<h2 class=\"wp-block-heading\">Utvidgat utresef\u00f6rbud f\u00f6r barn (2024)<\/h2>\n\n\n\n<p>F\u00f6rel\u00e4sare: Lars Sj\u00f6str\u00f6m, f.d. lagman och regeringens utredare (2024-04-25).<\/p>\n\n\n<div class=\"Videos\">\n        <div class=\"Video Video--original Video--visible\">\n        \n        <figure class=\"VideoPlayer\">\n            <div class=\"VideoPlayer-video VideoPlayer-video--aspect16_9 VideoPlayer-video--hasAspectRatio\">\n                <iframe loading=\"lazy\"\n                    title=\"Webbinarium p\u00e5 Barnafrid onsdag 25 april 2024. Regeringens utredare Lars Sj\u00f6str\u00f6m ber\u00e4ttar om utredningen och det nya lagf\u00f6rslaget om ett utvidgat utresef\u00f6rbud f\u00f6r barn.\"\n                    src=\"https:\/\/player.vimeo.com\/video\/942034804?dnt=1&#038;app_id=122963\"\n                    width=\"500\"\n                    height=\"281\"\n                    frameborder=\"0\"\n                    allow=\"autoplay; fullscreen\"\n                    allowfullscreen\n                ><\/iframe>\n            <\/div>\n        <\/figure>\n            <\/div>\n    \n    \n    \n    <div class=\"VideosVersions\">\n        \n            <\/div>\n<\/div>\n\n\n\n<h2 class=\"wp-block-heading\">Ett s\u00e4rskilt hedersbrott (2022)<\/h2>\n\n\n\n<p>F\u00f6rel\u00e4sare: Petra Lundh, riks\u00e5klagare och s\u00e4rskild utredare (2022-03-15).<\/p>\n\n\n<div class=\"Videos\">\n        <div class=\"Video Video--original Video--visible\">\n        \n        <figure class=\"VideoPlayer\">\n            <div class=\"VideoPlayer-video VideoPlayer-video--aspect16_9 VideoPlayer-video--hasAspectRatio\">\n                <iframe loading=\"lazy\"\n                    title=\"Den 1 juni 2022 tr\u00e4dde en ny lag om ett s\u00e4rskilt hedersbrott i kraft. Inf\u00f6r lagf\u00f6r\u00e4ndringen bj\u00f6d Barnafrid in den s\u00e4rskilda utredaren Petra Lundh f\u00f6r att ber\u00e4tta om utredningsarbetet och inneb\u00f6rden av det nya brottet.\"\n                    src=\"https:\/\/player.vimeo.com\/video\/1077556485?dnt=1&#038;app_id=122963\"\n                    width=\"500\"\n                    height=\"281\"\n                    frameborder=\"0\"\n                    allow=\"autoplay; fullscreen\"\n                    allowfullscreen\n                ><\/iframe>\n            <\/div>\n        <\/figure>\n            <\/div>\n    \n    \n    \n    <div class=\"VideosVersions\">\n        \n            <\/div>\n<\/div>\n\n\n\n<p><\/p>\n\n\n\n<p><a href=\"https:\/\/barnafrid.se\/kunskapsportal\/barnafrids-natverk\/resurser-for-dig-som-arbetar-i-barnahus\/\"><strong>Tillbaka till start &gt;&gt;<\/strong><\/a><\/p>\n","protected":false},"excerpt":{"rendered":"<p>Kriminalisering av oskuldskontroller med mera (2025) F\u00f6rel\u00e4sare: Jessica Wenna, senior \u00e5klagare, \u00c5klagarmyndigheten (2025-10-16). Utvidgat utresef\u00f6rbud f\u00f6r barn (2024) F\u00f6rel\u00e4sare: Lars Sj\u00f6str\u00f6m, f.d. lagman och regeringens utredare (2024-04-25). Ett s\u00e4rskilt hedersbrott (2022) F\u00f6rel\u00e4sare: Petra Lundh, riks\u00e5klagare och s\u00e4rskild utredare (2022-03-15). Tillbaka till start &gt;&gt;<\/p>\n","protected":false},"author":26405,"featured_media":0,"parent":18033,"menu_order":0,"comment_status":"closed","ping_status":"closed","template":"page-centered.php","meta":{"h5ap_radio_sources":[],"footnotes":""},"role":[],"class_list":["post-18065","page","type-page","status-publish","hentry"],"yoast_head":"<!-- This site is optimized with the Yoast SEO plugin v27.3 - https:\/\/yoast.com\/product\/yoast-seo-wordpress\/ -->\n<title>Hedersrelaterat v\u00e5ld och f\u00f6rtryck - Barnafrid<\/title>\n<meta name=\"robots\" content=\"index, follow, max-snippet:-1, max-image-preview:large, max-video-preview:-1\" \/>\n<link rel=\"canonical\" href=\"https:\/\/barnafrid.se\/kunskapsportal\/barnafrids-natverk\/resurser-for-dig-som-arbetar-i-barnahus\/lagstiftning-inspelade-forelasningar\/hedersrelaterat-vald-och-fortryck\/\" \/>\n<meta property=\"og:locale\" content=\"sv_SE\" \/>\n<meta property=\"og:type\" content=\"article\" \/>\n<meta property=\"og:title\" content=\"Hedersrelaterat v\u00e5ld och f\u00f6rtryck - Barnafrid\" \/>\n<meta property=\"og:description\" content=\"Kriminalisering av oskuldskontroller med mera (2025) F\u00f6rel\u00e4sare: Jessica Wenna, senior \u00e5klagare, \u00c5klagarmyndigheten (2025-10-16). Utvidgat utresef\u00f6rbud f\u00f6r barn (2024) F\u00f6rel\u00e4sare: Lars Sj\u00f6str\u00f6m, f.d. lagman och regeringens utredare (2024-04-25). Ett s\u00e4rskilt hedersbrott (2022) F\u00f6rel\u00e4sare: Petra Lundh, riks\u00e5klagare och s\u00e4rskild utredare (2022-03-15). Tillbaka till start &gt;&gt;\" \/>\n<meta property=\"og:url\" content=\"https:\/\/barnafrid.se\/kunskapsportal\/barnafrids-natverk\/resurser-for-dig-som-arbetar-i-barnahus\/lagstiftning-inspelade-forelasningar\/hedersrelaterat-vald-och-fortryck\/\" \/>\n<meta property=\"og:site_name\" content=\"Barnafrid\" \/>\n<meta property=\"article:modified_time\" content=\"2026-03-24T13:34:03+00:00\" \/>\n<meta name=\"twitter:card\" content=\"summary_large_image\" \/>\n<meta name=\"twitter:label1\" content=\"Ber\u00e4knad l\u00e4stid\" \/>\n\t<meta name=\"twitter:data1\" content=\"1 minut\" \/>\n<script type=\"application\/ld+json\" class=\"yoast-schema-graph\">{\"@context\":\"https:\\\/\\\/schema.org\",\"@graph\":[{\"@type\":\"WebPage\",\"@id\":\"https:\\\/\\\/barnafrid.se\\\/kunskapsportal\\\/barnafrids-natverk\\\/resurser-for-dig-som-arbetar-i-barnahus\\\/lagstiftning-inspelade-forelasningar\\\/hedersrelaterat-vald-och-fortryck\\\/\",\"url\":\"https:\\\/\\\/barnafrid.se\\\/kunskapsportal\\\/barnafrids-natverk\\\/resurser-for-dig-som-arbetar-i-barnahus\\\/lagstiftning-inspelade-forelasningar\\\/hedersrelaterat-vald-och-fortryck\\\/\",\"name\":\"Hedersrelaterat v\u00e5ld och f\u00f6rtryck - Barnafrid\",\"isPartOf\":{\"@id\":\"https:\\\/\\\/barnafrid.se\\\/kunskapsportal\\\/#website\"},\"datePublished\":\"2026-03-23T12:20:57+00:00\",\"dateModified\":\"2026-03-24T13:34:03+00:00\",\"breadcrumb\":{\"@id\":\"https:\\\/\\\/barnafrid.se\\\/kunskapsportal\\\/barnafrids-natverk\\\/resurser-for-dig-som-arbetar-i-barnahus\\\/lagstiftning-inspelade-forelasningar\\\/hedersrelaterat-vald-och-fortryck\\\/#breadcrumb\"},\"inLanguage\":\"sv-SE\",\"potentialAction\":[{\"@type\":\"ReadAction\",\"target\":[\"https:\\\/\\\/barnafrid.se\\\/kunskapsportal\\\/barnafrids-natverk\\\/resurser-for-dig-som-arbetar-i-barnahus\\\/lagstiftning-inspelade-forelasningar\\\/hedersrelaterat-vald-och-fortryck\\\/\"]}]},{\"@type\":\"BreadcrumbList\",\"@id\":\"https:\\\/\\\/barnafrid.se\\\/kunskapsportal\\\/barnafrids-natverk\\\/resurser-for-dig-som-arbetar-i-barnahus\\\/lagstiftning-inspelade-forelasningar\\\/hedersrelaterat-vald-och-fortryck\\\/#breadcrumb\",\"itemListElement\":[{\"@type\":\"ListItem\",\"position\":1,\"name\":\"Home\",\"item\":\"https:\\\/\\\/barnafrid.se\\\/kunskapsportal\\\/\"},{\"@type\":\"ListItem\",\"position\":2,\"name\":\"Barnafrids resurssidor n\u00e4tverk\",\"item\":\"https:\\\/\\\/barnafrid.se\\\/kunskapsportal\\\/barnafrids-natverk\\\/\"},{\"@type\":\"ListItem\",\"position\":3,\"name\":\"Resurser f\u00f6r dig som arbetar i barnahus\",\"item\":\"https:\\\/\\\/barnafrid.se\\\/kunskapsportal\\\/barnafrids-natverk\\\/resurser-for-dig-som-arbetar-i-barnahus\\\/\"},{\"@type\":\"ListItem\",\"position\":4,\"name\":\"Lagstiftning\",\"item\":\"https:\\\/\\\/barnafrid.se\\\/kunskapsportal\\\/barnafrids-natverk\\\/resurser-for-dig-som-arbetar-i-barnahus\\\/lagstiftning-inspelade-forelasningar\\\/\"},{\"@type\":\"ListItem\",\"position\":5,\"name\":\"Hedersrelaterat v\u00e5ld och f\u00f6rtryck\"}]},{\"@type\":\"WebSite\",\"@id\":\"https:\\\/\\\/barnafrid.se\\\/kunskapsportal\\\/#website\",\"url\":\"https:\\\/\\\/barnafrid.se\\\/kunskapsportal\\\/\",\"name\":\"Barnafrid\",\"description\":\"Kunskapsportal om v\u00e5ld mot barn\",\"potentialAction\":[{\"@type\":\"SearchAction\",\"target\":{\"@type\":\"EntryPoint\",\"urlTemplate\":\"https:\\\/\\\/barnafrid.se\\\/kunskapsportal\\\/?s={search_term_string}\"},\"query-input\":{\"@type\":\"PropertyValueSpecification\",\"valueRequired\":true,\"valueName\":\"search_term_string\"}}],\"inLanguage\":\"sv-SE\"}]}<\/script>\n<!-- \/ Yoast SEO plugin. -->","yoast_head_json":{"title":"Hedersrelaterat v\u00e5ld och f\u00f6rtryck - Barnafrid","robots":{"index":"index","follow":"follow","max-snippet":"max-snippet:-1","max-image-preview":"max-image-preview:large","max-video-preview":"max-video-preview:-1"},"canonical":"https:\/\/barnafrid.se\/kunskapsportal\/barnafrids-natverk\/resurser-for-dig-som-arbetar-i-barnahus\/lagstiftning-inspelade-forelasningar\/hedersrelaterat-vald-och-fortryck\/","og_locale":"sv_SE","og_type":"article","og_title":"Hedersrelaterat v\u00e5ld och f\u00f6rtryck - Barnafrid","og_description":"Kriminalisering av oskuldskontroller med mera (2025) F\u00f6rel\u00e4sare: Jessica Wenna, senior \u00e5klagare, \u00c5klagarmyndigheten (2025-10-16). Utvidgat utresef\u00f6rbud f\u00f6r barn (2024) F\u00f6rel\u00e4sare: Lars Sj\u00f6str\u00f6m, f.d. lagman och regeringens utredare (2024-04-25). Ett s\u00e4rskilt hedersbrott (2022) F\u00f6rel\u00e4sare: Petra Lundh, riks\u00e5klagare och s\u00e4rskild utredare (2022-03-15). Tillbaka till start &gt;&gt;","og_url":"https:\/\/barnafrid.se\/kunskapsportal\/barnafrids-natverk\/resurser-for-dig-som-arbetar-i-barnahus\/lagstiftning-inspelade-forelasningar\/hedersrelaterat-vald-och-fortryck\/","og_site_name":"Barnafrid","article_modified_time":"2026-03-24T13:34:03+00:00","twitter_card":"summary_large_image","twitter_misc":{"Ber\u00e4knad l\u00e4stid":"1 minut"},"schema":{"@context":"https:\/\/schema.org","@graph":[{"@type":"WebPage","@id":"https:\/\/barnafrid.se\/kunskapsportal\/barnafrids-natverk\/resurser-for-dig-som-arbetar-i-barnahus\/lagstiftning-inspelade-forelasningar\/hedersrelaterat-vald-och-fortryck\/","url":"https:\/\/barnafrid.se\/kunskapsportal\/barnafrids-natverk\/resurser-for-dig-som-arbetar-i-barnahus\/lagstiftning-inspelade-forelasningar\/hedersrelaterat-vald-och-fortryck\/","name":"Hedersrelaterat v\u00e5ld och f\u00f6rtryck - Barnafrid","isPartOf":{"@id":"https:\/\/barnafrid.se\/kunskapsportal\/#website"},"datePublished":"2026-03-23T12:20:57+00:00","dateModified":"2026-03-24T13:34:03+00:00","breadcrumb":{"@id":"https:\/\/barnafrid.se\/kunskapsportal\/barnafrids-natverk\/resurser-for-dig-som-arbetar-i-barnahus\/lagstiftning-inspelade-forelasningar\/hedersrelaterat-vald-och-fortryck\/#breadcrumb"},"inLanguage":"sv-SE","potentialAction":[{"@type":"ReadAction","target":["https:\/\/barnafrid.se\/kunskapsportal\/barnafrids-natverk\/resurser-for-dig-som-arbetar-i-barnahus\/lagstiftning-inspelade-forelasningar\/hedersrelaterat-vald-och-fortryck\/"]}]},{"@type":"BreadcrumbList","@id":"https:\/\/barnafrid.se\/kunskapsportal\/barnafrids-natverk\/resurser-for-dig-som-arbetar-i-barnahus\/lagstiftning-inspelade-forelasningar\/hedersrelaterat-vald-och-fortryck\/#breadcrumb","itemListElement":[{"@type":"ListItem","position":1,"name":"Home","item":"https:\/\/barnafrid.se\/kunskapsportal\/"},{"@type":"ListItem","position":2,"name":"Barnafrids resurssidor n\u00e4tverk","item":"https:\/\/barnafrid.se\/kunskapsportal\/barnafrids-natverk\/"},{"@type":"ListItem","position":3,"name":"Resurser f\u00f6r dig som arbetar i barnahus","item":"https:\/\/barnafrid.se\/kunskapsportal\/barnafrids-natverk\/resurser-for-dig-som-arbetar-i-barnahus\/"},{"@type":"ListItem","position":4,"name":"Lagstiftning","item":"https:\/\/barnafrid.se\/kunskapsportal\/barnafrids-natverk\/resurser-for-dig-som-arbetar-i-barnahus\/lagstiftning-inspelade-forelasningar\/"},{"@type":"ListItem","position":5,"name":"Hedersrelaterat v\u00e5ld och f\u00f6rtryck"}]},{"@type":"WebSite","@id":"https:\/\/barnafrid.se\/kunskapsportal\/#website","url":"https:\/\/barnafrid.se\/kunskapsportal\/","name":"Barnafrid","description":"Kunskapsportal om v\u00e5ld mot barn","potentialAction":[{"@type":"SearchAction","target":{"@type":"EntryPoint","urlTemplate":"https:\/\/barnafrid.se\/kunskapsportal\/?s={search_term_string}"},"query-input":{"@type":"PropertyValueSpecification","valueRequired":true,"valueName":"search_term_string"}}],"inLanguage":"sv-SE"}]}},"_links":{"self":[{"href":"https:\/\/barnafrid.se\/kunskapsportal\/wp-json\/wp\/v2\/pages\/18065","targetHints":{"allow":["GET"]}}],"collection":[{"href":"https:\/\/barnafrid.se\/kunskapsportal\/wp-json\/wp\/v2\/pages"}],"about":[{"href":"https:\/\/barnafrid.se\/kunskapsportal\/wp-json\/wp\/v2\/types\/page"}],"author":[{"embeddable":true,"href":"https:\/\/barnafrid.se\/kunskapsportal\/wp-json\/wp\/v2\/users\/26405"}],"replies":[{"embeddable":true,"href":"https:\/\/barnafrid.se\/kunskapsportal\/wp-json\/wp\/v2\/comments?post=18065"}],"version-history":[{"count":7,"href":"https:\/\/barnafrid.se\/kunskapsportal\/wp-json\/wp\/v2\/pages\/18065\/revisions"}],"predecessor-version":[{"id":18145,"href":"https:\/\/barnafrid.se\/kunskapsportal\/wp-json\/wp\/v2\/pages\/18065\/revisions\/18145"}],"up":[{"embeddable":true,"href":"https:\/\/barnafrid.se\/kunskapsportal\/wp-json\/wp\/v2\/pages\/18033"}],"wp:attachment":[{"href":"https:\/\/barnafrid.se\/kunskapsportal\/wp-json\/wp\/v2\/media?parent=18065"}],"wp:term":[{"taxonomy":"role","embeddable":true,"href":"https:\/\/barnafrid.se\/kunskapsportal\/wp-json\/wp\/v2\/role?post=18065"}],"curies":[{"name":"wp","href":"https:\/\/api.w.org\/{rel}","templated":true}]}}