{"id":18055,"date":"2026-03-23T13:03:11","date_gmt":"2026-03-23T12:03:11","guid":{"rendered":"https:\/\/barnafrid.se\/kunskapsportal\/?page_id=18055"},"modified":"2026-03-24T14:34:50","modified_gmt":"2026-03-24T13:34:50","slug":"barnfridsbrottet","status":"publish","type":"page","link":"https:\/\/barnafrid.se\/kunskapsportal\/barnafrids-natverk\/resurser-for-dig-som-arbetar-i-barnahus\/lagstiftning-inspelade-forelasningar\/barnfridsbrottet\/","title":{"rendered":"Barnfridsbrottet"},"content":{"rendered":"\n<h2 class=\"wp-block-heading\">Barnfridsbrottet \u2013 bakgrund och till\u00e4mpning<\/h2>\n\n\n\n<p>F\u00f6rel\u00e4sare: Annika Bokefors, senior \u00e5klagare, \u00c5klagarmyndighetens utvecklingscentrum (2025-05-06).<\/p>\n\n\n<div class=\"Videos\">\n        <div class=\"Video Video--original Video--visible\">\n        \n        <figure class=\"VideoPlayer\">\n            <div class=\"VideoPlayer-video VideoPlayer-video--aspect16_9 VideoPlayer-video--hasAspectRatio\">\n                <iframe loading=\"lazy\"\n                    title=\"F\u00f6rel\u00e4sning med Annika Bokefors, senior \u00e5klagare vid \u00c5klagarmyndighetens utvecklingscenter. Annika framh\u00e5ller betydelsen av tidsaspekten och barns r\u00e4tt att bli lyssnade p\u00e5 som viktiga framg\u00e5ngsfaktorer f\u00f6r ett st\u00e4rkt straffr\u00e4ttsligt skydd.\"\n                    src=\"https:\/\/player.vimeo.com\/video\/1092681592?dnt=1&#038;app_id=122963\"\n                    width=\"500\"\n                    height=\"281\"\n                    frameborder=\"0\"\n                    allow=\"autoplay; fullscreen\"\n                    allowfullscreen\n                ><\/iframe>\n            <\/div>\n        <\/figure>\n            <\/div>\n    \n    \n    \n    <div class=\"VideosVersions\">\n        \n            <\/div>\n<\/div>\n\n\n\n<h2 class=\"wp-block-heading\">Fyra \u00e5r av barnfridslagen &#8211; hur tillgodoses barnens r\u00e4ttigheter n\u00e4r de bevittnar v\u00e5ld?<\/h2>\n\n\n\n<p>F\u00f6rel\u00e4sare: Mikaela Magnusson, PhD, senior lektor, Psykologiska institutionen, G\u00f6teborgs universitet och Malin Joleby, postdoktor, Karolinska Institutet (2025-05-06).<\/p>\n\n\n<div class=\"Videos\">\n        <div class=\"Video Video--original Video--visible\">\n        \n        <figure class=\"VideoPlayer\">\n            <div class=\"VideoPlayer-video VideoPlayer-video--aspect16_9 VideoPlayer-video--hasAspectRatio\">\n                <iframe loading=\"lazy\"\n                    title=\"F\u00f6rel\u00e4sning med Mikaela Magnusson, PhD, senior lektor, Psykologiska institutionen vid G\u00f6teborgs universitet och Malin Joleby, postdoktor vid Karolinska institutet. Mikaela och Malin  presenterar resultat fr\u00e5n tv\u00e5 p\u00e5g\u00e5ende forskningsprojekt som fokuserar p\u00e5 hur utredningar och domstolsf\u00f6rhandlingar tillgodoser barns r\u00e4tt till delaktighet och barnanpassade r\u00e4ttsprocesser.\"\n                    src=\"https:\/\/player.vimeo.com\/video\/1092757138?dnt=1&#038;app_id=122963\"\n                    width=\"500\"\n                    height=\"281\"\n                    frameborder=\"0\"\n                    allow=\"autoplay; fullscreen\"\n                    allowfullscreen\n                ><\/iframe>\n            <\/div>\n        <\/figure>\n            <\/div>\n    \n    \n    \n    <div class=\"VideosVersions\">\n        \n            <\/div>\n<\/div>\n\n\n\n<h2 class=\"wp-block-heading\">Barns och ungas erfarenheter av socialtj\u00e4nsten<\/h2>\n\n\n\n<p>F\u00f6rel\u00e4sare: Martina Vikander, socionom och doktorand i socialt arbete, \u00d6rebro universitet (2025-05-06).<\/p>\n\n\n<div class=\"Videos\">\n        <div class=\"Video Video--original Video--visible\">\n        \n        <figure class=\"VideoPlayer\">\n            <div class=\"VideoPlayer-video VideoPlayer-video--aspect16_9 VideoPlayer-video--hasAspectRatio\">\n                <iframe loading=\"lazy\"\n                    title=\"F\u00f6rel\u00e4sning med Martina Vikander, socionom och doktorand i socialt arbete vid \u00d6rebro universitet. Martina redovisar en forsknings\u00f6versikt som beskriver vad barn unga v\u00e4rdes\u00e4tter i m\u00f6tet med socialarbetare.\"\n                    src=\"https:\/\/player.vimeo.com\/video\/1092750057?dnt=1&#038;app_id=122963\"\n                    width=\"500\"\n                    height=\"281\"\n                    frameborder=\"0\"\n                    allow=\"autoplay; fullscreen\"\n                    allowfullscreen\n                ><\/iframe>\n            <\/div>\n        <\/figure>\n            <\/div>\n    \n    \n    \n    <div class=\"VideosVersions\">\n        \n            <\/div>\n<\/div>\n\n\n\n<p><\/p>\n\n\n\n<p><a href=\"https:\/\/barnafrid.se\/kunskapsportal\/barnafrids-natverk\/resurser-for-dig-som-arbetar-i-barnahus\/\"><strong>Tillbaka till start &gt;&gt;<\/strong><\/a><\/p>\n","protected":false},"excerpt":{"rendered":"<p>Barnfridsbrottet \u2013 bakgrund och till\u00e4mpning F\u00f6rel\u00e4sare: Annika Bokefors, senior \u00e5klagare, \u00c5klagarmyndighetens utvecklingscentrum (2025-05-06). Fyra \u00e5r av barnfridslagen &#8211; hur tillgodoses barnens r\u00e4ttigheter n\u00e4r de bevittnar v\u00e5ld? F\u00f6rel\u00e4sare: Mikaela Magnusson, PhD, senior lektor, Psykologiska institutionen, G\u00f6teborgs universitet och Malin Joleby, postdoktor, Karolinska Institutet (2025-05-06). Barns och ungas erfarenheter av socialtj\u00e4nsten F\u00f6rel\u00e4sare: Martina Vikander, socionom och doktorand [&hellip;]<\/p>\n","protected":false},"author":26405,"featured_media":0,"parent":18033,"menu_order":0,"comment_status":"closed","ping_status":"closed","template":"page-centered.php","meta":{"h5ap_radio_sources":[],"footnotes":""},"role":[45],"class_list":["post-18055","page","type-page","status-publish","hentry","role-rattsvasende"],"yoast_head":"<!-- This site is optimized with the Yoast SEO plugin v27.3 - https:\/\/yoast.com\/product\/yoast-seo-wordpress\/ -->\n<title>Barnfridsbrottet - Barnafrid<\/title>\n<meta name=\"robots\" content=\"index, follow, max-snippet:-1, max-image-preview:large, max-video-preview:-1\" \/>\n<link rel=\"canonical\" href=\"https:\/\/barnafrid.se\/kunskapsportal\/barnafrids-natverk\/resurser-for-dig-som-arbetar-i-barnahus\/lagstiftning-inspelade-forelasningar\/barnfridsbrottet\/\" \/>\n<meta property=\"og:locale\" content=\"sv_SE\" \/>\n<meta property=\"og:type\" content=\"article\" \/>\n<meta property=\"og:title\" content=\"Barnfridsbrottet - Barnafrid\" \/>\n<meta property=\"og:description\" content=\"Barnfridsbrottet \u2013 bakgrund och till\u00e4mpning F\u00f6rel\u00e4sare: Annika Bokefors, senior \u00e5klagare, \u00c5klagarmyndighetens utvecklingscentrum (2025-05-06). Fyra \u00e5r av barnfridslagen &#8211; hur tillgodoses barnens r\u00e4ttigheter n\u00e4r de bevittnar v\u00e5ld? F\u00f6rel\u00e4sare: Mikaela Magnusson, PhD, senior lektor, Psykologiska institutionen, G\u00f6teborgs universitet och Malin Joleby, postdoktor, Karolinska Institutet (2025-05-06). Barns och ungas erfarenheter av socialtj\u00e4nsten F\u00f6rel\u00e4sare: Martina Vikander, socionom och doktorand [&hellip;]\" \/>\n<meta property=\"og:url\" content=\"https:\/\/barnafrid.se\/kunskapsportal\/barnafrids-natverk\/resurser-for-dig-som-arbetar-i-barnahus\/lagstiftning-inspelade-forelasningar\/barnfridsbrottet\/\" \/>\n<meta property=\"og:site_name\" content=\"Barnafrid\" \/>\n<meta property=\"article:modified_time\" content=\"2026-03-24T13:34:50+00:00\" \/>\n<meta name=\"twitter:card\" content=\"summary_large_image\" \/>\n<meta name=\"twitter:label1\" content=\"Ber\u00e4knad l\u00e4stid\" \/>\n\t<meta name=\"twitter:data1\" content=\"1 minut\" \/>\n<script type=\"application\/ld+json\" class=\"yoast-schema-graph\">{\"@context\":\"https:\\\/\\\/schema.org\",\"@graph\":[{\"@type\":\"WebPage\",\"@id\":\"https:\\\/\\\/barnafrid.se\\\/kunskapsportal\\\/barnafrids-natverk\\\/resurser-for-dig-som-arbetar-i-barnahus\\\/lagstiftning-inspelade-forelasningar\\\/barnfridsbrottet\\\/\",\"url\":\"https:\\\/\\\/barnafrid.se\\\/kunskapsportal\\\/barnafrids-natverk\\\/resurser-for-dig-som-arbetar-i-barnahus\\\/lagstiftning-inspelade-forelasningar\\\/barnfridsbrottet\\\/\",\"name\":\"Barnfridsbrottet - Barnafrid\",\"isPartOf\":{\"@id\":\"https:\\\/\\\/barnafrid.se\\\/kunskapsportal\\\/#website\"},\"datePublished\":\"2026-03-23T12:03:11+00:00\",\"dateModified\":\"2026-03-24T13:34:50+00:00\",\"breadcrumb\":{\"@id\":\"https:\\\/\\\/barnafrid.se\\\/kunskapsportal\\\/barnafrids-natverk\\\/resurser-for-dig-som-arbetar-i-barnahus\\\/lagstiftning-inspelade-forelasningar\\\/barnfridsbrottet\\\/#breadcrumb\"},\"inLanguage\":\"sv-SE\",\"potentialAction\":[{\"@type\":\"ReadAction\",\"target\":[\"https:\\\/\\\/barnafrid.se\\\/kunskapsportal\\\/barnafrids-natverk\\\/resurser-for-dig-som-arbetar-i-barnahus\\\/lagstiftning-inspelade-forelasningar\\\/barnfridsbrottet\\\/\"]}]},{\"@type\":\"BreadcrumbList\",\"@id\":\"https:\\\/\\\/barnafrid.se\\\/kunskapsportal\\\/barnafrids-natverk\\\/resurser-for-dig-som-arbetar-i-barnahus\\\/lagstiftning-inspelade-forelasningar\\\/barnfridsbrottet\\\/#breadcrumb\",\"itemListElement\":[{\"@type\":\"ListItem\",\"position\":1,\"name\":\"Home\",\"item\":\"https:\\\/\\\/barnafrid.se\\\/kunskapsportal\\\/\"},{\"@type\":\"ListItem\",\"position\":2,\"name\":\"Barnafrids resurssidor n\u00e4tverk\",\"item\":\"https:\\\/\\\/barnafrid.se\\\/kunskapsportal\\\/barnafrids-natverk\\\/\"},{\"@type\":\"ListItem\",\"position\":3,\"name\":\"Resurser f\u00f6r dig som arbetar i barnahus\",\"item\":\"https:\\\/\\\/barnafrid.se\\\/kunskapsportal\\\/barnafrids-natverk\\\/resurser-for-dig-som-arbetar-i-barnahus\\\/\"},{\"@type\":\"ListItem\",\"position\":4,\"name\":\"Lagstiftning\",\"item\":\"https:\\\/\\\/barnafrid.se\\\/kunskapsportal\\\/barnafrids-natverk\\\/resurser-for-dig-som-arbetar-i-barnahus\\\/lagstiftning-inspelade-forelasningar\\\/\"},{\"@type\":\"ListItem\",\"position\":5,\"name\":\"Barnfridsbrottet\"}]},{\"@type\":\"WebSite\",\"@id\":\"https:\\\/\\\/barnafrid.se\\\/kunskapsportal\\\/#website\",\"url\":\"https:\\\/\\\/barnafrid.se\\\/kunskapsportal\\\/\",\"name\":\"Barnafrid\",\"description\":\"Kunskapsportal om v\u00e5ld mot barn\",\"potentialAction\":[{\"@type\":\"SearchAction\",\"target\":{\"@type\":\"EntryPoint\",\"urlTemplate\":\"https:\\\/\\\/barnafrid.se\\\/kunskapsportal\\\/?s={search_term_string}\"},\"query-input\":{\"@type\":\"PropertyValueSpecification\",\"valueRequired\":true,\"valueName\":\"search_term_string\"}}],\"inLanguage\":\"sv-SE\"}]}<\/script>\n<!-- \/ Yoast SEO plugin. -->","yoast_head_json":{"title":"Barnfridsbrottet - Barnafrid","robots":{"index":"index","follow":"follow","max-snippet":"max-snippet:-1","max-image-preview":"max-image-preview:large","max-video-preview":"max-video-preview:-1"},"canonical":"https:\/\/barnafrid.se\/kunskapsportal\/barnafrids-natverk\/resurser-for-dig-som-arbetar-i-barnahus\/lagstiftning-inspelade-forelasningar\/barnfridsbrottet\/","og_locale":"sv_SE","og_type":"article","og_title":"Barnfridsbrottet - Barnafrid","og_description":"Barnfridsbrottet \u2013 bakgrund och till\u00e4mpning F\u00f6rel\u00e4sare: Annika Bokefors, senior \u00e5klagare, \u00c5klagarmyndighetens utvecklingscentrum (2025-05-06). Fyra \u00e5r av barnfridslagen &#8211; hur tillgodoses barnens r\u00e4ttigheter n\u00e4r de bevittnar v\u00e5ld? F\u00f6rel\u00e4sare: Mikaela Magnusson, PhD, senior lektor, Psykologiska institutionen, G\u00f6teborgs universitet och Malin Joleby, postdoktor, Karolinska Institutet (2025-05-06). Barns och ungas erfarenheter av socialtj\u00e4nsten F\u00f6rel\u00e4sare: Martina Vikander, socionom och doktorand [&hellip;]","og_url":"https:\/\/barnafrid.se\/kunskapsportal\/barnafrids-natverk\/resurser-for-dig-som-arbetar-i-barnahus\/lagstiftning-inspelade-forelasningar\/barnfridsbrottet\/","og_site_name":"Barnafrid","article_modified_time":"2026-03-24T13:34:50+00:00","twitter_card":"summary_large_image","twitter_misc":{"Ber\u00e4knad l\u00e4stid":"1 minut"},"schema":{"@context":"https:\/\/schema.org","@graph":[{"@type":"WebPage","@id":"https:\/\/barnafrid.se\/kunskapsportal\/barnafrids-natverk\/resurser-for-dig-som-arbetar-i-barnahus\/lagstiftning-inspelade-forelasningar\/barnfridsbrottet\/","url":"https:\/\/barnafrid.se\/kunskapsportal\/barnafrids-natverk\/resurser-for-dig-som-arbetar-i-barnahus\/lagstiftning-inspelade-forelasningar\/barnfridsbrottet\/","name":"Barnfridsbrottet - Barnafrid","isPartOf":{"@id":"https:\/\/barnafrid.se\/kunskapsportal\/#website"},"datePublished":"2026-03-23T12:03:11+00:00","dateModified":"2026-03-24T13:34:50+00:00","breadcrumb":{"@id":"https:\/\/barnafrid.se\/kunskapsportal\/barnafrids-natverk\/resurser-for-dig-som-arbetar-i-barnahus\/lagstiftning-inspelade-forelasningar\/barnfridsbrottet\/#breadcrumb"},"inLanguage":"sv-SE","potentialAction":[{"@type":"ReadAction","target":["https:\/\/barnafrid.se\/kunskapsportal\/barnafrids-natverk\/resurser-for-dig-som-arbetar-i-barnahus\/lagstiftning-inspelade-forelasningar\/barnfridsbrottet\/"]}]},{"@type":"BreadcrumbList","@id":"https:\/\/barnafrid.se\/kunskapsportal\/barnafrids-natverk\/resurser-for-dig-som-arbetar-i-barnahus\/lagstiftning-inspelade-forelasningar\/barnfridsbrottet\/#breadcrumb","itemListElement":[{"@type":"ListItem","position":1,"name":"Home","item":"https:\/\/barnafrid.se\/kunskapsportal\/"},{"@type":"ListItem","position":2,"name":"Barnafrids resurssidor n\u00e4tverk","item":"https:\/\/barnafrid.se\/kunskapsportal\/barnafrids-natverk\/"},{"@type":"ListItem","position":3,"name":"Resurser f\u00f6r dig som arbetar i barnahus","item":"https:\/\/barnafrid.se\/kunskapsportal\/barnafrids-natverk\/resurser-for-dig-som-arbetar-i-barnahus\/"},{"@type":"ListItem","position":4,"name":"Lagstiftning","item":"https:\/\/barnafrid.se\/kunskapsportal\/barnafrids-natverk\/resurser-for-dig-som-arbetar-i-barnahus\/lagstiftning-inspelade-forelasningar\/"},{"@type":"ListItem","position":5,"name":"Barnfridsbrottet"}]},{"@type":"WebSite","@id":"https:\/\/barnafrid.se\/kunskapsportal\/#website","url":"https:\/\/barnafrid.se\/kunskapsportal\/","name":"Barnafrid","description":"Kunskapsportal om v\u00e5ld mot barn","potentialAction":[{"@type":"SearchAction","target":{"@type":"EntryPoint","urlTemplate":"https:\/\/barnafrid.se\/kunskapsportal\/?s={search_term_string}"},"query-input":{"@type":"PropertyValueSpecification","valueRequired":true,"valueName":"search_term_string"}}],"inLanguage":"sv-SE"}]}},"_links":{"self":[{"href":"https:\/\/barnafrid.se\/kunskapsportal\/wp-json\/wp\/v2\/pages\/18055","targetHints":{"allow":["GET"]}}],"collection":[{"href":"https:\/\/barnafrid.se\/kunskapsportal\/wp-json\/wp\/v2\/pages"}],"about":[{"href":"https:\/\/barnafrid.se\/kunskapsportal\/wp-json\/wp\/v2\/types\/page"}],"author":[{"embeddable":true,"href":"https:\/\/barnafrid.se\/kunskapsportal\/wp-json\/wp\/v2\/users\/26405"}],"replies":[{"embeddable":true,"href":"https:\/\/barnafrid.se\/kunskapsportal\/wp-json\/wp\/v2\/comments?post=18055"}],"version-history":[{"count":8,"href":"https:\/\/barnafrid.se\/kunskapsportal\/wp-json\/wp\/v2\/pages\/18055\/revisions"}],"predecessor-version":[{"id":18146,"href":"https:\/\/barnafrid.se\/kunskapsportal\/wp-json\/wp\/v2\/pages\/18055\/revisions\/18146"}],"up":[{"embeddable":true,"href":"https:\/\/barnafrid.se\/kunskapsportal\/wp-json\/wp\/v2\/pages\/18033"}],"wp:attachment":[{"href":"https:\/\/barnafrid.se\/kunskapsportal\/wp-json\/wp\/v2\/media?parent=18055"}],"wp:term":[{"taxonomy":"role","embeddable":true,"href":"https:\/\/barnafrid.se\/kunskapsportal\/wp-json\/wp\/v2\/role?post=18055"}],"curies":[{"name":"wp","href":"https:\/\/api.w.org\/{rel}","templated":true}]}}