{"id":18033,"date":"2026-03-23T11:38:26","date_gmt":"2026-03-23T10:38:26","guid":{"rendered":"https:\/\/barnafrid.se\/kunskapsportal\/?page_id=18033"},"modified":"2026-03-24T10:31:18","modified_gmt":"2026-03-24T09:31:18","slug":"lagstiftning-inspelade-forelasningar","status":"publish","type":"page","link":"https:\/\/barnafrid.se\/kunskapsportal\/barnafrids-natverk\/resurser-for-dig-som-arbetar-i-barnahus\/lagstiftning-inspelade-forelasningar\/","title":{"rendered":"Lagstiftning"},"content":{"rendered":"<div class='Lead'>\n    H\u00e4r har vi samlat inspelade f\u00f6rel\u00e4sningar om lagstiftning som ber\u00f6r barnahusens verksamhet. Ta del av uppdateringar om barnfridsbrottet, sexualbrottslagstiftning, hedersbrott och utvidgat utresef\u00f6rbud.<\/div>\n\n\n\n\n<div class=\"Card-section Card-section--three \">\n\n\n    <a class=\"Card-link-container\" target=\"_blank\" href=\"https:\/\/barnafrid.se\/kunskapsportal\/barnafrids-natverk\/resurser-for-dig-som-arbetar-i-barnahus\/lagstiftning-inspelade-forelasningar\/barnfridsbrottet\/\">\n        <div class=\"Card Card--purple Card--internal\">\n            <p class=\"Card-pretitle\">Kunskapswebbinarier<\/p>\n            <h2 class=\"Card-title\">Barnfridsbrottet<\/h2>\n            <p>L\u00e4r dig mer om hur barnfridsbrottet har fungerat i praktiken<\/p>            <div class=\"Card-footer\">\n                <span class=\"Card-footer-text\">Till inspelade f\u00f6rel\u00e4sningar<\/span>\n                            <\/div>\n        <\/div>\n    <\/a>\n    <a class=\"Card-link-container\" target=\"_blank\" href=\"https:\/\/barnafrid.se\/kunskapsportal\/barnafrids-natverk\/resurser-for-dig-som-arbetar-i-barnahus\/lagstiftning-inspelade-forelasningar\/sexualbrott-mot-barn\/\">\n        <div class=\"Card Card--white Card--internal\">\n            <p class=\"Card-pretitle\">Kunskapswebbinarier<\/p>\n            <h2 class=\"Card-title\">Sexualbrott mot barn<\/h2>\n            <p>L\u00e4r dig mer om f\u00f6rst\u00e4rkt skydd f\u00f6r 15\u201317-\u00e5ringar<\/p>            <div class=\"Card-footer\">\n                <span class=\"Card-footer-text\">Till inspelade f\u00f6rel\u00e4sningar<\/span>\n                            <\/div>\n        <\/div>\n    <\/a>\n    <a class=\"Card-link-container\" target=\"_blank\" href=\"https:\/\/barnafrid.se\/kunskapsportal\/barnafrids-natverk\/resurser-for-dig-som-arbetar-i-barnahus\/lagstiftning-inspelade-forelasningar\/hedersrelaterat-vald-och-fortryck\/\">\n        <div class=\"Card Card--salmon Card--internal\">\n            <p class=\"Card-pretitle\">Kunskapswebbinarier<\/p>\n            <h2 class=\"Card-title\">Hedersrelaterat v\u00e5ld och f\u00f6rtryck<\/h2>\n            <p>L\u00e4r dig mer om hedersbrottet, utvidgat utresef\u00f6rbud och oskuldsingrepp och kontroll<\/p>            <div class=\"Card-footer\">\n                <span class=\"Card-footer-text\">Till inspelade f\u00f6rel\u00e4sningar<\/span>\n                            <\/div>\n        <\/div>\n    <\/a>\n<\/div>\n\n\n\n<p><a href=\"https:\/\/barnafrid.se\/kunskapsportal\/barnafrids-natverk\/resurser-for-dig-som-arbetar-i-barnahus\/\"><strong>Tillbaka till start >><\/strong><\/a><\/p>\n","protected":false},"excerpt":{"rendered":"<p>Tillbaka till start >><\/p>\n","protected":false},"author":26405,"featured_media":0,"parent":18025,"menu_order":0,"comment_status":"closed","ping_status":"closed","template":"page-centered.php","meta":{"h5ap_radio_sources":[],"footnotes":""},"role":[],"class_list":["post-18033","page","type-page","status-publish","hentry"],"yoast_head":"<!-- This site is optimized with the Yoast SEO plugin v27.3 - https:\/\/yoast.com\/product\/yoast-seo-wordpress\/ -->\n<title>Lagstiftning - Barnafrid<\/title>\n<meta name=\"robots\" content=\"index, follow, max-snippet:-1, max-image-preview:large, max-video-preview:-1\" \/>\n<link rel=\"canonical\" href=\"https:\/\/barnafrid.se\/kunskapsportal\/barnafrids-natverk\/resurser-for-dig-som-arbetar-i-barnahus\/lagstiftning-inspelade-forelasningar\/\" \/>\n<meta property=\"og:locale\" content=\"sv_SE\" \/>\n<meta property=\"og:type\" content=\"article\" \/>\n<meta property=\"og:title\" content=\"Lagstiftning - Barnafrid\" \/>\n<meta property=\"og:description\" content=\"Tillbaka till start &gt;&gt;\" \/>\n<meta property=\"og:url\" content=\"https:\/\/barnafrid.se\/kunskapsportal\/barnafrids-natverk\/resurser-for-dig-som-arbetar-i-barnahus\/lagstiftning-inspelade-forelasningar\/\" \/>\n<meta property=\"og:site_name\" content=\"Barnafrid\" \/>\n<meta property=\"article:modified_time\" content=\"2026-03-24T09:31:18+00:00\" \/>\n<meta name=\"twitter:card\" content=\"summary_large_image\" \/>\n<meta name=\"twitter:label1\" content=\"Ber\u00e4knad l\u00e4stid\" \/>\n\t<meta name=\"twitter:data1\" content=\"1 minut\" \/>\n<script type=\"application\/ld+json\" class=\"yoast-schema-graph\">{\"@context\":\"https:\\\/\\\/schema.org\",\"@graph\":[{\"@type\":\"WebPage\",\"@id\":\"https:\\\/\\\/barnafrid.se\\\/kunskapsportal\\\/barnafrids-natverk\\\/resurser-for-dig-som-arbetar-i-barnahus\\\/lagstiftning-inspelade-forelasningar\\\/\",\"url\":\"https:\\\/\\\/barnafrid.se\\\/kunskapsportal\\\/barnafrids-natverk\\\/resurser-for-dig-som-arbetar-i-barnahus\\\/lagstiftning-inspelade-forelasningar\\\/\",\"name\":\"Lagstiftning - Barnafrid\",\"isPartOf\":{\"@id\":\"https:\\\/\\\/barnafrid.se\\\/kunskapsportal\\\/#website\"},\"datePublished\":\"2026-03-23T10:38:26+00:00\",\"dateModified\":\"2026-03-24T09:31:18+00:00\",\"breadcrumb\":{\"@id\":\"https:\\\/\\\/barnafrid.se\\\/kunskapsportal\\\/barnafrids-natverk\\\/resurser-for-dig-som-arbetar-i-barnahus\\\/lagstiftning-inspelade-forelasningar\\\/#breadcrumb\"},\"inLanguage\":\"sv-SE\",\"potentialAction\":[{\"@type\":\"ReadAction\",\"target\":[\"https:\\\/\\\/barnafrid.se\\\/kunskapsportal\\\/barnafrids-natverk\\\/resurser-for-dig-som-arbetar-i-barnahus\\\/lagstiftning-inspelade-forelasningar\\\/\"]}]},{\"@type\":\"BreadcrumbList\",\"@id\":\"https:\\\/\\\/barnafrid.se\\\/kunskapsportal\\\/barnafrids-natverk\\\/resurser-for-dig-som-arbetar-i-barnahus\\\/lagstiftning-inspelade-forelasningar\\\/#breadcrumb\",\"itemListElement\":[{\"@type\":\"ListItem\",\"position\":1,\"name\":\"Home\",\"item\":\"https:\\\/\\\/barnafrid.se\\\/kunskapsportal\\\/\"},{\"@type\":\"ListItem\",\"position\":2,\"name\":\"Barnafrids resurssidor n\u00e4tverk\",\"item\":\"https:\\\/\\\/barnafrid.se\\\/kunskapsportal\\\/barnafrids-natverk\\\/\"},{\"@type\":\"ListItem\",\"position\":3,\"name\":\"Resurser f\u00f6r dig som arbetar i barnahus\",\"item\":\"https:\\\/\\\/barnafrid.se\\\/kunskapsportal\\\/barnafrids-natverk\\\/resurser-for-dig-som-arbetar-i-barnahus\\\/\"},{\"@type\":\"ListItem\",\"position\":4,\"name\":\"Lagstiftning\"}]},{\"@type\":\"WebSite\",\"@id\":\"https:\\\/\\\/barnafrid.se\\\/kunskapsportal\\\/#website\",\"url\":\"https:\\\/\\\/barnafrid.se\\\/kunskapsportal\\\/\",\"name\":\"Barnafrid\",\"description\":\"Kunskapsportal om v\u00e5ld mot barn\",\"potentialAction\":[{\"@type\":\"SearchAction\",\"target\":{\"@type\":\"EntryPoint\",\"urlTemplate\":\"https:\\\/\\\/barnafrid.se\\\/kunskapsportal\\\/?s={search_term_string}\"},\"query-input\":{\"@type\":\"PropertyValueSpecification\",\"valueRequired\":true,\"valueName\":\"search_term_string\"}}],\"inLanguage\":\"sv-SE\"}]}<\/script>\n<!-- \/ Yoast SEO plugin. -->","yoast_head_json":{"title":"Lagstiftning - Barnafrid","robots":{"index":"index","follow":"follow","max-snippet":"max-snippet:-1","max-image-preview":"max-image-preview:large","max-video-preview":"max-video-preview:-1"},"canonical":"https:\/\/barnafrid.se\/kunskapsportal\/barnafrids-natverk\/resurser-for-dig-som-arbetar-i-barnahus\/lagstiftning-inspelade-forelasningar\/","og_locale":"sv_SE","og_type":"article","og_title":"Lagstiftning - Barnafrid","og_description":"Tillbaka till start >>","og_url":"https:\/\/barnafrid.se\/kunskapsportal\/barnafrids-natverk\/resurser-for-dig-som-arbetar-i-barnahus\/lagstiftning-inspelade-forelasningar\/","og_site_name":"Barnafrid","article_modified_time":"2026-03-24T09:31:18+00:00","twitter_card":"summary_large_image","twitter_misc":{"Ber\u00e4knad l\u00e4stid":"1 minut"},"schema":{"@context":"https:\/\/schema.org","@graph":[{"@type":"WebPage","@id":"https:\/\/barnafrid.se\/kunskapsportal\/barnafrids-natverk\/resurser-for-dig-som-arbetar-i-barnahus\/lagstiftning-inspelade-forelasningar\/","url":"https:\/\/barnafrid.se\/kunskapsportal\/barnafrids-natverk\/resurser-for-dig-som-arbetar-i-barnahus\/lagstiftning-inspelade-forelasningar\/","name":"Lagstiftning - Barnafrid","isPartOf":{"@id":"https:\/\/barnafrid.se\/kunskapsportal\/#website"},"datePublished":"2026-03-23T10:38:26+00:00","dateModified":"2026-03-24T09:31:18+00:00","breadcrumb":{"@id":"https:\/\/barnafrid.se\/kunskapsportal\/barnafrids-natverk\/resurser-for-dig-som-arbetar-i-barnahus\/lagstiftning-inspelade-forelasningar\/#breadcrumb"},"inLanguage":"sv-SE","potentialAction":[{"@type":"ReadAction","target":["https:\/\/barnafrid.se\/kunskapsportal\/barnafrids-natverk\/resurser-for-dig-som-arbetar-i-barnahus\/lagstiftning-inspelade-forelasningar\/"]}]},{"@type":"BreadcrumbList","@id":"https:\/\/barnafrid.se\/kunskapsportal\/barnafrids-natverk\/resurser-for-dig-som-arbetar-i-barnahus\/lagstiftning-inspelade-forelasningar\/#breadcrumb","itemListElement":[{"@type":"ListItem","position":1,"name":"Home","item":"https:\/\/barnafrid.se\/kunskapsportal\/"},{"@type":"ListItem","position":2,"name":"Barnafrids resurssidor n\u00e4tverk","item":"https:\/\/barnafrid.se\/kunskapsportal\/barnafrids-natverk\/"},{"@type":"ListItem","position":3,"name":"Resurser f\u00f6r dig som arbetar i barnahus","item":"https:\/\/barnafrid.se\/kunskapsportal\/barnafrids-natverk\/resurser-for-dig-som-arbetar-i-barnahus\/"},{"@type":"ListItem","position":4,"name":"Lagstiftning"}]},{"@type":"WebSite","@id":"https:\/\/barnafrid.se\/kunskapsportal\/#website","url":"https:\/\/barnafrid.se\/kunskapsportal\/","name":"Barnafrid","description":"Kunskapsportal om v\u00e5ld mot barn","potentialAction":[{"@type":"SearchAction","target":{"@type":"EntryPoint","urlTemplate":"https:\/\/barnafrid.se\/kunskapsportal\/?s={search_term_string}"},"query-input":{"@type":"PropertyValueSpecification","valueRequired":true,"valueName":"search_term_string"}}],"inLanguage":"sv-SE"}]}},"_links":{"self":[{"href":"https:\/\/barnafrid.se\/kunskapsportal\/wp-json\/wp\/v2\/pages\/18033","targetHints":{"allow":["GET"]}}],"collection":[{"href":"https:\/\/barnafrid.se\/kunskapsportal\/wp-json\/wp\/v2\/pages"}],"about":[{"href":"https:\/\/barnafrid.se\/kunskapsportal\/wp-json\/wp\/v2\/types\/page"}],"author":[{"embeddable":true,"href":"https:\/\/barnafrid.se\/kunskapsportal\/wp-json\/wp\/v2\/users\/26405"}],"replies":[{"embeddable":true,"href":"https:\/\/barnafrid.se\/kunskapsportal\/wp-json\/wp\/v2\/comments?post=18033"}],"version-history":[{"count":11,"href":"https:\/\/barnafrid.se\/kunskapsportal\/wp-json\/wp\/v2\/pages\/18033\/revisions"}],"predecessor-version":[{"id":18123,"href":"https:\/\/barnafrid.se\/kunskapsportal\/wp-json\/wp\/v2\/pages\/18033\/revisions\/18123"}],"up":[{"embeddable":true,"href":"https:\/\/barnafrid.se\/kunskapsportal\/wp-json\/wp\/v2\/pages\/18025"}],"wp:attachment":[{"href":"https:\/\/barnafrid.se\/kunskapsportal\/wp-json\/wp\/v2\/media?parent=18033"}],"wp:term":[{"taxonomy":"role","embeddable":true,"href":"https:\/\/barnafrid.se\/kunskapsportal\/wp-json\/wp\/v2\/role?post=18033"}],"curies":[{"name":"wp","href":"https:\/\/api.w.org\/{rel}","templated":true}]}}