{"id":18025,"date":"2026-03-23T11:14:23","date_gmt":"2026-03-23T10:14:23","guid":{"rendered":"https:\/\/barnafrid.se\/kunskapsportal\/?page_id=18025"},"modified":"2026-04-07T18:00:48","modified_gmt":"2026-04-07T16:00:48","slug":"resurser-for-dig-som-arbetar-i-barnahus","status":"publish","type":"page","link":"https:\/\/barnafrid.se\/kunskapsportal\/barnafrids-natverk\/resurser-for-dig-som-arbetar-i-barnahus\/","title":{"rendered":"Resurser f\u00f6r dig som arbetar i barnahus"},"content":{"rendered":"<div class='Lead'>\n    <p>H\u00e4r hittar du samlat kunskapsmaterial fr\u00e5n Barnafrid som st\u00f6djer arbetet i barnahus, till exempel f\u00f6rel\u00e4sningar om lagstiftning, utbildningar, metodst\u00f6d med mera. <\/p><\/div>\n\n\n\n\n<div class=\"Card-section Card-section--three \">\n\n\n    <a class=\"Card-link-container\" target=\"_blank\" href=\"https:\/\/barnafrid.se\/kunskapsportal\/barnafrids-natverk\/resurser-for-dig-som-arbetar-i-barnahus\/fortbildning-for-dig-pa-barnahus\/\">\n        <div class=\"Card Card--blue Card--internal\">\n            <p class=\"Card-pretitle\"><\/p>\n            <h2 class=\"Card-title\">Fortbildning f\u00f6r dig som arbetar p\u00e5 barnahus<\/h2>\n            <p>Fortbilda dig om barnahus m\u00e5lgrupper och verksamhet.<\/p>            <div class=\"Card-footer\">\n                <span class=\"Card-footer-text\">G\u00e5 till \u00f6versiktssida med utvalda webbutbildningar<\/span>\n                <div class=\"Card-image\"><img loading=\"lazy\" decoding=\"async\" width=\"600\" height=\"600\" src=\"https:\/\/barnafrid.se\/kunskapsportal\/wp-content\/uploads\/2024\/01\/hugo_portratt_halvfigur_600px.png\" class=\"attachment-full size-full\" alt=\"Pojke med r\u00f6tt h\u00e5r och bl\u00e5 tr\u00f6ja.\" srcset=\"https:\/\/barnafrid.se\/kunskapsportal\/wp-content\/uploads\/2024\/01\/hugo_portratt_halvfigur_600px.png 600w, https:\/\/barnafrid.se\/kunskapsportal\/wp-content\/uploads\/2024\/01\/hugo_portratt_halvfigur_600px-300x300.png 300w, https:\/\/barnafrid.se\/kunskapsportal\/wp-content\/uploads\/2024\/01\/hugo_portratt_halvfigur_600px-150x150.png 150w\" sizes=\"auto, (max-width: 600px) 100vw, 600px\" \/><\/div>            <\/div>\n        <\/div>\n    <\/a>\n    <a class=\"Card-link-container\" target=\"_blank\" href=\"https:\/\/barnafrid.se\/kunskapsportal\/barnafrids-natverk\/resurser-for-dig-som-arbetar-i-barnahus\/lagstiftning-inspelade-forelasningar\/\">\n        <div class=\"Card Card--aquamarine Card--internal\">\n            <p class=\"Card-pretitle\"><\/p>\n            <h2 class=\"Card-title\">Lagstiftning<\/h2>\n            <p>Ta del av inspelade f\u00f6rel\u00e4sningar om lagstiftning som ber\u00f6r verksamheten p\u00e5 barnahus.<\/p>            <div class=\"Card-footer\">\n                <span class=\"Card-footer-text\">G\u00e5 till sidan om lagstiftning<\/span>\n                <div class=\"Card-image\"><img loading=\"lazy\" decoding=\"async\" width=\"2560\" height=\"1080\" src=\"https:\/\/barnafrid.se\/kunskapsportal\/wp-content\/uploads\/2026\/03\/lagbok-pa-bord-scaled.png\" class=\"attachment-full size-full\" alt=\"Bord d\u00e4r det ligger en lagbok och ordf\u00f6randeklubba.\" srcset=\"https:\/\/barnafrid.se\/kunskapsportal\/wp-content\/uploads\/2026\/03\/lagbok-pa-bord-scaled.png 2560w, https:\/\/barnafrid.se\/kunskapsportal\/wp-content\/uploads\/2026\/03\/lagbok-pa-bord-300x127.png 300w, https:\/\/barnafrid.se\/kunskapsportal\/wp-content\/uploads\/2026\/03\/lagbok-pa-bord-1024x432.png 1024w, https:\/\/barnafrid.se\/kunskapsportal\/wp-content\/uploads\/2026\/03\/lagbok-pa-bord-768x324.png 768w, https:\/\/barnafrid.se\/kunskapsportal\/wp-content\/uploads\/2026\/03\/lagbok-pa-bord-1536x648.png 1536w, https:\/\/barnafrid.se\/kunskapsportal\/wp-content\/uploads\/2026\/03\/lagbok-pa-bord-2048x864.png 2048w\" sizes=\"auto, (max-width: 2560px) 100vw, 2560px\" \/><\/div>            <\/div>\n        <\/div>\n    <\/a>\n    <a class=\"Card-link-container\" target=\"_blank\" href=\"https:\/\/barnafrid.se\/kunskapsportal\/barnafrids-natverk\/resurser-for-dig-som-arbetar-i-barnahus\/metodstod-och-checklistor\/\">\n        <div class=\"Card Card--blue Card--internal\">\n            <p class=\"Card-pretitle\"><\/p>\n            <h2 class=\"Card-title\">Metodst\u00f6d och checklistor<\/h2>\n            <p>Ta del av resurser som st\u00f6djer det praktiska arbetet p\u00e5 barnahus.<\/p>            <div class=\"Card-footer\">\n                <span class=\"Card-footer-text\">G\u00e5 till sidan med metodst\u00f6d och checklistor<\/span>\n                <div class=\"Card-image\"><img loading=\"lazy\" decoding=\"async\" width=\"4214\" height=\"4093\" src=\"https:\/\/barnafrid.se\/kunskapsportal\/wp-content\/uploads\/2024\/09\/barnhander-bok-lila.png\" class=\"attachment-full size-full\" alt=\"Tv\u00e5 h\u00e4nder som h\u00e5ller i en bok med \u00f6ppet siduppslag.\" srcset=\"https:\/\/barnafrid.se\/kunskapsportal\/wp-content\/uploads\/2024\/09\/barnhander-bok-lila.png 4214w, https:\/\/barnafrid.se\/kunskapsportal\/wp-content\/uploads\/2024\/09\/barnhander-bok-lila-300x291.png 300w, https:\/\/barnafrid.se\/kunskapsportal\/wp-content\/uploads\/2024\/09\/barnhander-bok-lila-1024x995.png 1024w, https:\/\/barnafrid.se\/kunskapsportal\/wp-content\/uploads\/2024\/09\/barnhander-bok-lila-768x746.png 768w, https:\/\/barnafrid.se\/kunskapsportal\/wp-content\/uploads\/2024\/09\/barnhander-bok-lila-1536x1492.png 1536w, https:\/\/barnafrid.se\/kunskapsportal\/wp-content\/uploads\/2024\/09\/barnhander-bok-lila-2048x1989.png 2048w\" sizes=\"auto, (max-width: 4214px) 100vw, 4214px\" \/><\/div>            <\/div>\n        <\/div>\n    <\/a>\n    <a class=\"Card-link-container\" target=\"_blank\" href=\"https:\/\/barnafrid.se\/kunskapsportal\/barnafrids-natverk\/resurser-for-dig-som-arbetar-i-barnahus\/rapporter-och-kartlaggningar\/\">\n        <div class=\"Card Card--aquamarine Card--internal\">\n            <p class=\"Card-pretitle\"><\/p>\n            <h2 class=\"Card-title\">Rapporter och kartl\u00e4ggningar<\/h2>\n                        <div class=\"Card-footer\">\n                <span class=\"Card-footer-text\">Ta del av publikationer om barnahus<\/span>\n                <div class=\"Card-image\"><img loading=\"lazy\" decoding=\"async\" width=\"6942\" height=\"6331\" src=\"https:\/\/barnafrid.se\/kunskapsportal\/wp-content\/uploads\/2024\/10\/haander-tangentbord.png\" class=\"attachment-full size-full\" alt=\"\" srcset=\"https:\/\/barnafrid.se\/kunskapsportal\/wp-content\/uploads\/2024\/10\/haander-tangentbord.png 6942w, https:\/\/barnafrid.se\/kunskapsportal\/wp-content\/uploads\/2024\/10\/haander-tangentbord-300x274.png 300w, https:\/\/barnafrid.se\/kunskapsportal\/wp-content\/uploads\/2024\/10\/haander-tangentbord-1024x934.png 1024w, https:\/\/barnafrid.se\/kunskapsportal\/wp-content\/uploads\/2024\/10\/haander-tangentbord-768x700.png 768w, https:\/\/barnafrid.se\/kunskapsportal\/wp-content\/uploads\/2024\/10\/haander-tangentbord-1536x1401.png 1536w, https:\/\/barnafrid.se\/kunskapsportal\/wp-content\/uploads\/2024\/10\/haander-tangentbord-2048x1868.png 2048w\" sizes=\"auto, (max-width: 6942px) 100vw, 6942px\" \/><\/div>            <\/div>\n        <\/div>\n    <\/a>\n    <a class=\"Card-link-container\" target=\"_blank\" href=\"https:\/\/barnafrid.se\/kunskapsportal\/barnafrids-natverk\/resurser-for-dig-som-arbetar-i-barnahus\/kunskap-i-kortformat\/\">\n        <div class=\"Card Card--blue Card--internal\">\n            <p class=\"Card-pretitle\"><\/p>\n            <h2 class=\"Card-title\">Kunskap i kortformat<br><\/h2>\n            <p>H\u00e4r hittar du kunskapsmaterial om barnahus i kortare format.<\/p>            <div class=\"Card-footer\">\n                <span class=\"Card-footer-text\">Ta del av broschyrer utvalda f\u00f6r barnahus<\/span>\n                <div class=\"Card-image\"><img loading=\"lazy\" decoding=\"async\" width=\"2398\" height=\"2231\" src=\"https:\/\/barnafrid.se\/kunskapsportal\/wp-content\/uploads\/2024\/11\/bocker.png\" class=\"attachment-full size-full\" alt=\"\" srcset=\"https:\/\/barnafrid.se\/kunskapsportal\/wp-content\/uploads\/2024\/11\/bocker.png 2398w, https:\/\/barnafrid.se\/kunskapsportal\/wp-content\/uploads\/2024\/11\/bocker-300x279.png 300w, https:\/\/barnafrid.se\/kunskapsportal\/wp-content\/uploads\/2024\/11\/bocker-1024x953.png 1024w, https:\/\/barnafrid.se\/kunskapsportal\/wp-content\/uploads\/2024\/11\/bocker-768x715.png 768w, https:\/\/barnafrid.se\/kunskapsportal\/wp-content\/uploads\/2024\/11\/bocker-1536x1429.png 1536w, https:\/\/barnafrid.se\/kunskapsportal\/wp-content\/uploads\/2024\/11\/bocker-2048x1905.png 2048w\" sizes=\"auto, (max-width: 2398px) 100vw, 2398px\" \/><\/div>            <\/div>\n        <\/div>\n    <\/a>\n    <a class=\"Card-link-container\" target=\"_blank\" href=\"https:\/\/barnafrid.se\/kunskapsportal\/barnafrids-natverk\/resurser-for-dig-som-arbetar-i-barnahus\/nationellt-utvecklingsarbete\/\">\n        <div class=\"Card Card--aquamarine Card--internal\">\n            <p class=\"Card-pretitle\"><\/p>\n            <h2 class=\"Card-title\">Nationellt utvecklingsarbete<\/h2>\n            <p>H\u00e4r hittar du l\u00e4nkar till nationella insatser.<\/p>            <div class=\"Card-footer\">\n                <span class=\"Card-footer-text\">G\u00e5 till sidan om nationell utveckling av barnahus<\/span>\n                <div class=\"Card-image\"><img loading=\"lazy\" decoding=\"async\" width=\"3965\" height=\"2916\" src=\"https:\/\/barnafrid.se\/kunskapsportal\/wp-content\/uploads\/2024\/11\/hand-penna-2.png\" class=\"attachment-full size-full\" alt=\"\" srcset=\"https:\/\/barnafrid.se\/kunskapsportal\/wp-content\/uploads\/2024\/11\/hand-penna-2.png 3965w, https:\/\/barnafrid.se\/kunskapsportal\/wp-content\/uploads\/2024\/11\/hand-penna-2-300x221.png 300w, https:\/\/barnafrid.se\/kunskapsportal\/wp-content\/uploads\/2024\/11\/hand-penna-2-1024x753.png 1024w, https:\/\/barnafrid.se\/kunskapsportal\/wp-content\/uploads\/2024\/11\/hand-penna-2-768x565.png 768w, https:\/\/barnafrid.se\/kunskapsportal\/wp-content\/uploads\/2024\/11\/hand-penna-2-1536x1130.png 1536w, https:\/\/barnafrid.se\/kunskapsportal\/wp-content\/uploads\/2024\/11\/hand-penna-2-2048x1506.png 2048w\" sizes=\"auto, (max-width: 3965px) 100vw, 3965px\" \/><\/div>            <\/div>\n        <\/div>\n    <\/a>\n<\/div>\n\n\n<section class=\"ArticleSection \">\n      <h2 class=\"ArticleSection-title\" id=\"om-sidan\">\n      Om sidan    <\/h2>\n    \n\n<p>Inneh\u00e5llet p\u00e5 den h\u00e4r sidan kompletteras kontinuerligt. Har du synpunkter eller fr\u00e5gor, mejla till <a href=\"mailto:barnafrid@liu.se\" type=\"link\" id=\"barnafrid@liu.se\">barnafrid(at)liu.se<\/a>.<\/p>\n\n<\/section>\n\n\n\n<p><\/p>\n","protected":false},"excerpt":{"rendered":"","protected":false},"author":26405,"featured_media":0,"parent":15734,"menu_order":0,"comment_status":"closed","ping_status":"closed","template":"page-centered.php","meta":{"h5ap_radio_sources":[],"footnotes":""},"role":[],"class_list":["post-18025","page","type-page","status-publish","hentry"],"yoast_head":"<!-- This site is optimized with the Yoast SEO plugin v27.3 - https:\/\/yoast.com\/product\/yoast-seo-wordpress\/ -->\n<title>Resurser f\u00f6r dig som arbetar i barnahus - Barnafrid<\/title>\n<meta name=\"robots\" content=\"index, follow, max-snippet:-1, max-image-preview:large, max-video-preview:-1\" \/>\n<link rel=\"canonical\" href=\"https:\/\/barnafrid.se\/kunskapsportal\/barnafrids-natverk\/resurser-for-dig-som-arbetar-i-barnahus\/\" \/>\n<meta property=\"og:locale\" content=\"sv_SE\" \/>\n<meta property=\"og:type\" content=\"article\" \/>\n<meta property=\"og:title\" content=\"Resurser f\u00f6r dig som arbetar i barnahus - Barnafrid\" \/>\n<meta property=\"og:url\" content=\"https:\/\/barnafrid.se\/kunskapsportal\/barnafrids-natverk\/resurser-for-dig-som-arbetar-i-barnahus\/\" \/>\n<meta property=\"og:site_name\" content=\"Barnafrid\" \/>\n<meta property=\"article:modified_time\" content=\"2026-04-07T16:00:48+00:00\" \/>\n<meta name=\"twitter:card\" content=\"summary_large_image\" \/>\n<meta name=\"twitter:label1\" content=\"Ber\u00e4knad l\u00e4stid\" \/>\n\t<meta name=\"twitter:data1\" content=\"1 minut\" \/>\n<script type=\"application\/ld+json\" class=\"yoast-schema-graph\">{\"@context\":\"https:\\\/\\\/schema.org\",\"@graph\":[{\"@type\":\"WebPage\",\"@id\":\"https:\\\/\\\/barnafrid.se\\\/kunskapsportal\\\/barnafrids-natverk\\\/resurser-for-dig-som-arbetar-i-barnahus\\\/\",\"url\":\"https:\\\/\\\/barnafrid.se\\\/kunskapsportal\\\/barnafrids-natverk\\\/resurser-for-dig-som-arbetar-i-barnahus\\\/\",\"name\":\"Resurser f\u00f6r dig som arbetar i barnahus - Barnafrid\",\"isPartOf\":{\"@id\":\"https:\\\/\\\/barnafrid.se\\\/kunskapsportal\\\/#website\"},\"datePublished\":\"2026-03-23T10:14:23+00:00\",\"dateModified\":\"2026-04-07T16:00:48+00:00\",\"breadcrumb\":{\"@id\":\"https:\\\/\\\/barnafrid.se\\\/kunskapsportal\\\/barnafrids-natverk\\\/resurser-for-dig-som-arbetar-i-barnahus\\\/#breadcrumb\"},\"inLanguage\":\"sv-SE\",\"potentialAction\":[{\"@type\":\"ReadAction\",\"target\":[\"https:\\\/\\\/barnafrid.se\\\/kunskapsportal\\\/barnafrids-natverk\\\/resurser-for-dig-som-arbetar-i-barnahus\\\/\"]}]},{\"@type\":\"BreadcrumbList\",\"@id\":\"https:\\\/\\\/barnafrid.se\\\/kunskapsportal\\\/barnafrids-natverk\\\/resurser-for-dig-som-arbetar-i-barnahus\\\/#breadcrumb\",\"itemListElement\":[{\"@type\":\"ListItem\",\"position\":1,\"name\":\"Home\",\"item\":\"https:\\\/\\\/barnafrid.se\\\/kunskapsportal\\\/\"},{\"@type\":\"ListItem\",\"position\":2,\"name\":\"Barnafrids resurssidor n\u00e4tverk\",\"item\":\"https:\\\/\\\/barnafrid.se\\\/kunskapsportal\\\/barnafrids-natverk\\\/\"},{\"@type\":\"ListItem\",\"position\":3,\"name\":\"Resurser f\u00f6r dig som arbetar i barnahus\"}]},{\"@type\":\"WebSite\",\"@id\":\"https:\\\/\\\/barnafrid.se\\\/kunskapsportal\\\/#website\",\"url\":\"https:\\\/\\\/barnafrid.se\\\/kunskapsportal\\\/\",\"name\":\"Barnafrid\",\"description\":\"Kunskapsportal om v\u00e5ld mot barn\",\"potentialAction\":[{\"@type\":\"SearchAction\",\"target\":{\"@type\":\"EntryPoint\",\"urlTemplate\":\"https:\\\/\\\/barnafrid.se\\\/kunskapsportal\\\/?s={search_term_string}\"},\"query-input\":{\"@type\":\"PropertyValueSpecification\",\"valueRequired\":true,\"valueName\":\"search_term_string\"}}],\"inLanguage\":\"sv-SE\"}]}<\/script>\n<!-- \/ Yoast SEO plugin. -->","yoast_head_json":{"title":"Resurser f\u00f6r dig som arbetar i barnahus - Barnafrid","robots":{"index":"index","follow":"follow","max-snippet":"max-snippet:-1","max-image-preview":"max-image-preview:large","max-video-preview":"max-video-preview:-1"},"canonical":"https:\/\/barnafrid.se\/kunskapsportal\/barnafrids-natverk\/resurser-for-dig-som-arbetar-i-barnahus\/","og_locale":"sv_SE","og_type":"article","og_title":"Resurser f\u00f6r dig som arbetar i barnahus - Barnafrid","og_url":"https:\/\/barnafrid.se\/kunskapsportal\/barnafrids-natverk\/resurser-for-dig-som-arbetar-i-barnahus\/","og_site_name":"Barnafrid","article_modified_time":"2026-04-07T16:00:48+00:00","twitter_card":"summary_large_image","twitter_misc":{"Ber\u00e4knad l\u00e4stid":"1 minut"},"schema":{"@context":"https:\/\/schema.org","@graph":[{"@type":"WebPage","@id":"https:\/\/barnafrid.se\/kunskapsportal\/barnafrids-natverk\/resurser-for-dig-som-arbetar-i-barnahus\/","url":"https:\/\/barnafrid.se\/kunskapsportal\/barnafrids-natverk\/resurser-for-dig-som-arbetar-i-barnahus\/","name":"Resurser f\u00f6r dig som arbetar i barnahus - Barnafrid","isPartOf":{"@id":"https:\/\/barnafrid.se\/kunskapsportal\/#website"},"datePublished":"2026-03-23T10:14:23+00:00","dateModified":"2026-04-07T16:00:48+00:00","breadcrumb":{"@id":"https:\/\/barnafrid.se\/kunskapsportal\/barnafrids-natverk\/resurser-for-dig-som-arbetar-i-barnahus\/#breadcrumb"},"inLanguage":"sv-SE","potentialAction":[{"@type":"ReadAction","target":["https:\/\/barnafrid.se\/kunskapsportal\/barnafrids-natverk\/resurser-for-dig-som-arbetar-i-barnahus\/"]}]},{"@type":"BreadcrumbList","@id":"https:\/\/barnafrid.se\/kunskapsportal\/barnafrids-natverk\/resurser-for-dig-som-arbetar-i-barnahus\/#breadcrumb","itemListElement":[{"@type":"ListItem","position":1,"name":"Home","item":"https:\/\/barnafrid.se\/kunskapsportal\/"},{"@type":"ListItem","position":2,"name":"Barnafrids resurssidor n\u00e4tverk","item":"https:\/\/barnafrid.se\/kunskapsportal\/barnafrids-natverk\/"},{"@type":"ListItem","position":3,"name":"Resurser f\u00f6r dig som arbetar i barnahus"}]},{"@type":"WebSite","@id":"https:\/\/barnafrid.se\/kunskapsportal\/#website","url":"https:\/\/barnafrid.se\/kunskapsportal\/","name":"Barnafrid","description":"Kunskapsportal om v\u00e5ld mot barn","potentialAction":[{"@type":"SearchAction","target":{"@type":"EntryPoint","urlTemplate":"https:\/\/barnafrid.se\/kunskapsportal\/?s={search_term_string}"},"query-input":{"@type":"PropertyValueSpecification","valueRequired":true,"valueName":"search_term_string"}}],"inLanguage":"sv-SE"}]}},"_links":{"self":[{"href":"https:\/\/barnafrid.se\/kunskapsportal\/wp-json\/wp\/v2\/pages\/18025","targetHints":{"allow":["GET"]}}],"collection":[{"href":"https:\/\/barnafrid.se\/kunskapsportal\/wp-json\/wp\/v2\/pages"}],"about":[{"href":"https:\/\/barnafrid.se\/kunskapsportal\/wp-json\/wp\/v2\/types\/page"}],"author":[{"embeddable":true,"href":"https:\/\/barnafrid.se\/kunskapsportal\/wp-json\/wp\/v2\/users\/26405"}],"replies":[{"embeddable":true,"href":"https:\/\/barnafrid.se\/kunskapsportal\/wp-json\/wp\/v2\/comments?post=18025"}],"version-history":[{"count":30,"href":"https:\/\/barnafrid.se\/kunskapsportal\/wp-json\/wp\/v2\/pages\/18025\/revisions"}],"predecessor-version":[{"id":18165,"href":"https:\/\/barnafrid.se\/kunskapsportal\/wp-json\/wp\/v2\/pages\/18025\/revisions\/18165"}],"up":[{"embeddable":true,"href":"https:\/\/barnafrid.se\/kunskapsportal\/wp-json\/wp\/v2\/pages\/15734"}],"wp:attachment":[{"href":"https:\/\/barnafrid.se\/kunskapsportal\/wp-json\/wp\/v2\/media?parent=18025"}],"wp:term":[{"taxonomy":"role","embeddable":true,"href":"https:\/\/barnafrid.se\/kunskapsportal\/wp-json\/wp\/v2\/role?post=18025"}],"curies":[{"name":"wp","href":"https:\/\/api.w.org\/{rel}","templated":true}]}}