{"id":17732,"date":"2026-01-26T23:17:56","date_gmt":"2026-01-26T22:17:56","guid":{"rendered":"https:\/\/barnafrid.se\/kunskapsportal\/?page_id=17732"},"modified":"2026-03-17T09:13:12","modified_gmt":"2026-03-17T08:13:12","slug":"fordjupningstema-heder-ovningsmaterial","status":"publish","type":"page","link":"https:\/\/barnafrid.se\/kunskapsportal\/gruppspar-forskola-2026\/fordjupningstema-heder\/fordjupningstema-heder-ovningsmaterial\/","title":{"rendered":"F\u00f6rdjupningstema heder: \u00d6vningsmaterial"},"content":{"rendered":"\n<figure class=\"Image aligncenter size-full is-resized\"><img loading=\"lazy\" decoding=\"async\" width=\"650\" height=\"344\" src=\"\/kunskapsportal\/wp-content\/uploads\/2019\/12\/barnafrid_image_7-1.png\" alt=\"Illustration av en dator, tablet och mobil med kaffekopp i bakgrunden\" class=\"Image-img wp-image-1098\" style=\"width:386px;height:auto\" srcset=\"https:\/\/barnafrid.se\/kunskapsportal\/wp-content\/uploads\/2019\/12\/barnafrid_image_7-1.png 650w, https:\/\/barnafrid.se\/kunskapsportal\/wp-content\/uploads\/2019\/12\/barnafrid_image_7-1-300x159.png 300w\" sizes=\"auto, (max-width: 650px) 100vw, 650px\" \/><\/figure>\n\n\n\n<h2 class=\"wp-block-heading\">Faktablad<\/h2>\n\n\n\n<ul class=\"List\">\n<li class=\"List-item\"><a href=\"\/kunskapsportal\/wp-content\/uploads\/2026\/03\/tema-heder-faktablad-upptack-och-motverka_deltagare.pdf\">Faktablad hedersrelaterat v\u00e5ld och f\u00f6rtryck, deltagare<\/a> (pdf)<\/li>\n\n\n\n<li class=\"List-item\"><a href=\"\/kunskapsportal\/wp-content\/uploads\/2026\/03\/tema-heder-faktablad-forskolans-forebyggande-arbete.pdf\">Faktablad heder f\u00f6rskolans f\u00f6rebyggande arbete<\/a> (pdf)<\/li>\n\n\n\n<li class=\"List-item\"><a href=\"\/kunskapsportal\/wp-content\/uploads\/2026\/03\/tema-heder-faktablad-bortforande-av-barn.pdf\">Faktablad heder bortf\u00f6rande av barn<\/a> (pdf)<\/li>\n\n\n\n<li class=\"List-item\"><a href=\"https:\/\/barnafrid.se\/kunskapsportal\/wp-content\/uploads\/2026\/03\/tema-heder-faktablad-konsstympning-av-flickor.pdf\">Faktablad heder k\u00f6nsstympning av flickor<\/a> (pdf)<\/li>\n<\/ul>\n\n\n\n<h2 class=\"wp-block-heading\">\u00d6vrigt arbetsmaterial<\/h2>\n\n\n\n<ul class=\"List\">\n<li class=\"List-item\"><a href=\"\/kunskapsportal\/wp-content\/uploads\/2026\/03\/tema-heder-kunskapsunderlag-bemota.pdf\">Kunskapsunderlag heder fem f\u00f6rh\u00e5llningss\u00e4tt<\/a> (pdf)<\/li>\n\n\n\n<li class=\"List-item\"><a href=\"\/kunskapsportal\/wp-content\/uploads\/2026\/03\/tema-heder-lista-signaler-och-symtom.pdf\">Lista heder signaler och symtom<\/a> (pdf)<\/li>\n<\/ul>\n\n\n\n<p class=\"has-text-align-right\"><a href=\"https:\/\/barnafrid.se\/kunskapsportal\/fordjupningstema-heder\/\">Tillbaka till f\u00f6rdjupningstema heder&gt;&gt;<\/a><a href=\"https:\/\/barnafrid.se\/kunskapsportal\/startsida\/barnafrids-utbildningar\/basprogram-om-vald-mot-barn-och-unga-gruppspar-forskola-2\/gruppspar-forskola\/tema-5-tystnadskultur\/\"><br><\/a><\/p>\n\n\n\n<p class=\"has-text-align-right\"><a href=\"https:\/\/barnafrid.se\/kunskapsportal\/startsida\/barnafrids-utbildningar\/basprogram-om-vald-mot-barn-och-unga-gruppspar-forskola-2\/gruppspar-forskola\/\" type=\"link\" id=\"https:\/\/barnafrid.se\/kunskapsportal\/startsida\/barnafrids-utbildningar\/basprogram-om-vald-mot-barn-och-unga-gruppspar-forskola-2\/gruppspar-forskola\/\">Tillbaka till start &gt;&gt;<\/a><\/p>\n\n\n\n<p><\/p>\n","protected":false},"excerpt":{"rendered":"<p>Faktablad \u00d6vrigt arbetsmaterial Tillbaka till f\u00f6rdjupningstema heder&gt;&gt; Tillbaka till start &gt;&gt;<\/p>\n","protected":false},"author":26405,"featured_media":0,"parent":17697,"menu_order":0,"comment_status":"closed","ping_status":"closed","template":"page-centered.php","meta":{"h5ap_radio_sources":[],"footnotes":""},"role":[],"class_list":["post-17732","page","type-page","status-publish","hentry"],"yoast_head":"<!-- This site is optimized with the Yoast SEO plugin v27.5 - https:\/\/yoast.com\/product\/yoast-seo-wordpress\/ -->\n<title>F\u00f6rdjupningstema heder: \u00d6vningsmaterial - Barnafrid<\/title>\n<meta name=\"robots\" content=\"index, follow, max-snippet:-1, max-image-preview:large, max-video-preview:-1\" \/>\n<link rel=\"canonical\" href=\"https:\/\/barnafrid.se\/kunskapsportal\/gruppspar-forskola-2026\/fordjupningstema-heder\/fordjupningstema-heder-ovningsmaterial\/\" \/>\n<meta property=\"og:locale\" content=\"sv_SE\" \/>\n<meta property=\"og:type\" content=\"article\" \/>\n<meta property=\"og:title\" content=\"F\u00f6rdjupningstema heder: \u00d6vningsmaterial - Barnafrid\" \/>\n<meta property=\"og:description\" content=\"Faktablad \u00d6vrigt arbetsmaterial Tillbaka till f\u00f6rdjupningstema heder&gt;&gt; Tillbaka till start &gt;&gt;\" \/>\n<meta property=\"og:url\" content=\"https:\/\/barnafrid.se\/kunskapsportal\/gruppspar-forskola-2026\/fordjupningstema-heder\/fordjupningstema-heder-ovningsmaterial\/\" \/>\n<meta property=\"og:site_name\" content=\"Barnafrid\" \/>\n<meta property=\"article:modified_time\" content=\"2026-03-17T08:13:12+00:00\" \/>\n<meta name=\"twitter:card\" content=\"summary_large_image\" \/>\n<meta name=\"twitter:label1\" content=\"Ber\u00e4knad l\u00e4stid\" \/>\n\t<meta name=\"twitter:data1\" content=\"1 minut\" \/>\n<script type=\"application\/ld+json\" class=\"yoast-schema-graph\">{\"@context\":\"https:\\\/\\\/schema.org\",\"@graph\":[{\"@type\":\"WebPage\",\"@id\":\"https:\\\/\\\/barnafrid.se\\\/kunskapsportal\\\/gruppspar-forskola-2026\\\/fordjupningstema-heder\\\/fordjupningstema-heder-ovningsmaterial\\\/\",\"url\":\"https:\\\/\\\/barnafrid.se\\\/kunskapsportal\\\/gruppspar-forskola-2026\\\/fordjupningstema-heder\\\/fordjupningstema-heder-ovningsmaterial\\\/\",\"name\":\"F\u00f6rdjupningstema heder: \u00d6vningsmaterial - Barnafrid\",\"isPartOf\":{\"@id\":\"https:\\\/\\\/barnafrid.se\\\/kunskapsportal\\\/#website\"},\"datePublished\":\"2026-01-26T22:17:56+00:00\",\"dateModified\":\"2026-03-17T08:13:12+00:00\",\"breadcrumb\":{\"@id\":\"https:\\\/\\\/barnafrid.se\\\/kunskapsportal\\\/gruppspar-forskola-2026\\\/fordjupningstema-heder\\\/fordjupningstema-heder-ovningsmaterial\\\/#breadcrumb\"},\"inLanguage\":\"sv-SE\",\"potentialAction\":[{\"@type\":\"ReadAction\",\"target\":[\"https:\\\/\\\/barnafrid.se\\\/kunskapsportal\\\/gruppspar-forskola-2026\\\/fordjupningstema-heder\\\/fordjupningstema-heder-ovningsmaterial\\\/\"]}]},{\"@type\":\"BreadcrumbList\",\"@id\":\"https:\\\/\\\/barnafrid.se\\\/kunskapsportal\\\/gruppspar-forskola-2026\\\/fordjupningstema-heder\\\/fordjupningstema-heder-ovningsmaterial\\\/#breadcrumb\",\"itemListElement\":[{\"@type\":\"ListItem\",\"position\":1,\"name\":\"Home\",\"item\":\"https:\\\/\\\/barnafrid.se\\\/kunskapsportal\\\/\"},{\"@type\":\"ListItem\",\"position\":2,\"name\":\"V\u00e4lkommen till utbildningen Barnafrids basprogram om v\u00e5ld mot barn och unga \u2013 gruppsp\u00e5r f\u00f6r f\u00f6rskolan (2026)\",\"item\":\"https:\\\/\\\/barnafrid.se\\\/kunskapsportal\\\/gruppspar-forskola-2026\\\/\"},{\"@type\":\"ListItem\",\"position\":3,\"name\":\"F\u00f6rdjupningstema: Uppt\u00e4ck och motverka hedersrelaterat v\u00e5ld och f\u00f6rtryck i f\u00f6rskolan\",\"item\":\"https:\\\/\\\/barnafrid.se\\\/kunskapsportal\\\/gruppspar-forskola-2026\\\/fordjupningstema-heder\\\/\"},{\"@type\":\"ListItem\",\"position\":4,\"name\":\"F\u00f6rdjupningstema heder: \u00d6vningsmaterial\"}]},{\"@type\":\"WebSite\",\"@id\":\"https:\\\/\\\/barnafrid.se\\\/kunskapsportal\\\/#website\",\"url\":\"https:\\\/\\\/barnafrid.se\\\/kunskapsportal\\\/\",\"name\":\"Barnafrid\",\"description\":\"Kunskapsportal om v\u00e5ld mot barn\",\"potentialAction\":[{\"@type\":\"SearchAction\",\"target\":{\"@type\":\"EntryPoint\",\"urlTemplate\":\"https:\\\/\\\/barnafrid.se\\\/kunskapsportal\\\/?s={search_term_string}\"},\"query-input\":{\"@type\":\"PropertyValueSpecification\",\"valueRequired\":true,\"valueName\":\"search_term_string\"}}],\"inLanguage\":\"sv-SE\"}]}<\/script>\n<!-- \/ Yoast SEO plugin. -->","yoast_head_json":{"title":"F\u00f6rdjupningstema heder: \u00d6vningsmaterial - Barnafrid","robots":{"index":"index","follow":"follow","max-snippet":"max-snippet:-1","max-image-preview":"max-image-preview:large","max-video-preview":"max-video-preview:-1"},"canonical":"https:\/\/barnafrid.se\/kunskapsportal\/gruppspar-forskola-2026\/fordjupningstema-heder\/fordjupningstema-heder-ovningsmaterial\/","og_locale":"sv_SE","og_type":"article","og_title":"F\u00f6rdjupningstema heder: \u00d6vningsmaterial - Barnafrid","og_description":"Faktablad \u00d6vrigt arbetsmaterial Tillbaka till f\u00f6rdjupningstema heder&gt;&gt; Tillbaka till start &gt;&gt;","og_url":"https:\/\/barnafrid.se\/kunskapsportal\/gruppspar-forskola-2026\/fordjupningstema-heder\/fordjupningstema-heder-ovningsmaterial\/","og_site_name":"Barnafrid","article_modified_time":"2026-03-17T08:13:12+00:00","twitter_card":"summary_large_image","twitter_misc":{"Ber\u00e4knad l\u00e4stid":"1 minut"},"schema":{"@context":"https:\/\/schema.org","@graph":[{"@type":"WebPage","@id":"https:\/\/barnafrid.se\/kunskapsportal\/gruppspar-forskola-2026\/fordjupningstema-heder\/fordjupningstema-heder-ovningsmaterial\/","url":"https:\/\/barnafrid.se\/kunskapsportal\/gruppspar-forskola-2026\/fordjupningstema-heder\/fordjupningstema-heder-ovningsmaterial\/","name":"F\u00f6rdjupningstema heder: \u00d6vningsmaterial - Barnafrid","isPartOf":{"@id":"https:\/\/barnafrid.se\/kunskapsportal\/#website"},"datePublished":"2026-01-26T22:17:56+00:00","dateModified":"2026-03-17T08:13:12+00:00","breadcrumb":{"@id":"https:\/\/barnafrid.se\/kunskapsportal\/gruppspar-forskola-2026\/fordjupningstema-heder\/fordjupningstema-heder-ovningsmaterial\/#breadcrumb"},"inLanguage":"sv-SE","potentialAction":[{"@type":"ReadAction","target":["https:\/\/barnafrid.se\/kunskapsportal\/gruppspar-forskola-2026\/fordjupningstema-heder\/fordjupningstema-heder-ovningsmaterial\/"]}]},{"@type":"BreadcrumbList","@id":"https:\/\/barnafrid.se\/kunskapsportal\/gruppspar-forskola-2026\/fordjupningstema-heder\/fordjupningstema-heder-ovningsmaterial\/#breadcrumb","itemListElement":[{"@type":"ListItem","position":1,"name":"Home","item":"https:\/\/barnafrid.se\/kunskapsportal\/"},{"@type":"ListItem","position":2,"name":"V\u00e4lkommen till utbildningen Barnafrids basprogram om v\u00e5ld mot barn och unga \u2013 gruppsp\u00e5r f\u00f6r f\u00f6rskolan (2026)","item":"https:\/\/barnafrid.se\/kunskapsportal\/gruppspar-forskola-2026\/"},{"@type":"ListItem","position":3,"name":"F\u00f6rdjupningstema: Uppt\u00e4ck och motverka hedersrelaterat v\u00e5ld och f\u00f6rtryck i f\u00f6rskolan","item":"https:\/\/barnafrid.se\/kunskapsportal\/gruppspar-forskola-2026\/fordjupningstema-heder\/"},{"@type":"ListItem","position":4,"name":"F\u00f6rdjupningstema heder: \u00d6vningsmaterial"}]},{"@type":"WebSite","@id":"https:\/\/barnafrid.se\/kunskapsportal\/#website","url":"https:\/\/barnafrid.se\/kunskapsportal\/","name":"Barnafrid","description":"Kunskapsportal om v\u00e5ld mot barn","potentialAction":[{"@type":"SearchAction","target":{"@type":"EntryPoint","urlTemplate":"https:\/\/barnafrid.se\/kunskapsportal\/?s={search_term_string}"},"query-input":{"@type":"PropertyValueSpecification","valueRequired":true,"valueName":"search_term_string"}}],"inLanguage":"sv-SE"}]}},"_links":{"self":[{"href":"https:\/\/barnafrid.se\/kunskapsportal\/wp-json\/wp\/v2\/pages\/17732","targetHints":{"allow":["GET"]}}],"collection":[{"href":"https:\/\/barnafrid.se\/kunskapsportal\/wp-json\/wp\/v2\/pages"}],"about":[{"href":"https:\/\/barnafrid.se\/kunskapsportal\/wp-json\/wp\/v2\/types\/page"}],"author":[{"embeddable":true,"href":"https:\/\/barnafrid.se\/kunskapsportal\/wp-json\/wp\/v2\/users\/26405"}],"replies":[{"embeddable":true,"href":"https:\/\/barnafrid.se\/kunskapsportal\/wp-json\/wp\/v2\/comments?post=17732"}],"version-history":[{"count":10,"href":"https:\/\/barnafrid.se\/kunskapsportal\/wp-json\/wp\/v2\/pages\/17732\/revisions"}],"predecessor-version":[{"id":17965,"href":"https:\/\/barnafrid.se\/kunskapsportal\/wp-json\/wp\/v2\/pages\/17732\/revisions\/17965"}],"up":[{"embeddable":true,"href":"https:\/\/barnafrid.se\/kunskapsportal\/wp-json\/wp\/v2\/pages\/17697"}],"wp:attachment":[{"href":"https:\/\/barnafrid.se\/kunskapsportal\/wp-json\/wp\/v2\/media?parent=17732"}],"wp:term":[{"taxonomy":"role","embeddable":true,"href":"https:\/\/barnafrid.se\/kunskapsportal\/wp-json\/wp\/v2\/role?post=17732"}],"curies":[{"name":"wp","href":"https:\/\/api.w.org\/{rel}","templated":true}]}}