{"id":17709,"date":"2026-01-26T23:28:28","date_gmt":"2026-01-26T22:28:28","guid":{"rendered":"https:\/\/barnafrid.se\/kunskapsportal\/?page_id=17709"},"modified":"2026-04-07T14:30:51","modified_gmt":"2026-04-07T12:30:51","slug":"handledningsmaterial-heder","status":"publish","type":"page","link":"https:\/\/barnafrid.se\/kunskapsportal\/gruppspar-forskola-2026\/fordjupningstema-heder\/handledningsmaterial-heder\/","title":{"rendered":"F\u00f6rdjupningstema heder: Handledningsmaterial"},"content":{"rendered":"\n<figure class=\"Image size-full\"><img loading=\"lazy\" decoding=\"async\" width=\"260\" height=\"385\" src=\"\/kunskapsportal\/wp-content\/uploads\/2021\/06\/kvinna-vid-dator.png\" alt=\"Kvinna sitter vid laptop\" class=\"Image-img wp-image-2947\" srcset=\"https:\/\/barnafrid.se\/kunskapsportal\/wp-content\/uploads\/2021\/06\/kvinna-vid-dator.png 260w, https:\/\/barnafrid.se\/kunskapsportal\/wp-content\/uploads\/2021\/06\/kvinna-vid-dator-203x300.png 203w\" sizes=\"auto, (max-width: 260px) 100vw, 260px\" \/><\/figure>\n\n\n\n<ul class=\"List\">\n<li class=\"List-item\"><a href=\"\/kunskapsportal\/wp-content\/uploads\/2026\/03\/tema-heder-handledning-introduktion.pdf\">Handledning till f\u00f6rdjupningstema heder f\u00f6r dig som utbildningsledare<\/a> (pdf)<\/li>\n\n\n\n<li class=\"List-item\"><a href=\"\/kunskapsportal\/wp-content\/uploads\/2026\/03\/fordjupningstema-heder.pptx\">En powerpointpresentation&nbsp;med ett uppl\u00e4gg och bilder som du kan utg\u00e5 ifr\u00e5n<\/a> (ppt)<\/li>\n\n\n\n<li class=\"List-item\"><a href=\"\/kunskapsportal\/wp-content\/uploads\/2026\/03\/tema-heder-faktablad-upptack-och-motverka_utbildningsledare.pdf\">Faktablad hedersrelaterat v\u00e5ld och f\u00f6rtryck, utbildningsledare<\/a> (pdf)<\/li>\n<\/ul>\n\n\n\n<h2 class=\"wp-block-heading\">\u00d6vningar<\/h2>\n\n\n\n<ul class=\"List\">\n<li class=\"List-item\"><a href=\"\/kunskapsportal\/wp-content\/uploads\/2026\/03\/tema-heder-handledn-ovning-1-forhallningssatt.pdf\">Handledning heder \u00f6vning 1 f\u00f6rh\u00e5llningss\u00e4tt<\/a> (pdf)<\/li>\n\n\n\n<li class=\"List-item\"><a href=\"\/kunskapsportal\/wp-content\/uploads\/2026\/03\/tema-heder-handledn-ovning-2-kunskap-och-erfarenheter.pdf\">Handledning heder \u00f6vning 2 kunskap och erfarenheter<\/a> (pdf)<\/li>\n<\/ul>\n\n\n\n<p class=\"has-text-align-right\"><a href=\"https:\/\/barnafrid.se\/kunskapsportal\/fordjupningstema-heder\/\">Tillbaka till f\u00f6rdjupningstema heder &gt;&gt;<\/a><br><\/p>\n\n\n\n<p class=\"has-text-align-right\"><a href=\"https:\/\/barnafrid.se\/kunskapsportal\/startsida\/barnafrids-utbildningar\/basprogram-om-vald-mot-barn-och-unga-gruppspar-forskola-2\/gruppspar-forskola\/\">Tillbaka till start &gt;&gt;<\/a><\/p>\n\n\n\n<p><\/p>\n","protected":false},"excerpt":{"rendered":"<p>\u00d6vningar Tillbaka till f\u00f6rdjupningstema heder &gt;&gt; Tillbaka till start &gt;&gt;<\/p>\n","protected":false},"author":26405,"featured_media":0,"parent":17697,"menu_order":0,"comment_status":"closed","ping_status":"closed","template":"page-centered.php","meta":{"h5ap_radio_sources":[],"footnotes":""},"role":[],"class_list":["post-17709","page","type-page","status-publish","hentry"],"yoast_head":"<!-- This site is optimized with the Yoast SEO plugin v27.5 - https:\/\/yoast.com\/product\/yoast-seo-wordpress\/ -->\n<title>F\u00f6rdjupningstema heder: Handledningsmaterial - Barnafrid<\/title>\n<meta name=\"robots\" content=\"index, follow, max-snippet:-1, max-image-preview:large, max-video-preview:-1\" \/>\n<link rel=\"canonical\" href=\"https:\/\/barnafrid.se\/kunskapsportal\/gruppspar-forskola-2026\/fordjupningstema-heder\/handledningsmaterial-heder\/\" \/>\n<meta property=\"og:locale\" content=\"sv_SE\" \/>\n<meta property=\"og:type\" content=\"article\" \/>\n<meta property=\"og:title\" content=\"F\u00f6rdjupningstema heder: Handledningsmaterial - Barnafrid\" \/>\n<meta property=\"og:description\" content=\"\u00d6vningar Tillbaka till f\u00f6rdjupningstema heder &gt;&gt; Tillbaka till start &gt;&gt;\" \/>\n<meta property=\"og:url\" content=\"https:\/\/barnafrid.se\/kunskapsportal\/gruppspar-forskola-2026\/fordjupningstema-heder\/handledningsmaterial-heder\/\" \/>\n<meta property=\"og:site_name\" content=\"Barnafrid\" \/>\n<meta property=\"article:modified_time\" content=\"2026-04-07T12:30:51+00:00\" \/>\n<meta name=\"twitter:card\" content=\"summary_large_image\" \/>\n<meta name=\"twitter:label1\" content=\"Ber\u00e4knad l\u00e4stid\" \/>\n\t<meta name=\"twitter:data1\" content=\"1 minut\" \/>\n<script type=\"application\/ld+json\" class=\"yoast-schema-graph\">{\"@context\":\"https:\\\/\\\/schema.org\",\"@graph\":[{\"@type\":\"WebPage\",\"@id\":\"https:\\\/\\\/barnafrid.se\\\/kunskapsportal\\\/gruppspar-forskola-2026\\\/fordjupningstema-heder\\\/handledningsmaterial-heder\\\/\",\"url\":\"https:\\\/\\\/barnafrid.se\\\/kunskapsportal\\\/gruppspar-forskola-2026\\\/fordjupningstema-heder\\\/handledningsmaterial-heder\\\/\",\"name\":\"F\u00f6rdjupningstema heder: Handledningsmaterial - Barnafrid\",\"isPartOf\":{\"@id\":\"https:\\\/\\\/barnafrid.se\\\/kunskapsportal\\\/#website\"},\"datePublished\":\"2026-01-26T22:28:28+00:00\",\"dateModified\":\"2026-04-07T12:30:51+00:00\",\"breadcrumb\":{\"@id\":\"https:\\\/\\\/barnafrid.se\\\/kunskapsportal\\\/gruppspar-forskola-2026\\\/fordjupningstema-heder\\\/handledningsmaterial-heder\\\/#breadcrumb\"},\"inLanguage\":\"sv-SE\",\"potentialAction\":[{\"@type\":\"ReadAction\",\"target\":[\"https:\\\/\\\/barnafrid.se\\\/kunskapsportal\\\/gruppspar-forskola-2026\\\/fordjupningstema-heder\\\/handledningsmaterial-heder\\\/\"]}]},{\"@type\":\"BreadcrumbList\",\"@id\":\"https:\\\/\\\/barnafrid.se\\\/kunskapsportal\\\/gruppspar-forskola-2026\\\/fordjupningstema-heder\\\/handledningsmaterial-heder\\\/#breadcrumb\",\"itemListElement\":[{\"@type\":\"ListItem\",\"position\":1,\"name\":\"Home\",\"item\":\"https:\\\/\\\/barnafrid.se\\\/kunskapsportal\\\/\"},{\"@type\":\"ListItem\",\"position\":2,\"name\":\"V\u00e4lkommen till utbildningen Barnafrids basprogram om v\u00e5ld mot barn och unga \u2013 gruppsp\u00e5r f\u00f6r f\u00f6rskolan (2026)\",\"item\":\"https:\\\/\\\/barnafrid.se\\\/kunskapsportal\\\/gruppspar-forskola-2026\\\/\"},{\"@type\":\"ListItem\",\"position\":3,\"name\":\"F\u00f6rdjupningstema: Uppt\u00e4ck och motverka hedersrelaterat v\u00e5ld och f\u00f6rtryck i f\u00f6rskolan\",\"item\":\"https:\\\/\\\/barnafrid.se\\\/kunskapsportal\\\/gruppspar-forskola-2026\\\/fordjupningstema-heder\\\/\"},{\"@type\":\"ListItem\",\"position\":4,\"name\":\"F\u00f6rdjupningstema heder: Handledningsmaterial\"}]},{\"@type\":\"WebSite\",\"@id\":\"https:\\\/\\\/barnafrid.se\\\/kunskapsportal\\\/#website\",\"url\":\"https:\\\/\\\/barnafrid.se\\\/kunskapsportal\\\/\",\"name\":\"Barnafrid\",\"description\":\"Kunskapsportal om v\u00e5ld mot barn\",\"potentialAction\":[{\"@type\":\"SearchAction\",\"target\":{\"@type\":\"EntryPoint\",\"urlTemplate\":\"https:\\\/\\\/barnafrid.se\\\/kunskapsportal\\\/?s={search_term_string}\"},\"query-input\":{\"@type\":\"PropertyValueSpecification\",\"valueRequired\":true,\"valueName\":\"search_term_string\"}}],\"inLanguage\":\"sv-SE\"}]}<\/script>\n<!-- \/ Yoast SEO plugin. -->","yoast_head_json":{"title":"F\u00f6rdjupningstema heder: Handledningsmaterial - Barnafrid","robots":{"index":"index","follow":"follow","max-snippet":"max-snippet:-1","max-image-preview":"max-image-preview:large","max-video-preview":"max-video-preview:-1"},"canonical":"https:\/\/barnafrid.se\/kunskapsportal\/gruppspar-forskola-2026\/fordjupningstema-heder\/handledningsmaterial-heder\/","og_locale":"sv_SE","og_type":"article","og_title":"F\u00f6rdjupningstema heder: Handledningsmaterial - Barnafrid","og_description":"\u00d6vningar Tillbaka till f\u00f6rdjupningstema heder &gt;&gt; Tillbaka till start &gt;&gt;","og_url":"https:\/\/barnafrid.se\/kunskapsportal\/gruppspar-forskola-2026\/fordjupningstema-heder\/handledningsmaterial-heder\/","og_site_name":"Barnafrid","article_modified_time":"2026-04-07T12:30:51+00:00","twitter_card":"summary_large_image","twitter_misc":{"Ber\u00e4knad l\u00e4stid":"1 minut"},"schema":{"@context":"https:\/\/schema.org","@graph":[{"@type":"WebPage","@id":"https:\/\/barnafrid.se\/kunskapsportal\/gruppspar-forskola-2026\/fordjupningstema-heder\/handledningsmaterial-heder\/","url":"https:\/\/barnafrid.se\/kunskapsportal\/gruppspar-forskola-2026\/fordjupningstema-heder\/handledningsmaterial-heder\/","name":"F\u00f6rdjupningstema heder: Handledningsmaterial - Barnafrid","isPartOf":{"@id":"https:\/\/barnafrid.se\/kunskapsportal\/#website"},"datePublished":"2026-01-26T22:28:28+00:00","dateModified":"2026-04-07T12:30:51+00:00","breadcrumb":{"@id":"https:\/\/barnafrid.se\/kunskapsportal\/gruppspar-forskola-2026\/fordjupningstema-heder\/handledningsmaterial-heder\/#breadcrumb"},"inLanguage":"sv-SE","potentialAction":[{"@type":"ReadAction","target":["https:\/\/barnafrid.se\/kunskapsportal\/gruppspar-forskola-2026\/fordjupningstema-heder\/handledningsmaterial-heder\/"]}]},{"@type":"BreadcrumbList","@id":"https:\/\/barnafrid.se\/kunskapsportal\/gruppspar-forskola-2026\/fordjupningstema-heder\/handledningsmaterial-heder\/#breadcrumb","itemListElement":[{"@type":"ListItem","position":1,"name":"Home","item":"https:\/\/barnafrid.se\/kunskapsportal\/"},{"@type":"ListItem","position":2,"name":"V\u00e4lkommen till utbildningen Barnafrids basprogram om v\u00e5ld mot barn och unga \u2013 gruppsp\u00e5r f\u00f6r f\u00f6rskolan (2026)","item":"https:\/\/barnafrid.se\/kunskapsportal\/gruppspar-forskola-2026\/"},{"@type":"ListItem","position":3,"name":"F\u00f6rdjupningstema: Uppt\u00e4ck och motverka hedersrelaterat v\u00e5ld och f\u00f6rtryck i f\u00f6rskolan","item":"https:\/\/barnafrid.se\/kunskapsportal\/gruppspar-forskola-2026\/fordjupningstema-heder\/"},{"@type":"ListItem","position":4,"name":"F\u00f6rdjupningstema heder: Handledningsmaterial"}]},{"@type":"WebSite","@id":"https:\/\/barnafrid.se\/kunskapsportal\/#website","url":"https:\/\/barnafrid.se\/kunskapsportal\/","name":"Barnafrid","description":"Kunskapsportal om v\u00e5ld mot barn","potentialAction":[{"@type":"SearchAction","target":{"@type":"EntryPoint","urlTemplate":"https:\/\/barnafrid.se\/kunskapsportal\/?s={search_term_string}"},"query-input":{"@type":"PropertyValueSpecification","valueRequired":true,"valueName":"search_term_string"}}],"inLanguage":"sv-SE"}]}},"_links":{"self":[{"href":"https:\/\/barnafrid.se\/kunskapsportal\/wp-json\/wp\/v2\/pages\/17709","targetHints":{"allow":["GET"]}}],"collection":[{"href":"https:\/\/barnafrid.se\/kunskapsportal\/wp-json\/wp\/v2\/pages"}],"about":[{"href":"https:\/\/barnafrid.se\/kunskapsportal\/wp-json\/wp\/v2\/types\/page"}],"author":[{"embeddable":true,"href":"https:\/\/barnafrid.se\/kunskapsportal\/wp-json\/wp\/v2\/users\/26405"}],"replies":[{"embeddable":true,"href":"https:\/\/barnafrid.se\/kunskapsportal\/wp-json\/wp\/v2\/comments?post=17709"}],"version-history":[{"count":14,"href":"https:\/\/barnafrid.se\/kunskapsportal\/wp-json\/wp\/v2\/pages\/17709\/revisions"}],"predecessor-version":[{"id":18164,"href":"https:\/\/barnafrid.se\/kunskapsportal\/wp-json\/wp\/v2\/pages\/17709\/revisions\/18164"}],"up":[{"embeddable":true,"href":"https:\/\/barnafrid.se\/kunskapsportal\/wp-json\/wp\/v2\/pages\/17697"}],"wp:attachment":[{"href":"https:\/\/barnafrid.se\/kunskapsportal\/wp-json\/wp\/v2\/media?parent=17709"}],"wp:term":[{"taxonomy":"role","embeddable":true,"href":"https:\/\/barnafrid.se\/kunskapsportal\/wp-json\/wp\/v2\/role?post=17709"}],"curies":[{"name":"wp","href":"https:\/\/api.w.org\/{rel}","templated":true}]}}