{"id":17697,"date":"2026-01-26T23:41:12","date_gmt":"2026-01-26T22:41:12","guid":{"rendered":"https:\/\/barnafrid.se\/kunskapsportal\/?page_id=17697"},"modified":"2026-04-24T11:27:58","modified_gmt":"2026-04-24T09:27:58","slug":"fordjupningstema-heder","status":"publish","type":"page","link":"https:\/\/barnafrid.se\/kunskapsportal\/gruppspar-forskola-2026\/fordjupningstema-heder\/","title":{"rendered":"F\u00f6rdjupningstema: Uppt\u00e4ck och motverka hedersrelaterat v\u00e5ld och f\u00f6rtryck i f\u00f6rskolan"},"content":{"rendered":"\n<figure class=\"Image size-full is-resized\"><img loading=\"lazy\" decoding=\"async\" width=\"650\" height=\"712\" src=\"\/kunskapsportal\/wp-content\/uploads\/2019\/12\/barnafrid_image_30.png\" alt=\"Illustration barns ansikte med f\u00e4rgmoln framf\u00f6r munnen\" class=\"Image-img wp-image-849\" style=\"width:329px;height:auto\" srcset=\"https:\/\/barnafrid.se\/kunskapsportal\/wp-content\/uploads\/2019\/12\/barnafrid_image_30.png 650w, https:\/\/barnafrid.se\/kunskapsportal\/wp-content\/uploads\/2019\/12\/barnafrid_image_30-274x300.png 274w\" sizes=\"auto, (max-width: 650px) 100vw, 650px\" \/><\/figure>\n\n\n\n<p>Syftet med f\u00f6rdjupningstema hedersrelaterat v\u00e5ld och f\u00f6rtryck \u00e4r att du och dina kollegor ska l\u00e4ra er mer om hur ni f\u00f6rskolan kan uppt\u00e4cka och motverka hedersnormer p\u00e5 f\u00f6rskolan.<\/p>\n\n\n\n<p>M\u00e5let med temat \u00e4r att f\u00e5 kunskap om<\/p>\n\n\n\n<ul class=\"List\">\n<li class=\"List-item\">vad hedersrelaterat v\u00e5ld och f\u00f6rtryck \u00e4r<\/li>\n\n\n\n<li class=\"List-item\">k\u00f6nsstympning och bortf\u00f6rande av barn, som \u00e4r tv\u00e5 allvarliga former av hedersrelaterat v\u00e5ld och f\u00f6rtryck<\/li>\n\n\n\n<li class=\"List-item\">tecken, signaler och symtom hos ett barn som \u00e4r utsatt f\u00f6r hedersrelaterat v\u00e5ld och f\u00f6rtryck<\/li>\n\n\n\n<li class=\"List-item\">hur f\u00f6rskolepersonal kan hantera om n\u00e5gon i personalen eller ledningen bidrar till att uppr\u00e4tth\u00e5lla hedersnormer p\u00e5 f\u00f6rskolan<\/li>\n\n\n\n<li class=\"List-item\">f\u00f6rebyggande arbete f\u00f6r att motverka hedersrelaterat v\u00e5ld och f\u00f6rtryck<\/li>\n\n\n\n<li class=\"List-item\">hur bem\u00f6tande av v\u00e5rdnadshavare som st\u00e4ller krav p\u00e5 f\u00f6rskolan om att uppr\u00e4tth\u00e5lla hedersnormer.<\/li>\n<\/ul>\n\n\n\n<p><\/p>\n\n\n\n\n<div class=\"Card-section Card-section--three \">\n\n\n    <a class=\"Card-link-container\" target=\"_blank\" href=\"https:\/\/barnafrid.se\/kunskapsportal\/gruppspar-forskola-2026\/fordjupningstema-heder\/handledningsmaterial-heder\/\">\n        <div class=\"Card Card--blue Card--internal\">\n            <p class=\"Card-pretitle\"><\/p>\n            <h2 class=\"Card-title\">Handledningsmaterial<\/h2>\n                        <div class=\"Card-footer\">\n                <span class=\"Card-footer-text\">G\u00e5 till handledningsmaterialet f\u00f6r f\u00f6rdjupningstema heder.<\/span>\n                            <\/div>\n        <\/div>\n    <\/a>\n    <a class=\"Card-link-container\" target=\"_blank\" href=\"https:\/\/barnafrid.se\/kunskapsportal\/gruppspar-forskola-2026\/fordjupningstema-heder\/fordjupningstema-heder-ovningsmaterial\/\">\n        <div class=\"Card Card--aquamarine Card--internal\">\n            <p class=\"Card-pretitle\"><\/p>\n            <h2 class=\"Card-title\">\u00d6vningsmaterial<\/h2>\n                        <div class=\"Card-footer\">\n                <span class=\"Card-footer-text\">G\u00e5 till \u00f6vningsmaterialet f\u00f6r f\u00f6rdjupningstema heder.<\/span>\n                            <\/div>\n        <\/div>\n    <\/a>\n    <a class=\"Card-link-container\" target=\"_blank\" href=\"https:\/\/barnafrid.se\/kunskapsportal\/gruppspar-forskola-2026\/fordjupningstema-heder\/fordjupningstema-heder-scenarioovning\/\">\n        <div class=\"Card Card--purple Card--internal\">\n            <p class=\"Card-pretitle\"><\/p>\n            <h2 class=\"Card-title\">Scenario\u00f6vning<\/h2>\n                        <div class=\"Card-footer\">\n                <span class=\"Card-footer-text\">G\u00e5 till scenario\u00f6vningar f\u00f6r f\u00f6rdjupningstema heder. <\/span>\n                            <\/div>\n        <\/div>\n    <\/a>\n<\/div>\n\n\n<section class=\"ArticleSection \">\n      <h2 class=\"ArticleSection-title\" id=\"valkommen-pa-lansering-tisdag-16-juni\">\n      V\u00e4lkommen p\u00e5 lansering tisdag 16 juni!    <\/h2>\n    \n\n<p>Medarbetare fr\u00e5n f\u00f6rskolan ber\u00e4ttar hur de anv\u00e4nder det nya f\u00f6rdjupningsmaterialet i sitt arbete f\u00f6r att bli b\u00e4ttre p\u00e5 att uppt\u00e4cka och agera n\u00e4r barn riskerar att uts\u00e4ttas f\u00f6r hedersf\u00f6rtryck. <\/p>\n\n\n\n<p><a href=\"https:\/\/www.lyyti.fi\/reg\/16juni_lansering\" target=\"_blank\" rel=\"noreferrer noopener\">L\u00e4s mer och anm\u00e4l dig h\u00e4r<\/a><\/p>\n\n\n\n<figure class=\"Image size-full\"><img loading=\"lazy\" decoding=\"async\" width=\"650\" height=\"529\" src=\"\/kunskapsportal\/wp-content\/uploads\/2019\/12\/barnafrid_image_53-1.png\" alt=\"Barn leker sittande med leksaksbilar.\" class=\"Image-img wp-image-1214\" srcset=\"https:\/\/barnafrid.se\/kunskapsportal\/wp-content\/uploads\/2019\/12\/barnafrid_image_53-1.png 650w, https:\/\/barnafrid.se\/kunskapsportal\/wp-content\/uploads\/2019\/12\/barnafrid_image_53-1-300x244.png 300w\" sizes=\"auto, (max-width: 650px) 100vw, 650px\" \/><\/figure>\n\n<\/section>\n\n\n\n<p><a href=\"https:\/\/barnafrid.se\/kunskapsportal\/startsida\/barnafrids-utbildningar\/basprogram-om-vald-mot-barn-och-unga-gruppspar-forskola-2\/gruppspar-forskola\/\">Tillbaka till start &gt;&gt;<\/a><\/p>\n\n\n\n<p><\/p>\n","protected":false},"excerpt":{"rendered":"<p>Syftet med f\u00f6rdjupningstema hedersrelaterat v\u00e5ld och f\u00f6rtryck \u00e4r att du och dina kollegor ska l\u00e4ra er mer om hur ni f\u00f6rskolan kan uppt\u00e4cka och motverka hedersnormer p\u00e5 f\u00f6rskolan. M\u00e5let med temat \u00e4r att f\u00e5 kunskap om Tillbaka till start &gt;&gt;<\/p>\n","protected":false},"author":26405,"featured_media":0,"parent":16948,"menu_order":0,"comment_status":"closed","ping_status":"closed","template":"page-centered.php","meta":{"h5ap_radio_sources":[],"footnotes":""},"role":[],"class_list":["post-17697","page","type-page","status-publish","hentry"],"yoast_head":"<!-- This site is optimized with the Yoast SEO plugin v27.5 - https:\/\/yoast.com\/product\/yoast-seo-wordpress\/ -->\n<title>F\u00f6rdjupningstema: Uppt\u00e4ck och motverka hedersrelaterat v\u00e5ld och f\u00f6rtryck i f\u00f6rskolan - Barnafrid<\/title>\n<meta name=\"robots\" content=\"index, follow, max-snippet:-1, max-image-preview:large, max-video-preview:-1\" \/>\n<link rel=\"canonical\" href=\"https:\/\/barnafrid.se\/kunskapsportal\/gruppspar-forskola-2026\/fordjupningstema-heder\/\" \/>\n<meta property=\"og:locale\" content=\"sv_SE\" \/>\n<meta property=\"og:type\" content=\"article\" \/>\n<meta property=\"og:title\" content=\"F\u00f6rdjupningstema: Uppt\u00e4ck och motverka hedersrelaterat v\u00e5ld och f\u00f6rtryck i f\u00f6rskolan - Barnafrid\" \/>\n<meta property=\"og:description\" content=\"Syftet med f\u00f6rdjupningstema hedersrelaterat v\u00e5ld och f\u00f6rtryck \u00e4r att du och dina kollegor ska l\u00e4ra er mer om hur ni f\u00f6rskolan kan uppt\u00e4cka och motverka hedersnormer p\u00e5 f\u00f6rskolan. M\u00e5let med temat \u00e4r att f\u00e5 kunskap om Tillbaka till start &gt;&gt;\" \/>\n<meta property=\"og:url\" content=\"https:\/\/barnafrid.se\/kunskapsportal\/gruppspar-forskola-2026\/fordjupningstema-heder\/\" \/>\n<meta property=\"og:site_name\" content=\"Barnafrid\" \/>\n<meta property=\"article:modified_time\" content=\"2026-04-24T09:27:58+00:00\" \/>\n<meta name=\"twitter:card\" content=\"summary_large_image\" \/>\n<meta name=\"twitter:label1\" content=\"Ber\u00e4knad l\u00e4stid\" \/>\n\t<meta name=\"twitter:data1\" content=\"2 minuter\" \/>\n<script type=\"application\/ld+json\" class=\"yoast-schema-graph\">{\"@context\":\"https:\\\/\\\/schema.org\",\"@graph\":[{\"@type\":\"WebPage\",\"@id\":\"https:\\\/\\\/barnafrid.se\\\/kunskapsportal\\\/gruppspar-forskola-2026\\\/fordjupningstema-heder\\\/\",\"url\":\"https:\\\/\\\/barnafrid.se\\\/kunskapsportal\\\/gruppspar-forskola-2026\\\/fordjupningstema-heder\\\/\",\"name\":\"F\u00f6rdjupningstema: Uppt\u00e4ck och motverka hedersrelaterat v\u00e5ld och f\u00f6rtryck i f\u00f6rskolan - Barnafrid\",\"isPartOf\":{\"@id\":\"https:\\\/\\\/barnafrid.se\\\/kunskapsportal\\\/#website\"},\"datePublished\":\"2026-01-26T22:41:12+00:00\",\"dateModified\":\"2026-04-24T09:27:58+00:00\",\"breadcrumb\":{\"@id\":\"https:\\\/\\\/barnafrid.se\\\/kunskapsportal\\\/gruppspar-forskola-2026\\\/fordjupningstema-heder\\\/#breadcrumb\"},\"inLanguage\":\"sv-SE\",\"potentialAction\":[{\"@type\":\"ReadAction\",\"target\":[\"https:\\\/\\\/barnafrid.se\\\/kunskapsportal\\\/gruppspar-forskola-2026\\\/fordjupningstema-heder\\\/\"]}]},{\"@type\":\"BreadcrumbList\",\"@id\":\"https:\\\/\\\/barnafrid.se\\\/kunskapsportal\\\/gruppspar-forskola-2026\\\/fordjupningstema-heder\\\/#breadcrumb\",\"itemListElement\":[{\"@type\":\"ListItem\",\"position\":1,\"name\":\"Home\",\"item\":\"https:\\\/\\\/barnafrid.se\\\/kunskapsportal\\\/\"},{\"@type\":\"ListItem\",\"position\":2,\"name\":\"V\u00e4lkommen till utbildningen Barnafrids basprogram om v\u00e5ld mot barn och unga \u2013 gruppsp\u00e5r f\u00f6r f\u00f6rskolan (2026)\",\"item\":\"https:\\\/\\\/barnafrid.se\\\/kunskapsportal\\\/gruppspar-forskola-2026\\\/\"},{\"@type\":\"ListItem\",\"position\":3,\"name\":\"F\u00f6rdjupningstema: Uppt\u00e4ck och motverka hedersrelaterat v\u00e5ld och f\u00f6rtryck i f\u00f6rskolan\"}]},{\"@type\":\"WebSite\",\"@id\":\"https:\\\/\\\/barnafrid.se\\\/kunskapsportal\\\/#website\",\"url\":\"https:\\\/\\\/barnafrid.se\\\/kunskapsportal\\\/\",\"name\":\"Barnafrid\",\"description\":\"Kunskapsportal om v\u00e5ld mot barn\",\"potentialAction\":[{\"@type\":\"SearchAction\",\"target\":{\"@type\":\"EntryPoint\",\"urlTemplate\":\"https:\\\/\\\/barnafrid.se\\\/kunskapsportal\\\/?s={search_term_string}\"},\"query-input\":{\"@type\":\"PropertyValueSpecification\",\"valueRequired\":true,\"valueName\":\"search_term_string\"}}],\"inLanguage\":\"sv-SE\"}]}<\/script>\n<!-- \/ Yoast SEO plugin. -->","yoast_head_json":{"title":"F\u00f6rdjupningstema: Uppt\u00e4ck och motverka hedersrelaterat v\u00e5ld och f\u00f6rtryck i f\u00f6rskolan - Barnafrid","robots":{"index":"index","follow":"follow","max-snippet":"max-snippet:-1","max-image-preview":"max-image-preview:large","max-video-preview":"max-video-preview:-1"},"canonical":"https:\/\/barnafrid.se\/kunskapsportal\/gruppspar-forskola-2026\/fordjupningstema-heder\/","og_locale":"sv_SE","og_type":"article","og_title":"F\u00f6rdjupningstema: Uppt\u00e4ck och motverka hedersrelaterat v\u00e5ld och f\u00f6rtryck i f\u00f6rskolan - Barnafrid","og_description":"Syftet med f\u00f6rdjupningstema hedersrelaterat v\u00e5ld och f\u00f6rtryck \u00e4r att du och dina kollegor ska l\u00e4ra er mer om hur ni f\u00f6rskolan kan uppt\u00e4cka och motverka hedersnormer p\u00e5 f\u00f6rskolan. M\u00e5let med temat \u00e4r att f\u00e5 kunskap om Tillbaka till start &gt;&gt;","og_url":"https:\/\/barnafrid.se\/kunskapsportal\/gruppspar-forskola-2026\/fordjupningstema-heder\/","og_site_name":"Barnafrid","article_modified_time":"2026-04-24T09:27:58+00:00","twitter_card":"summary_large_image","twitter_misc":{"Ber\u00e4knad l\u00e4stid":"2 minuter"},"schema":{"@context":"https:\/\/schema.org","@graph":[{"@type":"WebPage","@id":"https:\/\/barnafrid.se\/kunskapsportal\/gruppspar-forskola-2026\/fordjupningstema-heder\/","url":"https:\/\/barnafrid.se\/kunskapsportal\/gruppspar-forskola-2026\/fordjupningstema-heder\/","name":"F\u00f6rdjupningstema: Uppt\u00e4ck och motverka hedersrelaterat v\u00e5ld och f\u00f6rtryck i f\u00f6rskolan - Barnafrid","isPartOf":{"@id":"https:\/\/barnafrid.se\/kunskapsportal\/#website"},"datePublished":"2026-01-26T22:41:12+00:00","dateModified":"2026-04-24T09:27:58+00:00","breadcrumb":{"@id":"https:\/\/barnafrid.se\/kunskapsportal\/gruppspar-forskola-2026\/fordjupningstema-heder\/#breadcrumb"},"inLanguage":"sv-SE","potentialAction":[{"@type":"ReadAction","target":["https:\/\/barnafrid.se\/kunskapsportal\/gruppspar-forskola-2026\/fordjupningstema-heder\/"]}]},{"@type":"BreadcrumbList","@id":"https:\/\/barnafrid.se\/kunskapsportal\/gruppspar-forskola-2026\/fordjupningstema-heder\/#breadcrumb","itemListElement":[{"@type":"ListItem","position":1,"name":"Home","item":"https:\/\/barnafrid.se\/kunskapsportal\/"},{"@type":"ListItem","position":2,"name":"V\u00e4lkommen till utbildningen Barnafrids basprogram om v\u00e5ld mot barn och unga \u2013 gruppsp\u00e5r f\u00f6r f\u00f6rskolan (2026)","item":"https:\/\/barnafrid.se\/kunskapsportal\/gruppspar-forskola-2026\/"},{"@type":"ListItem","position":3,"name":"F\u00f6rdjupningstema: Uppt\u00e4ck och motverka hedersrelaterat v\u00e5ld och f\u00f6rtryck i f\u00f6rskolan"}]},{"@type":"WebSite","@id":"https:\/\/barnafrid.se\/kunskapsportal\/#website","url":"https:\/\/barnafrid.se\/kunskapsportal\/","name":"Barnafrid","description":"Kunskapsportal om v\u00e5ld mot barn","potentialAction":[{"@type":"SearchAction","target":{"@type":"EntryPoint","urlTemplate":"https:\/\/barnafrid.se\/kunskapsportal\/?s={search_term_string}"},"query-input":{"@type":"PropertyValueSpecification","valueRequired":true,"valueName":"search_term_string"}}],"inLanguage":"sv-SE"}]}},"_links":{"self":[{"href":"https:\/\/barnafrid.se\/kunskapsportal\/wp-json\/wp\/v2\/pages\/17697","targetHints":{"allow":["GET"]}}],"collection":[{"href":"https:\/\/barnafrid.se\/kunskapsportal\/wp-json\/wp\/v2\/pages"}],"about":[{"href":"https:\/\/barnafrid.se\/kunskapsportal\/wp-json\/wp\/v2\/types\/page"}],"author":[{"embeddable":true,"href":"https:\/\/barnafrid.se\/kunskapsportal\/wp-json\/wp\/v2\/users\/26405"}],"replies":[{"embeddable":true,"href":"https:\/\/barnafrid.se\/kunskapsportal\/wp-json\/wp\/v2\/comments?post=17697"}],"version-history":[{"count":10,"href":"https:\/\/barnafrid.se\/kunskapsportal\/wp-json\/wp\/v2\/pages\/17697\/revisions"}],"predecessor-version":[{"id":18382,"href":"https:\/\/barnafrid.se\/kunskapsportal\/wp-json\/wp\/v2\/pages\/17697\/revisions\/18382"}],"up":[{"embeddable":true,"href":"https:\/\/barnafrid.se\/kunskapsportal\/wp-json\/wp\/v2\/pages\/16948"}],"wp:attachment":[{"href":"https:\/\/barnafrid.se\/kunskapsportal\/wp-json\/wp\/v2\/media?parent=17697"}],"wp:term":[{"taxonomy":"role","embeddable":true,"href":"https:\/\/barnafrid.se\/kunskapsportal\/wp-json\/wp\/v2\/role?post=17697"}],"curies":[{"name":"wp","href":"https:\/\/api.w.org\/{rel}","templated":true}]}}