{"id":17614,"date":"2025-12-19T12:42:10","date_gmt":"2025-12-19T11:42:10","guid":{"rendered":"https:\/\/barnafrid.se\/kunskapsportal\/?page_id=17614"},"modified":"2026-04-07T18:59:26","modified_gmt":"2026-04-07T16:59:26","slug":"dokumentation-natverkstraffar","status":"publish","type":"page","link":"https:\/\/barnafrid.se\/kunskapsportal\/barnafrids-natverk\/hogskolepedagogiska-natverket-for-undervisning-och-larande-om-examensmalet-mans-vald-mot-kvinnor-och-vald-i-nara-relation\/dokumentation-natverkstraffar\/","title":{"rendered":"Dokumentation n\u00e4tverkstr\u00e4ffar"},"content":{"rendered":"<div class='Lead'>\n    H\u00e4r hittar du presentationer och annat kunskapsmaterial fr\u00e5n genomf\u00f6rda n\u00e4tverkstr\u00e4ffar.<br><\/div>\n\n\n\n<p><\/p>\n\n\n\n<h2 class=\"wp-block-heading\">N\u00e4tverkstr\u00e4ff 5 december 2025<\/h2>\n\n\n\n<h3 class=\"wp-block-heading\">Ladda ned program och minnesanteckningar<\/h3>\n\n\n\n<ul class=\"List\">\n<li class=\"List-item\"><a href=\"https:\/\/barnafrid.se\/kunskapsportal\/wp-content\/uploads\/2025\/12\/program-hogskolepedagogiska-natverket-251205.pdf\" target=\"_blank\" rel=\"noreferrer noopener\">Program f\u00f6r n\u00e4tverkstr\u00e4ffen 2025-12-05 (PDF)<\/a><\/li>\n\n\n\n<li class=\"List-item\"><a href=\"https:\/\/barnafrid.se\/kunskapsportal\/wp-content\/uploads\/2025\/12\/minnesanteckningar_natverkstraff_251205.pdf\" target=\"_blank\" rel=\"noreferrer noopener\">Minnesanteckningar fr\u00e5n n\u00e4tverkstr\u00e4ffen 2025-12-05 (PDF)<\/a><\/li>\n<\/ul>\n\n\n\n\n<div class=\"Card-section Card-section--three two-thirds-card-section\">\n\n\n    <a class=\"Card-link-container\" target=\"_blank\" href=\"\/kunskapsportal\/wp-content\/uploads\/2025\/12\/ahorarkopia-hogskolan-gavle-presentation-251205.pdf\">\n        <div class=\"Card Card--blue Card--internal\">\n            <p class=\"Card-pretitle\">H\u00f6gskolan G\u00e4vle<\/p>\n            <h2 class=\"Card-title\">Att kunna se det dolda &#8211; Ett pedagogiskt uppl\u00e4gg<\/h2>\n            <p>Presentation av Irene Hylander, Maria Radeskog och Fanny Svartling<\/p>            <div class=\"Card-footer\">\n                <span class=\"Card-footer-text\">Till presentationsbilder (PDF)<\/span>\n                            <\/div>\n        <\/div>\n    <\/a>\n    <a class=\"Card-link-container\" target=\"_blank\" href=\"https:\/\/barnafrid.se\/kunskapsportal\/barnafrids-natverk\/hogskolepedagogiska-natverket-for-undervisning-och-larande-om-examensmalet-mans-vald-mot-kvinnor-och-vald-i-nara-relation\/dokumentation-natverkstraffar\/att-kunna-se-det-dolda-fragestund\/\">\n        <div class=\"Card Card--blue Card--internal\">\n            <p class=\"Card-pretitle\"><\/p>\n            <h2 class=\"Card-title\">Fr\u00e5gestund &#8221;Att kunna se det dolda&#8221;<\/h2>\n            <p>Fr\u00e5gor och svar om pedagogiskt uppl\u00e4gg f\u00f6r l\u00e4randem\u00e5let v\u00e5ld i n\u00e4ra relation f\u00f6r blivande sjuksk\u00f6terskor och distriktssk\u00f6terskor.<\/p>            <div class=\"Card-footer\">\n                <span class=\"Card-footer-text\">Till fr\u00e5gorna<\/span>\n                            <\/div>\n        <\/div>\n    <\/a>\n    <a class=\"Card-link-container\" target=\"_blank\" href=\"\/kunskapsportal\/wp-content\/uploads\/2025\/12\/ahorarkopia_viprom_251205.pdf\">\n        <div class=\"Card Card--blue Card--internal\">\n            <p class=\"Card-pretitle\">VIPROM<\/p>\n            <h2 class=\"Card-title\">Exploiting practical knowledge of medical staff to enhance the multiprofessional contact with victims of domestic violence<\/h2>\n            <p>Presentation av Ulla Alb\u00e9rt<\/p>            <div class=\"Card-footer\">\n                <span class=\"Card-footer-text\"> Till presentationsbilder (PDF)<\/span>\n                            <\/div>\n        <\/div>\n    <\/a>\n    <a class=\"Card-link-container\" target=\"_blank\" href=\"\/kunskapsportal\/wp-content\/uploads\/2025\/12\/ahorarkopia_mvmkvinr_natverkstraff_251205v2.pdf\">\n        <div class=\"Card Card--blue Card--internal\">\n            <p class=\"Card-pretitle\">Ume\u00e5 universitet<\/p>\n            <h2 class=\"Card-title\">Undervisning om MVMK-VINR vid l\u00e4karprogrammet p\u00e5 Ume\u00e5 universitet<\/h2>\n            <p>Presentation av Eva Henje<\/p>            <div class=\"Card-footer\">\n                <span class=\"Card-footer-text\">Till presentationsbilder (PDF)<\/span>\n                            <\/div>\n        <\/div>\n    <\/a>\n    <a class=\"Card-link-container\" target=\"_blank\" href=\"\/kunskapsportal\/wp-content\/uploads\/2025\/12\/ahorarkopia_mvmkvinr_natverkstraff_251205v2.pdf\">\n        <div class=\"Card Card--blue Card--internal\">\n            <p class=\"Card-pretitle\">Ume\u00e5 universitet<\/p>\n            <h2 class=\"Card-title\">MVMK-VINR:<br>En strimma i framtidens l\u00e4karprogram vid Ume\u00e5 universitet<\/h2>\n            <p>Rapport Eva Henje och Jonathan Gillthorpe<\/p>            <div class=\"Card-footer\">\n                <span class=\"Card-footer-text\">Till dokumentet (PDF)<\/span>\n                            <\/div>\n        <\/div>\n    <\/a>\n<\/div>\n","protected":false},"excerpt":{"rendered":"<p>N\u00e4tverkstr\u00e4ff 5 december 2025 Ladda ned program och minnesanteckningar<\/p>\n","protected":false},"author":26405,"featured_media":0,"parent":17599,"menu_order":0,"comment_status":"closed","ping_status":"closed","template":"page-centered.php","meta":{"h5ap_radio_sources":[],"footnotes":""},"role":[],"class_list":["post-17614","page","type-page","status-publish","hentry"],"yoast_head":"<!-- This site is optimized with the Yoast SEO plugin v27.3 - https:\/\/yoast.com\/product\/yoast-seo-wordpress\/ -->\n<title>Dokumentation n\u00e4tverkstr\u00e4ffar - Barnafrid<\/title>\n<meta name=\"robots\" content=\"index, follow, max-snippet:-1, max-image-preview:large, max-video-preview:-1\" \/>\n<link rel=\"canonical\" href=\"https:\/\/barnafrid.se\/kunskapsportal\/barnafrids-natverk\/hogskolepedagogiska-natverket-for-undervisning-och-larande-om-examensmalet-mans-vald-mot-kvinnor-och-vald-i-nara-relation\/dokumentation-natverkstraffar\/\" \/>\n<meta property=\"og:locale\" content=\"sv_SE\" \/>\n<meta property=\"og:type\" content=\"article\" \/>\n<meta property=\"og:title\" content=\"Dokumentation n\u00e4tverkstr\u00e4ffar - Barnafrid\" \/>\n<meta property=\"og:description\" content=\"N\u00e4tverkstr\u00e4ff 5 december 2025 Ladda ned program och minnesanteckningar\" \/>\n<meta property=\"og:url\" content=\"https:\/\/barnafrid.se\/kunskapsportal\/barnafrids-natverk\/hogskolepedagogiska-natverket-for-undervisning-och-larande-om-examensmalet-mans-vald-mot-kvinnor-och-vald-i-nara-relation\/dokumentation-natverkstraffar\/\" \/>\n<meta property=\"og:site_name\" content=\"Barnafrid\" \/>\n<meta property=\"article:modified_time\" content=\"2026-04-07T16:59:26+00:00\" \/>\n<meta name=\"twitter:card\" content=\"summary_large_image\" \/>\n<meta name=\"twitter:label1\" content=\"Ber\u00e4knad l\u00e4stid\" \/>\n\t<meta name=\"twitter:data1\" content=\"1 minut\" \/>\n<script type=\"application\/ld+json\" class=\"yoast-schema-graph\">{\"@context\":\"https:\\\/\\\/schema.org\",\"@graph\":[{\"@type\":\"WebPage\",\"@id\":\"https:\\\/\\\/barnafrid.se\\\/kunskapsportal\\\/barnafrids-natverk\\\/hogskolepedagogiska-natverket-for-undervisning-och-larande-om-examensmalet-mans-vald-mot-kvinnor-och-vald-i-nara-relation\\\/dokumentation-natverkstraffar\\\/\",\"url\":\"https:\\\/\\\/barnafrid.se\\\/kunskapsportal\\\/barnafrids-natverk\\\/hogskolepedagogiska-natverket-for-undervisning-och-larande-om-examensmalet-mans-vald-mot-kvinnor-och-vald-i-nara-relation\\\/dokumentation-natverkstraffar\\\/\",\"name\":\"Dokumentation n\u00e4tverkstr\u00e4ffar - Barnafrid\",\"isPartOf\":{\"@id\":\"https:\\\/\\\/barnafrid.se\\\/kunskapsportal\\\/#website\"},\"datePublished\":\"2025-12-19T11:42:10+00:00\",\"dateModified\":\"2026-04-07T16:59:26+00:00\",\"breadcrumb\":{\"@id\":\"https:\\\/\\\/barnafrid.se\\\/kunskapsportal\\\/barnafrids-natverk\\\/hogskolepedagogiska-natverket-for-undervisning-och-larande-om-examensmalet-mans-vald-mot-kvinnor-och-vald-i-nara-relation\\\/dokumentation-natverkstraffar\\\/#breadcrumb\"},\"inLanguage\":\"sv-SE\",\"potentialAction\":[{\"@type\":\"ReadAction\",\"target\":[\"https:\\\/\\\/barnafrid.se\\\/kunskapsportal\\\/barnafrids-natverk\\\/hogskolepedagogiska-natverket-for-undervisning-och-larande-om-examensmalet-mans-vald-mot-kvinnor-och-vald-i-nara-relation\\\/dokumentation-natverkstraffar\\\/\"]}]},{\"@type\":\"BreadcrumbList\",\"@id\":\"https:\\\/\\\/barnafrid.se\\\/kunskapsportal\\\/barnafrids-natverk\\\/hogskolepedagogiska-natverket-for-undervisning-och-larande-om-examensmalet-mans-vald-mot-kvinnor-och-vald-i-nara-relation\\\/dokumentation-natverkstraffar\\\/#breadcrumb\",\"itemListElement\":[{\"@type\":\"ListItem\",\"position\":1,\"name\":\"Home\",\"item\":\"https:\\\/\\\/barnafrid.se\\\/kunskapsportal\\\/\"},{\"@type\":\"ListItem\",\"position\":2,\"name\":\"Barnafrids resurssidor n\u00e4tverk\",\"item\":\"https:\\\/\\\/barnafrid.se\\\/kunskapsportal\\\/barnafrids-natverk\\\/\"},{\"@type\":\"ListItem\",\"position\":3,\"name\":\"H\u00f6gskolepedagogiska n\u00e4tverket f\u00f6r undervisning och l\u00e4rande om examensm\u00e5let m\u00e4ns v\u00e5ld mot kvinnor och v\u00e5ld i n\u00e4ra relation\",\"item\":\"https:\\\/\\\/barnafrid.se\\\/kunskapsportal\\\/barnafrids-natverk\\\/hogskolepedagogiska-natverket-for-undervisning-och-larande-om-examensmalet-mans-vald-mot-kvinnor-och-vald-i-nara-relation\\\/\"},{\"@type\":\"ListItem\",\"position\":4,\"name\":\"Dokumentation n\u00e4tverkstr\u00e4ffar\"}]},{\"@type\":\"WebSite\",\"@id\":\"https:\\\/\\\/barnafrid.se\\\/kunskapsportal\\\/#website\",\"url\":\"https:\\\/\\\/barnafrid.se\\\/kunskapsportal\\\/\",\"name\":\"Barnafrid\",\"description\":\"Kunskapsportal om v\u00e5ld mot barn\",\"potentialAction\":[{\"@type\":\"SearchAction\",\"target\":{\"@type\":\"EntryPoint\",\"urlTemplate\":\"https:\\\/\\\/barnafrid.se\\\/kunskapsportal\\\/?s={search_term_string}\"},\"query-input\":{\"@type\":\"PropertyValueSpecification\",\"valueRequired\":true,\"valueName\":\"search_term_string\"}}],\"inLanguage\":\"sv-SE\"}]}<\/script>\n<!-- \/ Yoast SEO plugin. -->","yoast_head_json":{"title":"Dokumentation n\u00e4tverkstr\u00e4ffar - Barnafrid","robots":{"index":"index","follow":"follow","max-snippet":"max-snippet:-1","max-image-preview":"max-image-preview:large","max-video-preview":"max-video-preview:-1"},"canonical":"https:\/\/barnafrid.se\/kunskapsportal\/barnafrids-natverk\/hogskolepedagogiska-natverket-for-undervisning-och-larande-om-examensmalet-mans-vald-mot-kvinnor-och-vald-i-nara-relation\/dokumentation-natverkstraffar\/","og_locale":"sv_SE","og_type":"article","og_title":"Dokumentation n\u00e4tverkstr\u00e4ffar - Barnafrid","og_description":"N\u00e4tverkstr\u00e4ff 5 december 2025 Ladda ned program och minnesanteckningar","og_url":"https:\/\/barnafrid.se\/kunskapsportal\/barnafrids-natverk\/hogskolepedagogiska-natverket-for-undervisning-och-larande-om-examensmalet-mans-vald-mot-kvinnor-och-vald-i-nara-relation\/dokumentation-natverkstraffar\/","og_site_name":"Barnafrid","article_modified_time":"2026-04-07T16:59:26+00:00","twitter_card":"summary_large_image","twitter_misc":{"Ber\u00e4knad l\u00e4stid":"1 minut"},"schema":{"@context":"https:\/\/schema.org","@graph":[{"@type":"WebPage","@id":"https:\/\/barnafrid.se\/kunskapsportal\/barnafrids-natverk\/hogskolepedagogiska-natverket-for-undervisning-och-larande-om-examensmalet-mans-vald-mot-kvinnor-och-vald-i-nara-relation\/dokumentation-natverkstraffar\/","url":"https:\/\/barnafrid.se\/kunskapsportal\/barnafrids-natverk\/hogskolepedagogiska-natverket-for-undervisning-och-larande-om-examensmalet-mans-vald-mot-kvinnor-och-vald-i-nara-relation\/dokumentation-natverkstraffar\/","name":"Dokumentation n\u00e4tverkstr\u00e4ffar - Barnafrid","isPartOf":{"@id":"https:\/\/barnafrid.se\/kunskapsportal\/#website"},"datePublished":"2025-12-19T11:42:10+00:00","dateModified":"2026-04-07T16:59:26+00:00","breadcrumb":{"@id":"https:\/\/barnafrid.se\/kunskapsportal\/barnafrids-natverk\/hogskolepedagogiska-natverket-for-undervisning-och-larande-om-examensmalet-mans-vald-mot-kvinnor-och-vald-i-nara-relation\/dokumentation-natverkstraffar\/#breadcrumb"},"inLanguage":"sv-SE","potentialAction":[{"@type":"ReadAction","target":["https:\/\/barnafrid.se\/kunskapsportal\/barnafrids-natverk\/hogskolepedagogiska-natverket-for-undervisning-och-larande-om-examensmalet-mans-vald-mot-kvinnor-och-vald-i-nara-relation\/dokumentation-natverkstraffar\/"]}]},{"@type":"BreadcrumbList","@id":"https:\/\/barnafrid.se\/kunskapsportal\/barnafrids-natverk\/hogskolepedagogiska-natverket-for-undervisning-och-larande-om-examensmalet-mans-vald-mot-kvinnor-och-vald-i-nara-relation\/dokumentation-natverkstraffar\/#breadcrumb","itemListElement":[{"@type":"ListItem","position":1,"name":"Home","item":"https:\/\/barnafrid.se\/kunskapsportal\/"},{"@type":"ListItem","position":2,"name":"Barnafrids resurssidor n\u00e4tverk","item":"https:\/\/barnafrid.se\/kunskapsportal\/barnafrids-natverk\/"},{"@type":"ListItem","position":3,"name":"H\u00f6gskolepedagogiska n\u00e4tverket f\u00f6r undervisning och l\u00e4rande om examensm\u00e5let m\u00e4ns v\u00e5ld mot kvinnor och v\u00e5ld i n\u00e4ra relation","item":"https:\/\/barnafrid.se\/kunskapsportal\/barnafrids-natverk\/hogskolepedagogiska-natverket-for-undervisning-och-larande-om-examensmalet-mans-vald-mot-kvinnor-och-vald-i-nara-relation\/"},{"@type":"ListItem","position":4,"name":"Dokumentation n\u00e4tverkstr\u00e4ffar"}]},{"@type":"WebSite","@id":"https:\/\/barnafrid.se\/kunskapsportal\/#website","url":"https:\/\/barnafrid.se\/kunskapsportal\/","name":"Barnafrid","description":"Kunskapsportal om v\u00e5ld mot barn","potentialAction":[{"@type":"SearchAction","target":{"@type":"EntryPoint","urlTemplate":"https:\/\/barnafrid.se\/kunskapsportal\/?s={search_term_string}"},"query-input":{"@type":"PropertyValueSpecification","valueRequired":true,"valueName":"search_term_string"}}],"inLanguage":"sv-SE"}]}},"_links":{"self":[{"href":"https:\/\/barnafrid.se\/kunskapsportal\/wp-json\/wp\/v2\/pages\/17614","targetHints":{"allow":["GET"]}}],"collection":[{"href":"https:\/\/barnafrid.se\/kunskapsportal\/wp-json\/wp\/v2\/pages"}],"about":[{"href":"https:\/\/barnafrid.se\/kunskapsportal\/wp-json\/wp\/v2\/types\/page"}],"author":[{"embeddable":true,"href":"https:\/\/barnafrid.se\/kunskapsportal\/wp-json\/wp\/v2\/users\/26405"}],"replies":[{"embeddable":true,"href":"https:\/\/barnafrid.se\/kunskapsportal\/wp-json\/wp\/v2\/comments?post=17614"}],"version-history":[{"count":29,"href":"https:\/\/barnafrid.se\/kunskapsportal\/wp-json\/wp\/v2\/pages\/17614\/revisions"}],"predecessor-version":[{"id":18182,"href":"https:\/\/barnafrid.se\/kunskapsportal\/wp-json\/wp\/v2\/pages\/17614\/revisions\/18182"}],"up":[{"embeddable":true,"href":"https:\/\/barnafrid.se\/kunskapsportal\/wp-json\/wp\/v2\/pages\/17599"}],"wp:attachment":[{"href":"https:\/\/barnafrid.se\/kunskapsportal\/wp-json\/wp\/v2\/media?parent=17614"}],"wp:term":[{"taxonomy":"role","embeddable":true,"href":"https:\/\/barnafrid.se\/kunskapsportal\/wp-json\/wp\/v2\/role?post=17614"}],"curies":[{"name":"wp","href":"https:\/\/api.w.org\/{rel}","templated":true}]}}