{"id":17599,"date":"2025-12-19T12:41:12","date_gmt":"2025-12-19T11:41:12","guid":{"rendered":"https:\/\/barnafrid.se\/kunskapsportal\/?page_id=17599"},"modified":"2026-03-23T07:36:55","modified_gmt":"2026-03-23T06:36:55","slug":"hogskolepedagogiska-natverket-for-undervisning-och-larande-om-examensmalet-mans-vald-mot-kvinnor-och-vald-i-nara-relation","status":"publish","type":"page","link":"https:\/\/barnafrid.se\/kunskapsportal\/barnafrids-natverk\/hogskolepedagogiska-natverket-for-undervisning-och-larande-om-examensmalet-mans-vald-mot-kvinnor-och-vald-i-nara-relation\/","title":{"rendered":"H\u00f6gskolepedagogiska n\u00e4tverket f\u00f6r undervisning och l\u00e4rande om examensm\u00e5let m\u00e4ns v\u00e5ld mot kvinnor och v\u00e5ld i n\u00e4ra relation"},"content":{"rendered":"<div class='Lead'>\n    F\u00f6r dig som \u00e4r l\u00e4rare, programansvarig eller studierektor med mera p\u00e5 alla universitets, h\u00f6gskole- och yrkesutbildningar som undervisar om barn, unga och v\u00e5ld. N\u00e4tverkets syfte \u00e4r att genom kollegialt l\u00e4rande dela erfarenheter och kunskap om att planera och genomf\u00f6ra undervisning och examination inom kunskapsomr\u00e5det.<\/div>\n\n\n\n\n<div class=\"Card-section Card-section--two two-thirds-card-section\">\n\n\n<a class=\"Card-link-container\" taget=\"_blank\" href=\"https:\/\/barnafrid.se\/kunskapsportal\/barnafrids-natverk\/hogskolepedagogiska-natverket-for-undervisning-och-larande-om-examensmalet-mans-vald-mot-kvinnor-och-vald-i-nara-relation\/dokumentation-natverkstraffar\/\">\n    <div class=\"Card Card--blue Card--internal\">\n        <div class=\"Card--start\">\n            <p class=\"Card-pretitle\"><\/p>\n            <h2 class=\"Card-title\"><p>Dokumentation fr\u00e5n genomf\u00f6rda n\u00e4tverkstr\u00e4ffar<\/p><\/h2>\n\n            <!-- T2409-20295 - added p tags around pufftext -->\n            <p>H\u00e4r hittar du material och f\u00f6rel\u00e4sarpresentationer fr\u00e5n f\u00f6rel\u00e4sningar<\/p>            <div class=\"Card-footer\">\n             <span class=\"Card-footer-text\">G\u00e5 till sidan dokumentation n\u00e4tverkstr\u00e4ffar<\/span>\n            <\/div>\n        <\/div>\n        <div class=\"Card-image-wrapper\"><div class=\"Card-image\"><img loading=\"lazy\" decoding=\"async\" width=\"3176\" height=\"1996\" src=\"https:\/\/barnafrid.se\/kunskapsportal\/wp-content\/uploads\/2024\/10\/apper-penna.png\" class=\"attachment-full size-full\" alt=\"Illustration av tv\u00e5 papper och tv\u00e5 \u00f6verstrykningspennor\" srcset=\"https:\/\/barnafrid.se\/kunskapsportal\/wp-content\/uploads\/2024\/10\/apper-penna.png 3176w, https:\/\/barnafrid.se\/kunskapsportal\/wp-content\/uploads\/2024\/10\/apper-penna-300x189.png 300w, https:\/\/barnafrid.se\/kunskapsportal\/wp-content\/uploads\/2024\/10\/apper-penna-1024x644.png 1024w, https:\/\/barnafrid.se\/kunskapsportal\/wp-content\/uploads\/2024\/10\/apper-penna-768x483.png 768w, https:\/\/barnafrid.se\/kunskapsportal\/wp-content\/uploads\/2024\/10\/apper-penna-1536x965.png 1536w, https:\/\/barnafrid.se\/kunskapsportal\/wp-content\/uploads\/2024\/10\/apper-penna-2048x1287.png 2048w\" sizes=\"auto, (max-width: 3176px) 100vw, 3176px\" \/><\/div><\/div>    <\/div>\n<\/a>\n<a class=\"Card-link-container\" taget=\"_blank\" href=\"https:\/\/www.uu.se\/centrum\/nck\/for-yrkesverksamma\/webbstodforlarosaten\">\n    <div class=\"Card Card--aquamarine Card--external\">\n        <div class=\"Card--start\">\n            <p class=\"Card-pretitle\"><\/p>\n            <h2 class=\"Card-title\">Webbst\u00f6d f\u00f6r undervisning<\/h2>\n\n            <!-- T2409-20295 - added p tags around pufftext -->\n            <p>L\u00e4r dig mer om undervisning om examensm\u00e5let m\u00e4ns v\u00e5ld mot kvinnor och v\u00e5ld i n\u00e4ra relationer p\u00e5 Nationellt centrum f\u00f6r kvinnofrids (NCK) webbsida.<\/p>            <div class=\"Card-footer\">\n             <span class=\"Card-footer-text\">G\u00e5 till webbst\u00f6det<\/span>\n            <\/div>\n        <\/div>\n        <div class=\"Card-image-wrapper\"><div class=\"Card-image\"><img loading=\"lazy\" decoding=\"async\" width=\"2014\" height=\"1495\" src=\"https:\/\/barnafrid.se\/kunskapsportal\/wp-content\/uploads\/2025\/01\/dator.png\" class=\"attachment-full size-full\" alt=\"Illustration av en bl\u00e5 laptop\" srcset=\"https:\/\/barnafrid.se\/kunskapsportal\/wp-content\/uploads\/2025\/01\/dator.png 2014w, https:\/\/barnafrid.se\/kunskapsportal\/wp-content\/uploads\/2025\/01\/dator-300x223.png 300w, https:\/\/barnafrid.se\/kunskapsportal\/wp-content\/uploads\/2025\/01\/dator-1024x760.png 1024w, https:\/\/barnafrid.se\/kunskapsportal\/wp-content\/uploads\/2025\/01\/dator-768x570.png 768w, https:\/\/barnafrid.se\/kunskapsportal\/wp-content\/uploads\/2025\/01\/dator-1536x1140.png 1536w\" sizes=\"auto, (max-width: 2014px) 100vw, 2014px\" \/><\/div><\/div>    <\/div>\n<\/a>\n<a class=\"Card-link-container\" taget=\"_blank\" href=\"https:\/\/barnafrid.se\/kunskapsportal\/metodstod-2\/om-vald-mot-barn-hos-andra-myndigheter-och-organisationer\/\">\n    <div class=\"Card Card--purple Card--internal\">\n        <div class=\"Card--start\">\n            <p class=\"Card-pretitle\"><\/p>\n            <h2 class=\"Card-title\">Om v\u00e5ld mot barn hos andra akt\u00f6rer<\/h2>\n\n            <!-- T2409-20295 - added p tags around pufftext -->\n            <p>H\u00e4r hittar du l\u00e4nkar till andra myndigheter och organisationer som arbetar med v\u00e5ld mot barn<\/p>            <div class=\"Card-footer\">\n             <span class=\"Card-footer-text\">G\u00e5 till sidan Om v\u00e5ld mot barn hos andra akt\u00f6rer<\/span>\n            <\/div>\n        <\/div>\n        <div class=\"Card-image-wrapper\"><div class=\"Card-image\"><img loading=\"lazy\" decoding=\"async\" width=\"1674\" height=\"2026\" src=\"https:\/\/barnafrid.se\/kunskapsportal\/wp-content\/uploads\/2024\/11\/yrkesverksam-gron-och-bla.png\" class=\"attachment-full size-full\" alt=\"Kvinna med h\u00e5ret uppsatt i knut sedd bakifr\u00e5n.\" srcset=\"https:\/\/barnafrid.se\/kunskapsportal\/wp-content\/uploads\/2024\/11\/yrkesverksam-gron-och-bla.png 1674w, https:\/\/barnafrid.se\/kunskapsportal\/wp-content\/uploads\/2024\/11\/yrkesverksam-gron-och-bla-248x300.png 248w, https:\/\/barnafrid.se\/kunskapsportal\/wp-content\/uploads\/2024\/11\/yrkesverksam-gron-och-bla-846x1024.png 846w, https:\/\/barnafrid.se\/kunskapsportal\/wp-content\/uploads\/2024\/11\/yrkesverksam-gron-och-bla-768x929.png 768w, https:\/\/barnafrid.se\/kunskapsportal\/wp-content\/uploads\/2024\/11\/yrkesverksam-gron-och-bla-1269x1536.png 1269w\" sizes=\"auto, (max-width: 1674px) 100vw, 1674px\" \/><\/div><\/div>    <\/div>\n<\/a>\n<\/div>\n\n\n<section class=\"ArticleSection \">\n      <h2 class=\"ArticleSection-title\" id=\"om-sidan\">\n      Om sidan    <\/h2>\n    \n\n<p><\/p>\n\n<\/section>\n\n\n\n<p>P\u00e5 den h\u00e4r sidan hittar du information och material om undervisning och l\u00e4rande kopplat till examensm\u00e5let om m\u00e4ns v\u00e5ld mot kvinnor och v\u00e5ld i n\u00e4ra relationer. Inneh\u00e5llet riktar sig till alla universitet, h\u00f6gskolor och yrkesutbildningar som undervisar om barn, unga och v\u00e5ld. Sidan \u00e4r under kontinuerlig uppbyggnad. Har du synpunkter eller fr\u00e5gor, mejla till barnafrid(at)liu.se<\/p>\n","protected":false},"excerpt":{"rendered":"<p>P\u00e5 den h\u00e4r sidan hittar du information och material om undervisning och l\u00e4rande kopplat till examensm\u00e5let om m\u00e4ns v\u00e5ld mot kvinnor och v\u00e5ld i n\u00e4ra relationer. Inneh\u00e5llet riktar sig till alla universitet, h\u00f6gskolor och yrkesutbildningar som undervisar om barn, unga och v\u00e5ld. Sidan \u00e4r under kontinuerlig uppbyggnad. Har du synpunkter eller fr\u00e5gor, mejla till barnafrid(at)liu.se<\/p>\n","protected":false},"author":26405,"featured_media":0,"parent":15734,"menu_order":0,"comment_status":"closed","ping_status":"closed","template":"page-centered.php","meta":{"h5ap_radio_sources":[],"footnotes":""},"role":[],"class_list":["post-17599","page","type-page","status-publish","hentry"],"yoast_head":"<!-- This site is optimized with the Yoast SEO plugin v27.3 - https:\/\/yoast.com\/product\/yoast-seo-wordpress\/ -->\n<title>H\u00f6gskolepedagogiska n\u00e4tverket f\u00f6r undervisning och l\u00e4rande om examensm\u00e5let m\u00e4ns v\u00e5ld mot kvinnor och v\u00e5ld i n\u00e4ra relation - Barnafrid<\/title>\n<meta name=\"robots\" content=\"index, follow, max-snippet:-1, max-image-preview:large, max-video-preview:-1\" \/>\n<link rel=\"canonical\" href=\"https:\/\/barnafrid.se\/kunskapsportal\/barnafrids-natverk\/hogskolepedagogiska-natverket-for-undervisning-och-larande-om-examensmalet-mans-vald-mot-kvinnor-och-vald-i-nara-relation\/\" \/>\n<meta property=\"og:locale\" content=\"sv_SE\" \/>\n<meta property=\"og:type\" content=\"article\" \/>\n<meta property=\"og:title\" content=\"H\u00f6gskolepedagogiska n\u00e4tverket f\u00f6r undervisning och l\u00e4rande om examensm\u00e5let m\u00e4ns v\u00e5ld mot kvinnor och v\u00e5ld i n\u00e4ra relation - Barnafrid\" \/>\n<meta property=\"og:description\" content=\"P\u00e5 den h\u00e4r sidan hittar du information och material om undervisning och l\u00e4rande kopplat till examensm\u00e5let om m\u00e4ns v\u00e5ld mot kvinnor och v\u00e5ld i n\u00e4ra relationer. Inneh\u00e5llet riktar sig till alla universitet, h\u00f6gskolor och yrkesutbildningar som undervisar om barn, unga och v\u00e5ld. Sidan \u00e4r under kontinuerlig uppbyggnad. Har du synpunkter eller fr\u00e5gor, mejla till barnafrid(at)liu.se\" \/>\n<meta property=\"og:url\" content=\"https:\/\/barnafrid.se\/kunskapsportal\/barnafrids-natverk\/hogskolepedagogiska-natverket-for-undervisning-och-larande-om-examensmalet-mans-vald-mot-kvinnor-och-vald-i-nara-relation\/\" \/>\n<meta property=\"og:site_name\" content=\"Barnafrid\" \/>\n<meta property=\"article:modified_time\" content=\"2026-03-23T06:36:55+00:00\" \/>\n<meta name=\"twitter:card\" content=\"summary_large_image\" \/>\n<meta name=\"twitter:label1\" content=\"Ber\u00e4knad l\u00e4stid\" \/>\n\t<meta name=\"twitter:data1\" content=\"1 minut\" \/>\n<script type=\"application\/ld+json\" class=\"yoast-schema-graph\">{\"@context\":\"https:\\\/\\\/schema.org\",\"@graph\":[{\"@type\":\"WebPage\",\"@id\":\"https:\\\/\\\/barnafrid.se\\\/kunskapsportal\\\/barnafrids-natverk\\\/hogskolepedagogiska-natverket-for-undervisning-och-larande-om-examensmalet-mans-vald-mot-kvinnor-och-vald-i-nara-relation\\\/\",\"url\":\"https:\\\/\\\/barnafrid.se\\\/kunskapsportal\\\/barnafrids-natverk\\\/hogskolepedagogiska-natverket-for-undervisning-och-larande-om-examensmalet-mans-vald-mot-kvinnor-och-vald-i-nara-relation\\\/\",\"name\":\"H\u00f6gskolepedagogiska n\u00e4tverket f\u00f6r undervisning och l\u00e4rande om examensm\u00e5let m\u00e4ns v\u00e5ld mot kvinnor och v\u00e5ld i n\u00e4ra relation - Barnafrid\",\"isPartOf\":{\"@id\":\"https:\\\/\\\/barnafrid.se\\\/kunskapsportal\\\/#website\"},\"datePublished\":\"2025-12-19T11:41:12+00:00\",\"dateModified\":\"2026-03-23T06:36:55+00:00\",\"breadcrumb\":{\"@id\":\"https:\\\/\\\/barnafrid.se\\\/kunskapsportal\\\/barnafrids-natverk\\\/hogskolepedagogiska-natverket-for-undervisning-och-larande-om-examensmalet-mans-vald-mot-kvinnor-och-vald-i-nara-relation\\\/#breadcrumb\"},\"inLanguage\":\"sv-SE\",\"potentialAction\":[{\"@type\":\"ReadAction\",\"target\":[\"https:\\\/\\\/barnafrid.se\\\/kunskapsportal\\\/barnafrids-natverk\\\/hogskolepedagogiska-natverket-for-undervisning-och-larande-om-examensmalet-mans-vald-mot-kvinnor-och-vald-i-nara-relation\\\/\"]}]},{\"@type\":\"BreadcrumbList\",\"@id\":\"https:\\\/\\\/barnafrid.se\\\/kunskapsportal\\\/barnafrids-natverk\\\/hogskolepedagogiska-natverket-for-undervisning-och-larande-om-examensmalet-mans-vald-mot-kvinnor-och-vald-i-nara-relation\\\/#breadcrumb\",\"itemListElement\":[{\"@type\":\"ListItem\",\"position\":1,\"name\":\"Home\",\"item\":\"https:\\\/\\\/barnafrid.se\\\/kunskapsportal\\\/\"},{\"@type\":\"ListItem\",\"position\":2,\"name\":\"Barnafrids resurssidor n\u00e4tverk\",\"item\":\"https:\\\/\\\/barnafrid.se\\\/kunskapsportal\\\/barnafrids-natverk\\\/\"},{\"@type\":\"ListItem\",\"position\":3,\"name\":\"H\u00f6gskolepedagogiska n\u00e4tverket f\u00f6r undervisning och l\u00e4rande om examensm\u00e5let m\u00e4ns v\u00e5ld mot kvinnor och v\u00e5ld i n\u00e4ra relation\"}]},{\"@type\":\"WebSite\",\"@id\":\"https:\\\/\\\/barnafrid.se\\\/kunskapsportal\\\/#website\",\"url\":\"https:\\\/\\\/barnafrid.se\\\/kunskapsportal\\\/\",\"name\":\"Barnafrid\",\"description\":\"Kunskapsportal om v\u00e5ld mot barn\",\"potentialAction\":[{\"@type\":\"SearchAction\",\"target\":{\"@type\":\"EntryPoint\",\"urlTemplate\":\"https:\\\/\\\/barnafrid.se\\\/kunskapsportal\\\/?s={search_term_string}\"},\"query-input\":{\"@type\":\"PropertyValueSpecification\",\"valueRequired\":true,\"valueName\":\"search_term_string\"}}],\"inLanguage\":\"sv-SE\"}]}<\/script>\n<!-- \/ Yoast SEO plugin. -->","yoast_head_json":{"title":"H\u00f6gskolepedagogiska n\u00e4tverket f\u00f6r undervisning och l\u00e4rande om examensm\u00e5let m\u00e4ns v\u00e5ld mot kvinnor och v\u00e5ld i n\u00e4ra relation - Barnafrid","robots":{"index":"index","follow":"follow","max-snippet":"max-snippet:-1","max-image-preview":"max-image-preview:large","max-video-preview":"max-video-preview:-1"},"canonical":"https:\/\/barnafrid.se\/kunskapsportal\/barnafrids-natverk\/hogskolepedagogiska-natverket-for-undervisning-och-larande-om-examensmalet-mans-vald-mot-kvinnor-och-vald-i-nara-relation\/","og_locale":"sv_SE","og_type":"article","og_title":"H\u00f6gskolepedagogiska n\u00e4tverket f\u00f6r undervisning och l\u00e4rande om examensm\u00e5let m\u00e4ns v\u00e5ld mot kvinnor och v\u00e5ld i n\u00e4ra relation - Barnafrid","og_description":"P\u00e5 den h\u00e4r sidan hittar du information och material om undervisning och l\u00e4rande kopplat till examensm\u00e5let om m\u00e4ns v\u00e5ld mot kvinnor och v\u00e5ld i n\u00e4ra relationer. Inneh\u00e5llet riktar sig till alla universitet, h\u00f6gskolor och yrkesutbildningar som undervisar om barn, unga och v\u00e5ld. Sidan \u00e4r under kontinuerlig uppbyggnad. Har du synpunkter eller fr\u00e5gor, mejla till barnafrid(at)liu.se","og_url":"https:\/\/barnafrid.se\/kunskapsportal\/barnafrids-natverk\/hogskolepedagogiska-natverket-for-undervisning-och-larande-om-examensmalet-mans-vald-mot-kvinnor-och-vald-i-nara-relation\/","og_site_name":"Barnafrid","article_modified_time":"2026-03-23T06:36:55+00:00","twitter_card":"summary_large_image","twitter_misc":{"Ber\u00e4knad l\u00e4stid":"1 minut"},"schema":{"@context":"https:\/\/schema.org","@graph":[{"@type":"WebPage","@id":"https:\/\/barnafrid.se\/kunskapsportal\/barnafrids-natverk\/hogskolepedagogiska-natverket-for-undervisning-och-larande-om-examensmalet-mans-vald-mot-kvinnor-och-vald-i-nara-relation\/","url":"https:\/\/barnafrid.se\/kunskapsportal\/barnafrids-natverk\/hogskolepedagogiska-natverket-for-undervisning-och-larande-om-examensmalet-mans-vald-mot-kvinnor-och-vald-i-nara-relation\/","name":"H\u00f6gskolepedagogiska n\u00e4tverket f\u00f6r undervisning och l\u00e4rande om examensm\u00e5let m\u00e4ns v\u00e5ld mot kvinnor och v\u00e5ld i n\u00e4ra relation - Barnafrid","isPartOf":{"@id":"https:\/\/barnafrid.se\/kunskapsportal\/#website"},"datePublished":"2025-12-19T11:41:12+00:00","dateModified":"2026-03-23T06:36:55+00:00","breadcrumb":{"@id":"https:\/\/barnafrid.se\/kunskapsportal\/barnafrids-natverk\/hogskolepedagogiska-natverket-for-undervisning-och-larande-om-examensmalet-mans-vald-mot-kvinnor-och-vald-i-nara-relation\/#breadcrumb"},"inLanguage":"sv-SE","potentialAction":[{"@type":"ReadAction","target":["https:\/\/barnafrid.se\/kunskapsportal\/barnafrids-natverk\/hogskolepedagogiska-natverket-for-undervisning-och-larande-om-examensmalet-mans-vald-mot-kvinnor-och-vald-i-nara-relation\/"]}]},{"@type":"BreadcrumbList","@id":"https:\/\/barnafrid.se\/kunskapsportal\/barnafrids-natverk\/hogskolepedagogiska-natverket-for-undervisning-och-larande-om-examensmalet-mans-vald-mot-kvinnor-och-vald-i-nara-relation\/#breadcrumb","itemListElement":[{"@type":"ListItem","position":1,"name":"Home","item":"https:\/\/barnafrid.se\/kunskapsportal\/"},{"@type":"ListItem","position":2,"name":"Barnafrids resurssidor n\u00e4tverk","item":"https:\/\/barnafrid.se\/kunskapsportal\/barnafrids-natverk\/"},{"@type":"ListItem","position":3,"name":"H\u00f6gskolepedagogiska n\u00e4tverket f\u00f6r undervisning och l\u00e4rande om examensm\u00e5let m\u00e4ns v\u00e5ld mot kvinnor och v\u00e5ld i n\u00e4ra relation"}]},{"@type":"WebSite","@id":"https:\/\/barnafrid.se\/kunskapsportal\/#website","url":"https:\/\/barnafrid.se\/kunskapsportal\/","name":"Barnafrid","description":"Kunskapsportal om v\u00e5ld mot barn","potentialAction":[{"@type":"SearchAction","target":{"@type":"EntryPoint","urlTemplate":"https:\/\/barnafrid.se\/kunskapsportal\/?s={search_term_string}"},"query-input":{"@type":"PropertyValueSpecification","valueRequired":true,"valueName":"search_term_string"}}],"inLanguage":"sv-SE"}]}},"_links":{"self":[{"href":"https:\/\/barnafrid.se\/kunskapsportal\/wp-json\/wp\/v2\/pages\/17599","targetHints":{"allow":["GET"]}}],"collection":[{"href":"https:\/\/barnafrid.se\/kunskapsportal\/wp-json\/wp\/v2\/pages"}],"about":[{"href":"https:\/\/barnafrid.se\/kunskapsportal\/wp-json\/wp\/v2\/types\/page"}],"author":[{"embeddable":true,"href":"https:\/\/barnafrid.se\/kunskapsportal\/wp-json\/wp\/v2\/users\/26405"}],"replies":[{"embeddable":true,"href":"https:\/\/barnafrid.se\/kunskapsportal\/wp-json\/wp\/v2\/comments?post=17599"}],"version-history":[{"count":17,"href":"https:\/\/barnafrid.se\/kunskapsportal\/wp-json\/wp\/v2\/pages\/17599\/revisions"}],"predecessor-version":[{"id":17665,"href":"https:\/\/barnafrid.se\/kunskapsportal\/wp-json\/wp\/v2\/pages\/17599\/revisions\/17665"}],"up":[{"embeddable":true,"href":"https:\/\/barnafrid.se\/kunskapsportal\/wp-json\/wp\/v2\/pages\/15734"}],"wp:attachment":[{"href":"https:\/\/barnafrid.se\/kunskapsportal\/wp-json\/wp\/v2\/media?parent=17599"}],"wp:term":[{"taxonomy":"role","embeddable":true,"href":"https:\/\/barnafrid.se\/kunskapsportal\/wp-json\/wp\/v2\/role?post=17599"}],"curies":[{"name":"wp","href":"https:\/\/api.w.org\/{rel}","templated":true}]}}