{"id":17001,"date":"2025-10-27T15:36:26","date_gmt":"2025-10-27T14:36:26","guid":{"rendered":"https:\/\/barnafrid.se\/kunskapsportal\/?page_id=17001"},"modified":"2025-11-13T08:26:56","modified_gmt":"2025-11-13T07:26:56","slug":"barnskyddsteam-i-sverige","status":"publish","type":"page","link":"https:\/\/barnafrid.se\/kunskapsportal\/resurssidor\/for-dig-inom-barnskyddsteam\/barnskyddsteam-i-sverige\/","title":{"rendered":"Barnskyddsteam i Sverige"},"content":{"rendered":"<section class=\"ArticleSection \">\n  \n\n<p>Barnskyddsteam \u00e4r framv\u00e4xande specialistfunktioner inom h\u00e4lso- och sjukv\u00e5rden f\u00f6r barn som misst\u00e4nks vara utsatta f\u00f6r v\u00e5ld, \u00f6vergrepp och omsorgssvikt. I dag finns team med officiella uppdrag i flera regioner, medan andra fortfarande befinner sig i utvecklingsfasen. Genom n\u00e4tverket f\u00f6r barnskyddsteam, som koordineras av Barnafrid, skapas en plattform f\u00f6r l\u00e4rande och erfarenhetsutbyte mellan regioner och professioner. Alla team, oavsett utvecklingsstadium, \u00e4r v\u00e4lkomna att bidra och ta del av kunskap i detta n\u00e4tverk. Visionen \u00e4r att barnskyddsteam ska finnas i samtliga 21 sjukv\u00e5rdsregioner och att arbetet sker j\u00e4mlikt, evidensbaserat och i n\u00e4ra samverkan med andra akt\u00f6rer.&nbsp;<\/p>\n\n<\/section>\n\n\n<section class=\"ArticleSection \">\n      <h2 class=\"ArticleSection-title\" id=\"barnskyddsteam-i-sverige-nulage-och-utveckling\">\n      Barnskyddsteam i Sverige \u2013 nul\u00e4ge och utveckling    <\/h2>\n    \n\n<ul class=\"List\">\n<li class=\"List-item\">Flera regioner (bl.a. Stockholm, Sk\u00e5ne, Uppsala, V\u00e4stra G\u00f6taland, \u00d6sterg\u00f6tland, J\u00f6nk\u00f6ping, S\u00f6rmland, \u00d6stersund) har officiella uppdrag f\u00f6r barnskyddsteam.&nbsp;<\/li>\n\n\n\n<li class=\"List-item\">Andra regioner har arbetsgrupper eller p\u00e5g\u00e5ende utvecklingsarbete.&nbsp;<\/li>\n\n\n\n<li class=\"List-item\">Uppdragen varierar men omfattar ofta konsultationer, utbildning, h\u00e4lsounders\u00f6kningar av placerade barn, samverkan med barnahus, samt medicinska utredningar.&nbsp;<\/li>\n\n\n\n<li class=\"List-item\">Utvecklingen \u00e4r oj\u00e4mn och det finns behov av nationell samordning och gemensamma kvalitetskriterier.&nbsp;<\/li>\n<\/ul>\n\n<\/section>\n\n\n<section class=\"ArticleSection \">\n  \n\n<h2 class=\"wp-block-heading\">BSFI \u2013 Svenska barnl\u00e4karf\u00f6reningens delf\u00f6rening f\u00f6r barn som far illa<strong>&nbsp;<\/strong><\/h2>\n\n\n\n<p>BSFI \u00e4r en delf\u00f6rening inom Svenska barnl\u00e4karf\u00f6reningen (BLF) som samlar barnl\u00e4kare och barnsjuksk\u00f6terskor och adjungerade l\u00e4kare i andra specialitet med intresse f\u00f6r barn som far illa. F\u00f6reningen startade som en arbetsgrupp 2009 och blev en formell delf\u00f6rening 2014. BSFI arbetar med kunskapsspridning, utbildning och utveckling av riktlinjer, och \u00e4r en viktig professionell akt\u00f6r inom omr\u00e5det. Till skillnad fr\u00e5n BSFI \u00e4r n\u00e4tverket f\u00f6r barnskyddsteam bredare och inkluderar yrkesgrupper fr\u00e5n olika delar av h\u00e4lso- och sjukv\u00e5rden.&nbsp;<\/p>\n\n<\/section>\n\n\n<section class=\"ArticleSection \">\n      <h2 class=\"ArticleSection-title\" id=\"internationella-jamforelser\">\n      Internationella j\u00e4mf\u00f6relser    <\/h2>\n    \n\n<p>Barnskyddsmedicin \u00e4r ett etablerat eller framv\u00e4xande omr\u00e5de internationellt. Sverige kan dra l\u00e4rdom av olika modeller:&nbsp;<\/p>\n\n\n\n<ul class=\"List\">\n<li class=\"List-item\"><strong>USA <\/strong>\u2013 Subspecialiteten Child Abuse Pediatrics kr\u00e4ver tre \u00e5rs utbildning efter pediatrisk specialistutbildning. Multidisciplin\u00e4ra team finns vid alla st\u00f6rre barnsjukhus och st\u00f6ds av nationella n\u00e4tverk som CAPNET. Systemet \u00e4r forskningsdrivet och standardiserat, men samtidigt fragmenterat p\u00e5 grund av olika delstatliga lagar.&nbsp;<\/li>\n\n\n\n<li class=\"List-item\"><strong>Storbritannien <\/strong>\u2013 Nationell v\u00e4gledning (Working Together to Safeguard Children) styr samverkan mellan v\u00e5rd, socialtj\u00e4nst och r\u00e4ttsv\u00e4sende. \u201dDesignated\u201d och \u201dNamed\u201d doctors\/nurses har tydliga uppdrag i h\u00e4lso- och sjukv\u00e5rden. RCPCH:s Child Protection Portal tillhandah\u00e5ller \u00f6ppna evidens\u00f6versikter som anv\u00e4nds i hela landet och \u00e4ven internationellt.&nbsp;<\/li>\n\n\n\n<li class=\"List-item\"><strong>Tyskland <\/strong>\u2013 DGKiM samlar barnskyddsteam \u00f6ver hela landet och erbjuder utbildning och certifiering f\u00f6r barnl\u00e4kare. En nationell medicinsk hotline finns tillg\u00e4nglig dygnet runt f\u00f6r att ge v\u00e5rdpersonal anonym r\u00e5dgivning i komplexa fall. Systemet betonar kvalitetss\u00e4kring men pr\u00e4glas av juridiska begr\u00e4nsningar kring sekretess.&nbsp;<\/li>\n\n\n\n<li class=\"List-item\"><strong>Nederl\u00e4nderna <\/strong>\u2013 LECK\/DECCA erbjuder dygnet-runt-konsultation av barnl\u00e4kare, r\u00e4ttsl\u00e4kare och psykologer. Denna modell har bidragit till enhetligare bed\u00f6mningar nationellt och st\u00e4rker b\u00e5de lokala team och r\u00e4ttsv\u00e4sendet. Fokus ligger p\u00e5 multidisciplin\u00e4r samverkan och p\u00e5 att ge st\u00f6d \u00e4ven vid ovanliga eller s\u00e4rskilt sv\u00e5ra fall.&nbsp;<\/li>\n\n\n\n<li class=\"List-item\"><strong>\u00d6sterrike <\/strong>\u2013 Sedan 2004 \u00e4r sjukhus skyldiga att ha multidisciplin\u00e4ra barnskyddsteam. FOKUS-programmet i Wien erbjuder specialiserad klinisk-forensisk expertis och tar emot de mest komplexa \u00e4rendena, inklusive sexuella \u00f6vergrepp. Systemet \u00e4r v\u00e4l f\u00f6rankrat i lagstiftningen och finansieras statligt, vilket har gett h\u00f6g t\u00e4ckningsgrad i hela landet.&nbsp;<\/li>\n\n\n\n<li class=\"List-item\"><strong>Danmark <\/strong>\u2013 Socialpediatrik \u00e4r en etablerad del av barnsjukv\u00e5rden, med specialiserade enheter i \u00c5rhus, Herlev och Odense som fungerar som referens- och kunskapscentra. Dessa verksamheter samarbetar n\u00e4ra med barnpsykiatri, r\u00e4ttsmedicin och socialtj\u00e4nst. Danmark har dessutom utvecklat barnahus-modellen f\u00f6r samordnade utredningar och behandling av barn som utsatts f\u00f6r v\u00e5ld eller sexuella \u00f6vergrepp. Modellen bygger p\u00e5 n\u00e4ra samverkan mellan h\u00e4lso- och sjukv\u00e5rd, socialtj\u00e4nst, polis och r\u00e4ttsv\u00e4sende och utg\u00f6r en integrerad del av det nationella barnskyddsarbetet.&nbsp;<\/li>\n<\/ul>\n\n<\/section>\n\n\n<section class=\"ArticleSection \">\n      <h2 class=\"ArticleSection-title\" id=\"barnskyddsteam-i-sveriges-sjukvardsregioner\">\n      Barnskyddsteam i Sveriges sjukv\u00e5rdsregioner    <\/h2>\n    \n\n<p>Kartan visar vilka h\u00e4lso- och sjukv\u00e5rdsregioner i Sverige som har ett etablerat barnskyddsteam.<\/p>\n\n\n\n<figure class=\"Image size-large is-resized\"><img loading=\"lazy\" decoding=\"async\" width=\"435\" height=\"1024\" src=\"https:\/\/barnafrid.se\/kunskapsportal\/wp-content\/uploads\/2025\/11\/karta-barnskyddsteam-435x1024.png\" alt=\"\" class=\"Image-img wp-image-17292\" style=\"width:358px;height:auto\" srcset=\"https:\/\/barnafrid.se\/kunskapsportal\/wp-content\/uploads\/2025\/11\/karta-barnskyddsteam-435x1024.png 435w, https:\/\/barnafrid.se\/kunskapsportal\/wp-content\/uploads\/2025\/11\/karta-barnskyddsteam-128x300.png 128w, https:\/\/barnafrid.se\/kunskapsportal\/wp-content\/uploads\/2025\/11\/karta-barnskyddsteam-768x1806.png 768w, https:\/\/barnafrid.se\/kunskapsportal\/wp-content\/uploads\/2025\/11\/karta-barnskyddsteam-653x1536.png 653w, https:\/\/barnafrid.se\/kunskapsportal\/wp-content\/uploads\/2025\/11\/karta-barnskyddsteam-871x2048.png 871w, https:\/\/barnafrid.se\/kunskapsportal\/wp-content\/uploads\/2025\/11\/karta-barnskyddsteam.png 1087w\" sizes=\"auto, (max-width: 435px) 100vw, 435px\" \/><\/figure>\n\n\n\n<ul class=\"List\">\n<li class=\"List-item\">Blekinge \u2013 Uppgifter saknas<\/li>\n\n\n\n<li class=\"List-item\">Dalarna \u2013 Inget etablerat barnskyddsteam<\/li>\n\n\n\n<li class=\"List-item\">Gotland \u2013 Uppgifter saknas<\/li>\n\n\n\n<li class=\"List-item\">G\u00e4vleborg \u2013 Uppgifter saknas<\/li>\n\n\n\n<li class=\"List-item\">Halland \u2013 Inget etablerat barnskyddsteam<\/li>\n\n\n\n<li class=\"List-item\"><a href=\"https:\/\/www.regionjh.se\/halsa--vard\/barn--och-ungdomshabiliteringen\">J\u00e4mtland H\u00e4rjedalen<\/a> \u2013 Etablerat barnskyddsteam<\/li>\n\n\n\n<li class=\"List-item\"><a href=\"https:\/\/folkhalsaochsjukvard.rjl.se\/vardstod\/barn-och-unga\/barn-som-riskerar-att-fara-illa\/?accordionAnchor=104368\">J\u00f6nk\u00f6ping<\/a> \u2013 Etablerat barnskyddsteam<\/li>\n\n\n\n<li class=\"List-item\">Kalmar \u2013 Inget etablerat barnskyddsteam<\/li>\n\n\n\n<li class=\"List-item\">Kronoberg \u2013 Uppgifter saknas<\/li>\n\n\n\n<li class=\"List-item\">Norrbotten \u2013 Barnskyddsteam planeras<\/li>\n\n\n\n<li class=\"List-item\"><a href=\"https:\/\/vardgivare.skane.se\/kompetens-utveckling\/sakkunniggrupper\/barnskyddsteam\/\">Sk\u00e5ne<\/a> \u2013 Etablerat barnskyddsteam<\/li>\n\n\n\n<li class=\"List-item\"><a href=\"https:\/\/www.karolinska.se\/vard\/tema\/tema-barn---astrid-lindgrens-barnsjukhus\/barnakutsjukvard\/barnskyddsteamet\/\">Stockholm<\/a> \u2013 Etablerat barnskyddsteam<\/li>\n\n\n\n<li class=\"List-item\"><a href=\"https:\/\/samverkan.regionsormland.se\/for-vardgivare\/vald-i-nara-relationer\/kompetenscentrum-mot-vald-i-nara-relationer\/\">S\u00f6rmland<\/a> \u2013 Etablerat barnskyddsteam<\/li>\n\n\n\n<li class=\"List-item\"><a href=\"https:\/\/www.akademiska.se\/for-vardgivare\/stod-och-omsorg\/barnskyddsteamet\/\">Uppsala<\/a> \u2013  Etablerat barnskyddsteam<\/li>\n\n\n\n<li class=\"List-item\"><a href=\"https:\/\/www.vgregion.se\/halsa-och-vard\/vardgivarwebben\/amnesomraden\/barnskyddsteam\/\">V\u00e4stra G\u00f6taland<\/a> \u2013 Etablerat barnskyddsteam<\/li>\n\n\n\n<li class=\"List-item\">V\u00e4rmland \u2013 Uppgifter saknas<\/li>\n\n\n\n<li class=\"List-item\">V\u00e4sterbotten \u2013 Inget etablerat barnskyddsteam<\/li>\n\n\n\n<li class=\"List-item\">V\u00e4sternorrland \u2013 Uppgifter saknas<\/li>\n\n\n\n<li class=\"List-item\">V\u00e4stmanland \u2013 Inget etablerat barnskyddsteam<\/li>\n\n\n\n<li class=\"List-item\">\u00d6rebro \u2013 Inget etablerat barnskyddsteam<\/li>\n\n\n\n<li class=\"List-item\"><a href=\"https:\/\/vardgivare.regionostergotland.se\/vgw\/utveckling-och-kompetens\/sakkunniggrupper-rad-och-kommitteer\/barnskyddsteam-region-ostergotland\">\u00d6sterg\u00f6tland<\/a> \u2013 Etablerat barnskyddsteam<\/li>\n<\/ul>\n\n\n\n<p><em>Uppdaterad: November 2025<\/em><\/p>\n\n\n\n<p><em>K\u00e4lla: Kartl\u00e4ggningen bygger p\u00e5 underlag fr\u00e5n n\u00e4tverksdagarna f\u00f6r barnskyddsteam i Link\u00f6ping den 5 oktober 2023 (Barnafrid) samt kommer att uppdateras l\u00f6pande, bland annat genom en nationell enk\u00e4t till h\u00e4lso- och sjukv\u00e5rdsregionerna.&nbsp;<\/em><\/p>\n\n<\/section>\n\n\n<aside class='Box Box--story '>\n            <h3 class=\"Box-title\">\n            Praktiska resurser        <\/h3>\n        \n\n<p>Nationella:<\/p>\n\n\n\n<ul class=\"List\">\n<li class=\"List-item\"><a href=\"https:\/\/liu.se\/forskning\/barnafrid\/natverkbarnskyddsteam\">Barnafrids n\u00e4tverk f\u00f6r barnskyddsteam<\/a> (barnafrid.se)<\/li>\n\n\n\n<li class=\"List-item\"><a href=\"https:\/\/bsfi.barnlakarforeningen.se\/\">BSFI \u2013 Svenska barnl\u00e4karf\u00f6reningens delf\u00f6rening f\u00f6r barn som far illa<\/a> (bsfi.barnl\u00e4karf\u00f6reningen.se)<\/li>\n<\/ul>\n\n\n\n<p>Internationella:<\/p>\n\n\n\n<ul class=\"List\">\n<li class=\"List-item\"><a href=\"https:\/\/childprotection.rcpch.ac.uk\/\">Royal College of Paediatrics and Child Health (RCPCH) Child Protection portal<\/a> (childprotection.rcpch.ac.uk)<\/li>\n\n\n\n<li class=\"List-item\"><a href=\"https:\/\/ispcan.org\/\">International Society for the Prevention of Child Abuse and Neglect<\/a> (ispcan.org)<\/li>\n\n\n\n<li class=\"List-item\"><a href=\"https:\/\/dgkim.de\/\">DGKiM \u2013 Deutsche Gesellschaft f\u00fcr Kinderschutz in der Medizin<\/a> (dgkim.de)<\/li>\n\n\n\n<li class=\"List-item\"><a href=\"https:\/\/leck.nu\/\">LECK \u2013 Dutch expertise centre for child abuse<\/a> (leck.nu)<\/li>\n<\/ul>\n\n<\/aside>\n\n\n<aside class='Box Box--fact '>\n            <h3 class=\"Box-title\">\n            Tre niv\u00e5er av barnskyddsteam &#8211; Children&#039;s Hospital Association (USA)        <\/h3>\n        \n\n<p>NACHRI\/Children\u2019s Hospital Association (2012) beskriver en modell med tre niv\u00e5er av Child Protection Teams (CPT), d\u00e4r varje niv\u00e5 har \u00f6kande grad av kapacitet, ansvar och funktionalitet. Modellen illustrerar skillnaden mellan ren konsultfunktion och fullskaliga centra med klinisk, forsknings- och utbildningsverksamhet.&nbsp;<\/p>\n\n\n\n<p><strong>Grundl\u00e4ggande team<\/strong><br>Har en konsultativ funktion inom sjukhuset och begr\u00e4nsade resurser. Teamet st\u00f6djer kliniker i att identifiera misst\u00e4nkt misshandel och s\u00e4kerst\u00e4lla att anm\u00e4lningar g\u00f6rs. Insatserna \u00e4r fr\u00e4mst r\u00e5dgivande och omfattar s\u00e4llan egna utredningar.&nbsp;<\/p>\n\n\n\n<p><strong>Avancerat team<\/strong><br>\u00c4r en v\u00e4l etablerad klinisk funktion med tydlig samverkan. Teamet genomf\u00f6r fullst\u00e4ndiga medicinska unders\u00f6kningar och dokumentation, g\u00f6r psykosociala bed\u00f6mningar, samarbetar aktivt med socialtj\u00e4nst och polis samt ansvarar f\u00f6r utbildning och st\u00f6d till v\u00e5rdpersonal.&nbsp;<\/p>\n\n\n\n<p><strong>Center of Excellence<\/strong><br>\u00c4r ett centrum med helt\u00e4ckande verksamhet och fungerar ofta som en regional eller nationell resurs, vanligen p\u00e5 universitetssjukhus. H\u00e4r erbjuds b\u00e5de akuta och planerade medicinska utredningar, dygnet-runt konsultation, psykosocialt st\u00f6d och uppf\u00f6ljning. Centret bedriver \u00e4ven forskning, metodutveckling och utbildning, och driver fellowship-program som utbildar subspecialister i <em>Child Abuse Pediatrics<\/em> (tre \u00e5rs utbildning efter barn- och ungdomsmedicin). Dessa centra \u00e4r ofta samlokaliserade med sjukhusbaserade Children\u2019s Advocacy Centers (CACs), vilket \u00e4r f\u00f6reg\u00e5ngare till den svenska barnahus-modellen.&nbsp;<\/p>\n\n\n\n<p><strong>K\u00e4lla:<\/strong><\/p>\n\n\n\n<p>Giardino, A. (2025). Organization and Funding of Medically-Oriented Child Abuse and Neglect Teams in the USA: Key Issues to Consider.\u00a0<em>Medical Research Archives, 13<\/em>(3). doi:10.18103\/mra.v13i3.6298. <a href=\"https:\/\/esmed.org\/MRA\/mra\/article\/view\/6298\">https:\/\/esmed.org\/MRA\/mra\/article\/view\/6298<\/a><\/p>\n\n<\/aside>\n","protected":false},"excerpt":{"rendered":"","protected":false},"author":30505,"featured_media":0,"parent":16763,"menu_order":0,"comment_status":"closed","ping_status":"closed","template":"page-centered.php","meta":{"h5ap_radio_sources":[],"footnotes":""},"role":[],"class_list":["post-17001","page","type-page","status-publish","hentry"],"yoast_head":"<!-- This site is optimized with the Yoast SEO plugin v27.3 - https:\/\/yoast.com\/product\/yoast-seo-wordpress\/ -->\n<title>Barnskyddsteam i Sverige - Barnafrid<\/title>\n<meta name=\"robots\" content=\"index, follow, max-snippet:-1, max-image-preview:large, max-video-preview:-1\" \/>\n<link rel=\"canonical\" href=\"https:\/\/barnafrid.se\/kunskapsportal\/resurssidor\/for-dig-inom-barnskyddsteam\/barnskyddsteam-i-sverige\/\" \/>\n<meta property=\"og:locale\" content=\"sv_SE\" \/>\n<meta property=\"og:type\" content=\"article\" \/>\n<meta property=\"og:title\" content=\"Barnskyddsteam i Sverige - Barnafrid\" \/>\n<meta property=\"og:url\" content=\"https:\/\/barnafrid.se\/kunskapsportal\/resurssidor\/for-dig-inom-barnskyddsteam\/barnskyddsteam-i-sverige\/\" \/>\n<meta property=\"og:site_name\" content=\"Barnafrid\" \/>\n<meta property=\"article:modified_time\" content=\"2025-11-13T07:26:56+00:00\" \/>\n<meta property=\"og:image\" content=\"https:\/\/barnafrid.se\/kunskapsportal\/wp-content\/uploads\/2025\/11\/karta-barnskyddsteam.png\" \/>\n\t<meta property=\"og:image:width\" content=\"1087\" \/>\n\t<meta property=\"og:image:height\" content=\"2556\" \/>\n\t<meta property=\"og:image:type\" content=\"image\/png\" \/>\n<meta name=\"twitter:card\" content=\"summary_large_image\" \/>\n<meta name=\"twitter:label1\" content=\"Ber\u00e4knad l\u00e4stid\" \/>\n\t<meta name=\"twitter:data1\" content=\"5 minuter\" \/>\n<script type=\"application\/ld+json\" class=\"yoast-schema-graph\">{\"@context\":\"https:\\\/\\\/schema.org\",\"@graph\":[{\"@type\":\"WebPage\",\"@id\":\"https:\\\/\\\/barnafrid.se\\\/kunskapsportal\\\/resurssidor\\\/for-dig-inom-barnskyddsteam\\\/barnskyddsteam-i-sverige\\\/\",\"url\":\"https:\\\/\\\/barnafrid.se\\\/kunskapsportal\\\/resurssidor\\\/for-dig-inom-barnskyddsteam\\\/barnskyddsteam-i-sverige\\\/\",\"name\":\"Barnskyddsteam i Sverige - Barnafrid\",\"isPartOf\":{\"@id\":\"https:\\\/\\\/barnafrid.se\\\/kunskapsportal\\\/#website\"},\"primaryImageOfPage\":{\"@id\":\"https:\\\/\\\/barnafrid.se\\\/kunskapsportal\\\/resurssidor\\\/for-dig-inom-barnskyddsteam\\\/barnskyddsteam-i-sverige\\\/#primaryimage\"},\"image\":{\"@id\":\"https:\\\/\\\/barnafrid.se\\\/kunskapsportal\\\/resurssidor\\\/for-dig-inom-barnskyddsteam\\\/barnskyddsteam-i-sverige\\\/#primaryimage\"},\"thumbnailUrl\":\"https:\\\/\\\/barnafrid.se\\\/kunskapsportal\\\/wp-content\\\/uploads\\\/2025\\\/11\\\/karta-barnskyddsteam-435x1024.png\",\"datePublished\":\"2025-10-27T14:36:26+00:00\",\"dateModified\":\"2025-11-13T07:26:56+00:00\",\"breadcrumb\":{\"@id\":\"https:\\\/\\\/barnafrid.se\\\/kunskapsportal\\\/resurssidor\\\/for-dig-inom-barnskyddsteam\\\/barnskyddsteam-i-sverige\\\/#breadcrumb\"},\"inLanguage\":\"sv-SE\",\"potentialAction\":[{\"@type\":\"ReadAction\",\"target\":[\"https:\\\/\\\/barnafrid.se\\\/kunskapsportal\\\/resurssidor\\\/for-dig-inom-barnskyddsteam\\\/barnskyddsteam-i-sverige\\\/\"]}]},{\"@type\":\"ImageObject\",\"inLanguage\":\"sv-SE\",\"@id\":\"https:\\\/\\\/barnafrid.se\\\/kunskapsportal\\\/resurssidor\\\/for-dig-inom-barnskyddsteam\\\/barnskyddsteam-i-sverige\\\/#primaryimage\",\"url\":\"https:\\\/\\\/barnafrid.se\\\/kunskapsportal\\\/wp-content\\\/uploads\\\/2025\\\/11\\\/karta-barnskyddsteam.png\",\"contentUrl\":\"https:\\\/\\\/barnafrid.se\\\/kunskapsportal\\\/wp-content\\\/uploads\\\/2025\\\/11\\\/karta-barnskyddsteam.png\",\"width\":1087,\"height\":2556,\"caption\":\"Sverigekarta med markeringar f\u00f6r etablerade barnskyddsteam.\"},{\"@type\":\"BreadcrumbList\",\"@id\":\"https:\\\/\\\/barnafrid.se\\\/kunskapsportal\\\/resurssidor\\\/for-dig-inom-barnskyddsteam\\\/barnskyddsteam-i-sverige\\\/#breadcrumb\",\"itemListElement\":[{\"@type\":\"ListItem\",\"position\":1,\"name\":\"Home\",\"item\":\"https:\\\/\\\/barnafrid.se\\\/kunskapsportal\\\/\"},{\"@type\":\"ListItem\",\"position\":2,\"name\":\"Resurssidor\",\"item\":\"https:\\\/\\\/barnafrid.se\\\/kunskapsportal\\\/resurssidor\\\/\"},{\"@type\":\"ListItem\",\"position\":3,\"name\":\"F\u00f6r dig inom barnskyddsteam\",\"item\":\"https:\\\/\\\/barnafrid.se\\\/kunskapsportal\\\/resurssidor\\\/for-dig-inom-barnskyddsteam\\\/\"},{\"@type\":\"ListItem\",\"position\":4,\"name\":\"Barnskyddsteam i Sverige\"}]},{\"@type\":\"WebSite\",\"@id\":\"https:\\\/\\\/barnafrid.se\\\/kunskapsportal\\\/#website\",\"url\":\"https:\\\/\\\/barnafrid.se\\\/kunskapsportal\\\/\",\"name\":\"Barnafrid\",\"description\":\"Kunskapsportal om v\u00e5ld mot barn\",\"potentialAction\":[{\"@type\":\"SearchAction\",\"target\":{\"@type\":\"EntryPoint\",\"urlTemplate\":\"https:\\\/\\\/barnafrid.se\\\/kunskapsportal\\\/?s={search_term_string}\"},\"query-input\":{\"@type\":\"PropertyValueSpecification\",\"valueRequired\":true,\"valueName\":\"search_term_string\"}}],\"inLanguage\":\"sv-SE\"}]}<\/script>\n<!-- \/ Yoast SEO plugin. -->","yoast_head_json":{"title":"Barnskyddsteam i Sverige - Barnafrid","robots":{"index":"index","follow":"follow","max-snippet":"max-snippet:-1","max-image-preview":"max-image-preview:large","max-video-preview":"max-video-preview:-1"},"canonical":"https:\/\/barnafrid.se\/kunskapsportal\/resurssidor\/for-dig-inom-barnskyddsteam\/barnskyddsteam-i-sverige\/","og_locale":"sv_SE","og_type":"article","og_title":"Barnskyddsteam i Sverige - Barnafrid","og_url":"https:\/\/barnafrid.se\/kunskapsportal\/resurssidor\/for-dig-inom-barnskyddsteam\/barnskyddsteam-i-sverige\/","og_site_name":"Barnafrid","article_modified_time":"2025-11-13T07:26:56+00:00","og_image":[{"width":1087,"height":2556,"url":"https:\/\/barnafrid.se\/kunskapsportal\/wp-content\/uploads\/2025\/11\/karta-barnskyddsteam.png","type":"image\/png"}],"twitter_card":"summary_large_image","twitter_misc":{"Ber\u00e4knad l\u00e4stid":"5 minuter"},"schema":{"@context":"https:\/\/schema.org","@graph":[{"@type":"WebPage","@id":"https:\/\/barnafrid.se\/kunskapsportal\/resurssidor\/for-dig-inom-barnskyddsteam\/barnskyddsteam-i-sverige\/","url":"https:\/\/barnafrid.se\/kunskapsportal\/resurssidor\/for-dig-inom-barnskyddsteam\/barnskyddsteam-i-sverige\/","name":"Barnskyddsteam i Sverige - Barnafrid","isPartOf":{"@id":"https:\/\/barnafrid.se\/kunskapsportal\/#website"},"primaryImageOfPage":{"@id":"https:\/\/barnafrid.se\/kunskapsportal\/resurssidor\/for-dig-inom-barnskyddsteam\/barnskyddsteam-i-sverige\/#primaryimage"},"image":{"@id":"https:\/\/barnafrid.se\/kunskapsportal\/resurssidor\/for-dig-inom-barnskyddsteam\/barnskyddsteam-i-sverige\/#primaryimage"},"thumbnailUrl":"https:\/\/barnafrid.se\/kunskapsportal\/wp-content\/uploads\/2025\/11\/karta-barnskyddsteam-435x1024.png","datePublished":"2025-10-27T14:36:26+00:00","dateModified":"2025-11-13T07:26:56+00:00","breadcrumb":{"@id":"https:\/\/barnafrid.se\/kunskapsportal\/resurssidor\/for-dig-inom-barnskyddsteam\/barnskyddsteam-i-sverige\/#breadcrumb"},"inLanguage":"sv-SE","potentialAction":[{"@type":"ReadAction","target":["https:\/\/barnafrid.se\/kunskapsportal\/resurssidor\/for-dig-inom-barnskyddsteam\/barnskyddsteam-i-sverige\/"]}]},{"@type":"ImageObject","inLanguage":"sv-SE","@id":"https:\/\/barnafrid.se\/kunskapsportal\/resurssidor\/for-dig-inom-barnskyddsteam\/barnskyddsteam-i-sverige\/#primaryimage","url":"https:\/\/barnafrid.se\/kunskapsportal\/wp-content\/uploads\/2025\/11\/karta-barnskyddsteam.png","contentUrl":"https:\/\/barnafrid.se\/kunskapsportal\/wp-content\/uploads\/2025\/11\/karta-barnskyddsteam.png","width":1087,"height":2556,"caption":"Sverigekarta med markeringar f\u00f6r etablerade barnskyddsteam."},{"@type":"BreadcrumbList","@id":"https:\/\/barnafrid.se\/kunskapsportal\/resurssidor\/for-dig-inom-barnskyddsteam\/barnskyddsteam-i-sverige\/#breadcrumb","itemListElement":[{"@type":"ListItem","position":1,"name":"Home","item":"https:\/\/barnafrid.se\/kunskapsportal\/"},{"@type":"ListItem","position":2,"name":"Resurssidor","item":"https:\/\/barnafrid.se\/kunskapsportal\/resurssidor\/"},{"@type":"ListItem","position":3,"name":"F\u00f6r dig inom barnskyddsteam","item":"https:\/\/barnafrid.se\/kunskapsportal\/resurssidor\/for-dig-inom-barnskyddsteam\/"},{"@type":"ListItem","position":4,"name":"Barnskyddsteam i Sverige"}]},{"@type":"WebSite","@id":"https:\/\/barnafrid.se\/kunskapsportal\/#website","url":"https:\/\/barnafrid.se\/kunskapsportal\/","name":"Barnafrid","description":"Kunskapsportal om v\u00e5ld mot barn","potentialAction":[{"@type":"SearchAction","target":{"@type":"EntryPoint","urlTemplate":"https:\/\/barnafrid.se\/kunskapsportal\/?s={search_term_string}"},"query-input":{"@type":"PropertyValueSpecification","valueRequired":true,"valueName":"search_term_string"}}],"inLanguage":"sv-SE"}]}},"_links":{"self":[{"href":"https:\/\/barnafrid.se\/kunskapsportal\/wp-json\/wp\/v2\/pages\/17001","targetHints":{"allow":["GET"]}}],"collection":[{"href":"https:\/\/barnafrid.se\/kunskapsportal\/wp-json\/wp\/v2\/pages"}],"about":[{"href":"https:\/\/barnafrid.se\/kunskapsportal\/wp-json\/wp\/v2\/types\/page"}],"author":[{"embeddable":true,"href":"https:\/\/barnafrid.se\/kunskapsportal\/wp-json\/wp\/v2\/users\/30505"}],"replies":[{"embeddable":true,"href":"https:\/\/barnafrid.se\/kunskapsportal\/wp-json\/wp\/v2\/comments?post=17001"}],"version-history":[{"count":45,"href":"https:\/\/barnafrid.se\/kunskapsportal\/wp-json\/wp\/v2\/pages\/17001\/revisions"}],"predecessor-version":[{"id":17527,"href":"https:\/\/barnafrid.se\/kunskapsportal\/wp-json\/wp\/v2\/pages\/17001\/revisions\/17527"}],"up":[{"embeddable":true,"href":"https:\/\/barnafrid.se\/kunskapsportal\/wp-json\/wp\/v2\/pages\/16763"}],"wp:attachment":[{"href":"https:\/\/barnafrid.se\/kunskapsportal\/wp-json\/wp\/v2\/media?parent=17001"}],"wp:term":[{"taxonomy":"role","embeddable":true,"href":"https:\/\/barnafrid.se\/kunskapsportal\/wp-json\/wp\/v2\/role?post=17001"}],"curies":[{"name":"wp","href":"https:\/\/api.w.org\/{rel}","templated":true}]}}