{"id":16763,"date":"2025-09-30T08:20:48","date_gmt":"2025-09-30T06:20:48","guid":{"rendered":"https:\/\/barnafrid.se\/kunskapsportal\/?page_id=16763"},"modified":"2025-11-12T20:15:40","modified_gmt":"2025-11-12T19:15:40","slug":"for-dig-inom-barnskyddsteam","status":"publish","type":"page","link":"https:\/\/barnafrid.se\/kunskapsportal\/resurssidor\/for-dig-inom-barnskyddsteam\/","title":{"rendered":"F\u00f6r dig inom barnskyddsteam"},"content":{"rendered":"<div class='Lead'>\n    F\u00f6r dig som \u00e4r verksam eller intresserad av \u00e4mnen som r\u00f6r barnskyddsarbete inom h\u00e4lso- och sjukv\u00e5rden.<\/div>\n\n\n\n\n<div class=\"Card-section Card-section--three two-thirds-card-section\">\n\n\n    <a class=\"Card-link-container\" target=\"_blank\" href=\"https:\/\/barnafrid.se\/kunskapsportal\/resurssidor\/for-dig-inom-barnskyddsteam\/om-sexuell-och-reproduktiv-halsa-och-rattigheter-srhr\/\">\n        <div class=\"Card Card--blue Card--internal\">\n            <p class=\"Card-pretitle\"><\/p>\n            <h2 class=\"Card-title\">Inledning till resurssidan f\u00f6r barnskyddsteam<\/h2>\n                        <div class=\"Card-footer\">\n                <span class=\"Card-footer-text\">G\u00e5 till inledningen<\/span>\n                            <\/div>\n        <\/div>\n    <\/a>\n    <a class=\"Card-link-container\" target=\"_blank\" href=\"https:\/\/barnafrid.se\/kunskapsportal\/resurssidor\/for-dig-inom-barnskyddsteam\/barnskyddsteam-i-sverige\/\">\n        <div class=\"Card Card--salmon Card--internal\">\n            <p class=\"Card-pretitle\"><\/p>\n            <h2 class=\"Card-title\">Barnskyddsteam i Sverige<\/h2>\n            <p>L\u00e4gesbeskrivning av p\u00e5g\u00e5ende barnskyddsarbete inom h\u00e4lso- och sjukv\u00e5rden<\/p>            <div class=\"Card-footer\">\n                <span class=\"Card-footer-text\">G\u00e5 till modulen<\/span>\n                <div class=\"Card-image\"><img loading=\"lazy\" decoding=\"async\" width=\"1675\" height=\"1556\" src=\"https:\/\/barnafrid.se\/kunskapsportal\/wp-content\/uploads\/2025\/11\/livboj_rityta.png\" class=\"attachment-full size-full\" alt=\"En r\u00f6d och vit livboj.\" srcset=\"https:\/\/barnafrid.se\/kunskapsportal\/wp-content\/uploads\/2025\/11\/livboj_rityta.png 1675w, https:\/\/barnafrid.se\/kunskapsportal\/wp-content\/uploads\/2025\/11\/livboj_rityta-300x279.png 300w, https:\/\/barnafrid.se\/kunskapsportal\/wp-content\/uploads\/2025\/11\/livboj_rityta-1024x951.png 1024w, https:\/\/barnafrid.se\/kunskapsportal\/wp-content\/uploads\/2025\/11\/livboj_rityta-768x713.png 768w, https:\/\/barnafrid.se\/kunskapsportal\/wp-content\/uploads\/2025\/11\/livboj_rityta-1536x1427.png 1536w\" sizes=\"auto, (max-width: 1675px) 100vw, 1675px\" \/><\/div>            <\/div>\n        <\/div>\n    <\/a>\n    <a class=\"Card-link-container\" target=\"_blank\" href=\"https:\/\/barnafrid.se\/kunskapsportal\/resurssidor\/for-dig-inom-barnskyddsteam\/sexuellt-vald-mot-barn\/\">\n        <div class=\"Card Card--purple Card--internal\">\n            <p class=\"Card-pretitle\"><\/p>\n            <h2 class=\"Card-title\">Sexuellt v\u00e5ld mot barn<\/h2>\n            <p>St\u00f6d till kliniskt arbete vid misst\u00e4nkt sexuellt v\u00e5ld mot barn<\/p>            <div class=\"Card-footer\">\n                <span class=\"Card-footer-text\">G\u00e5 till modulen<\/span>\n                <div class=\"Card-image\"><img loading=\"lazy\" decoding=\"async\" width=\"1656\" height=\"1664\" src=\"https:\/\/barnafrid.se\/kunskapsportal\/wp-content\/uploads\/2025\/11\/ledsen-pojke-halvkropp_rityta.png\" class=\"attachment-full size-full\" alt=\"Ledsen pojke.\" srcset=\"https:\/\/barnafrid.se\/kunskapsportal\/wp-content\/uploads\/2025\/11\/ledsen-pojke-halvkropp_rityta.png 1656w, https:\/\/barnafrid.se\/kunskapsportal\/wp-content\/uploads\/2025\/11\/ledsen-pojke-halvkropp_rityta-300x300.png 300w, https:\/\/barnafrid.se\/kunskapsportal\/wp-content\/uploads\/2025\/11\/ledsen-pojke-halvkropp_rityta-1019x1024.png 1019w, https:\/\/barnafrid.se\/kunskapsportal\/wp-content\/uploads\/2025\/11\/ledsen-pojke-halvkropp_rityta-150x150.png 150w, https:\/\/barnafrid.se\/kunskapsportal\/wp-content\/uploads\/2025\/11\/ledsen-pojke-halvkropp_rityta-768x772.png 768w, https:\/\/barnafrid.se\/kunskapsportal\/wp-content\/uploads\/2025\/11\/ledsen-pojke-halvkropp_rityta-1529x1536.png 1529w\" sizes=\"auto, (max-width: 1656px) 100vw, 1656px\" \/><\/div>            <\/div>\n        <\/div>\n    <\/a>\n    <a class=\"Card-link-container\" target=\"_blank\" href=\"https:\/\/barnafrid.se\/kunskapsportal\/resurssidor\/for-dig-inom-barnskyddsteam\/fysiskt-vald-mot-barn\/\">\n        <div class=\"Card Card--aquamarine Card--internal\">\n            <p class=\"Card-pretitle\"><\/p>\n            <h2 class=\"Card-title\">Fysiskt v\u00e5ld mot barn<\/h2>\n            <p>St\u00f6d till kliniskt arbete vid misst\u00e4nkt fysiskt v\u00e5ld mot barn<\/p>            <div class=\"Card-footer\">\n                <span class=\"Card-footer-text\">G\u00e5 till modulen<\/span>\n                            <\/div>\n        <\/div>\n    <\/a>\n    <a class=\"Card-link-container\" target=\"_blank\" href=\"https:\/\/barnafrid.se\/kunskapsportal\/resurssidor\/for-dig-inom-barnskyddsteam\/omsorgssvikt\/\">\n        <div class=\"Card Card--blue Card--internal\">\n            <p class=\"Card-pretitle\"><\/p>\n            <h2 class=\"Card-title\">Omsorgssvikt<\/h2>\n            <p>St\u00f6d till h\u00e4lso- och sjukv\u00e5rdens arbete med barn d\u00e4r omsorgen brister<\/p>            <div class=\"Card-footer\">\n                <span class=\"Card-footer-text\">G\u00e5 till modulen<\/span>\n                            <\/div>\n        <\/div>\n    <\/a>\n    <a class=\"Card-link-container\" target=\"_blank\" href=\"https:\/\/barnafrid.se\/kunskapsportal\/resurssidor\/for-dig-inom-barnskyddsteam\/barnmisshandel\/\">\n        <div class=\"Card Card--salmon Card--internal\">\n            <p class=\"Card-pretitle\"><\/p>\n            <h2 class=\"Card-title\">Barnmisshandel genom sjukv\u00e5rdsinsatser<\/h2>\n            <p>Barns risk f\u00f6r skada genom icke motiverade medicinska unders\u00f6kningar eller behandlingar<\/p>            <div class=\"Card-footer\">\n                <span class=\"Card-footer-text\">G\u00e5 till modulen<\/span>\n                <div class=\"Card-image\"><img loading=\"lazy\" decoding=\"async\" width=\"2560\" height=\"2030\" src=\"https:\/\/barnafrid.se\/kunskapsportal\/wp-content\/uploads\/2025\/11\/barn-och-stetoskop_rityta-scaled.png\" class=\"attachment-full size-full\" alt=\"Barn blir unders\u00f6kt med stetoskop.\" srcset=\"https:\/\/barnafrid.se\/kunskapsportal\/wp-content\/uploads\/2025\/11\/barn-och-stetoskop_rityta-scaled.png 2560w, https:\/\/barnafrid.se\/kunskapsportal\/wp-content\/uploads\/2025\/11\/barn-och-stetoskop_rityta-300x238.png 300w, https:\/\/barnafrid.se\/kunskapsportal\/wp-content\/uploads\/2025\/11\/barn-och-stetoskop_rityta-1024x812.png 1024w, https:\/\/barnafrid.se\/kunskapsportal\/wp-content\/uploads\/2025\/11\/barn-och-stetoskop_rityta-768x609.png 768w, https:\/\/barnafrid.se\/kunskapsportal\/wp-content\/uploads\/2025\/11\/barn-och-stetoskop_rityta-1536x1218.png 1536w, https:\/\/barnafrid.se\/kunskapsportal\/wp-content\/uploads\/2025\/11\/barn-och-stetoskop_rityta-2048x1624.png 2048w\" sizes=\"auto, (max-width: 2560px) 100vw, 2560px\" \/><\/div>            <\/div>\n        <\/div>\n    <\/a>\n    <a class=\"Card-link-container\" target=\"_blank\" href=\"https:\/\/barnafrid.se\/kunskapsportal\/resurssidor\/for-dig-inom-barnskyddsteam\/halsoundersokning-av-barn-och-unga-som-vardas-utanfor-det-egna-hemmet\/\">\n        <div class=\"Card Card--purple Card--internal\">\n            <p class=\"Card-pretitle\"><\/p>\n            <h2 class=\"Card-title\">H\u00e4lsa bland barn och unga i samh\u00e4llsv\u00e5rd<\/h2>\n            <p>St\u00f6d till h\u00e4lso- och sjukv\u00e5rdens arbete med barn och unga som \u00e4r aktuella f\u00f6r samh\u00e4llsv\u00e5rd<\/p>            <div class=\"Card-footer\">\n                <span class=\"Card-footer-text\">G\u00e5 till modulen<\/span>\n                <div class=\"Card-image\"><img loading=\"lazy\" decoding=\"async\" width=\"2560\" height=\"2023\" src=\"https:\/\/barnafrid.se\/kunskapsportal\/wp-content\/uploads\/2025\/11\/lakare-antecknar2_rityta-1-scaled.png\" class=\"attachment-full size-full\" alt=\"L\u00e4kare i halvkropp antecknar.\" srcset=\"https:\/\/barnafrid.se\/kunskapsportal\/wp-content\/uploads\/2025\/11\/lakare-antecknar2_rityta-1-scaled.png 2560w, https:\/\/barnafrid.se\/kunskapsportal\/wp-content\/uploads\/2025\/11\/lakare-antecknar2_rityta-1-300x237.png 300w, https:\/\/barnafrid.se\/kunskapsportal\/wp-content\/uploads\/2025\/11\/lakare-antecknar2_rityta-1-1024x809.png 1024w, https:\/\/barnafrid.se\/kunskapsportal\/wp-content\/uploads\/2025\/11\/lakare-antecknar2_rityta-1-768x607.png 768w, https:\/\/barnafrid.se\/kunskapsportal\/wp-content\/uploads\/2025\/11\/lakare-antecknar2_rityta-1-1536x1214.png 1536w, https:\/\/barnafrid.se\/kunskapsportal\/wp-content\/uploads\/2025\/11\/lakare-antecknar2_rityta-1-2048x1619.png 2048w\" sizes=\"auto, (max-width: 2560px) 100vw, 2560px\" \/><\/div>            <\/div>\n        <\/div>\n    <\/a>\n    <a class=\"Card-link-container\" target=\"_blank\" href=\"https:\/\/barnafrid.se\/kunskapsportal\/kurs\/kodning-av-barnmisshandel-och-forsummelse-mot-barn\/\">\n        <div class=\"Card Card--aquamarine Card--internal\">\n            <p class=\"Card-pretitle\"><\/p>\n            <h2 class=\"Card-title\">Kurs om kodning av barnmisshandel och f\u00f6rsummelse mot barn<\/h2>\n                        <div class=\"Card-footer\">\n                <span class=\"Card-footer-text\">G\u00e5 till kursen<\/span>\n                            <\/div>\n        <\/div>\n    <\/a>\n<\/div>\n\n\n<section class=\"ArticleSection \">\n      <h2 class=\"ArticleSection-title\" id=\"om-sidan\">\n      Om sidan    <\/h2>\n    \n\n<p>P\u00e5 den h\u00e4r sidan finns information, material och h\u00e4nvisningar till material inom omr\u00e5det barnskyddsarbete inom h\u00e4lso- och sjukv\u00e5rden. Sidan \u00e4r under kontinuerlig uppbyggnad. Har du synpunkter eller fr\u00e5gor, mejla till barnafrid(at)liu.se.<\/p>\n\n<\/section>\n","protected":false},"excerpt":{"rendered":"","protected":false},"author":10518,"featured_media":0,"parent":16677,"menu_order":0,"comment_status":"closed","ping_status":"closed","template":"page-centered.php","meta":{"h5ap_radio_sources":[],"footnotes":""},"role":[],"class_list":["post-16763","page","type-page","status-publish","hentry"],"yoast_head":"<!-- This site is optimized with the Yoast SEO plugin v27.3 - https:\/\/yoast.com\/product\/yoast-seo-wordpress\/ -->\n<title>F\u00f6r dig inom barnskyddsteam - Barnafrid<\/title>\n<meta name=\"robots\" content=\"index, follow, max-snippet:-1, max-image-preview:large, max-video-preview:-1\" \/>\n<link rel=\"canonical\" href=\"https:\/\/barnafrid.se\/kunskapsportal\/resurssidor\/for-dig-inom-barnskyddsteam\/\" \/>\n<meta property=\"og:locale\" content=\"sv_SE\" \/>\n<meta property=\"og:type\" content=\"article\" \/>\n<meta property=\"og:title\" content=\"F\u00f6r dig inom barnskyddsteam - Barnafrid\" \/>\n<meta property=\"og:url\" content=\"https:\/\/barnafrid.se\/kunskapsportal\/resurssidor\/for-dig-inom-barnskyddsteam\/\" \/>\n<meta property=\"og:site_name\" content=\"Barnafrid\" \/>\n<meta property=\"article:modified_time\" content=\"2025-11-12T19:15:40+00:00\" \/>\n<meta name=\"twitter:card\" content=\"summary_large_image\" \/>\n<meta name=\"twitter:label1\" content=\"Ber\u00e4knad l\u00e4stid\" \/>\n\t<meta name=\"twitter:data1\" content=\"1 minut\" \/>\n<script type=\"application\/ld+json\" class=\"yoast-schema-graph\">{\"@context\":\"https:\\\/\\\/schema.org\",\"@graph\":[{\"@type\":\"WebPage\",\"@id\":\"https:\\\/\\\/barnafrid.se\\\/kunskapsportal\\\/resurssidor\\\/for-dig-inom-barnskyddsteam\\\/\",\"url\":\"https:\\\/\\\/barnafrid.se\\\/kunskapsportal\\\/resurssidor\\\/for-dig-inom-barnskyddsteam\\\/\",\"name\":\"F\u00f6r dig inom barnskyddsteam - Barnafrid\",\"isPartOf\":{\"@id\":\"https:\\\/\\\/barnafrid.se\\\/kunskapsportal\\\/#website\"},\"datePublished\":\"2025-09-30T06:20:48+00:00\",\"dateModified\":\"2025-11-12T19:15:40+00:00\",\"breadcrumb\":{\"@id\":\"https:\\\/\\\/barnafrid.se\\\/kunskapsportal\\\/resurssidor\\\/for-dig-inom-barnskyddsteam\\\/#breadcrumb\"},\"inLanguage\":\"sv-SE\",\"potentialAction\":[{\"@type\":\"ReadAction\",\"target\":[\"https:\\\/\\\/barnafrid.se\\\/kunskapsportal\\\/resurssidor\\\/for-dig-inom-barnskyddsteam\\\/\"]}]},{\"@type\":\"BreadcrumbList\",\"@id\":\"https:\\\/\\\/barnafrid.se\\\/kunskapsportal\\\/resurssidor\\\/for-dig-inom-barnskyddsteam\\\/#breadcrumb\",\"itemListElement\":[{\"@type\":\"ListItem\",\"position\":1,\"name\":\"Home\",\"item\":\"https:\\\/\\\/barnafrid.se\\\/kunskapsportal\\\/\"},{\"@type\":\"ListItem\",\"position\":2,\"name\":\"Resurssidor\",\"item\":\"https:\\\/\\\/barnafrid.se\\\/kunskapsportal\\\/resurssidor\\\/\"},{\"@type\":\"ListItem\",\"position\":3,\"name\":\"F\u00f6r dig inom barnskyddsteam\"}]},{\"@type\":\"WebSite\",\"@id\":\"https:\\\/\\\/barnafrid.se\\\/kunskapsportal\\\/#website\",\"url\":\"https:\\\/\\\/barnafrid.se\\\/kunskapsportal\\\/\",\"name\":\"Barnafrid\",\"description\":\"Kunskapsportal om v\u00e5ld mot barn\",\"potentialAction\":[{\"@type\":\"SearchAction\",\"target\":{\"@type\":\"EntryPoint\",\"urlTemplate\":\"https:\\\/\\\/barnafrid.se\\\/kunskapsportal\\\/?s={search_term_string}\"},\"query-input\":{\"@type\":\"PropertyValueSpecification\",\"valueRequired\":true,\"valueName\":\"search_term_string\"}}],\"inLanguage\":\"sv-SE\"}]}<\/script>\n<!-- \/ Yoast SEO plugin. -->","yoast_head_json":{"title":"F\u00f6r dig inom barnskyddsteam - Barnafrid","robots":{"index":"index","follow":"follow","max-snippet":"max-snippet:-1","max-image-preview":"max-image-preview:large","max-video-preview":"max-video-preview:-1"},"canonical":"https:\/\/barnafrid.se\/kunskapsportal\/resurssidor\/for-dig-inom-barnskyddsteam\/","og_locale":"sv_SE","og_type":"article","og_title":"F\u00f6r dig inom barnskyddsteam - Barnafrid","og_url":"https:\/\/barnafrid.se\/kunskapsportal\/resurssidor\/for-dig-inom-barnskyddsteam\/","og_site_name":"Barnafrid","article_modified_time":"2025-11-12T19:15:40+00:00","twitter_card":"summary_large_image","twitter_misc":{"Ber\u00e4knad l\u00e4stid":"1 minut"},"schema":{"@context":"https:\/\/schema.org","@graph":[{"@type":"WebPage","@id":"https:\/\/barnafrid.se\/kunskapsportal\/resurssidor\/for-dig-inom-barnskyddsteam\/","url":"https:\/\/barnafrid.se\/kunskapsportal\/resurssidor\/for-dig-inom-barnskyddsteam\/","name":"F\u00f6r dig inom barnskyddsteam - Barnafrid","isPartOf":{"@id":"https:\/\/barnafrid.se\/kunskapsportal\/#website"},"datePublished":"2025-09-30T06:20:48+00:00","dateModified":"2025-11-12T19:15:40+00:00","breadcrumb":{"@id":"https:\/\/barnafrid.se\/kunskapsportal\/resurssidor\/for-dig-inom-barnskyddsteam\/#breadcrumb"},"inLanguage":"sv-SE","potentialAction":[{"@type":"ReadAction","target":["https:\/\/barnafrid.se\/kunskapsportal\/resurssidor\/for-dig-inom-barnskyddsteam\/"]}]},{"@type":"BreadcrumbList","@id":"https:\/\/barnafrid.se\/kunskapsportal\/resurssidor\/for-dig-inom-barnskyddsteam\/#breadcrumb","itemListElement":[{"@type":"ListItem","position":1,"name":"Home","item":"https:\/\/barnafrid.se\/kunskapsportal\/"},{"@type":"ListItem","position":2,"name":"Resurssidor","item":"https:\/\/barnafrid.se\/kunskapsportal\/resurssidor\/"},{"@type":"ListItem","position":3,"name":"F\u00f6r dig inom barnskyddsteam"}]},{"@type":"WebSite","@id":"https:\/\/barnafrid.se\/kunskapsportal\/#website","url":"https:\/\/barnafrid.se\/kunskapsportal\/","name":"Barnafrid","description":"Kunskapsportal om v\u00e5ld mot barn","potentialAction":[{"@type":"SearchAction","target":{"@type":"EntryPoint","urlTemplate":"https:\/\/barnafrid.se\/kunskapsportal\/?s={search_term_string}"},"query-input":{"@type":"PropertyValueSpecification","valueRequired":true,"valueName":"search_term_string"}}],"inLanguage":"sv-SE"}]}},"_links":{"self":[{"href":"https:\/\/barnafrid.se\/kunskapsportal\/wp-json\/wp\/v2\/pages\/16763","targetHints":{"allow":["GET"]}}],"collection":[{"href":"https:\/\/barnafrid.se\/kunskapsportal\/wp-json\/wp\/v2\/pages"}],"about":[{"href":"https:\/\/barnafrid.se\/kunskapsportal\/wp-json\/wp\/v2\/types\/page"}],"author":[{"embeddable":true,"href":"https:\/\/barnafrid.se\/kunskapsportal\/wp-json\/wp\/v2\/users\/10518"}],"replies":[{"embeddable":true,"href":"https:\/\/barnafrid.se\/kunskapsportal\/wp-json\/wp\/v2\/comments?post=16763"}],"version-history":[{"count":100,"href":"https:\/\/barnafrid.se\/kunskapsportal\/wp-json\/wp\/v2\/pages\/16763\/revisions"}],"predecessor-version":[{"id":17516,"href":"https:\/\/barnafrid.se\/kunskapsportal\/wp-json\/wp\/v2\/pages\/16763\/revisions\/17516"}],"up":[{"embeddable":true,"href":"https:\/\/barnafrid.se\/kunskapsportal\/wp-json\/wp\/v2\/pages\/16677"}],"wp:attachment":[{"href":"https:\/\/barnafrid.se\/kunskapsportal\/wp-json\/wp\/v2\/media?parent=16763"}],"wp:term":[{"taxonomy":"role","embeddable":true,"href":"https:\/\/barnafrid.se\/kunskapsportal\/wp-json\/wp\/v2\/role?post=16763"}],"curies":[{"name":"wp","href":"https:\/\/api.w.org\/{rel}","templated":true}]}}